{"id":4441,"date":"2024-02-02T17:39:37","date_gmt":"2024-02-02T17:39:37","guid":{"rendered":"https:\/\/fullsolutionsequip.com\/?post_type=product&#038;p=4441"},"modified":"2024-02-19T16:12:22","modified_gmt":"2024-02-19T16:12:22","slug":"medidor-de-vazao-ultrassonico-proline-prosonic-flow-91w","status":"publish","type":"product","link":"https:\/\/fullsolutions.info\/en\/product\/medidor-de-vazao-ultrassonico-proline-prosonic-flow-91w\/","title":{"rendered":"Ultrasonic flowmeter Proline Prosonic Flow 91W"},"content":{"rendered":"<p>O sensor clamp-on Prosonic Flow W foi projetado especialmente para aplica\u00e7\u00f5es de \u00e1gua e \u00e1guas residuais. Combinado com o transmissor Prosonic Flow 91 de custo efetivo com bot\u00f5es de press\u00e3o, o Prosonic Flow 91W \u00e9 ideal para monitoramento de fluxo na ind\u00fastria da \u00e1gua.<\/p>\n<p><strong>Benef\u00edcios<\/strong><\/p>\n<p>Baixo investimento de capital &#8211; a economia aumenta com o di\u00e2metro do tubo (at\u00e9 DN 4000)<\/p>\n<p>Sem caminhos adicionais de vazamento &#8211; medi\u00e7\u00e3o externa de fora do tubo<\/p>\n<p>Transpar\u00eancia do processo &#8211; capacidade de diagn\u00f3stico<\/p>\n<p>Transmissor econ\u00f4mico &#8211; projetado para aplica\u00e7\u00f5es simples<\/p>\n<p>Comissionamento r\u00e1pido e confi\u00e1vel &#8211; menu de configura\u00e7\u00e3o r\u00e1pida para instala\u00e7\u00e3o<\/p>\n<p>Recupera\u00e7\u00e3o autom\u00e1tica de dados para manuten\u00e7\u00e3o<\/p>\n<p>&nbsp;<\/p>\n<p><strong>Aplica\u00e7\u00e3o<\/strong><\/p>\n<p>O princ\u00edpio de medi\u00e7\u00e3o \u00e9 independente de press\u00e3o, densidade, temperatura, condutividade e viscosidade.<\/p>\n<p>Medi\u00e7\u00e3o de fluxo clamp-on de \u00e1gua de processo, \u00e1gua salgada, \u00e1gua desmineralizada, \u00e1gua pot\u00e1vel e \u00e1guas residuais.<\/p>\n<p>&nbsp;<\/p>\n<p><strong>Propriedades do dispositivo:<\/strong><\/p>\n<p>Temperatura do meio: \u201320 a +80 \u00b0C (-4 a +176 \u00b0F)<\/p>\n<p>Grau de prote\u00e7\u00e3o IP68 (inv\u00f3lucro tipo 6P) para tubos submersos<\/p>\n<p>Resist\u00eancia a choques e vibra\u00e7\u00f5es conforme IEC 68-2-6<\/p>\n<p>Inv\u00f3lucro do transmissor de campo em alum\u00ednio<\/p>\n<p>Display de 2 linhas com bot\u00f5es de press\u00e3o<\/p>\n<p>HART<\/p>","protected":false},"excerpt":{"rendered":"<p>O sensor clamp-on Prosonic Flow W foi projetado especialmente para aplica\u00e7\u00f5es de \u00e1gua e \u00e1guas residuais. Combinado com o transmissor Prosonic Flow 91 de custo efetivo com bot\u00f5es de press\u00e3o, o Prosonic Flow 91W \u00e9 ideal para monitoramento de fluxo na ind\u00fastria da \u00e1gua. Benef\u00edcios Baixo investimento de capital &#8211; a economia aumenta com o di\u00e2metro do tubo (at\u00e9 DN 4000) Sem caminhos adicionais de vazamento &#8211; medi\u00e7\u00e3o externa de fora do tubo Transpar\u00eancia do processo &#8211; capacidade de diagn\u00f3stico Transmissor econ\u00f4mico &#8211; projetado para aplica\u00e7\u00f5es simples Comissionamento r\u00e1pido e confi\u00e1vel &#8211; menu de configura\u00e7\u00e3o r\u00e1pida para instala\u00e7\u00e3o Recupera\u00e7\u00e3o autom\u00e1tica de dados para manuten\u00e7\u00e3o &nbsp; Aplica\u00e7\u00e3o O princ\u00edpio de medi\u00e7\u00e3o \u00e9 independente de press\u00e3o, densidade, temperatura, condutividade e viscosidade. Medi\u00e7\u00e3o de fluxo clamp-on de \u00e1gua de processo, \u00e1gua salgada, \u00e1gua desmineralizada, \u00e1gua pot\u00e1vel e \u00e1guas residuais. &nbsp; Propriedades do dispositivo: Temperatura do meio: \u201320 a +80 \u00b0C (-4 a +176 \u00b0F) Grau de prote\u00e7\u00e3o IP68 (inv\u00f3lucro tipo 6P) para tubos submersos Resist\u00eancia a choques e vibra\u00e7\u00f5es conforme IEC 68-2-6 Inv\u00f3lucro do transmissor de campo em alum\u00ednio Display de 2 linhas com bot\u00f5es de press\u00e3o HART<\/p>","protected":false},"featured_media":4442,"comment_status":"open","ping_status":"closed","template":"","meta":{"_joinchat":[]},"product_brand":[],"product_cat":[146],"product_tag":[],"marca":[147],"class_list":{"0":"post-4441","1":"product","2":"type-product","3":"status-publish","4":"has-post-thumbnail","6":"product_cat-medidores-de-vazao-e-tubos-de-vazao","7":"marca-endresshauser","9":"first","10":"instock","11":"shipping-taxable","12":"purchasable","13":"product-type-simple"},"yoast_head":"<!-- This site is optimized with the Yoast SEO plugin v27.2 - https:\/\/yoast.com\/product\/yoast-seo-wordpress\/ -->\n<title>Medidor de vaz\u00e3o ultrass\u00f4nico Proline Prosonic Flow 91W - Full Solutions<\/title>\n<meta name=\"robots\" content=\"index, follow, max-snippet:-1, max-image-preview:large, max-video-preview:-1\" \/>\n<link rel=\"canonical\" href=\"https:\/\/fullsolutions.info\/en\/product\/medidor-de-vazao-ultrassonico-proline-prosonic-flow-91w\/\" \/>\n<meta property=\"og:locale\" content=\"en_US\" \/>\n<meta property=\"og:type\" content=\"article\" \/>\n<meta property=\"og:title\" content=\"Medidor de vaz\u00e3o ultrass\u00f4nico Proline Prosonic Flow 91W - Full Solutions\" \/>\n<meta property=\"og:description\" content=\"O sensor clamp-on Prosonic Flow W foi projetado especialmente para aplica\u00e7\u00f5es de \u00e1gua e \u00e1guas residuais. Combinado com o transmissor Prosonic Flow 91 de custo efetivo com bot\u00f5es de press\u00e3o, o Prosonic Flow 91W \u00e9 ideal para monitoramento de fluxo na ind\u00fastria da \u00e1gua. Benef\u00edcios Baixo investimento de capital &#8211; a economia aumenta com o di\u00e2metro do tubo (at\u00e9 DN 4000) Sem caminhos adicionais de vazamento &#8211; medi\u00e7\u00e3o externa de fora do tubo Transpar\u00eancia do processo &#8211; capacidade de diagn\u00f3stico Transmissor econ\u00f4mico &#8211; projetado para aplica\u00e7\u00f5es simples Comissionamento r\u00e1pido e confi\u00e1vel &#8211; menu de configura\u00e7\u00e3o r\u00e1pida para instala\u00e7\u00e3o Recupera\u00e7\u00e3o autom\u00e1tica de dados para manuten\u00e7\u00e3o &nbsp; Aplica\u00e7\u00e3o O princ\u00edpio de medi\u00e7\u00e3o \u00e9 independente de press\u00e3o, densidade, temperatura, condutividade e viscosidade. Medi\u00e7\u00e3o de fluxo clamp-on de \u00e1gua de processo, \u00e1gua salgada, \u00e1gua desmineralizada, \u00e1gua pot\u00e1vel e \u00e1guas residuais. &nbsp; Propriedades do dispositivo: Temperatura do meio: \u201320 a +80 \u00b0C (-4 a +176 \u00b0F) Grau de prote\u00e7\u00e3o IP68 (inv\u00f3lucro tipo 6P) para tubos submersos Resist\u00eancia a choques e vibra\u00e7\u00f5es conforme IEC 68-2-6 Inv\u00f3lucro do transmissor de campo em alum\u00ednio Display de 2 linhas com bot\u00f5es de press\u00e3o HART\" \/>\n<meta property=\"og:url\" content=\"https:\/\/fullsolutions.info\/en\/product\/medidor-de-vazao-ultrassonico-proline-prosonic-flow-91w\/\" \/>\n<meta property=\"og:site_name\" content=\"Full Solutions\" \/>\n<meta property=\"article:modified_time\" content=\"2024-02-19T16:12:22+00:00\" \/>\n<meta property=\"og:image\" content=\"https:\/\/mlhff0prgoxu.i.optimole.com\/cb:s0sM.767\/w:auto\/h:auto\/q:mauto\/f:best\/https:\/\/fullsolutions.info\/wp-content\/uploads\/2024\/02\/Prosonic_Flow_91W_Displ_PG_Schiene___PP_01-1.jpg\" \/>\n\t<meta property=\"og:image:width\" content=\"636\" \/>\n\t<meta property=\"og:image:height\" content=\"358\" \/>\n\t<meta property=\"og:image:type\" content=\"image\/jpeg\" \/>\n<meta name=\"twitter:card\" content=\"summary_large_image\" \/>\n<meta name=\"twitter:label1\" content=\"Est. reading time\" \/>\n\t<meta name=\"twitter:data1\" content=\"1 minute\" \/>\n<script type=\"application\/ld+json\" class=\"yoast-schema-graph\">{\"@context\":\"https:\/\/schema.org\",\"@graph\":[{\"@type\":\"WebPage\",\"@id\":\"https:\/\/fullsolutions.info\/produto\/medidor-de-vazao-ultrassonico-proline-prosonic-flow-91w\/\",\"url\":\"https:\/\/fullsolutions.info\/produto\/medidor-de-vazao-ultrassonico-proline-prosonic-flow-91w\/\",\"name\":\"Medidor de vaz\u00e3o ultrass\u00f4nico Proline Prosonic Flow 91W - Full Solutions\",\"isPartOf\":{\"@id\":\"https:\/\/fullsolutions.info\/#website\"},\"primaryImageOfPage\":{\"@id\":\"https:\/\/fullsolutions.info\/produto\/medidor-de-vazao-ultrassonico-proline-prosonic-flow-91w\/#primaryimage\"},\"image\":{\"@id\":\"https:\/\/fullsolutions.info\/produto\/medidor-de-vazao-ultrassonico-proline-prosonic-flow-91w\/#primaryimage\"},\"thumbnailUrl\":\"https:\/\/mlhff0prgoxu.i.optimole.com\/cb:s0sM.767\/w:auto\/h:auto\/q:mauto\/f:best\/https:\/\/fullsolutions.info\/wp-content\/uploads\/2024\/02\/Prosonic_Flow_91W_Displ_PG_Schiene___PP_01-1.jpg\",\"datePublished\":\"2024-02-02T17:39:37+00:00\",\"dateModified\":\"2024-02-19T16:12:22+00:00\",\"breadcrumb\":{\"@id\":\"https:\/\/fullsolutions.info\/produto\/medidor-de-vazao-ultrassonico-proline-prosonic-flow-91w\/#breadcrumb\"},\"inLanguage\":\"en-US\",\"potentialAction\":[{\"@type\":\"ReadAction\",\"target\":[\"https:\/\/fullsolutions.info\/produto\/medidor-de-vazao-ultrassonico-proline-prosonic-flow-91w\/\"]}]},{\"@type\":\"ImageObject\",\"inLanguage\":\"en-US\",\"@id\":\"https:\/\/fullsolutions.info\/produto\/medidor-de-vazao-ultrassonico-proline-prosonic-flow-91w\/#primaryimage\",\"url\":\"https:\/\/mlhff0prgoxu.i.optimole.com\/cb:s0sM.767\/w:auto\/h:auto\/q:mauto\/f:best\/https:\/\/fullsolutions.info\/wp-content\/uploads\/2024\/02\/Prosonic_Flow_91W_Displ_PG_Schiene___PP_01-1.jpg\",\"contentUrl\":\"https:\/\/mlhff0prgoxu.i.optimole.com\/cb:s0sM.767\/w:auto\/h:auto\/q:mauto\/f:best\/https:\/\/fullsolutions.info\/wp-content\/uploads\/2024\/02\/Prosonic_Flow_91W_Displ_PG_Schiene___PP_01-1.jpg\",\"width\":636,\"height\":358,\"caption\":\"F8\"},{\"@type\":\"BreadcrumbList\",\"@id\":\"https:\/\/fullsolutions.info\/produto\/medidor-de-vazao-ultrassonico-proline-prosonic-flow-91w\/#breadcrumb\",\"itemListElement\":[{\"@type\":\"ListItem\",\"position\":1,\"name\":\"In\u00edcio\",\"item\":\"https:\/\/fullsolutions.info\/\"},{\"@type\":\"ListItem\",\"position\":2,\"name\":\"Produtos\",\"item\":\"https:\/\/fullsolutions.info\/shop\/\"},{\"@type\":\"ListItem\",\"position\":3,\"name\":\"Medidor de vaz\u00e3o ultrass\u00f4nico Proline Prosonic Flow 91W\"}]},{\"@type\":\"WebSite\",\"@id\":\"https:\/\/fullsolutions.info\/#website\",\"url\":\"https:\/\/fullsolutions.info\/\",\"name\":\"Full Solutions\",\"description\":\"Empresa na \u00c1rea de Procurement\",\"publisher\":{\"@id\":\"https:\/\/fullsolutions.info\/#organization\"},\"potentialAction\":[{\"@type\":\"SearchAction\",\"target\":{\"@type\":\"EntryPoint\",\"urlTemplate\":\"https:\/\/fullsolutions.info\/?s={search_term_string}\"},\"query-input\":{\"@type\":\"PropertyValueSpecification\",\"valueRequired\":true,\"valueName\":\"search_term_string\"}}],\"inLanguage\":\"en-US\"},{\"@type\":\"Organization\",\"@id\":\"https:\/\/fullsolutions.info\/#organization\",\"name\":\"Full Solutions\",\"url\":\"https:\/\/fullsolutions.info\/\",\"logo\":{\"@type\":\"ImageObject\",\"inLanguage\":\"en-US\",\"@id\":\"https:\/\/fullsolutions.info\/#\/schema\/logo\/image\/\",\"url\":\"https:\/\/mlhff0prgoxu.i.optimole.com\/cb:s0sM.767\/w:auto\/h:auto\/q:mauto\/f:best\/https:\/\/fullsolutions.info\/wp-content\/uploads\/2021\/07\/cropped-Design-sem-nome-300x193-1-e1627062664782.png\",\"contentUrl\":\"https:\/\/mlhff0prgoxu.i.optimole.com\/cb:s0sM.767\/w:auto\/h:auto\/q:mauto\/f:best\/https:\/\/fullsolutions.info\/wp-content\/uploads\/2021\/07\/cropped-Design-sem-nome-300x193-1-e1627062664782.png\",\"width\":202,\"height\":155,\"caption\":\"Full Solutions\"},\"image\":{\"@id\":\"https:\/\/fullsolutions.info\/#\/schema\/logo\/image\/\"},\"sameAs\":[\"https:\/\/www.linkedin.com\/company\/full-solutions-equipment\"]}]}<\/script>\n<!-- \/ Yoast SEO plugin. -->","yoast_head_json":{"title":"Medidor de vaz\u00e3o ultrass\u00f4nico Proline Prosonic Flow 91W - Full Solutions","robots":{"index":"index","follow":"follow","max-snippet":"max-snippet:-1","max-image-preview":"max-image-preview:large","max-video-preview":"max-video-preview:-1"},"canonical":"https:\/\/fullsolutions.info\/en\/product\/medidor-de-vazao-ultrassonico-proline-prosonic-flow-91w\/","og_locale":"en_US","og_type":"article","og_title":"Medidor de vaz\u00e3o ultrass\u00f4nico Proline Prosonic Flow 91W - Full Solutions","og_description":"O sensor clamp-on Prosonic Flow W foi projetado especialmente para aplica\u00e7\u00f5es de \u00e1gua e \u00e1guas residuais. Combinado com o transmissor Prosonic Flow 91 de custo efetivo com bot\u00f5es de press\u00e3o, o Prosonic Flow 91W \u00e9 ideal para monitoramento de fluxo na ind\u00fastria da \u00e1gua. Benef\u00edcios Baixo investimento de capital &#8211; a economia aumenta com o di\u00e2metro do tubo (at\u00e9 DN 4000) Sem caminhos adicionais de vazamento &#8211; medi\u00e7\u00e3o externa de fora do tubo Transpar\u00eancia do processo &#8211; capacidade de diagn\u00f3stico Transmissor econ\u00f4mico &#8211; projetado para aplica\u00e7\u00f5es simples Comissionamento r\u00e1pido e confi\u00e1vel &#8211; menu de configura\u00e7\u00e3o r\u00e1pida para instala\u00e7\u00e3o Recupera\u00e7\u00e3o autom\u00e1tica de dados para manuten\u00e7\u00e3o &nbsp; Aplica\u00e7\u00e3o O princ\u00edpio de medi\u00e7\u00e3o \u00e9 independente de press\u00e3o, densidade, temperatura, condutividade e viscosidade. Medi\u00e7\u00e3o de fluxo clamp-on de \u00e1gua de processo, \u00e1gua salgada, \u00e1gua desmineralizada, \u00e1gua pot\u00e1vel e \u00e1guas residuais. &nbsp; Propriedades do dispositivo: Temperatura do meio: \u201320 a +80 \u00b0C (-4 a +176 \u00b0F) Grau de prote\u00e7\u00e3o IP68 (inv\u00f3lucro tipo 6P) para tubos submersos Resist\u00eancia a choques e vibra\u00e7\u00f5es conforme IEC 68-2-6 Inv\u00f3lucro do transmissor de campo em alum\u00ednio Display de 2 linhas com bot\u00f5es de press\u00e3o HART","og_url":"https:\/\/fullsolutions.info\/en\/product\/medidor-de-vazao-ultrassonico-proline-prosonic-flow-91w\/","og_site_name":"Full Solutions","article_modified_time":"2024-02-19T16:12:22+00:00","og_image":[{"width":636,"height":358,"url":"https:\/\/mlhff0prgoxu.i.optimole.com\/cb:s0sM.767\/w:auto\/h:auto\/q:mauto\/f:best\/https:\/\/fullsolutions.info\/wp-content\/uploads\/2024\/02\/Prosonic_Flow_91W_Displ_PG_Schiene___PP_01-1.jpg","type":"image\/jpeg"}],"twitter_card":"summary_large_image","twitter_misc":{"Est. reading time":"1 minute"},"schema":{"@context":"https:\/\/schema.org","@graph":[{"@type":"WebPage","@id":"https:\/\/fullsolutions.info\/produto\/medidor-de-vazao-ultrassonico-proline-prosonic-flow-91w\/","url":"https:\/\/fullsolutions.info\/produto\/medidor-de-vazao-ultrassonico-proline-prosonic-flow-91w\/","name":"Medidor de vaz\u00e3o ultrass\u00f4nico Proline Prosonic Flow 91W - Full Solutions","isPartOf":{"@id":"https:\/\/fullsolutions.info\/#website"},"primaryImageOfPage":{"@id":"https:\/\/fullsolutions.info\/produto\/medidor-de-vazao-ultrassonico-proline-prosonic-flow-91w\/#primaryimage"},"image":{"@id":"https:\/\/fullsolutions.info\/produto\/medidor-de-vazao-ultrassonico-proline-prosonic-flow-91w\/#primaryimage"},"thumbnailUrl":"https:\/\/mlhff0prgoxu.i.optimole.com\/cb:s0sM.767\/w:auto\/h:auto\/q:mauto\/f:best\/https:\/\/fullsolutions.info\/wp-content\/uploads\/2024\/02\/Prosonic_Flow_91W_Displ_PG_Schiene___PP_01-1.jpg","datePublished":"2024-02-02T17:39:37+00:00","dateModified":"2024-02-19T16:12:22+00:00","breadcrumb":{"@id":"https:\/\/fullsolutions.info\/produto\/medidor-de-vazao-ultrassonico-proline-prosonic-flow-91w\/#breadcrumb"},"inLanguage":"en-US","potentialAction":[{"@type":"ReadAction","target":["https:\/\/fullsolutions.info\/produto\/medidor-de-vazao-ultrassonico-proline-prosonic-flow-91w\/"]}]},{"@type":"ImageObject","inLanguage":"en-US","@id":"https:\/\/fullsolutions.info\/produto\/medidor-de-vazao-ultrassonico-proline-prosonic-flow-91w\/#primaryimage","url":"https:\/\/mlhff0prgoxu.i.optimole.com\/cb:s0sM.767\/w:auto\/h:auto\/q:mauto\/f:best\/https:\/\/fullsolutions.info\/wp-content\/uploads\/2024\/02\/Prosonic_Flow_91W_Displ_PG_Schiene___PP_01-1.jpg","contentUrl":"https:\/\/mlhff0prgoxu.i.optimole.com\/cb:s0sM.767\/w:auto\/h:auto\/q:mauto\/f:best\/https:\/\/fullsolutions.info\/wp-content\/uploads\/2024\/02\/Prosonic_Flow_91W_Displ_PG_Schiene___PP_01-1.jpg","width":636,"height":358,"caption":"F8"},{"@type":"BreadcrumbList","@id":"https:\/\/fullsolutions.info\/produto\/medidor-de-vazao-ultrassonico-proline-prosonic-flow-91w\/#breadcrumb","itemListElement":[{"@type":"ListItem","position":1,"name":"In\u00edcio","item":"https:\/\/fullsolutions.info\/"},{"@type":"ListItem","position":2,"name":"Produtos","item":"https:\/\/fullsolutions.info\/shop\/"},{"@type":"ListItem","position":3,"name":"Medidor de vaz\u00e3o ultrass\u00f4nico Proline Prosonic Flow 91W"}]},{"@type":"WebSite","@id":"https:\/\/fullsolutions.info\/#website","url":"https:\/\/fullsolutions.info\/","name":"Full Solutions","description":"Empresa na \u00c1rea de Procurement","publisher":{"@id":"https:\/\/fullsolutions.info\/#organization"},"potentialAction":[{"@type":"SearchAction","target":{"@type":"EntryPoint","urlTemplate":"https:\/\/fullsolutions.info\/?s={search_term_string}"},"query-input":{"@type":"PropertyValueSpecification","valueRequired":true,"valueName":"search_term_string"}}],"inLanguage":"en-US"},{"@type":"Organization","@id":"https:\/\/fullsolutions.info\/#organization","name":"Full Solutions","url":"https:\/\/fullsolutions.info\/","logo":{"@type":"ImageObject","inLanguage":"en-US","@id":"https:\/\/fullsolutions.info\/#\/schema\/logo\/image\/","url":"https:\/\/mlhff0prgoxu.i.optimole.com\/cb:s0sM.767\/w:auto\/h:auto\/q:mauto\/f:best\/https:\/\/fullsolutions.info\/wp-content\/uploads\/2021\/07\/cropped-Design-sem-nome-300x193-1-e1627062664782.png","contentUrl":"https:\/\/mlhff0prgoxu.i.optimole.com\/cb:s0sM.767\/w:auto\/h:auto\/q:mauto\/f:best\/https:\/\/fullsolutions.info\/wp-content\/uploads\/2021\/07\/cropped-Design-sem-nome-300x193-1-e1627062664782.png","width":202,"height":155,"caption":"Full Solutions"},"image":{"@id":"https:\/\/fullsolutions.info\/#\/schema\/logo\/image\/"},"sameAs":["https:\/\/www.linkedin.com\/company\/full-solutions-equipment"]}]}},"_links":{"self":[{"href":"https:\/\/fullsolutions.info\/en\/wp-json\/wp\/v2\/product\/4441","targetHints":{"allow":["GET"]}}],"collection":[{"href":"https:\/\/fullsolutions.info\/en\/wp-json\/wp\/v2\/product"}],"about":[{"href":"https:\/\/fullsolutions.info\/en\/wp-json\/wp\/v2\/types\/product"}],"replies":[{"embeddable":true,"href":"https:\/\/fullsolutions.info\/en\/wp-json\/wp\/v2\/comments?post=4441"}],"wp:featuredmedia":[{"embeddable":true,"href":"https:\/\/fullsolutions.info\/en\/wp-json\/wp\/v2\/media\/4442"}],"wp:attachment":[{"href":"https:\/\/fullsolutions.info\/en\/wp-json\/wp\/v2\/media?parent=4441"}],"wp:term":[{"taxonomy":"product_brand","embeddable":true,"href":"https:\/\/fullsolutions.info\/en\/wp-json\/wp\/v2\/product_brand?post=4441"},{"taxonomy":"product_cat","embeddable":true,"href":"https:\/\/fullsolutions.info\/en\/wp-json\/wp\/v2\/product_cat?post=4441"},{"taxonomy":"product_tag","embeddable":true,"href":"https:\/\/fullsolutions.info\/en\/wp-json\/wp\/v2\/product_tag?post=4441"},{"taxonomy":"marca","embeddable":true,"href":"https:\/\/fullsolutions.info\/en\/wp-json\/wp\/v2\/marca?post=4441"}],"curies":[{"name":"wp","href":"https:\/\/api.w.org\/{rel}","templated":true}]}}