{"id":4433,"date":"2024-02-02T17:37:23","date_gmt":"2024-02-02T17:37:23","guid":{"rendered":"https:\/\/fullsolutionsequip.com\/?post_type=product&#038;p=4433"},"modified":"2024-02-19T16:12:22","modified_gmt":"2024-02-19T16:12:22","slug":"medidor-de-vazao-ultrassonico-proline-prosonic-flow-93p","status":"publish","type":"product","link":"https:\/\/fullsolutions.info\/en\/product\/medidor-de-vazao-ultrassonico-proline-prosonic-flow-93p\/","title":{"rendered":"Ultrasonic flowmeter Proline Prosonic Flow 93P"},"content":{"rendered":"<p>O sensor clamp-on Prosonic Flow P foi especialmente projetado para a ind\u00fastria de processos. Combinado com o transmissor Prosonic Flow 93 com controle por toque, display de quatro linhas e funcionalidade estendida, o Prosonic Flow 93P oferece alta precis\u00e3o em aplica\u00e7\u00f5es padr\u00e3o.<\/p>\n<p><strong>Benef\u00edcios<\/strong><\/p>\n<p>&nbsp;<\/p>\n<p>Varredura autom\u00e1tica de frequ\u00eancia para m\u00e1ximo desempenho de medi\u00e7\u00e3o<\/p>\n<p>Maior seguran\u00e7a para a ind\u00fastria qu\u00edmica e petroqu\u00edmica &#8211; aprova\u00e7\u00f5es internacionais para \u00e1reas perigosas<\/p>\n<p>Sem caminhos adicionais de vazamento &#8211; medi\u00e7\u00e3o externa de fora do tubo<\/p>\n<p>Transpar\u00eancia do processo &#8211; capacidade de diagn\u00f3stico<\/p>\n<p>Maior desempenho &#8211; funcionalidade e diagn\u00f3stico estendidos<\/p>\n<p>Op\u00e7\u00f5es flex\u00edveis de transfer\u00eancia de dados &#8211; v\u00e1rios tipos de comunica\u00e7\u00e3o<\/p>\n<p>Recupera\u00e7\u00e3o autom\u00e1tica de dados para manuten\u00e7\u00e3o<\/p>\n<p>&nbsp;<\/p>\n<p><strong>Aplica\u00e7\u00e3o<\/strong><\/p>\n<p>&nbsp;<\/p>\n<p>O princ\u00edpio de medi\u00e7\u00e3o \u00e9 independente de press\u00e3o, densidade, temperatura, condutividade e viscosidade.<\/p>\n<p>Dispositivo clamp-on ideal para aplica\u00e7\u00f5es com produtos qu\u00edmicos, solventes, hidrocarbonetos l\u00edquidos, \u00e1cidos e \u00e1lcalis.<\/p>\n<p><strong>Propriedades do dispositivo:<\/strong><\/p>\n<p>Temperatura do meio: \u201340 a 170 \u00b0C (\u201340 a 338 \u00b0F)<\/p>\n<p>Ampla faixa de di\u00e2metro nominal: DN 15 a 4000 (1\/2 a 160&#8243;)<\/p>\n<p>A instala\u00e7\u00e3o do medidor n\u00e3o afeta a tubula\u00e7\u00e3o de processo<\/p>\n<p>Inv\u00f3lucro do transmissor em alum\u00ednio<\/p>\n<p>Display retroiluminado de 4 linhas com controle por toque<\/p>\n<p>HART, PROFIBUS PA\/DP, FOUNDATION Fieldbus<\/p>","protected":false},"excerpt":{"rendered":"<p>O sensor clamp-on Prosonic Flow P foi especialmente projetado para a ind\u00fastria de processos. Combinado com o transmissor Prosonic Flow 93 com controle por toque, display de quatro linhas e funcionalidade estendida, o Prosonic Flow 93P oferece alta precis\u00e3o em aplica\u00e7\u00f5es padr\u00e3o. Benef\u00edcios &nbsp; Varredura autom\u00e1tica de frequ\u00eancia para m\u00e1ximo desempenho de medi\u00e7\u00e3o Maior seguran\u00e7a para a ind\u00fastria qu\u00edmica e petroqu\u00edmica &#8211; aprova\u00e7\u00f5es internacionais para \u00e1reas perigosas Sem caminhos adicionais de vazamento &#8211; medi\u00e7\u00e3o externa de fora do tubo Transpar\u00eancia do processo &#8211; capacidade de diagn\u00f3stico Maior desempenho &#8211; funcionalidade e diagn\u00f3stico estendidos Op\u00e7\u00f5es flex\u00edveis de transfer\u00eancia de dados &#8211; v\u00e1rios tipos de comunica\u00e7\u00e3o Recupera\u00e7\u00e3o autom\u00e1tica de dados para manuten\u00e7\u00e3o &nbsp; Aplica\u00e7\u00e3o &nbsp; O princ\u00edpio de medi\u00e7\u00e3o \u00e9 independente de press\u00e3o, densidade, temperatura, condutividade e viscosidade. Dispositivo clamp-on ideal para aplica\u00e7\u00f5es com produtos qu\u00edmicos, solventes, hidrocarbonetos l\u00edquidos, \u00e1cidos e \u00e1lcalis. Propriedades do dispositivo: Temperatura do meio: \u201340 a 170 \u00b0C (\u201340 a 338 \u00b0F) Ampla faixa de di\u00e2metro nominal: DN 15 a 4000 (1\/2 a 160&#8243;) A instala\u00e7\u00e3o do medidor n\u00e3o afeta a tubula\u00e7\u00e3o de processo Inv\u00f3lucro do transmissor em alum\u00ednio Display retroiluminado de 4 linhas com controle por toque HART, PROFIBUS PA\/DP, FOUNDATION Fieldbus<\/p>","protected":false},"featured_media":4436,"comment_status":"open","ping_status":"closed","template":"","meta":{"_joinchat":[]},"product_brand":[],"product_cat":[146],"product_tag":[],"marca":[147],"class_list":{"0":"post-4433","1":"product","2":"type-product","3":"status-publish","4":"has-post-thumbnail","6":"product_cat-medidores-de-vazao-e-tubos-de-vazao","7":"marca-endresshauser","9":"first","10":"instock","11":"shipping-taxable","12":"purchasable","13":"product-type-simple"},"yoast_head":"<!-- This site is optimized with the Yoast SEO plugin v27.2 - https:\/\/yoast.com\/product\/yoast-seo-wordpress\/ -->\n<title>Medidor de vaz\u00e3o ultrass\u00f4nico Proline Prosonic Flow 93P - Full Solutions<\/title>\n<meta name=\"robots\" content=\"index, follow, max-snippet:-1, max-image-preview:large, max-video-preview:-1\" \/>\n<link rel=\"canonical\" href=\"https:\/\/fullsolutions.info\/en\/product\/medidor-de-vazao-ultrassonico-proline-prosonic-flow-93p\/\" \/>\n<meta property=\"og:locale\" content=\"en_US\" \/>\n<meta property=\"og:type\" content=\"article\" \/>\n<meta property=\"og:title\" content=\"Medidor de vaz\u00e3o ultrass\u00f4nico Proline Prosonic Flow 93P - Full Solutions\" \/>\n<meta property=\"og:description\" content=\"O sensor clamp-on Prosonic Flow P foi especialmente projetado para a ind\u00fastria de processos. Combinado com o transmissor Prosonic Flow 93 com controle por toque, display de quatro linhas e funcionalidade estendida, o Prosonic Flow 93P oferece alta precis\u00e3o em aplica\u00e7\u00f5es padr\u00e3o. Benef\u00edcios &nbsp; Varredura autom\u00e1tica de frequ\u00eancia para m\u00e1ximo desempenho de medi\u00e7\u00e3o Maior seguran\u00e7a para a ind\u00fastria qu\u00edmica e petroqu\u00edmica &#8211; aprova\u00e7\u00f5es internacionais para \u00e1reas perigosas Sem caminhos adicionais de vazamento &#8211; medi\u00e7\u00e3o externa de fora do tubo Transpar\u00eancia do processo &#8211; capacidade de diagn\u00f3stico Maior desempenho &#8211; funcionalidade e diagn\u00f3stico estendidos Op\u00e7\u00f5es flex\u00edveis de transfer\u00eancia de dados &#8211; v\u00e1rios tipos de comunica\u00e7\u00e3o Recupera\u00e7\u00e3o autom\u00e1tica de dados para manuten\u00e7\u00e3o &nbsp; Aplica\u00e7\u00e3o &nbsp; O princ\u00edpio de medi\u00e7\u00e3o \u00e9 independente de press\u00e3o, densidade, temperatura, condutividade e viscosidade. Dispositivo clamp-on ideal para aplica\u00e7\u00f5es com produtos qu\u00edmicos, solventes, hidrocarbonetos l\u00edquidos, \u00e1cidos e \u00e1lcalis. Propriedades do dispositivo: Temperatura do meio: \u201340 a 170 \u00b0C (\u201340 a 338 \u00b0F) Ampla faixa de di\u00e2metro nominal: DN 15 a 4000 (1\/2 a 160&#8243;) A instala\u00e7\u00e3o do medidor n\u00e3o afeta a tubula\u00e7\u00e3o de processo Inv\u00f3lucro do transmissor em alum\u00ednio Display retroiluminado de 4 linhas com controle por toque HART, PROFIBUS PA\/DP, FOUNDATION Fieldbus\" \/>\n<meta property=\"og:url\" content=\"https:\/\/fullsolutions.info\/en\/product\/medidor-de-vazao-ultrassonico-proline-prosonic-flow-93p\/\" \/>\n<meta property=\"og:site_name\" content=\"Full Solutions\" \/>\n<meta property=\"article:modified_time\" content=\"2024-02-19T16:12:22+00:00\" \/>\n<meta property=\"og:image\" content=\"https:\/\/mlhff0prgoxu.i.optimole.com\/cb:s0sM.767\/w:auto\/h:auto\/q:mauto\/f:best\/https:\/\/fullsolutions.info\/wp-content\/uploads\/2024\/02\/Prosonic_Flow_93P_Displ_PGm___PP_01-1.jpg\" \/>\n\t<meta property=\"og:image:width\" content=\"636\" \/>\n\t<meta property=\"og:image:height\" content=\"358\" \/>\n\t<meta property=\"og:image:type\" content=\"image\/jpeg\" \/>\n<meta name=\"twitter:card\" content=\"summary_large_image\" \/>\n<meta name=\"twitter:label1\" content=\"Est. reading time\" \/>\n\t<meta name=\"twitter:data1\" content=\"1 minute\" \/>\n<script type=\"application\/ld+json\" class=\"yoast-schema-graph\">{\"@context\":\"https:\/\/schema.org\",\"@graph\":[{\"@type\":\"WebPage\",\"@id\":\"https:\/\/fullsolutions.info\/produto\/medidor-de-vazao-ultrassonico-proline-prosonic-flow-93p\/\",\"url\":\"https:\/\/fullsolutions.info\/produto\/medidor-de-vazao-ultrassonico-proline-prosonic-flow-93p\/\",\"name\":\"Medidor de vaz\u00e3o ultrass\u00f4nico Proline Prosonic Flow 93P - Full Solutions\",\"isPartOf\":{\"@id\":\"https:\/\/fullsolutions.info\/#website\"},\"primaryImageOfPage\":{\"@id\":\"https:\/\/fullsolutions.info\/produto\/medidor-de-vazao-ultrassonico-proline-prosonic-flow-93p\/#primaryimage\"},\"image\":{\"@id\":\"https:\/\/fullsolutions.info\/produto\/medidor-de-vazao-ultrassonico-proline-prosonic-flow-93p\/#primaryimage\"},\"thumbnailUrl\":\"https:\/\/mlhff0prgoxu.i.optimole.com\/cb:s0sM.767\/w:auto\/h:auto\/q:mauto\/f:best\/https:\/\/fullsolutions.info\/wp-content\/uploads\/2024\/02\/Prosonic_Flow_93P_Displ_PGm___PP_01-1.jpg\",\"datePublished\":\"2024-02-02T17:37:23+00:00\",\"dateModified\":\"2024-02-19T16:12:22+00:00\",\"breadcrumb\":{\"@id\":\"https:\/\/fullsolutions.info\/produto\/medidor-de-vazao-ultrassonico-proline-prosonic-flow-93p\/#breadcrumb\"},\"inLanguage\":\"en-US\",\"potentialAction\":[{\"@type\":\"ReadAction\",\"target\":[\"https:\/\/fullsolutions.info\/produto\/medidor-de-vazao-ultrassonico-proline-prosonic-flow-93p\/\"]}]},{\"@type\":\"ImageObject\",\"inLanguage\":\"en-US\",\"@id\":\"https:\/\/fullsolutions.info\/produto\/medidor-de-vazao-ultrassonico-proline-prosonic-flow-93p\/#primaryimage\",\"url\":\"https:\/\/mlhff0prgoxu.i.optimole.com\/cb:s0sM.767\/w:auto\/h:auto\/q:mauto\/f:best\/https:\/\/fullsolutions.info\/wp-content\/uploads\/2024\/02\/Prosonic_Flow_93P_Displ_PGm___PP_01-1.jpg\",\"contentUrl\":\"https:\/\/mlhff0prgoxu.i.optimole.com\/cb:s0sM.767\/w:auto\/h:auto\/q:mauto\/f:best\/https:\/\/fullsolutions.info\/wp-content\/uploads\/2024\/02\/Prosonic_Flow_93P_Displ_PGm___PP_01-1.jpg\",\"width\":636,\"height\":358},{\"@type\":\"BreadcrumbList\",\"@id\":\"https:\/\/fullsolutions.info\/produto\/medidor-de-vazao-ultrassonico-proline-prosonic-flow-93p\/#breadcrumb\",\"itemListElement\":[{\"@type\":\"ListItem\",\"position\":1,\"name\":\"In\u00edcio\",\"item\":\"https:\/\/fullsolutions.info\/\"},{\"@type\":\"ListItem\",\"position\":2,\"name\":\"Produtos\",\"item\":\"https:\/\/fullsolutions.info\/shop\/\"},{\"@type\":\"ListItem\",\"position\":3,\"name\":\"Medidor de vaz\u00e3o ultrass\u00f4nico Proline Prosonic Flow 93P\"}]},{\"@type\":\"WebSite\",\"@id\":\"https:\/\/fullsolutions.info\/#website\",\"url\":\"https:\/\/fullsolutions.info\/\",\"name\":\"Full Solutions\",\"description\":\"Empresa na \u00c1rea de Procurement\",\"publisher\":{\"@id\":\"https:\/\/fullsolutions.info\/#organization\"},\"potentialAction\":[{\"@type\":\"SearchAction\",\"target\":{\"@type\":\"EntryPoint\",\"urlTemplate\":\"https:\/\/fullsolutions.info\/?s={search_term_string}\"},\"query-input\":{\"@type\":\"PropertyValueSpecification\",\"valueRequired\":true,\"valueName\":\"search_term_string\"}}],\"inLanguage\":\"en-US\"},{\"@type\":\"Organization\",\"@id\":\"https:\/\/fullsolutions.info\/#organization\",\"name\":\"Full Solutions\",\"url\":\"https:\/\/fullsolutions.info\/\",\"logo\":{\"@type\":\"ImageObject\",\"inLanguage\":\"en-US\",\"@id\":\"https:\/\/fullsolutions.info\/#\/schema\/logo\/image\/\",\"url\":\"https:\/\/mlhff0prgoxu.i.optimole.com\/cb:s0sM.767\/w:auto\/h:auto\/q:mauto\/f:best\/https:\/\/fullsolutions.info\/wp-content\/uploads\/2021\/07\/cropped-Design-sem-nome-300x193-1-e1627062664782.png\",\"contentUrl\":\"https:\/\/mlhff0prgoxu.i.optimole.com\/cb:s0sM.767\/w:auto\/h:auto\/q:mauto\/f:best\/https:\/\/fullsolutions.info\/wp-content\/uploads\/2021\/07\/cropped-Design-sem-nome-300x193-1-e1627062664782.png\",\"width\":202,\"height\":155,\"caption\":\"Full Solutions\"},\"image\":{\"@id\":\"https:\/\/fullsolutions.info\/#\/schema\/logo\/image\/\"},\"sameAs\":[\"https:\/\/www.linkedin.com\/company\/full-solutions-equipment\"]}]}<\/script>\n<!-- \/ Yoast SEO plugin. -->","yoast_head_json":{"title":"Medidor de vaz\u00e3o ultrass\u00f4nico Proline Prosonic Flow 93P - Full Solutions","robots":{"index":"index","follow":"follow","max-snippet":"max-snippet:-1","max-image-preview":"max-image-preview:large","max-video-preview":"max-video-preview:-1"},"canonical":"https:\/\/fullsolutions.info\/en\/product\/medidor-de-vazao-ultrassonico-proline-prosonic-flow-93p\/","og_locale":"en_US","og_type":"article","og_title":"Medidor de vaz\u00e3o ultrass\u00f4nico Proline Prosonic Flow 93P - Full Solutions","og_description":"O sensor clamp-on Prosonic Flow P foi especialmente projetado para a ind\u00fastria de processos. Combinado com o transmissor Prosonic Flow 93 com controle por toque, display de quatro linhas e funcionalidade estendida, o Prosonic Flow 93P oferece alta precis\u00e3o em aplica\u00e7\u00f5es padr\u00e3o. Benef\u00edcios &nbsp; Varredura autom\u00e1tica de frequ\u00eancia para m\u00e1ximo desempenho de medi\u00e7\u00e3o Maior seguran\u00e7a para a ind\u00fastria qu\u00edmica e petroqu\u00edmica &#8211; aprova\u00e7\u00f5es internacionais para \u00e1reas perigosas Sem caminhos adicionais de vazamento &#8211; medi\u00e7\u00e3o externa de fora do tubo Transpar\u00eancia do processo &#8211; capacidade de diagn\u00f3stico Maior desempenho &#8211; funcionalidade e diagn\u00f3stico estendidos Op\u00e7\u00f5es flex\u00edveis de transfer\u00eancia de dados &#8211; v\u00e1rios tipos de comunica\u00e7\u00e3o Recupera\u00e7\u00e3o autom\u00e1tica de dados para manuten\u00e7\u00e3o &nbsp; Aplica\u00e7\u00e3o &nbsp; O princ\u00edpio de medi\u00e7\u00e3o \u00e9 independente de press\u00e3o, densidade, temperatura, condutividade e viscosidade. Dispositivo clamp-on ideal para aplica\u00e7\u00f5es com produtos qu\u00edmicos, solventes, hidrocarbonetos l\u00edquidos, \u00e1cidos e \u00e1lcalis. Propriedades do dispositivo: Temperatura do meio: \u201340 a 170 \u00b0C (\u201340 a 338 \u00b0F) Ampla faixa de di\u00e2metro nominal: DN 15 a 4000 (1\/2 a 160&#8243;) A instala\u00e7\u00e3o do medidor n\u00e3o afeta a tubula\u00e7\u00e3o de processo Inv\u00f3lucro do transmissor em alum\u00ednio Display retroiluminado de 4 linhas com controle por toque HART, PROFIBUS PA\/DP, FOUNDATION Fieldbus","og_url":"https:\/\/fullsolutions.info\/en\/product\/medidor-de-vazao-ultrassonico-proline-prosonic-flow-93p\/","og_site_name":"Full Solutions","article_modified_time":"2024-02-19T16:12:22+00:00","og_image":[{"width":636,"height":358,"url":"https:\/\/mlhff0prgoxu.i.optimole.com\/cb:s0sM.767\/w:auto\/h:auto\/q:mauto\/f:best\/https:\/\/fullsolutions.info\/wp-content\/uploads\/2024\/02\/Prosonic_Flow_93P_Displ_PGm___PP_01-1.jpg","type":"image\/jpeg"}],"twitter_card":"summary_large_image","twitter_misc":{"Est. reading time":"1 minute"},"schema":{"@context":"https:\/\/schema.org","@graph":[{"@type":"WebPage","@id":"https:\/\/fullsolutions.info\/produto\/medidor-de-vazao-ultrassonico-proline-prosonic-flow-93p\/","url":"https:\/\/fullsolutions.info\/produto\/medidor-de-vazao-ultrassonico-proline-prosonic-flow-93p\/","name":"Medidor de vaz\u00e3o ultrass\u00f4nico Proline Prosonic Flow 93P - Full Solutions","isPartOf":{"@id":"https:\/\/fullsolutions.info\/#website"},"primaryImageOfPage":{"@id":"https:\/\/fullsolutions.info\/produto\/medidor-de-vazao-ultrassonico-proline-prosonic-flow-93p\/#primaryimage"},"image":{"@id":"https:\/\/fullsolutions.info\/produto\/medidor-de-vazao-ultrassonico-proline-prosonic-flow-93p\/#primaryimage"},"thumbnailUrl":"https:\/\/mlhff0prgoxu.i.optimole.com\/cb:s0sM.767\/w:auto\/h:auto\/q:mauto\/f:best\/https:\/\/fullsolutions.info\/wp-content\/uploads\/2024\/02\/Prosonic_Flow_93P_Displ_PGm___PP_01-1.jpg","datePublished":"2024-02-02T17:37:23+00:00","dateModified":"2024-02-19T16:12:22+00:00","breadcrumb":{"@id":"https:\/\/fullsolutions.info\/produto\/medidor-de-vazao-ultrassonico-proline-prosonic-flow-93p\/#breadcrumb"},"inLanguage":"en-US","potentialAction":[{"@type":"ReadAction","target":["https:\/\/fullsolutions.info\/produto\/medidor-de-vazao-ultrassonico-proline-prosonic-flow-93p\/"]}]},{"@type":"ImageObject","inLanguage":"en-US","@id":"https:\/\/fullsolutions.info\/produto\/medidor-de-vazao-ultrassonico-proline-prosonic-flow-93p\/#primaryimage","url":"https:\/\/mlhff0prgoxu.i.optimole.com\/cb:s0sM.767\/w:auto\/h:auto\/q:mauto\/f:best\/https:\/\/fullsolutions.info\/wp-content\/uploads\/2024\/02\/Prosonic_Flow_93P_Displ_PGm___PP_01-1.jpg","contentUrl":"https:\/\/mlhff0prgoxu.i.optimole.com\/cb:s0sM.767\/w:auto\/h:auto\/q:mauto\/f:best\/https:\/\/fullsolutions.info\/wp-content\/uploads\/2024\/02\/Prosonic_Flow_93P_Displ_PGm___PP_01-1.jpg","width":636,"height":358},{"@type":"BreadcrumbList","@id":"https:\/\/fullsolutions.info\/produto\/medidor-de-vazao-ultrassonico-proline-prosonic-flow-93p\/#breadcrumb","itemListElement":[{"@type":"ListItem","position":1,"name":"In\u00edcio","item":"https:\/\/fullsolutions.info\/"},{"@type":"ListItem","position":2,"name":"Produtos","item":"https:\/\/fullsolutions.info\/shop\/"},{"@type":"ListItem","position":3,"name":"Medidor de vaz\u00e3o ultrass\u00f4nico Proline Prosonic Flow 93P"}]},{"@type":"WebSite","@id":"https:\/\/fullsolutions.info\/#website","url":"https:\/\/fullsolutions.info\/","name":"Full Solutions","description":"Empresa na \u00c1rea de Procurement","publisher":{"@id":"https:\/\/fullsolutions.info\/#organization"},"potentialAction":[{"@type":"SearchAction","target":{"@type":"EntryPoint","urlTemplate":"https:\/\/fullsolutions.info\/?s={search_term_string}"},"query-input":{"@type":"PropertyValueSpecification","valueRequired":true,"valueName":"search_term_string"}}],"inLanguage":"en-US"},{"@type":"Organization","@id":"https:\/\/fullsolutions.info\/#organization","name":"Full Solutions","url":"https:\/\/fullsolutions.info\/","logo":{"@type":"ImageObject","inLanguage":"en-US","@id":"https:\/\/fullsolutions.info\/#\/schema\/logo\/image\/","url":"https:\/\/mlhff0prgoxu.i.optimole.com\/cb:s0sM.767\/w:auto\/h:auto\/q:mauto\/f:best\/https:\/\/fullsolutions.info\/wp-content\/uploads\/2021\/07\/cropped-Design-sem-nome-300x193-1-e1627062664782.png","contentUrl":"https:\/\/mlhff0prgoxu.i.optimole.com\/cb:s0sM.767\/w:auto\/h:auto\/q:mauto\/f:best\/https:\/\/fullsolutions.info\/wp-content\/uploads\/2021\/07\/cropped-Design-sem-nome-300x193-1-e1627062664782.png","width":202,"height":155,"caption":"Full Solutions"},"image":{"@id":"https:\/\/fullsolutions.info\/#\/schema\/logo\/image\/"},"sameAs":["https:\/\/www.linkedin.com\/company\/full-solutions-equipment"]}]}},"_links":{"self":[{"href":"https:\/\/fullsolutions.info\/en\/wp-json\/wp\/v2\/product\/4433","targetHints":{"allow":["GET"]}}],"collection":[{"href":"https:\/\/fullsolutions.info\/en\/wp-json\/wp\/v2\/product"}],"about":[{"href":"https:\/\/fullsolutions.info\/en\/wp-json\/wp\/v2\/types\/product"}],"replies":[{"embeddable":true,"href":"https:\/\/fullsolutions.info\/en\/wp-json\/wp\/v2\/comments?post=4433"}],"wp:featuredmedia":[{"embeddable":true,"href":"https:\/\/fullsolutions.info\/en\/wp-json\/wp\/v2\/media\/4436"}],"wp:attachment":[{"href":"https:\/\/fullsolutions.info\/en\/wp-json\/wp\/v2\/media?parent=4433"}],"wp:term":[{"taxonomy":"product_brand","embeddable":true,"href":"https:\/\/fullsolutions.info\/en\/wp-json\/wp\/v2\/product_brand?post=4433"},{"taxonomy":"product_cat","embeddable":true,"href":"https:\/\/fullsolutions.info\/en\/wp-json\/wp\/v2\/product_cat?post=4433"},{"taxonomy":"product_tag","embeddable":true,"href":"https:\/\/fullsolutions.info\/en\/wp-json\/wp\/v2\/product_tag?post=4433"},{"taxonomy":"marca","embeddable":true,"href":"https:\/\/fullsolutions.info\/en\/wp-json\/wp\/v2\/marca?post=4433"}],"curies":[{"name":"wp","href":"https:\/\/api.w.org\/{rel}","templated":true}]}}