{"id":4429,"date":"2024-02-02T17:33:30","date_gmt":"2024-02-02T17:33:30","guid":{"rendered":"https:\/\/fullsolutionsequip.com\/?post_type=product&#038;p=4429"},"modified":"2024-02-19T16:12:22","modified_gmt":"2024-02-19T16:12:22","slug":"medidor-de-vazao-ultrassonico-proline-prosonic-flow-93t","status":"publish","type":"product","link":"https:\/\/fullsolutions.info\/en\/product\/medidor-de-vazao-ultrassonico-proline-prosonic-flow-93t\/","title":{"rendered":"Ultrasonic flowmeter Proline Prosonic Flow 93T"},"content":{"rendered":"<div class=\"flex-1 overflow-hidden\">\n<div class=\"react-scroll-to-bottom--css-mnlsn-79elbk h-full\">\n<div class=\"react-scroll-to-bottom--css-mnlsn-1n7m0yu\">\n<div class=\"flex flex-col pb-9 text-sm\">\n<div class=\"w-full text-token-text-primary\" data-testid=\"conversation-turn-161\">\n<div class=\"px-4 py-2 justify-center text-base md:gap-6 m-auto\">\n<div class=\"flex flex-1 text-base mx-auto gap-3 md:px-5 lg:px-1 xl:px-5 md:max-w-3xl lg:max-w-[40rem] xl:max-w-[48rem] group final-completion\">\n<div class=\"relative flex w-full flex-col lg:w-[calc(100%-115px)] agent-turn\">\n<div class=\"flex-col gap-1 md:gap-3\">\n<div class=\"flex flex-grow flex-col max-w-full\">\n<div class=\"min-h-[20px] text-message flex flex-col items-start gap-3 whitespace-pre-wrap break-words [.text-message+&amp;]:mt-5 overflow-x-auto\" data-message-author-role=\"assistant\" data-message-id=\"ca005311-150d-4e4f-b685-e920e6d9ab7e\">\n<div class=\"markdown prose w-full break-words dark:prose-invert dark\">\n<p>O medidor de vaz\u00e3o ultrass\u00f4nico port\u00e1til Prosonic Flow 93T \u00e9 projetado para monitoramento tempor\u00e1rio e medi\u00e7\u00f5es de teste com sensores de fixa\u00e7\u00e3o. Ele opera independentemente da alimenta\u00e7\u00e3o principal usando uma bateria. O Prosonic Flow 93T \u00e9 ideal para realizar medi\u00e7\u00f5es de verifica\u00e7\u00e3o em pontos existentes de medi\u00e7\u00e3o de vaz\u00e3o.<\/p>\n<p><strong>Benef\u00edcios<\/strong><\/p>\n<p>Varredura autom\u00e1tica de frequ\u00eancia para m\u00e1ximo desempenho de medi\u00e7\u00e3o<\/p>\n<p>Instala\u00e7\u00e3o r\u00e1pida e segura &#8211; kits de montagem especialmente projetados<\/p>\n<p>Sem caminhos adicionais de vazamento &#8211; medi\u00e7\u00e3o externa de fora do tubo<\/p>\n<p>Transpar\u00eancia do processo &#8211; capacidade de diagn\u00f3stico<\/p>\n<p>Monitoramento tempor\u00e1rio de pontos de medi\u00e7\u00e3o &#8211; medidor de vaz\u00e3o port\u00e1til com bateria recarreg\u00e1vel e sa\u00edda de corrente<\/p>\n<p>Verifica\u00e7\u00e3o de outros dispositivos de vaz\u00e3o &#8211; registrador de dados integrado e entrada de corrente<\/p>\n<p>Recupera\u00e7\u00e3o autom\u00e1tica de dados<\/p>\n<p><strong>Aplica\u00e7\u00e3o<\/strong><\/p>\n<p>Os sensores s\u00e3o perfeitamente adequados para a medi\u00e7\u00e3o n\u00e3o invasiva de l\u00edquidos puros ou levemente contaminados, independentemente da press\u00e3o ou condutividade el\u00e9trica.<\/p>\n<p>Solu\u00e7\u00e3o ideal para uso tempor\u00e1rio sempre que medi\u00e7\u00f5es precisas ou verifica\u00e7\u00f5es s\u00e3o necess\u00e1rias<\/p>\n<p>Pode ser usado com todos os tubos de metal e pl\u00e1stico revestidos ou n\u00e3o revestidos e com tubos compostos<\/p>\n<p>Apropriado para di\u00e2metros de tubo de DN 15 a 4000 (\u00bd a 160&#8243;)<\/p>\n<p>Apropriado para temperaturas de fluido variando de -40 a +170 \u00b0C (-40 a +338\u00b0F))<\/p>\n<\/div>\n<\/div>\n<\/div>\n<\/div>\n<\/div>\n<\/div>\n<\/div>\n<\/div>\n<\/div>\n<\/div>\n<\/div>\n<\/div>","protected":false},"excerpt":{"rendered":"<p>O medidor de vaz\u00e3o ultrass\u00f4nico port\u00e1til Prosonic Flow 93T \u00e9 projetado para monitoramento tempor\u00e1rio e medi\u00e7\u00f5es de teste com sensores de fixa\u00e7\u00e3o. Ele opera independentemente da alimenta\u00e7\u00e3o principal usando uma bateria. O Prosonic Flow 93T \u00e9 ideal para realizar medi\u00e7\u00f5es de verifica\u00e7\u00e3o em pontos existentes de medi\u00e7\u00e3o de vaz\u00e3o. Benef\u00edcios Varredura autom\u00e1tica de frequ\u00eancia para m\u00e1ximo desempenho de medi\u00e7\u00e3o Instala\u00e7\u00e3o r\u00e1pida e segura &#8211; kits de montagem especialmente projetados Sem caminhos adicionais de vazamento &#8211; medi\u00e7\u00e3o externa de fora do tubo Transpar\u00eancia do processo &#8211; capacidade de diagn\u00f3stico Monitoramento tempor\u00e1rio de pontos de medi\u00e7\u00e3o &#8211; medidor de vaz\u00e3o port\u00e1til com bateria recarreg\u00e1vel e sa\u00edda de corrente Verifica\u00e7\u00e3o de outros dispositivos de vaz\u00e3o &#8211; registrador de dados integrado e entrada de corrente Recupera\u00e7\u00e3o autom\u00e1tica de dados Aplica\u00e7\u00e3o Os sensores s\u00e3o perfeitamente adequados para a medi\u00e7\u00e3o n\u00e3o invasiva de l\u00edquidos puros ou levemente contaminados, independentemente da press\u00e3o ou condutividade el\u00e9trica. Solu\u00e7\u00e3o ideal para uso tempor\u00e1rio sempre que medi\u00e7\u00f5es precisas ou verifica\u00e7\u00f5es s\u00e3o necess\u00e1rias Pode ser usado com todos os tubos de metal e pl\u00e1stico revestidos ou n\u00e3o revestidos e com tubos compostos Apropriado para di\u00e2metros de tubo de DN 15 a 4000 (\u00bd a 160&#8243;) Apropriado para temperaturas de fluido variando de -40 a +170 \u00b0C (-40 a +338\u00b0F))<\/p>","protected":false},"featured_media":4430,"comment_status":"open","ping_status":"closed","template":"","meta":{"_joinchat":[]},"product_brand":[],"product_cat":[146],"product_tag":[],"marca":[147],"class_list":{"0":"post-4429","1":"product","2":"type-product","3":"status-publish","4":"has-post-thumbnail","6":"product_cat-medidores-de-vazao-e-tubos-de-vazao","7":"marca-endresshauser","9":"first","10":"instock","11":"shipping-taxable","12":"purchasable","13":"product-type-simple"},"yoast_head":"<!-- This site is optimized with the Yoast SEO plugin v27.2 - https:\/\/yoast.com\/product\/yoast-seo-wordpress\/ -->\n<title>Medidor de vaz\u00e3o ultrass\u00f4nico Proline Prosonic Flow 93T - Full Solutions<\/title>\n<meta name=\"robots\" content=\"index, follow, max-snippet:-1, max-image-preview:large, max-video-preview:-1\" \/>\n<link rel=\"canonical\" href=\"https:\/\/fullsolutions.info\/en\/product\/medidor-de-vazao-ultrassonico-proline-prosonic-flow-93t\/\" \/>\n<meta property=\"og:locale\" content=\"en_US\" \/>\n<meta property=\"og:type\" content=\"article\" \/>\n<meta property=\"og:title\" content=\"Medidor de vaz\u00e3o ultrass\u00f4nico Proline Prosonic Flow 93T - Full Solutions\" \/>\n<meta property=\"og:description\" content=\"O medidor de vaz\u00e3o ultrass\u00f4nico port\u00e1til Prosonic Flow 93T \u00e9 projetado para monitoramento tempor\u00e1rio e medi\u00e7\u00f5es de teste com sensores de fixa\u00e7\u00e3o. Ele opera independentemente da alimenta\u00e7\u00e3o principal usando uma bateria. O Prosonic Flow 93T \u00e9 ideal para realizar medi\u00e7\u00f5es de verifica\u00e7\u00e3o em pontos existentes de medi\u00e7\u00e3o de vaz\u00e3o. Benef\u00edcios Varredura autom\u00e1tica de frequ\u00eancia para m\u00e1ximo desempenho de medi\u00e7\u00e3o Instala\u00e7\u00e3o r\u00e1pida e segura &#8211; kits de montagem especialmente projetados Sem caminhos adicionais de vazamento &#8211; medi\u00e7\u00e3o externa de fora do tubo Transpar\u00eancia do processo &#8211; capacidade de diagn\u00f3stico Monitoramento tempor\u00e1rio de pontos de medi\u00e7\u00e3o &#8211; medidor de vaz\u00e3o port\u00e1til com bateria recarreg\u00e1vel e sa\u00edda de corrente Verifica\u00e7\u00e3o de outros dispositivos de vaz\u00e3o &#8211; registrador de dados integrado e entrada de corrente Recupera\u00e7\u00e3o autom\u00e1tica de dados Aplica\u00e7\u00e3o Os sensores s\u00e3o perfeitamente adequados para a medi\u00e7\u00e3o n\u00e3o invasiva de l\u00edquidos puros ou levemente contaminados, independentemente da press\u00e3o ou condutividade el\u00e9trica. Solu\u00e7\u00e3o ideal para uso tempor\u00e1rio sempre que medi\u00e7\u00f5es precisas ou verifica\u00e7\u00f5es s\u00e3o necess\u00e1rias Pode ser usado com todos os tubos de metal e pl\u00e1stico revestidos ou n\u00e3o revestidos e com tubos compostos Apropriado para di\u00e2metros de tubo de DN 15 a 4000 (\u00bd a 160&#8243;) Apropriado para temperaturas de fluido variando de -40 a +170 \u00b0C (-40 a +338\u00b0F))\" \/>\n<meta property=\"og:url\" content=\"https:\/\/fullsolutions.info\/en\/product\/medidor-de-vazao-ultrassonico-proline-prosonic-flow-93t\/\" \/>\n<meta property=\"og:site_name\" content=\"Full Solutions\" \/>\n<meta property=\"article:modified_time\" content=\"2024-02-19T16:12:22+00:00\" \/>\n<meta property=\"og:image\" content=\"https:\/\/mlhff0prgoxu.i.optimole.com\/cb:s0sM.767\/w:auto\/h:auto\/q:mauto\/f:best\/https:\/\/fullsolutions.info\/wp-content\/uploads\/2024\/02\/Prosonic_Flow_93T___PP_01.jpg\" \/>\n\t<meta property=\"og:image:width\" content=\"636\" \/>\n\t<meta property=\"og:image:height\" content=\"358\" \/>\n\t<meta property=\"og:image:type\" content=\"image\/jpeg\" \/>\n<meta name=\"twitter:card\" content=\"summary_large_image\" \/>\n<meta name=\"twitter:label1\" content=\"Est. reading time\" \/>\n\t<meta name=\"twitter:data1\" content=\"1 minute\" \/>\n<script type=\"application\/ld+json\" class=\"yoast-schema-graph\">{\"@context\":\"https:\/\/schema.org\",\"@graph\":[{\"@type\":\"WebPage\",\"@id\":\"https:\/\/fullsolutions.info\/produto\/medidor-de-vazao-ultrassonico-proline-prosonic-flow-93t\/\",\"url\":\"https:\/\/fullsolutions.info\/produto\/medidor-de-vazao-ultrassonico-proline-prosonic-flow-93t\/\",\"name\":\"Medidor de vaz\u00e3o ultrass\u00f4nico Proline Prosonic Flow 93T - Full Solutions\",\"isPartOf\":{\"@id\":\"https:\/\/fullsolutions.info\/#website\"},\"primaryImageOfPage\":{\"@id\":\"https:\/\/fullsolutions.info\/produto\/medidor-de-vazao-ultrassonico-proline-prosonic-flow-93t\/#primaryimage\"},\"image\":{\"@id\":\"https:\/\/fullsolutions.info\/produto\/medidor-de-vazao-ultrassonico-proline-prosonic-flow-93t\/#primaryimage\"},\"thumbnailUrl\":\"https:\/\/mlhff0prgoxu.i.optimole.com\/cb:s0sM.767\/w:auto\/h:auto\/q:mauto\/f:best\/https:\/\/fullsolutions.info\/wp-content\/uploads\/2024\/02\/Prosonic_Flow_93T___PP_01.jpg\",\"datePublished\":\"2024-02-02T17:33:30+00:00\",\"dateModified\":\"2024-02-19T16:12:22+00:00\",\"breadcrumb\":{\"@id\":\"https:\/\/fullsolutions.info\/produto\/medidor-de-vazao-ultrassonico-proline-prosonic-flow-93t\/#breadcrumb\"},\"inLanguage\":\"en-US\",\"potentialAction\":[{\"@type\":\"ReadAction\",\"target\":[\"https:\/\/fullsolutions.info\/produto\/medidor-de-vazao-ultrassonico-proline-prosonic-flow-93t\/\"]}]},{\"@type\":\"ImageObject\",\"inLanguage\":\"en-US\",\"@id\":\"https:\/\/fullsolutions.info\/produto\/medidor-de-vazao-ultrassonico-proline-prosonic-flow-93t\/#primaryimage\",\"url\":\"https:\/\/mlhff0prgoxu.i.optimole.com\/cb:s0sM.767\/w:auto\/h:auto\/q:mauto\/f:best\/https:\/\/fullsolutions.info\/wp-content\/uploads\/2024\/02\/Prosonic_Flow_93T___PP_01.jpg\",\"contentUrl\":\"https:\/\/mlhff0prgoxu.i.optimole.com\/cb:s0sM.767\/w:auto\/h:auto\/q:mauto\/f:best\/https:\/\/fullsolutions.info\/wp-content\/uploads\/2024\/02\/Prosonic_Flow_93T___PP_01.jpg\",\"width\":636,\"height\":358,\"caption\":\"Pro Sonic Flow P 009\"},{\"@type\":\"BreadcrumbList\",\"@id\":\"https:\/\/fullsolutions.info\/produto\/medidor-de-vazao-ultrassonico-proline-prosonic-flow-93t\/#breadcrumb\",\"itemListElement\":[{\"@type\":\"ListItem\",\"position\":1,\"name\":\"In\u00edcio\",\"item\":\"https:\/\/fullsolutions.info\/\"},{\"@type\":\"ListItem\",\"position\":2,\"name\":\"Produtos\",\"item\":\"https:\/\/fullsolutions.info\/shop\/\"},{\"@type\":\"ListItem\",\"position\":3,\"name\":\"Medidor de vaz\u00e3o ultrass\u00f4nico Proline Prosonic Flow 93T\"}]},{\"@type\":\"WebSite\",\"@id\":\"https:\/\/fullsolutions.info\/#website\",\"url\":\"https:\/\/fullsolutions.info\/\",\"name\":\"Full Solutions\",\"description\":\"Empresa na \u00c1rea de Procurement\",\"publisher\":{\"@id\":\"https:\/\/fullsolutions.info\/#organization\"},\"potentialAction\":[{\"@type\":\"SearchAction\",\"target\":{\"@type\":\"EntryPoint\",\"urlTemplate\":\"https:\/\/fullsolutions.info\/?s={search_term_string}\"},\"query-input\":{\"@type\":\"PropertyValueSpecification\",\"valueRequired\":true,\"valueName\":\"search_term_string\"}}],\"inLanguage\":\"en-US\"},{\"@type\":\"Organization\",\"@id\":\"https:\/\/fullsolutions.info\/#organization\",\"name\":\"Full Solutions\",\"url\":\"https:\/\/fullsolutions.info\/\",\"logo\":{\"@type\":\"ImageObject\",\"inLanguage\":\"en-US\",\"@id\":\"https:\/\/fullsolutions.info\/#\/schema\/logo\/image\/\",\"url\":\"https:\/\/mlhff0prgoxu.i.optimole.com\/cb:s0sM.767\/w:auto\/h:auto\/q:mauto\/f:best\/https:\/\/fullsolutions.info\/wp-content\/uploads\/2021\/07\/cropped-Design-sem-nome-300x193-1-e1627062664782.png\",\"contentUrl\":\"https:\/\/mlhff0prgoxu.i.optimole.com\/cb:s0sM.767\/w:auto\/h:auto\/q:mauto\/f:best\/https:\/\/fullsolutions.info\/wp-content\/uploads\/2021\/07\/cropped-Design-sem-nome-300x193-1-e1627062664782.png\",\"width\":202,\"height\":155,\"caption\":\"Full Solutions\"},\"image\":{\"@id\":\"https:\/\/fullsolutions.info\/#\/schema\/logo\/image\/\"},\"sameAs\":[\"https:\/\/www.linkedin.com\/company\/full-solutions-equipment\"]}]}<\/script>\n<!-- \/ Yoast SEO plugin. -->","yoast_head_json":{"title":"Medidor de vaz\u00e3o ultrass\u00f4nico Proline Prosonic Flow 93T - Full Solutions","robots":{"index":"index","follow":"follow","max-snippet":"max-snippet:-1","max-image-preview":"max-image-preview:large","max-video-preview":"max-video-preview:-1"},"canonical":"https:\/\/fullsolutions.info\/en\/product\/medidor-de-vazao-ultrassonico-proline-prosonic-flow-93t\/","og_locale":"en_US","og_type":"article","og_title":"Medidor de vaz\u00e3o ultrass\u00f4nico Proline Prosonic Flow 93T - Full Solutions","og_description":"O medidor de vaz\u00e3o ultrass\u00f4nico port\u00e1til Prosonic Flow 93T \u00e9 projetado para monitoramento tempor\u00e1rio e medi\u00e7\u00f5es de teste com sensores de fixa\u00e7\u00e3o. Ele opera independentemente da alimenta\u00e7\u00e3o principal usando uma bateria. O Prosonic Flow 93T \u00e9 ideal para realizar medi\u00e7\u00f5es de verifica\u00e7\u00e3o em pontos existentes de medi\u00e7\u00e3o de vaz\u00e3o. Benef\u00edcios Varredura autom\u00e1tica de frequ\u00eancia para m\u00e1ximo desempenho de medi\u00e7\u00e3o Instala\u00e7\u00e3o r\u00e1pida e segura &#8211; kits de montagem especialmente projetados Sem caminhos adicionais de vazamento &#8211; medi\u00e7\u00e3o externa de fora do tubo Transpar\u00eancia do processo &#8211; capacidade de diagn\u00f3stico Monitoramento tempor\u00e1rio de pontos de medi\u00e7\u00e3o &#8211; medidor de vaz\u00e3o port\u00e1til com bateria recarreg\u00e1vel e sa\u00edda de corrente Verifica\u00e7\u00e3o de outros dispositivos de vaz\u00e3o &#8211; registrador de dados integrado e entrada de corrente Recupera\u00e7\u00e3o autom\u00e1tica de dados Aplica\u00e7\u00e3o Os sensores s\u00e3o perfeitamente adequados para a medi\u00e7\u00e3o n\u00e3o invasiva de l\u00edquidos puros ou levemente contaminados, independentemente da press\u00e3o ou condutividade el\u00e9trica. Solu\u00e7\u00e3o ideal para uso tempor\u00e1rio sempre que medi\u00e7\u00f5es precisas ou verifica\u00e7\u00f5es s\u00e3o necess\u00e1rias Pode ser usado com todos os tubos de metal e pl\u00e1stico revestidos ou n\u00e3o revestidos e com tubos compostos Apropriado para di\u00e2metros de tubo de DN 15 a 4000 (\u00bd a 160&#8243;) Apropriado para temperaturas de fluido variando de -40 a +170 \u00b0C (-40 a +338\u00b0F))","og_url":"https:\/\/fullsolutions.info\/en\/product\/medidor-de-vazao-ultrassonico-proline-prosonic-flow-93t\/","og_site_name":"Full Solutions","article_modified_time":"2024-02-19T16:12:22+00:00","og_image":[{"width":636,"height":358,"url":"https:\/\/mlhff0prgoxu.i.optimole.com\/cb:s0sM.767\/w:auto\/h:auto\/q:mauto\/f:best\/https:\/\/fullsolutions.info\/wp-content\/uploads\/2024\/02\/Prosonic_Flow_93T___PP_01.jpg","type":"image\/jpeg"}],"twitter_card":"summary_large_image","twitter_misc":{"Est. reading time":"1 minute"},"schema":{"@context":"https:\/\/schema.org","@graph":[{"@type":"WebPage","@id":"https:\/\/fullsolutions.info\/produto\/medidor-de-vazao-ultrassonico-proline-prosonic-flow-93t\/","url":"https:\/\/fullsolutions.info\/produto\/medidor-de-vazao-ultrassonico-proline-prosonic-flow-93t\/","name":"Medidor de vaz\u00e3o ultrass\u00f4nico Proline Prosonic Flow 93T - Full Solutions","isPartOf":{"@id":"https:\/\/fullsolutions.info\/#website"},"primaryImageOfPage":{"@id":"https:\/\/fullsolutions.info\/produto\/medidor-de-vazao-ultrassonico-proline-prosonic-flow-93t\/#primaryimage"},"image":{"@id":"https:\/\/fullsolutions.info\/produto\/medidor-de-vazao-ultrassonico-proline-prosonic-flow-93t\/#primaryimage"},"thumbnailUrl":"https:\/\/mlhff0prgoxu.i.optimole.com\/cb:s0sM.767\/w:auto\/h:auto\/q:mauto\/f:best\/https:\/\/fullsolutions.info\/wp-content\/uploads\/2024\/02\/Prosonic_Flow_93T___PP_01.jpg","datePublished":"2024-02-02T17:33:30+00:00","dateModified":"2024-02-19T16:12:22+00:00","breadcrumb":{"@id":"https:\/\/fullsolutions.info\/produto\/medidor-de-vazao-ultrassonico-proline-prosonic-flow-93t\/#breadcrumb"},"inLanguage":"en-US","potentialAction":[{"@type":"ReadAction","target":["https:\/\/fullsolutions.info\/produto\/medidor-de-vazao-ultrassonico-proline-prosonic-flow-93t\/"]}]},{"@type":"ImageObject","inLanguage":"en-US","@id":"https:\/\/fullsolutions.info\/produto\/medidor-de-vazao-ultrassonico-proline-prosonic-flow-93t\/#primaryimage","url":"https:\/\/mlhff0prgoxu.i.optimole.com\/cb:s0sM.767\/w:auto\/h:auto\/q:mauto\/f:best\/https:\/\/fullsolutions.info\/wp-content\/uploads\/2024\/02\/Prosonic_Flow_93T___PP_01.jpg","contentUrl":"https:\/\/mlhff0prgoxu.i.optimole.com\/cb:s0sM.767\/w:auto\/h:auto\/q:mauto\/f:best\/https:\/\/fullsolutions.info\/wp-content\/uploads\/2024\/02\/Prosonic_Flow_93T___PP_01.jpg","width":636,"height":358,"caption":"Pro Sonic Flow P 009"},{"@type":"BreadcrumbList","@id":"https:\/\/fullsolutions.info\/produto\/medidor-de-vazao-ultrassonico-proline-prosonic-flow-93t\/#breadcrumb","itemListElement":[{"@type":"ListItem","position":1,"name":"In\u00edcio","item":"https:\/\/fullsolutions.info\/"},{"@type":"ListItem","position":2,"name":"Produtos","item":"https:\/\/fullsolutions.info\/shop\/"},{"@type":"ListItem","position":3,"name":"Medidor de vaz\u00e3o ultrass\u00f4nico Proline Prosonic Flow 93T"}]},{"@type":"WebSite","@id":"https:\/\/fullsolutions.info\/#website","url":"https:\/\/fullsolutions.info\/","name":"Full Solutions","description":"Empresa na \u00c1rea de Procurement","publisher":{"@id":"https:\/\/fullsolutions.info\/#organization"},"potentialAction":[{"@type":"SearchAction","target":{"@type":"EntryPoint","urlTemplate":"https:\/\/fullsolutions.info\/?s={search_term_string}"},"query-input":{"@type":"PropertyValueSpecification","valueRequired":true,"valueName":"search_term_string"}}],"inLanguage":"en-US"},{"@type":"Organization","@id":"https:\/\/fullsolutions.info\/#organization","name":"Full Solutions","url":"https:\/\/fullsolutions.info\/","logo":{"@type":"ImageObject","inLanguage":"en-US","@id":"https:\/\/fullsolutions.info\/#\/schema\/logo\/image\/","url":"https:\/\/mlhff0prgoxu.i.optimole.com\/cb:s0sM.767\/w:auto\/h:auto\/q:mauto\/f:best\/https:\/\/fullsolutions.info\/wp-content\/uploads\/2021\/07\/cropped-Design-sem-nome-300x193-1-e1627062664782.png","contentUrl":"https:\/\/mlhff0prgoxu.i.optimole.com\/cb:s0sM.767\/w:auto\/h:auto\/q:mauto\/f:best\/https:\/\/fullsolutions.info\/wp-content\/uploads\/2021\/07\/cropped-Design-sem-nome-300x193-1-e1627062664782.png","width":202,"height":155,"caption":"Full Solutions"},"image":{"@id":"https:\/\/fullsolutions.info\/#\/schema\/logo\/image\/"},"sameAs":["https:\/\/www.linkedin.com\/company\/full-solutions-equipment"]}]}},"_links":{"self":[{"href":"https:\/\/fullsolutions.info\/en\/wp-json\/wp\/v2\/product\/4429","targetHints":{"allow":["GET"]}}],"collection":[{"href":"https:\/\/fullsolutions.info\/en\/wp-json\/wp\/v2\/product"}],"about":[{"href":"https:\/\/fullsolutions.info\/en\/wp-json\/wp\/v2\/types\/product"}],"replies":[{"embeddable":true,"href":"https:\/\/fullsolutions.info\/en\/wp-json\/wp\/v2\/comments?post=4429"}],"wp:featuredmedia":[{"embeddable":true,"href":"https:\/\/fullsolutions.info\/en\/wp-json\/wp\/v2\/media\/4430"}],"wp:attachment":[{"href":"https:\/\/fullsolutions.info\/en\/wp-json\/wp\/v2\/media?parent=4429"}],"wp:term":[{"taxonomy":"product_brand","embeddable":true,"href":"https:\/\/fullsolutions.info\/en\/wp-json\/wp\/v2\/product_brand?post=4429"},{"taxonomy":"product_cat","embeddable":true,"href":"https:\/\/fullsolutions.info\/en\/wp-json\/wp\/v2\/product_cat?post=4429"},{"taxonomy":"product_tag","embeddable":true,"href":"https:\/\/fullsolutions.info\/en\/wp-json\/wp\/v2\/product_tag?post=4429"},{"taxonomy":"marca","embeddable":true,"href":"https:\/\/fullsolutions.info\/en\/wp-json\/wp\/v2\/marca?post=4429"}],"curies":[{"name":"wp","href":"https:\/\/api.w.org\/{rel}","templated":true}]}}