{"id":4424,"date":"2024-02-02T17:31:26","date_gmt":"2024-02-02T17:31:26","guid":{"rendered":"https:\/\/fullsolutionsequip.com\/?post_type=product&#038;p=4424"},"modified":"2024-02-19T16:12:22","modified_gmt":"2024-02-19T16:12:22","slug":"medidor-de-vazao-eletromagnetico-proline-promag-53h","status":"publish","type":"product","link":"https:\/\/fullsolutions.info\/en\/product\/medidor-de-vazao-eletromagnetico-proline-promag-53h\/","title":{"rendered":"Ultrasonic flow meter, electromagnetic Proline Promag 53H"},"content":{"rendered":"<p>Promag H \u00e9 o sensor preferido para aplica\u00e7\u00f5es com os mais altos requisitos nas ind\u00fastrias de alimentos e bebidas e ci\u00eancias da vida. Combinado com o transmissor Promag 53 com controle sens\u00edvel ao toque, display de quatro linhas e funcionalidades estendidas como op\u00e7\u00f5es de software para enchimento, dosagem, limpeza de eletrodos ou diagn\u00f3sticos avan\u00e7ados, o Promag 53H oferece a mais alta precis\u00e3o nas tarefas de medi\u00e7\u00e3o mais complexas e exigentes. O Promag 53H est\u00e1 dispon\u00edvel em uma vers\u00e3o compacta ou remota.<\/p>\n<p><strong>Benef\u00edcios<\/strong><\/p>\n<p>Conceito de instala\u00e7\u00e3o flex\u00edvel &#8211; numerosas conex\u00f5es higi\u00eanicas<\/p>\n<p>Medi\u00e7\u00e3o de fluxo economizadora de energia &#8211; sem perda de press\u00e3o devido \u00e0 constri\u00e7\u00e3o da se\u00e7\u00e3o transversal<\/p>\n<p>Qualidade &#8211; software para enchimento, dosagem, limpeza de eletrodos e tamb\u00e9m diagn\u00f3sticos avan\u00e7ados<\/p>\n<p>C\u00e1lculos f\u00e1ceis &#8211; totalizadores bidirecionais<\/p>\n<p>Recupera\u00e7\u00e3o autom\u00e1tica de dados para manuten\u00e7\u00e3o<\/p>\n<p>Livre de manuten\u00e7\u00e3o &#8211; sem pe\u00e7as m\u00f3veis<\/p>\n<p><strong>Aplica\u00e7\u00e3o<\/strong><\/p>\n<p>O princ\u00edpio de medi\u00e7\u00e3o \u00e9 praticamente independente de press\u00e3o, densidade, temperatura e viscosidade<\/p>\n<p>Para aplica\u00e7\u00f5es higi\u00eanicas exigentes.<\/p>\n<p><strong>Propriedades do dispositivo<\/strong><\/p>\n<p>Forro feito de PFA<\/p>\n<p>Carca\u00e7a do sensor feita de a\u00e7o inoxid\u00e1vel (3A, EHEDG)<\/p>\n<p>Materiais molhados CIP, SIP lav\u00e1veis<\/p>\n<p>Display retroiluminado de 4 linhas com controle sens\u00edvel ao toque<\/p>\n<p>Dispositivo em vers\u00e3o compacta ou remota<\/p>\n<p>HART, PROFIBUS PA\/DP, Modbus RS485, FF, EtherNet\/IP<\/p>","protected":false},"excerpt":{"rendered":"<p>Promag H \u00e9 o sensor preferido para aplica\u00e7\u00f5es com os mais altos requisitos nas ind\u00fastrias de alimentos e bebidas e ci\u00eancias da vida. Combinado com o transmissor Promag 53 com controle sens\u00edvel ao toque, display de quatro linhas e funcionalidades estendidas como op\u00e7\u00f5es de software para enchimento, dosagem, limpeza de eletrodos ou diagn\u00f3sticos avan\u00e7ados, o Promag 53H oferece a mais alta precis\u00e3o nas tarefas de medi\u00e7\u00e3o mais complexas e exigentes. O Promag 53H est\u00e1 dispon\u00edvel em uma vers\u00e3o compacta ou remota. Benef\u00edcios Conceito de instala\u00e7\u00e3o flex\u00edvel &#8211; numerosas conex\u00f5es higi\u00eanicas Medi\u00e7\u00e3o de fluxo economizadora de energia &#8211; sem perda de press\u00e3o devido \u00e0 constri\u00e7\u00e3o da se\u00e7\u00e3o transversal Qualidade &#8211; software para enchimento, dosagem, limpeza de eletrodos e tamb\u00e9m diagn\u00f3sticos avan\u00e7ados C\u00e1lculos f\u00e1ceis &#8211; totalizadores bidirecionais Recupera\u00e7\u00e3o autom\u00e1tica de dados para manuten\u00e7\u00e3o Livre de manuten\u00e7\u00e3o &#8211; sem pe\u00e7as m\u00f3veis Aplica\u00e7\u00e3o O princ\u00edpio de medi\u00e7\u00e3o \u00e9 praticamente independente de press\u00e3o, densidade, temperatura e viscosidade Para aplica\u00e7\u00f5es higi\u00eanicas exigentes. Propriedades do dispositivo Forro feito de PFA Carca\u00e7a do sensor feita de a\u00e7o inoxid\u00e1vel (3A, EHEDG) Materiais molhados CIP, SIP lav\u00e1veis Display retroiluminado de 4 linhas com controle sens\u00edvel ao toque Dispositivo em vers\u00e3o compacta ou remota HART, PROFIBUS PA\/DP, Modbus RS485, FF, EtherNet\/IP<\/p>","protected":false},"featured_media":4426,"comment_status":"open","ping_status":"closed","template":"","meta":{"_joinchat":[]},"product_brand":[],"product_cat":[146],"product_tag":[],"marca":[147],"class_list":{"0":"post-4424","1":"product","2":"type-product","3":"status-publish","4":"has-post-thumbnail","6":"product_cat-medidores-de-vazao-e-tubos-de-vazao","7":"marca-endresshauser","9":"first","10":"instock","11":"shipping-taxable","12":"purchasable","13":"product-type-simple"},"yoast_head":"<!-- This site is optimized with the Yoast SEO plugin v27.2 - https:\/\/yoast.com\/product\/yoast-seo-wordpress\/ -->\n<title>Medidor de vaz\u00e3o eletromagn\u00e9tico Proline Promag 53H - Full Solutions<\/title>\n<meta name=\"robots\" content=\"index, follow, max-snippet:-1, max-image-preview:large, max-video-preview:-1\" \/>\n<link rel=\"canonical\" href=\"https:\/\/fullsolutions.info\/en\/product\/medidor-de-vazao-eletromagnetico-proline-promag-53h\/\" \/>\n<meta property=\"og:locale\" content=\"en_US\" \/>\n<meta property=\"og:type\" content=\"article\" \/>\n<meta property=\"og:title\" content=\"Medidor de vaz\u00e3o eletromagn\u00e9tico Proline Promag 53H - Full Solutions\" \/>\n<meta property=\"og:description\" content=\"Promag H \u00e9 o sensor preferido para aplica\u00e7\u00f5es com os mais altos requisitos nas ind\u00fastrias de alimentos e bebidas e ci\u00eancias da vida. Combinado com o transmissor Promag 53 com controle sens\u00edvel ao toque, display de quatro linhas e funcionalidades estendidas como op\u00e7\u00f5es de software para enchimento, dosagem, limpeza de eletrodos ou diagn\u00f3sticos avan\u00e7ados, o Promag 53H oferece a mais alta precis\u00e3o nas tarefas de medi\u00e7\u00e3o mais complexas e exigentes. O Promag 53H est\u00e1 dispon\u00edvel em uma vers\u00e3o compacta ou remota. Benef\u00edcios Conceito de instala\u00e7\u00e3o flex\u00edvel &#8211; numerosas conex\u00f5es higi\u00eanicas Medi\u00e7\u00e3o de fluxo economizadora de energia &#8211; sem perda de press\u00e3o devido \u00e0 constri\u00e7\u00e3o da se\u00e7\u00e3o transversal Qualidade &#8211; software para enchimento, dosagem, limpeza de eletrodos e tamb\u00e9m diagn\u00f3sticos avan\u00e7ados C\u00e1lculos f\u00e1ceis &#8211; totalizadores bidirecionais Recupera\u00e7\u00e3o autom\u00e1tica de dados para manuten\u00e7\u00e3o Livre de manuten\u00e7\u00e3o &#8211; sem pe\u00e7as m\u00f3veis Aplica\u00e7\u00e3o O princ\u00edpio de medi\u00e7\u00e3o \u00e9 praticamente independente de press\u00e3o, densidade, temperatura e viscosidade Para aplica\u00e7\u00f5es higi\u00eanicas exigentes. Propriedades do dispositivo Forro feito de PFA Carca\u00e7a do sensor feita de a\u00e7o inoxid\u00e1vel (3A, EHEDG) Materiais molhados CIP, SIP lav\u00e1veis Display retroiluminado de 4 linhas com controle sens\u00edvel ao toque Dispositivo em vers\u00e3o compacta ou remota HART, PROFIBUS PA\/DP, Modbus RS485, FF, EtherNet\/IP\" \/>\n<meta property=\"og:url\" content=\"https:\/\/fullsolutions.info\/en\/product\/medidor-de-vazao-eletromagnetico-proline-promag-53h\/\" \/>\n<meta property=\"og:site_name\" content=\"Full Solutions\" \/>\n<meta property=\"article:modified_time\" content=\"2024-02-19T16:12:22+00:00\" \/>\n<meta property=\"og:image\" content=\"https:\/\/mlhff0prgoxu.i.optimole.com\/cb:s0sM.767\/w:auto\/h:auto\/q:mauto\/f:best\/https:\/\/fullsolutions.info\/wp-content\/uploads\/2024\/02\/Promag_53H_Front_Horiz_Displ_Komp_PG_PP_01.jpg\" \/>\n\t<meta property=\"og:image:width\" content=\"636\" \/>\n\t<meta property=\"og:image:height\" content=\"358\" \/>\n\t<meta property=\"og:image:type\" content=\"image\/jpeg\" \/>\n<meta name=\"twitter:card\" content=\"summary_large_image\" \/>\n<meta name=\"twitter:label1\" content=\"Est. reading time\" \/>\n\t<meta name=\"twitter:data1\" content=\"1 minute\" \/>\n<script type=\"application\/ld+json\" class=\"yoast-schema-graph\">{\"@context\":\"https:\/\/schema.org\",\"@graph\":[{\"@type\":\"WebPage\",\"@id\":\"https:\/\/fullsolutions.info\/produto\/medidor-de-vazao-eletromagnetico-proline-promag-53h\/\",\"url\":\"https:\/\/fullsolutions.info\/produto\/medidor-de-vazao-eletromagnetico-proline-promag-53h\/\",\"name\":\"Medidor de vaz\u00e3o eletromagn\u00e9tico Proline Promag 53H - Full Solutions\",\"isPartOf\":{\"@id\":\"https:\/\/fullsolutions.info\/#website\"},\"primaryImageOfPage\":{\"@id\":\"https:\/\/fullsolutions.info\/produto\/medidor-de-vazao-eletromagnetico-proline-promag-53h\/#primaryimage\"},\"image\":{\"@id\":\"https:\/\/fullsolutions.info\/produto\/medidor-de-vazao-eletromagnetico-proline-promag-53h\/#primaryimage\"},\"thumbnailUrl\":\"https:\/\/mlhff0prgoxu.i.optimole.com\/cb:s0sM.767\/w:auto\/h:auto\/q:mauto\/f:best\/https:\/\/fullsolutions.info\/wp-content\/uploads\/2024\/02\/Promag_53H_Front_Horiz_Displ_Komp_PG_PP_01.jpg\",\"datePublished\":\"2024-02-02T17:31:26+00:00\",\"dateModified\":\"2024-02-19T16:12:22+00:00\",\"breadcrumb\":{\"@id\":\"https:\/\/fullsolutions.info\/produto\/medidor-de-vazao-eletromagnetico-proline-promag-53h\/#breadcrumb\"},\"inLanguage\":\"en-US\",\"potentialAction\":[{\"@type\":\"ReadAction\",\"target\":[\"https:\/\/fullsolutions.info\/produto\/medidor-de-vazao-eletromagnetico-proline-promag-53h\/\"]}]},{\"@type\":\"ImageObject\",\"inLanguage\":\"en-US\",\"@id\":\"https:\/\/fullsolutions.info\/produto\/medidor-de-vazao-eletromagnetico-proline-promag-53h\/#primaryimage\",\"url\":\"https:\/\/mlhff0prgoxu.i.optimole.com\/cb:s0sM.767\/w:auto\/h:auto\/q:mauto\/f:best\/https:\/\/fullsolutions.info\/wp-content\/uploads\/2024\/02\/Promag_53H_Front_Horiz_Displ_Komp_PG_PP_01.jpg\",\"contentUrl\":\"https:\/\/mlhff0prgoxu.i.optimole.com\/cb:s0sM.767\/w:auto\/h:auto\/q:mauto\/f:best\/https:\/\/fullsolutions.info\/wp-content\/uploads\/2024\/02\/Promag_53H_Front_Horiz_Displ_Komp_PG_PP_01.jpg\",\"width\":636,\"height\":358,\"caption\":\"Promag H DN 40 kompakt PG 003\"},{\"@type\":\"BreadcrumbList\",\"@id\":\"https:\/\/fullsolutions.info\/produto\/medidor-de-vazao-eletromagnetico-proline-promag-53h\/#breadcrumb\",\"itemListElement\":[{\"@type\":\"ListItem\",\"position\":1,\"name\":\"In\u00edcio\",\"item\":\"https:\/\/fullsolutions.info\/\"},{\"@type\":\"ListItem\",\"position\":2,\"name\":\"Produtos\",\"item\":\"https:\/\/fullsolutions.info\/shop\/\"},{\"@type\":\"ListItem\",\"position\":3,\"name\":\"Medidor de vaz\u00e3o eletromagn\u00e9tico Proline Promag 53H\"}]},{\"@type\":\"WebSite\",\"@id\":\"https:\/\/fullsolutions.info\/#website\",\"url\":\"https:\/\/fullsolutions.info\/\",\"name\":\"Full Solutions\",\"description\":\"Empresa na \u00c1rea de Procurement\",\"publisher\":{\"@id\":\"https:\/\/fullsolutions.info\/#organization\"},\"potentialAction\":[{\"@type\":\"SearchAction\",\"target\":{\"@type\":\"EntryPoint\",\"urlTemplate\":\"https:\/\/fullsolutions.info\/?s={search_term_string}\"},\"query-input\":{\"@type\":\"PropertyValueSpecification\",\"valueRequired\":true,\"valueName\":\"search_term_string\"}}],\"inLanguage\":\"en-US\"},{\"@type\":\"Organization\",\"@id\":\"https:\/\/fullsolutions.info\/#organization\",\"name\":\"Full Solutions\",\"url\":\"https:\/\/fullsolutions.info\/\",\"logo\":{\"@type\":\"ImageObject\",\"inLanguage\":\"en-US\",\"@id\":\"https:\/\/fullsolutions.info\/#\/schema\/logo\/image\/\",\"url\":\"https:\/\/mlhff0prgoxu.i.optimole.com\/cb:s0sM.767\/w:auto\/h:auto\/q:mauto\/f:best\/https:\/\/fullsolutions.info\/wp-content\/uploads\/2021\/07\/cropped-Design-sem-nome-300x193-1-e1627062664782.png\",\"contentUrl\":\"https:\/\/mlhff0prgoxu.i.optimole.com\/cb:s0sM.767\/w:auto\/h:auto\/q:mauto\/f:best\/https:\/\/fullsolutions.info\/wp-content\/uploads\/2021\/07\/cropped-Design-sem-nome-300x193-1-e1627062664782.png\",\"width\":202,\"height\":155,\"caption\":\"Full Solutions\"},\"image\":{\"@id\":\"https:\/\/fullsolutions.info\/#\/schema\/logo\/image\/\"},\"sameAs\":[\"https:\/\/www.linkedin.com\/company\/full-solutions-equipment\"]}]}<\/script>\n<!-- \/ Yoast SEO plugin. -->","yoast_head_json":{"title":"Medidor de vaz\u00e3o eletromagn\u00e9tico Proline Promag 53H - Full Solutions","robots":{"index":"index","follow":"follow","max-snippet":"max-snippet:-1","max-image-preview":"max-image-preview:large","max-video-preview":"max-video-preview:-1"},"canonical":"https:\/\/fullsolutions.info\/en\/product\/medidor-de-vazao-eletromagnetico-proline-promag-53h\/","og_locale":"en_US","og_type":"article","og_title":"Medidor de vaz\u00e3o eletromagn\u00e9tico Proline Promag 53H - Full Solutions","og_description":"Promag H \u00e9 o sensor preferido para aplica\u00e7\u00f5es com os mais altos requisitos nas ind\u00fastrias de alimentos e bebidas e ci\u00eancias da vida. Combinado com o transmissor Promag 53 com controle sens\u00edvel ao toque, display de quatro linhas e funcionalidades estendidas como op\u00e7\u00f5es de software para enchimento, dosagem, limpeza de eletrodos ou diagn\u00f3sticos avan\u00e7ados, o Promag 53H oferece a mais alta precis\u00e3o nas tarefas de medi\u00e7\u00e3o mais complexas e exigentes. O Promag 53H est\u00e1 dispon\u00edvel em uma vers\u00e3o compacta ou remota. Benef\u00edcios Conceito de instala\u00e7\u00e3o flex\u00edvel &#8211; numerosas conex\u00f5es higi\u00eanicas Medi\u00e7\u00e3o de fluxo economizadora de energia &#8211; sem perda de press\u00e3o devido \u00e0 constri\u00e7\u00e3o da se\u00e7\u00e3o transversal Qualidade &#8211; software para enchimento, dosagem, limpeza de eletrodos e tamb\u00e9m diagn\u00f3sticos avan\u00e7ados C\u00e1lculos f\u00e1ceis &#8211; totalizadores bidirecionais Recupera\u00e7\u00e3o autom\u00e1tica de dados para manuten\u00e7\u00e3o Livre de manuten\u00e7\u00e3o &#8211; sem pe\u00e7as m\u00f3veis Aplica\u00e7\u00e3o O princ\u00edpio de medi\u00e7\u00e3o \u00e9 praticamente independente de press\u00e3o, densidade, temperatura e viscosidade Para aplica\u00e7\u00f5es higi\u00eanicas exigentes. Propriedades do dispositivo Forro feito de PFA Carca\u00e7a do sensor feita de a\u00e7o inoxid\u00e1vel (3A, EHEDG) Materiais molhados CIP, SIP lav\u00e1veis Display retroiluminado de 4 linhas com controle sens\u00edvel ao toque Dispositivo em vers\u00e3o compacta ou remota HART, PROFIBUS PA\/DP, Modbus RS485, FF, EtherNet\/IP","og_url":"https:\/\/fullsolutions.info\/en\/product\/medidor-de-vazao-eletromagnetico-proline-promag-53h\/","og_site_name":"Full Solutions","article_modified_time":"2024-02-19T16:12:22+00:00","og_image":[{"width":636,"height":358,"url":"https:\/\/mlhff0prgoxu.i.optimole.com\/cb:s0sM.767\/w:auto\/h:auto\/q:mauto\/f:best\/https:\/\/fullsolutions.info\/wp-content\/uploads\/2024\/02\/Promag_53H_Front_Horiz_Displ_Komp_PG_PP_01.jpg","type":"image\/jpeg"}],"twitter_card":"summary_large_image","twitter_misc":{"Est. reading time":"1 minute"},"schema":{"@context":"https:\/\/schema.org","@graph":[{"@type":"WebPage","@id":"https:\/\/fullsolutions.info\/produto\/medidor-de-vazao-eletromagnetico-proline-promag-53h\/","url":"https:\/\/fullsolutions.info\/produto\/medidor-de-vazao-eletromagnetico-proline-promag-53h\/","name":"Medidor de vaz\u00e3o eletromagn\u00e9tico Proline Promag 53H - Full Solutions","isPartOf":{"@id":"https:\/\/fullsolutions.info\/#website"},"primaryImageOfPage":{"@id":"https:\/\/fullsolutions.info\/produto\/medidor-de-vazao-eletromagnetico-proline-promag-53h\/#primaryimage"},"image":{"@id":"https:\/\/fullsolutions.info\/produto\/medidor-de-vazao-eletromagnetico-proline-promag-53h\/#primaryimage"},"thumbnailUrl":"https:\/\/mlhff0prgoxu.i.optimole.com\/cb:s0sM.767\/w:auto\/h:auto\/q:mauto\/f:best\/https:\/\/fullsolutions.info\/wp-content\/uploads\/2024\/02\/Promag_53H_Front_Horiz_Displ_Komp_PG_PP_01.jpg","datePublished":"2024-02-02T17:31:26+00:00","dateModified":"2024-02-19T16:12:22+00:00","breadcrumb":{"@id":"https:\/\/fullsolutions.info\/produto\/medidor-de-vazao-eletromagnetico-proline-promag-53h\/#breadcrumb"},"inLanguage":"en-US","potentialAction":[{"@type":"ReadAction","target":["https:\/\/fullsolutions.info\/produto\/medidor-de-vazao-eletromagnetico-proline-promag-53h\/"]}]},{"@type":"ImageObject","inLanguage":"en-US","@id":"https:\/\/fullsolutions.info\/produto\/medidor-de-vazao-eletromagnetico-proline-promag-53h\/#primaryimage","url":"https:\/\/mlhff0prgoxu.i.optimole.com\/cb:s0sM.767\/w:auto\/h:auto\/q:mauto\/f:best\/https:\/\/fullsolutions.info\/wp-content\/uploads\/2024\/02\/Promag_53H_Front_Horiz_Displ_Komp_PG_PP_01.jpg","contentUrl":"https:\/\/mlhff0prgoxu.i.optimole.com\/cb:s0sM.767\/w:auto\/h:auto\/q:mauto\/f:best\/https:\/\/fullsolutions.info\/wp-content\/uploads\/2024\/02\/Promag_53H_Front_Horiz_Displ_Komp_PG_PP_01.jpg","width":636,"height":358,"caption":"Promag H DN 40 kompakt PG 003"},{"@type":"BreadcrumbList","@id":"https:\/\/fullsolutions.info\/produto\/medidor-de-vazao-eletromagnetico-proline-promag-53h\/#breadcrumb","itemListElement":[{"@type":"ListItem","position":1,"name":"In\u00edcio","item":"https:\/\/fullsolutions.info\/"},{"@type":"ListItem","position":2,"name":"Produtos","item":"https:\/\/fullsolutions.info\/shop\/"},{"@type":"ListItem","position":3,"name":"Medidor de vaz\u00e3o eletromagn\u00e9tico Proline Promag 53H"}]},{"@type":"WebSite","@id":"https:\/\/fullsolutions.info\/#website","url":"https:\/\/fullsolutions.info\/","name":"Full Solutions","description":"Empresa na \u00c1rea de Procurement","publisher":{"@id":"https:\/\/fullsolutions.info\/#organization"},"potentialAction":[{"@type":"SearchAction","target":{"@type":"EntryPoint","urlTemplate":"https:\/\/fullsolutions.info\/?s={search_term_string}"},"query-input":{"@type":"PropertyValueSpecification","valueRequired":true,"valueName":"search_term_string"}}],"inLanguage":"en-US"},{"@type":"Organization","@id":"https:\/\/fullsolutions.info\/#organization","name":"Full Solutions","url":"https:\/\/fullsolutions.info\/","logo":{"@type":"ImageObject","inLanguage":"en-US","@id":"https:\/\/fullsolutions.info\/#\/schema\/logo\/image\/","url":"https:\/\/mlhff0prgoxu.i.optimole.com\/cb:s0sM.767\/w:auto\/h:auto\/q:mauto\/f:best\/https:\/\/fullsolutions.info\/wp-content\/uploads\/2021\/07\/cropped-Design-sem-nome-300x193-1-e1627062664782.png","contentUrl":"https:\/\/mlhff0prgoxu.i.optimole.com\/cb:s0sM.767\/w:auto\/h:auto\/q:mauto\/f:best\/https:\/\/fullsolutions.info\/wp-content\/uploads\/2021\/07\/cropped-Design-sem-nome-300x193-1-e1627062664782.png","width":202,"height":155,"caption":"Full Solutions"},"image":{"@id":"https:\/\/fullsolutions.info\/#\/schema\/logo\/image\/"},"sameAs":["https:\/\/www.linkedin.com\/company\/full-solutions-equipment"]}]}},"_links":{"self":[{"href":"https:\/\/fullsolutions.info\/en\/wp-json\/wp\/v2\/product\/4424","targetHints":{"allow":["GET"]}}],"collection":[{"href":"https:\/\/fullsolutions.info\/en\/wp-json\/wp\/v2\/product"}],"about":[{"href":"https:\/\/fullsolutions.info\/en\/wp-json\/wp\/v2\/types\/product"}],"replies":[{"embeddable":true,"href":"https:\/\/fullsolutions.info\/en\/wp-json\/wp\/v2\/comments?post=4424"}],"wp:featuredmedia":[{"embeddable":true,"href":"https:\/\/fullsolutions.info\/en\/wp-json\/wp\/v2\/media\/4426"}],"wp:attachment":[{"href":"https:\/\/fullsolutions.info\/en\/wp-json\/wp\/v2\/media?parent=4424"}],"wp:term":[{"taxonomy":"product_brand","embeddable":true,"href":"https:\/\/fullsolutions.info\/en\/wp-json\/wp\/v2\/product_brand?post=4424"},{"taxonomy":"product_cat","embeddable":true,"href":"https:\/\/fullsolutions.info\/en\/wp-json\/wp\/v2\/product_cat?post=4424"},{"taxonomy":"product_tag","embeddable":true,"href":"https:\/\/fullsolutions.info\/en\/wp-json\/wp\/v2\/product_tag?post=4424"},{"taxonomy":"marca","embeddable":true,"href":"https:\/\/fullsolutions.info\/en\/wp-json\/wp\/v2\/marca?post=4424"}],"curies":[{"name":"wp","href":"https:\/\/api.w.org\/{rel}","templated":true}]}}