{"id":4415,"date":"2024-02-02T17:26:10","date_gmt":"2024-02-02T17:26:10","guid":{"rendered":"https:\/\/fullsolutionsequip.com\/?post_type=product&#038;p=4415"},"modified":"2024-02-19T16:12:23","modified_gmt":"2024-02-19T16:12:23","slug":"medidor-de-vazao-eletromagnetico-proline-promag-w-800","status":"publish","type":"product","link":"https:\/\/fullsolutions.info\/en\/product\/medidor-de-vazao-eletromagnetico-proline-promag-w-800\/","title":{"rendered":"Ultrasonic flow meter, electromagnetic Proline Promag W 800"},"content":{"rendered":"<p>O Promag W \u00e9 o sensor especializado para todas as aplica\u00e7\u00f5es na ind\u00fastria da \u00e1gua. Combinado com o transmissor alimentado por bateria Proline 800 para a medi\u00e7\u00e3o de \u00e1gua e \u00e1guas residuais, o Promag W 800 ser\u00e1 a solu\u00e7\u00e3o preferida para todas as aplica\u00e7\u00f5es nesta ind\u00fastria, localizadas em \u00e1reas sem rede el\u00e9trica. Ele oferece a transmiss\u00e3o mundial de dados e eventos medidos via e-mail e SMS.<\/p>\n<p><strong>Benef\u00edcios<\/strong><\/p>\n<p>Para instala\u00e7\u00e3o direta no subsolo ou uso permanente debaixo d&#8217;\u00e1gua &#8211; sensor certificado<\/p>\n<p>Opera\u00e7\u00e3o segura, confi\u00e1vel a longo prazo &#8211; sensor robusto e completamente soldado<\/p>\n<p>Medi\u00e7\u00e3o de fluxo economizadora de energia &#8211; sem perda de press\u00e3o devido \u00e0 constri\u00e7\u00e3o da se\u00e7\u00e3o transversal<\/p>\n<p>Livre de manuten\u00e7\u00e3o &#8211; sem pe\u00e7as m\u00f3veis<\/p>\n<p>Sem necessidade de rede el\u00e9trica &#8211; vida \u00fatil da bateria de at\u00e9 15 anos<\/p>\n<p>Transmiss\u00e3o mundial de dados e eventos medidos via e-mail e SMS &#8211; modem GSM\/GPRS integrado<\/p>\n<p>Armazenamento confi\u00e1vel de dados &#8211; cart\u00e3o SD integrado<\/p>\n<p><strong>Aplica\u00e7\u00f5es<\/strong><\/p>\n<p>O princ\u00edpio de medi\u00e7\u00e3o \u00e9 praticamente independente de press\u00e3o, densidade, temperatura e viscosidade<\/p>\n<p>O especialista na ind\u00fastria de \u00e1gua e \u00e1guas residuais para as aplica\u00e7\u00f5es mais exigentes.<\/p>\n<p><strong>Propriedades do dispositivo<\/strong><\/p>\n<p>Aprova\u00e7\u00f5es internacionais para \u00e1gua pot\u00e1vel<\/p>\n<p>Grau de prote\u00e7\u00e3o IP68 (inv\u00f3lucro Tipo 6P)<\/p>\n<p>Caixa do transmissor feita de policarbonato dur\u00e1vel<\/p>\n<p>Tudo em 1 caixa incluindo baterias e modem sem fio<\/p>\n<p>Os intervalos de medi\u00e7\u00e3o podem ser adaptados individualmente<\/p>","protected":false},"excerpt":{"rendered":"<p>O Promag W \u00e9 o sensor especializado para todas as aplica\u00e7\u00f5es na ind\u00fastria da \u00e1gua. Combinado com o transmissor alimentado por bateria Proline 800 para a medi\u00e7\u00e3o de \u00e1gua e \u00e1guas residuais, o Promag W 800 ser\u00e1 a solu\u00e7\u00e3o preferida para todas as aplica\u00e7\u00f5es nesta ind\u00fastria, localizadas em \u00e1reas sem rede el\u00e9trica. Ele oferece a transmiss\u00e3o mundial de dados e eventos medidos via e-mail e SMS. Benef\u00edcios Para instala\u00e7\u00e3o direta no subsolo ou uso permanente debaixo d&#8217;\u00e1gua &#8211; sensor certificado Opera\u00e7\u00e3o segura, confi\u00e1vel a longo prazo &#8211; sensor robusto e completamente soldado Medi\u00e7\u00e3o de fluxo economizadora de energia &#8211; sem perda de press\u00e3o devido \u00e0 constri\u00e7\u00e3o da se\u00e7\u00e3o transversal Livre de manuten\u00e7\u00e3o &#8211; sem pe\u00e7as m\u00f3veis Sem necessidade de rede el\u00e9trica &#8211; vida \u00fatil da bateria de at\u00e9 15 anos Transmiss\u00e3o mundial de dados e eventos medidos via e-mail e SMS &#8211; modem GSM\/GPRS integrado Armazenamento confi\u00e1vel de dados &#8211; cart\u00e3o SD integrado Aplica\u00e7\u00f5es O princ\u00edpio de medi\u00e7\u00e3o \u00e9 praticamente independente de press\u00e3o, densidade, temperatura e viscosidade O especialista na ind\u00fastria de \u00e1gua e \u00e1guas residuais para as aplica\u00e7\u00f5es mais exigentes. Propriedades do dispositivo Aprova\u00e7\u00f5es internacionais para \u00e1gua pot\u00e1vel Grau de prote\u00e7\u00e3o IP68 (inv\u00f3lucro Tipo 6P) Caixa do transmissor feita de policarbonato dur\u00e1vel Tudo em 1 caixa incluindo baterias e modem sem fio Os intervalos de medi\u00e7\u00e3o podem ser adaptados individualmente<\/p>","protected":false},"featured_media":4417,"comment_status":"open","ping_status":"closed","template":"","meta":{"_joinchat":[]},"product_brand":[],"product_cat":[146],"product_tag":[],"marca":[147],"class_list":{"0":"post-4415","1":"product","2":"type-product","3":"status-publish","4":"has-post-thumbnail","6":"product_cat-medidores-de-vazao-e-tubos-de-vazao","7":"marca-endresshauser","9":"first","10":"instock","11":"shipping-taxable","12":"purchasable","13":"product-type-simple"},"yoast_head":"<!-- This site is optimized with the Yoast SEO plugin v27.2 - https:\/\/yoast.com\/product\/yoast-seo-wordpress\/ -->\n<title>Medidor de vaz\u00e3o eletromagn\u00e9tico Proline Promag W 800 - Full Solutions<\/title>\n<meta name=\"robots\" content=\"index, follow, max-snippet:-1, max-image-preview:large, max-video-preview:-1\" \/>\n<link rel=\"canonical\" href=\"https:\/\/fullsolutions.info\/en\/product\/medidor-de-vazao-eletromagnetico-proline-promag-w-800\/\" \/>\n<meta property=\"og:locale\" content=\"en_US\" \/>\n<meta property=\"og:type\" content=\"article\" \/>\n<meta property=\"og:title\" content=\"Medidor de vaz\u00e3o eletromagn\u00e9tico Proline Promag W 800 - Full Solutions\" \/>\n<meta property=\"og:description\" content=\"O Promag W \u00e9 o sensor especializado para todas as aplica\u00e7\u00f5es na ind\u00fastria da \u00e1gua. Combinado com o transmissor alimentado por bateria Proline 800 para a medi\u00e7\u00e3o de \u00e1gua e \u00e1guas residuais, o Promag W 800 ser\u00e1 a solu\u00e7\u00e3o preferida para todas as aplica\u00e7\u00f5es nesta ind\u00fastria, localizadas em \u00e1reas sem rede el\u00e9trica. Ele oferece a transmiss\u00e3o mundial de dados e eventos medidos via e-mail e SMS. Benef\u00edcios Para instala\u00e7\u00e3o direta no subsolo ou uso permanente debaixo d&#8217;\u00e1gua &#8211; sensor certificado Opera\u00e7\u00e3o segura, confi\u00e1vel a longo prazo &#8211; sensor robusto e completamente soldado Medi\u00e7\u00e3o de fluxo economizadora de energia &#8211; sem perda de press\u00e3o devido \u00e0 constri\u00e7\u00e3o da se\u00e7\u00e3o transversal Livre de manuten\u00e7\u00e3o &#8211; sem pe\u00e7as m\u00f3veis Sem necessidade de rede el\u00e9trica &#8211; vida \u00fatil da bateria de at\u00e9 15 anos Transmiss\u00e3o mundial de dados e eventos medidos via e-mail e SMS &#8211; modem GSM\/GPRS integrado Armazenamento confi\u00e1vel de dados &#8211; cart\u00e3o SD integrado Aplica\u00e7\u00f5es O princ\u00edpio de medi\u00e7\u00e3o \u00e9 praticamente independente de press\u00e3o, densidade, temperatura e viscosidade O especialista na ind\u00fastria de \u00e1gua e \u00e1guas residuais para as aplica\u00e7\u00f5es mais exigentes. Propriedades do dispositivo Aprova\u00e7\u00f5es internacionais para \u00e1gua pot\u00e1vel Grau de prote\u00e7\u00e3o IP68 (inv\u00f3lucro Tipo 6P) Caixa do transmissor feita de policarbonato dur\u00e1vel Tudo em 1 caixa incluindo baterias e modem sem fio Os intervalos de medi\u00e7\u00e3o podem ser adaptados individualmente\" \/>\n<meta property=\"og:url\" content=\"https:\/\/fullsolutions.info\/en\/product\/medidor-de-vazao-eletromagnetico-proline-promag-w-800\/\" \/>\n<meta property=\"og:site_name\" content=\"Full Solutions\" \/>\n<meta property=\"article:modified_time\" content=\"2024-02-19T16:12:23+00:00\" \/>\n<meta property=\"og:image\" content=\"https:\/\/mlhff0prgoxu.i.optimole.com\/cb:s0sM.767\/w:auto\/h:auto\/q:mauto\/f:best\/https:\/\/fullsolutions.info\/wp-content\/uploads\/2024\/02\/Promag_W_400_5W4C_Front_Horiz_Displ_Komp_PGp___PP_01-2.jpg\" \/>\n\t<meta property=\"og:image:width\" content=\"636\" \/>\n\t<meta property=\"og:image:height\" content=\"358\" \/>\n\t<meta property=\"og:image:type\" content=\"image\/jpeg\" \/>\n<meta name=\"twitter:card\" content=\"summary_large_image\" \/>\n<meta name=\"twitter:label1\" content=\"Est. reading time\" \/>\n\t<meta name=\"twitter:data1\" content=\"1 minute\" \/>\n<script type=\"application\/ld+json\" class=\"yoast-schema-graph\">{\"@context\":\"https:\/\/schema.org\",\"@graph\":[{\"@type\":\"WebPage\",\"@id\":\"https:\/\/fullsolutions.info\/produto\/medidor-de-vazao-eletromagnetico-proline-promag-w-800\/\",\"url\":\"https:\/\/fullsolutions.info\/produto\/medidor-de-vazao-eletromagnetico-proline-promag-w-800\/\",\"name\":\"Medidor de vaz\u00e3o eletromagn\u00e9tico Proline Promag W 800 - Full Solutions\",\"isPartOf\":{\"@id\":\"https:\/\/fullsolutions.info\/#website\"},\"primaryImageOfPage\":{\"@id\":\"https:\/\/fullsolutions.info\/produto\/medidor-de-vazao-eletromagnetico-proline-promag-w-800\/#primaryimage\"},\"image\":{\"@id\":\"https:\/\/fullsolutions.info\/produto\/medidor-de-vazao-eletromagnetico-proline-promag-w-800\/#primaryimage\"},\"thumbnailUrl\":\"https:\/\/mlhff0prgoxu.i.optimole.com\/cb:s0sM.767\/w:auto\/h:auto\/q:mauto\/f:best\/https:\/\/fullsolutions.info\/wp-content\/uploads\/2024\/02\/Promag_W_400_5W4C_Front_Horiz_Displ_Komp_PGp___PP_01-2.jpg\",\"datePublished\":\"2024-02-02T17:26:10+00:00\",\"dateModified\":\"2024-02-19T16:12:23+00:00\",\"breadcrumb\":{\"@id\":\"https:\/\/fullsolutions.info\/produto\/medidor-de-vazao-eletromagnetico-proline-promag-w-800\/#breadcrumb\"},\"inLanguage\":\"en-US\",\"potentialAction\":[{\"@type\":\"ReadAction\",\"target\":[\"https:\/\/fullsolutions.info\/produto\/medidor-de-vazao-eletromagnetico-proline-promag-w-800\/\"]}]},{\"@type\":\"ImageObject\",\"inLanguage\":\"en-US\",\"@id\":\"https:\/\/fullsolutions.info\/produto\/medidor-de-vazao-eletromagnetico-proline-promag-w-800\/#primaryimage\",\"url\":\"https:\/\/mlhff0prgoxu.i.optimole.com\/cb:s0sM.767\/w:auto\/h:auto\/q:mauto\/f:best\/https:\/\/fullsolutions.info\/wp-content\/uploads\/2024\/02\/Promag_W_400_5W4C_Front_Horiz_Displ_Komp_PGp___PP_01-2.jpg\",\"contentUrl\":\"https:\/\/mlhff0prgoxu.i.optimole.com\/cb:s0sM.767\/w:auto\/h:auto\/q:mauto\/f:best\/https:\/\/fullsolutions.info\/wp-content\/uploads\/2024\/02\/Promag_W_400_5W4C_Front_Horiz_Displ_Komp_PGp___PP_01-2.jpg\",\"width\":636,\"height\":358},{\"@type\":\"BreadcrumbList\",\"@id\":\"https:\/\/fullsolutions.info\/produto\/medidor-de-vazao-eletromagnetico-proline-promag-w-800\/#breadcrumb\",\"itemListElement\":[{\"@type\":\"ListItem\",\"position\":1,\"name\":\"In\u00edcio\",\"item\":\"https:\/\/fullsolutions.info\/\"},{\"@type\":\"ListItem\",\"position\":2,\"name\":\"Produtos\",\"item\":\"https:\/\/fullsolutions.info\/shop\/\"},{\"@type\":\"ListItem\",\"position\":3,\"name\":\"Medidor de vaz\u00e3o eletromagn\u00e9tico Proline Promag W 800\"}]},{\"@type\":\"WebSite\",\"@id\":\"https:\/\/fullsolutions.info\/#website\",\"url\":\"https:\/\/fullsolutions.info\/\",\"name\":\"Full Solutions\",\"description\":\"Empresa na \u00c1rea de Procurement\",\"publisher\":{\"@id\":\"https:\/\/fullsolutions.info\/#organization\"},\"potentialAction\":[{\"@type\":\"SearchAction\",\"target\":{\"@type\":\"EntryPoint\",\"urlTemplate\":\"https:\/\/fullsolutions.info\/?s={search_term_string}\"},\"query-input\":{\"@type\":\"PropertyValueSpecification\",\"valueRequired\":true,\"valueName\":\"search_term_string\"}}],\"inLanguage\":\"en-US\"},{\"@type\":\"Organization\",\"@id\":\"https:\/\/fullsolutions.info\/#organization\",\"name\":\"Full Solutions\",\"url\":\"https:\/\/fullsolutions.info\/\",\"logo\":{\"@type\":\"ImageObject\",\"inLanguage\":\"en-US\",\"@id\":\"https:\/\/fullsolutions.info\/#\/schema\/logo\/image\/\",\"url\":\"https:\/\/mlhff0prgoxu.i.optimole.com\/cb:s0sM.767\/w:auto\/h:auto\/q:mauto\/f:best\/https:\/\/fullsolutions.info\/wp-content\/uploads\/2021\/07\/cropped-Design-sem-nome-300x193-1-e1627062664782.png\",\"contentUrl\":\"https:\/\/mlhff0prgoxu.i.optimole.com\/cb:s0sM.767\/w:auto\/h:auto\/q:mauto\/f:best\/https:\/\/fullsolutions.info\/wp-content\/uploads\/2021\/07\/cropped-Design-sem-nome-300x193-1-e1627062664782.png\",\"width\":202,\"height\":155,\"caption\":\"Full Solutions\"},\"image\":{\"@id\":\"https:\/\/fullsolutions.info\/#\/schema\/logo\/image\/\"},\"sameAs\":[\"https:\/\/www.linkedin.com\/company\/full-solutions-equipment\"]}]}<\/script>\n<!-- \/ Yoast SEO plugin. -->","yoast_head_json":{"title":"Medidor de vaz\u00e3o eletromagn\u00e9tico Proline Promag W 800 - Full Solutions","robots":{"index":"index","follow":"follow","max-snippet":"max-snippet:-1","max-image-preview":"max-image-preview:large","max-video-preview":"max-video-preview:-1"},"canonical":"https:\/\/fullsolutions.info\/en\/product\/medidor-de-vazao-eletromagnetico-proline-promag-w-800\/","og_locale":"en_US","og_type":"article","og_title":"Medidor de vaz\u00e3o eletromagn\u00e9tico Proline Promag W 800 - Full Solutions","og_description":"O Promag W \u00e9 o sensor especializado para todas as aplica\u00e7\u00f5es na ind\u00fastria da \u00e1gua. Combinado com o transmissor alimentado por bateria Proline 800 para a medi\u00e7\u00e3o de \u00e1gua e \u00e1guas residuais, o Promag W 800 ser\u00e1 a solu\u00e7\u00e3o preferida para todas as aplica\u00e7\u00f5es nesta ind\u00fastria, localizadas em \u00e1reas sem rede el\u00e9trica. Ele oferece a transmiss\u00e3o mundial de dados e eventos medidos via e-mail e SMS. Benef\u00edcios Para instala\u00e7\u00e3o direta no subsolo ou uso permanente debaixo d&#8217;\u00e1gua &#8211; sensor certificado Opera\u00e7\u00e3o segura, confi\u00e1vel a longo prazo &#8211; sensor robusto e completamente soldado Medi\u00e7\u00e3o de fluxo economizadora de energia &#8211; sem perda de press\u00e3o devido \u00e0 constri\u00e7\u00e3o da se\u00e7\u00e3o transversal Livre de manuten\u00e7\u00e3o &#8211; sem pe\u00e7as m\u00f3veis Sem necessidade de rede el\u00e9trica &#8211; vida \u00fatil da bateria de at\u00e9 15 anos Transmiss\u00e3o mundial de dados e eventos medidos via e-mail e SMS &#8211; modem GSM\/GPRS integrado Armazenamento confi\u00e1vel de dados &#8211; cart\u00e3o SD integrado Aplica\u00e7\u00f5es O princ\u00edpio de medi\u00e7\u00e3o \u00e9 praticamente independente de press\u00e3o, densidade, temperatura e viscosidade O especialista na ind\u00fastria de \u00e1gua e \u00e1guas residuais para as aplica\u00e7\u00f5es mais exigentes. Propriedades do dispositivo Aprova\u00e7\u00f5es internacionais para \u00e1gua pot\u00e1vel Grau de prote\u00e7\u00e3o IP68 (inv\u00f3lucro Tipo 6P) Caixa do transmissor feita de policarbonato dur\u00e1vel Tudo em 1 caixa incluindo baterias e modem sem fio Os intervalos de medi\u00e7\u00e3o podem ser adaptados individualmente","og_url":"https:\/\/fullsolutions.info\/en\/product\/medidor-de-vazao-eletromagnetico-proline-promag-w-800\/","og_site_name":"Full Solutions","article_modified_time":"2024-02-19T16:12:23+00:00","og_image":[{"width":636,"height":358,"url":"https:\/\/mlhff0prgoxu.i.optimole.com\/cb:s0sM.767\/w:auto\/h:auto\/q:mauto\/f:best\/https:\/\/fullsolutions.info\/wp-content\/uploads\/2024\/02\/Promag_W_400_5W4C_Front_Horiz_Displ_Komp_PGp___PP_01-2.jpg","type":"image\/jpeg"}],"twitter_card":"summary_large_image","twitter_misc":{"Est. reading time":"1 minute"},"schema":{"@context":"https:\/\/schema.org","@graph":[{"@type":"WebPage","@id":"https:\/\/fullsolutions.info\/produto\/medidor-de-vazao-eletromagnetico-proline-promag-w-800\/","url":"https:\/\/fullsolutions.info\/produto\/medidor-de-vazao-eletromagnetico-proline-promag-w-800\/","name":"Medidor de vaz\u00e3o eletromagn\u00e9tico Proline Promag W 800 - Full Solutions","isPartOf":{"@id":"https:\/\/fullsolutions.info\/#website"},"primaryImageOfPage":{"@id":"https:\/\/fullsolutions.info\/produto\/medidor-de-vazao-eletromagnetico-proline-promag-w-800\/#primaryimage"},"image":{"@id":"https:\/\/fullsolutions.info\/produto\/medidor-de-vazao-eletromagnetico-proline-promag-w-800\/#primaryimage"},"thumbnailUrl":"https:\/\/mlhff0prgoxu.i.optimole.com\/cb:s0sM.767\/w:auto\/h:auto\/q:mauto\/f:best\/https:\/\/fullsolutions.info\/wp-content\/uploads\/2024\/02\/Promag_W_400_5W4C_Front_Horiz_Displ_Komp_PGp___PP_01-2.jpg","datePublished":"2024-02-02T17:26:10+00:00","dateModified":"2024-02-19T16:12:23+00:00","breadcrumb":{"@id":"https:\/\/fullsolutions.info\/produto\/medidor-de-vazao-eletromagnetico-proline-promag-w-800\/#breadcrumb"},"inLanguage":"en-US","potentialAction":[{"@type":"ReadAction","target":["https:\/\/fullsolutions.info\/produto\/medidor-de-vazao-eletromagnetico-proline-promag-w-800\/"]}]},{"@type":"ImageObject","inLanguage":"en-US","@id":"https:\/\/fullsolutions.info\/produto\/medidor-de-vazao-eletromagnetico-proline-promag-w-800\/#primaryimage","url":"https:\/\/mlhff0prgoxu.i.optimole.com\/cb:s0sM.767\/w:auto\/h:auto\/q:mauto\/f:best\/https:\/\/fullsolutions.info\/wp-content\/uploads\/2024\/02\/Promag_W_400_5W4C_Front_Horiz_Displ_Komp_PGp___PP_01-2.jpg","contentUrl":"https:\/\/mlhff0prgoxu.i.optimole.com\/cb:s0sM.767\/w:auto\/h:auto\/q:mauto\/f:best\/https:\/\/fullsolutions.info\/wp-content\/uploads\/2024\/02\/Promag_W_400_5W4C_Front_Horiz_Displ_Komp_PGp___PP_01-2.jpg","width":636,"height":358},{"@type":"BreadcrumbList","@id":"https:\/\/fullsolutions.info\/produto\/medidor-de-vazao-eletromagnetico-proline-promag-w-800\/#breadcrumb","itemListElement":[{"@type":"ListItem","position":1,"name":"In\u00edcio","item":"https:\/\/fullsolutions.info\/"},{"@type":"ListItem","position":2,"name":"Produtos","item":"https:\/\/fullsolutions.info\/shop\/"},{"@type":"ListItem","position":3,"name":"Medidor de vaz\u00e3o eletromagn\u00e9tico Proline Promag W 800"}]},{"@type":"WebSite","@id":"https:\/\/fullsolutions.info\/#website","url":"https:\/\/fullsolutions.info\/","name":"Full Solutions","description":"Empresa na \u00c1rea de Procurement","publisher":{"@id":"https:\/\/fullsolutions.info\/#organization"},"potentialAction":[{"@type":"SearchAction","target":{"@type":"EntryPoint","urlTemplate":"https:\/\/fullsolutions.info\/?s={search_term_string}"},"query-input":{"@type":"PropertyValueSpecification","valueRequired":true,"valueName":"search_term_string"}}],"inLanguage":"en-US"},{"@type":"Organization","@id":"https:\/\/fullsolutions.info\/#organization","name":"Full Solutions","url":"https:\/\/fullsolutions.info\/","logo":{"@type":"ImageObject","inLanguage":"en-US","@id":"https:\/\/fullsolutions.info\/#\/schema\/logo\/image\/","url":"https:\/\/mlhff0prgoxu.i.optimole.com\/cb:s0sM.767\/w:auto\/h:auto\/q:mauto\/f:best\/https:\/\/fullsolutions.info\/wp-content\/uploads\/2021\/07\/cropped-Design-sem-nome-300x193-1-e1627062664782.png","contentUrl":"https:\/\/mlhff0prgoxu.i.optimole.com\/cb:s0sM.767\/w:auto\/h:auto\/q:mauto\/f:best\/https:\/\/fullsolutions.info\/wp-content\/uploads\/2021\/07\/cropped-Design-sem-nome-300x193-1-e1627062664782.png","width":202,"height":155,"caption":"Full Solutions"},"image":{"@id":"https:\/\/fullsolutions.info\/#\/schema\/logo\/image\/"},"sameAs":["https:\/\/www.linkedin.com\/company\/full-solutions-equipment"]}]}},"_links":{"self":[{"href":"https:\/\/fullsolutions.info\/en\/wp-json\/wp\/v2\/product\/4415","targetHints":{"allow":["GET"]}}],"collection":[{"href":"https:\/\/fullsolutions.info\/en\/wp-json\/wp\/v2\/product"}],"about":[{"href":"https:\/\/fullsolutions.info\/en\/wp-json\/wp\/v2\/types\/product"}],"replies":[{"embeddable":true,"href":"https:\/\/fullsolutions.info\/en\/wp-json\/wp\/v2\/comments?post=4415"}],"wp:featuredmedia":[{"embeddable":true,"href":"https:\/\/fullsolutions.info\/en\/wp-json\/wp\/v2\/media\/4417"}],"wp:attachment":[{"href":"https:\/\/fullsolutions.info\/en\/wp-json\/wp\/v2\/media?parent=4415"}],"wp:term":[{"taxonomy":"product_brand","embeddable":true,"href":"https:\/\/fullsolutions.info\/en\/wp-json\/wp\/v2\/product_brand?post=4415"},{"taxonomy":"product_cat","embeddable":true,"href":"https:\/\/fullsolutions.info\/en\/wp-json\/wp\/v2\/product_cat?post=4415"},{"taxonomy":"product_tag","embeddable":true,"href":"https:\/\/fullsolutions.info\/en\/wp-json\/wp\/v2\/product_tag?post=4415"},{"taxonomy":"marca","embeddable":true,"href":"https:\/\/fullsolutions.info\/en\/wp-json\/wp\/v2\/marca?post=4415"}],"curies":[{"name":"wp","href":"https:\/\/api.w.org\/{rel}","templated":true}]}}