{"id":4414,"date":"2024-02-02T17:24:36","date_gmt":"2024-02-02T17:24:36","guid":{"rendered":"https:\/\/fullsolutionsequip.com\/?post_type=product&#038;p=4414"},"modified":"2024-02-19T16:12:23","modified_gmt":"2024-02-19T16:12:23","slug":"posicionador-de-valvula-de-controle-siemens-6dr5010","status":"publish","type":"product","link":"https:\/\/fullsolutions.info\/en\/product\/posicionador-de-valvula-de-controle-siemens-6dr5010\/","title":{"rendered":"Position of the control valve, Siemens 6DR5010"},"content":{"rendered":"<p>The 6DR5010 \u00e9 atualmente o posicionador mais amplamente utilizado para atuadores lineares e de rota\u00e7\u00e3o em uma ampla variedade de ind\u00fastrias processadoras. Isso n\u00e3o \u00e9 sem raz\u00e3o. O vers\u00e1til comprovado oferece funcionalidade abrangente e capacidade de diagn\u00f3stico, controla uma ampla variedade de v\u00e1lvulas com seguran\u00e7a e confiabilidade, e tamb\u00e9m atende de maneira ideal a uma infinidade de requisitos espec\u00edficos.<\/p>\n<p>Apenas uma vers\u00e3o de dispositivo para atuadores lineares e de rota\u00e7\u00e3o part-turn. Escolha de 0\/4-20 mA com ou sem HART ou Profibus PA.<\/p>\n<p>Dados t\u00e9cnicos:<\/p>\n<p>Sinal de ponto de ajuste: 0\/4\u201320 mA anal\u00f3gico, HART, PROFIBUS PA ou protocolo Foundation Fieldbus<\/p>\n<p>Faixa de curso: 3 mm a 130 mm<br \/>\n0,1 polegada (1\/8\u201d) a 7,9 polegadas (7,5\u201d) (cursos maiores mediante solicita\u00e7\u00e3o)<\/p>\n<p>Faixa de \u00e2ngulo de rota\u00e7\u00e3o: 30\u00b0 a 100\u00b0<\/p>\n<p>Temperatura ambiente: -30 \u00b0C a +80 \u00b0C (-22 \u00b0F a 176 \u00b0F) (outras faixas de temperatura mediante solicita\u00e7\u00e3o)<\/p>\n<p>Qualidade do ar requerida: Classe 2 de acordo com a ISO 8573-1<\/p>\n<p>M\u00e1x. sa\u00edda de ar no estado estacion\u00e1rio: &lt; 0,036 m3n\/h (0,02 scfm)<\/p>","protected":false},"excerpt":{"rendered":"<p>The 6DR5010 \u00e9 atualmente o posicionador mais amplamente utilizado para atuadores lineares e de rota\u00e7\u00e3o em uma ampla variedade de ind\u00fastrias processadoras. Isso n\u00e3o \u00e9 sem raz\u00e3o. O vers\u00e1til comprovado oferece funcionalidade abrangente e capacidade de diagn\u00f3stico, controla uma ampla variedade de v\u00e1lvulas com seguran\u00e7a e confiabilidade, e tamb\u00e9m atende de maneira ideal a uma infinidade de requisitos espec\u00edficos. Apenas uma vers\u00e3o de dispositivo para atuadores lineares e de rota\u00e7\u00e3o part-turn. Escolha de 0\/4-20 mA com ou sem HART ou Profibus PA. Dados t\u00e9cnicos: Sinal de ponto de ajuste: 0\/4\u201320 mA anal\u00f3gico, HART, PROFIBUS PA ou protocolo Foundation Fieldbus Faixa de curso: 3 mm a 130 mm 0,1 polegada (1\/8\u201d) a 7,9 polegadas (7,5\u201d) (cursos maiores mediante solicita\u00e7\u00e3o) Faixa de \u00e2ngulo de rota\u00e7\u00e3o: 30\u00b0 a 100\u00b0 Temperatura ambiente: -30 \u00b0C a +80 \u00b0C (-22 \u00b0F a 176 \u00b0F) (outras faixas de temperatura mediante solicita\u00e7\u00e3o) Qualidade do ar requerida: Classe 2 de acordo com a ISO 8573-1 M\u00e1x. sa\u00edda de ar no estado estacion\u00e1rio: &lt; 0,036 m3n\/h (0,02 scfm)<\/p>","protected":false},"featured_media":4416,"comment_status":"open","ping_status":"closed","template":"","meta":{"_joinchat":[]},"product_brand":[],"product_cat":[149],"product_tag":[],"marca":[152],"class_list":{"0":"post-4414","1":"product","2":"type-product","3":"status-publish","4":"has-post-thumbnail","6":"product_cat-controladores-e-posicionadores","7":"marca-abb","9":"first","10":"instock","11":"shipping-taxable","12":"purchasable","13":"product-type-simple"},"yoast_head":"<!-- This site is optimized with the Yoast SEO plugin v27.2 - https:\/\/yoast.com\/product\/yoast-seo-wordpress\/ -->\n<title>Posicionador de v\u00e1lvula de controle Siemens 6DR5010 - Full Solutions<\/title>\n<meta name=\"robots\" content=\"index, follow, max-snippet:-1, max-image-preview:large, max-video-preview:-1\" \/>\n<link rel=\"canonical\" href=\"https:\/\/fullsolutions.info\/en\/product\/posicionador-de-valvula-de-controle-siemens-6dr5010\/\" \/>\n<meta property=\"og:locale\" content=\"en_US\" \/>\n<meta property=\"og:type\" content=\"article\" \/>\n<meta property=\"og:title\" content=\"Posicionador de v\u00e1lvula de controle Siemens 6DR5010 - Full Solutions\" \/>\n<meta property=\"og:description\" content=\"The 6DR5010 \u00e9 atualmente o posicionador mais amplamente utilizado para atuadores lineares e de rota\u00e7\u00e3o em uma ampla variedade de ind\u00fastrias processadoras. Isso n\u00e3o \u00e9 sem raz\u00e3o. O vers\u00e1til comprovado oferece funcionalidade abrangente e capacidade de diagn\u00f3stico, controla uma ampla variedade de v\u00e1lvulas com seguran\u00e7a e confiabilidade, e tamb\u00e9m atende de maneira ideal a uma infinidade de requisitos espec\u00edficos. Apenas uma vers\u00e3o de dispositivo para atuadores lineares e de rota\u00e7\u00e3o part-turn. Escolha de 0\/4-20 mA com ou sem HART ou Profibus PA. Dados t\u00e9cnicos: Sinal de ponto de ajuste: 0\/4\u201320 mA anal\u00f3gico, HART, PROFIBUS PA ou protocolo Foundation Fieldbus Faixa de curso: 3 mm a 130 mm 0,1 polegada (1\/8\u201d) a 7,9 polegadas (7,5\u201d) (cursos maiores mediante solicita\u00e7\u00e3o) Faixa de \u00e2ngulo de rota\u00e7\u00e3o: 30\u00b0 a 100\u00b0 Temperatura ambiente: -30 \u00b0C a +80 \u00b0C (-22 \u00b0F a 176 \u00b0F) (outras faixas de temperatura mediante solicita\u00e7\u00e3o) Qualidade do ar requerida: Classe 2 de acordo com a ISO 8573-1 M\u00e1x. sa\u00edda de ar no estado estacion\u00e1rio: &lt; 0,036 m3n\/h (0,02 scfm)\" \/>\n<meta property=\"og:url\" content=\"https:\/\/fullsolutions.info\/en\/product\/posicionador-de-valvula-de-controle-siemens-6dr5010\/\" \/>\n<meta property=\"og:site_name\" content=\"Full Solutions\" \/>\n<meta property=\"article:modified_time\" content=\"2024-02-19T16:12:23+00:00\" \/>\n<meta property=\"og:image\" content=\"https:\/\/mlhff0prgoxu.i.optimole.com\/cb:s0sM.767\/w:auto\/h:auto\/q:mauto\/f:best\/https:\/\/fullsolutions.info\/wp-content\/uploads\/2024\/02\/6DR5010.jpeg\" \/>\n\t<meta property=\"og:image:width\" content=\"434\" \/>\n\t<meta property=\"og:image:height\" content=\"220\" \/>\n\t<meta property=\"og:image:type\" content=\"image\/jpeg\" \/>\n<meta name=\"twitter:card\" content=\"summary_large_image\" \/>\n<meta name=\"twitter:label1\" content=\"Est. reading time\" \/>\n\t<meta name=\"twitter:data1\" content=\"1 minute\" \/>\n<script type=\"application\/ld+json\" class=\"yoast-schema-graph\">{\"@context\":\"https:\/\/schema.org\",\"@graph\":[{\"@type\":\"WebPage\",\"@id\":\"https:\/\/fullsolutions.info\/produto\/posicionador-de-valvula-de-controle-siemens-6dr5010\/\",\"url\":\"https:\/\/fullsolutions.info\/produto\/posicionador-de-valvula-de-controle-siemens-6dr5010\/\",\"name\":\"Posicionador de v\u00e1lvula de controle Siemens 6DR5010 - Full Solutions\",\"isPartOf\":{\"@id\":\"https:\/\/fullsolutions.info\/#website\"},\"primaryImageOfPage\":{\"@id\":\"https:\/\/fullsolutions.info\/produto\/posicionador-de-valvula-de-controle-siemens-6dr5010\/#primaryimage\"},\"image\":{\"@id\":\"https:\/\/fullsolutions.info\/produto\/posicionador-de-valvula-de-controle-siemens-6dr5010\/#primaryimage\"},\"thumbnailUrl\":\"https:\/\/mlhff0prgoxu.i.optimole.com\/cb:s0sM.767\/w:auto\/h:auto\/q:mauto\/f:best\/https:\/\/fullsolutions.info\/wp-content\/uploads\/2024\/02\/6DR5010.jpeg\",\"datePublished\":\"2024-02-02T17:24:36+00:00\",\"dateModified\":\"2024-02-19T16:12:23+00:00\",\"breadcrumb\":{\"@id\":\"https:\/\/fullsolutions.info\/produto\/posicionador-de-valvula-de-controle-siemens-6dr5010\/#breadcrumb\"},\"inLanguage\":\"en-US\",\"potentialAction\":[{\"@type\":\"ReadAction\",\"target\":[\"https:\/\/fullsolutions.info\/produto\/posicionador-de-valvula-de-controle-siemens-6dr5010\/\"]}]},{\"@type\":\"ImageObject\",\"inLanguage\":\"en-US\",\"@id\":\"https:\/\/fullsolutions.info\/produto\/posicionador-de-valvula-de-controle-siemens-6dr5010\/#primaryimage\",\"url\":\"https:\/\/mlhff0prgoxu.i.optimole.com\/cb:s0sM.767\/w:auto\/h:auto\/q:mauto\/f:best\/https:\/\/fullsolutions.info\/wp-content\/uploads\/2024\/02\/6DR5010.jpeg\",\"contentUrl\":\"https:\/\/mlhff0prgoxu.i.optimole.com\/cb:s0sM.767\/w:auto\/h:auto\/q:mauto\/f:best\/https:\/\/fullsolutions.info\/wp-content\/uploads\/2024\/02\/6DR5010.jpeg\",\"width\":434,\"height\":220},{\"@type\":\"BreadcrumbList\",\"@id\":\"https:\/\/fullsolutions.info\/produto\/posicionador-de-valvula-de-controle-siemens-6dr5010\/#breadcrumb\",\"itemListElement\":[{\"@type\":\"ListItem\",\"position\":1,\"name\":\"In\u00edcio\",\"item\":\"https:\/\/fullsolutions.info\/\"},{\"@type\":\"ListItem\",\"position\":2,\"name\":\"Produtos\",\"item\":\"https:\/\/fullsolutions.info\/shop\/\"},{\"@type\":\"ListItem\",\"position\":3,\"name\":\"Posicionador de v\u00e1lvula de controle Siemens 6DR5010\"}]},{\"@type\":\"WebSite\",\"@id\":\"https:\/\/fullsolutions.info\/#website\",\"url\":\"https:\/\/fullsolutions.info\/\",\"name\":\"Full Solutions\",\"description\":\"Empresa na \u00c1rea de Procurement\",\"publisher\":{\"@id\":\"https:\/\/fullsolutions.info\/#organization\"},\"potentialAction\":[{\"@type\":\"SearchAction\",\"target\":{\"@type\":\"EntryPoint\",\"urlTemplate\":\"https:\/\/fullsolutions.info\/?s={search_term_string}\"},\"query-input\":{\"@type\":\"PropertyValueSpecification\",\"valueRequired\":true,\"valueName\":\"search_term_string\"}}],\"inLanguage\":\"en-US\"},{\"@type\":\"Organization\",\"@id\":\"https:\/\/fullsolutions.info\/#organization\",\"name\":\"Full Solutions\",\"url\":\"https:\/\/fullsolutions.info\/\",\"logo\":{\"@type\":\"ImageObject\",\"inLanguage\":\"en-US\",\"@id\":\"https:\/\/fullsolutions.info\/#\/schema\/logo\/image\/\",\"url\":\"https:\/\/mlhff0prgoxu.i.optimole.com\/cb:s0sM.767\/w:auto\/h:auto\/q:mauto\/f:best\/https:\/\/fullsolutions.info\/wp-content\/uploads\/2021\/07\/cropped-Design-sem-nome-300x193-1-e1627062664782.png\",\"contentUrl\":\"https:\/\/mlhff0prgoxu.i.optimole.com\/cb:s0sM.767\/w:auto\/h:auto\/q:mauto\/f:best\/https:\/\/fullsolutions.info\/wp-content\/uploads\/2021\/07\/cropped-Design-sem-nome-300x193-1-e1627062664782.png\",\"width\":202,\"height\":155,\"caption\":\"Full Solutions\"},\"image\":{\"@id\":\"https:\/\/fullsolutions.info\/#\/schema\/logo\/image\/\"},\"sameAs\":[\"https:\/\/www.linkedin.com\/company\/full-solutions-equipment\"]}]}<\/script>\n<!-- \/ Yoast SEO plugin. -->","yoast_head_json":{"title":"Posicionador de v\u00e1lvula de controle Siemens 6DR5010 - Full Solutions","robots":{"index":"index","follow":"follow","max-snippet":"max-snippet:-1","max-image-preview":"max-image-preview:large","max-video-preview":"max-video-preview:-1"},"canonical":"https:\/\/fullsolutions.info\/en\/product\/posicionador-de-valvula-de-controle-siemens-6dr5010\/","og_locale":"en_US","og_type":"article","og_title":"Posicionador de v\u00e1lvula de controle Siemens 6DR5010 - Full Solutions","og_description":"The 6DR5010 \u00e9 atualmente o posicionador mais amplamente utilizado para atuadores lineares e de rota\u00e7\u00e3o em uma ampla variedade de ind\u00fastrias processadoras. Isso n\u00e3o \u00e9 sem raz\u00e3o. O vers\u00e1til comprovado oferece funcionalidade abrangente e capacidade de diagn\u00f3stico, controla uma ampla variedade de v\u00e1lvulas com seguran\u00e7a e confiabilidade, e tamb\u00e9m atende de maneira ideal a uma infinidade de requisitos espec\u00edficos. Apenas uma vers\u00e3o de dispositivo para atuadores lineares e de rota\u00e7\u00e3o part-turn. Escolha de 0\/4-20 mA com ou sem HART ou Profibus PA. Dados t\u00e9cnicos: Sinal de ponto de ajuste: 0\/4\u201320 mA anal\u00f3gico, HART, PROFIBUS PA ou protocolo Foundation Fieldbus Faixa de curso: 3 mm a 130 mm 0,1 polegada (1\/8\u201d) a 7,9 polegadas (7,5\u201d) (cursos maiores mediante solicita\u00e7\u00e3o) Faixa de \u00e2ngulo de rota\u00e7\u00e3o: 30\u00b0 a 100\u00b0 Temperatura ambiente: -30 \u00b0C a +80 \u00b0C (-22 \u00b0F a 176 \u00b0F) (outras faixas de temperatura mediante solicita\u00e7\u00e3o) Qualidade do ar requerida: Classe 2 de acordo com a ISO 8573-1 M\u00e1x. sa\u00edda de ar no estado estacion\u00e1rio: &lt; 0,036 m3n\/h (0,02 scfm)","og_url":"https:\/\/fullsolutions.info\/en\/product\/posicionador-de-valvula-de-controle-siemens-6dr5010\/","og_site_name":"Full Solutions","article_modified_time":"2024-02-19T16:12:23+00:00","og_image":[{"width":434,"height":220,"url":"https:\/\/mlhff0prgoxu.i.optimole.com\/cb:s0sM.767\/w:auto\/h:auto\/q:mauto\/f:best\/https:\/\/fullsolutions.info\/wp-content\/uploads\/2024\/02\/6DR5010.jpeg","type":"image\/jpeg"}],"twitter_card":"summary_large_image","twitter_misc":{"Est. reading time":"1 minute"},"schema":{"@context":"https:\/\/schema.org","@graph":[{"@type":"WebPage","@id":"https:\/\/fullsolutions.info\/produto\/posicionador-de-valvula-de-controle-siemens-6dr5010\/","url":"https:\/\/fullsolutions.info\/produto\/posicionador-de-valvula-de-controle-siemens-6dr5010\/","name":"Posicionador de v\u00e1lvula de controle Siemens 6DR5010 - Full Solutions","isPartOf":{"@id":"https:\/\/fullsolutions.info\/#website"},"primaryImageOfPage":{"@id":"https:\/\/fullsolutions.info\/produto\/posicionador-de-valvula-de-controle-siemens-6dr5010\/#primaryimage"},"image":{"@id":"https:\/\/fullsolutions.info\/produto\/posicionador-de-valvula-de-controle-siemens-6dr5010\/#primaryimage"},"thumbnailUrl":"https:\/\/mlhff0prgoxu.i.optimole.com\/cb:s0sM.767\/w:auto\/h:auto\/q:mauto\/f:best\/https:\/\/fullsolutions.info\/wp-content\/uploads\/2024\/02\/6DR5010.jpeg","datePublished":"2024-02-02T17:24:36+00:00","dateModified":"2024-02-19T16:12:23+00:00","breadcrumb":{"@id":"https:\/\/fullsolutions.info\/produto\/posicionador-de-valvula-de-controle-siemens-6dr5010\/#breadcrumb"},"inLanguage":"en-US","potentialAction":[{"@type":"ReadAction","target":["https:\/\/fullsolutions.info\/produto\/posicionador-de-valvula-de-controle-siemens-6dr5010\/"]}]},{"@type":"ImageObject","inLanguage":"en-US","@id":"https:\/\/fullsolutions.info\/produto\/posicionador-de-valvula-de-controle-siemens-6dr5010\/#primaryimage","url":"https:\/\/mlhff0prgoxu.i.optimole.com\/cb:s0sM.767\/w:auto\/h:auto\/q:mauto\/f:best\/https:\/\/fullsolutions.info\/wp-content\/uploads\/2024\/02\/6DR5010.jpeg","contentUrl":"https:\/\/mlhff0prgoxu.i.optimole.com\/cb:s0sM.767\/w:auto\/h:auto\/q:mauto\/f:best\/https:\/\/fullsolutions.info\/wp-content\/uploads\/2024\/02\/6DR5010.jpeg","width":434,"height":220},{"@type":"BreadcrumbList","@id":"https:\/\/fullsolutions.info\/produto\/posicionador-de-valvula-de-controle-siemens-6dr5010\/#breadcrumb","itemListElement":[{"@type":"ListItem","position":1,"name":"In\u00edcio","item":"https:\/\/fullsolutions.info\/"},{"@type":"ListItem","position":2,"name":"Produtos","item":"https:\/\/fullsolutions.info\/shop\/"},{"@type":"ListItem","position":3,"name":"Posicionador de v\u00e1lvula de controle Siemens 6DR5010"}]},{"@type":"WebSite","@id":"https:\/\/fullsolutions.info\/#website","url":"https:\/\/fullsolutions.info\/","name":"Full Solutions","description":"Empresa na \u00c1rea de Procurement","publisher":{"@id":"https:\/\/fullsolutions.info\/#organization"},"potentialAction":[{"@type":"SearchAction","target":{"@type":"EntryPoint","urlTemplate":"https:\/\/fullsolutions.info\/?s={search_term_string}"},"query-input":{"@type":"PropertyValueSpecification","valueRequired":true,"valueName":"search_term_string"}}],"inLanguage":"en-US"},{"@type":"Organization","@id":"https:\/\/fullsolutions.info\/#organization","name":"Full Solutions","url":"https:\/\/fullsolutions.info\/","logo":{"@type":"ImageObject","inLanguage":"en-US","@id":"https:\/\/fullsolutions.info\/#\/schema\/logo\/image\/","url":"https:\/\/mlhff0prgoxu.i.optimole.com\/cb:s0sM.767\/w:auto\/h:auto\/q:mauto\/f:best\/https:\/\/fullsolutions.info\/wp-content\/uploads\/2021\/07\/cropped-Design-sem-nome-300x193-1-e1627062664782.png","contentUrl":"https:\/\/mlhff0prgoxu.i.optimole.com\/cb:s0sM.767\/w:auto\/h:auto\/q:mauto\/f:best\/https:\/\/fullsolutions.info\/wp-content\/uploads\/2021\/07\/cropped-Design-sem-nome-300x193-1-e1627062664782.png","width":202,"height":155,"caption":"Full Solutions"},"image":{"@id":"https:\/\/fullsolutions.info\/#\/schema\/logo\/image\/"},"sameAs":["https:\/\/www.linkedin.com\/company\/full-solutions-equipment"]}]}},"_links":{"self":[{"href":"https:\/\/fullsolutions.info\/en\/wp-json\/wp\/v2\/product\/4414","targetHints":{"allow":["GET"]}}],"collection":[{"href":"https:\/\/fullsolutions.info\/en\/wp-json\/wp\/v2\/product"}],"about":[{"href":"https:\/\/fullsolutions.info\/en\/wp-json\/wp\/v2\/types\/product"}],"replies":[{"embeddable":true,"href":"https:\/\/fullsolutions.info\/en\/wp-json\/wp\/v2\/comments?post=4414"}],"wp:featuredmedia":[{"embeddable":true,"href":"https:\/\/fullsolutions.info\/en\/wp-json\/wp\/v2\/media\/4416"}],"wp:attachment":[{"href":"https:\/\/fullsolutions.info\/en\/wp-json\/wp\/v2\/media?parent=4414"}],"wp:term":[{"taxonomy":"product_brand","embeddable":true,"href":"https:\/\/fullsolutions.info\/en\/wp-json\/wp\/v2\/product_brand?post=4414"},{"taxonomy":"product_cat","embeddable":true,"href":"https:\/\/fullsolutions.info\/en\/wp-json\/wp\/v2\/product_cat?post=4414"},{"taxonomy":"product_tag","embeddable":true,"href":"https:\/\/fullsolutions.info\/en\/wp-json\/wp\/v2\/product_tag?post=4414"},{"taxonomy":"marca","embeddable":true,"href":"https:\/\/fullsolutions.info\/en\/wp-json\/wp\/v2\/marca?post=4414"}],"curies":[{"name":"wp","href":"https:\/\/api.w.org\/{rel}","templated":true}]}}