{"id":4406,"date":"2024-02-02T17:19:43","date_gmt":"2024-02-02T17:19:43","guid":{"rendered":"https:\/\/fullsolutionsequip.com\/?post_type=product&#038;p=4406"},"modified":"2024-02-19T16:12:23","modified_gmt":"2024-02-19T16:12:23","slug":"medidor-de-vazao-eletromagnetico-proline-promag-p-100","status":"publish","type":"product","link":"https:\/\/fullsolutions.info\/en\/product\/medidor-de-vazao-eletromagnetico-proline-promag-p-100\/","title":{"rendered":"Ultrasonic flow meter, electromagnetic Proline Promag P 100"},"content":{"rendered":"<div class=\"flex-1 overflow-hidden\">\n<div class=\"react-scroll-to-bottom--css-mnlsn-79elbk h-full\">\n<div class=\"react-scroll-to-bottom--css-mnlsn-1n7m0yu\">\n<div class=\"flex flex-col pb-9 text-sm\">\n<div class=\"w-full text-token-text-primary\" data-testid=\"conversation-turn-149\">\n<div class=\"px-4 py-2 justify-center text-base md:gap-6 m-auto\">\n<div class=\"flex flex-1 text-base mx-auto gap-3 md:px-5 lg:px-1 xl:px-5 md:max-w-3xl lg:max-w-[40rem] xl:max-w-[48rem] group final-completion\">\n<div class=\"relative flex w-full flex-col lg:w-[calc(100%-115px)] agent-turn\">\n<div class=\"flex-col gap-1 md:gap-3\">\n<div class=\"flex flex-grow flex-col max-w-full\">\n<div class=\"min-h-[20px] text-message flex flex-col items-start gap-3 whitespace-pre-wrap break-words [.text-message+&amp;]:mt-5 overflow-x-auto\" data-message-author-role=\"assistant\" data-message-id=\"89aa5459-cb46-4f57-9165-7d332045683c\">\n<div class=\"markdown prose w-full break-words dark:prose-invert dark\">\n<p>O Promag P 100 \u00e9 dedicado a aplica\u00e7\u00f5es qu\u00edmicas e de processos com l\u00edquidos corrosivos e altas temperaturas m\u00e9dias. Combinado com a caixa de transmissor menor dispon\u00edvel hoje, ele oferece desempenho total em uma pegada m\u00ednima. Projetado para aplica\u00e7\u00f5es onde o espa\u00e7o \u00e9 premium, ser\u00e1 a escolha preferida para integradores de sistemas, construtores de skids e fabricantes de equipamentos.<\/p>\n<p><strong>Benef\u00edcios<\/strong><\/p>\n<p>Aplica\u00e7\u00f5es vers\u00e1teis &#8211; ampla variedade de materiais \u00famidos<\/p>\n<p>Medi\u00e7\u00e3o de fluxo economizadora de energia &#8211; sem perda de press\u00e3o devido \u00e0 constri\u00e7\u00e3o da se\u00e7\u00e3o transversal<\/p>\n<p>Transmissor economizador de espa\u00e7o &#8211; funcionalidade completa na pegada m\u00ednima<\/p>\n<p>Opera\u00e7\u00e3o local economizadora de tempo sem software e hardware adicionais &#8211; servidor web integrado<\/p>\n<p>Verifica\u00e7\u00e3o integrada &#8211; Heartbeat Technology\u2122<\/p>\n<p><strong>Aplica\u00e7\u00f5es<\/strong><\/p>\n<p>O princ\u00edpio de medi\u00e7\u00e3o \u00e9 praticamente independente de press\u00e3o, densidade, temperatura e viscosidade<\/p>\n<p>Dedicado para aplica\u00e7\u00f5es qu\u00edmicas e de processos com l\u00edquidos corrosivos e altas temperaturas m\u00e9dias.<\/p>\n<p><strong>Propriedades do dispositivo<\/strong><\/p>\n<p>Di\u00e2metro nominal: m\u00e1ximo DN 600 (24&#8243;)<\/p>\n<p>Todas as aprova\u00e7\u00f5es Ex comuns<\/p>\n<p>Liner feito de PTFE ou PFA<\/p>\n<p>Caixa do transmissor robusta e ultra compacta<\/p>\n<p>Display local dispon\u00edvel<\/p>\n<\/div>\n<\/div>\n<\/div>\n<div class=\"mt-1 flex justify-start gap-3 empty:hidden\">\n<div class=\"text-gray-400 flex self-end lg:self-center justify-center lg:justify-start mt-0 -ml-1 visible\"><button class=\"flex items-center gap-1.5 rounded-md p-1 text-xs text-token-text-tertiary hover:text-token-text-primary md:invisible md:group-hover:visible md:group-[.final-completion]:visible\"><\/button><\/p>\n<div class=\"flex\"><\/div>\n<div class=\"flex items-center gap-1.5 text-xs\"><\/div>\n<\/div>\n<\/div>\n<\/div>\n<div class=\"absolute\">\n<div class=\"flex w-full gap-2 items-center justify-center\"><\/div>\n<\/div>\n<\/div>\n<\/div>\n<\/div>\n<\/div>\n<\/div>\n<\/div>\n<\/div>\n<\/div>\n<div class=\"w-full pt-2 md:pt-0 dark:border-white\/20 md:border-transparent md:dark:border-transparent md:w-[calc(100%-.5rem)]\">\n<form class=\"stretch mx-2 flex flex-row gap-3 last:mb-2 md:mx-4 md:last:mb-6 lg:mx-auto lg:max-w-2xl xl:max-w-3xl\" action=\"\">\n<div class=\"relative flex h-full flex-1 items-stretch md:flex-col\">\n<div class=\"flex w-full items-center\"><\/div>\n<\/div>\n<input type=\"hidden\" name=\"trp-form-language\" value=\"en\"\/><\/form>\n<\/div>","protected":false},"excerpt":{"rendered":"<p>O Promag P 100 \u00e9 dedicado a aplica\u00e7\u00f5es qu\u00edmicas e de processos com l\u00edquidos corrosivos e altas temperaturas m\u00e9dias. Combinado com a caixa de transmissor menor dispon\u00edvel hoje, ele oferece desempenho total em uma pegada m\u00ednima. Projetado para aplica\u00e7\u00f5es onde o espa\u00e7o \u00e9 premium, ser\u00e1 a escolha preferida para integradores de sistemas, construtores de skids e fabricantes de equipamentos. Benef\u00edcios Aplica\u00e7\u00f5es vers\u00e1teis &#8211; ampla variedade de materiais \u00famidos Medi\u00e7\u00e3o de fluxo economizadora de energia &#8211; sem perda de press\u00e3o devido \u00e0 constri\u00e7\u00e3o da se\u00e7\u00e3o transversal Transmissor economizador de espa\u00e7o &#8211; funcionalidade completa na pegada m\u00ednima Opera\u00e7\u00e3o local economizadora de tempo sem software e hardware adicionais &#8211; servidor web integrado Verifica\u00e7\u00e3o integrada &#8211; Heartbeat Technology\u2122 Aplica\u00e7\u00f5es O princ\u00edpio de medi\u00e7\u00e3o \u00e9 praticamente independente de press\u00e3o, densidade, temperatura e viscosidade Dedicado para aplica\u00e7\u00f5es qu\u00edmicas e de processos com l\u00edquidos corrosivos e altas temperaturas m\u00e9dias. Propriedades do dispositivo Di\u00e2metro nominal: m\u00e1ximo DN 600 (24&#8243;) Todas as aprova\u00e7\u00f5es Ex comuns Liner feito de PTFE ou PFA Caixa do transmissor robusta e ultra compacta Display local dispon\u00edvel<\/p>","protected":false},"featured_media":4407,"comment_status":"open","ping_status":"closed","template":"","meta":{"_joinchat":[]},"product_brand":[],"product_cat":[146],"product_tag":[],"marca":[147],"class_list":{"0":"post-4406","1":"product","2":"type-product","3":"status-publish","4":"has-post-thumbnail","6":"product_cat-medidores-de-vazao-e-tubos-de-vazao","7":"marca-endresshauser","9":"first","10":"instock","11":"shipping-taxable","12":"purchasable","13":"product-type-simple"},"yoast_head":"<!-- This site is optimized with the Yoast SEO plugin v27.2 - https:\/\/yoast.com\/product\/yoast-seo-wordpress\/ -->\n<title>Medidor de vaz\u00e3o eletromagn\u00e9tico Proline Promag P 100 - Full Solutions<\/title>\n<meta name=\"robots\" content=\"index, follow, max-snippet:-1, max-image-preview:large, max-video-preview:-1\" \/>\n<link rel=\"canonical\" href=\"https:\/\/fullsolutions.info\/en\/product\/medidor-de-vazao-eletromagnetico-proline-promag-p-100\/\" \/>\n<meta property=\"og:locale\" content=\"en_US\" \/>\n<meta property=\"og:type\" content=\"article\" \/>\n<meta property=\"og:title\" content=\"Medidor de vaz\u00e3o eletromagn\u00e9tico Proline Promag P 100 - Full Solutions\" \/>\n<meta property=\"og:description\" content=\"O Promag P 100 \u00e9 dedicado a aplica\u00e7\u00f5es qu\u00edmicas e de processos com l\u00edquidos corrosivos e altas temperaturas m\u00e9dias. Combinado com a caixa de transmissor menor dispon\u00edvel hoje, ele oferece desempenho total em uma pegada m\u00ednima. Projetado para aplica\u00e7\u00f5es onde o espa\u00e7o \u00e9 premium, ser\u00e1 a escolha preferida para integradores de sistemas, construtores de skids e fabricantes de equipamentos. Benef\u00edcios Aplica\u00e7\u00f5es vers\u00e1teis &#8211; ampla variedade de materiais \u00famidos Medi\u00e7\u00e3o de fluxo economizadora de energia &#8211; sem perda de press\u00e3o devido \u00e0 constri\u00e7\u00e3o da se\u00e7\u00e3o transversal Transmissor economizador de espa\u00e7o &#8211; funcionalidade completa na pegada m\u00ednima Opera\u00e7\u00e3o local economizadora de tempo sem software e hardware adicionais &#8211; servidor web integrado Verifica\u00e7\u00e3o integrada &#8211; Heartbeat Technology\u2122 Aplica\u00e7\u00f5es O princ\u00edpio de medi\u00e7\u00e3o \u00e9 praticamente independente de press\u00e3o, densidade, temperatura e viscosidade Dedicado para aplica\u00e7\u00f5es qu\u00edmicas e de processos com l\u00edquidos corrosivos e altas temperaturas m\u00e9dias. Propriedades do dispositivo Di\u00e2metro nominal: m\u00e1ximo DN 600 (24&#8243;) Todas as aprova\u00e7\u00f5es Ex comuns Liner feito de PTFE ou PFA Caixa do transmissor robusta e ultra compacta Display local dispon\u00edvel\" \/>\n<meta property=\"og:url\" content=\"https:\/\/fullsolutions.info\/en\/product\/medidor-de-vazao-eletromagnetico-proline-promag-p-100\/\" \/>\n<meta property=\"og:site_name\" content=\"Full Solutions\" \/>\n<meta property=\"article:modified_time\" content=\"2024-02-19T16:12:23+00:00\" \/>\n<meta property=\"og:image\" content=\"https:\/\/mlhff0prgoxu.i.optimole.com\/cb:s0sM.767\/w:auto\/h:auto\/q:mauto\/f:best\/https:\/\/fullsolutions.info\/wp-content\/uploads\/2024\/02\/Promag_P_200_5P2B_Front_Horiz_Displ_Komp_PG___PP_01.jpg\" \/>\n\t<meta property=\"og:image:width\" content=\"636\" \/>\n\t<meta property=\"og:image:height\" content=\"358\" \/>\n\t<meta property=\"og:image:type\" content=\"image\/jpeg\" \/>\n<meta name=\"twitter:card\" content=\"summary_large_image\" \/>\n<meta name=\"twitter:label1\" content=\"Est. reading time\" \/>\n\t<meta name=\"twitter:data1\" content=\"1 minute\" \/>\n<script type=\"application\/ld+json\" class=\"yoast-schema-graph\">{\"@context\":\"https:\/\/schema.org\",\"@graph\":[{\"@type\":\"WebPage\",\"@id\":\"https:\/\/fullsolutions.info\/produto\/medidor-de-vazao-eletromagnetico-proline-promag-p-100\/\",\"url\":\"https:\/\/fullsolutions.info\/produto\/medidor-de-vazao-eletromagnetico-proline-promag-p-100\/\",\"name\":\"Medidor de vaz\u00e3o eletromagn\u00e9tico Proline Promag P 100 - Full Solutions\",\"isPartOf\":{\"@id\":\"https:\/\/fullsolutions.info\/#website\"},\"primaryImageOfPage\":{\"@id\":\"https:\/\/fullsolutions.info\/produto\/medidor-de-vazao-eletromagnetico-proline-promag-p-100\/#primaryimage\"},\"image\":{\"@id\":\"https:\/\/fullsolutions.info\/produto\/medidor-de-vazao-eletromagnetico-proline-promag-p-100\/#primaryimage\"},\"thumbnailUrl\":\"https:\/\/mlhff0prgoxu.i.optimole.com\/cb:s0sM.767\/w:auto\/h:auto\/q:mauto\/f:best\/https:\/\/fullsolutions.info\/wp-content\/uploads\/2024\/02\/Promag_P_200_5P2B_Front_Horiz_Displ_Komp_PG___PP_01.jpg\",\"datePublished\":\"2024-02-02T17:19:43+00:00\",\"dateModified\":\"2024-02-19T16:12:23+00:00\",\"breadcrumb\":{\"@id\":\"https:\/\/fullsolutions.info\/produto\/medidor-de-vazao-eletromagnetico-proline-promag-p-100\/#breadcrumb\"},\"inLanguage\":\"en-US\",\"potentialAction\":[{\"@type\":\"ReadAction\",\"target\":[\"https:\/\/fullsolutions.info\/produto\/medidor-de-vazao-eletromagnetico-proline-promag-p-100\/\"]}]},{\"@type\":\"ImageObject\",\"inLanguage\":\"en-US\",\"@id\":\"https:\/\/fullsolutions.info\/produto\/medidor-de-vazao-eletromagnetico-proline-promag-p-100\/#primaryimage\",\"url\":\"https:\/\/mlhff0prgoxu.i.optimole.com\/cb:s0sM.767\/w:auto\/h:auto\/q:mauto\/f:best\/https:\/\/fullsolutions.info\/wp-content\/uploads\/2024\/02\/Promag_P_200_5P2B_Front_Horiz_Displ_Komp_PG___PP_01.jpg\",\"contentUrl\":\"https:\/\/mlhff0prgoxu.i.optimole.com\/cb:s0sM.767\/w:auto\/h:auto\/q:mauto\/f:best\/https:\/\/fullsolutions.info\/wp-content\/uploads\/2024\/02\/Promag_P_200_5P2B_Front_Horiz_Displ_Komp_PG___PP_01.jpg\",\"width\":636,\"height\":358},{\"@type\":\"BreadcrumbList\",\"@id\":\"https:\/\/fullsolutions.info\/produto\/medidor-de-vazao-eletromagnetico-proline-promag-p-100\/#breadcrumb\",\"itemListElement\":[{\"@type\":\"ListItem\",\"position\":1,\"name\":\"In\u00edcio\",\"item\":\"https:\/\/fullsolutions.info\/\"},{\"@type\":\"ListItem\",\"position\":2,\"name\":\"Produtos\",\"item\":\"https:\/\/fullsolutions.info\/shop\/\"},{\"@type\":\"ListItem\",\"position\":3,\"name\":\"Medidor de vaz\u00e3o eletromagn\u00e9tico Proline Promag P 100\"}]},{\"@type\":\"WebSite\",\"@id\":\"https:\/\/fullsolutions.info\/#website\",\"url\":\"https:\/\/fullsolutions.info\/\",\"name\":\"Full Solutions\",\"description\":\"Empresa na \u00c1rea de Procurement\",\"publisher\":{\"@id\":\"https:\/\/fullsolutions.info\/#organization\"},\"potentialAction\":[{\"@type\":\"SearchAction\",\"target\":{\"@type\":\"EntryPoint\",\"urlTemplate\":\"https:\/\/fullsolutions.info\/?s={search_term_string}\"},\"query-input\":{\"@type\":\"PropertyValueSpecification\",\"valueRequired\":true,\"valueName\":\"search_term_string\"}}],\"inLanguage\":\"en-US\"},{\"@type\":\"Organization\",\"@id\":\"https:\/\/fullsolutions.info\/#organization\",\"name\":\"Full Solutions\",\"url\":\"https:\/\/fullsolutions.info\/\",\"logo\":{\"@type\":\"ImageObject\",\"inLanguage\":\"en-US\",\"@id\":\"https:\/\/fullsolutions.info\/#\/schema\/logo\/image\/\",\"url\":\"https:\/\/mlhff0prgoxu.i.optimole.com\/cb:s0sM.767\/w:auto\/h:auto\/q:mauto\/f:best\/https:\/\/fullsolutions.info\/wp-content\/uploads\/2021\/07\/cropped-Design-sem-nome-300x193-1-e1627062664782.png\",\"contentUrl\":\"https:\/\/mlhff0prgoxu.i.optimole.com\/cb:s0sM.767\/w:auto\/h:auto\/q:mauto\/f:best\/https:\/\/fullsolutions.info\/wp-content\/uploads\/2021\/07\/cropped-Design-sem-nome-300x193-1-e1627062664782.png\",\"width\":202,\"height\":155,\"caption\":\"Full Solutions\"},\"image\":{\"@id\":\"https:\/\/fullsolutions.info\/#\/schema\/logo\/image\/\"},\"sameAs\":[\"https:\/\/www.linkedin.com\/company\/full-solutions-equipment\"]}]}<\/script>\n<!-- \/ Yoast SEO plugin. -->","yoast_head_json":{"title":"Medidor de vaz\u00e3o eletromagn\u00e9tico Proline Promag P 100 - Full Solutions","robots":{"index":"index","follow":"follow","max-snippet":"max-snippet:-1","max-image-preview":"max-image-preview:large","max-video-preview":"max-video-preview:-1"},"canonical":"https:\/\/fullsolutions.info\/en\/product\/medidor-de-vazao-eletromagnetico-proline-promag-p-100\/","og_locale":"en_US","og_type":"article","og_title":"Medidor de vaz\u00e3o eletromagn\u00e9tico Proline Promag P 100 - Full Solutions","og_description":"O Promag P 100 \u00e9 dedicado a aplica\u00e7\u00f5es qu\u00edmicas e de processos com l\u00edquidos corrosivos e altas temperaturas m\u00e9dias. Combinado com a caixa de transmissor menor dispon\u00edvel hoje, ele oferece desempenho total em uma pegada m\u00ednima. Projetado para aplica\u00e7\u00f5es onde o espa\u00e7o \u00e9 premium, ser\u00e1 a escolha preferida para integradores de sistemas, construtores de skids e fabricantes de equipamentos. Benef\u00edcios Aplica\u00e7\u00f5es vers\u00e1teis &#8211; ampla variedade de materiais \u00famidos Medi\u00e7\u00e3o de fluxo economizadora de energia &#8211; sem perda de press\u00e3o devido \u00e0 constri\u00e7\u00e3o da se\u00e7\u00e3o transversal Transmissor economizador de espa\u00e7o &#8211; funcionalidade completa na pegada m\u00ednima Opera\u00e7\u00e3o local economizadora de tempo sem software e hardware adicionais &#8211; servidor web integrado Verifica\u00e7\u00e3o integrada &#8211; Heartbeat Technology\u2122 Aplica\u00e7\u00f5es O princ\u00edpio de medi\u00e7\u00e3o \u00e9 praticamente independente de press\u00e3o, densidade, temperatura e viscosidade Dedicado para aplica\u00e7\u00f5es qu\u00edmicas e de processos com l\u00edquidos corrosivos e altas temperaturas m\u00e9dias. Propriedades do dispositivo Di\u00e2metro nominal: m\u00e1ximo DN 600 (24&#8243;) Todas as aprova\u00e7\u00f5es Ex comuns Liner feito de PTFE ou PFA Caixa do transmissor robusta e ultra compacta Display local dispon\u00edvel","og_url":"https:\/\/fullsolutions.info\/en\/product\/medidor-de-vazao-eletromagnetico-proline-promag-p-100\/","og_site_name":"Full Solutions","article_modified_time":"2024-02-19T16:12:23+00:00","og_image":[{"width":636,"height":358,"url":"https:\/\/mlhff0prgoxu.i.optimole.com\/cb:s0sM.767\/w:auto\/h:auto\/q:mauto\/f:best\/https:\/\/fullsolutions.info\/wp-content\/uploads\/2024\/02\/Promag_P_200_5P2B_Front_Horiz_Displ_Komp_PG___PP_01.jpg","type":"image\/jpeg"}],"twitter_card":"summary_large_image","twitter_misc":{"Est. reading time":"1 minute"},"schema":{"@context":"https:\/\/schema.org","@graph":[{"@type":"WebPage","@id":"https:\/\/fullsolutions.info\/produto\/medidor-de-vazao-eletromagnetico-proline-promag-p-100\/","url":"https:\/\/fullsolutions.info\/produto\/medidor-de-vazao-eletromagnetico-proline-promag-p-100\/","name":"Medidor de vaz\u00e3o eletromagn\u00e9tico Proline Promag P 100 - Full Solutions","isPartOf":{"@id":"https:\/\/fullsolutions.info\/#website"},"primaryImageOfPage":{"@id":"https:\/\/fullsolutions.info\/produto\/medidor-de-vazao-eletromagnetico-proline-promag-p-100\/#primaryimage"},"image":{"@id":"https:\/\/fullsolutions.info\/produto\/medidor-de-vazao-eletromagnetico-proline-promag-p-100\/#primaryimage"},"thumbnailUrl":"https:\/\/mlhff0prgoxu.i.optimole.com\/cb:s0sM.767\/w:auto\/h:auto\/q:mauto\/f:best\/https:\/\/fullsolutions.info\/wp-content\/uploads\/2024\/02\/Promag_P_200_5P2B_Front_Horiz_Displ_Komp_PG___PP_01.jpg","datePublished":"2024-02-02T17:19:43+00:00","dateModified":"2024-02-19T16:12:23+00:00","breadcrumb":{"@id":"https:\/\/fullsolutions.info\/produto\/medidor-de-vazao-eletromagnetico-proline-promag-p-100\/#breadcrumb"},"inLanguage":"en-US","potentialAction":[{"@type":"ReadAction","target":["https:\/\/fullsolutions.info\/produto\/medidor-de-vazao-eletromagnetico-proline-promag-p-100\/"]}]},{"@type":"ImageObject","inLanguage":"en-US","@id":"https:\/\/fullsolutions.info\/produto\/medidor-de-vazao-eletromagnetico-proline-promag-p-100\/#primaryimage","url":"https:\/\/mlhff0prgoxu.i.optimole.com\/cb:s0sM.767\/w:auto\/h:auto\/q:mauto\/f:best\/https:\/\/fullsolutions.info\/wp-content\/uploads\/2024\/02\/Promag_P_200_5P2B_Front_Horiz_Displ_Komp_PG___PP_01.jpg","contentUrl":"https:\/\/mlhff0prgoxu.i.optimole.com\/cb:s0sM.767\/w:auto\/h:auto\/q:mauto\/f:best\/https:\/\/fullsolutions.info\/wp-content\/uploads\/2024\/02\/Promag_P_200_5P2B_Front_Horiz_Displ_Komp_PG___PP_01.jpg","width":636,"height":358},{"@type":"BreadcrumbList","@id":"https:\/\/fullsolutions.info\/produto\/medidor-de-vazao-eletromagnetico-proline-promag-p-100\/#breadcrumb","itemListElement":[{"@type":"ListItem","position":1,"name":"In\u00edcio","item":"https:\/\/fullsolutions.info\/"},{"@type":"ListItem","position":2,"name":"Produtos","item":"https:\/\/fullsolutions.info\/shop\/"},{"@type":"ListItem","position":3,"name":"Medidor de vaz\u00e3o eletromagn\u00e9tico Proline Promag P 100"}]},{"@type":"WebSite","@id":"https:\/\/fullsolutions.info\/#website","url":"https:\/\/fullsolutions.info\/","name":"Full Solutions","description":"Empresa na \u00c1rea de Procurement","publisher":{"@id":"https:\/\/fullsolutions.info\/#organization"},"potentialAction":[{"@type":"SearchAction","target":{"@type":"EntryPoint","urlTemplate":"https:\/\/fullsolutions.info\/?s={search_term_string}"},"query-input":{"@type":"PropertyValueSpecification","valueRequired":true,"valueName":"search_term_string"}}],"inLanguage":"en-US"},{"@type":"Organization","@id":"https:\/\/fullsolutions.info\/#organization","name":"Full Solutions","url":"https:\/\/fullsolutions.info\/","logo":{"@type":"ImageObject","inLanguage":"en-US","@id":"https:\/\/fullsolutions.info\/#\/schema\/logo\/image\/","url":"https:\/\/mlhff0prgoxu.i.optimole.com\/cb:s0sM.767\/w:auto\/h:auto\/q:mauto\/f:best\/https:\/\/fullsolutions.info\/wp-content\/uploads\/2021\/07\/cropped-Design-sem-nome-300x193-1-e1627062664782.png","contentUrl":"https:\/\/mlhff0prgoxu.i.optimole.com\/cb:s0sM.767\/w:auto\/h:auto\/q:mauto\/f:best\/https:\/\/fullsolutions.info\/wp-content\/uploads\/2021\/07\/cropped-Design-sem-nome-300x193-1-e1627062664782.png","width":202,"height":155,"caption":"Full Solutions"},"image":{"@id":"https:\/\/fullsolutions.info\/#\/schema\/logo\/image\/"},"sameAs":["https:\/\/www.linkedin.com\/company\/full-solutions-equipment"]}]}},"_links":{"self":[{"href":"https:\/\/fullsolutions.info\/en\/wp-json\/wp\/v2\/product\/4406","targetHints":{"allow":["GET"]}}],"collection":[{"href":"https:\/\/fullsolutions.info\/en\/wp-json\/wp\/v2\/product"}],"about":[{"href":"https:\/\/fullsolutions.info\/en\/wp-json\/wp\/v2\/types\/product"}],"replies":[{"embeddable":true,"href":"https:\/\/fullsolutions.info\/en\/wp-json\/wp\/v2\/comments?post=4406"}],"wp:featuredmedia":[{"embeddable":true,"href":"https:\/\/fullsolutions.info\/en\/wp-json\/wp\/v2\/media\/4407"}],"wp:attachment":[{"href":"https:\/\/fullsolutions.info\/en\/wp-json\/wp\/v2\/media?parent=4406"}],"wp:term":[{"taxonomy":"product_brand","embeddable":true,"href":"https:\/\/fullsolutions.info\/en\/wp-json\/wp\/v2\/product_brand?post=4406"},{"taxonomy":"product_cat","embeddable":true,"href":"https:\/\/fullsolutions.info\/en\/wp-json\/wp\/v2\/product_cat?post=4406"},{"taxonomy":"product_tag","embeddable":true,"href":"https:\/\/fullsolutions.info\/en\/wp-json\/wp\/v2\/product_tag?post=4406"},{"taxonomy":"marca","embeddable":true,"href":"https:\/\/fullsolutions.info\/en\/wp-json\/wp\/v2\/marca?post=4406"}],"curies":[{"name":"wp","href":"https:\/\/api.w.org\/{rel}","templated":true}]}}