{"id":4404,"date":"2024-02-02T17:21:10","date_gmt":"2024-02-02T17:21:10","guid":{"rendered":"https:\/\/fullsolutionsequip.com\/?post_type=product&#038;p=4404"},"modified":"2024-02-19T16:12:23","modified_gmt":"2024-02-19T16:12:23","slug":"posicionador-de-valvulas-de-controle-siemens-sipart-ps2","status":"publish","type":"product","link":"https:\/\/fullsolutions.info\/en\/product\/posicionador-de-valvulas-de-controle-siemens-sipart-ps2\/","title":{"rendered":"Positioning of the valves for the control of Siemens SIPART PS2"},"content":{"rendered":"<p>Os posicionadores SIPART PS2 oferecem vantagens decisivas:<\/p>\n<p>\u2022 Instala\u00e7\u00e3o simples e comissionamento autom\u00e1tico (autoajuste de zero e amplitude)<\/p>\n<p>\u2022 Opera\u00e7\u00e3o simples com &#8211; Opera\u00e7\u00e3o local (opera\u00e7\u00e3o manual) e configura\u00e7\u00e3o do dispositivo usando tr\u00eas bot\u00f5es e uma tela de duas linhas amig\u00e1vel ao usu\u00e1rio &#8211; Parametriza\u00e7\u00e3o via SIMATIC PDM<\/p>\n<p>\u2022 Controle de alta qualidade gra\u00e7as a um procedimento de adapta\u00e7\u00e3o online<\/p>\n<p>\u2022 Consumo de ar negligenci\u00e1vel em opera\u00e7\u00e3o estacion\u00e1ria<\/p>\n<p>\u2022 Fun\u00e7\u00e3o &#8220;fechamento herm\u00e9tico&#8221; (garante press\u00e3o m\u00e1xima de posicionamento no assento da v\u00e1lvula)<\/p>\n<p>\u2022 Numerosas fun\u00e7\u00f5es podem ser ativadas por configura\u00e7\u00e3o simples (por exemplo, curvas caracter\u00edsticas e limites)<\/p>\n<p>\u2022 Fun\u00e7\u00f5es de diagn\u00f3stico abrangentes para v\u00e1lvulas e atuadores<\/p>\n<p>\u2022 Apenas uma vers\u00e3o de dispositivo para atuadores lineares e de rota\u00e7\u00e3o parcial<\/p>\n<p>\u2022 Poucas pe\u00e7as m\u00f3veis, portanto, insens\u00edvel a vibra\u00e7\u00f5es<\/p>\n<p>\u2022 Sensor externo sem contato como op\u00e7\u00e3o para condi\u00e7\u00f5es ambientais extremas<\/p>\n<p>\u2022 &#8220;V\u00e1lvula solenoide inteligente&#8221;: Teste de curso parcial e fun\u00e7\u00e3o de v\u00e1lvula solenoide em um \u00fanico dispositivo<\/p>\n<p>\u2022 Teste de curso parcial, por exemplo, para v\u00e1lvulas de seguran\u00e7a<\/p>\n<p>\u2022 Tamb\u00e9m pode ser operado com g\u00e1s natural purificado, di\u00f3xido de carbono, nitrog\u00eanio ou gases nobres<\/p>\n<p>\u2022 SIL (N\u00edvel de Integridade de Seguran\u00e7a) 2<\/p>\n<p>**Aplica\u00e7\u00e3o:**<\/p>\n<p>O posicionador SIPART PS2 \u00e9 usado, por exemplo, nas seguintes ind\u00fastrias:<\/p>\n<p>1) Qu\u00edmica\/petroqu\u00edmica<\/p>\n<p>2) Usinas de energia<\/p>\n<p>3) Papel e vidro<\/p>\n<p>4) \u00c1gua, \u00e1guas residuais<\/p>\n<p>5) Alimentos e produtos farmac\u00eauticos<\/p>\n<p>6) Plantas offshore<\/p>\n<p>O posicionador SIPART PS2 est\u00e1 dispon\u00edvel:<\/p>\n<p>1) Para atuadores de a\u00e7\u00e3o simples: Em inv\u00f3lucro de Makrolon, a\u00e7o inoxid\u00e1vel ou alum\u00ednio, bem como inv\u00f3lucro \u00e0 prova de explos\u00e3o em alum\u00ednio (Exd)<\/p>\n<p>2) Para atuadores de a\u00e7\u00e3o dupla: Em inv\u00f3lucro de Makrolon, inv\u00f3lucro de a\u00e7o inoxid\u00e1vel e inv\u00f3lucro \u00e0 prova de explos\u00e3o em alum\u00ednio (Exd)<\/p>\n<p>3) Para aplica\u00e7\u00f5es n\u00e3o perigosas<\/p>\n<p>4) Para aplica\u00e7\u00f5es perigosas nas vers\u00f5es<\/p>\n<p>&#8211; Tipo de prote\u00e7\u00e3o intr\u00ednseca &#8220;Ex i&#8221;<\/p>\n<p>&#8211; Tipo de prote\u00e7\u00e3o inv\u00f3lucro \u00e0 prova de explos\u00e3o &#8220;Ex d&#8221; em inv\u00f3lucro \u00e0 prova de explos\u00e3o em alum\u00ednio<\/p>\n<p>&#8211; Tipo de prote\u00e7\u00e3o \u00e0 prova de fa\u00edscas &#8220;Ex nA&#8221;, energia limitada &#8220;ExnL&#8221;, prote\u00e7\u00e3o contra poeira via inv\u00f3lucro &#8220;Ex tD&#8221;<\/p>","protected":false},"excerpt":{"rendered":"<p>Os posicionadores SIPART PS2 oferecem vantagens decisivas: \u2022 Instala\u00e7\u00e3o simples e comissionamento autom\u00e1tico (autoajuste de zero e amplitude) \u2022 Opera\u00e7\u00e3o simples com &#8211; Opera\u00e7\u00e3o local (opera\u00e7\u00e3o manual) e configura\u00e7\u00e3o do dispositivo usando tr\u00eas bot\u00f5es e uma tela de duas linhas amig\u00e1vel ao usu\u00e1rio &#8211; Parametriza\u00e7\u00e3o via SIMATIC PDM \u2022 Controle de alta qualidade gra\u00e7as a um procedimento de adapta\u00e7\u00e3o online \u2022 Consumo de ar negligenci\u00e1vel em opera\u00e7\u00e3o estacion\u00e1ria \u2022 Fun\u00e7\u00e3o &#8220;fechamento herm\u00e9tico&#8221; (garante press\u00e3o m\u00e1xima de posicionamento no assento da v\u00e1lvula) \u2022 Numerosas fun\u00e7\u00f5es podem ser ativadas por configura\u00e7\u00e3o simples (por exemplo, curvas caracter\u00edsticas e limites) \u2022 Fun\u00e7\u00f5es de diagn\u00f3stico abrangentes para v\u00e1lvulas e atuadores \u2022 Apenas uma vers\u00e3o de dispositivo para atuadores lineares e de rota\u00e7\u00e3o parcial \u2022 Poucas pe\u00e7as m\u00f3veis, portanto, insens\u00edvel a vibra\u00e7\u00f5es \u2022 Sensor externo sem contato como op\u00e7\u00e3o para condi\u00e7\u00f5es ambientais extremas \u2022 &#8220;V\u00e1lvula solenoide inteligente&#8221;: Teste de curso parcial e fun\u00e7\u00e3o de v\u00e1lvula solenoide em um \u00fanico dispositivo \u2022 Teste de curso parcial, por exemplo, para v\u00e1lvulas de seguran\u00e7a \u2022 Tamb\u00e9m pode ser operado com g\u00e1s natural purificado, di\u00f3xido de carbono, nitrog\u00eanio ou gases nobres \u2022 SIL (N\u00edvel de Integridade de Seguran\u00e7a) 2 **Aplica\u00e7\u00e3o:** O posicionador SIPART PS2 \u00e9 usado, por exemplo, nas seguintes ind\u00fastrias: 1) Qu\u00edmica\/petroqu\u00edmica 2) Usinas de energia 3) Papel e vidro 4) \u00c1gua, \u00e1guas residuais 5) Alimentos e produtos farmac\u00eauticos 6) Plantas offshore O posicionador SIPART PS2 est\u00e1 dispon\u00edvel: 1) Para atuadores de a\u00e7\u00e3o simples: Em inv\u00f3lucro de Makrolon, a\u00e7o inoxid\u00e1vel ou alum\u00ednio, bem como inv\u00f3lucro \u00e0 prova de explos\u00e3o em alum\u00ednio (Exd) 2) Para atuadores de a\u00e7\u00e3o dupla: Em inv\u00f3lucro de Makrolon, inv\u00f3lucro de a\u00e7o inoxid\u00e1vel e inv\u00f3lucro \u00e0 prova de explos\u00e3o em alum\u00ednio (Exd) 3) Para aplica\u00e7\u00f5es n\u00e3o perigosas 4) Para aplica\u00e7\u00f5es perigosas nas vers\u00f5es &#8211; Tipo de prote\u00e7\u00e3o intr\u00ednseca &#8220;Ex i&#8221; &#8211; Tipo de prote\u00e7\u00e3o inv\u00f3lucro \u00e0 prova de explos\u00e3o &#8220;Ex d&#8221; em inv\u00f3lucro \u00e0 prova de explos\u00e3o em alum\u00ednio &#8211; Tipo de prote\u00e7\u00e3o \u00e0 prova de fa\u00edscas &#8220;Ex nA&#8221;, energia limitada &#8220;ExnL&#8221;, prote\u00e7\u00e3o contra poeira via inv\u00f3lucro &#8220;Ex tD&#8221;<\/p>","protected":false},"featured_media":4409,"comment_status":"open","ping_status":"closed","template":"","meta":{"_joinchat":[]},"product_brand":[],"product_cat":[149],"product_tag":[],"marca":[152],"class_list":{"0":"post-4404","1":"product","2":"type-product","3":"status-publish","4":"has-post-thumbnail","6":"product_cat-controladores-e-posicionadores","7":"marca-abb","9":"first","10":"instock","11":"shipping-taxable","12":"purchasable","13":"product-type-simple"},"yoast_head":"<!-- This site is optimized with the Yoast SEO plugin v27.2 - https:\/\/yoast.com\/product\/yoast-seo-wordpress\/ -->\n<title>Posicionador de v\u00e1lvulas de controle Siemens SIPART PS2 - Full Solutions<\/title>\n<meta name=\"robots\" content=\"index, follow, max-snippet:-1, max-image-preview:large, max-video-preview:-1\" \/>\n<link rel=\"canonical\" href=\"https:\/\/fullsolutions.info\/en\/product\/posicionador-de-valvulas-de-controle-siemens-sipart-ps2\/\" \/>\n<meta property=\"og:locale\" content=\"en_US\" \/>\n<meta property=\"og:type\" content=\"article\" \/>\n<meta property=\"og:title\" content=\"Posicionador de v\u00e1lvulas de controle Siemens SIPART PS2 - Full Solutions\" \/>\n<meta property=\"og:description\" content=\"Os posicionadores SIPART PS2 oferecem vantagens decisivas: \u2022 Instala\u00e7\u00e3o simples e comissionamento autom\u00e1tico (autoajuste de zero e amplitude) \u2022 Opera\u00e7\u00e3o simples com &#8211; Opera\u00e7\u00e3o local (opera\u00e7\u00e3o manual) e configura\u00e7\u00e3o do dispositivo usando tr\u00eas bot\u00f5es e uma tela de duas linhas amig\u00e1vel ao usu\u00e1rio &#8211; Parametriza\u00e7\u00e3o via SIMATIC PDM \u2022 Controle de alta qualidade gra\u00e7as a um procedimento de adapta\u00e7\u00e3o online \u2022 Consumo de ar negligenci\u00e1vel em opera\u00e7\u00e3o estacion\u00e1ria \u2022 Fun\u00e7\u00e3o &#8220;fechamento herm\u00e9tico&#8221; (garante press\u00e3o m\u00e1xima de posicionamento no assento da v\u00e1lvula) \u2022 Numerosas fun\u00e7\u00f5es podem ser ativadas por configura\u00e7\u00e3o simples (por exemplo, curvas caracter\u00edsticas e limites) \u2022 Fun\u00e7\u00f5es de diagn\u00f3stico abrangentes para v\u00e1lvulas e atuadores \u2022 Apenas uma vers\u00e3o de dispositivo para atuadores lineares e de rota\u00e7\u00e3o parcial \u2022 Poucas pe\u00e7as m\u00f3veis, portanto, insens\u00edvel a vibra\u00e7\u00f5es \u2022 Sensor externo sem contato como op\u00e7\u00e3o para condi\u00e7\u00f5es ambientais extremas \u2022 &#8220;V\u00e1lvula solenoide inteligente&#8221;: Teste de curso parcial e fun\u00e7\u00e3o de v\u00e1lvula solenoide em um \u00fanico dispositivo \u2022 Teste de curso parcial, por exemplo, para v\u00e1lvulas de seguran\u00e7a \u2022 Tamb\u00e9m pode ser operado com g\u00e1s natural purificado, di\u00f3xido de carbono, nitrog\u00eanio ou gases nobres \u2022 SIL (N\u00edvel de Integridade de Seguran\u00e7a) 2 **Aplica\u00e7\u00e3o:** O posicionador SIPART PS2 \u00e9 usado, por exemplo, nas seguintes ind\u00fastrias: 1) Qu\u00edmica\/petroqu\u00edmica 2) Usinas de energia 3) Papel e vidro 4) \u00c1gua, \u00e1guas residuais 5) Alimentos e produtos farmac\u00eauticos 6) Plantas offshore O posicionador SIPART PS2 est\u00e1 dispon\u00edvel: 1) Para atuadores de a\u00e7\u00e3o simples: Em inv\u00f3lucro de Makrolon, a\u00e7o inoxid\u00e1vel ou alum\u00ednio, bem como inv\u00f3lucro \u00e0 prova de explos\u00e3o em alum\u00ednio (Exd) 2) Para atuadores de a\u00e7\u00e3o dupla: Em inv\u00f3lucro de Makrolon, inv\u00f3lucro de a\u00e7o inoxid\u00e1vel e inv\u00f3lucro \u00e0 prova de explos\u00e3o em alum\u00ednio (Exd) 3) Para aplica\u00e7\u00f5es n\u00e3o perigosas 4) Para aplica\u00e7\u00f5es perigosas nas vers\u00f5es &#8211; Tipo de prote\u00e7\u00e3o intr\u00ednseca &#8220;Ex i&#8221; &#8211; Tipo de prote\u00e7\u00e3o inv\u00f3lucro \u00e0 prova de explos\u00e3o &#8220;Ex d&#8221; em inv\u00f3lucro \u00e0 prova de explos\u00e3o em alum\u00ednio &#8211; Tipo de prote\u00e7\u00e3o \u00e0 prova de fa\u00edscas &#8220;Ex nA&#8221;, energia limitada &#8220;ExnL&#8221;, prote\u00e7\u00e3o contra poeira via inv\u00f3lucro &#8220;Ex tD&#8221;\" \/>\n<meta property=\"og:url\" content=\"https:\/\/fullsolutions.info\/en\/product\/posicionador-de-valvulas-de-controle-siemens-sipart-ps2\/\" \/>\n<meta property=\"og:site_name\" content=\"Full Solutions\" \/>\n<meta property=\"article:modified_time\" content=\"2024-02-19T16:12:23+00:00\" \/>\n<meta property=\"og:image\" content=\"https:\/\/mlhff0prgoxu.i.optimole.com\/cb:s0sM.767\/w:auto\/h:auto\/q:mauto\/f:best\/https:\/\/fullsolutions.info\/wp-content\/uploads\/2024\/02\/s-l1600.jpeg\" \/>\n\t<meta property=\"og:image:width\" content=\"1080\" \/>\n\t<meta property=\"og:image:height\" content=\"671\" \/>\n\t<meta property=\"og:image:type\" content=\"image\/jpeg\" \/>\n<meta name=\"twitter:card\" content=\"summary_large_image\" \/>\n<meta name=\"twitter:label1\" content=\"Est. reading time\" \/>\n\t<meta name=\"twitter:data1\" content=\"2 minutes\" \/>\n<script type=\"application\/ld+json\" class=\"yoast-schema-graph\">{\"@context\":\"https:\/\/schema.org\",\"@graph\":[{\"@type\":\"WebPage\",\"@id\":\"https:\/\/fullsolutions.info\/produto\/posicionador-de-valvulas-de-controle-siemens-sipart-ps2\/\",\"url\":\"https:\/\/fullsolutions.info\/produto\/posicionador-de-valvulas-de-controle-siemens-sipart-ps2\/\",\"name\":\"Posicionador de v\u00e1lvulas de controle Siemens SIPART PS2 - Full Solutions\",\"isPartOf\":{\"@id\":\"https:\/\/fullsolutions.info\/#website\"},\"primaryImageOfPage\":{\"@id\":\"https:\/\/fullsolutions.info\/produto\/posicionador-de-valvulas-de-controle-siemens-sipart-ps2\/#primaryimage\"},\"image\":{\"@id\":\"https:\/\/fullsolutions.info\/produto\/posicionador-de-valvulas-de-controle-siemens-sipart-ps2\/#primaryimage\"},\"thumbnailUrl\":\"https:\/\/mlhff0prgoxu.i.optimole.com\/cb:s0sM.767\/w:auto\/h:auto\/q:mauto\/f:best\/https:\/\/fullsolutions.info\/wp-content\/uploads\/2024\/02\/s-l1600.jpeg\",\"datePublished\":\"2024-02-02T17:21:10+00:00\",\"dateModified\":\"2024-02-19T16:12:23+00:00\",\"breadcrumb\":{\"@id\":\"https:\/\/fullsolutions.info\/produto\/posicionador-de-valvulas-de-controle-siemens-sipart-ps2\/#breadcrumb\"},\"inLanguage\":\"en-US\",\"potentialAction\":[{\"@type\":\"ReadAction\",\"target\":[\"https:\/\/fullsolutions.info\/produto\/posicionador-de-valvulas-de-controle-siemens-sipart-ps2\/\"]}]},{\"@type\":\"ImageObject\",\"inLanguage\":\"en-US\",\"@id\":\"https:\/\/fullsolutions.info\/produto\/posicionador-de-valvulas-de-controle-siemens-sipart-ps2\/#primaryimage\",\"url\":\"https:\/\/mlhff0prgoxu.i.optimole.com\/cb:s0sM.767\/w:auto\/h:auto\/q:mauto\/f:best\/https:\/\/fullsolutions.info\/wp-content\/uploads\/2024\/02\/s-l1600.jpeg\",\"contentUrl\":\"https:\/\/mlhff0prgoxu.i.optimole.com\/cb:s0sM.767\/w:auto\/h:auto\/q:mauto\/f:best\/https:\/\/fullsolutions.info\/wp-content\/uploads\/2024\/02\/s-l1600.jpeg\",\"width\":1080,\"height\":671},{\"@type\":\"BreadcrumbList\",\"@id\":\"https:\/\/fullsolutions.info\/produto\/posicionador-de-valvulas-de-controle-siemens-sipart-ps2\/#breadcrumb\",\"itemListElement\":[{\"@type\":\"ListItem\",\"position\":1,\"name\":\"In\u00edcio\",\"item\":\"https:\/\/fullsolutions.info\/\"},{\"@type\":\"ListItem\",\"position\":2,\"name\":\"Produtos\",\"item\":\"https:\/\/fullsolutions.info\/shop\/\"},{\"@type\":\"ListItem\",\"position\":3,\"name\":\"Posicionador de v\u00e1lvulas de controle Siemens SIPART PS2\"}]},{\"@type\":\"WebSite\",\"@id\":\"https:\/\/fullsolutions.info\/#website\",\"url\":\"https:\/\/fullsolutions.info\/\",\"name\":\"Full Solutions\",\"description\":\"Empresa na \u00c1rea de Procurement\",\"publisher\":{\"@id\":\"https:\/\/fullsolutions.info\/#organization\"},\"potentialAction\":[{\"@type\":\"SearchAction\",\"target\":{\"@type\":\"EntryPoint\",\"urlTemplate\":\"https:\/\/fullsolutions.info\/?s={search_term_string}\"},\"query-input\":{\"@type\":\"PropertyValueSpecification\",\"valueRequired\":true,\"valueName\":\"search_term_string\"}}],\"inLanguage\":\"en-US\"},{\"@type\":\"Organization\",\"@id\":\"https:\/\/fullsolutions.info\/#organization\",\"name\":\"Full Solutions\",\"url\":\"https:\/\/fullsolutions.info\/\",\"logo\":{\"@type\":\"ImageObject\",\"inLanguage\":\"en-US\",\"@id\":\"https:\/\/fullsolutions.info\/#\/schema\/logo\/image\/\",\"url\":\"https:\/\/mlhff0prgoxu.i.optimole.com\/cb:s0sM.767\/w:auto\/h:auto\/q:mauto\/f:best\/https:\/\/fullsolutions.info\/wp-content\/uploads\/2021\/07\/cropped-Design-sem-nome-300x193-1-e1627062664782.png\",\"contentUrl\":\"https:\/\/mlhff0prgoxu.i.optimole.com\/cb:s0sM.767\/w:auto\/h:auto\/q:mauto\/f:best\/https:\/\/fullsolutions.info\/wp-content\/uploads\/2021\/07\/cropped-Design-sem-nome-300x193-1-e1627062664782.png\",\"width\":202,\"height\":155,\"caption\":\"Full Solutions\"},\"image\":{\"@id\":\"https:\/\/fullsolutions.info\/#\/schema\/logo\/image\/\"},\"sameAs\":[\"https:\/\/www.linkedin.com\/company\/full-solutions-equipment\"]}]}<\/script>\n<!-- \/ Yoast SEO plugin. -->","yoast_head_json":{"title":"Posicionador de v\u00e1lvulas de controle Siemens SIPART PS2 - Full Solutions","robots":{"index":"index","follow":"follow","max-snippet":"max-snippet:-1","max-image-preview":"max-image-preview:large","max-video-preview":"max-video-preview:-1"},"canonical":"https:\/\/fullsolutions.info\/en\/product\/posicionador-de-valvulas-de-controle-siemens-sipart-ps2\/","og_locale":"en_US","og_type":"article","og_title":"Posicionador de v\u00e1lvulas de controle Siemens SIPART PS2 - Full Solutions","og_description":"Os posicionadores SIPART PS2 oferecem vantagens decisivas: \u2022 Instala\u00e7\u00e3o simples e comissionamento autom\u00e1tico (autoajuste de zero e amplitude) \u2022 Opera\u00e7\u00e3o simples com &#8211; Opera\u00e7\u00e3o local (opera\u00e7\u00e3o manual) e configura\u00e7\u00e3o do dispositivo usando tr\u00eas bot\u00f5es e uma tela de duas linhas amig\u00e1vel ao usu\u00e1rio &#8211; Parametriza\u00e7\u00e3o via SIMATIC PDM \u2022 Controle de alta qualidade gra\u00e7as a um procedimento de adapta\u00e7\u00e3o online \u2022 Consumo de ar negligenci\u00e1vel em opera\u00e7\u00e3o estacion\u00e1ria \u2022 Fun\u00e7\u00e3o &#8220;fechamento herm\u00e9tico&#8221; (garante press\u00e3o m\u00e1xima de posicionamento no assento da v\u00e1lvula) \u2022 Numerosas fun\u00e7\u00f5es podem ser ativadas por configura\u00e7\u00e3o simples (por exemplo, curvas caracter\u00edsticas e limites) \u2022 Fun\u00e7\u00f5es de diagn\u00f3stico abrangentes para v\u00e1lvulas e atuadores \u2022 Apenas uma vers\u00e3o de dispositivo para atuadores lineares e de rota\u00e7\u00e3o parcial \u2022 Poucas pe\u00e7as m\u00f3veis, portanto, insens\u00edvel a vibra\u00e7\u00f5es \u2022 Sensor externo sem contato como op\u00e7\u00e3o para condi\u00e7\u00f5es ambientais extremas \u2022 &#8220;V\u00e1lvula solenoide inteligente&#8221;: Teste de curso parcial e fun\u00e7\u00e3o de v\u00e1lvula solenoide em um \u00fanico dispositivo \u2022 Teste de curso parcial, por exemplo, para v\u00e1lvulas de seguran\u00e7a \u2022 Tamb\u00e9m pode ser operado com g\u00e1s natural purificado, di\u00f3xido de carbono, nitrog\u00eanio ou gases nobres \u2022 SIL (N\u00edvel de Integridade de Seguran\u00e7a) 2 **Aplica\u00e7\u00e3o:** O posicionador SIPART PS2 \u00e9 usado, por exemplo, nas seguintes ind\u00fastrias: 1) Qu\u00edmica\/petroqu\u00edmica 2) Usinas de energia 3) Papel e vidro 4) \u00c1gua, \u00e1guas residuais 5) Alimentos e produtos farmac\u00eauticos 6) Plantas offshore O posicionador SIPART PS2 est\u00e1 dispon\u00edvel: 1) Para atuadores de a\u00e7\u00e3o simples: Em inv\u00f3lucro de Makrolon, a\u00e7o inoxid\u00e1vel ou alum\u00ednio, bem como inv\u00f3lucro \u00e0 prova de explos\u00e3o em alum\u00ednio (Exd) 2) Para atuadores de a\u00e7\u00e3o dupla: Em inv\u00f3lucro de Makrolon, inv\u00f3lucro de a\u00e7o inoxid\u00e1vel e inv\u00f3lucro \u00e0 prova de explos\u00e3o em alum\u00ednio (Exd) 3) Para aplica\u00e7\u00f5es n\u00e3o perigosas 4) Para aplica\u00e7\u00f5es perigosas nas vers\u00f5es &#8211; Tipo de prote\u00e7\u00e3o intr\u00ednseca &#8220;Ex i&#8221; &#8211; Tipo de prote\u00e7\u00e3o inv\u00f3lucro \u00e0 prova de explos\u00e3o &#8220;Ex d&#8221; em inv\u00f3lucro \u00e0 prova de explos\u00e3o em alum\u00ednio &#8211; Tipo de prote\u00e7\u00e3o \u00e0 prova de fa\u00edscas &#8220;Ex nA&#8221;, energia limitada &#8220;ExnL&#8221;, prote\u00e7\u00e3o contra poeira via inv\u00f3lucro &#8220;Ex tD&#8221;","og_url":"https:\/\/fullsolutions.info\/en\/product\/posicionador-de-valvulas-de-controle-siemens-sipart-ps2\/","og_site_name":"Full Solutions","article_modified_time":"2024-02-19T16:12:23+00:00","og_image":[{"width":1080,"height":671,"url":"https:\/\/mlhff0prgoxu.i.optimole.com\/cb:s0sM.767\/w:auto\/h:auto\/q:mauto\/f:best\/https:\/\/fullsolutions.info\/wp-content\/uploads\/2024\/02\/s-l1600.jpeg","type":"image\/jpeg"}],"twitter_card":"summary_large_image","twitter_misc":{"Est. reading time":"2 minutes"},"schema":{"@context":"https:\/\/schema.org","@graph":[{"@type":"WebPage","@id":"https:\/\/fullsolutions.info\/produto\/posicionador-de-valvulas-de-controle-siemens-sipart-ps2\/","url":"https:\/\/fullsolutions.info\/produto\/posicionador-de-valvulas-de-controle-siemens-sipart-ps2\/","name":"Posicionador de v\u00e1lvulas de controle Siemens SIPART PS2 - Full Solutions","isPartOf":{"@id":"https:\/\/fullsolutions.info\/#website"},"primaryImageOfPage":{"@id":"https:\/\/fullsolutions.info\/produto\/posicionador-de-valvulas-de-controle-siemens-sipart-ps2\/#primaryimage"},"image":{"@id":"https:\/\/fullsolutions.info\/produto\/posicionador-de-valvulas-de-controle-siemens-sipart-ps2\/#primaryimage"},"thumbnailUrl":"https:\/\/mlhff0prgoxu.i.optimole.com\/cb:s0sM.767\/w:auto\/h:auto\/q:mauto\/f:best\/https:\/\/fullsolutions.info\/wp-content\/uploads\/2024\/02\/s-l1600.jpeg","datePublished":"2024-02-02T17:21:10+00:00","dateModified":"2024-02-19T16:12:23+00:00","breadcrumb":{"@id":"https:\/\/fullsolutions.info\/produto\/posicionador-de-valvulas-de-controle-siemens-sipart-ps2\/#breadcrumb"},"inLanguage":"en-US","potentialAction":[{"@type":"ReadAction","target":["https:\/\/fullsolutions.info\/produto\/posicionador-de-valvulas-de-controle-siemens-sipart-ps2\/"]}]},{"@type":"ImageObject","inLanguage":"en-US","@id":"https:\/\/fullsolutions.info\/produto\/posicionador-de-valvulas-de-controle-siemens-sipart-ps2\/#primaryimage","url":"https:\/\/mlhff0prgoxu.i.optimole.com\/cb:s0sM.767\/w:auto\/h:auto\/q:mauto\/f:best\/https:\/\/fullsolutions.info\/wp-content\/uploads\/2024\/02\/s-l1600.jpeg","contentUrl":"https:\/\/mlhff0prgoxu.i.optimole.com\/cb:s0sM.767\/w:auto\/h:auto\/q:mauto\/f:best\/https:\/\/fullsolutions.info\/wp-content\/uploads\/2024\/02\/s-l1600.jpeg","width":1080,"height":671},{"@type":"BreadcrumbList","@id":"https:\/\/fullsolutions.info\/produto\/posicionador-de-valvulas-de-controle-siemens-sipart-ps2\/#breadcrumb","itemListElement":[{"@type":"ListItem","position":1,"name":"In\u00edcio","item":"https:\/\/fullsolutions.info\/"},{"@type":"ListItem","position":2,"name":"Produtos","item":"https:\/\/fullsolutions.info\/shop\/"},{"@type":"ListItem","position":3,"name":"Posicionador de v\u00e1lvulas de controle Siemens SIPART PS2"}]},{"@type":"WebSite","@id":"https:\/\/fullsolutions.info\/#website","url":"https:\/\/fullsolutions.info\/","name":"Full Solutions","description":"Empresa na \u00c1rea de Procurement","publisher":{"@id":"https:\/\/fullsolutions.info\/#organization"},"potentialAction":[{"@type":"SearchAction","target":{"@type":"EntryPoint","urlTemplate":"https:\/\/fullsolutions.info\/?s={search_term_string}"},"query-input":{"@type":"PropertyValueSpecification","valueRequired":true,"valueName":"search_term_string"}}],"inLanguage":"en-US"},{"@type":"Organization","@id":"https:\/\/fullsolutions.info\/#organization","name":"Full Solutions","url":"https:\/\/fullsolutions.info\/","logo":{"@type":"ImageObject","inLanguage":"en-US","@id":"https:\/\/fullsolutions.info\/#\/schema\/logo\/image\/","url":"https:\/\/mlhff0prgoxu.i.optimole.com\/cb:s0sM.767\/w:auto\/h:auto\/q:mauto\/f:best\/https:\/\/fullsolutions.info\/wp-content\/uploads\/2021\/07\/cropped-Design-sem-nome-300x193-1-e1627062664782.png","contentUrl":"https:\/\/mlhff0prgoxu.i.optimole.com\/cb:s0sM.767\/w:auto\/h:auto\/q:mauto\/f:best\/https:\/\/fullsolutions.info\/wp-content\/uploads\/2021\/07\/cropped-Design-sem-nome-300x193-1-e1627062664782.png","width":202,"height":155,"caption":"Full Solutions"},"image":{"@id":"https:\/\/fullsolutions.info\/#\/schema\/logo\/image\/"},"sameAs":["https:\/\/www.linkedin.com\/company\/full-solutions-equipment"]}]}},"_links":{"self":[{"href":"https:\/\/fullsolutions.info\/en\/wp-json\/wp\/v2\/product\/4404","targetHints":{"allow":["GET"]}}],"collection":[{"href":"https:\/\/fullsolutions.info\/en\/wp-json\/wp\/v2\/product"}],"about":[{"href":"https:\/\/fullsolutions.info\/en\/wp-json\/wp\/v2\/types\/product"}],"replies":[{"embeddable":true,"href":"https:\/\/fullsolutions.info\/en\/wp-json\/wp\/v2\/comments?post=4404"}],"wp:featuredmedia":[{"embeddable":true,"href":"https:\/\/fullsolutions.info\/en\/wp-json\/wp\/v2\/media\/4409"}],"wp:attachment":[{"href":"https:\/\/fullsolutions.info\/en\/wp-json\/wp\/v2\/media?parent=4404"}],"wp:term":[{"taxonomy":"product_brand","embeddable":true,"href":"https:\/\/fullsolutions.info\/en\/wp-json\/wp\/v2\/product_brand?post=4404"},{"taxonomy":"product_cat","embeddable":true,"href":"https:\/\/fullsolutions.info\/en\/wp-json\/wp\/v2\/product_cat?post=4404"},{"taxonomy":"product_tag","embeddable":true,"href":"https:\/\/fullsolutions.info\/en\/wp-json\/wp\/v2\/product_tag?post=4404"},{"taxonomy":"marca","embeddable":true,"href":"https:\/\/fullsolutions.info\/en\/wp-json\/wp\/v2\/marca?post=4404"}],"curies":[{"name":"wp","href":"https:\/\/api.w.org\/{rel}","templated":true}]}}