{"id":4400,"date":"2024-02-02T17:16:14","date_gmt":"2024-02-02T17:16:14","guid":{"rendered":"https:\/\/fullsolutionsequip.com\/?post_type=product&#038;p=4400"},"modified":"2024-02-19T16:12:23","modified_gmt":"2024-02-19T16:12:23","slug":"o-medidor-de-vazao-para-menores-vazoes-com-tecnologia-genuina-alimentada-por-loop","status":"publish","type":"product","link":"https:\/\/fullsolutions.info\/en\/product\/o-medidor-de-vazao-para-menores-vazoes-com-tecnologia-genuina-alimentada-por-loop\/","title":{"rendered":"The flowmeter for smallest flow rates with a technology that is a genuine-powered by the loop"},"content":{"rendered":"<p>O Promag H \u00e9 o sensor preferido para aplica\u00e7\u00f5es com os mais altos requisitos nas ind\u00fastrias de alimentos e bebidas e ci\u00eancias da vida. O Promag H 200 oferece, al\u00e9m disso, tecnologia genu\u00edna de dois fios, compat\u00edvel com a ind\u00fastria. Isso permite que o dispositivo seja integrado perfeitamente \u00e0s infraestruturas e sistemas de controle existentes. As vantagens adicionais incluem alta seguran\u00e7a operacional em \u00e1reas perigosas, gra\u00e7as a um design intrinsicamente seguro (Ex ia), e um procedimento de instala\u00e7\u00e3o familiar.<\/p>\n<p><strong>Benef\u00edcios<\/strong><\/p>\n<p>Conceito de instala\u00e7\u00e3o flex\u00edvel &#8211; in\u00fameras conex\u00f5es de processo higi\u00eanicas<\/p>\n<p>Medi\u00e7\u00e3o de fluxo economizadora de energia &#8211; sem perda de press\u00e3o devido \u00e0 constri\u00e7\u00e3o da se\u00e7\u00e3o transversal<\/p>\n<p>Cabeamento conveniente do dispositivo &#8211; compartimento de conex\u00e3o separado<\/p>\n<p>Opera\u00e7\u00e3o segura &#8211; n\u00e3o h\u00e1 necessidade de abrir o dispositivo devido ao display com controle por toque e ilumina\u00e7\u00e3o de fundo<\/p>\n<p>Sem necessidade de manuten\u00e7\u00e3o &#8211; sem pe\u00e7as m\u00f3veis<\/p>\n<p>Verifica\u00e7\u00e3o integrada &#8211; Heartbeat Technology\u2122<\/p>\n<p><strong>Aplica\u00e7\u00f5es<\/strong><\/p>\n<p>O princ\u00edpio de medi\u00e7\u00e3o \u00e9 praticamente independente de press\u00e3o, densidade, temperatura e viscosidade<\/p>\n<p>Para aplica\u00e7\u00f5es higi\u00eanicas exigentes.<\/p>\n<p><strong>Propriedades do dispositivo<\/strong><\/p>\n<p>Forro feito de PFA<\/p>\n<p>Carca\u00e7a do sensor feita de a\u00e7o inoxid\u00e1vel (3A, EHEDG)<\/p>\n<p>Materiais molhados podem ser limpos com CIP, SIP<\/p>\n<p>Tecnologia alimentada por loop<\/p>\n<p>Alta prote\u00e7\u00e3o contra entrada de \u00e1gua: IP69K<\/p>\n<p>Seguran\u00e7a de planta: aprova\u00e7\u00f5es globais (SIL, \u00e1rea perigosa)<\/p>","protected":false},"excerpt":{"rendered":"<p>O Promag H \u00e9 o sensor preferido para aplica\u00e7\u00f5es com os mais altos requisitos nas ind\u00fastrias de alimentos e bebidas e ci\u00eancias da vida. O Promag H 200 oferece, al\u00e9m disso, tecnologia genu\u00edna de dois fios, compat\u00edvel com a ind\u00fastria. Isso permite que o dispositivo seja integrado perfeitamente \u00e0s infraestruturas e sistemas de controle existentes. As vantagens adicionais incluem alta seguran\u00e7a operacional em \u00e1reas perigosas, gra\u00e7as a um design intrinsicamente seguro (Ex ia), e um procedimento de instala\u00e7\u00e3o familiar. Benef\u00edcios Conceito de instala\u00e7\u00e3o flex\u00edvel &#8211; in\u00fameras conex\u00f5es de processo higi\u00eanicas Medi\u00e7\u00e3o de fluxo economizadora de energia &#8211; sem perda de press\u00e3o devido \u00e0 constri\u00e7\u00e3o da se\u00e7\u00e3o transversal Cabeamento conveniente do dispositivo &#8211; compartimento de conex\u00e3o separado Opera\u00e7\u00e3o segura &#8211; n\u00e3o h\u00e1 necessidade de abrir o dispositivo devido ao display com controle por toque e ilumina\u00e7\u00e3o de fundo Sem necessidade de manuten\u00e7\u00e3o &#8211; sem pe\u00e7as m\u00f3veis Verifica\u00e7\u00e3o integrada &#8211; Heartbeat Technology\u2122 Aplica\u00e7\u00f5es O princ\u00edpio de medi\u00e7\u00e3o \u00e9 praticamente independente de press\u00e3o, densidade, temperatura e viscosidade Para aplica\u00e7\u00f5es higi\u00eanicas exigentes. Propriedades do dispositivo Forro feito de PFA Carca\u00e7a do sensor feita de a\u00e7o inoxid\u00e1vel (3A, EHEDG) Materiais molhados podem ser limpos com CIP, SIP Tecnologia alimentada por loop Alta prote\u00e7\u00e3o contra entrada de \u00e1gua: IP69K Seguran\u00e7a de planta: aprova\u00e7\u00f5es globais (SIL, \u00e1rea perigosa)<\/p>","protected":false},"featured_media":4401,"comment_status":"open","ping_status":"closed","template":"","meta":{"_joinchat":[]},"product_brand":[],"product_cat":[146],"product_tag":[],"marca":[147],"class_list":{"0":"post-4400","1":"product","2":"type-product","3":"status-publish","4":"has-post-thumbnail","6":"product_cat-medidores-de-vazao-e-tubos-de-vazao","7":"marca-endresshauser","9":"first","10":"instock","11":"shipping-taxable","12":"purchasable","13":"product-type-simple"},"yoast_head":"<!-- This site is optimized with the Yoast SEO plugin v27.2 - https:\/\/yoast.com\/product\/yoast-seo-wordpress\/ -->\n<title>O medidor de vaz\u00e3o para menores vaz\u00f5es com tecnologia genu\u00edna alimentada por loop - Full Solutions<\/title>\n<meta name=\"robots\" content=\"index, follow, max-snippet:-1, max-image-preview:large, max-video-preview:-1\" \/>\n<link rel=\"canonical\" href=\"https:\/\/fullsolutions.info\/en\/product\/o-medidor-de-vazao-para-menores-vazoes-com-tecnologia-genuina-alimentada-por-loop\/\" \/>\n<meta property=\"og:locale\" content=\"en_US\" \/>\n<meta property=\"og:type\" content=\"article\" \/>\n<meta property=\"og:title\" content=\"O medidor de vaz\u00e3o para menores vaz\u00f5es com tecnologia genu\u00edna alimentada por loop - Full Solutions\" \/>\n<meta property=\"og:description\" content=\"O Promag H \u00e9 o sensor preferido para aplica\u00e7\u00f5es com os mais altos requisitos nas ind\u00fastrias de alimentos e bebidas e ci\u00eancias da vida. O Promag H 200 oferece, al\u00e9m disso, tecnologia genu\u00edna de dois fios, compat\u00edvel com a ind\u00fastria. Isso permite que o dispositivo seja integrado perfeitamente \u00e0s infraestruturas e sistemas de controle existentes. As vantagens adicionais incluem alta seguran\u00e7a operacional em \u00e1reas perigosas, gra\u00e7as a um design intrinsicamente seguro (Ex ia), e um procedimento de instala\u00e7\u00e3o familiar. Benef\u00edcios Conceito de instala\u00e7\u00e3o flex\u00edvel &#8211; in\u00fameras conex\u00f5es de processo higi\u00eanicas Medi\u00e7\u00e3o de fluxo economizadora de energia &#8211; sem perda de press\u00e3o devido \u00e0 constri\u00e7\u00e3o da se\u00e7\u00e3o transversal Cabeamento conveniente do dispositivo &#8211; compartimento de conex\u00e3o separado Opera\u00e7\u00e3o segura &#8211; n\u00e3o h\u00e1 necessidade de abrir o dispositivo devido ao display com controle por toque e ilumina\u00e7\u00e3o de fundo Sem necessidade de manuten\u00e7\u00e3o &#8211; sem pe\u00e7as m\u00f3veis Verifica\u00e7\u00e3o integrada &#8211; Heartbeat Technology\u2122 Aplica\u00e7\u00f5es O princ\u00edpio de medi\u00e7\u00e3o \u00e9 praticamente independente de press\u00e3o, densidade, temperatura e viscosidade Para aplica\u00e7\u00f5es higi\u00eanicas exigentes. Propriedades do dispositivo Forro feito de PFA Carca\u00e7a do sensor feita de a\u00e7o inoxid\u00e1vel (3A, EHEDG) Materiais molhados podem ser limpos com CIP, SIP Tecnologia alimentada por loop Alta prote\u00e7\u00e3o contra entrada de \u00e1gua: IP69K Seguran\u00e7a de planta: aprova\u00e7\u00f5es globais (SIL, \u00e1rea perigosa)\" \/>\n<meta property=\"og:url\" content=\"https:\/\/fullsolutions.info\/en\/product\/o-medidor-de-vazao-para-menores-vazoes-com-tecnologia-genuina-alimentada-por-loop\/\" \/>\n<meta property=\"og:site_name\" content=\"Full Solutions\" \/>\n<meta property=\"article:modified_time\" content=\"2024-02-19T16:12:23+00:00\" \/>\n<meta property=\"og:image\" content=\"https:\/\/mlhff0prgoxu.i.optimole.com\/cb:s0sM.767\/w:auto\/h:auto\/q:mauto\/f:best\/https:\/\/fullsolutions.info\/wp-content\/uploads\/2024\/02\/Promag_H_200_Front_Horiz_Displ_Komp_PGp___PP_01.jpg\" \/>\n\t<meta property=\"og:image:width\" content=\"636\" \/>\n\t<meta property=\"og:image:height\" content=\"358\" \/>\n\t<meta property=\"og:image:type\" content=\"image\/jpeg\" \/>\n<meta name=\"twitter:card\" content=\"summary_large_image\" \/>\n<meta name=\"twitter:label1\" content=\"Est. reading time\" \/>\n\t<meta name=\"twitter:data1\" content=\"1 minute\" \/>\n<script type=\"application\/ld+json\" class=\"yoast-schema-graph\">{\"@context\":\"https:\/\/schema.org\",\"@graph\":[{\"@type\":\"WebPage\",\"@id\":\"https:\/\/fullsolutions.info\/produto\/o-medidor-de-vazao-para-menores-vazoes-com-tecnologia-genuina-alimentada-por-loop\/\",\"url\":\"https:\/\/fullsolutions.info\/produto\/o-medidor-de-vazao-para-menores-vazoes-com-tecnologia-genuina-alimentada-por-loop\/\",\"name\":\"O medidor de vaz\u00e3o para menores vaz\u00f5es com tecnologia genu\u00edna alimentada por loop - Full Solutions\",\"isPartOf\":{\"@id\":\"https:\/\/fullsolutions.info\/#website\"},\"primaryImageOfPage\":{\"@id\":\"https:\/\/fullsolutions.info\/produto\/o-medidor-de-vazao-para-menores-vazoes-com-tecnologia-genuina-alimentada-por-loop\/#primaryimage\"},\"image\":{\"@id\":\"https:\/\/fullsolutions.info\/produto\/o-medidor-de-vazao-para-menores-vazoes-com-tecnologia-genuina-alimentada-por-loop\/#primaryimage\"},\"thumbnailUrl\":\"https:\/\/mlhff0prgoxu.i.optimole.com\/cb:s0sM.767\/w:auto\/h:auto\/q:mauto\/f:best\/https:\/\/fullsolutions.info\/wp-content\/uploads\/2024\/02\/Promag_H_200_Front_Horiz_Displ_Komp_PGp___PP_01.jpg\",\"datePublished\":\"2024-02-02T17:16:14+00:00\",\"dateModified\":\"2024-02-19T16:12:23+00:00\",\"breadcrumb\":{\"@id\":\"https:\/\/fullsolutions.info\/produto\/o-medidor-de-vazao-para-menores-vazoes-com-tecnologia-genuina-alimentada-por-loop\/#breadcrumb\"},\"inLanguage\":\"en-US\",\"potentialAction\":[{\"@type\":\"ReadAction\",\"target\":[\"https:\/\/fullsolutions.info\/produto\/o-medidor-de-vazao-para-menores-vazoes-com-tecnologia-genuina-alimentada-por-loop\/\"]}]},{\"@type\":\"ImageObject\",\"inLanguage\":\"en-US\",\"@id\":\"https:\/\/fullsolutions.info\/produto\/o-medidor-de-vazao-para-menores-vazoes-com-tecnologia-genuina-alimentada-por-loop\/#primaryimage\",\"url\":\"https:\/\/mlhff0prgoxu.i.optimole.com\/cb:s0sM.767\/w:auto\/h:auto\/q:mauto\/f:best\/https:\/\/fullsolutions.info\/wp-content\/uploads\/2024\/02\/Promag_H_200_Front_Horiz_Displ_Komp_PGp___PP_01.jpg\",\"contentUrl\":\"https:\/\/mlhff0prgoxu.i.optimole.com\/cb:s0sM.767\/w:auto\/h:auto\/q:mauto\/f:best\/https:\/\/fullsolutions.info\/wp-content\/uploads\/2024\/02\/Promag_H_200_Front_Horiz_Displ_Komp_PGp___PP_01.jpg\",\"width\":636,\"height\":358},{\"@type\":\"BreadcrumbList\",\"@id\":\"https:\/\/fullsolutions.info\/produto\/o-medidor-de-vazao-para-menores-vazoes-com-tecnologia-genuina-alimentada-por-loop\/#breadcrumb\",\"itemListElement\":[{\"@type\":\"ListItem\",\"position\":1,\"name\":\"In\u00edcio\",\"item\":\"https:\/\/fullsolutions.info\/\"},{\"@type\":\"ListItem\",\"position\":2,\"name\":\"Produtos\",\"item\":\"https:\/\/fullsolutions.info\/shop\/\"},{\"@type\":\"ListItem\",\"position\":3,\"name\":\"O medidor de vaz\u00e3o para menores vaz\u00f5es com tecnologia genu\u00edna alimentada por loop\"}]},{\"@type\":\"WebSite\",\"@id\":\"https:\/\/fullsolutions.info\/#website\",\"url\":\"https:\/\/fullsolutions.info\/\",\"name\":\"Full Solutions\",\"description\":\"Empresa na \u00c1rea de Procurement\",\"publisher\":{\"@id\":\"https:\/\/fullsolutions.info\/#organization\"},\"potentialAction\":[{\"@type\":\"SearchAction\",\"target\":{\"@type\":\"EntryPoint\",\"urlTemplate\":\"https:\/\/fullsolutions.info\/?s={search_term_string}\"},\"query-input\":{\"@type\":\"PropertyValueSpecification\",\"valueRequired\":true,\"valueName\":\"search_term_string\"}}],\"inLanguage\":\"en-US\"},{\"@type\":\"Organization\",\"@id\":\"https:\/\/fullsolutions.info\/#organization\",\"name\":\"Full Solutions\",\"url\":\"https:\/\/fullsolutions.info\/\",\"logo\":{\"@type\":\"ImageObject\",\"inLanguage\":\"en-US\",\"@id\":\"https:\/\/fullsolutions.info\/#\/schema\/logo\/image\/\",\"url\":\"https:\/\/mlhff0prgoxu.i.optimole.com\/cb:s0sM.767\/w:auto\/h:auto\/q:mauto\/f:best\/https:\/\/fullsolutions.info\/wp-content\/uploads\/2021\/07\/cropped-Design-sem-nome-300x193-1-e1627062664782.png\",\"contentUrl\":\"https:\/\/mlhff0prgoxu.i.optimole.com\/cb:s0sM.767\/w:auto\/h:auto\/q:mauto\/f:best\/https:\/\/fullsolutions.info\/wp-content\/uploads\/2021\/07\/cropped-Design-sem-nome-300x193-1-e1627062664782.png\",\"width\":202,\"height\":155,\"caption\":\"Full Solutions\"},\"image\":{\"@id\":\"https:\/\/fullsolutions.info\/#\/schema\/logo\/image\/\"},\"sameAs\":[\"https:\/\/www.linkedin.com\/company\/full-solutions-equipment\"]}]}<\/script>\n<!-- \/ Yoast SEO plugin. -->","yoast_head_json":{"title":"O medidor de vaz\u00e3o para menores vaz\u00f5es com tecnologia genu\u00edna alimentada por loop - Full Solutions","robots":{"index":"index","follow":"follow","max-snippet":"max-snippet:-1","max-image-preview":"max-image-preview:large","max-video-preview":"max-video-preview:-1"},"canonical":"https:\/\/fullsolutions.info\/en\/product\/o-medidor-de-vazao-para-menores-vazoes-com-tecnologia-genuina-alimentada-por-loop\/","og_locale":"en_US","og_type":"article","og_title":"O medidor de vaz\u00e3o para menores vaz\u00f5es com tecnologia genu\u00edna alimentada por loop - Full Solutions","og_description":"O Promag H \u00e9 o sensor preferido para aplica\u00e7\u00f5es com os mais altos requisitos nas ind\u00fastrias de alimentos e bebidas e ci\u00eancias da vida. O Promag H 200 oferece, al\u00e9m disso, tecnologia genu\u00edna de dois fios, compat\u00edvel com a ind\u00fastria. Isso permite que o dispositivo seja integrado perfeitamente \u00e0s infraestruturas e sistemas de controle existentes. As vantagens adicionais incluem alta seguran\u00e7a operacional em \u00e1reas perigosas, gra\u00e7as a um design intrinsicamente seguro (Ex ia), e um procedimento de instala\u00e7\u00e3o familiar. Benef\u00edcios Conceito de instala\u00e7\u00e3o flex\u00edvel &#8211; in\u00fameras conex\u00f5es de processo higi\u00eanicas Medi\u00e7\u00e3o de fluxo economizadora de energia &#8211; sem perda de press\u00e3o devido \u00e0 constri\u00e7\u00e3o da se\u00e7\u00e3o transversal Cabeamento conveniente do dispositivo &#8211; compartimento de conex\u00e3o separado Opera\u00e7\u00e3o segura &#8211; n\u00e3o h\u00e1 necessidade de abrir o dispositivo devido ao display com controle por toque e ilumina\u00e7\u00e3o de fundo Sem necessidade de manuten\u00e7\u00e3o &#8211; sem pe\u00e7as m\u00f3veis Verifica\u00e7\u00e3o integrada &#8211; Heartbeat Technology\u2122 Aplica\u00e7\u00f5es O princ\u00edpio de medi\u00e7\u00e3o \u00e9 praticamente independente de press\u00e3o, densidade, temperatura e viscosidade Para aplica\u00e7\u00f5es higi\u00eanicas exigentes. Propriedades do dispositivo Forro feito de PFA Carca\u00e7a do sensor feita de a\u00e7o inoxid\u00e1vel (3A, EHEDG) Materiais molhados podem ser limpos com CIP, SIP Tecnologia alimentada por loop Alta prote\u00e7\u00e3o contra entrada de \u00e1gua: IP69K Seguran\u00e7a de planta: aprova\u00e7\u00f5es globais (SIL, \u00e1rea perigosa)","og_url":"https:\/\/fullsolutions.info\/en\/product\/o-medidor-de-vazao-para-menores-vazoes-com-tecnologia-genuina-alimentada-por-loop\/","og_site_name":"Full Solutions","article_modified_time":"2024-02-19T16:12:23+00:00","og_image":[{"width":636,"height":358,"url":"https:\/\/mlhff0prgoxu.i.optimole.com\/cb:s0sM.767\/w:auto\/h:auto\/q:mauto\/f:best\/https:\/\/fullsolutions.info\/wp-content\/uploads\/2024\/02\/Promag_H_200_Front_Horiz_Displ_Komp_PGp___PP_01.jpg","type":"image\/jpeg"}],"twitter_card":"summary_large_image","twitter_misc":{"Est. reading time":"1 minute"},"schema":{"@context":"https:\/\/schema.org","@graph":[{"@type":"WebPage","@id":"https:\/\/fullsolutions.info\/produto\/o-medidor-de-vazao-para-menores-vazoes-com-tecnologia-genuina-alimentada-por-loop\/","url":"https:\/\/fullsolutions.info\/produto\/o-medidor-de-vazao-para-menores-vazoes-com-tecnologia-genuina-alimentada-por-loop\/","name":"O medidor de vaz\u00e3o para menores vaz\u00f5es com tecnologia genu\u00edna alimentada por loop - Full Solutions","isPartOf":{"@id":"https:\/\/fullsolutions.info\/#website"},"primaryImageOfPage":{"@id":"https:\/\/fullsolutions.info\/produto\/o-medidor-de-vazao-para-menores-vazoes-com-tecnologia-genuina-alimentada-por-loop\/#primaryimage"},"image":{"@id":"https:\/\/fullsolutions.info\/produto\/o-medidor-de-vazao-para-menores-vazoes-com-tecnologia-genuina-alimentada-por-loop\/#primaryimage"},"thumbnailUrl":"https:\/\/mlhff0prgoxu.i.optimole.com\/cb:s0sM.767\/w:auto\/h:auto\/q:mauto\/f:best\/https:\/\/fullsolutions.info\/wp-content\/uploads\/2024\/02\/Promag_H_200_Front_Horiz_Displ_Komp_PGp___PP_01.jpg","datePublished":"2024-02-02T17:16:14+00:00","dateModified":"2024-02-19T16:12:23+00:00","breadcrumb":{"@id":"https:\/\/fullsolutions.info\/produto\/o-medidor-de-vazao-para-menores-vazoes-com-tecnologia-genuina-alimentada-por-loop\/#breadcrumb"},"inLanguage":"en-US","potentialAction":[{"@type":"ReadAction","target":["https:\/\/fullsolutions.info\/produto\/o-medidor-de-vazao-para-menores-vazoes-com-tecnologia-genuina-alimentada-por-loop\/"]}]},{"@type":"ImageObject","inLanguage":"en-US","@id":"https:\/\/fullsolutions.info\/produto\/o-medidor-de-vazao-para-menores-vazoes-com-tecnologia-genuina-alimentada-por-loop\/#primaryimage","url":"https:\/\/mlhff0prgoxu.i.optimole.com\/cb:s0sM.767\/w:auto\/h:auto\/q:mauto\/f:best\/https:\/\/fullsolutions.info\/wp-content\/uploads\/2024\/02\/Promag_H_200_Front_Horiz_Displ_Komp_PGp___PP_01.jpg","contentUrl":"https:\/\/mlhff0prgoxu.i.optimole.com\/cb:s0sM.767\/w:auto\/h:auto\/q:mauto\/f:best\/https:\/\/fullsolutions.info\/wp-content\/uploads\/2024\/02\/Promag_H_200_Front_Horiz_Displ_Komp_PGp___PP_01.jpg","width":636,"height":358},{"@type":"BreadcrumbList","@id":"https:\/\/fullsolutions.info\/produto\/o-medidor-de-vazao-para-menores-vazoes-com-tecnologia-genuina-alimentada-por-loop\/#breadcrumb","itemListElement":[{"@type":"ListItem","position":1,"name":"In\u00edcio","item":"https:\/\/fullsolutions.info\/"},{"@type":"ListItem","position":2,"name":"Produtos","item":"https:\/\/fullsolutions.info\/shop\/"},{"@type":"ListItem","position":3,"name":"O medidor de vaz\u00e3o para menores vaz\u00f5es com tecnologia genu\u00edna alimentada por loop"}]},{"@type":"WebSite","@id":"https:\/\/fullsolutions.info\/#website","url":"https:\/\/fullsolutions.info\/","name":"Full Solutions","description":"Empresa na \u00c1rea de Procurement","publisher":{"@id":"https:\/\/fullsolutions.info\/#organization"},"potentialAction":[{"@type":"SearchAction","target":{"@type":"EntryPoint","urlTemplate":"https:\/\/fullsolutions.info\/?s={search_term_string}"},"query-input":{"@type":"PropertyValueSpecification","valueRequired":true,"valueName":"search_term_string"}}],"inLanguage":"en-US"},{"@type":"Organization","@id":"https:\/\/fullsolutions.info\/#organization","name":"Full Solutions","url":"https:\/\/fullsolutions.info\/","logo":{"@type":"ImageObject","inLanguage":"en-US","@id":"https:\/\/fullsolutions.info\/#\/schema\/logo\/image\/","url":"https:\/\/mlhff0prgoxu.i.optimole.com\/cb:s0sM.767\/w:auto\/h:auto\/q:mauto\/f:best\/https:\/\/fullsolutions.info\/wp-content\/uploads\/2021\/07\/cropped-Design-sem-nome-300x193-1-e1627062664782.png","contentUrl":"https:\/\/mlhff0prgoxu.i.optimole.com\/cb:s0sM.767\/w:auto\/h:auto\/q:mauto\/f:best\/https:\/\/fullsolutions.info\/wp-content\/uploads\/2021\/07\/cropped-Design-sem-nome-300x193-1-e1627062664782.png","width":202,"height":155,"caption":"Full Solutions"},"image":{"@id":"https:\/\/fullsolutions.info\/#\/schema\/logo\/image\/"},"sameAs":["https:\/\/www.linkedin.com\/company\/full-solutions-equipment"]}]}},"_links":{"self":[{"href":"https:\/\/fullsolutions.info\/en\/wp-json\/wp\/v2\/product\/4400","targetHints":{"allow":["GET"]}}],"collection":[{"href":"https:\/\/fullsolutions.info\/en\/wp-json\/wp\/v2\/product"}],"about":[{"href":"https:\/\/fullsolutions.info\/en\/wp-json\/wp\/v2\/types\/product"}],"replies":[{"embeddable":true,"href":"https:\/\/fullsolutions.info\/en\/wp-json\/wp\/v2\/comments?post=4400"}],"wp:featuredmedia":[{"embeddable":true,"href":"https:\/\/fullsolutions.info\/en\/wp-json\/wp\/v2\/media\/4401"}],"wp:attachment":[{"href":"https:\/\/fullsolutions.info\/en\/wp-json\/wp\/v2\/media?parent=4400"}],"wp:term":[{"taxonomy":"product_brand","embeddable":true,"href":"https:\/\/fullsolutions.info\/en\/wp-json\/wp\/v2\/product_brand?post=4400"},{"taxonomy":"product_cat","embeddable":true,"href":"https:\/\/fullsolutions.info\/en\/wp-json\/wp\/v2\/product_cat?post=4400"},{"taxonomy":"product_tag","embeddable":true,"href":"https:\/\/fullsolutions.info\/en\/wp-json\/wp\/v2\/product_tag?post=4400"},{"taxonomy":"marca","embeddable":true,"href":"https:\/\/fullsolutions.info\/en\/wp-json\/wp\/v2\/marca?post=4400"}],"curies":[{"name":"wp","href":"https:\/\/api.w.org\/{rel}","templated":true}]}}