{"id":4396,"date":"2024-02-02T17:13:20","date_gmt":"2024-02-02T17:13:20","guid":{"rendered":"https:\/\/fullsolutionsequip.com\/?post_type=product&#038;p=4396"},"modified":"2024-02-19T16:12:23","modified_gmt":"2024-02-19T16:12:23","slug":"posicionador-de-valvula-avp201","status":"publish","type":"product","link":"https:\/\/fullsolutions.info\/en\/product\/posicionador-de-valvula-avp201\/","title":{"rendered":"The positioner to the valve AVP201"},"content":{"rendered":"<p>Especifica\u00e7\u00f5es<\/p>\n<p>&#8211; Posicionador de v\u00e1lvula YAMATAKE AVP201<br \/>\n&#8211; Posicionador de v\u00e1lvula de controle<br \/>\n&#8211; Posicionador de v\u00e1lvula el\u00e9trica<br \/>\n&#8211; Garantia de 1 ano<\/p>\n<p>Mais Produtos:<\/p>\n<p>&#8211; Posicionador de V\u00e1lvula Inteligente Modelo AVP300\/301<br \/>\n&#8211; Posicionador de V\u00e1lvula Inteligente com Protocolo de Comunica\u00e7\u00e3o HART\u00ae Modelo AVP302<br \/>\n&#8211; Posicionador de V\u00e1lvula Inteligente com Protocolo FOUNDATION\u2122 fieldbus Modelo AVP303<br \/>\n&#8211; Posicionador de V\u00e1lvula Inteligente (Tipo Remoto) Modelo AVP200\/201<br \/>\n&#8211; Posicionador de V\u00e1lvula Inteligente (Tipo Remoto) com Protocolo de Comunica\u00e7\u00e3o HART Modelo AVP202<br \/>\n&#8211; Posicionador de V\u00e1lvula Inteligente (Tipo Remoto) com Protocolo FOUNDATION fieldbus Modelo AVP203<br \/>\n&#8211; Posicionador de V\u00e1lvula Inteligente (Aprova\u00e7\u00e3o Intrinsecamente Segura NEPSI) Modelo AVP100<br \/>\n&#8211; Posicionador de V\u00e1lvula Inteligente para V\u00e1lvula Rotativa Modelo SVX<\/p>\n<p>**F\u00e1cil de usar:**<\/p>\n<p>**Configura\u00e7\u00e3o autom\u00e1tica:**<br \/>\nA fun\u00e7\u00e3o de configura\u00e7\u00e3o autom\u00e1tica \u00e9 um programa de configura\u00e7\u00e3o totalmente autom\u00e1tico que especifica o atuador e ajusta o zero e a amplitude da v\u00e1lvula. O programa pode ser ativado facilmente a partir de um interruptor externo, permitindo ajustes r\u00e1pidos e seguros da v\u00e1lvula em \u00e1reas perigosas.<\/p>\n<p>**Alta confiabilidade:**<\/p>\n<p>**Assentamento positivo:**<br \/>\nA fun\u00e7\u00e3o de assentamento positivo fecha completamente a v\u00e1lvula se o sinal de entrada ficar mais baixo do que o previamente definido. Isso, por sua vez, aprimora as capacidades de fechamento total das v\u00e1lvulas.<\/p>\n<p>**Auto diagn\u00f3stico:**<br \/>\nA fun\u00e7\u00e3o de auto diagn\u00f3stico permite verificar o status do posicionador a qualquer momento e alertar em caso de falha.<\/p>\n<p>**Modelo \u00fanico para m\u00faltiplas especifica\u00e7\u00f5es:**<\/p>\n<p>O SVP Alphaplus \u00b7 as configura\u00e7\u00f5es podem ser alteradas sem substituir nenhuma pe\u00e7a. Um \u00fanico modelo pode ser modificado para atender a qualquer aplica\u00e7\u00e3o.<\/p>\n<p>**Faixa de entrada:** Configur\u00e1vel para qualquer faixa necess\u00e1ria para faixa dividida<\/p>\n<p>**Caracter\u00edstica de fluxo:** Linear, EQ%, Abertura r\u00e1pida ou caracter\u00edsticas personalizadas do usu\u00e1rio<\/p>\n<p>**Tipo de atuador:** Atuador de a\u00e7\u00e3o simples ou dupla (rel\u00e9 de invers\u00e3o opcional necess\u00e1rio)<\/p>\n<p>**Transmiss\u00e3o de movimento:**<\/p>\n<p>O modelo AVP301 transmite um sinal de 4-20mA proporcional ao movimento da v\u00e1lvula. O movimento da v\u00e1lvula pode ser monitorado a partir da sala de controle.<\/p>","protected":false},"excerpt":{"rendered":"<p>Especifica\u00e7\u00f5es &#8211; Posicionador de v\u00e1lvula YAMATAKE AVP201 &#8211; Posicionador de v\u00e1lvula de controle &#8211; Posicionador de v\u00e1lvula el\u00e9trica &#8211; Garantia de 1 ano Mais Produtos: &#8211; Posicionador de V\u00e1lvula Inteligente Modelo AVP300\/301 &#8211; Posicionador de V\u00e1lvula Inteligente com Protocolo de Comunica\u00e7\u00e3o HART\u00ae Modelo AVP302 &#8211; Posicionador de V\u00e1lvula Inteligente com Protocolo FOUNDATION\u2122 fieldbus Modelo AVP303 &#8211; Posicionador de V\u00e1lvula Inteligente (Tipo Remoto) Modelo AVP200\/201 &#8211; Posicionador de V\u00e1lvula Inteligente (Tipo Remoto) com Protocolo de Comunica\u00e7\u00e3o HART Modelo AVP202 &#8211; Posicionador de V\u00e1lvula Inteligente (Tipo Remoto) com Protocolo FOUNDATION fieldbus Modelo AVP203 &#8211; Posicionador de V\u00e1lvula Inteligente (Aprova\u00e7\u00e3o Intrinsecamente Segura NEPSI) Modelo AVP100 &#8211; Posicionador de V\u00e1lvula Inteligente para V\u00e1lvula Rotativa Modelo SVX **F\u00e1cil de usar:** **Configura\u00e7\u00e3o autom\u00e1tica:** A fun\u00e7\u00e3o de configura\u00e7\u00e3o autom\u00e1tica \u00e9 um programa de configura\u00e7\u00e3o totalmente autom\u00e1tico que especifica o atuador e ajusta o zero e a amplitude da v\u00e1lvula. O programa pode ser ativado facilmente a partir de um interruptor externo, permitindo ajustes r\u00e1pidos e seguros da v\u00e1lvula em \u00e1reas perigosas. **Alta confiabilidade:** **Assentamento positivo:** A fun\u00e7\u00e3o de assentamento positivo fecha completamente a v\u00e1lvula se o sinal de entrada ficar mais baixo do que o previamente definido. Isso, por sua vez, aprimora as capacidades de fechamento total das v\u00e1lvulas. **Auto diagn\u00f3stico:** A fun\u00e7\u00e3o de auto diagn\u00f3stico permite verificar o status do posicionador a qualquer momento e alertar em caso de falha. **Modelo \u00fanico para m\u00faltiplas especifica\u00e7\u00f5es:** O SVP Alphaplus \u00b7 as configura\u00e7\u00f5es podem ser alteradas sem substituir nenhuma pe\u00e7a. Um \u00fanico modelo pode ser modificado para atender a qualquer aplica\u00e7\u00e3o. **Faixa de entrada:** Configur\u00e1vel para qualquer faixa necess\u00e1ria para faixa dividida **Caracter\u00edstica de fluxo:** Linear, EQ%, Abertura r\u00e1pida ou caracter\u00edsticas personalizadas do usu\u00e1rio **Tipo de atuador:** Atuador de a\u00e7\u00e3o simples ou dupla (rel\u00e9 de invers\u00e3o opcional necess\u00e1rio) **Transmiss\u00e3o de movimento:** O modelo AVP301 transmite um sinal de 4-20mA proporcional ao movimento da v\u00e1lvula. O movimento da v\u00e1lvula pode ser monitorado a partir da sala de controle.<\/p>","protected":false},"featured_media":4397,"comment_status":"open","ping_status":"closed","template":"","meta":{"_joinchat":[]},"product_brand":[],"product_cat":[149],"product_tag":[],"marca":[151],"class_list":{"0":"post-4396","1":"product","2":"type-product","3":"status-publish","4":"has-post-thumbnail","6":"product_cat-controladores-e-posicionadores","7":"marca-azbil","9":"first","10":"instock","11":"shipping-taxable","12":"purchasable","13":"product-type-simple"},"yoast_head":"<!-- This site is optimized with the Yoast SEO plugin v27.2 - https:\/\/yoast.com\/product\/yoast-seo-wordpress\/ -->\n<title>Posicionador de v\u00e1lvula AVP201 - Full Solutions<\/title>\n<meta name=\"robots\" content=\"index, follow, max-snippet:-1, max-image-preview:large, max-video-preview:-1\" \/>\n<link rel=\"canonical\" href=\"https:\/\/fullsolutions.info\/en\/product\/posicionador-de-valvula-avp201\/\" \/>\n<meta property=\"og:locale\" content=\"en_US\" \/>\n<meta property=\"og:type\" content=\"article\" \/>\n<meta property=\"og:title\" content=\"Posicionador de v\u00e1lvula AVP201 - Full Solutions\" \/>\n<meta property=\"og:description\" content=\"Especifica\u00e7\u00f5es &#8211; Posicionador de v\u00e1lvula YAMATAKE AVP201 &#8211; Posicionador de v\u00e1lvula de controle &#8211; Posicionador de v\u00e1lvula el\u00e9trica &#8211; Garantia de 1 ano Mais Produtos: &#8211; Posicionador de V\u00e1lvula Inteligente Modelo AVP300\/301 &#8211; Posicionador de V\u00e1lvula Inteligente com Protocolo de Comunica\u00e7\u00e3o HART\u00ae Modelo AVP302 &#8211; Posicionador de V\u00e1lvula Inteligente com Protocolo FOUNDATION\u2122 fieldbus Modelo AVP303 &#8211; Posicionador de V\u00e1lvula Inteligente (Tipo Remoto) Modelo AVP200\/201 &#8211; Posicionador de V\u00e1lvula Inteligente (Tipo Remoto) com Protocolo de Comunica\u00e7\u00e3o HART Modelo AVP202 &#8211; Posicionador de V\u00e1lvula Inteligente (Tipo Remoto) com Protocolo FOUNDATION fieldbus Modelo AVP203 &#8211; Posicionador de V\u00e1lvula Inteligente (Aprova\u00e7\u00e3o Intrinsecamente Segura NEPSI) Modelo AVP100 &#8211; Posicionador de V\u00e1lvula Inteligente para V\u00e1lvula Rotativa Modelo SVX **F\u00e1cil de usar:** **Configura\u00e7\u00e3o autom\u00e1tica:** A fun\u00e7\u00e3o de configura\u00e7\u00e3o autom\u00e1tica \u00e9 um programa de configura\u00e7\u00e3o totalmente autom\u00e1tico que especifica o atuador e ajusta o zero e a amplitude da v\u00e1lvula. O programa pode ser ativado facilmente a partir de um interruptor externo, permitindo ajustes r\u00e1pidos e seguros da v\u00e1lvula em \u00e1reas perigosas. **Alta confiabilidade:** **Assentamento positivo:** A fun\u00e7\u00e3o de assentamento positivo fecha completamente a v\u00e1lvula se o sinal de entrada ficar mais baixo do que o previamente definido. Isso, por sua vez, aprimora as capacidades de fechamento total das v\u00e1lvulas. **Auto diagn\u00f3stico:** A fun\u00e7\u00e3o de auto diagn\u00f3stico permite verificar o status do posicionador a qualquer momento e alertar em caso de falha. **Modelo \u00fanico para m\u00faltiplas especifica\u00e7\u00f5es:** O SVP Alphaplus \u00b7 as configura\u00e7\u00f5es podem ser alteradas sem substituir nenhuma pe\u00e7a. Um \u00fanico modelo pode ser modificado para atender a qualquer aplica\u00e7\u00e3o. **Faixa de entrada:** Configur\u00e1vel para qualquer faixa necess\u00e1ria para faixa dividida **Caracter\u00edstica de fluxo:** Linear, EQ%, Abertura r\u00e1pida ou caracter\u00edsticas personalizadas do usu\u00e1rio **Tipo de atuador:** Atuador de a\u00e7\u00e3o simples ou dupla (rel\u00e9 de invers\u00e3o opcional necess\u00e1rio) **Transmiss\u00e3o de movimento:** O modelo AVP301 transmite um sinal de 4-20mA proporcional ao movimento da v\u00e1lvula. O movimento da v\u00e1lvula pode ser monitorado a partir da sala de controle.\" \/>\n<meta property=\"og:url\" content=\"https:\/\/fullsolutions.info\/en\/product\/posicionador-de-valvula-avp201\/\" \/>\n<meta property=\"og:site_name\" content=\"Full Solutions\" \/>\n<meta property=\"article:modified_time\" content=\"2024-02-19T16:12:23+00:00\" \/>\n<meta property=\"og:image\" content=\"https:\/\/mlhff0prgoxu.i.optimole.com\/cb:s0sM.767\/w:auto\/h:auto\/q:mauto\/f:best\/https:\/\/fullsolutions.info\/wp-content\/uploads\/2024\/02\/AVP201-Valve-Positioner.jpeg\" \/>\n\t<meta property=\"og:image:width\" content=\"430\" \/>\n\t<meta property=\"og:image:height\" content=\"296\" \/>\n\t<meta property=\"og:image:type\" content=\"image\/jpeg\" \/>\n<meta name=\"twitter:card\" content=\"summary_large_image\" \/>\n<meta name=\"twitter:label1\" content=\"Est. reading time\" \/>\n\t<meta name=\"twitter:data1\" content=\"2 minutes\" \/>\n<script type=\"application\/ld+json\" class=\"yoast-schema-graph\">{\"@context\":\"https:\/\/schema.org\",\"@graph\":[{\"@type\":\"WebPage\",\"@id\":\"https:\/\/fullsolutions.info\/produto\/posicionador-de-valvula-avp201\/\",\"url\":\"https:\/\/fullsolutions.info\/produto\/posicionador-de-valvula-avp201\/\",\"name\":\"Posicionador de v\u00e1lvula AVP201 - Full Solutions\",\"isPartOf\":{\"@id\":\"https:\/\/fullsolutions.info\/#website\"},\"primaryImageOfPage\":{\"@id\":\"https:\/\/fullsolutions.info\/produto\/posicionador-de-valvula-avp201\/#primaryimage\"},\"image\":{\"@id\":\"https:\/\/fullsolutions.info\/produto\/posicionador-de-valvula-avp201\/#primaryimage\"},\"thumbnailUrl\":\"https:\/\/mlhff0prgoxu.i.optimole.com\/cb:s0sM.767\/w:auto\/h:auto\/q:mauto\/f:best\/https:\/\/fullsolutions.info\/wp-content\/uploads\/2024\/02\/AVP201-Valve-Positioner.jpeg\",\"datePublished\":\"2024-02-02T17:13:20+00:00\",\"dateModified\":\"2024-02-19T16:12:23+00:00\",\"breadcrumb\":{\"@id\":\"https:\/\/fullsolutions.info\/produto\/posicionador-de-valvula-avp201\/#breadcrumb\"},\"inLanguage\":\"en-US\",\"potentialAction\":[{\"@type\":\"ReadAction\",\"target\":[\"https:\/\/fullsolutions.info\/produto\/posicionador-de-valvula-avp201\/\"]}]},{\"@type\":\"ImageObject\",\"inLanguage\":\"en-US\",\"@id\":\"https:\/\/fullsolutions.info\/produto\/posicionador-de-valvula-avp201\/#primaryimage\",\"url\":\"https:\/\/mlhff0prgoxu.i.optimole.com\/cb:s0sM.767\/w:auto\/h:auto\/q:mauto\/f:best\/https:\/\/fullsolutions.info\/wp-content\/uploads\/2024\/02\/AVP201-Valve-Positioner.jpeg\",\"contentUrl\":\"https:\/\/mlhff0prgoxu.i.optimole.com\/cb:s0sM.767\/w:auto\/h:auto\/q:mauto\/f:best\/https:\/\/fullsolutions.info\/wp-content\/uploads\/2024\/02\/AVP201-Valve-Positioner.jpeg\",\"width\":430,\"height\":296},{\"@type\":\"BreadcrumbList\",\"@id\":\"https:\/\/fullsolutions.info\/produto\/posicionador-de-valvula-avp201\/#breadcrumb\",\"itemListElement\":[{\"@type\":\"ListItem\",\"position\":1,\"name\":\"In\u00edcio\",\"item\":\"https:\/\/fullsolutions.info\/\"},{\"@type\":\"ListItem\",\"position\":2,\"name\":\"Produtos\",\"item\":\"https:\/\/fullsolutions.info\/shop\/\"},{\"@type\":\"ListItem\",\"position\":3,\"name\":\"Posicionador de v\u00e1lvula AVP201\"}]},{\"@type\":\"WebSite\",\"@id\":\"https:\/\/fullsolutions.info\/#website\",\"url\":\"https:\/\/fullsolutions.info\/\",\"name\":\"Full Solutions\",\"description\":\"Empresa na \u00c1rea de Procurement\",\"publisher\":{\"@id\":\"https:\/\/fullsolutions.info\/#organization\"},\"potentialAction\":[{\"@type\":\"SearchAction\",\"target\":{\"@type\":\"EntryPoint\",\"urlTemplate\":\"https:\/\/fullsolutions.info\/?s={search_term_string}\"},\"query-input\":{\"@type\":\"PropertyValueSpecification\",\"valueRequired\":true,\"valueName\":\"search_term_string\"}}],\"inLanguage\":\"en-US\"},{\"@type\":\"Organization\",\"@id\":\"https:\/\/fullsolutions.info\/#organization\",\"name\":\"Full Solutions\",\"url\":\"https:\/\/fullsolutions.info\/\",\"logo\":{\"@type\":\"ImageObject\",\"inLanguage\":\"en-US\",\"@id\":\"https:\/\/fullsolutions.info\/#\/schema\/logo\/image\/\",\"url\":\"https:\/\/mlhff0prgoxu.i.optimole.com\/cb:s0sM.767\/w:auto\/h:auto\/q:mauto\/f:best\/https:\/\/fullsolutions.info\/wp-content\/uploads\/2021\/07\/cropped-Design-sem-nome-300x193-1-e1627062664782.png\",\"contentUrl\":\"https:\/\/mlhff0prgoxu.i.optimole.com\/cb:s0sM.767\/w:auto\/h:auto\/q:mauto\/f:best\/https:\/\/fullsolutions.info\/wp-content\/uploads\/2021\/07\/cropped-Design-sem-nome-300x193-1-e1627062664782.png\",\"width\":202,\"height\":155,\"caption\":\"Full Solutions\"},\"image\":{\"@id\":\"https:\/\/fullsolutions.info\/#\/schema\/logo\/image\/\"},\"sameAs\":[\"https:\/\/www.linkedin.com\/company\/full-solutions-equipment\"]}]}<\/script>\n<!-- \/ Yoast SEO plugin. -->","yoast_head_json":{"title":"Posicionador de v\u00e1lvula AVP201 - Full Solutions","robots":{"index":"index","follow":"follow","max-snippet":"max-snippet:-1","max-image-preview":"max-image-preview:large","max-video-preview":"max-video-preview:-1"},"canonical":"https:\/\/fullsolutions.info\/en\/product\/posicionador-de-valvula-avp201\/","og_locale":"en_US","og_type":"article","og_title":"Posicionador de v\u00e1lvula AVP201 - Full Solutions","og_description":"Especifica\u00e7\u00f5es &#8211; Posicionador de v\u00e1lvula YAMATAKE AVP201 &#8211; Posicionador de v\u00e1lvula de controle &#8211; Posicionador de v\u00e1lvula el\u00e9trica &#8211; Garantia de 1 ano Mais Produtos: &#8211; Posicionador de V\u00e1lvula Inteligente Modelo AVP300\/301 &#8211; Posicionador de V\u00e1lvula Inteligente com Protocolo de Comunica\u00e7\u00e3o HART\u00ae Modelo AVP302 &#8211; Posicionador de V\u00e1lvula Inteligente com Protocolo FOUNDATION\u2122 fieldbus Modelo AVP303 &#8211; Posicionador de V\u00e1lvula Inteligente (Tipo Remoto) Modelo AVP200\/201 &#8211; Posicionador de V\u00e1lvula Inteligente (Tipo Remoto) com Protocolo de Comunica\u00e7\u00e3o HART Modelo AVP202 &#8211; Posicionador de V\u00e1lvula Inteligente (Tipo Remoto) com Protocolo FOUNDATION fieldbus Modelo AVP203 &#8211; Posicionador de V\u00e1lvula Inteligente (Aprova\u00e7\u00e3o Intrinsecamente Segura NEPSI) Modelo AVP100 &#8211; Posicionador de V\u00e1lvula Inteligente para V\u00e1lvula Rotativa Modelo SVX **F\u00e1cil de usar:** **Configura\u00e7\u00e3o autom\u00e1tica:** A fun\u00e7\u00e3o de configura\u00e7\u00e3o autom\u00e1tica \u00e9 um programa de configura\u00e7\u00e3o totalmente autom\u00e1tico que especifica o atuador e ajusta o zero e a amplitude da v\u00e1lvula. O programa pode ser ativado facilmente a partir de um interruptor externo, permitindo ajustes r\u00e1pidos e seguros da v\u00e1lvula em \u00e1reas perigosas. **Alta confiabilidade:** **Assentamento positivo:** A fun\u00e7\u00e3o de assentamento positivo fecha completamente a v\u00e1lvula se o sinal de entrada ficar mais baixo do que o previamente definido. Isso, por sua vez, aprimora as capacidades de fechamento total das v\u00e1lvulas. **Auto diagn\u00f3stico:** A fun\u00e7\u00e3o de auto diagn\u00f3stico permite verificar o status do posicionador a qualquer momento e alertar em caso de falha. **Modelo \u00fanico para m\u00faltiplas especifica\u00e7\u00f5es:** O SVP Alphaplus \u00b7 as configura\u00e7\u00f5es podem ser alteradas sem substituir nenhuma pe\u00e7a. Um \u00fanico modelo pode ser modificado para atender a qualquer aplica\u00e7\u00e3o. **Faixa de entrada:** Configur\u00e1vel para qualquer faixa necess\u00e1ria para faixa dividida **Caracter\u00edstica de fluxo:** Linear, EQ%, Abertura r\u00e1pida ou caracter\u00edsticas personalizadas do usu\u00e1rio **Tipo de atuador:** Atuador de a\u00e7\u00e3o simples ou dupla (rel\u00e9 de invers\u00e3o opcional necess\u00e1rio) **Transmiss\u00e3o de movimento:** O modelo AVP301 transmite um sinal de 4-20mA proporcional ao movimento da v\u00e1lvula. O movimento da v\u00e1lvula pode ser monitorado a partir da sala de controle.","og_url":"https:\/\/fullsolutions.info\/en\/product\/posicionador-de-valvula-avp201\/","og_site_name":"Full Solutions","article_modified_time":"2024-02-19T16:12:23+00:00","og_image":[{"width":430,"height":296,"url":"https:\/\/mlhff0prgoxu.i.optimole.com\/cb:s0sM.767\/w:auto\/h:auto\/q:mauto\/f:best\/https:\/\/fullsolutions.info\/wp-content\/uploads\/2024\/02\/AVP201-Valve-Positioner.jpeg","type":"image\/jpeg"}],"twitter_card":"summary_large_image","twitter_misc":{"Est. reading time":"2 minutes"},"schema":{"@context":"https:\/\/schema.org","@graph":[{"@type":"WebPage","@id":"https:\/\/fullsolutions.info\/produto\/posicionador-de-valvula-avp201\/","url":"https:\/\/fullsolutions.info\/produto\/posicionador-de-valvula-avp201\/","name":"Posicionador de v\u00e1lvula AVP201 - Full Solutions","isPartOf":{"@id":"https:\/\/fullsolutions.info\/#website"},"primaryImageOfPage":{"@id":"https:\/\/fullsolutions.info\/produto\/posicionador-de-valvula-avp201\/#primaryimage"},"image":{"@id":"https:\/\/fullsolutions.info\/produto\/posicionador-de-valvula-avp201\/#primaryimage"},"thumbnailUrl":"https:\/\/mlhff0prgoxu.i.optimole.com\/cb:s0sM.767\/w:auto\/h:auto\/q:mauto\/f:best\/https:\/\/fullsolutions.info\/wp-content\/uploads\/2024\/02\/AVP201-Valve-Positioner.jpeg","datePublished":"2024-02-02T17:13:20+00:00","dateModified":"2024-02-19T16:12:23+00:00","breadcrumb":{"@id":"https:\/\/fullsolutions.info\/produto\/posicionador-de-valvula-avp201\/#breadcrumb"},"inLanguage":"en-US","potentialAction":[{"@type":"ReadAction","target":["https:\/\/fullsolutions.info\/produto\/posicionador-de-valvula-avp201\/"]}]},{"@type":"ImageObject","inLanguage":"en-US","@id":"https:\/\/fullsolutions.info\/produto\/posicionador-de-valvula-avp201\/#primaryimage","url":"https:\/\/mlhff0prgoxu.i.optimole.com\/cb:s0sM.767\/w:auto\/h:auto\/q:mauto\/f:best\/https:\/\/fullsolutions.info\/wp-content\/uploads\/2024\/02\/AVP201-Valve-Positioner.jpeg","contentUrl":"https:\/\/mlhff0prgoxu.i.optimole.com\/cb:s0sM.767\/w:auto\/h:auto\/q:mauto\/f:best\/https:\/\/fullsolutions.info\/wp-content\/uploads\/2024\/02\/AVP201-Valve-Positioner.jpeg","width":430,"height":296},{"@type":"BreadcrumbList","@id":"https:\/\/fullsolutions.info\/produto\/posicionador-de-valvula-avp201\/#breadcrumb","itemListElement":[{"@type":"ListItem","position":1,"name":"In\u00edcio","item":"https:\/\/fullsolutions.info\/"},{"@type":"ListItem","position":2,"name":"Produtos","item":"https:\/\/fullsolutions.info\/shop\/"},{"@type":"ListItem","position":3,"name":"Posicionador de v\u00e1lvula AVP201"}]},{"@type":"WebSite","@id":"https:\/\/fullsolutions.info\/#website","url":"https:\/\/fullsolutions.info\/","name":"Full Solutions","description":"Empresa na \u00c1rea de Procurement","publisher":{"@id":"https:\/\/fullsolutions.info\/#organization"},"potentialAction":[{"@type":"SearchAction","target":{"@type":"EntryPoint","urlTemplate":"https:\/\/fullsolutions.info\/?s={search_term_string}"},"query-input":{"@type":"PropertyValueSpecification","valueRequired":true,"valueName":"search_term_string"}}],"inLanguage":"en-US"},{"@type":"Organization","@id":"https:\/\/fullsolutions.info\/#organization","name":"Full Solutions","url":"https:\/\/fullsolutions.info\/","logo":{"@type":"ImageObject","inLanguage":"en-US","@id":"https:\/\/fullsolutions.info\/#\/schema\/logo\/image\/","url":"https:\/\/mlhff0prgoxu.i.optimole.com\/cb:s0sM.767\/w:auto\/h:auto\/q:mauto\/f:best\/https:\/\/fullsolutions.info\/wp-content\/uploads\/2021\/07\/cropped-Design-sem-nome-300x193-1-e1627062664782.png","contentUrl":"https:\/\/mlhff0prgoxu.i.optimole.com\/cb:s0sM.767\/w:auto\/h:auto\/q:mauto\/f:best\/https:\/\/fullsolutions.info\/wp-content\/uploads\/2021\/07\/cropped-Design-sem-nome-300x193-1-e1627062664782.png","width":202,"height":155,"caption":"Full Solutions"},"image":{"@id":"https:\/\/fullsolutions.info\/#\/schema\/logo\/image\/"},"sameAs":["https:\/\/www.linkedin.com\/company\/full-solutions-equipment"]}]}},"_links":{"self":[{"href":"https:\/\/fullsolutions.info\/en\/wp-json\/wp\/v2\/product\/4396","targetHints":{"allow":["GET"]}}],"collection":[{"href":"https:\/\/fullsolutions.info\/en\/wp-json\/wp\/v2\/product"}],"about":[{"href":"https:\/\/fullsolutions.info\/en\/wp-json\/wp\/v2\/types\/product"}],"replies":[{"embeddable":true,"href":"https:\/\/fullsolutions.info\/en\/wp-json\/wp\/v2\/comments?post=4396"}],"wp:featuredmedia":[{"embeddable":true,"href":"https:\/\/fullsolutions.info\/en\/wp-json\/wp\/v2\/media\/4397"}],"wp:attachment":[{"href":"https:\/\/fullsolutions.info\/en\/wp-json\/wp\/v2\/media?parent=4396"}],"wp:term":[{"taxonomy":"product_brand","embeddable":true,"href":"https:\/\/fullsolutions.info\/en\/wp-json\/wp\/v2\/product_brand?post=4396"},{"taxonomy":"product_cat","embeddable":true,"href":"https:\/\/fullsolutions.info\/en\/wp-json\/wp\/v2\/product_cat?post=4396"},{"taxonomy":"product_tag","embeddable":true,"href":"https:\/\/fullsolutions.info\/en\/wp-json\/wp\/v2\/product_tag?post=4396"},{"taxonomy":"marca","embeddable":true,"href":"https:\/\/fullsolutions.info\/en\/wp-json\/wp\/v2\/marca?post=4396"}],"curies":[{"name":"wp","href":"https:\/\/api.w.org\/{rel}","templated":true}]}}