{"id":4391,"date":"2024-02-02T17:11:22","date_gmt":"2024-02-02T17:11:22","guid":{"rendered":"https:\/\/fullsolutionsequip.com\/?post_type=product&#038;p=4391"},"modified":"2024-02-19T16:12:24","modified_gmt":"2024-02-19T16:12:24","slug":"medidor-de-vazao-eletromagnetico-proline-promag-e-100","status":"publish","type":"product","link":"https:\/\/fullsolutions.info\/en\/product\/medidor-de-vazao-eletromagnetico-proline-promag-e-100\/","title":{"rendered":"Ultrasonic flow meter, electromagnetic Proline Promag E 100"},"content":{"rendered":"<p>O Promag E \u00e9 um sensor simplificado para aplica\u00e7\u00f5es qu\u00edmicas b\u00e1sicas. \u00c9 a solu\u00e7\u00e3o mais econ\u00f4mica para nossos clientes na ind\u00fastria qu\u00edmica. Combinado com a carca\u00e7a de transmissor mais compacta dispon\u00edvel hoje, proporciona desempenho total em uma pegada m\u00ednima. Projetado para aplica\u00e7\u00f5es em que o espa\u00e7o \u00e9 essencial, o Promag E 100 ser\u00e1 a escolha preferida para integradores de sistemas, construtores de skids e fabricantes de equipamentos.<\/p>\n<p><strong>Benef\u00edcios<\/strong><\/p>\n<p>Sensor econ\u00f4mico &#8211; solu\u00e7\u00e3o ideal para requisitos b\u00e1sicos<\/p>\n<p>Medi\u00e7\u00e3o de fluxo economizadora de energia &#8211; sem perda de press\u00e3o devido a constri\u00e7\u00e3o de se\u00e7\u00e3o transversal<\/p>\n<p>Transmissor economizador de espa\u00e7o &#8211; funcionalidade total em uma pegada m\u00ednima<\/p>\n<p>Opera\u00e7\u00e3o local que economiza tempo, sem necessidade de software e hardware adicionais &#8211; servidor web integrado<\/p>\n<p>Verifica\u00e7\u00e3o integrada &#8211; Heartbeat Technology\u2122<\/p>\n<p><strong>Campo de aplica\u00e7\u00e3o<\/strong><\/p>\n<p>O princ\u00edpio de medi\u00e7\u00e3o \u00e9 praticamente independente de press\u00e3o, densidade, temperatura e viscosidade<\/p>\n<p>Totalmente adequado para aplica\u00e7\u00f5es b\u00e1sicas na ind\u00fastria qu\u00edmica e de processos.<\/p>\n<p><strong>Propriedades do dispositivo<\/strong><\/p>\n<p>Di\u00e2metro nominal: m\u00e1x. DN600 (24&#8243;)<\/p>\n<p>Aprova\u00e7\u00f5es Ex para Zona 2<\/p>\n<p>Forro feito de PTFE<\/p>\n<p>Carca\u00e7a de transmissor robusta e ultra-compacta<\/p>\n<p>Exibi\u00e7\u00e3o local dispon\u00edvel<\/p>","protected":false},"excerpt":{"rendered":"<p>O Promag E \u00e9 um sensor simplificado para aplica\u00e7\u00f5es qu\u00edmicas b\u00e1sicas. \u00c9 a solu\u00e7\u00e3o mais econ\u00f4mica para nossos clientes na ind\u00fastria qu\u00edmica. Combinado com a carca\u00e7a de transmissor mais compacta dispon\u00edvel hoje, proporciona desempenho total em uma pegada m\u00ednima. Projetado para aplica\u00e7\u00f5es em que o espa\u00e7o \u00e9 essencial, o Promag E 100 ser\u00e1 a escolha preferida para integradores de sistemas, construtores de skids e fabricantes de equipamentos. Benef\u00edcios Sensor econ\u00f4mico &#8211; solu\u00e7\u00e3o ideal para requisitos b\u00e1sicos Medi\u00e7\u00e3o de fluxo economizadora de energia &#8211; sem perda de press\u00e3o devido a constri\u00e7\u00e3o de se\u00e7\u00e3o transversal Transmissor economizador de espa\u00e7o &#8211; funcionalidade total em uma pegada m\u00ednima Opera\u00e7\u00e3o local que economiza tempo, sem necessidade de software e hardware adicionais &#8211; servidor web integrado Verifica\u00e7\u00e3o integrada &#8211; Heartbeat Technology\u2122 Campo de aplica\u00e7\u00e3o O princ\u00edpio de medi\u00e7\u00e3o \u00e9 praticamente independente de press\u00e3o, densidade, temperatura e viscosidade Totalmente adequado para aplica\u00e7\u00f5es b\u00e1sicas na ind\u00fastria qu\u00edmica e de processos. Propriedades do dispositivo Di\u00e2metro nominal: m\u00e1x. DN600 (24&#8243;) Aprova\u00e7\u00f5es Ex para Zona 2 Forro feito de PTFE Carca\u00e7a de transmissor robusta e ultra-compacta Exibi\u00e7\u00e3o local dispon\u00edvel<\/p>","protected":false},"featured_media":4394,"comment_status":"open","ping_status":"closed","template":"","meta":{"_joinchat":[]},"product_brand":[],"product_cat":[146],"product_tag":[],"marca":[147],"class_list":{"0":"post-4391","1":"product","2":"type-product","3":"status-publish","4":"has-post-thumbnail","6":"product_cat-medidores-de-vazao-e-tubos-de-vazao","7":"marca-endresshauser","9":"first","10":"instock","11":"shipping-taxable","12":"purchasable","13":"product-type-simple"},"yoast_head":"<!-- This site is optimized with the Yoast SEO plugin v27.2 - https:\/\/yoast.com\/product\/yoast-seo-wordpress\/ -->\n<title>Medidor de vaz\u00e3o eletromagn\u00e9tico Proline Promag E 100 - Full Solutions<\/title>\n<meta name=\"robots\" content=\"index, follow, max-snippet:-1, max-image-preview:large, max-video-preview:-1\" \/>\n<link rel=\"canonical\" href=\"https:\/\/fullsolutions.info\/en\/product\/medidor-de-vazao-eletromagnetico-proline-promag-e-100\/\" \/>\n<meta property=\"og:locale\" content=\"en_US\" \/>\n<meta property=\"og:type\" content=\"article\" \/>\n<meta property=\"og:title\" content=\"Medidor de vaz\u00e3o eletromagn\u00e9tico Proline Promag E 100 - Full Solutions\" \/>\n<meta property=\"og:description\" content=\"O Promag E \u00e9 um sensor simplificado para aplica\u00e7\u00f5es qu\u00edmicas b\u00e1sicas. \u00c9 a solu\u00e7\u00e3o mais econ\u00f4mica para nossos clientes na ind\u00fastria qu\u00edmica. Combinado com a carca\u00e7a de transmissor mais compacta dispon\u00edvel hoje, proporciona desempenho total em uma pegada m\u00ednima. Projetado para aplica\u00e7\u00f5es em que o espa\u00e7o \u00e9 essencial, o Promag E 100 ser\u00e1 a escolha preferida para integradores de sistemas, construtores de skids e fabricantes de equipamentos. Benef\u00edcios Sensor econ\u00f4mico &#8211; solu\u00e7\u00e3o ideal para requisitos b\u00e1sicos Medi\u00e7\u00e3o de fluxo economizadora de energia &#8211; sem perda de press\u00e3o devido a constri\u00e7\u00e3o de se\u00e7\u00e3o transversal Transmissor economizador de espa\u00e7o &#8211; funcionalidade total em uma pegada m\u00ednima Opera\u00e7\u00e3o local que economiza tempo, sem necessidade de software e hardware adicionais &#8211; servidor web integrado Verifica\u00e7\u00e3o integrada &#8211; Heartbeat Technology\u2122 Campo de aplica\u00e7\u00e3o O princ\u00edpio de medi\u00e7\u00e3o \u00e9 praticamente independente de press\u00e3o, densidade, temperatura e viscosidade Totalmente adequado para aplica\u00e7\u00f5es b\u00e1sicas na ind\u00fastria qu\u00edmica e de processos. Propriedades do dispositivo Di\u00e2metro nominal: m\u00e1x. DN600 (24&#8243;) Aprova\u00e7\u00f5es Ex para Zona 2 Forro feito de PTFE Carca\u00e7a de transmissor robusta e ultra-compacta Exibi\u00e7\u00e3o local dispon\u00edvel\" \/>\n<meta property=\"og:url\" content=\"https:\/\/fullsolutions.info\/en\/product\/medidor-de-vazao-eletromagnetico-proline-promag-e-100\/\" \/>\n<meta property=\"og:site_name\" content=\"Full Solutions\" \/>\n<meta property=\"article:modified_time\" content=\"2024-02-19T16:12:24+00:00\" \/>\n<meta property=\"og:image\" content=\"https:\/\/mlhff0prgoxu.i.optimole.com\/cb:s0sM.767\/w:auto\/h:auto\/q:mauto\/f:best\/https:\/\/fullsolutions.info\/wp-content\/uploads\/2024\/02\/Promag_E_100_DN50_Horiz2_PGm___PP_01.jpg\" \/>\n\t<meta property=\"og:image:width\" content=\"636\" \/>\n\t<meta property=\"og:image:height\" content=\"358\" \/>\n\t<meta property=\"og:image:type\" content=\"image\/jpeg\" \/>\n<meta name=\"twitter:card\" content=\"summary_large_image\" \/>\n<meta name=\"twitter:label1\" content=\"Est. reading time\" \/>\n\t<meta name=\"twitter:data1\" content=\"1 minute\" \/>\n<script type=\"application\/ld+json\" class=\"yoast-schema-graph\">{\"@context\":\"https:\/\/schema.org\",\"@graph\":[{\"@type\":\"WebPage\",\"@id\":\"https:\/\/fullsolutions.info\/produto\/medidor-de-vazao-eletromagnetico-proline-promag-e-100\/\",\"url\":\"https:\/\/fullsolutions.info\/produto\/medidor-de-vazao-eletromagnetico-proline-promag-e-100\/\",\"name\":\"Medidor de vaz\u00e3o eletromagn\u00e9tico Proline Promag E 100 - Full Solutions\",\"isPartOf\":{\"@id\":\"https:\/\/fullsolutions.info\/#website\"},\"primaryImageOfPage\":{\"@id\":\"https:\/\/fullsolutions.info\/produto\/medidor-de-vazao-eletromagnetico-proline-promag-e-100\/#primaryimage\"},\"image\":{\"@id\":\"https:\/\/fullsolutions.info\/produto\/medidor-de-vazao-eletromagnetico-proline-promag-e-100\/#primaryimage\"},\"thumbnailUrl\":\"https:\/\/mlhff0prgoxu.i.optimole.com\/cb:s0sM.767\/w:auto\/h:auto\/q:mauto\/f:best\/https:\/\/fullsolutions.info\/wp-content\/uploads\/2024\/02\/Promag_E_100_DN50_Horiz2_PGm___PP_01.jpg\",\"datePublished\":\"2024-02-02T17:11:22+00:00\",\"dateModified\":\"2024-02-19T16:12:24+00:00\",\"breadcrumb\":{\"@id\":\"https:\/\/fullsolutions.info\/produto\/medidor-de-vazao-eletromagnetico-proline-promag-e-100\/#breadcrumb\"},\"inLanguage\":\"en-US\",\"potentialAction\":[{\"@type\":\"ReadAction\",\"target\":[\"https:\/\/fullsolutions.info\/produto\/medidor-de-vazao-eletromagnetico-proline-promag-e-100\/\"]}]},{\"@type\":\"ImageObject\",\"inLanguage\":\"en-US\",\"@id\":\"https:\/\/fullsolutions.info\/produto\/medidor-de-vazao-eletromagnetico-proline-promag-e-100\/#primaryimage\",\"url\":\"https:\/\/mlhff0prgoxu.i.optimole.com\/cb:s0sM.767\/w:auto\/h:auto\/q:mauto\/f:best\/https:\/\/fullsolutions.info\/wp-content\/uploads\/2024\/02\/Promag_E_100_DN50_Horiz2_PGm___PP_01.jpg\",\"contentUrl\":\"https:\/\/mlhff0prgoxu.i.optimole.com\/cb:s0sM.767\/w:auto\/h:auto\/q:mauto\/f:best\/https:\/\/fullsolutions.info\/wp-content\/uploads\/2024\/02\/Promag_E_100_DN50_Horiz2_PGm___PP_01.jpg\",\"width\":636,\"height\":358},{\"@type\":\"BreadcrumbList\",\"@id\":\"https:\/\/fullsolutions.info\/produto\/medidor-de-vazao-eletromagnetico-proline-promag-e-100\/#breadcrumb\",\"itemListElement\":[{\"@type\":\"ListItem\",\"position\":1,\"name\":\"In\u00edcio\",\"item\":\"https:\/\/fullsolutions.info\/\"},{\"@type\":\"ListItem\",\"position\":2,\"name\":\"Produtos\",\"item\":\"https:\/\/fullsolutions.info\/shop\/\"},{\"@type\":\"ListItem\",\"position\":3,\"name\":\"Medidor de vaz\u00e3o eletromagn\u00e9tico Proline Promag E 100\"}]},{\"@type\":\"WebSite\",\"@id\":\"https:\/\/fullsolutions.info\/#website\",\"url\":\"https:\/\/fullsolutions.info\/\",\"name\":\"Full Solutions\",\"description\":\"Empresa na \u00c1rea de Procurement\",\"publisher\":{\"@id\":\"https:\/\/fullsolutions.info\/#organization\"},\"potentialAction\":[{\"@type\":\"SearchAction\",\"target\":{\"@type\":\"EntryPoint\",\"urlTemplate\":\"https:\/\/fullsolutions.info\/?s={search_term_string}\"},\"query-input\":{\"@type\":\"PropertyValueSpecification\",\"valueRequired\":true,\"valueName\":\"search_term_string\"}}],\"inLanguage\":\"en-US\"},{\"@type\":\"Organization\",\"@id\":\"https:\/\/fullsolutions.info\/#organization\",\"name\":\"Full Solutions\",\"url\":\"https:\/\/fullsolutions.info\/\",\"logo\":{\"@type\":\"ImageObject\",\"inLanguage\":\"en-US\",\"@id\":\"https:\/\/fullsolutions.info\/#\/schema\/logo\/image\/\",\"url\":\"https:\/\/mlhff0prgoxu.i.optimole.com\/cb:s0sM.767\/w:auto\/h:auto\/q:mauto\/f:best\/https:\/\/fullsolutions.info\/wp-content\/uploads\/2021\/07\/cropped-Design-sem-nome-300x193-1-e1627062664782.png\",\"contentUrl\":\"https:\/\/mlhff0prgoxu.i.optimole.com\/cb:s0sM.767\/w:auto\/h:auto\/q:mauto\/f:best\/https:\/\/fullsolutions.info\/wp-content\/uploads\/2021\/07\/cropped-Design-sem-nome-300x193-1-e1627062664782.png\",\"width\":202,\"height\":155,\"caption\":\"Full Solutions\"},\"image\":{\"@id\":\"https:\/\/fullsolutions.info\/#\/schema\/logo\/image\/\"},\"sameAs\":[\"https:\/\/www.linkedin.com\/company\/full-solutions-equipment\"]}]}<\/script>\n<!-- \/ Yoast SEO plugin. -->","yoast_head_json":{"title":"Medidor de vaz\u00e3o eletromagn\u00e9tico Proline Promag E 100 - Full Solutions","robots":{"index":"index","follow":"follow","max-snippet":"max-snippet:-1","max-image-preview":"max-image-preview:large","max-video-preview":"max-video-preview:-1"},"canonical":"https:\/\/fullsolutions.info\/en\/product\/medidor-de-vazao-eletromagnetico-proline-promag-e-100\/","og_locale":"en_US","og_type":"article","og_title":"Medidor de vaz\u00e3o eletromagn\u00e9tico Proline Promag E 100 - Full Solutions","og_description":"O Promag E \u00e9 um sensor simplificado para aplica\u00e7\u00f5es qu\u00edmicas b\u00e1sicas. \u00c9 a solu\u00e7\u00e3o mais econ\u00f4mica para nossos clientes na ind\u00fastria qu\u00edmica. Combinado com a carca\u00e7a de transmissor mais compacta dispon\u00edvel hoje, proporciona desempenho total em uma pegada m\u00ednima. Projetado para aplica\u00e7\u00f5es em que o espa\u00e7o \u00e9 essencial, o Promag E 100 ser\u00e1 a escolha preferida para integradores de sistemas, construtores de skids e fabricantes de equipamentos. Benef\u00edcios Sensor econ\u00f4mico &#8211; solu\u00e7\u00e3o ideal para requisitos b\u00e1sicos Medi\u00e7\u00e3o de fluxo economizadora de energia &#8211; sem perda de press\u00e3o devido a constri\u00e7\u00e3o de se\u00e7\u00e3o transversal Transmissor economizador de espa\u00e7o &#8211; funcionalidade total em uma pegada m\u00ednima Opera\u00e7\u00e3o local que economiza tempo, sem necessidade de software e hardware adicionais &#8211; servidor web integrado Verifica\u00e7\u00e3o integrada &#8211; Heartbeat Technology\u2122 Campo de aplica\u00e7\u00e3o O princ\u00edpio de medi\u00e7\u00e3o \u00e9 praticamente independente de press\u00e3o, densidade, temperatura e viscosidade Totalmente adequado para aplica\u00e7\u00f5es b\u00e1sicas na ind\u00fastria qu\u00edmica e de processos. Propriedades do dispositivo Di\u00e2metro nominal: m\u00e1x. DN600 (24&#8243;) Aprova\u00e7\u00f5es Ex para Zona 2 Forro feito de PTFE Carca\u00e7a de transmissor robusta e ultra-compacta Exibi\u00e7\u00e3o local dispon\u00edvel","og_url":"https:\/\/fullsolutions.info\/en\/product\/medidor-de-vazao-eletromagnetico-proline-promag-e-100\/","og_site_name":"Full Solutions","article_modified_time":"2024-02-19T16:12:24+00:00","og_image":[{"width":636,"height":358,"url":"https:\/\/mlhff0prgoxu.i.optimole.com\/cb:s0sM.767\/w:auto\/h:auto\/q:mauto\/f:best\/https:\/\/fullsolutions.info\/wp-content\/uploads\/2024\/02\/Promag_E_100_DN50_Horiz2_PGm___PP_01.jpg","type":"image\/jpeg"}],"twitter_card":"summary_large_image","twitter_misc":{"Est. reading time":"1 minute"},"schema":{"@context":"https:\/\/schema.org","@graph":[{"@type":"WebPage","@id":"https:\/\/fullsolutions.info\/produto\/medidor-de-vazao-eletromagnetico-proline-promag-e-100\/","url":"https:\/\/fullsolutions.info\/produto\/medidor-de-vazao-eletromagnetico-proline-promag-e-100\/","name":"Medidor de vaz\u00e3o eletromagn\u00e9tico Proline Promag E 100 - Full Solutions","isPartOf":{"@id":"https:\/\/fullsolutions.info\/#website"},"primaryImageOfPage":{"@id":"https:\/\/fullsolutions.info\/produto\/medidor-de-vazao-eletromagnetico-proline-promag-e-100\/#primaryimage"},"image":{"@id":"https:\/\/fullsolutions.info\/produto\/medidor-de-vazao-eletromagnetico-proline-promag-e-100\/#primaryimage"},"thumbnailUrl":"https:\/\/mlhff0prgoxu.i.optimole.com\/cb:s0sM.767\/w:auto\/h:auto\/q:mauto\/f:best\/https:\/\/fullsolutions.info\/wp-content\/uploads\/2024\/02\/Promag_E_100_DN50_Horiz2_PGm___PP_01.jpg","datePublished":"2024-02-02T17:11:22+00:00","dateModified":"2024-02-19T16:12:24+00:00","breadcrumb":{"@id":"https:\/\/fullsolutions.info\/produto\/medidor-de-vazao-eletromagnetico-proline-promag-e-100\/#breadcrumb"},"inLanguage":"en-US","potentialAction":[{"@type":"ReadAction","target":["https:\/\/fullsolutions.info\/produto\/medidor-de-vazao-eletromagnetico-proline-promag-e-100\/"]}]},{"@type":"ImageObject","inLanguage":"en-US","@id":"https:\/\/fullsolutions.info\/produto\/medidor-de-vazao-eletromagnetico-proline-promag-e-100\/#primaryimage","url":"https:\/\/mlhff0prgoxu.i.optimole.com\/cb:s0sM.767\/w:auto\/h:auto\/q:mauto\/f:best\/https:\/\/fullsolutions.info\/wp-content\/uploads\/2024\/02\/Promag_E_100_DN50_Horiz2_PGm___PP_01.jpg","contentUrl":"https:\/\/mlhff0prgoxu.i.optimole.com\/cb:s0sM.767\/w:auto\/h:auto\/q:mauto\/f:best\/https:\/\/fullsolutions.info\/wp-content\/uploads\/2024\/02\/Promag_E_100_DN50_Horiz2_PGm___PP_01.jpg","width":636,"height":358},{"@type":"BreadcrumbList","@id":"https:\/\/fullsolutions.info\/produto\/medidor-de-vazao-eletromagnetico-proline-promag-e-100\/#breadcrumb","itemListElement":[{"@type":"ListItem","position":1,"name":"In\u00edcio","item":"https:\/\/fullsolutions.info\/"},{"@type":"ListItem","position":2,"name":"Produtos","item":"https:\/\/fullsolutions.info\/shop\/"},{"@type":"ListItem","position":3,"name":"Medidor de vaz\u00e3o eletromagn\u00e9tico Proline Promag E 100"}]},{"@type":"WebSite","@id":"https:\/\/fullsolutions.info\/#website","url":"https:\/\/fullsolutions.info\/","name":"Full Solutions","description":"Empresa na \u00c1rea de Procurement","publisher":{"@id":"https:\/\/fullsolutions.info\/#organization"},"potentialAction":[{"@type":"SearchAction","target":{"@type":"EntryPoint","urlTemplate":"https:\/\/fullsolutions.info\/?s={search_term_string}"},"query-input":{"@type":"PropertyValueSpecification","valueRequired":true,"valueName":"search_term_string"}}],"inLanguage":"en-US"},{"@type":"Organization","@id":"https:\/\/fullsolutions.info\/#organization","name":"Full Solutions","url":"https:\/\/fullsolutions.info\/","logo":{"@type":"ImageObject","inLanguage":"en-US","@id":"https:\/\/fullsolutions.info\/#\/schema\/logo\/image\/","url":"https:\/\/mlhff0prgoxu.i.optimole.com\/cb:s0sM.767\/w:auto\/h:auto\/q:mauto\/f:best\/https:\/\/fullsolutions.info\/wp-content\/uploads\/2021\/07\/cropped-Design-sem-nome-300x193-1-e1627062664782.png","contentUrl":"https:\/\/mlhff0prgoxu.i.optimole.com\/cb:s0sM.767\/w:auto\/h:auto\/q:mauto\/f:best\/https:\/\/fullsolutions.info\/wp-content\/uploads\/2021\/07\/cropped-Design-sem-nome-300x193-1-e1627062664782.png","width":202,"height":155,"caption":"Full Solutions"},"image":{"@id":"https:\/\/fullsolutions.info\/#\/schema\/logo\/image\/"},"sameAs":["https:\/\/www.linkedin.com\/company\/full-solutions-equipment"]}]}},"_links":{"self":[{"href":"https:\/\/fullsolutions.info\/en\/wp-json\/wp\/v2\/product\/4391","targetHints":{"allow":["GET"]}}],"collection":[{"href":"https:\/\/fullsolutions.info\/en\/wp-json\/wp\/v2\/product"}],"about":[{"href":"https:\/\/fullsolutions.info\/en\/wp-json\/wp\/v2\/types\/product"}],"replies":[{"embeddable":true,"href":"https:\/\/fullsolutions.info\/en\/wp-json\/wp\/v2\/comments?post=4391"}],"wp:featuredmedia":[{"embeddable":true,"href":"https:\/\/fullsolutions.info\/en\/wp-json\/wp\/v2\/media\/4394"}],"wp:attachment":[{"href":"https:\/\/fullsolutions.info\/en\/wp-json\/wp\/v2\/media?parent=4391"}],"wp:term":[{"taxonomy":"product_brand","embeddable":true,"href":"https:\/\/fullsolutions.info\/en\/wp-json\/wp\/v2\/product_brand?post=4391"},{"taxonomy":"product_cat","embeddable":true,"href":"https:\/\/fullsolutions.info\/en\/wp-json\/wp\/v2\/product_cat?post=4391"},{"taxonomy":"product_tag","embeddable":true,"href":"https:\/\/fullsolutions.info\/en\/wp-json\/wp\/v2\/product_tag?post=4391"},{"taxonomy":"marca","embeddable":true,"href":"https:\/\/fullsolutions.info\/en\/wp-json\/wp\/v2\/marca?post=4391"}],"curies":[{"name":"wp","href":"https:\/\/api.w.org\/{rel}","templated":true}]}}