{"id":4389,"date":"2024-02-02T17:10:12","date_gmt":"2024-02-02T17:10:12","guid":{"rendered":"https:\/\/fullsolutionsequip.com\/?post_type=product&#038;p=4389"},"modified":"2024-02-19T16:12:24","modified_gmt":"2024-02-19T16:12:24","slug":"posicionador-de-valvula-inteligente-svp3000-alphaplus","status":"publish","type":"product","link":"https:\/\/fullsolutions.info\/en\/product\/posicionador-de-valvula-inteligente-svp3000-alphaplus\/","title":{"rendered":"Position of the valve, the smart SVP3000 Alphaplus"},"content":{"rendered":"<p>F\u00e1cil de usar<\/p>\n<p>Configura\u00e7\u00e3o autom\u00e1tica:<br \/>\nA fun\u00e7\u00e3o de configura\u00e7\u00e3o autom\u00e1tica \u00e9 um programa de configura\u00e7\u00e3o totalmente autom\u00e1tico que especifica o atuador e ajusta o zero e a faixa da v\u00e1lvula. O programa pode ser ativado simplesmente a partir de um interruptor externo para que os ajustes na v\u00e1lvula possam ser realizados de forma r\u00e1pida e segura em \u00e1reas perigosas.<\/p>\n<p>Alta confiabilidade<\/p>\n<p>Assento positivo:<br \/>\nA fun\u00e7\u00e3o de assento positivo fecha completamente a v\u00e1lvula se o sinal de entrada tornar-se inferior ao valor previamente definido. Isso, por sua vez, aprimora as capacidades de fechamento total das v\u00e1lvulas.<\/p>\n<p>Auto diagn\u00f3stico:<br \/>\nA fun\u00e7\u00e3o de auto diagn\u00f3stico fornece a capacidade de verificar o status do posicionador a qualquer momento e alertar em caso de falha.<\/p>\n<p>Modelo \u00fanico para m\u00faltiplas especifica\u00e7\u00f5es<\/p>\n<p>SVP Alphaplus \u00b7 as configura\u00e7\u00f5es podem ser alteradas sem a necessidade de substituir pe\u00e7as. Um \u00fanico modelo pode ser modificado para se adequar a qualquer aplica\u00e7\u00e3o.<\/p>\n<p>Faixa de entrada: Configur\u00e1vel para qualquer faixa necess\u00e1ria para a faixa dividida<\/p>\n<p>Caracter\u00edstica de fluxo: Linear, EQ%, Abertura r\u00e1pida ou caracter\u00edsticas personalizadas do usu\u00e1rio<\/p>\n<p>Tipo de atuador: Atuador de a\u00e7\u00e3o simples ou dupla (rel\u00e9 de revers\u00e3o opcional necess\u00e1rio)<\/p>\n<p>Transmiss\u00e3o de movimento<\/p>\n<p>O modelo AVP301 transmite um sinal de 4-20mA proporcional ao deslocamento da v\u00e1lvula.<br \/>\nO deslocamento da v\u00e1lvula pode ser monitorado a partir da sala de controle.<\/p>","protected":false},"excerpt":{"rendered":"<p>F\u00e1cil de usar Configura\u00e7\u00e3o autom\u00e1tica: A fun\u00e7\u00e3o de configura\u00e7\u00e3o autom\u00e1tica \u00e9 um programa de configura\u00e7\u00e3o totalmente autom\u00e1tico que especifica o atuador e ajusta o zero e a faixa da v\u00e1lvula. O programa pode ser ativado simplesmente a partir de um interruptor externo para que os ajustes na v\u00e1lvula possam ser realizados de forma r\u00e1pida e segura em \u00e1reas perigosas. Alta confiabilidade Assento positivo: A fun\u00e7\u00e3o de assento positivo fecha completamente a v\u00e1lvula se o sinal de entrada tornar-se inferior ao valor previamente definido. Isso, por sua vez, aprimora as capacidades de fechamento total das v\u00e1lvulas. Auto diagn\u00f3stico: A fun\u00e7\u00e3o de auto diagn\u00f3stico fornece a capacidade de verificar o status do posicionador a qualquer momento e alertar em caso de falha. Modelo \u00fanico para m\u00faltiplas especifica\u00e7\u00f5es SVP Alphaplus \u00b7 as configura\u00e7\u00f5es podem ser alteradas sem a necessidade de substituir pe\u00e7as. Um \u00fanico modelo pode ser modificado para se adequar a qualquer aplica\u00e7\u00e3o. Faixa de entrada: Configur\u00e1vel para qualquer faixa necess\u00e1ria para a faixa dividida Caracter\u00edstica de fluxo: Linear, EQ%, Abertura r\u00e1pida ou caracter\u00edsticas personalizadas do usu\u00e1rio Tipo de atuador: Atuador de a\u00e7\u00e3o simples ou dupla (rel\u00e9 de revers\u00e3o opcional necess\u00e1rio) Transmiss\u00e3o de movimento O modelo AVP301 transmite um sinal de 4-20mA proporcional ao deslocamento da v\u00e1lvula. O deslocamento da v\u00e1lvula pode ser monitorado a partir da sala de controle.<\/p>","protected":false},"featured_media":4390,"comment_status":"open","ping_status":"closed","template":"","meta":{"_joinchat":[]},"product_brand":[],"product_cat":[149],"product_tag":[],"marca":[151],"class_list":{"0":"post-4389","1":"product","2":"type-product","3":"status-publish","4":"has-post-thumbnail","6":"product_cat-controladores-e-posicionadores","7":"marca-azbil","9":"first","10":"instock","11":"shipping-taxable","12":"purchasable","13":"product-type-simple"},"yoast_head":"<!-- This site is optimized with the Yoast SEO plugin v27.2 - https:\/\/yoast.com\/product\/yoast-seo-wordpress\/ -->\n<title>Posicionador de v\u00e1lvula inteligente SVP3000 Alphaplus - Full Solutions<\/title>\n<meta name=\"robots\" content=\"index, follow, max-snippet:-1, max-image-preview:large, max-video-preview:-1\" \/>\n<link rel=\"canonical\" href=\"https:\/\/fullsolutions.info\/en\/product\/posicionador-de-valvula-inteligente-svp3000-alphaplus\/\" \/>\n<meta property=\"og:locale\" content=\"en_US\" \/>\n<meta property=\"og:type\" content=\"article\" \/>\n<meta property=\"og:title\" content=\"Posicionador de v\u00e1lvula inteligente SVP3000 Alphaplus - Full Solutions\" \/>\n<meta property=\"og:description\" content=\"F\u00e1cil de usar Configura\u00e7\u00e3o autom\u00e1tica: A fun\u00e7\u00e3o de configura\u00e7\u00e3o autom\u00e1tica \u00e9 um programa de configura\u00e7\u00e3o totalmente autom\u00e1tico que especifica o atuador e ajusta o zero e a faixa da v\u00e1lvula. O programa pode ser ativado simplesmente a partir de um interruptor externo para que os ajustes na v\u00e1lvula possam ser realizados de forma r\u00e1pida e segura em \u00e1reas perigosas. Alta confiabilidade Assento positivo: A fun\u00e7\u00e3o de assento positivo fecha completamente a v\u00e1lvula se o sinal de entrada tornar-se inferior ao valor previamente definido. Isso, por sua vez, aprimora as capacidades de fechamento total das v\u00e1lvulas. Auto diagn\u00f3stico: A fun\u00e7\u00e3o de auto diagn\u00f3stico fornece a capacidade de verificar o status do posicionador a qualquer momento e alertar em caso de falha. Modelo \u00fanico para m\u00faltiplas especifica\u00e7\u00f5es SVP Alphaplus \u00b7 as configura\u00e7\u00f5es podem ser alteradas sem a necessidade de substituir pe\u00e7as. Um \u00fanico modelo pode ser modificado para se adequar a qualquer aplica\u00e7\u00e3o. Faixa de entrada: Configur\u00e1vel para qualquer faixa necess\u00e1ria para a faixa dividida Caracter\u00edstica de fluxo: Linear, EQ%, Abertura r\u00e1pida ou caracter\u00edsticas personalizadas do usu\u00e1rio Tipo de atuador: Atuador de a\u00e7\u00e3o simples ou dupla (rel\u00e9 de revers\u00e3o opcional necess\u00e1rio) Transmiss\u00e3o de movimento O modelo AVP301 transmite um sinal de 4-20mA proporcional ao deslocamento da v\u00e1lvula. O deslocamento da v\u00e1lvula pode ser monitorado a partir da sala de controle.\" \/>\n<meta property=\"og:url\" content=\"https:\/\/fullsolutions.info\/en\/product\/posicionador-de-valvula-inteligente-svp3000-alphaplus\/\" \/>\n<meta property=\"og:site_name\" content=\"Full Solutions\" \/>\n<meta property=\"article:modified_time\" content=\"2024-02-19T16:12:24+00:00\" \/>\n<meta property=\"og:image\" content=\"https:\/\/mlhff0prgoxu.i.optimole.com\/cb:s0sM.767\/w:auto\/h:auto\/q:mauto\/f:best\/https:\/\/fullsolutions.info\/wp-content\/uploads\/2024\/02\/SVP3000.jpeg\" \/>\n\t<meta property=\"og:image:width\" content=\"529\" \/>\n\t<meta property=\"og:image:height\" content=\"342\" \/>\n\t<meta property=\"og:image:type\" content=\"image\/jpeg\" \/>\n<meta name=\"twitter:card\" content=\"summary_large_image\" \/>\n<meta name=\"twitter:label1\" content=\"Est. reading time\" \/>\n\t<meta name=\"twitter:data1\" content=\"1 minute\" \/>\n<script type=\"application\/ld+json\" class=\"yoast-schema-graph\">{\"@context\":\"https:\/\/schema.org\",\"@graph\":[{\"@type\":\"WebPage\",\"@id\":\"https:\/\/fullsolutions.info\/produto\/posicionador-de-valvula-inteligente-svp3000-alphaplus\/\",\"url\":\"https:\/\/fullsolutions.info\/produto\/posicionador-de-valvula-inteligente-svp3000-alphaplus\/\",\"name\":\"Posicionador de v\u00e1lvula inteligente SVP3000 Alphaplus - Full Solutions\",\"isPartOf\":{\"@id\":\"https:\/\/fullsolutions.info\/#website\"},\"primaryImageOfPage\":{\"@id\":\"https:\/\/fullsolutions.info\/produto\/posicionador-de-valvula-inteligente-svp3000-alphaplus\/#primaryimage\"},\"image\":{\"@id\":\"https:\/\/fullsolutions.info\/produto\/posicionador-de-valvula-inteligente-svp3000-alphaplus\/#primaryimage\"},\"thumbnailUrl\":\"https:\/\/mlhff0prgoxu.i.optimole.com\/cb:s0sM.767\/w:auto\/h:auto\/q:mauto\/f:best\/https:\/\/fullsolutions.info\/wp-content\/uploads\/2024\/02\/SVP3000.jpeg\",\"datePublished\":\"2024-02-02T17:10:12+00:00\",\"dateModified\":\"2024-02-19T16:12:24+00:00\",\"breadcrumb\":{\"@id\":\"https:\/\/fullsolutions.info\/produto\/posicionador-de-valvula-inteligente-svp3000-alphaplus\/#breadcrumb\"},\"inLanguage\":\"en-US\",\"potentialAction\":[{\"@type\":\"ReadAction\",\"target\":[\"https:\/\/fullsolutions.info\/produto\/posicionador-de-valvula-inteligente-svp3000-alphaplus\/\"]}]},{\"@type\":\"ImageObject\",\"inLanguage\":\"en-US\",\"@id\":\"https:\/\/fullsolutions.info\/produto\/posicionador-de-valvula-inteligente-svp3000-alphaplus\/#primaryimage\",\"url\":\"https:\/\/mlhff0prgoxu.i.optimole.com\/cb:s0sM.767\/w:auto\/h:auto\/q:mauto\/f:best\/https:\/\/fullsolutions.info\/wp-content\/uploads\/2024\/02\/SVP3000.jpeg\",\"contentUrl\":\"https:\/\/mlhff0prgoxu.i.optimole.com\/cb:s0sM.767\/w:auto\/h:auto\/q:mauto\/f:best\/https:\/\/fullsolutions.info\/wp-content\/uploads\/2024\/02\/SVP3000.jpeg\",\"width\":529,\"height\":342},{\"@type\":\"BreadcrumbList\",\"@id\":\"https:\/\/fullsolutions.info\/produto\/posicionador-de-valvula-inteligente-svp3000-alphaplus\/#breadcrumb\",\"itemListElement\":[{\"@type\":\"ListItem\",\"position\":1,\"name\":\"In\u00edcio\",\"item\":\"https:\/\/fullsolutions.info\/\"},{\"@type\":\"ListItem\",\"position\":2,\"name\":\"Produtos\",\"item\":\"https:\/\/fullsolutions.info\/shop\/\"},{\"@type\":\"ListItem\",\"position\":3,\"name\":\"Posicionador de v\u00e1lvula inteligente SVP3000 Alphaplus\"}]},{\"@type\":\"WebSite\",\"@id\":\"https:\/\/fullsolutions.info\/#website\",\"url\":\"https:\/\/fullsolutions.info\/\",\"name\":\"Full Solutions\",\"description\":\"Empresa na \u00c1rea de Procurement\",\"publisher\":{\"@id\":\"https:\/\/fullsolutions.info\/#organization\"},\"potentialAction\":[{\"@type\":\"SearchAction\",\"target\":{\"@type\":\"EntryPoint\",\"urlTemplate\":\"https:\/\/fullsolutions.info\/?s={search_term_string}\"},\"query-input\":{\"@type\":\"PropertyValueSpecification\",\"valueRequired\":true,\"valueName\":\"search_term_string\"}}],\"inLanguage\":\"en-US\"},{\"@type\":\"Organization\",\"@id\":\"https:\/\/fullsolutions.info\/#organization\",\"name\":\"Full Solutions\",\"url\":\"https:\/\/fullsolutions.info\/\",\"logo\":{\"@type\":\"ImageObject\",\"inLanguage\":\"en-US\",\"@id\":\"https:\/\/fullsolutions.info\/#\/schema\/logo\/image\/\",\"url\":\"https:\/\/mlhff0prgoxu.i.optimole.com\/cb:s0sM.767\/w:auto\/h:auto\/q:mauto\/f:best\/https:\/\/fullsolutions.info\/wp-content\/uploads\/2021\/07\/cropped-Design-sem-nome-300x193-1-e1627062664782.png\",\"contentUrl\":\"https:\/\/mlhff0prgoxu.i.optimole.com\/cb:s0sM.767\/w:auto\/h:auto\/q:mauto\/f:best\/https:\/\/fullsolutions.info\/wp-content\/uploads\/2021\/07\/cropped-Design-sem-nome-300x193-1-e1627062664782.png\",\"width\":202,\"height\":155,\"caption\":\"Full Solutions\"},\"image\":{\"@id\":\"https:\/\/fullsolutions.info\/#\/schema\/logo\/image\/\"},\"sameAs\":[\"https:\/\/www.linkedin.com\/company\/full-solutions-equipment\"]}]}<\/script>\n<!-- \/ Yoast SEO plugin. -->","yoast_head_json":{"title":"Posicionador de v\u00e1lvula inteligente SVP3000 Alphaplus - Full Solutions","robots":{"index":"index","follow":"follow","max-snippet":"max-snippet:-1","max-image-preview":"max-image-preview:large","max-video-preview":"max-video-preview:-1"},"canonical":"https:\/\/fullsolutions.info\/en\/product\/posicionador-de-valvula-inteligente-svp3000-alphaplus\/","og_locale":"en_US","og_type":"article","og_title":"Posicionador de v\u00e1lvula inteligente SVP3000 Alphaplus - Full Solutions","og_description":"F\u00e1cil de usar Configura\u00e7\u00e3o autom\u00e1tica: A fun\u00e7\u00e3o de configura\u00e7\u00e3o autom\u00e1tica \u00e9 um programa de configura\u00e7\u00e3o totalmente autom\u00e1tico que especifica o atuador e ajusta o zero e a faixa da v\u00e1lvula. O programa pode ser ativado simplesmente a partir de um interruptor externo para que os ajustes na v\u00e1lvula possam ser realizados de forma r\u00e1pida e segura em \u00e1reas perigosas. Alta confiabilidade Assento positivo: A fun\u00e7\u00e3o de assento positivo fecha completamente a v\u00e1lvula se o sinal de entrada tornar-se inferior ao valor previamente definido. Isso, por sua vez, aprimora as capacidades de fechamento total das v\u00e1lvulas. Auto diagn\u00f3stico: A fun\u00e7\u00e3o de auto diagn\u00f3stico fornece a capacidade de verificar o status do posicionador a qualquer momento e alertar em caso de falha. Modelo \u00fanico para m\u00faltiplas especifica\u00e7\u00f5es SVP Alphaplus \u00b7 as configura\u00e7\u00f5es podem ser alteradas sem a necessidade de substituir pe\u00e7as. Um \u00fanico modelo pode ser modificado para se adequar a qualquer aplica\u00e7\u00e3o. Faixa de entrada: Configur\u00e1vel para qualquer faixa necess\u00e1ria para a faixa dividida Caracter\u00edstica de fluxo: Linear, EQ%, Abertura r\u00e1pida ou caracter\u00edsticas personalizadas do usu\u00e1rio Tipo de atuador: Atuador de a\u00e7\u00e3o simples ou dupla (rel\u00e9 de revers\u00e3o opcional necess\u00e1rio) Transmiss\u00e3o de movimento O modelo AVP301 transmite um sinal de 4-20mA proporcional ao deslocamento da v\u00e1lvula. O deslocamento da v\u00e1lvula pode ser monitorado a partir da sala de controle.","og_url":"https:\/\/fullsolutions.info\/en\/product\/posicionador-de-valvula-inteligente-svp3000-alphaplus\/","og_site_name":"Full Solutions","article_modified_time":"2024-02-19T16:12:24+00:00","og_image":[{"width":529,"height":342,"url":"https:\/\/mlhff0prgoxu.i.optimole.com\/cb:s0sM.767\/w:auto\/h:auto\/q:mauto\/f:best\/https:\/\/fullsolutions.info\/wp-content\/uploads\/2024\/02\/SVP3000.jpeg","type":"image\/jpeg"}],"twitter_card":"summary_large_image","twitter_misc":{"Est. reading time":"1 minute"},"schema":{"@context":"https:\/\/schema.org","@graph":[{"@type":"WebPage","@id":"https:\/\/fullsolutions.info\/produto\/posicionador-de-valvula-inteligente-svp3000-alphaplus\/","url":"https:\/\/fullsolutions.info\/produto\/posicionador-de-valvula-inteligente-svp3000-alphaplus\/","name":"Posicionador de v\u00e1lvula inteligente SVP3000 Alphaplus - Full Solutions","isPartOf":{"@id":"https:\/\/fullsolutions.info\/#website"},"primaryImageOfPage":{"@id":"https:\/\/fullsolutions.info\/produto\/posicionador-de-valvula-inteligente-svp3000-alphaplus\/#primaryimage"},"image":{"@id":"https:\/\/fullsolutions.info\/produto\/posicionador-de-valvula-inteligente-svp3000-alphaplus\/#primaryimage"},"thumbnailUrl":"https:\/\/mlhff0prgoxu.i.optimole.com\/cb:s0sM.767\/w:auto\/h:auto\/q:mauto\/f:best\/https:\/\/fullsolutions.info\/wp-content\/uploads\/2024\/02\/SVP3000.jpeg","datePublished":"2024-02-02T17:10:12+00:00","dateModified":"2024-02-19T16:12:24+00:00","breadcrumb":{"@id":"https:\/\/fullsolutions.info\/produto\/posicionador-de-valvula-inteligente-svp3000-alphaplus\/#breadcrumb"},"inLanguage":"en-US","potentialAction":[{"@type":"ReadAction","target":["https:\/\/fullsolutions.info\/produto\/posicionador-de-valvula-inteligente-svp3000-alphaplus\/"]}]},{"@type":"ImageObject","inLanguage":"en-US","@id":"https:\/\/fullsolutions.info\/produto\/posicionador-de-valvula-inteligente-svp3000-alphaplus\/#primaryimage","url":"https:\/\/mlhff0prgoxu.i.optimole.com\/cb:s0sM.767\/w:auto\/h:auto\/q:mauto\/f:best\/https:\/\/fullsolutions.info\/wp-content\/uploads\/2024\/02\/SVP3000.jpeg","contentUrl":"https:\/\/mlhff0prgoxu.i.optimole.com\/cb:s0sM.767\/w:auto\/h:auto\/q:mauto\/f:best\/https:\/\/fullsolutions.info\/wp-content\/uploads\/2024\/02\/SVP3000.jpeg","width":529,"height":342},{"@type":"BreadcrumbList","@id":"https:\/\/fullsolutions.info\/produto\/posicionador-de-valvula-inteligente-svp3000-alphaplus\/#breadcrumb","itemListElement":[{"@type":"ListItem","position":1,"name":"In\u00edcio","item":"https:\/\/fullsolutions.info\/"},{"@type":"ListItem","position":2,"name":"Produtos","item":"https:\/\/fullsolutions.info\/shop\/"},{"@type":"ListItem","position":3,"name":"Posicionador de v\u00e1lvula inteligente SVP3000 Alphaplus"}]},{"@type":"WebSite","@id":"https:\/\/fullsolutions.info\/#website","url":"https:\/\/fullsolutions.info\/","name":"Full Solutions","description":"Empresa na \u00c1rea de Procurement","publisher":{"@id":"https:\/\/fullsolutions.info\/#organization"},"potentialAction":[{"@type":"SearchAction","target":{"@type":"EntryPoint","urlTemplate":"https:\/\/fullsolutions.info\/?s={search_term_string}"},"query-input":{"@type":"PropertyValueSpecification","valueRequired":true,"valueName":"search_term_string"}}],"inLanguage":"en-US"},{"@type":"Organization","@id":"https:\/\/fullsolutions.info\/#organization","name":"Full Solutions","url":"https:\/\/fullsolutions.info\/","logo":{"@type":"ImageObject","inLanguage":"en-US","@id":"https:\/\/fullsolutions.info\/#\/schema\/logo\/image\/","url":"https:\/\/mlhff0prgoxu.i.optimole.com\/cb:s0sM.767\/w:auto\/h:auto\/q:mauto\/f:best\/https:\/\/fullsolutions.info\/wp-content\/uploads\/2021\/07\/cropped-Design-sem-nome-300x193-1-e1627062664782.png","contentUrl":"https:\/\/mlhff0prgoxu.i.optimole.com\/cb:s0sM.767\/w:auto\/h:auto\/q:mauto\/f:best\/https:\/\/fullsolutions.info\/wp-content\/uploads\/2021\/07\/cropped-Design-sem-nome-300x193-1-e1627062664782.png","width":202,"height":155,"caption":"Full Solutions"},"image":{"@id":"https:\/\/fullsolutions.info\/#\/schema\/logo\/image\/"},"sameAs":["https:\/\/www.linkedin.com\/company\/full-solutions-equipment"]}]}},"_links":{"self":[{"href":"https:\/\/fullsolutions.info\/en\/wp-json\/wp\/v2\/product\/4389","targetHints":{"allow":["GET"]}}],"collection":[{"href":"https:\/\/fullsolutions.info\/en\/wp-json\/wp\/v2\/product"}],"about":[{"href":"https:\/\/fullsolutions.info\/en\/wp-json\/wp\/v2\/types\/product"}],"replies":[{"embeddable":true,"href":"https:\/\/fullsolutions.info\/en\/wp-json\/wp\/v2\/comments?post=4389"}],"wp:featuredmedia":[{"embeddable":true,"href":"https:\/\/fullsolutions.info\/en\/wp-json\/wp\/v2\/media\/4390"}],"wp:attachment":[{"href":"https:\/\/fullsolutions.info\/en\/wp-json\/wp\/v2\/media?parent=4389"}],"wp:term":[{"taxonomy":"product_brand","embeddable":true,"href":"https:\/\/fullsolutions.info\/en\/wp-json\/wp\/v2\/product_brand?post=4389"},{"taxonomy":"product_cat","embeddable":true,"href":"https:\/\/fullsolutions.info\/en\/wp-json\/wp\/v2\/product_cat?post=4389"},{"taxonomy":"product_tag","embeddable":true,"href":"https:\/\/fullsolutions.info\/en\/wp-json\/wp\/v2\/product_tag?post=4389"},{"taxonomy":"marca","embeddable":true,"href":"https:\/\/fullsolutions.info\/en\/wp-json\/wp\/v2\/marca?post=4389"}],"curies":[{"name":"wp","href":"https:\/\/api.w.org\/{rel}","templated":true}]}}