{"id":4386,"date":"2024-02-02T17:09:28","date_gmt":"2024-02-02T17:09:28","guid":{"rendered":"https:\/\/fullsolutionsequip.com\/?post_type=product&#038;p=4386"},"modified":"2024-02-19T16:12:24","modified_gmt":"2024-02-19T16:12:24","slug":"medidores-de-vazao-e-densidade-coriolis-de-tubo-reto-serie-t","status":"publish","type":"product","link":"https:\/\/fullsolutions.info\/en\/product\/medidores-de-vazao-e-densidade-coriolis-de-tubo-reto-serie-t\/","title":{"rendered":"Square of the flow rate and the density of Construction of the tube is straight-T series"},"content":{"rendered":"<p>Superior medi\u00e7\u00e3o de fluxo em um medidor de fluxo de tubo reto \u00fanico<\/p>\n<p>Barra de equil\u00edbrio integrada proporciona a melhor medi\u00e7\u00e3o de fluxo de massa em tubo \u00fanico para reduzir a variabilidade no controle do processo<\/p>\n<p>Ampla cobertura de aplica\u00e7\u00f5es higi\u00eanicas abrangente<\/p>\n<p>F\u00e1cil de CIP e SIP com design certificado EHEDG, autorizado pela 3-A, e ASME BPE<\/p>\n<p>O di\u00e2metro corresponde ao tubo de processo padr\u00e3o para drenagem em qualquer orienta\u00e7\u00e3o<\/p>\n<p>Troca r\u00e1pida de produto com design de auto-drenagem e sem efeitos de perfil<\/p>\n<p>\u00danico caminho de fluxo f\u00e1cil de limpar mecanicamente<\/p>\n<p>Acabamento de superf\u00edcie altamente polido para fluidos ultra puros<\/p>\n<p>Confiabilidade superior<\/p>\n<p>Nenhuma pe\u00e7a m\u00f3vel para desgaste ou substitui\u00e7\u00e3o minimiza a manuten\u00e7\u00e3o para confiabilidade a longo prazo<\/p>\n<p>Os medidores Micro Motion da S\u00e9rie T oferecem medi\u00e7\u00e3o de fluxo superior em um \u00fanico medidor de tubo reto, projeto de medidores de fluxo de passagem total. Com todas as pe\u00e7as molhadas em tit\u00e2nio para excelente resist\u00eancia \u00e0 corros\u00e3o, a S\u00e9rie T \u00e9 auto-drenante, com um caminho de fluxo que resiste ao entupimento e pode ser limpo com pig.<\/p>\n<p>Os Medidores de Densidade e Fluxo Coriolis da S\u00e9rie T s\u00e3o compat\u00edveis com o seguinte transmissor:<\/p>\n<ul>\n<li>Transmissores Compactos para Sala de Controle Modelo 1500 e 2500<\/li>\n<li>Transmissores de Montagem de Campo e Integral Modelo 1700 e 2700<\/li>\n<li>Controlador e Transmissor Modelo 3300 e 3350<\/li>\n<\/ul>\n<p>Recursos e Benef\u00edcios<\/p>\n<p>Vantagens da Medi\u00e7\u00e3o de Coriolis<\/p>\n<ul>\n<li>Medi\u00e7\u00e3o direta em linha de fluxo de massa, densidade, concentra\u00e7\u00e3o, vaz\u00e3o volum\u00e9trica e temperatura a partir de um \u00fanico dispositivo<\/li>\n<li>Imune a efeitos de fluido, processo ou ambientais para uma confian\u00e7a excepcional na medi\u00e7\u00e3o<\/li>\n<li>Altamente robusto, adequado para instala\u00e7\u00e3o em qualquer lugar, sem necessidade de condicionamento de fluxo ou tubula\u00e7\u00e3o reta<\/li>\n<\/ul>\n<p>Nenhuma pe\u00e7a interna m\u00f3vel resulta em nenhuma manuten\u00e7\u00e3o ou reparo<\/p>\n<p>Aplica\u00e7\u00f5es<\/p>\n<p>Os medidores Micro Motion da S\u00e9rie T oferecem desempenho excepcional em um design de medidor \u00fanico de tubo reto e s\u00e3o ideais para aplica\u00e7\u00f5es higi\u00eanicas.<\/p>\n<ul>\n<li>Controle de lote<\/li>\n<li>Alimenta\u00e7\u00e3o de biorreatores<\/li>\n<li>Mistura<\/li>\n<li>Processos CIP\/SIP<\/li>\n<li>Medidas de concentra\u00e7\u00e3o e densidade<\/li>\n<li>Enchimento e dosagem<\/li>\n<li>Gases<\/li>\n<li>Fluidos de alta pureza<\/li>\n<li>Balan\u00e7o de massa<\/li>\n<li>Fluidos de estimula\u00e7\u00e3o de servi\u00e7os de campo de petr\u00f3leo<\/li>\n<li>Controle de processo<\/li>\n<li>Carregamento de reatores<\/li>\n<li>Processos validados<\/li>\n<\/ul>","protected":false},"excerpt":{"rendered":"<p>Superior medi\u00e7\u00e3o de fluxo em um medidor de fluxo de tubo reto \u00fanico Barra de equil\u00edbrio integrada proporciona a melhor medi\u00e7\u00e3o de fluxo de massa em tubo \u00fanico para reduzir a variabilidade no controle do processo Ampla cobertura de aplica\u00e7\u00f5es higi\u00eanicas abrangente F\u00e1cil de CIP e SIP com design certificado EHEDG, autorizado pela 3-A, e ASME BPE O di\u00e2metro corresponde ao tubo de processo padr\u00e3o para drenagem em qualquer orienta\u00e7\u00e3o Troca r\u00e1pida de produto com design de auto-drenagem e sem efeitos de perfil \u00danico caminho de fluxo f\u00e1cil de limpar mecanicamente Acabamento de superf\u00edcie altamente polido para fluidos ultra puros Confiabilidade superior Nenhuma pe\u00e7a m\u00f3vel para desgaste ou substitui\u00e7\u00e3o minimiza a manuten\u00e7\u00e3o para confiabilidade a longo prazo Os medidores Micro Motion da S\u00e9rie T oferecem medi\u00e7\u00e3o de fluxo superior em um \u00fanico medidor de tubo reto, projeto de medidores de fluxo de passagem total. Com todas as pe\u00e7as molhadas em tit\u00e2nio para excelente resist\u00eancia \u00e0 corros\u00e3o, a S\u00e9rie T \u00e9 auto-drenante, com um caminho de fluxo que resiste ao entupimento e pode ser limpo com pig. Os Medidores de Densidade e Fluxo Coriolis da S\u00e9rie T s\u00e3o compat\u00edveis com o seguinte transmissor: Transmissores Compactos para Sala de Controle Modelo 1500 e 2500 Transmissores de Montagem de Campo e Integral Modelo 1700 e 2700 Controlador e Transmissor Modelo 3300 e 3350 Recursos e Benef\u00edcios Vantagens da Medi\u00e7\u00e3o de Coriolis Medi\u00e7\u00e3o direta em linha de fluxo de massa, densidade, concentra\u00e7\u00e3o, vaz\u00e3o volum\u00e9trica e temperatura a partir de um \u00fanico dispositivo Imune a efeitos de fluido, processo ou ambientais para uma confian\u00e7a excepcional na medi\u00e7\u00e3o Altamente robusto, adequado para instala\u00e7\u00e3o em qualquer lugar, sem necessidade de condicionamento de fluxo ou tubula\u00e7\u00e3o reta Nenhuma pe\u00e7a interna m\u00f3vel resulta em nenhuma manuten\u00e7\u00e3o ou reparo Aplica\u00e7\u00f5es Os medidores Micro Motion da S\u00e9rie T oferecem desempenho excepcional em um design de medidor \u00fanico de tubo reto e s\u00e3o ideais para aplica\u00e7\u00f5es higi\u00eanicas. Controle de lote Alimenta\u00e7\u00e3o de biorreatores Mistura Processos CIP\/SIP Medidas de concentra\u00e7\u00e3o e densidade Enchimento e dosagem Gases Fluidos de alta pureza Balan\u00e7o de massa Fluidos de estimula\u00e7\u00e3o de servi\u00e7os de campo de petr\u00f3leo Controle de processo Carregamento de reatores Processos validados<\/p>","protected":false},"featured_media":4388,"comment_status":"open","ping_status":"closed","template":"","meta":{"_joinchat":[]},"product_brand":[],"product_cat":[146],"product_tag":[],"marca":[148],"class_list":{"0":"post-4386","1":"product","2":"type-product","3":"status-publish","4":"has-post-thumbnail","6":"product_cat-medidores-de-vazao-e-tubos-de-vazao","7":"marca-micro-motion","9":"first","10":"instock","11":"shipping-taxable","12":"purchasable","13":"product-type-simple"},"yoast_head":"<!-- This site is optimized with the Yoast SEO plugin v27.2 - https:\/\/yoast.com\/product\/yoast-seo-wordpress\/ -->\n<title>Medidores de vaz\u00e3o e densidade Coriolis de tubo reto s\u00e9rie T - Full Solutions<\/title>\n<meta name=\"robots\" content=\"index, follow, max-snippet:-1, max-image-preview:large, max-video-preview:-1\" \/>\n<link rel=\"canonical\" href=\"https:\/\/fullsolutions.info\/en\/product\/medidores-de-vazao-e-densidade-coriolis-de-tubo-reto-serie-t\/\" \/>\n<meta property=\"og:locale\" content=\"en_US\" \/>\n<meta property=\"og:type\" content=\"article\" \/>\n<meta property=\"og:title\" content=\"Medidores de vaz\u00e3o e densidade Coriolis de tubo reto s\u00e9rie T - Full Solutions\" \/>\n<meta property=\"og:description\" content=\"Superior medi\u00e7\u00e3o de fluxo em um medidor de fluxo de tubo reto \u00fanico Barra de equil\u00edbrio integrada proporciona a melhor medi\u00e7\u00e3o de fluxo de massa em tubo \u00fanico para reduzir a variabilidade no controle do processo Ampla cobertura de aplica\u00e7\u00f5es higi\u00eanicas abrangente F\u00e1cil de CIP e SIP com design certificado EHEDG, autorizado pela 3-A, e ASME BPE O di\u00e2metro corresponde ao tubo de processo padr\u00e3o para drenagem em qualquer orienta\u00e7\u00e3o Troca r\u00e1pida de produto com design de auto-drenagem e sem efeitos de perfil \u00danico caminho de fluxo f\u00e1cil de limpar mecanicamente Acabamento de superf\u00edcie altamente polido para fluidos ultra puros Confiabilidade superior Nenhuma pe\u00e7a m\u00f3vel para desgaste ou substitui\u00e7\u00e3o minimiza a manuten\u00e7\u00e3o para confiabilidade a longo prazo Os medidores Micro Motion da S\u00e9rie T oferecem medi\u00e7\u00e3o de fluxo superior em um \u00fanico medidor de tubo reto, projeto de medidores de fluxo de passagem total. Com todas as pe\u00e7as molhadas em tit\u00e2nio para excelente resist\u00eancia \u00e0 corros\u00e3o, a S\u00e9rie T \u00e9 auto-drenante, com um caminho de fluxo que resiste ao entupimento e pode ser limpo com pig. Os Medidores de Densidade e Fluxo Coriolis da S\u00e9rie T s\u00e3o compat\u00edveis com o seguinte transmissor: Transmissores Compactos para Sala de Controle Modelo 1500 e 2500 Transmissores de Montagem de Campo e Integral Modelo 1700 e 2700 Controlador e Transmissor Modelo 3300 e 3350 Recursos e Benef\u00edcios Vantagens da Medi\u00e7\u00e3o de Coriolis Medi\u00e7\u00e3o direta em linha de fluxo de massa, densidade, concentra\u00e7\u00e3o, vaz\u00e3o volum\u00e9trica e temperatura a partir de um \u00fanico dispositivo Imune a efeitos de fluido, processo ou ambientais para uma confian\u00e7a excepcional na medi\u00e7\u00e3o Altamente robusto, adequado para instala\u00e7\u00e3o em qualquer lugar, sem necessidade de condicionamento de fluxo ou tubula\u00e7\u00e3o reta Nenhuma pe\u00e7a interna m\u00f3vel resulta em nenhuma manuten\u00e7\u00e3o ou reparo Aplica\u00e7\u00f5es Os medidores Micro Motion da S\u00e9rie T oferecem desempenho excepcional em um design de medidor \u00fanico de tubo reto e s\u00e3o ideais para aplica\u00e7\u00f5es higi\u00eanicas. Controle de lote Alimenta\u00e7\u00e3o de biorreatores Mistura Processos CIP\/SIP Medidas de concentra\u00e7\u00e3o e densidade Enchimento e dosagem Gases Fluidos de alta pureza Balan\u00e7o de massa Fluidos de estimula\u00e7\u00e3o de servi\u00e7os de campo de petr\u00f3leo Controle de processo Carregamento de reatores Processos validados\" \/>\n<meta property=\"og:url\" content=\"https:\/\/fullsolutions.info\/en\/product\/medidores-de-vazao-e-densidade-coriolis-de-tubo-reto-serie-t\/\" \/>\n<meta property=\"og:site_name\" content=\"Full Solutions\" \/>\n<meta property=\"article:modified_time\" content=\"2024-02-19T16:12:24+00:00\" \/>\n<meta property=\"og:image\" content=\"https:\/\/mlhff0prgoxu.i.optimole.com\/cb:s0sM.767\/w:auto\/h:auto\/q:mauto\/f:best\/https:\/\/fullsolutions.info\/wp-content\/uploads\/2024\/02\/T-Series.jpg\" \/>\n\t<meta property=\"og:image:width\" content=\"631\" \/>\n\t<meta property=\"og:image:height\" content=\"382\" \/>\n\t<meta property=\"og:image:type\" content=\"image\/jpeg\" \/>\n<meta name=\"twitter:card\" content=\"summary_large_image\" \/>\n<meta name=\"twitter:label1\" content=\"Est. reading time\" \/>\n\t<meta name=\"twitter:data1\" content=\"2 minutes\" \/>\n<script type=\"application\/ld+json\" class=\"yoast-schema-graph\">{\"@context\":\"https:\/\/schema.org\",\"@graph\":[{\"@type\":\"WebPage\",\"@id\":\"https:\/\/fullsolutions.info\/produto\/medidores-de-vazao-e-densidade-coriolis-de-tubo-reto-serie-t\/\",\"url\":\"https:\/\/fullsolutions.info\/produto\/medidores-de-vazao-e-densidade-coriolis-de-tubo-reto-serie-t\/\",\"name\":\"Medidores de vaz\u00e3o e densidade Coriolis de tubo reto s\u00e9rie T - Full Solutions\",\"isPartOf\":{\"@id\":\"https:\/\/fullsolutions.info\/#website\"},\"primaryImageOfPage\":{\"@id\":\"https:\/\/fullsolutions.info\/produto\/medidores-de-vazao-e-densidade-coriolis-de-tubo-reto-serie-t\/#primaryimage\"},\"image\":{\"@id\":\"https:\/\/fullsolutions.info\/produto\/medidores-de-vazao-e-densidade-coriolis-de-tubo-reto-serie-t\/#primaryimage\"},\"thumbnailUrl\":\"https:\/\/mlhff0prgoxu.i.optimole.com\/cb:s0sM.767\/w:auto\/h:auto\/q:mauto\/f:best\/https:\/\/fullsolutions.info\/wp-content\/uploads\/2024\/02\/T-Series.jpg\",\"datePublished\":\"2024-02-02T17:09:28+00:00\",\"dateModified\":\"2024-02-19T16:12:24+00:00\",\"breadcrumb\":{\"@id\":\"https:\/\/fullsolutions.info\/produto\/medidores-de-vazao-e-densidade-coriolis-de-tubo-reto-serie-t\/#breadcrumb\"},\"inLanguage\":\"en-US\",\"potentialAction\":[{\"@type\":\"ReadAction\",\"target\":[\"https:\/\/fullsolutions.info\/produto\/medidores-de-vazao-e-densidade-coriolis-de-tubo-reto-serie-t\/\"]}]},{\"@type\":\"ImageObject\",\"inLanguage\":\"en-US\",\"@id\":\"https:\/\/fullsolutions.info\/produto\/medidores-de-vazao-e-densidade-coriolis-de-tubo-reto-serie-t\/#primaryimage\",\"url\":\"https:\/\/mlhff0prgoxu.i.optimole.com\/cb:s0sM.767\/w:auto\/h:auto\/q:mauto\/f:best\/https:\/\/fullsolutions.info\/wp-content\/uploads\/2024\/02\/T-Series.jpg\",\"contentUrl\":\"https:\/\/mlhff0prgoxu.i.optimole.com\/cb:s0sM.767\/w:auto\/h:auto\/q:mauto\/f:best\/https:\/\/fullsolutions.info\/wp-content\/uploads\/2024\/02\/T-Series.jpg\",\"width\":631,\"height\":382},{\"@type\":\"BreadcrumbList\",\"@id\":\"https:\/\/fullsolutions.info\/produto\/medidores-de-vazao-e-densidade-coriolis-de-tubo-reto-serie-t\/#breadcrumb\",\"itemListElement\":[{\"@type\":\"ListItem\",\"position\":1,\"name\":\"In\u00edcio\",\"item\":\"https:\/\/fullsolutions.info\/\"},{\"@type\":\"ListItem\",\"position\":2,\"name\":\"Produtos\",\"item\":\"https:\/\/fullsolutions.info\/shop\/\"},{\"@type\":\"ListItem\",\"position\":3,\"name\":\"Medidores de vaz\u00e3o e densidade Coriolis de tubo reto s\u00e9rie T\"}]},{\"@type\":\"WebSite\",\"@id\":\"https:\/\/fullsolutions.info\/#website\",\"url\":\"https:\/\/fullsolutions.info\/\",\"name\":\"Full Solutions\",\"description\":\"Empresa na \u00c1rea de Procurement\",\"publisher\":{\"@id\":\"https:\/\/fullsolutions.info\/#organization\"},\"potentialAction\":[{\"@type\":\"SearchAction\",\"target\":{\"@type\":\"EntryPoint\",\"urlTemplate\":\"https:\/\/fullsolutions.info\/?s={search_term_string}\"},\"query-input\":{\"@type\":\"PropertyValueSpecification\",\"valueRequired\":true,\"valueName\":\"search_term_string\"}}],\"inLanguage\":\"en-US\"},{\"@type\":\"Organization\",\"@id\":\"https:\/\/fullsolutions.info\/#organization\",\"name\":\"Full Solutions\",\"url\":\"https:\/\/fullsolutions.info\/\",\"logo\":{\"@type\":\"ImageObject\",\"inLanguage\":\"en-US\",\"@id\":\"https:\/\/fullsolutions.info\/#\/schema\/logo\/image\/\",\"url\":\"https:\/\/mlhff0prgoxu.i.optimole.com\/cb:s0sM.767\/w:auto\/h:auto\/q:mauto\/f:best\/https:\/\/fullsolutions.info\/wp-content\/uploads\/2021\/07\/cropped-Design-sem-nome-300x193-1-e1627062664782.png\",\"contentUrl\":\"https:\/\/mlhff0prgoxu.i.optimole.com\/cb:s0sM.767\/w:auto\/h:auto\/q:mauto\/f:best\/https:\/\/fullsolutions.info\/wp-content\/uploads\/2021\/07\/cropped-Design-sem-nome-300x193-1-e1627062664782.png\",\"width\":202,\"height\":155,\"caption\":\"Full Solutions\"},\"image\":{\"@id\":\"https:\/\/fullsolutions.info\/#\/schema\/logo\/image\/\"},\"sameAs\":[\"https:\/\/www.linkedin.com\/company\/full-solutions-equipment\"]}]}<\/script>\n<!-- \/ Yoast SEO plugin. -->","yoast_head_json":{"title":"Medidores de vaz\u00e3o e densidade Coriolis de tubo reto s\u00e9rie T - Full Solutions","robots":{"index":"index","follow":"follow","max-snippet":"max-snippet:-1","max-image-preview":"max-image-preview:large","max-video-preview":"max-video-preview:-1"},"canonical":"https:\/\/fullsolutions.info\/en\/product\/medidores-de-vazao-e-densidade-coriolis-de-tubo-reto-serie-t\/","og_locale":"en_US","og_type":"article","og_title":"Medidores de vaz\u00e3o e densidade Coriolis de tubo reto s\u00e9rie T - Full Solutions","og_description":"Superior medi\u00e7\u00e3o de fluxo em um medidor de fluxo de tubo reto \u00fanico Barra de equil\u00edbrio integrada proporciona a melhor medi\u00e7\u00e3o de fluxo de massa em tubo \u00fanico para reduzir a variabilidade no controle do processo Ampla cobertura de aplica\u00e7\u00f5es higi\u00eanicas abrangente F\u00e1cil de CIP e SIP com design certificado EHEDG, autorizado pela 3-A, e ASME BPE O di\u00e2metro corresponde ao tubo de processo padr\u00e3o para drenagem em qualquer orienta\u00e7\u00e3o Troca r\u00e1pida de produto com design de auto-drenagem e sem efeitos de perfil \u00danico caminho de fluxo f\u00e1cil de limpar mecanicamente Acabamento de superf\u00edcie altamente polido para fluidos ultra puros Confiabilidade superior Nenhuma pe\u00e7a m\u00f3vel para desgaste ou substitui\u00e7\u00e3o minimiza a manuten\u00e7\u00e3o para confiabilidade a longo prazo Os medidores Micro Motion da S\u00e9rie T oferecem medi\u00e7\u00e3o de fluxo superior em um \u00fanico medidor de tubo reto, projeto de medidores de fluxo de passagem total. Com todas as pe\u00e7as molhadas em tit\u00e2nio para excelente resist\u00eancia \u00e0 corros\u00e3o, a S\u00e9rie T \u00e9 auto-drenante, com um caminho de fluxo que resiste ao entupimento e pode ser limpo com pig. Os Medidores de Densidade e Fluxo Coriolis da S\u00e9rie T s\u00e3o compat\u00edveis com o seguinte transmissor: Transmissores Compactos para Sala de Controle Modelo 1500 e 2500 Transmissores de Montagem de Campo e Integral Modelo 1700 e 2700 Controlador e Transmissor Modelo 3300 e 3350 Recursos e Benef\u00edcios Vantagens da Medi\u00e7\u00e3o de Coriolis Medi\u00e7\u00e3o direta em linha de fluxo de massa, densidade, concentra\u00e7\u00e3o, vaz\u00e3o volum\u00e9trica e temperatura a partir de um \u00fanico dispositivo Imune a efeitos de fluido, processo ou ambientais para uma confian\u00e7a excepcional na medi\u00e7\u00e3o Altamente robusto, adequado para instala\u00e7\u00e3o em qualquer lugar, sem necessidade de condicionamento de fluxo ou tubula\u00e7\u00e3o reta Nenhuma pe\u00e7a interna m\u00f3vel resulta em nenhuma manuten\u00e7\u00e3o ou reparo Aplica\u00e7\u00f5es Os medidores Micro Motion da S\u00e9rie T oferecem desempenho excepcional em um design de medidor \u00fanico de tubo reto e s\u00e3o ideais para aplica\u00e7\u00f5es higi\u00eanicas. Controle de lote Alimenta\u00e7\u00e3o de biorreatores Mistura Processos CIP\/SIP Medidas de concentra\u00e7\u00e3o e densidade Enchimento e dosagem Gases Fluidos de alta pureza Balan\u00e7o de massa Fluidos de estimula\u00e7\u00e3o de servi\u00e7os de campo de petr\u00f3leo Controle de processo Carregamento de reatores Processos validados","og_url":"https:\/\/fullsolutions.info\/en\/product\/medidores-de-vazao-e-densidade-coriolis-de-tubo-reto-serie-t\/","og_site_name":"Full Solutions","article_modified_time":"2024-02-19T16:12:24+00:00","og_image":[{"width":631,"height":382,"url":"https:\/\/mlhff0prgoxu.i.optimole.com\/cb:s0sM.767\/w:auto\/h:auto\/q:mauto\/f:best\/https:\/\/fullsolutions.info\/wp-content\/uploads\/2024\/02\/T-Series.jpg","type":"image\/jpeg"}],"twitter_card":"summary_large_image","twitter_misc":{"Est. reading time":"2 minutes"},"schema":{"@context":"https:\/\/schema.org","@graph":[{"@type":"WebPage","@id":"https:\/\/fullsolutions.info\/produto\/medidores-de-vazao-e-densidade-coriolis-de-tubo-reto-serie-t\/","url":"https:\/\/fullsolutions.info\/produto\/medidores-de-vazao-e-densidade-coriolis-de-tubo-reto-serie-t\/","name":"Medidores de vaz\u00e3o e densidade Coriolis de tubo reto s\u00e9rie T - Full Solutions","isPartOf":{"@id":"https:\/\/fullsolutions.info\/#website"},"primaryImageOfPage":{"@id":"https:\/\/fullsolutions.info\/produto\/medidores-de-vazao-e-densidade-coriolis-de-tubo-reto-serie-t\/#primaryimage"},"image":{"@id":"https:\/\/fullsolutions.info\/produto\/medidores-de-vazao-e-densidade-coriolis-de-tubo-reto-serie-t\/#primaryimage"},"thumbnailUrl":"https:\/\/mlhff0prgoxu.i.optimole.com\/cb:s0sM.767\/w:auto\/h:auto\/q:mauto\/f:best\/https:\/\/fullsolutions.info\/wp-content\/uploads\/2024\/02\/T-Series.jpg","datePublished":"2024-02-02T17:09:28+00:00","dateModified":"2024-02-19T16:12:24+00:00","breadcrumb":{"@id":"https:\/\/fullsolutions.info\/produto\/medidores-de-vazao-e-densidade-coriolis-de-tubo-reto-serie-t\/#breadcrumb"},"inLanguage":"en-US","potentialAction":[{"@type":"ReadAction","target":["https:\/\/fullsolutions.info\/produto\/medidores-de-vazao-e-densidade-coriolis-de-tubo-reto-serie-t\/"]}]},{"@type":"ImageObject","inLanguage":"en-US","@id":"https:\/\/fullsolutions.info\/produto\/medidores-de-vazao-e-densidade-coriolis-de-tubo-reto-serie-t\/#primaryimage","url":"https:\/\/mlhff0prgoxu.i.optimole.com\/cb:s0sM.767\/w:auto\/h:auto\/q:mauto\/f:best\/https:\/\/fullsolutions.info\/wp-content\/uploads\/2024\/02\/T-Series.jpg","contentUrl":"https:\/\/mlhff0prgoxu.i.optimole.com\/cb:s0sM.767\/w:auto\/h:auto\/q:mauto\/f:best\/https:\/\/fullsolutions.info\/wp-content\/uploads\/2024\/02\/T-Series.jpg","width":631,"height":382},{"@type":"BreadcrumbList","@id":"https:\/\/fullsolutions.info\/produto\/medidores-de-vazao-e-densidade-coriolis-de-tubo-reto-serie-t\/#breadcrumb","itemListElement":[{"@type":"ListItem","position":1,"name":"In\u00edcio","item":"https:\/\/fullsolutions.info\/"},{"@type":"ListItem","position":2,"name":"Produtos","item":"https:\/\/fullsolutions.info\/shop\/"},{"@type":"ListItem","position":3,"name":"Medidores de vaz\u00e3o e densidade Coriolis de tubo reto s\u00e9rie T"}]},{"@type":"WebSite","@id":"https:\/\/fullsolutions.info\/#website","url":"https:\/\/fullsolutions.info\/","name":"Full Solutions","description":"Empresa na \u00c1rea de Procurement","publisher":{"@id":"https:\/\/fullsolutions.info\/#organization"},"potentialAction":[{"@type":"SearchAction","target":{"@type":"EntryPoint","urlTemplate":"https:\/\/fullsolutions.info\/?s={search_term_string}"},"query-input":{"@type":"PropertyValueSpecification","valueRequired":true,"valueName":"search_term_string"}}],"inLanguage":"en-US"},{"@type":"Organization","@id":"https:\/\/fullsolutions.info\/#organization","name":"Full Solutions","url":"https:\/\/fullsolutions.info\/","logo":{"@type":"ImageObject","inLanguage":"en-US","@id":"https:\/\/fullsolutions.info\/#\/schema\/logo\/image\/","url":"https:\/\/mlhff0prgoxu.i.optimole.com\/cb:s0sM.767\/w:auto\/h:auto\/q:mauto\/f:best\/https:\/\/fullsolutions.info\/wp-content\/uploads\/2021\/07\/cropped-Design-sem-nome-300x193-1-e1627062664782.png","contentUrl":"https:\/\/mlhff0prgoxu.i.optimole.com\/cb:s0sM.767\/w:auto\/h:auto\/q:mauto\/f:best\/https:\/\/fullsolutions.info\/wp-content\/uploads\/2021\/07\/cropped-Design-sem-nome-300x193-1-e1627062664782.png","width":202,"height":155,"caption":"Full Solutions"},"image":{"@id":"https:\/\/fullsolutions.info\/#\/schema\/logo\/image\/"},"sameAs":["https:\/\/www.linkedin.com\/company\/full-solutions-equipment"]}]}},"_links":{"self":[{"href":"https:\/\/fullsolutions.info\/en\/wp-json\/wp\/v2\/product\/4386","targetHints":{"allow":["GET"]}}],"collection":[{"href":"https:\/\/fullsolutions.info\/en\/wp-json\/wp\/v2\/product"}],"about":[{"href":"https:\/\/fullsolutions.info\/en\/wp-json\/wp\/v2\/types\/product"}],"replies":[{"embeddable":true,"href":"https:\/\/fullsolutions.info\/en\/wp-json\/wp\/v2\/comments?post=4386"}],"wp:featuredmedia":[{"embeddable":true,"href":"https:\/\/fullsolutions.info\/en\/wp-json\/wp\/v2\/media\/4388"}],"wp:attachment":[{"href":"https:\/\/fullsolutions.info\/en\/wp-json\/wp\/v2\/media?parent=4386"}],"wp:term":[{"taxonomy":"product_brand","embeddable":true,"href":"https:\/\/fullsolutions.info\/en\/wp-json\/wp\/v2\/product_brand?post=4386"},{"taxonomy":"product_cat","embeddable":true,"href":"https:\/\/fullsolutions.info\/en\/wp-json\/wp\/v2\/product_cat?post=4386"},{"taxonomy":"product_tag","embeddable":true,"href":"https:\/\/fullsolutions.info\/en\/wp-json\/wp\/v2\/product_tag?post=4386"},{"taxonomy":"marca","embeddable":true,"href":"https:\/\/fullsolutions.info\/en\/wp-json\/wp\/v2\/marca?post=4386"}],"curies":[{"name":"wp","href":"https:\/\/api.w.org\/{rel}","templated":true}]}}