{"id":4377,"date":"2024-02-02T17:05:15","date_gmt":"2024-02-02T17:05:15","guid":{"rendered":"https:\/\/fullsolutionsequip.com\/?post_type=product&#038;p=4377"},"modified":"2024-02-19T16:12:46","modified_gmt":"2024-02-19T16:12:46","slug":"3582-posicionador","status":"publish","type":"product","link":"https:\/\/fullsolutions.info\/en\/product\/3582-posicionador\/","title":{"rendered":"3582 Positioner"},"content":{"rendered":"<p>As posicionadores de v\u00e1lvulas pneum\u00e1ticas da S\u00e9rie 3582 e os posicionadores de v\u00e1lvulas eletropneum\u00e1ticas Tipo 3582i s\u00e3o utilizados em conjunto com conjuntos de v\u00e1lvulas de controle de haste deslizante acionadas por diafragma. Os posicionadores de v\u00e1lvulas pneum\u00e1ticas recebem um sinal de entrada pneum\u00e1tico de um dispositivo de controle e modulam a press\u00e3o de alimenta\u00e7\u00e3o para o atuador da v\u00e1lvula de controle, fornecendo uma posi\u00e7\u00e3o precisa da haste da v\u00e1lvula que \u00e9 proporcional ao sinal de entrada pneum\u00e1tico. Para uso em v\u00e1lvulas de controle Fisher.<\/p>\n<p>Especifica\u00e7\u00f5es:<br \/>\nEntrada<\/p>\n<p>0,2 a 1,0 bar (3 a 15 psig), 0,4 a 2,0 bar (6 a 30 psig) ou faixa dividida<br \/>\nMateriais<\/p>\n<p>Caixa do Posicionador: Liga de alum\u00ednio com baixo teor de cobre<br \/>\nTampa: Pl\u00e1stico resistente a impactos<br \/>\nFoles: Bronze de f\u00f3sforo<br \/>\nAn\u00e9is-O: Todos os modelos 3582 exceto 3582NS: Nitrila (padr\u00e3o) ou Fluoroelast\u00f4mero (alta temperatura)<\/p>","protected":false},"excerpt":{"rendered":"<p>As posicionadores de v\u00e1lvulas pneum\u00e1ticas da S\u00e9rie 3582 e os posicionadores de v\u00e1lvulas eletropneum\u00e1ticas Tipo 3582i s\u00e3o utilizados em conjunto com conjuntos de v\u00e1lvulas de controle de haste deslizante acionadas por diafragma. Os posicionadores de v\u00e1lvulas pneum\u00e1ticas recebem um sinal de entrada pneum\u00e1tico de um dispositivo de controle e modulam a press\u00e3o de alimenta\u00e7\u00e3o para o atuador da v\u00e1lvula de controle, fornecendo uma posi\u00e7\u00e3o precisa da haste da v\u00e1lvula que \u00e9 proporcional ao sinal de entrada pneum\u00e1tico. Para uso em v\u00e1lvulas de controle Fisher. Especifica\u00e7\u00f5es: Entrada 0,2 a 1,0 bar (3 a 15 psig), 0,4 a 2,0 bar (6 a 30 psig) ou faixa dividida Materiais Caixa do Posicionador: Liga de alum\u00ednio com baixo teor de cobre Tampa: Pl\u00e1stico resistente a impactos Foles: Bronze de f\u00f3sforo An\u00e9is-O: Todos os modelos 3582 exceto 3582NS: Nitrila (padr\u00e3o) ou Fluoroelast\u00f4mero (alta temperatura)<\/p>","protected":false},"featured_media":4380,"comment_status":"open","ping_status":"closed","template":"","meta":{"_joinchat":[]},"product_brand":[],"product_cat":[149],"product_tag":[],"marca":[150],"class_list":{"0":"post-4377","1":"product","2":"type-product","3":"status-publish","4":"has-post-thumbnail","6":"product_cat-controladores-e-posicionadores","7":"marca-fisher","9":"first","10":"instock","11":"shipping-taxable","12":"purchasable","13":"product-type-simple"},"yoast_head":"<!-- This site is optimized with the Yoast SEO plugin v27.2 - https:\/\/yoast.com\/product\/yoast-seo-wordpress\/ -->\n<title>3582 Posicionador - Full Solutions<\/title>\n<meta name=\"robots\" content=\"index, follow, max-snippet:-1, max-image-preview:large, max-video-preview:-1\" \/>\n<link rel=\"canonical\" href=\"https:\/\/fullsolutions.info\/en\/product\/3582-posicionador\/\" \/>\n<meta property=\"og:locale\" content=\"en_US\" \/>\n<meta property=\"og:type\" content=\"article\" \/>\n<meta property=\"og:title\" content=\"3582 Posicionador - Full Solutions\" \/>\n<meta property=\"og:description\" content=\"As posicionadores de v\u00e1lvulas pneum\u00e1ticas da S\u00e9rie 3582 e os posicionadores de v\u00e1lvulas eletropneum\u00e1ticas Tipo 3582i s\u00e3o utilizados em conjunto com conjuntos de v\u00e1lvulas de controle de haste deslizante acionadas por diafragma. Os posicionadores de v\u00e1lvulas pneum\u00e1ticas recebem um sinal de entrada pneum\u00e1tico de um dispositivo de controle e modulam a press\u00e3o de alimenta\u00e7\u00e3o para o atuador da v\u00e1lvula de controle, fornecendo uma posi\u00e7\u00e3o precisa da haste da v\u00e1lvula que \u00e9 proporcional ao sinal de entrada pneum\u00e1tico. Para uso em v\u00e1lvulas de controle Fisher. Especifica\u00e7\u00f5es: Entrada 0,2 a 1,0 bar (3 a 15 psig), 0,4 a 2,0 bar (6 a 30 psig) ou faixa dividida Materiais Caixa do Posicionador: Liga de alum\u00ednio com baixo teor de cobre Tampa: Pl\u00e1stico resistente a impactos Foles: Bronze de f\u00f3sforo An\u00e9is-O: Todos os modelos 3582 exceto 3582NS: Nitrila (padr\u00e3o) ou Fluoroelast\u00f4mero (alta temperatura)\" \/>\n<meta property=\"og:url\" content=\"https:\/\/fullsolutions.info\/en\/product\/3582-posicionador\/\" \/>\n<meta property=\"og:site_name\" content=\"Full Solutions\" \/>\n<meta property=\"article:modified_time\" content=\"2024-02-19T16:12:46+00:00\" \/>\n<meta property=\"og:image\" content=\"https:\/\/mlhff0prgoxu.i.optimole.com\/cb:s0sM.767\/w:auto\/h:auto\/q:mauto\/f:best\/https:\/\/fullsolutions.info\/wp-content\/uploads\/2024\/02\/fisher-3582-positioner.jpeg\" \/>\n\t<meta property=\"og:image:width\" content=\"600\" \/>\n\t<meta property=\"og:image:height\" content=\"600\" \/>\n\t<meta property=\"og:image:type\" content=\"image\/jpeg\" \/>\n<meta name=\"twitter:card\" content=\"summary_large_image\" \/>\n<meta name=\"twitter:label1\" content=\"Est. reading time\" \/>\n\t<meta name=\"twitter:data1\" content=\"1 minute\" \/>\n<script type=\"application\/ld+json\" class=\"yoast-schema-graph\">{\"@context\":\"https:\/\/schema.org\",\"@graph\":[{\"@type\":\"WebPage\",\"@id\":\"https:\/\/fullsolutions.info\/produto\/3582-posicionador\/\",\"url\":\"https:\/\/fullsolutions.info\/produto\/3582-posicionador\/\",\"name\":\"3582 Posicionador - Full Solutions\",\"isPartOf\":{\"@id\":\"https:\/\/fullsolutions.info\/#website\"},\"primaryImageOfPage\":{\"@id\":\"https:\/\/fullsolutions.info\/produto\/3582-posicionador\/#primaryimage\"},\"image\":{\"@id\":\"https:\/\/fullsolutions.info\/produto\/3582-posicionador\/#primaryimage\"},\"thumbnailUrl\":\"https:\/\/mlhff0prgoxu.i.optimole.com\/cb:s0sM.767\/w:auto\/h:auto\/q:mauto\/f:best\/https:\/\/fullsolutions.info\/wp-content\/uploads\/2024\/02\/fisher-3582-positioner.jpeg\",\"datePublished\":\"2024-02-02T17:05:15+00:00\",\"dateModified\":\"2024-02-19T16:12:46+00:00\",\"breadcrumb\":{\"@id\":\"https:\/\/fullsolutions.info\/produto\/3582-posicionador\/#breadcrumb\"},\"inLanguage\":\"en-US\",\"potentialAction\":[{\"@type\":\"ReadAction\",\"target\":[\"https:\/\/fullsolutions.info\/produto\/3582-posicionador\/\"]}]},{\"@type\":\"ImageObject\",\"inLanguage\":\"en-US\",\"@id\":\"https:\/\/fullsolutions.info\/produto\/3582-posicionador\/#primaryimage\",\"url\":\"https:\/\/mlhff0prgoxu.i.optimole.com\/cb:s0sM.767\/w:auto\/h:auto\/q:mauto\/f:best\/https:\/\/fullsolutions.info\/wp-content\/uploads\/2024\/02\/fisher-3582-positioner.jpeg\",\"contentUrl\":\"https:\/\/mlhff0prgoxu.i.optimole.com\/cb:s0sM.767\/w:auto\/h:auto\/q:mauto\/f:best\/https:\/\/fullsolutions.info\/wp-content\/uploads\/2024\/02\/fisher-3582-positioner.jpeg\",\"width\":600,\"height\":600},{\"@type\":\"BreadcrumbList\",\"@id\":\"https:\/\/fullsolutions.info\/produto\/3582-posicionador\/#breadcrumb\",\"itemListElement\":[{\"@type\":\"ListItem\",\"position\":1,\"name\":\"In\u00edcio\",\"item\":\"https:\/\/fullsolutions.info\/\"},{\"@type\":\"ListItem\",\"position\":2,\"name\":\"Produtos\",\"item\":\"https:\/\/fullsolutions.info\/shop\/\"},{\"@type\":\"ListItem\",\"position\":3,\"name\":\"3582 Posicionador\"}]},{\"@type\":\"WebSite\",\"@id\":\"https:\/\/fullsolutions.info\/#website\",\"url\":\"https:\/\/fullsolutions.info\/\",\"name\":\"Full Solutions\",\"description\":\"Empresa na \u00c1rea de Procurement\",\"publisher\":{\"@id\":\"https:\/\/fullsolutions.info\/#organization\"},\"potentialAction\":[{\"@type\":\"SearchAction\",\"target\":{\"@type\":\"EntryPoint\",\"urlTemplate\":\"https:\/\/fullsolutions.info\/?s={search_term_string}\"},\"query-input\":{\"@type\":\"PropertyValueSpecification\",\"valueRequired\":true,\"valueName\":\"search_term_string\"}}],\"inLanguage\":\"en-US\"},{\"@type\":\"Organization\",\"@id\":\"https:\/\/fullsolutions.info\/#organization\",\"name\":\"Full Solutions\",\"url\":\"https:\/\/fullsolutions.info\/\",\"logo\":{\"@type\":\"ImageObject\",\"inLanguage\":\"en-US\",\"@id\":\"https:\/\/fullsolutions.info\/#\/schema\/logo\/image\/\",\"url\":\"https:\/\/mlhff0prgoxu.i.optimole.com\/cb:s0sM.767\/w:auto\/h:auto\/q:mauto\/f:best\/https:\/\/fullsolutions.info\/wp-content\/uploads\/2021\/07\/cropped-Design-sem-nome-300x193-1-e1627062664782.png\",\"contentUrl\":\"https:\/\/mlhff0prgoxu.i.optimole.com\/cb:s0sM.767\/w:auto\/h:auto\/q:mauto\/f:best\/https:\/\/fullsolutions.info\/wp-content\/uploads\/2021\/07\/cropped-Design-sem-nome-300x193-1-e1627062664782.png\",\"width\":202,\"height\":155,\"caption\":\"Full Solutions\"},\"image\":{\"@id\":\"https:\/\/fullsolutions.info\/#\/schema\/logo\/image\/\"},\"sameAs\":[\"https:\/\/www.linkedin.com\/company\/full-solutions-equipment\"]}]}<\/script>\n<!-- \/ Yoast SEO plugin. -->","yoast_head_json":{"title":"3582 Posicionador - Full Solutions","robots":{"index":"index","follow":"follow","max-snippet":"max-snippet:-1","max-image-preview":"max-image-preview:large","max-video-preview":"max-video-preview:-1"},"canonical":"https:\/\/fullsolutions.info\/en\/product\/3582-posicionador\/","og_locale":"en_US","og_type":"article","og_title":"3582 Posicionador - Full Solutions","og_description":"As posicionadores de v\u00e1lvulas pneum\u00e1ticas da S\u00e9rie 3582 e os posicionadores de v\u00e1lvulas eletropneum\u00e1ticas Tipo 3582i s\u00e3o utilizados em conjunto com conjuntos de v\u00e1lvulas de controle de haste deslizante acionadas por diafragma. Os posicionadores de v\u00e1lvulas pneum\u00e1ticas recebem um sinal de entrada pneum\u00e1tico de um dispositivo de controle e modulam a press\u00e3o de alimenta\u00e7\u00e3o para o atuador da v\u00e1lvula de controle, fornecendo uma posi\u00e7\u00e3o precisa da haste da v\u00e1lvula que \u00e9 proporcional ao sinal de entrada pneum\u00e1tico. Para uso em v\u00e1lvulas de controle Fisher. Especifica\u00e7\u00f5es: Entrada 0,2 a 1,0 bar (3 a 15 psig), 0,4 a 2,0 bar (6 a 30 psig) ou faixa dividida Materiais Caixa do Posicionador: Liga de alum\u00ednio com baixo teor de cobre Tampa: Pl\u00e1stico resistente a impactos Foles: Bronze de f\u00f3sforo An\u00e9is-O: Todos os modelos 3582 exceto 3582NS: Nitrila (padr\u00e3o) ou Fluoroelast\u00f4mero (alta temperatura)","og_url":"https:\/\/fullsolutions.info\/en\/product\/3582-posicionador\/","og_site_name":"Full Solutions","article_modified_time":"2024-02-19T16:12:46+00:00","og_image":[{"width":600,"height":600,"url":"https:\/\/mlhff0prgoxu.i.optimole.com\/cb:s0sM.767\/w:auto\/h:auto\/q:mauto\/f:best\/https:\/\/fullsolutions.info\/wp-content\/uploads\/2024\/02\/fisher-3582-positioner.jpeg","type":"image\/jpeg"}],"twitter_card":"summary_large_image","twitter_misc":{"Est. reading time":"1 minute"},"schema":{"@context":"https:\/\/schema.org","@graph":[{"@type":"WebPage","@id":"https:\/\/fullsolutions.info\/produto\/3582-posicionador\/","url":"https:\/\/fullsolutions.info\/produto\/3582-posicionador\/","name":"3582 Posicionador - Full Solutions","isPartOf":{"@id":"https:\/\/fullsolutions.info\/#website"},"primaryImageOfPage":{"@id":"https:\/\/fullsolutions.info\/produto\/3582-posicionador\/#primaryimage"},"image":{"@id":"https:\/\/fullsolutions.info\/produto\/3582-posicionador\/#primaryimage"},"thumbnailUrl":"https:\/\/mlhff0prgoxu.i.optimole.com\/cb:s0sM.767\/w:auto\/h:auto\/q:mauto\/f:best\/https:\/\/fullsolutions.info\/wp-content\/uploads\/2024\/02\/fisher-3582-positioner.jpeg","datePublished":"2024-02-02T17:05:15+00:00","dateModified":"2024-02-19T16:12:46+00:00","breadcrumb":{"@id":"https:\/\/fullsolutions.info\/produto\/3582-posicionador\/#breadcrumb"},"inLanguage":"en-US","potentialAction":[{"@type":"ReadAction","target":["https:\/\/fullsolutions.info\/produto\/3582-posicionador\/"]}]},{"@type":"ImageObject","inLanguage":"en-US","@id":"https:\/\/fullsolutions.info\/produto\/3582-posicionador\/#primaryimage","url":"https:\/\/mlhff0prgoxu.i.optimole.com\/cb:s0sM.767\/w:auto\/h:auto\/q:mauto\/f:best\/https:\/\/fullsolutions.info\/wp-content\/uploads\/2024\/02\/fisher-3582-positioner.jpeg","contentUrl":"https:\/\/mlhff0prgoxu.i.optimole.com\/cb:s0sM.767\/w:auto\/h:auto\/q:mauto\/f:best\/https:\/\/fullsolutions.info\/wp-content\/uploads\/2024\/02\/fisher-3582-positioner.jpeg","width":600,"height":600},{"@type":"BreadcrumbList","@id":"https:\/\/fullsolutions.info\/produto\/3582-posicionador\/#breadcrumb","itemListElement":[{"@type":"ListItem","position":1,"name":"In\u00edcio","item":"https:\/\/fullsolutions.info\/"},{"@type":"ListItem","position":2,"name":"Produtos","item":"https:\/\/fullsolutions.info\/shop\/"},{"@type":"ListItem","position":3,"name":"3582 Posicionador"}]},{"@type":"WebSite","@id":"https:\/\/fullsolutions.info\/#website","url":"https:\/\/fullsolutions.info\/","name":"Full Solutions","description":"Empresa na \u00c1rea de Procurement","publisher":{"@id":"https:\/\/fullsolutions.info\/#organization"},"potentialAction":[{"@type":"SearchAction","target":{"@type":"EntryPoint","urlTemplate":"https:\/\/fullsolutions.info\/?s={search_term_string}"},"query-input":{"@type":"PropertyValueSpecification","valueRequired":true,"valueName":"search_term_string"}}],"inLanguage":"en-US"},{"@type":"Organization","@id":"https:\/\/fullsolutions.info\/#organization","name":"Full Solutions","url":"https:\/\/fullsolutions.info\/","logo":{"@type":"ImageObject","inLanguage":"en-US","@id":"https:\/\/fullsolutions.info\/#\/schema\/logo\/image\/","url":"https:\/\/mlhff0prgoxu.i.optimole.com\/cb:s0sM.767\/w:auto\/h:auto\/q:mauto\/f:best\/https:\/\/fullsolutions.info\/wp-content\/uploads\/2021\/07\/cropped-Design-sem-nome-300x193-1-e1627062664782.png","contentUrl":"https:\/\/mlhff0prgoxu.i.optimole.com\/cb:s0sM.767\/w:auto\/h:auto\/q:mauto\/f:best\/https:\/\/fullsolutions.info\/wp-content\/uploads\/2021\/07\/cropped-Design-sem-nome-300x193-1-e1627062664782.png","width":202,"height":155,"caption":"Full Solutions"},"image":{"@id":"https:\/\/fullsolutions.info\/#\/schema\/logo\/image\/"},"sameAs":["https:\/\/www.linkedin.com\/company\/full-solutions-equipment"]}]}},"_links":{"self":[{"href":"https:\/\/fullsolutions.info\/en\/wp-json\/wp\/v2\/product\/4377","targetHints":{"allow":["GET"]}}],"collection":[{"href":"https:\/\/fullsolutions.info\/en\/wp-json\/wp\/v2\/product"}],"about":[{"href":"https:\/\/fullsolutions.info\/en\/wp-json\/wp\/v2\/types\/product"}],"replies":[{"embeddable":true,"href":"https:\/\/fullsolutions.info\/en\/wp-json\/wp\/v2\/comments?post=4377"}],"wp:featuredmedia":[{"embeddable":true,"href":"https:\/\/fullsolutions.info\/en\/wp-json\/wp\/v2\/media\/4380"}],"wp:attachment":[{"href":"https:\/\/fullsolutions.info\/en\/wp-json\/wp\/v2\/media?parent=4377"}],"wp:term":[{"taxonomy":"product_brand","embeddable":true,"href":"https:\/\/fullsolutions.info\/en\/wp-json\/wp\/v2\/product_brand?post=4377"},{"taxonomy":"product_cat","embeddable":true,"href":"https:\/\/fullsolutions.info\/en\/wp-json\/wp\/v2\/product_cat?post=4377"},{"taxonomy":"product_tag","embeddable":true,"href":"https:\/\/fullsolutions.info\/en\/wp-json\/wp\/v2\/product_tag?post=4377"},{"taxonomy":"marca","embeddable":true,"href":"https:\/\/fullsolutions.info\/en\/wp-json\/wp\/v2\/marca?post=4377"}],"curies":[{"name":"wp","href":"https:\/\/api.w.org\/{rel}","templated":true}]}}