{"id":4373,"date":"2024-02-02T17:03:20","date_gmt":"2024-02-02T17:03:20","guid":{"rendered":"https:\/\/fullsolutionsequip.com\/?post_type=product&#038;p=4373"},"modified":"2024-02-19T16:12:46","modified_gmt":"2024-02-19T16:12:46","slug":"dvc6000-controller","status":"publish","type":"product","link":"https:\/\/fullsolutions.info\/en\/product\/dvc6000-controller\/","title":{"rendered":"Driver DVC6000"},"content":{"rendered":"<p>Os Controladores de V\u00e1lvula Digitais da S\u00e9rie DVC s\u00e3o instrumentos de comunica\u00e7\u00e3o baseados em microprocessadores, que convertem corrente em sinal pneum\u00e1tico. Al\u00e9m da fun\u00e7\u00e3o tradicional de converter um sinal de corrente em um sinal de press\u00e3o de posi\u00e7\u00e3o da v\u00e1lvula, os Controladores de V\u00e1lvula Digitais da S\u00e9rie DVC, utilizando o protocolo de comunica\u00e7\u00e3o HART, proporcionam acesso a informa\u00e7\u00f5es cr\u00edticas para a opera\u00e7\u00e3o do processo. O DVC6000 pode ser utilizado com atuadores de a\u00e7\u00e3o simples ou dupla.<\/p>\n<p>Especifica\u00e7\u00f5es:<br \/>\nFaixa<\/p>\n<p>Conforme necess\u00e1rio pelo atuador, at\u00e9 a press\u00e3o total de alimenta\u00e7\u00e3o<br \/>\nSpan M\u00ednimo: 6 psi Span M\u00e1ximo: 140 psi<br \/>\nAlimenta\u00e7\u00e3o<\/p>\n<p>Press\u00e3o de Alimenta\u00e7\u00e3o \u2013 Recomendada: 5 psi acima dos requisitos m\u00e1ximos do atuador, at\u00e9 a press\u00e3o total de alimenta\u00e7\u00e3o<br \/>\nM\u00e1ximo<\/p>\n<p>150 psi ou a press\u00e3o m\u00e1xima permitida pelo atuador, o que for menor<br \/>\nA\u00e7\u00f5es<\/p>\n<p>Dupla<br \/>\nDireta simples<br \/>\nReversa simples<\/p>","protected":false},"excerpt":{"rendered":"<p>Os Controladores de V\u00e1lvula Digitais da S\u00e9rie DVC s\u00e3o instrumentos de comunica\u00e7\u00e3o baseados em microprocessadores, que convertem corrente em sinal pneum\u00e1tico. Al\u00e9m da fun\u00e7\u00e3o tradicional de converter um sinal de corrente em um sinal de press\u00e3o de posi\u00e7\u00e3o da v\u00e1lvula, os Controladores de V\u00e1lvula Digitais da S\u00e9rie DVC, utilizando o protocolo de comunica\u00e7\u00e3o HART, proporcionam acesso a informa\u00e7\u00f5es cr\u00edticas para a opera\u00e7\u00e3o do processo. O DVC6000 pode ser utilizado com atuadores de a\u00e7\u00e3o simples ou dupla. Especifica\u00e7\u00f5es: Faixa Conforme necess\u00e1rio pelo atuador, at\u00e9 a press\u00e3o total de alimenta\u00e7\u00e3o Span M\u00ednimo: 6 psi Span M\u00e1ximo: 140 psi Alimenta\u00e7\u00e3o Press\u00e3o de Alimenta\u00e7\u00e3o \u2013 Recomendada: 5 psi acima dos requisitos m\u00e1ximos do atuador, at\u00e9 a press\u00e3o total de alimenta\u00e7\u00e3o M\u00e1ximo 150 psi ou a press\u00e3o m\u00e1xima permitida pelo atuador, o que for menor A\u00e7\u00f5es Dupla Direta simples Reversa simples<\/p>","protected":false},"featured_media":4375,"comment_status":"open","ping_status":"closed","template":"","meta":{"_joinchat":[]},"product_brand":[],"product_cat":[149],"product_tag":[],"marca":[150],"class_list":{"0":"post-4373","1":"product","2":"type-product","3":"status-publish","4":"has-post-thumbnail","6":"product_cat-controladores-e-posicionadores","7":"marca-fisher","9":"first","10":"instock","11":"shipping-taxable","12":"purchasable","13":"product-type-simple"},"yoast_head":"<!-- This site is optimized with the Yoast SEO plugin v27.2 - https:\/\/yoast.com\/product\/yoast-seo-wordpress\/ -->\n<title>Controlador DVC6000 - Full Solutions<\/title>\n<meta name=\"robots\" content=\"index, follow, max-snippet:-1, max-image-preview:large, max-video-preview:-1\" \/>\n<link rel=\"canonical\" href=\"https:\/\/fullsolutions.info\/en\/product\/dvc6000-controller\/\" \/>\n<meta property=\"og:locale\" content=\"en_US\" \/>\n<meta property=\"og:type\" content=\"article\" \/>\n<meta property=\"og:title\" content=\"Controlador DVC6000 - Full Solutions\" \/>\n<meta property=\"og:description\" content=\"Os Controladores de V\u00e1lvula Digitais da S\u00e9rie DVC s\u00e3o instrumentos de comunica\u00e7\u00e3o baseados em microprocessadores, que convertem corrente em sinal pneum\u00e1tico. Al\u00e9m da fun\u00e7\u00e3o tradicional de converter um sinal de corrente em um sinal de press\u00e3o de posi\u00e7\u00e3o da v\u00e1lvula, os Controladores de V\u00e1lvula Digitais da S\u00e9rie DVC, utilizando o protocolo de comunica\u00e7\u00e3o HART, proporcionam acesso a informa\u00e7\u00f5es cr\u00edticas para a opera\u00e7\u00e3o do processo. O DVC6000 pode ser utilizado com atuadores de a\u00e7\u00e3o simples ou dupla. Especifica\u00e7\u00f5es: Faixa Conforme necess\u00e1rio pelo atuador, at\u00e9 a press\u00e3o total de alimenta\u00e7\u00e3o Span M\u00ednimo: 6 psi Span M\u00e1ximo: 140 psi Alimenta\u00e7\u00e3o Press\u00e3o de Alimenta\u00e7\u00e3o \u2013 Recomendada: 5 psi acima dos requisitos m\u00e1ximos do atuador, at\u00e9 a press\u00e3o total de alimenta\u00e7\u00e3o M\u00e1ximo 150 psi ou a press\u00e3o m\u00e1xima permitida pelo atuador, o que for menor A\u00e7\u00f5es Dupla Direta simples Reversa simples\" \/>\n<meta property=\"og:url\" content=\"https:\/\/fullsolutions.info\/en\/product\/dvc6000-controller\/\" \/>\n<meta property=\"og:site_name\" content=\"Full Solutions\" \/>\n<meta property=\"article:modified_time\" content=\"2024-02-19T16:12:46+00:00\" \/>\n<meta property=\"og:image\" content=\"https:\/\/mlhff0prgoxu.i.optimole.com\/cb:s0sM.767\/w:auto\/h:auto\/q:mauto\/f:best\/https:\/\/fullsolutions.info\/wp-content\/uploads\/2024\/02\/fisher-dvc-6000.jpeg\" \/>\n\t<meta property=\"og:image:width\" content=\"600\" \/>\n\t<meta property=\"og:image:height\" content=\"600\" \/>\n\t<meta property=\"og:image:type\" content=\"image\/jpeg\" \/>\n<meta name=\"twitter:card\" content=\"summary_large_image\" \/>\n<meta name=\"twitter:label1\" content=\"Est. reading time\" \/>\n\t<meta name=\"twitter:data1\" content=\"1 minute\" \/>\n<script type=\"application\/ld+json\" class=\"yoast-schema-graph\">{\"@context\":\"https:\/\/schema.org\",\"@graph\":[{\"@type\":\"WebPage\",\"@id\":\"https:\/\/fullsolutions.info\/produto\/dvc6000-controller\/\",\"url\":\"https:\/\/fullsolutions.info\/produto\/dvc6000-controller\/\",\"name\":\"Controlador DVC6000 - Full Solutions\",\"isPartOf\":{\"@id\":\"https:\/\/fullsolutions.info\/#website\"},\"primaryImageOfPage\":{\"@id\":\"https:\/\/fullsolutions.info\/produto\/dvc6000-controller\/#primaryimage\"},\"image\":{\"@id\":\"https:\/\/fullsolutions.info\/produto\/dvc6000-controller\/#primaryimage\"},\"thumbnailUrl\":\"https:\/\/mlhff0prgoxu.i.optimole.com\/cb:s0sM.767\/w:auto\/h:auto\/q:mauto\/f:best\/https:\/\/fullsolutions.info\/wp-content\/uploads\/2024\/02\/fisher-dvc-6000.jpeg\",\"datePublished\":\"2024-02-02T17:03:20+00:00\",\"dateModified\":\"2024-02-19T16:12:46+00:00\",\"breadcrumb\":{\"@id\":\"https:\/\/fullsolutions.info\/produto\/dvc6000-controller\/#breadcrumb\"},\"inLanguage\":\"en-US\",\"potentialAction\":[{\"@type\":\"ReadAction\",\"target\":[\"https:\/\/fullsolutions.info\/produto\/dvc6000-controller\/\"]}]},{\"@type\":\"ImageObject\",\"inLanguage\":\"en-US\",\"@id\":\"https:\/\/fullsolutions.info\/produto\/dvc6000-controller\/#primaryimage\",\"url\":\"https:\/\/mlhff0prgoxu.i.optimole.com\/cb:s0sM.767\/w:auto\/h:auto\/q:mauto\/f:best\/https:\/\/fullsolutions.info\/wp-content\/uploads\/2024\/02\/fisher-dvc-6000.jpeg\",\"contentUrl\":\"https:\/\/mlhff0prgoxu.i.optimole.com\/cb:s0sM.767\/w:auto\/h:auto\/q:mauto\/f:best\/https:\/\/fullsolutions.info\/wp-content\/uploads\/2024\/02\/fisher-dvc-6000.jpeg\",\"width\":600,\"height\":600},{\"@type\":\"BreadcrumbList\",\"@id\":\"https:\/\/fullsolutions.info\/produto\/dvc6000-controller\/#breadcrumb\",\"itemListElement\":[{\"@type\":\"ListItem\",\"position\":1,\"name\":\"In\u00edcio\",\"item\":\"https:\/\/fullsolutions.info\/\"},{\"@type\":\"ListItem\",\"position\":2,\"name\":\"Produtos\",\"item\":\"https:\/\/fullsolutions.info\/shop\/\"},{\"@type\":\"ListItem\",\"position\":3,\"name\":\"Controlador DVC6000\"}]},{\"@type\":\"WebSite\",\"@id\":\"https:\/\/fullsolutions.info\/#website\",\"url\":\"https:\/\/fullsolutions.info\/\",\"name\":\"Full Solutions\",\"description\":\"Empresa na \u00c1rea de Procurement\",\"publisher\":{\"@id\":\"https:\/\/fullsolutions.info\/#organization\"},\"potentialAction\":[{\"@type\":\"SearchAction\",\"target\":{\"@type\":\"EntryPoint\",\"urlTemplate\":\"https:\/\/fullsolutions.info\/?s={search_term_string}\"},\"query-input\":{\"@type\":\"PropertyValueSpecification\",\"valueRequired\":true,\"valueName\":\"search_term_string\"}}],\"inLanguage\":\"en-US\"},{\"@type\":\"Organization\",\"@id\":\"https:\/\/fullsolutions.info\/#organization\",\"name\":\"Full Solutions\",\"url\":\"https:\/\/fullsolutions.info\/\",\"logo\":{\"@type\":\"ImageObject\",\"inLanguage\":\"en-US\",\"@id\":\"https:\/\/fullsolutions.info\/#\/schema\/logo\/image\/\",\"url\":\"https:\/\/mlhff0prgoxu.i.optimole.com\/cb:s0sM.767\/w:auto\/h:auto\/q:mauto\/f:best\/https:\/\/fullsolutions.info\/wp-content\/uploads\/2021\/07\/cropped-Design-sem-nome-300x193-1-e1627062664782.png\",\"contentUrl\":\"https:\/\/mlhff0prgoxu.i.optimole.com\/cb:s0sM.767\/w:auto\/h:auto\/q:mauto\/f:best\/https:\/\/fullsolutions.info\/wp-content\/uploads\/2021\/07\/cropped-Design-sem-nome-300x193-1-e1627062664782.png\",\"width\":202,\"height\":155,\"caption\":\"Full Solutions\"},\"image\":{\"@id\":\"https:\/\/fullsolutions.info\/#\/schema\/logo\/image\/\"},\"sameAs\":[\"https:\/\/www.linkedin.com\/company\/full-solutions-equipment\"]}]}<\/script>\n<!-- \/ Yoast SEO plugin. -->","yoast_head_json":{"title":"Controlador DVC6000 - Full Solutions","robots":{"index":"index","follow":"follow","max-snippet":"max-snippet:-1","max-image-preview":"max-image-preview:large","max-video-preview":"max-video-preview:-1"},"canonical":"https:\/\/fullsolutions.info\/en\/product\/dvc6000-controller\/","og_locale":"en_US","og_type":"article","og_title":"Controlador DVC6000 - Full Solutions","og_description":"Os Controladores de V\u00e1lvula Digitais da S\u00e9rie DVC s\u00e3o instrumentos de comunica\u00e7\u00e3o baseados em microprocessadores, que convertem corrente em sinal pneum\u00e1tico. Al\u00e9m da fun\u00e7\u00e3o tradicional de converter um sinal de corrente em um sinal de press\u00e3o de posi\u00e7\u00e3o da v\u00e1lvula, os Controladores de V\u00e1lvula Digitais da S\u00e9rie DVC, utilizando o protocolo de comunica\u00e7\u00e3o HART, proporcionam acesso a informa\u00e7\u00f5es cr\u00edticas para a opera\u00e7\u00e3o do processo. O DVC6000 pode ser utilizado com atuadores de a\u00e7\u00e3o simples ou dupla. Especifica\u00e7\u00f5es: Faixa Conforme necess\u00e1rio pelo atuador, at\u00e9 a press\u00e3o total de alimenta\u00e7\u00e3o Span M\u00ednimo: 6 psi Span M\u00e1ximo: 140 psi Alimenta\u00e7\u00e3o Press\u00e3o de Alimenta\u00e7\u00e3o \u2013 Recomendada: 5 psi acima dos requisitos m\u00e1ximos do atuador, at\u00e9 a press\u00e3o total de alimenta\u00e7\u00e3o M\u00e1ximo 150 psi ou a press\u00e3o m\u00e1xima permitida pelo atuador, o que for menor A\u00e7\u00f5es Dupla Direta simples Reversa simples","og_url":"https:\/\/fullsolutions.info\/en\/product\/dvc6000-controller\/","og_site_name":"Full Solutions","article_modified_time":"2024-02-19T16:12:46+00:00","og_image":[{"width":600,"height":600,"url":"https:\/\/mlhff0prgoxu.i.optimole.com\/cb:s0sM.767\/w:auto\/h:auto\/q:mauto\/f:best\/https:\/\/fullsolutions.info\/wp-content\/uploads\/2024\/02\/fisher-dvc-6000.jpeg","type":"image\/jpeg"}],"twitter_card":"summary_large_image","twitter_misc":{"Est. reading time":"1 minute"},"schema":{"@context":"https:\/\/schema.org","@graph":[{"@type":"WebPage","@id":"https:\/\/fullsolutions.info\/produto\/dvc6000-controller\/","url":"https:\/\/fullsolutions.info\/produto\/dvc6000-controller\/","name":"Controlador DVC6000 - Full Solutions","isPartOf":{"@id":"https:\/\/fullsolutions.info\/#website"},"primaryImageOfPage":{"@id":"https:\/\/fullsolutions.info\/produto\/dvc6000-controller\/#primaryimage"},"image":{"@id":"https:\/\/fullsolutions.info\/produto\/dvc6000-controller\/#primaryimage"},"thumbnailUrl":"https:\/\/mlhff0prgoxu.i.optimole.com\/cb:s0sM.767\/w:auto\/h:auto\/q:mauto\/f:best\/https:\/\/fullsolutions.info\/wp-content\/uploads\/2024\/02\/fisher-dvc-6000.jpeg","datePublished":"2024-02-02T17:03:20+00:00","dateModified":"2024-02-19T16:12:46+00:00","breadcrumb":{"@id":"https:\/\/fullsolutions.info\/produto\/dvc6000-controller\/#breadcrumb"},"inLanguage":"en-US","potentialAction":[{"@type":"ReadAction","target":["https:\/\/fullsolutions.info\/produto\/dvc6000-controller\/"]}]},{"@type":"ImageObject","inLanguage":"en-US","@id":"https:\/\/fullsolutions.info\/produto\/dvc6000-controller\/#primaryimage","url":"https:\/\/mlhff0prgoxu.i.optimole.com\/cb:s0sM.767\/w:auto\/h:auto\/q:mauto\/f:best\/https:\/\/fullsolutions.info\/wp-content\/uploads\/2024\/02\/fisher-dvc-6000.jpeg","contentUrl":"https:\/\/mlhff0prgoxu.i.optimole.com\/cb:s0sM.767\/w:auto\/h:auto\/q:mauto\/f:best\/https:\/\/fullsolutions.info\/wp-content\/uploads\/2024\/02\/fisher-dvc-6000.jpeg","width":600,"height":600},{"@type":"BreadcrumbList","@id":"https:\/\/fullsolutions.info\/produto\/dvc6000-controller\/#breadcrumb","itemListElement":[{"@type":"ListItem","position":1,"name":"In\u00edcio","item":"https:\/\/fullsolutions.info\/"},{"@type":"ListItem","position":2,"name":"Produtos","item":"https:\/\/fullsolutions.info\/shop\/"},{"@type":"ListItem","position":3,"name":"Controlador DVC6000"}]},{"@type":"WebSite","@id":"https:\/\/fullsolutions.info\/#website","url":"https:\/\/fullsolutions.info\/","name":"Full Solutions","description":"Empresa na \u00c1rea de Procurement","publisher":{"@id":"https:\/\/fullsolutions.info\/#organization"},"potentialAction":[{"@type":"SearchAction","target":{"@type":"EntryPoint","urlTemplate":"https:\/\/fullsolutions.info\/?s={search_term_string}"},"query-input":{"@type":"PropertyValueSpecification","valueRequired":true,"valueName":"search_term_string"}}],"inLanguage":"en-US"},{"@type":"Organization","@id":"https:\/\/fullsolutions.info\/#organization","name":"Full Solutions","url":"https:\/\/fullsolutions.info\/","logo":{"@type":"ImageObject","inLanguage":"en-US","@id":"https:\/\/fullsolutions.info\/#\/schema\/logo\/image\/","url":"https:\/\/mlhff0prgoxu.i.optimole.com\/cb:s0sM.767\/w:auto\/h:auto\/q:mauto\/f:best\/https:\/\/fullsolutions.info\/wp-content\/uploads\/2021\/07\/cropped-Design-sem-nome-300x193-1-e1627062664782.png","contentUrl":"https:\/\/mlhff0prgoxu.i.optimole.com\/cb:s0sM.767\/w:auto\/h:auto\/q:mauto\/f:best\/https:\/\/fullsolutions.info\/wp-content\/uploads\/2021\/07\/cropped-Design-sem-nome-300x193-1-e1627062664782.png","width":202,"height":155,"caption":"Full Solutions"},"image":{"@id":"https:\/\/fullsolutions.info\/#\/schema\/logo\/image\/"},"sameAs":["https:\/\/www.linkedin.com\/company\/full-solutions-equipment"]}]}},"_links":{"self":[{"href":"https:\/\/fullsolutions.info\/en\/wp-json\/wp\/v2\/product\/4373","targetHints":{"allow":["GET"]}}],"collection":[{"href":"https:\/\/fullsolutions.info\/en\/wp-json\/wp\/v2\/product"}],"about":[{"href":"https:\/\/fullsolutions.info\/en\/wp-json\/wp\/v2\/types\/product"}],"replies":[{"embeddable":true,"href":"https:\/\/fullsolutions.info\/en\/wp-json\/wp\/v2\/comments?post=4373"}],"wp:featuredmedia":[{"embeddable":true,"href":"https:\/\/fullsolutions.info\/en\/wp-json\/wp\/v2\/media\/4375"}],"wp:attachment":[{"href":"https:\/\/fullsolutions.info\/en\/wp-json\/wp\/v2\/media?parent=4373"}],"wp:term":[{"taxonomy":"product_brand","embeddable":true,"href":"https:\/\/fullsolutions.info\/en\/wp-json\/wp\/v2\/product_brand?post=4373"},{"taxonomy":"product_cat","embeddable":true,"href":"https:\/\/fullsolutions.info\/en\/wp-json\/wp\/v2\/product_cat?post=4373"},{"taxonomy":"product_tag","embeddable":true,"href":"https:\/\/fullsolutions.info\/en\/wp-json\/wp\/v2\/product_tag?post=4373"},{"taxonomy":"marca","embeddable":true,"href":"https:\/\/fullsolutions.info\/en\/wp-json\/wp\/v2\/marca?post=4373"}],"curies":[{"name":"wp","href":"https:\/\/api.w.org\/{rel}","templated":true}]}}