{"id":4370,"date":"2024-02-02T17:02:39","date_gmt":"2024-02-02T17:02:39","guid":{"rendered":"https:\/\/fullsolutionsequip.com\/?post_type=product&#038;p=4370"},"modified":"2024-02-19T16:12:46","modified_gmt":"2024-02-19T16:12:46","slug":"medidores-coriolis-e-densidade-de-fluxo-extremamente-baixo-serie-lf","status":"publish","type":"product","link":"https:\/\/fullsolutions.info\/en\/product\/medidores-coriolis-e-densidade-de-fluxo-extremamente-baixo-serie-lf\/","title":{"rendered":"Meters, Construction and Density of the Flow is Extremely Low, the LF Series"},"content":{"rendered":"<p><strong>Medidores de Fluxo Coriolis S\u00e9rie LF da Micro Motion<\/strong><\/p>\n<p><strong>Maior Precis\u00e3o em um Medidor de Fluxo Miniaturizado<\/strong><\/p>\n<p>O sistema \u00f3ptico patenteado oferece sensibilidade e estabilidade incompar\u00e1veis.<\/p>\n<p>O formato compacto, do tamanho de uma palma, \u00e9 ideal para espa\u00e7os reduzidos.<\/p>\n<p>Plataforma escalon\u00e1vel que resolve desafios nas aplica\u00e7\u00f5es de baixo fluxo mais exigentes.<\/p>\n<p>Tr\u00eas tamanhos dispon\u00edveis, sendo o menor capaz de medir taxas de fluxo t\u00e3o baixas quanto 1 g\/h.<\/p>\n<p>DSP de alta velocidade para precis\u00e3o nas condi\u00e7\u00f5es mais desafiadoras.<\/p>\n<p><strong>Confiabilidade Superior<\/strong><\/p>\n<p>N\u00e3o possui pe\u00e7as m\u00f3veis sujeitas a desgaste ou substitui\u00e7\u00e3o, o que minimiza a manuten\u00e7\u00e3o para uma confiabilidade de longo prazo.<\/p>\n<p>Constru\u00e7\u00e3o robusta para durabilidade em laborat\u00f3rios ou no campo.<\/p>\n<p>Os medidores de Coriolis da S\u00e9rie LF da Micro Motion s\u00e3o os menores dispon\u00edveis e oferecem uma plataforma escalon\u00e1vel para atender \u00e0s necessidades individuais de medi\u00e7\u00e3o de fluxo. Com um tamanho equivalente ao de um organizador de m\u00e3o, esses medidores se encaixam em qualquer espa\u00e7o reduzido para medi\u00e7\u00f5es precisas de fluxo de alta precis\u00e3o e baixo fluxo.<\/p>\n<p><strong>Recursos e Benef\u00edcios:<\/strong><\/p>\n<p><strong>Vantagens da Medi\u00e7\u00e3o de Coriolis:<\/strong><\/p>\n<ul>\n<li>Medi\u00e7\u00e3o direta em linha de fluxo de massa, densidade, concentra\u00e7\u00e3o e volume, al\u00e9m da temperatura, em um \u00fanico dispositivo.<\/li>\n<li>Imune aos efeitos de fluido, processo ou ambientais, proporcionando confian\u00e7a excepcional na medi\u00e7\u00e3o.<\/li>\n<\/ul>\n<p><strong>Plataforma Escalon\u00e1vel:<\/strong><\/p>\n<ul>\n<li>Oferece uma solu\u00e7\u00e3o escalon\u00e1vel para atender a diversas necessidades de medi\u00e7\u00e3o de fluxo.<\/li>\n<li>Aborda desafios nas aplica\u00e7\u00f5es de baixo fluxo mais exigentes.<\/li>\n<\/ul>\n<p><strong>Tamanhos M\u00faltiplos:<\/strong><\/p>\n<ul>\n<li>Tr\u00eas tamanhos dispon\u00edveis, sendo o menor capaz de medir taxas de fluxo t\u00e3o baixas quanto 1 g\/h.<\/li>\n<li>Proporciona flexibilidade na escolha do tamanho apropriado para aplica\u00e7\u00f5es espec\u00edficas.<\/li>\n<\/ul>\n<p><strong>DSP de Alta Velocidade:<\/strong><\/p>\n<ul>\n<li>Utiliza Processamento Digital de Sinal (DSP) de alta velocidade para precis\u00e3o em condi\u00e7\u00f5es operacionais rigorosas.<\/li>\n<li>Aprimora o desempenho em ambientes desafiadores.<\/li>\n<\/ul>\n<p><strong>Aplica\u00e7\u00f5es:<\/strong> Os medidores de Coriolis da S\u00e9rie LF da Micro Motion s\u00e3o projetados para a mais alta precis\u00e3o em medi\u00e7\u00e3o de fluxo miniaturizada. Suas aplica\u00e7\u00f5es incluem:<\/p>\n<ul>\n<li>Pesquisa de catalisadores qu\u00edmicos<\/li>\n<li>Inje\u00e7\u00e3o qu\u00edmica<\/li>\n<li>Sistemas de dosagem<\/li>\n<li>Gases de alta press\u00e3o<\/li>\n<li>Medi\u00e7\u00e3o de fluxo de l\u00edquidos e gases em baixa quantidade<\/li>\n<li>Revestimentos de precis\u00e3o<\/li>\n<li>Controle de bombas dosadoras<\/li>\n<li>Metrologia<\/li>\n<li>Laborat\u00f3rio de P&amp;D<\/li>\n<li>Revestimento a v\u00e1cuo de filmes finos<\/li>\n<\/ul>\n<p><em>Observa\u00e7\u00e3o: Para especifica\u00e7\u00f5es t\u00e9cnicas detalhadas e informa\u00e7\u00f5es espec\u00edficas do produto, \u00e9 recomend\u00e1vel consultar a documenta\u00e7\u00e3o oficial da Micro Motion ou entrar em contato com o fabricante para obter informa\u00e7\u00f5es precisas.<\/em><\/p>","protected":false},"excerpt":{"rendered":"<p>Medidores de Fluxo Coriolis S\u00e9rie LF da Micro Motion Maior Precis\u00e3o em um Medidor de Fluxo Miniaturizado O sistema \u00f3ptico patenteado oferece sensibilidade e estabilidade incompar\u00e1veis. O formato compacto, do tamanho de uma palma, \u00e9 ideal para espa\u00e7os reduzidos. Plataforma escalon\u00e1vel que resolve desafios nas aplica\u00e7\u00f5es de baixo fluxo mais exigentes. Tr\u00eas tamanhos dispon\u00edveis, sendo o menor capaz de medir taxas de fluxo t\u00e3o baixas quanto 1 g\/h. DSP de alta velocidade para precis\u00e3o nas condi\u00e7\u00f5es mais desafiadoras. Confiabilidade Superior N\u00e3o possui pe\u00e7as m\u00f3veis sujeitas a desgaste ou substitui\u00e7\u00e3o, o que minimiza a manuten\u00e7\u00e3o para uma confiabilidade de longo prazo. Constru\u00e7\u00e3o robusta para durabilidade em laborat\u00f3rios ou no campo. Os medidores de Coriolis da S\u00e9rie LF da Micro Motion s\u00e3o os menores dispon\u00edveis e oferecem uma plataforma escalon\u00e1vel para atender \u00e0s necessidades individuais de medi\u00e7\u00e3o de fluxo. Com um tamanho equivalente ao de um organizador de m\u00e3o, esses medidores se encaixam em qualquer espa\u00e7o reduzido para medi\u00e7\u00f5es precisas de fluxo de alta precis\u00e3o e baixo fluxo. Recursos e Benef\u00edcios: Vantagens da Medi\u00e7\u00e3o de Coriolis: Medi\u00e7\u00e3o direta em linha de fluxo de massa, densidade, concentra\u00e7\u00e3o e volume, al\u00e9m da temperatura, em um \u00fanico dispositivo. Imune aos efeitos de fluido, processo ou ambientais, proporcionando confian\u00e7a excepcional na medi\u00e7\u00e3o. Plataforma Escalon\u00e1vel: Oferece uma solu\u00e7\u00e3o escalon\u00e1vel para atender a diversas necessidades de medi\u00e7\u00e3o de fluxo. Aborda desafios nas aplica\u00e7\u00f5es de baixo fluxo mais exigentes. Tamanhos M\u00faltiplos: Tr\u00eas tamanhos dispon\u00edveis, sendo o menor capaz de medir taxas de fluxo t\u00e3o baixas quanto 1 g\/h. Proporciona flexibilidade na escolha do tamanho apropriado para aplica\u00e7\u00f5es espec\u00edficas. DSP de Alta Velocidade: Utiliza Processamento Digital de Sinal (DSP) de alta velocidade para precis\u00e3o em condi\u00e7\u00f5es operacionais rigorosas. Aprimora o desempenho em ambientes desafiadores. Aplica\u00e7\u00f5es: Os medidores de Coriolis da S\u00e9rie LF da Micro Motion s\u00e3o projetados para a mais alta precis\u00e3o em medi\u00e7\u00e3o de fluxo miniaturizada. Suas aplica\u00e7\u00f5es incluem: Pesquisa de catalisadores qu\u00edmicos Inje\u00e7\u00e3o qu\u00edmica Sistemas de dosagem Gases de alta press\u00e3o Medi\u00e7\u00e3o de fluxo de l\u00edquidos e gases em baixa quantidade Revestimentos de precis\u00e3o Controle de bombas dosadoras Metrologia Laborat\u00f3rio de P&amp;D Revestimento a v\u00e1cuo de filmes finos Observa\u00e7\u00e3o: Para especifica\u00e7\u00f5es t\u00e9cnicas detalhadas e informa\u00e7\u00f5es espec\u00edficas do produto, \u00e9 recomend\u00e1vel consultar a documenta\u00e7\u00e3o oficial da Micro Motion ou entrar em contato com o fabricante para obter informa\u00e7\u00f5es precisas.<\/p>","protected":false},"featured_media":4374,"comment_status":"open","ping_status":"closed","template":"","meta":{"_joinchat":[]},"product_brand":[],"product_cat":[146],"product_tag":[],"marca":[148],"class_list":{"0":"post-4370","1":"product","2":"type-product","3":"status-publish","4":"has-post-thumbnail","6":"product_cat-medidores-de-vazao-e-tubos-de-vazao","7":"marca-micro-motion","9":"first","10":"instock","11":"shipping-taxable","12":"purchasable","13":"product-type-simple"},"yoast_head":"<!-- This site is optimized with the Yoast SEO plugin v27.2 - https:\/\/yoast.com\/product\/yoast-seo-wordpress\/ -->\n<title>Medidores Coriolis e Densidade de Fluxo Extremamente Baixo S\u00e9rie LF - Full Solutions<\/title>\n<meta name=\"robots\" content=\"index, follow, max-snippet:-1, max-image-preview:large, max-video-preview:-1\" \/>\n<link rel=\"canonical\" href=\"https:\/\/fullsolutions.info\/en\/product\/medidores-coriolis-e-densidade-de-fluxo-extremamente-baixo-serie-lf\/\" \/>\n<meta property=\"og:locale\" content=\"en_US\" \/>\n<meta property=\"og:type\" content=\"article\" \/>\n<meta property=\"og:title\" content=\"Medidores Coriolis e Densidade de Fluxo Extremamente Baixo S\u00e9rie LF - Full Solutions\" \/>\n<meta property=\"og:description\" content=\"Medidores de Fluxo Coriolis S\u00e9rie LF da Micro Motion Maior Precis\u00e3o em um Medidor de Fluxo Miniaturizado O sistema \u00f3ptico patenteado oferece sensibilidade e estabilidade incompar\u00e1veis. O formato compacto, do tamanho de uma palma, \u00e9 ideal para espa\u00e7os reduzidos. Plataforma escalon\u00e1vel que resolve desafios nas aplica\u00e7\u00f5es de baixo fluxo mais exigentes. Tr\u00eas tamanhos dispon\u00edveis, sendo o menor capaz de medir taxas de fluxo t\u00e3o baixas quanto 1 g\/h. DSP de alta velocidade para precis\u00e3o nas condi\u00e7\u00f5es mais desafiadoras. Confiabilidade Superior N\u00e3o possui pe\u00e7as m\u00f3veis sujeitas a desgaste ou substitui\u00e7\u00e3o, o que minimiza a manuten\u00e7\u00e3o para uma confiabilidade de longo prazo. Constru\u00e7\u00e3o robusta para durabilidade em laborat\u00f3rios ou no campo. Os medidores de Coriolis da S\u00e9rie LF da Micro Motion s\u00e3o os menores dispon\u00edveis e oferecem uma plataforma escalon\u00e1vel para atender \u00e0s necessidades individuais de medi\u00e7\u00e3o de fluxo. Com um tamanho equivalente ao de um organizador de m\u00e3o, esses medidores se encaixam em qualquer espa\u00e7o reduzido para medi\u00e7\u00f5es precisas de fluxo de alta precis\u00e3o e baixo fluxo. Recursos e Benef\u00edcios: Vantagens da Medi\u00e7\u00e3o de Coriolis: Medi\u00e7\u00e3o direta em linha de fluxo de massa, densidade, concentra\u00e7\u00e3o e volume, al\u00e9m da temperatura, em um \u00fanico dispositivo. Imune aos efeitos de fluido, processo ou ambientais, proporcionando confian\u00e7a excepcional na medi\u00e7\u00e3o. Plataforma Escalon\u00e1vel: Oferece uma solu\u00e7\u00e3o escalon\u00e1vel para atender a diversas necessidades de medi\u00e7\u00e3o de fluxo. Aborda desafios nas aplica\u00e7\u00f5es de baixo fluxo mais exigentes. Tamanhos M\u00faltiplos: Tr\u00eas tamanhos dispon\u00edveis, sendo o menor capaz de medir taxas de fluxo t\u00e3o baixas quanto 1 g\/h. Proporciona flexibilidade na escolha do tamanho apropriado para aplica\u00e7\u00f5es espec\u00edficas. DSP de Alta Velocidade: Utiliza Processamento Digital de Sinal (DSP) de alta velocidade para precis\u00e3o em condi\u00e7\u00f5es operacionais rigorosas. Aprimora o desempenho em ambientes desafiadores. Aplica\u00e7\u00f5es: Os medidores de Coriolis da S\u00e9rie LF da Micro Motion s\u00e3o projetados para a mais alta precis\u00e3o em medi\u00e7\u00e3o de fluxo miniaturizada. Suas aplica\u00e7\u00f5es incluem: Pesquisa de catalisadores qu\u00edmicos Inje\u00e7\u00e3o qu\u00edmica Sistemas de dosagem Gases de alta press\u00e3o Medi\u00e7\u00e3o de fluxo de l\u00edquidos e gases em baixa quantidade Revestimentos de precis\u00e3o Controle de bombas dosadoras Metrologia Laborat\u00f3rio de P&amp;D Revestimento a v\u00e1cuo de filmes finos Observa\u00e7\u00e3o: Para especifica\u00e7\u00f5es t\u00e9cnicas detalhadas e informa\u00e7\u00f5es espec\u00edficas do produto, \u00e9 recomend\u00e1vel consultar a documenta\u00e7\u00e3o oficial da Micro Motion ou entrar em contato com o fabricante para obter informa\u00e7\u00f5es precisas.\" \/>\n<meta property=\"og:url\" content=\"https:\/\/fullsolutions.info\/en\/product\/medidores-coriolis-e-densidade-de-fluxo-extremamente-baixo-serie-lf\/\" \/>\n<meta property=\"og:site_name\" content=\"Full Solutions\" \/>\n<meta property=\"article:modified_time\" content=\"2024-02-19T16:12:46+00:00\" \/>\n<meta property=\"og:image\" content=\"https:\/\/mlhff0prgoxu.i.optimole.com\/cb:s0sM.767\/w:auto\/h:auto\/q:mauto\/f:best\/https:\/\/fullsolutions.info\/wp-content\/uploads\/2024\/02\/LF-Series-Extreme-Low-Flow-Coriolis-and-Density-Meters.jpg\" \/>\n\t<meta property=\"og:image:width\" content=\"339\" \/>\n\t<meta property=\"og:image:height\" content=\"378\" \/>\n\t<meta property=\"og:image:type\" content=\"image\/jpeg\" \/>\n<meta name=\"twitter:card\" content=\"summary_large_image\" \/>\n<meta name=\"twitter:label1\" content=\"Est. reading time\" \/>\n\t<meta name=\"twitter:data1\" content=\"2 minutes\" \/>\n<script type=\"application\/ld+json\" class=\"yoast-schema-graph\">{\"@context\":\"https:\/\/schema.org\",\"@graph\":[{\"@type\":\"WebPage\",\"@id\":\"https:\/\/fullsolutions.info\/produto\/medidores-coriolis-e-densidade-de-fluxo-extremamente-baixo-serie-lf\/\",\"url\":\"https:\/\/fullsolutions.info\/produto\/medidores-coriolis-e-densidade-de-fluxo-extremamente-baixo-serie-lf\/\",\"name\":\"Medidores Coriolis e Densidade de Fluxo Extremamente Baixo S\u00e9rie LF - Full Solutions\",\"isPartOf\":{\"@id\":\"https:\/\/fullsolutions.info\/#website\"},\"primaryImageOfPage\":{\"@id\":\"https:\/\/fullsolutions.info\/produto\/medidores-coriolis-e-densidade-de-fluxo-extremamente-baixo-serie-lf\/#primaryimage\"},\"image\":{\"@id\":\"https:\/\/fullsolutions.info\/produto\/medidores-coriolis-e-densidade-de-fluxo-extremamente-baixo-serie-lf\/#primaryimage\"},\"thumbnailUrl\":\"https:\/\/mlhff0prgoxu.i.optimole.com\/cb:s0sM.767\/w:auto\/h:auto\/q:mauto\/f:best\/https:\/\/fullsolutions.info\/wp-content\/uploads\/2024\/02\/LF-Series-Extreme-Low-Flow-Coriolis-and-Density-Meters.jpg\",\"datePublished\":\"2024-02-02T17:02:39+00:00\",\"dateModified\":\"2024-02-19T16:12:46+00:00\",\"breadcrumb\":{\"@id\":\"https:\/\/fullsolutions.info\/produto\/medidores-coriolis-e-densidade-de-fluxo-extremamente-baixo-serie-lf\/#breadcrumb\"},\"inLanguage\":\"en-US\",\"potentialAction\":[{\"@type\":\"ReadAction\",\"target\":[\"https:\/\/fullsolutions.info\/produto\/medidores-coriolis-e-densidade-de-fluxo-extremamente-baixo-serie-lf\/\"]}]},{\"@type\":\"ImageObject\",\"inLanguage\":\"en-US\",\"@id\":\"https:\/\/fullsolutions.info\/produto\/medidores-coriolis-e-densidade-de-fluxo-extremamente-baixo-serie-lf\/#primaryimage\",\"url\":\"https:\/\/mlhff0prgoxu.i.optimole.com\/cb:s0sM.767\/w:auto\/h:auto\/q:mauto\/f:best\/https:\/\/fullsolutions.info\/wp-content\/uploads\/2024\/02\/LF-Series-Extreme-Low-Flow-Coriolis-and-Density-Meters.jpg\",\"contentUrl\":\"https:\/\/mlhff0prgoxu.i.optimole.com\/cb:s0sM.767\/w:auto\/h:auto\/q:mauto\/f:best\/https:\/\/fullsolutions.info\/wp-content\/uploads\/2024\/02\/LF-Series-Extreme-Low-Flow-Coriolis-and-Density-Meters.jpg\",\"width\":339,\"height\":378},{\"@type\":\"BreadcrumbList\",\"@id\":\"https:\/\/fullsolutions.info\/produto\/medidores-coriolis-e-densidade-de-fluxo-extremamente-baixo-serie-lf\/#breadcrumb\",\"itemListElement\":[{\"@type\":\"ListItem\",\"position\":1,\"name\":\"In\u00edcio\",\"item\":\"https:\/\/fullsolutions.info\/\"},{\"@type\":\"ListItem\",\"position\":2,\"name\":\"Produtos\",\"item\":\"https:\/\/fullsolutions.info\/shop\/\"},{\"@type\":\"ListItem\",\"position\":3,\"name\":\"Medidores Coriolis e Densidade de Fluxo Extremamente Baixo S\u00e9rie LF\"}]},{\"@type\":\"WebSite\",\"@id\":\"https:\/\/fullsolutions.info\/#website\",\"url\":\"https:\/\/fullsolutions.info\/\",\"name\":\"Full Solutions\",\"description\":\"Empresa na \u00c1rea de Procurement\",\"publisher\":{\"@id\":\"https:\/\/fullsolutions.info\/#organization\"},\"potentialAction\":[{\"@type\":\"SearchAction\",\"target\":{\"@type\":\"EntryPoint\",\"urlTemplate\":\"https:\/\/fullsolutions.info\/?s={search_term_string}\"},\"query-input\":{\"@type\":\"PropertyValueSpecification\",\"valueRequired\":true,\"valueName\":\"search_term_string\"}}],\"inLanguage\":\"en-US\"},{\"@type\":\"Organization\",\"@id\":\"https:\/\/fullsolutions.info\/#organization\",\"name\":\"Full Solutions\",\"url\":\"https:\/\/fullsolutions.info\/\",\"logo\":{\"@type\":\"ImageObject\",\"inLanguage\":\"en-US\",\"@id\":\"https:\/\/fullsolutions.info\/#\/schema\/logo\/image\/\",\"url\":\"https:\/\/mlhff0prgoxu.i.optimole.com\/cb:s0sM.767\/w:auto\/h:auto\/q:mauto\/f:best\/https:\/\/fullsolutions.info\/wp-content\/uploads\/2021\/07\/cropped-Design-sem-nome-300x193-1-e1627062664782.png\",\"contentUrl\":\"https:\/\/mlhff0prgoxu.i.optimole.com\/cb:s0sM.767\/w:auto\/h:auto\/q:mauto\/f:best\/https:\/\/fullsolutions.info\/wp-content\/uploads\/2021\/07\/cropped-Design-sem-nome-300x193-1-e1627062664782.png\",\"width\":202,\"height\":155,\"caption\":\"Full Solutions\"},\"image\":{\"@id\":\"https:\/\/fullsolutions.info\/#\/schema\/logo\/image\/\"},\"sameAs\":[\"https:\/\/www.linkedin.com\/company\/full-solutions-equipment\"]}]}<\/script>\n<!-- \/ Yoast SEO plugin. -->","yoast_head_json":{"title":"Medidores Coriolis e Densidade de Fluxo Extremamente Baixo S\u00e9rie LF - Full Solutions","robots":{"index":"index","follow":"follow","max-snippet":"max-snippet:-1","max-image-preview":"max-image-preview:large","max-video-preview":"max-video-preview:-1"},"canonical":"https:\/\/fullsolutions.info\/en\/product\/medidores-coriolis-e-densidade-de-fluxo-extremamente-baixo-serie-lf\/","og_locale":"en_US","og_type":"article","og_title":"Medidores Coriolis e Densidade de Fluxo Extremamente Baixo S\u00e9rie LF - Full Solutions","og_description":"Medidores de Fluxo Coriolis S\u00e9rie LF da Micro Motion Maior Precis\u00e3o em um Medidor de Fluxo Miniaturizado O sistema \u00f3ptico patenteado oferece sensibilidade e estabilidade incompar\u00e1veis. O formato compacto, do tamanho de uma palma, \u00e9 ideal para espa\u00e7os reduzidos. Plataforma escalon\u00e1vel que resolve desafios nas aplica\u00e7\u00f5es de baixo fluxo mais exigentes. Tr\u00eas tamanhos dispon\u00edveis, sendo o menor capaz de medir taxas de fluxo t\u00e3o baixas quanto 1 g\/h. DSP de alta velocidade para precis\u00e3o nas condi\u00e7\u00f5es mais desafiadoras. Confiabilidade Superior N\u00e3o possui pe\u00e7as m\u00f3veis sujeitas a desgaste ou substitui\u00e7\u00e3o, o que minimiza a manuten\u00e7\u00e3o para uma confiabilidade de longo prazo. Constru\u00e7\u00e3o robusta para durabilidade em laborat\u00f3rios ou no campo. Os medidores de Coriolis da S\u00e9rie LF da Micro Motion s\u00e3o os menores dispon\u00edveis e oferecem uma plataforma escalon\u00e1vel para atender \u00e0s necessidades individuais de medi\u00e7\u00e3o de fluxo. Com um tamanho equivalente ao de um organizador de m\u00e3o, esses medidores se encaixam em qualquer espa\u00e7o reduzido para medi\u00e7\u00f5es precisas de fluxo de alta precis\u00e3o e baixo fluxo. Recursos e Benef\u00edcios: Vantagens da Medi\u00e7\u00e3o de Coriolis: Medi\u00e7\u00e3o direta em linha de fluxo de massa, densidade, concentra\u00e7\u00e3o e volume, al\u00e9m da temperatura, em um \u00fanico dispositivo. Imune aos efeitos de fluido, processo ou ambientais, proporcionando confian\u00e7a excepcional na medi\u00e7\u00e3o. Plataforma Escalon\u00e1vel: Oferece uma solu\u00e7\u00e3o escalon\u00e1vel para atender a diversas necessidades de medi\u00e7\u00e3o de fluxo. Aborda desafios nas aplica\u00e7\u00f5es de baixo fluxo mais exigentes. Tamanhos M\u00faltiplos: Tr\u00eas tamanhos dispon\u00edveis, sendo o menor capaz de medir taxas de fluxo t\u00e3o baixas quanto 1 g\/h. Proporciona flexibilidade na escolha do tamanho apropriado para aplica\u00e7\u00f5es espec\u00edficas. DSP de Alta Velocidade: Utiliza Processamento Digital de Sinal (DSP) de alta velocidade para precis\u00e3o em condi\u00e7\u00f5es operacionais rigorosas. Aprimora o desempenho em ambientes desafiadores. Aplica\u00e7\u00f5es: Os medidores de Coriolis da S\u00e9rie LF da Micro Motion s\u00e3o projetados para a mais alta precis\u00e3o em medi\u00e7\u00e3o de fluxo miniaturizada. Suas aplica\u00e7\u00f5es incluem: Pesquisa de catalisadores qu\u00edmicos Inje\u00e7\u00e3o qu\u00edmica Sistemas de dosagem Gases de alta press\u00e3o Medi\u00e7\u00e3o de fluxo de l\u00edquidos e gases em baixa quantidade Revestimentos de precis\u00e3o Controle de bombas dosadoras Metrologia Laborat\u00f3rio de P&amp;D Revestimento a v\u00e1cuo de filmes finos Observa\u00e7\u00e3o: Para especifica\u00e7\u00f5es t\u00e9cnicas detalhadas e informa\u00e7\u00f5es espec\u00edficas do produto, \u00e9 recomend\u00e1vel consultar a documenta\u00e7\u00e3o oficial da Micro Motion ou entrar em contato com o fabricante para obter informa\u00e7\u00f5es precisas.","og_url":"https:\/\/fullsolutions.info\/en\/product\/medidores-coriolis-e-densidade-de-fluxo-extremamente-baixo-serie-lf\/","og_site_name":"Full Solutions","article_modified_time":"2024-02-19T16:12:46+00:00","og_image":[{"width":339,"height":378,"url":"https:\/\/mlhff0prgoxu.i.optimole.com\/cb:s0sM.767\/w:auto\/h:auto\/q:mauto\/f:best\/https:\/\/fullsolutions.info\/wp-content\/uploads\/2024\/02\/LF-Series-Extreme-Low-Flow-Coriolis-and-Density-Meters.jpg","type":"image\/jpeg"}],"twitter_card":"summary_large_image","twitter_misc":{"Est. reading time":"2 minutes"},"schema":{"@context":"https:\/\/schema.org","@graph":[{"@type":"WebPage","@id":"https:\/\/fullsolutions.info\/produto\/medidores-coriolis-e-densidade-de-fluxo-extremamente-baixo-serie-lf\/","url":"https:\/\/fullsolutions.info\/produto\/medidores-coriolis-e-densidade-de-fluxo-extremamente-baixo-serie-lf\/","name":"Medidores Coriolis e Densidade de Fluxo Extremamente Baixo S\u00e9rie LF - Full Solutions","isPartOf":{"@id":"https:\/\/fullsolutions.info\/#website"},"primaryImageOfPage":{"@id":"https:\/\/fullsolutions.info\/produto\/medidores-coriolis-e-densidade-de-fluxo-extremamente-baixo-serie-lf\/#primaryimage"},"image":{"@id":"https:\/\/fullsolutions.info\/produto\/medidores-coriolis-e-densidade-de-fluxo-extremamente-baixo-serie-lf\/#primaryimage"},"thumbnailUrl":"https:\/\/mlhff0prgoxu.i.optimole.com\/cb:s0sM.767\/w:auto\/h:auto\/q:mauto\/f:best\/https:\/\/fullsolutions.info\/wp-content\/uploads\/2024\/02\/LF-Series-Extreme-Low-Flow-Coriolis-and-Density-Meters.jpg","datePublished":"2024-02-02T17:02:39+00:00","dateModified":"2024-02-19T16:12:46+00:00","breadcrumb":{"@id":"https:\/\/fullsolutions.info\/produto\/medidores-coriolis-e-densidade-de-fluxo-extremamente-baixo-serie-lf\/#breadcrumb"},"inLanguage":"en-US","potentialAction":[{"@type":"ReadAction","target":["https:\/\/fullsolutions.info\/produto\/medidores-coriolis-e-densidade-de-fluxo-extremamente-baixo-serie-lf\/"]}]},{"@type":"ImageObject","inLanguage":"en-US","@id":"https:\/\/fullsolutions.info\/produto\/medidores-coriolis-e-densidade-de-fluxo-extremamente-baixo-serie-lf\/#primaryimage","url":"https:\/\/mlhff0prgoxu.i.optimole.com\/cb:s0sM.767\/w:auto\/h:auto\/q:mauto\/f:best\/https:\/\/fullsolutions.info\/wp-content\/uploads\/2024\/02\/LF-Series-Extreme-Low-Flow-Coriolis-and-Density-Meters.jpg","contentUrl":"https:\/\/mlhff0prgoxu.i.optimole.com\/cb:s0sM.767\/w:auto\/h:auto\/q:mauto\/f:best\/https:\/\/fullsolutions.info\/wp-content\/uploads\/2024\/02\/LF-Series-Extreme-Low-Flow-Coriolis-and-Density-Meters.jpg","width":339,"height":378},{"@type":"BreadcrumbList","@id":"https:\/\/fullsolutions.info\/produto\/medidores-coriolis-e-densidade-de-fluxo-extremamente-baixo-serie-lf\/#breadcrumb","itemListElement":[{"@type":"ListItem","position":1,"name":"In\u00edcio","item":"https:\/\/fullsolutions.info\/"},{"@type":"ListItem","position":2,"name":"Produtos","item":"https:\/\/fullsolutions.info\/shop\/"},{"@type":"ListItem","position":3,"name":"Medidores Coriolis e Densidade de Fluxo Extremamente Baixo S\u00e9rie LF"}]},{"@type":"WebSite","@id":"https:\/\/fullsolutions.info\/#website","url":"https:\/\/fullsolutions.info\/","name":"Full Solutions","description":"Empresa na \u00c1rea de Procurement","publisher":{"@id":"https:\/\/fullsolutions.info\/#organization"},"potentialAction":[{"@type":"SearchAction","target":{"@type":"EntryPoint","urlTemplate":"https:\/\/fullsolutions.info\/?s={search_term_string}"},"query-input":{"@type":"PropertyValueSpecification","valueRequired":true,"valueName":"search_term_string"}}],"inLanguage":"en-US"},{"@type":"Organization","@id":"https:\/\/fullsolutions.info\/#organization","name":"Full Solutions","url":"https:\/\/fullsolutions.info\/","logo":{"@type":"ImageObject","inLanguage":"en-US","@id":"https:\/\/fullsolutions.info\/#\/schema\/logo\/image\/","url":"https:\/\/mlhff0prgoxu.i.optimole.com\/cb:s0sM.767\/w:auto\/h:auto\/q:mauto\/f:best\/https:\/\/fullsolutions.info\/wp-content\/uploads\/2021\/07\/cropped-Design-sem-nome-300x193-1-e1627062664782.png","contentUrl":"https:\/\/mlhff0prgoxu.i.optimole.com\/cb:s0sM.767\/w:auto\/h:auto\/q:mauto\/f:best\/https:\/\/fullsolutions.info\/wp-content\/uploads\/2021\/07\/cropped-Design-sem-nome-300x193-1-e1627062664782.png","width":202,"height":155,"caption":"Full Solutions"},"image":{"@id":"https:\/\/fullsolutions.info\/#\/schema\/logo\/image\/"},"sameAs":["https:\/\/www.linkedin.com\/company\/full-solutions-equipment"]}]}},"_links":{"self":[{"href":"https:\/\/fullsolutions.info\/en\/wp-json\/wp\/v2\/product\/4370","targetHints":{"allow":["GET"]}}],"collection":[{"href":"https:\/\/fullsolutions.info\/en\/wp-json\/wp\/v2\/product"}],"about":[{"href":"https:\/\/fullsolutions.info\/en\/wp-json\/wp\/v2\/types\/product"}],"replies":[{"embeddable":true,"href":"https:\/\/fullsolutions.info\/en\/wp-json\/wp\/v2\/comments?post=4370"}],"wp:featuredmedia":[{"embeddable":true,"href":"https:\/\/fullsolutions.info\/en\/wp-json\/wp\/v2\/media\/4374"}],"wp:attachment":[{"href":"https:\/\/fullsolutions.info\/en\/wp-json\/wp\/v2\/media?parent=4370"}],"wp:term":[{"taxonomy":"product_brand","embeddable":true,"href":"https:\/\/fullsolutions.info\/en\/wp-json\/wp\/v2\/product_brand?post=4370"},{"taxonomy":"product_cat","embeddable":true,"href":"https:\/\/fullsolutions.info\/en\/wp-json\/wp\/v2\/product_cat?post=4370"},{"taxonomy":"product_tag","embeddable":true,"href":"https:\/\/fullsolutions.info\/en\/wp-json\/wp\/v2\/product_tag?post=4370"},{"taxonomy":"marca","embeddable":true,"href":"https:\/\/fullsolutions.info\/en\/wp-json\/wp\/v2\/marca?post=4370"}],"curies":[{"name":"wp","href":"https:\/\/api.w.org\/{rel}","templated":true}]}}