{"id":4364,"date":"2024-02-02T16:46:35","date_gmt":"2024-02-02T16:46:35","guid":{"rendered":"https:\/\/fullsolutionsequip.com\/?post_type=product&#038;p=4364"},"modified":"2024-02-19T16:12:46","modified_gmt":"2024-02-19T16:12:46","slug":"4150-controller","status":"publish","type":"product","link":"https:\/\/fullsolutions.info\/en\/product\/4150-controller\/","title":{"rendered":"4150 Controller"},"content":{"rendered":"<p>Os Controladores Pneum\u00e1ticos da S\u00e9rie 4150\/4160 recebem um sinal mec\u00e2nico de um elemento de fole montado integralmente ou de um tubo Bourdon, comparam-no com um ponto de ajuste e produzem um sinal de sa\u00edda pneum\u00e1tico.<\/p>\n<p>Especifica\u00e7\u00f5es:<\/p>\n<p>Entrada<\/p>\n<p>Elementos de fole: 0-30 in Hg VAC, 0-60 in H2O, 0-5 psig, 0-10 psig, 0-15 psig, 0-30 psig<br \/>\nTubos Bourdon: 0-30 in Hg VAC, 0-60 psig, 0-100 psig, 0-200 psig, 0-300 psig, 0-600 psig<br \/>\nMateriais<\/p>\n<p>Caixa: Tampa de Alum\u00ednio Fundido sob Press\u00e3o<br \/>\nElementos de fole: Lat\u00e3o ou 316 SS<br \/>\nTubos Bourdon: Lat\u00e3o, A\u00e7o ou 316 SS<br \/>\nModos<\/p>\n<p>Proporcional<br \/>\nA\u00e7\u00f5es<\/p>\n<p>Direta<br \/>\nReversa<br \/>\nComut\u00e1vel em campo<\/p>","protected":false},"excerpt":{"rendered":"<p>Os Controladores Pneum\u00e1ticos da S\u00e9rie 4150\/4160 recebem um sinal mec\u00e2nico de um elemento de fole montado integralmente ou de um tubo Bourdon, comparam-no com um ponto de ajuste e produzem um sinal de sa\u00edda pneum\u00e1tico. Especifica\u00e7\u00f5es: Entrada Elementos de fole: 0-30 in Hg VAC, 0-60 in H2O, 0-5 psig, 0-10 psig, 0-15 psig, 0-30 psig Tubos Bourdon: 0-30 in Hg VAC, 0-60 psig, 0-100 psig, 0-200 psig, 0-300 psig, 0-600 psig Materiais Caixa: Tampa de Alum\u00ednio Fundido sob Press\u00e3o Elementos de fole: Lat\u00e3o ou 316 SS Tubos Bourdon: Lat\u00e3o, A\u00e7o ou 316 SS Modos Proporcional A\u00e7\u00f5es Direta Reversa Comut\u00e1vel em campo<\/p>","protected":false},"featured_media":4366,"comment_status":"open","ping_status":"closed","template":"","meta":{"_joinchat":[]},"product_brand":[],"product_cat":[149],"product_tag":[],"marca":[150],"class_list":{"0":"post-4364","1":"product","2":"type-product","3":"status-publish","4":"has-post-thumbnail","6":"product_cat-controladores-e-posicionadores","7":"marca-fisher","9":"first","10":"instock","11":"shipping-taxable","12":"purchasable","13":"product-type-simple"},"yoast_head":"<!-- This site is optimized with the Yoast SEO plugin v27.2 - https:\/\/yoast.com\/product\/yoast-seo-wordpress\/ -->\n<title>4150 Controller - Full Solutions<\/title>\n<meta name=\"robots\" content=\"index, follow, max-snippet:-1, max-image-preview:large, max-video-preview:-1\" \/>\n<link rel=\"canonical\" href=\"https:\/\/fullsolutions.info\/en\/product\/4150-controller\/\" \/>\n<meta property=\"og:locale\" content=\"en_US\" \/>\n<meta property=\"og:type\" content=\"article\" \/>\n<meta property=\"og:title\" content=\"4150 Controller - Full Solutions\" \/>\n<meta property=\"og:description\" content=\"Os Controladores Pneum\u00e1ticos da S\u00e9rie 4150\/4160 recebem um sinal mec\u00e2nico de um elemento de fole montado integralmente ou de um tubo Bourdon, comparam-no com um ponto de ajuste e produzem um sinal de sa\u00edda pneum\u00e1tico. Especifica\u00e7\u00f5es: Entrada Elementos de fole: 0-30 in Hg VAC, 0-60 in H2O, 0-5 psig, 0-10 psig, 0-15 psig, 0-30 psig Tubos Bourdon: 0-30 in Hg VAC, 0-60 psig, 0-100 psig, 0-200 psig, 0-300 psig, 0-600 psig Materiais Caixa: Tampa de Alum\u00ednio Fundido sob Press\u00e3o Elementos de fole: Lat\u00e3o ou 316 SS Tubos Bourdon: Lat\u00e3o, A\u00e7o ou 316 SS Modos Proporcional A\u00e7\u00f5es Direta Reversa Comut\u00e1vel em campo\" \/>\n<meta property=\"og:url\" content=\"https:\/\/fullsolutions.info\/en\/product\/4150-controller\/\" \/>\n<meta property=\"og:site_name\" content=\"Full Solutions\" \/>\n<meta property=\"article:modified_time\" content=\"2024-02-19T16:12:46+00:00\" \/>\n<meta property=\"og:image\" content=\"https:\/\/mlhff0prgoxu.i.optimole.com\/cb:s0sM.767\/w:auto\/h:auto\/q:mauto\/f:best\/https:\/\/fullsolutions.info\/wp-content\/uploads\/2024\/02\/fisher-4150_4160-series-controller.jpeg\" \/>\n\t<meta property=\"og:image:width\" content=\"600\" \/>\n\t<meta property=\"og:image:height\" content=\"600\" \/>\n\t<meta property=\"og:image:type\" content=\"image\/jpeg\" \/>\n<meta name=\"twitter:card\" content=\"summary_large_image\" \/>\n<meta name=\"twitter:label1\" content=\"Est. reading time\" \/>\n\t<meta name=\"twitter:data1\" content=\"1 minute\" \/>\n<script type=\"application\/ld+json\" class=\"yoast-schema-graph\">{\"@context\":\"https:\/\/schema.org\",\"@graph\":[{\"@type\":\"WebPage\",\"@id\":\"https:\/\/fullsolutions.info\/produto\/4150-controller\/\",\"url\":\"https:\/\/fullsolutions.info\/produto\/4150-controller\/\",\"name\":\"4150 Controller - Full Solutions\",\"isPartOf\":{\"@id\":\"https:\/\/fullsolutions.info\/#website\"},\"primaryImageOfPage\":{\"@id\":\"https:\/\/fullsolutions.info\/produto\/4150-controller\/#primaryimage\"},\"image\":{\"@id\":\"https:\/\/fullsolutions.info\/produto\/4150-controller\/#primaryimage\"},\"thumbnailUrl\":\"https:\/\/mlhff0prgoxu.i.optimole.com\/cb:s0sM.767\/w:auto\/h:auto\/q:mauto\/f:best\/https:\/\/fullsolutions.info\/wp-content\/uploads\/2024\/02\/fisher-4150_4160-series-controller.jpeg\",\"datePublished\":\"2024-02-02T16:46:35+00:00\",\"dateModified\":\"2024-02-19T16:12:46+00:00\",\"breadcrumb\":{\"@id\":\"https:\/\/fullsolutions.info\/produto\/4150-controller\/#breadcrumb\"},\"inLanguage\":\"en-US\",\"potentialAction\":[{\"@type\":\"ReadAction\",\"target\":[\"https:\/\/fullsolutions.info\/produto\/4150-controller\/\"]}]},{\"@type\":\"ImageObject\",\"inLanguage\":\"en-US\",\"@id\":\"https:\/\/fullsolutions.info\/produto\/4150-controller\/#primaryimage\",\"url\":\"https:\/\/mlhff0prgoxu.i.optimole.com\/cb:s0sM.767\/w:auto\/h:auto\/q:mauto\/f:best\/https:\/\/fullsolutions.info\/wp-content\/uploads\/2024\/02\/fisher-4150_4160-series-controller.jpeg\",\"contentUrl\":\"https:\/\/mlhff0prgoxu.i.optimole.com\/cb:s0sM.767\/w:auto\/h:auto\/q:mauto\/f:best\/https:\/\/fullsolutions.info\/wp-content\/uploads\/2024\/02\/fisher-4150_4160-series-controller.jpeg\",\"width\":600,\"height\":600},{\"@type\":\"BreadcrumbList\",\"@id\":\"https:\/\/fullsolutions.info\/produto\/4150-controller\/#breadcrumb\",\"itemListElement\":[{\"@type\":\"ListItem\",\"position\":1,\"name\":\"In\u00edcio\",\"item\":\"https:\/\/fullsolutions.info\/\"},{\"@type\":\"ListItem\",\"position\":2,\"name\":\"Produtos\",\"item\":\"https:\/\/fullsolutions.info\/shop\/\"},{\"@type\":\"ListItem\",\"position\":3,\"name\":\"4150 Controller\"}]},{\"@type\":\"WebSite\",\"@id\":\"https:\/\/fullsolutions.info\/#website\",\"url\":\"https:\/\/fullsolutions.info\/\",\"name\":\"Full Solutions\",\"description\":\"Empresa na \u00c1rea de Procurement\",\"publisher\":{\"@id\":\"https:\/\/fullsolutions.info\/#organization\"},\"potentialAction\":[{\"@type\":\"SearchAction\",\"target\":{\"@type\":\"EntryPoint\",\"urlTemplate\":\"https:\/\/fullsolutions.info\/?s={search_term_string}\"},\"query-input\":{\"@type\":\"PropertyValueSpecification\",\"valueRequired\":true,\"valueName\":\"search_term_string\"}}],\"inLanguage\":\"en-US\"},{\"@type\":\"Organization\",\"@id\":\"https:\/\/fullsolutions.info\/#organization\",\"name\":\"Full Solutions\",\"url\":\"https:\/\/fullsolutions.info\/\",\"logo\":{\"@type\":\"ImageObject\",\"inLanguage\":\"en-US\",\"@id\":\"https:\/\/fullsolutions.info\/#\/schema\/logo\/image\/\",\"url\":\"https:\/\/mlhff0prgoxu.i.optimole.com\/cb:s0sM.767\/w:auto\/h:auto\/q:mauto\/f:best\/https:\/\/fullsolutions.info\/wp-content\/uploads\/2021\/07\/cropped-Design-sem-nome-300x193-1-e1627062664782.png\",\"contentUrl\":\"https:\/\/mlhff0prgoxu.i.optimole.com\/cb:s0sM.767\/w:auto\/h:auto\/q:mauto\/f:best\/https:\/\/fullsolutions.info\/wp-content\/uploads\/2021\/07\/cropped-Design-sem-nome-300x193-1-e1627062664782.png\",\"width\":202,\"height\":155,\"caption\":\"Full Solutions\"},\"image\":{\"@id\":\"https:\/\/fullsolutions.info\/#\/schema\/logo\/image\/\"},\"sameAs\":[\"https:\/\/www.linkedin.com\/company\/full-solutions-equipment\"]}]}<\/script>\n<!-- \/ Yoast SEO plugin. -->","yoast_head_json":{"title":"4150 Controller - Full Solutions","robots":{"index":"index","follow":"follow","max-snippet":"max-snippet:-1","max-image-preview":"max-image-preview:large","max-video-preview":"max-video-preview:-1"},"canonical":"https:\/\/fullsolutions.info\/en\/product\/4150-controller\/","og_locale":"en_US","og_type":"article","og_title":"4150 Controller - Full Solutions","og_description":"Os Controladores Pneum\u00e1ticos da S\u00e9rie 4150\/4160 recebem um sinal mec\u00e2nico de um elemento de fole montado integralmente ou de um tubo Bourdon, comparam-no com um ponto de ajuste e produzem um sinal de sa\u00edda pneum\u00e1tico. Especifica\u00e7\u00f5es: Entrada Elementos de fole: 0-30 in Hg VAC, 0-60 in H2O, 0-5 psig, 0-10 psig, 0-15 psig, 0-30 psig Tubos Bourdon: 0-30 in Hg VAC, 0-60 psig, 0-100 psig, 0-200 psig, 0-300 psig, 0-600 psig Materiais Caixa: Tampa de Alum\u00ednio Fundido sob Press\u00e3o Elementos de fole: Lat\u00e3o ou 316 SS Tubos Bourdon: Lat\u00e3o, A\u00e7o ou 316 SS Modos Proporcional A\u00e7\u00f5es Direta Reversa Comut\u00e1vel em campo","og_url":"https:\/\/fullsolutions.info\/en\/product\/4150-controller\/","og_site_name":"Full Solutions","article_modified_time":"2024-02-19T16:12:46+00:00","og_image":[{"width":600,"height":600,"url":"https:\/\/mlhff0prgoxu.i.optimole.com\/cb:s0sM.767\/w:auto\/h:auto\/q:mauto\/f:best\/https:\/\/fullsolutions.info\/wp-content\/uploads\/2024\/02\/fisher-4150_4160-series-controller.jpeg","type":"image\/jpeg"}],"twitter_card":"summary_large_image","twitter_misc":{"Est. reading time":"1 minute"},"schema":{"@context":"https:\/\/schema.org","@graph":[{"@type":"WebPage","@id":"https:\/\/fullsolutions.info\/produto\/4150-controller\/","url":"https:\/\/fullsolutions.info\/produto\/4150-controller\/","name":"4150 Controller - Full Solutions","isPartOf":{"@id":"https:\/\/fullsolutions.info\/#website"},"primaryImageOfPage":{"@id":"https:\/\/fullsolutions.info\/produto\/4150-controller\/#primaryimage"},"image":{"@id":"https:\/\/fullsolutions.info\/produto\/4150-controller\/#primaryimage"},"thumbnailUrl":"https:\/\/mlhff0prgoxu.i.optimole.com\/cb:s0sM.767\/w:auto\/h:auto\/q:mauto\/f:best\/https:\/\/fullsolutions.info\/wp-content\/uploads\/2024\/02\/fisher-4150_4160-series-controller.jpeg","datePublished":"2024-02-02T16:46:35+00:00","dateModified":"2024-02-19T16:12:46+00:00","breadcrumb":{"@id":"https:\/\/fullsolutions.info\/produto\/4150-controller\/#breadcrumb"},"inLanguage":"en-US","potentialAction":[{"@type":"ReadAction","target":["https:\/\/fullsolutions.info\/produto\/4150-controller\/"]}]},{"@type":"ImageObject","inLanguage":"en-US","@id":"https:\/\/fullsolutions.info\/produto\/4150-controller\/#primaryimage","url":"https:\/\/mlhff0prgoxu.i.optimole.com\/cb:s0sM.767\/w:auto\/h:auto\/q:mauto\/f:best\/https:\/\/fullsolutions.info\/wp-content\/uploads\/2024\/02\/fisher-4150_4160-series-controller.jpeg","contentUrl":"https:\/\/mlhff0prgoxu.i.optimole.com\/cb:s0sM.767\/w:auto\/h:auto\/q:mauto\/f:best\/https:\/\/fullsolutions.info\/wp-content\/uploads\/2024\/02\/fisher-4150_4160-series-controller.jpeg","width":600,"height":600},{"@type":"BreadcrumbList","@id":"https:\/\/fullsolutions.info\/produto\/4150-controller\/#breadcrumb","itemListElement":[{"@type":"ListItem","position":1,"name":"In\u00edcio","item":"https:\/\/fullsolutions.info\/"},{"@type":"ListItem","position":2,"name":"Produtos","item":"https:\/\/fullsolutions.info\/shop\/"},{"@type":"ListItem","position":3,"name":"4150 Controller"}]},{"@type":"WebSite","@id":"https:\/\/fullsolutions.info\/#website","url":"https:\/\/fullsolutions.info\/","name":"Full Solutions","description":"Empresa na \u00c1rea de Procurement","publisher":{"@id":"https:\/\/fullsolutions.info\/#organization"},"potentialAction":[{"@type":"SearchAction","target":{"@type":"EntryPoint","urlTemplate":"https:\/\/fullsolutions.info\/?s={search_term_string}"},"query-input":{"@type":"PropertyValueSpecification","valueRequired":true,"valueName":"search_term_string"}}],"inLanguage":"en-US"},{"@type":"Organization","@id":"https:\/\/fullsolutions.info\/#organization","name":"Full Solutions","url":"https:\/\/fullsolutions.info\/","logo":{"@type":"ImageObject","inLanguage":"en-US","@id":"https:\/\/fullsolutions.info\/#\/schema\/logo\/image\/","url":"https:\/\/mlhff0prgoxu.i.optimole.com\/cb:s0sM.767\/w:auto\/h:auto\/q:mauto\/f:best\/https:\/\/fullsolutions.info\/wp-content\/uploads\/2021\/07\/cropped-Design-sem-nome-300x193-1-e1627062664782.png","contentUrl":"https:\/\/mlhff0prgoxu.i.optimole.com\/cb:s0sM.767\/w:auto\/h:auto\/q:mauto\/f:best\/https:\/\/fullsolutions.info\/wp-content\/uploads\/2021\/07\/cropped-Design-sem-nome-300x193-1-e1627062664782.png","width":202,"height":155,"caption":"Full Solutions"},"image":{"@id":"https:\/\/fullsolutions.info\/#\/schema\/logo\/image\/"},"sameAs":["https:\/\/www.linkedin.com\/company\/full-solutions-equipment"]}]}},"_links":{"self":[{"href":"https:\/\/fullsolutions.info\/en\/wp-json\/wp\/v2\/product\/4364","targetHints":{"allow":["GET"]}}],"collection":[{"href":"https:\/\/fullsolutions.info\/en\/wp-json\/wp\/v2\/product"}],"about":[{"href":"https:\/\/fullsolutions.info\/en\/wp-json\/wp\/v2\/types\/product"}],"replies":[{"embeddable":true,"href":"https:\/\/fullsolutions.info\/en\/wp-json\/wp\/v2\/comments?post=4364"}],"wp:featuredmedia":[{"embeddable":true,"href":"https:\/\/fullsolutions.info\/en\/wp-json\/wp\/v2\/media\/4366"}],"wp:attachment":[{"href":"https:\/\/fullsolutions.info\/en\/wp-json\/wp\/v2\/media?parent=4364"}],"wp:term":[{"taxonomy":"product_brand","embeddable":true,"href":"https:\/\/fullsolutions.info\/en\/wp-json\/wp\/v2\/product_brand?post=4364"},{"taxonomy":"product_cat","embeddable":true,"href":"https:\/\/fullsolutions.info\/en\/wp-json\/wp\/v2\/product_cat?post=4364"},{"taxonomy":"product_tag","embeddable":true,"href":"https:\/\/fullsolutions.info\/en\/wp-json\/wp\/v2\/product_tag?post=4364"},{"taxonomy":"marca","embeddable":true,"href":"https:\/\/fullsolutions.info\/en\/wp-json\/wp\/v2\/marca?post=4364"}],"curies":[{"name":"wp","href":"https:\/\/api.w.org\/{rel}","templated":true}]}}