{"id":4362,"date":"2024-02-02T16:42:47","date_gmt":"2024-02-02T16:42:47","guid":{"rendered":"https:\/\/fullsolutionsequip.com\/?post_type=product&#038;p=4362"},"modified":"2024-02-19T16:12:47","modified_gmt":"2024-02-19T16:12:47","slug":"itemp-pt-tmt180","status":"publish","type":"product","link":"https:\/\/fullsolutions.info\/en\/product\/itemp-pt-tmt180\/","title":{"rendered":"iTEMP Pt TMT180"},"content":{"rendered":"<p>Endress + Hauser Transmissor de Temperatura iTEMP Pt TMT180<\/p>\n<p>Descri\u00e7\u00e3o do Produto<\/p>\n<p>Transmissor de cabe\u00e7ote de temperatura para termorresist\u00eancias Pt100, ajust\u00e1vel via PC, para instala\u00e7\u00e3o em uma cabe\u00e7a de sensor Forma B.<\/p>\n<p>Principais Caracter\u00edsticas:<\/p>\n<p>&#8211; PC program\u00e1vel universal (PCP) para sinal de entrada Pt100.<br \/>\n&#8211; Tecnologia de 2 fios, sa\u00edda anal\u00f3gica de 4 a 20 mA.<br \/>\n&#8211; Alta precis\u00e3o em toda a faixa de temperatura ambiente.<br \/>\n&#8211; Sinal de falha em caso de quebra ou curto-circuito do sensor, ajust\u00e1vel para NAMUR NE43.<br \/>\n&#8211; Compatibilidade eletromagn\u00e9tica conforme IEC 61326, CE.<br \/>\n&#8211; Aprova\u00e7\u00e3o mar\u00edtima GL (Germanischer Lloyd).<br \/>\n&#8211; CSA de Uso Geral.<br \/>\n&#8211; Configura\u00e7\u00e3o online durante a medi\u00e7\u00e3o usando conector SETUP.<br \/>\n&#8211; Configura\u00e7\u00e3o espec\u00edfica do cliente para faixa de medi\u00e7\u00e3o.<br \/>\n&#8211; Componente reconhecido pela UL 3111-1.<\/p>\n<p>Campo de Aplica\u00e7\u00e3o:<\/p>\n<p>Transmissor de cabe\u00e7ote de temperatura PC program\u00e1vel para converter um sinal de entrada Pt100 em um sinal anal\u00f3gico escal\u00e1vel de 4 a 20 mA.<br \/>\nEntrada: Termorresist\u00eancia (RTD) Pt100<br \/>\nConfigura\u00e7\u00e3o online usando PC com kit de configura\u00e7\u00e3o e software de PC.<\/p>","protected":false},"excerpt":{"rendered":"<p>Endress + Hauser Transmissor de Temperatura iTEMP Pt TMT180 Descri\u00e7\u00e3o do Produto Transmissor de cabe\u00e7ote de temperatura para termorresist\u00eancias Pt100, ajust\u00e1vel via PC, para instala\u00e7\u00e3o em uma cabe\u00e7a de sensor Forma B. Principais Caracter\u00edsticas: &#8211; PC program\u00e1vel universal (PCP) para sinal de entrada Pt100. &#8211; Tecnologia de 2 fios, sa\u00edda anal\u00f3gica de 4 a 20 mA. &#8211; Alta precis\u00e3o em toda a faixa de temperatura ambiente. &#8211; Sinal de falha em caso de quebra ou curto-circuito do sensor, ajust\u00e1vel para NAMUR NE43. &#8211; Compatibilidade eletromagn\u00e9tica conforme IEC 61326, CE. &#8211; Aprova\u00e7\u00e3o mar\u00edtima GL (Germanischer Lloyd). &#8211; CSA de Uso Geral. &#8211; Configura\u00e7\u00e3o online durante a medi\u00e7\u00e3o usando conector SETUP. &#8211; Configura\u00e7\u00e3o espec\u00edfica do cliente para faixa de medi\u00e7\u00e3o. &#8211; Componente reconhecido pela UL 3111-1. Campo de Aplica\u00e7\u00e3o: Transmissor de cabe\u00e7ote de temperatura PC program\u00e1vel para converter um sinal de entrada Pt100 em um sinal anal\u00f3gico escal\u00e1vel de 4 a 20 mA. Entrada: Termorresist\u00eancia (RTD) Pt100 Configura\u00e7\u00e3o online usando PC com kit de configura\u00e7\u00e3o e software de PC.<\/p>","protected":false},"featured_media":4363,"comment_status":"open","ping_status":"closed","template":"","meta":{"_joinchat":[]},"product_brand":[],"product_cat":[140],"product_tag":[],"marca":[147],"class_list":{"0":"post-4362","1":"product","2":"type-product","3":"status-publish","4":"has-post-thumbnail","6":"product_cat-transmissores","7":"marca-endresshauser","9":"first","10":"instock","11":"shipping-taxable","12":"purchasable","13":"product-type-simple"},"yoast_head":"<!-- This site is optimized with the Yoast SEO plugin v27.2 - https:\/\/yoast.com\/product\/yoast-seo-wordpress\/ -->\n<title>iTEMP Pt TMT180 - Full Solutions<\/title>\n<meta name=\"robots\" content=\"index, follow, max-snippet:-1, max-image-preview:large, max-video-preview:-1\" \/>\n<link rel=\"canonical\" href=\"https:\/\/fullsolutions.info\/en\/product\/itemp-pt-tmt180\/\" \/>\n<meta property=\"og:locale\" content=\"en_US\" \/>\n<meta property=\"og:type\" content=\"article\" \/>\n<meta property=\"og:title\" content=\"iTEMP Pt TMT180 - Full Solutions\" \/>\n<meta property=\"og:description\" content=\"Endress + Hauser Transmissor de Temperatura iTEMP Pt TMT180 Descri\u00e7\u00e3o do Produto Transmissor de cabe\u00e7ote de temperatura para termorresist\u00eancias Pt100, ajust\u00e1vel via PC, para instala\u00e7\u00e3o em uma cabe\u00e7a de sensor Forma B. Principais Caracter\u00edsticas: &#8211; PC program\u00e1vel universal (PCP) para sinal de entrada Pt100. &#8211; Tecnologia de 2 fios, sa\u00edda anal\u00f3gica de 4 a 20 mA. &#8211; Alta precis\u00e3o em toda a faixa de temperatura ambiente. &#8211; Sinal de falha em caso de quebra ou curto-circuito do sensor, ajust\u00e1vel para NAMUR NE43. &#8211; Compatibilidade eletromagn\u00e9tica conforme IEC 61326, CE. &#8211; Aprova\u00e7\u00e3o mar\u00edtima GL (Germanischer Lloyd). &#8211; CSA de Uso Geral. &#8211; Configura\u00e7\u00e3o online durante a medi\u00e7\u00e3o usando conector SETUP. &#8211; Configura\u00e7\u00e3o espec\u00edfica do cliente para faixa de medi\u00e7\u00e3o. &#8211; Componente reconhecido pela UL 3111-1. Campo de Aplica\u00e7\u00e3o: Transmissor de cabe\u00e7ote de temperatura PC program\u00e1vel para converter um sinal de entrada Pt100 em um sinal anal\u00f3gico escal\u00e1vel de 4 a 20 mA. Entrada: Termorresist\u00eancia (RTD) Pt100 Configura\u00e7\u00e3o online usando PC com kit de configura\u00e7\u00e3o e software de PC.\" \/>\n<meta property=\"og:url\" content=\"https:\/\/fullsolutions.info\/en\/product\/itemp-pt-tmt180\/\" \/>\n<meta property=\"og:site_name\" content=\"Full Solutions\" \/>\n<meta property=\"article:modified_time\" content=\"2024-02-19T16:12:47+00:00\" \/>\n<meta property=\"og:image\" content=\"https:\/\/mlhff0prgoxu.i.optimole.com\/cb:s0sM.767\/w:auto\/h:auto\/q:mauto\/f:best\/https:\/\/fullsolutions.info\/wp-content\/uploads\/2024\/02\/iTEMP-Pt-TMT180.jpeg\" \/>\n\t<meta property=\"og:image:width\" content=\"500\" \/>\n\t<meta property=\"og:image:height\" content=\"500\" \/>\n\t<meta property=\"og:image:type\" content=\"image\/jpeg\" \/>\n<meta name=\"twitter:card\" content=\"summary_large_image\" \/>\n<meta name=\"twitter:label1\" content=\"Est. reading time\" \/>\n\t<meta name=\"twitter:data1\" content=\"1 minute\" \/>\n<script type=\"application\/ld+json\" class=\"yoast-schema-graph\">{\"@context\":\"https:\/\/schema.org\",\"@graph\":[{\"@type\":\"WebPage\",\"@id\":\"https:\/\/fullsolutions.info\/produto\/itemp-pt-tmt180\/\",\"url\":\"https:\/\/fullsolutions.info\/produto\/itemp-pt-tmt180\/\",\"name\":\"iTEMP Pt TMT180 - Full Solutions\",\"isPartOf\":{\"@id\":\"https:\/\/fullsolutions.info\/#website\"},\"primaryImageOfPage\":{\"@id\":\"https:\/\/fullsolutions.info\/produto\/itemp-pt-tmt180\/#primaryimage\"},\"image\":{\"@id\":\"https:\/\/fullsolutions.info\/produto\/itemp-pt-tmt180\/#primaryimage\"},\"thumbnailUrl\":\"https:\/\/mlhff0prgoxu.i.optimole.com\/cb:s0sM.767\/w:auto\/h:auto\/q:mauto\/f:best\/https:\/\/fullsolutions.info\/wp-content\/uploads\/2024\/02\/iTEMP-Pt-TMT180.jpeg\",\"datePublished\":\"2024-02-02T16:42:47+00:00\",\"dateModified\":\"2024-02-19T16:12:47+00:00\",\"breadcrumb\":{\"@id\":\"https:\/\/fullsolutions.info\/produto\/itemp-pt-tmt180\/#breadcrumb\"},\"inLanguage\":\"en-US\",\"potentialAction\":[{\"@type\":\"ReadAction\",\"target\":[\"https:\/\/fullsolutions.info\/produto\/itemp-pt-tmt180\/\"]}]},{\"@type\":\"ImageObject\",\"inLanguage\":\"en-US\",\"@id\":\"https:\/\/fullsolutions.info\/produto\/itemp-pt-tmt180\/#primaryimage\",\"url\":\"https:\/\/mlhff0prgoxu.i.optimole.com\/cb:s0sM.767\/w:auto\/h:auto\/q:mauto\/f:best\/https:\/\/fullsolutions.info\/wp-content\/uploads\/2024\/02\/iTEMP-Pt-TMT180.jpeg\",\"contentUrl\":\"https:\/\/mlhff0prgoxu.i.optimole.com\/cb:s0sM.767\/w:auto\/h:auto\/q:mauto\/f:best\/https:\/\/fullsolutions.info\/wp-content\/uploads\/2024\/02\/iTEMP-Pt-TMT180.jpeg\",\"width\":500,\"height\":500},{\"@type\":\"BreadcrumbList\",\"@id\":\"https:\/\/fullsolutions.info\/produto\/itemp-pt-tmt180\/#breadcrumb\",\"itemListElement\":[{\"@type\":\"ListItem\",\"position\":1,\"name\":\"In\u00edcio\",\"item\":\"https:\/\/fullsolutions.info\/\"},{\"@type\":\"ListItem\",\"position\":2,\"name\":\"Produtos\",\"item\":\"https:\/\/fullsolutions.info\/shop\/\"},{\"@type\":\"ListItem\",\"position\":3,\"name\":\"iTEMP Pt TMT180\"}]},{\"@type\":\"WebSite\",\"@id\":\"https:\/\/fullsolutions.info\/#website\",\"url\":\"https:\/\/fullsolutions.info\/\",\"name\":\"Full Solutions\",\"description\":\"Empresa na \u00c1rea de Procurement\",\"publisher\":{\"@id\":\"https:\/\/fullsolutions.info\/#organization\"},\"potentialAction\":[{\"@type\":\"SearchAction\",\"target\":{\"@type\":\"EntryPoint\",\"urlTemplate\":\"https:\/\/fullsolutions.info\/?s={search_term_string}\"},\"query-input\":{\"@type\":\"PropertyValueSpecification\",\"valueRequired\":true,\"valueName\":\"search_term_string\"}}],\"inLanguage\":\"en-US\"},{\"@type\":\"Organization\",\"@id\":\"https:\/\/fullsolutions.info\/#organization\",\"name\":\"Full Solutions\",\"url\":\"https:\/\/fullsolutions.info\/\",\"logo\":{\"@type\":\"ImageObject\",\"inLanguage\":\"en-US\",\"@id\":\"https:\/\/fullsolutions.info\/#\/schema\/logo\/image\/\",\"url\":\"https:\/\/mlhff0prgoxu.i.optimole.com\/cb:s0sM.767\/w:auto\/h:auto\/q:mauto\/f:best\/https:\/\/fullsolutions.info\/wp-content\/uploads\/2021\/07\/cropped-Design-sem-nome-300x193-1-e1627062664782.png\",\"contentUrl\":\"https:\/\/mlhff0prgoxu.i.optimole.com\/cb:s0sM.767\/w:auto\/h:auto\/q:mauto\/f:best\/https:\/\/fullsolutions.info\/wp-content\/uploads\/2021\/07\/cropped-Design-sem-nome-300x193-1-e1627062664782.png\",\"width\":202,\"height\":155,\"caption\":\"Full Solutions\"},\"image\":{\"@id\":\"https:\/\/fullsolutions.info\/#\/schema\/logo\/image\/\"},\"sameAs\":[\"https:\/\/www.linkedin.com\/company\/full-solutions-equipment\"]}]}<\/script>\n<!-- \/ Yoast SEO plugin. -->","yoast_head_json":{"title":"iTEMP Pt TMT180 - Full Solutions","robots":{"index":"index","follow":"follow","max-snippet":"max-snippet:-1","max-image-preview":"max-image-preview:large","max-video-preview":"max-video-preview:-1"},"canonical":"https:\/\/fullsolutions.info\/en\/product\/itemp-pt-tmt180\/","og_locale":"en_US","og_type":"article","og_title":"iTEMP Pt TMT180 - Full Solutions","og_description":"Endress + Hauser Transmissor de Temperatura iTEMP Pt TMT180 Descri\u00e7\u00e3o do Produto Transmissor de cabe\u00e7ote de temperatura para termorresist\u00eancias Pt100, ajust\u00e1vel via PC, para instala\u00e7\u00e3o em uma cabe\u00e7a de sensor Forma B. Principais Caracter\u00edsticas: &#8211; PC program\u00e1vel universal (PCP) para sinal de entrada Pt100. &#8211; Tecnologia de 2 fios, sa\u00edda anal\u00f3gica de 4 a 20 mA. &#8211; Alta precis\u00e3o em toda a faixa de temperatura ambiente. &#8211; Sinal de falha em caso de quebra ou curto-circuito do sensor, ajust\u00e1vel para NAMUR NE43. &#8211; Compatibilidade eletromagn\u00e9tica conforme IEC 61326, CE. &#8211; Aprova\u00e7\u00e3o mar\u00edtima GL (Germanischer Lloyd). &#8211; CSA de Uso Geral. &#8211; Configura\u00e7\u00e3o online durante a medi\u00e7\u00e3o usando conector SETUP. &#8211; Configura\u00e7\u00e3o espec\u00edfica do cliente para faixa de medi\u00e7\u00e3o. &#8211; Componente reconhecido pela UL 3111-1. Campo de Aplica\u00e7\u00e3o: Transmissor de cabe\u00e7ote de temperatura PC program\u00e1vel para converter um sinal de entrada Pt100 em um sinal anal\u00f3gico escal\u00e1vel de 4 a 20 mA. Entrada: Termorresist\u00eancia (RTD) Pt100 Configura\u00e7\u00e3o online usando PC com kit de configura\u00e7\u00e3o e software de PC.","og_url":"https:\/\/fullsolutions.info\/en\/product\/itemp-pt-tmt180\/","og_site_name":"Full Solutions","article_modified_time":"2024-02-19T16:12:47+00:00","og_image":[{"width":500,"height":500,"url":"https:\/\/mlhff0prgoxu.i.optimole.com\/cb:s0sM.767\/w:auto\/h:auto\/q:mauto\/f:best\/https:\/\/fullsolutions.info\/wp-content\/uploads\/2024\/02\/iTEMP-Pt-TMT180.jpeg","type":"image\/jpeg"}],"twitter_card":"summary_large_image","twitter_misc":{"Est. reading time":"1 minute"},"schema":{"@context":"https:\/\/schema.org","@graph":[{"@type":"WebPage","@id":"https:\/\/fullsolutions.info\/produto\/itemp-pt-tmt180\/","url":"https:\/\/fullsolutions.info\/produto\/itemp-pt-tmt180\/","name":"iTEMP Pt TMT180 - Full Solutions","isPartOf":{"@id":"https:\/\/fullsolutions.info\/#website"},"primaryImageOfPage":{"@id":"https:\/\/fullsolutions.info\/produto\/itemp-pt-tmt180\/#primaryimage"},"image":{"@id":"https:\/\/fullsolutions.info\/produto\/itemp-pt-tmt180\/#primaryimage"},"thumbnailUrl":"https:\/\/mlhff0prgoxu.i.optimole.com\/cb:s0sM.767\/w:auto\/h:auto\/q:mauto\/f:best\/https:\/\/fullsolutions.info\/wp-content\/uploads\/2024\/02\/iTEMP-Pt-TMT180.jpeg","datePublished":"2024-02-02T16:42:47+00:00","dateModified":"2024-02-19T16:12:47+00:00","breadcrumb":{"@id":"https:\/\/fullsolutions.info\/produto\/itemp-pt-tmt180\/#breadcrumb"},"inLanguage":"en-US","potentialAction":[{"@type":"ReadAction","target":["https:\/\/fullsolutions.info\/produto\/itemp-pt-tmt180\/"]}]},{"@type":"ImageObject","inLanguage":"en-US","@id":"https:\/\/fullsolutions.info\/produto\/itemp-pt-tmt180\/#primaryimage","url":"https:\/\/mlhff0prgoxu.i.optimole.com\/cb:s0sM.767\/w:auto\/h:auto\/q:mauto\/f:best\/https:\/\/fullsolutions.info\/wp-content\/uploads\/2024\/02\/iTEMP-Pt-TMT180.jpeg","contentUrl":"https:\/\/mlhff0prgoxu.i.optimole.com\/cb:s0sM.767\/w:auto\/h:auto\/q:mauto\/f:best\/https:\/\/fullsolutions.info\/wp-content\/uploads\/2024\/02\/iTEMP-Pt-TMT180.jpeg","width":500,"height":500},{"@type":"BreadcrumbList","@id":"https:\/\/fullsolutions.info\/produto\/itemp-pt-tmt180\/#breadcrumb","itemListElement":[{"@type":"ListItem","position":1,"name":"In\u00edcio","item":"https:\/\/fullsolutions.info\/"},{"@type":"ListItem","position":2,"name":"Produtos","item":"https:\/\/fullsolutions.info\/shop\/"},{"@type":"ListItem","position":3,"name":"iTEMP Pt TMT180"}]},{"@type":"WebSite","@id":"https:\/\/fullsolutions.info\/#website","url":"https:\/\/fullsolutions.info\/","name":"Full Solutions","description":"Empresa na \u00c1rea de Procurement","publisher":{"@id":"https:\/\/fullsolutions.info\/#organization"},"potentialAction":[{"@type":"SearchAction","target":{"@type":"EntryPoint","urlTemplate":"https:\/\/fullsolutions.info\/?s={search_term_string}"},"query-input":{"@type":"PropertyValueSpecification","valueRequired":true,"valueName":"search_term_string"}}],"inLanguage":"en-US"},{"@type":"Organization","@id":"https:\/\/fullsolutions.info\/#organization","name":"Full Solutions","url":"https:\/\/fullsolutions.info\/","logo":{"@type":"ImageObject","inLanguage":"en-US","@id":"https:\/\/fullsolutions.info\/#\/schema\/logo\/image\/","url":"https:\/\/mlhff0prgoxu.i.optimole.com\/cb:s0sM.767\/w:auto\/h:auto\/q:mauto\/f:best\/https:\/\/fullsolutions.info\/wp-content\/uploads\/2021\/07\/cropped-Design-sem-nome-300x193-1-e1627062664782.png","contentUrl":"https:\/\/mlhff0prgoxu.i.optimole.com\/cb:s0sM.767\/w:auto\/h:auto\/q:mauto\/f:best\/https:\/\/fullsolutions.info\/wp-content\/uploads\/2021\/07\/cropped-Design-sem-nome-300x193-1-e1627062664782.png","width":202,"height":155,"caption":"Full Solutions"},"image":{"@id":"https:\/\/fullsolutions.info\/#\/schema\/logo\/image\/"},"sameAs":["https:\/\/www.linkedin.com\/company\/full-solutions-equipment"]}]}},"_links":{"self":[{"href":"https:\/\/fullsolutions.info\/en\/wp-json\/wp\/v2\/product\/4362","targetHints":{"allow":["GET"]}}],"collection":[{"href":"https:\/\/fullsolutions.info\/en\/wp-json\/wp\/v2\/product"}],"about":[{"href":"https:\/\/fullsolutions.info\/en\/wp-json\/wp\/v2\/types\/product"}],"replies":[{"embeddable":true,"href":"https:\/\/fullsolutions.info\/en\/wp-json\/wp\/v2\/comments?post=4362"}],"wp:featuredmedia":[{"embeddable":true,"href":"https:\/\/fullsolutions.info\/en\/wp-json\/wp\/v2\/media\/4363"}],"wp:attachment":[{"href":"https:\/\/fullsolutions.info\/en\/wp-json\/wp\/v2\/media?parent=4362"}],"wp:term":[{"taxonomy":"product_brand","embeddable":true,"href":"https:\/\/fullsolutions.info\/en\/wp-json\/wp\/v2\/product_brand?post=4362"},{"taxonomy":"product_cat","embeddable":true,"href":"https:\/\/fullsolutions.info\/en\/wp-json\/wp\/v2\/product_cat?post=4362"},{"taxonomy":"product_tag","embeddable":true,"href":"https:\/\/fullsolutions.info\/en\/wp-json\/wp\/v2\/product_tag?post=4362"},{"taxonomy":"marca","embeddable":true,"href":"https:\/\/fullsolutions.info\/en\/wp-json\/wp\/v2\/marca?post=4362"}],"curies":[{"name":"wp","href":"https:\/\/api.w.org\/{rel}","templated":true}]}}