{"id":4358,"date":"2024-02-02T16:39:04","date_gmt":"2024-02-02T16:39:04","guid":{"rendered":"https:\/\/fullsolutionsequip.com\/?post_type=product&#038;p=4358"},"modified":"2024-02-19T16:12:47","modified_gmt":"2024-02-19T16:12:47","slug":"itemp-rtd-tmt187","status":"publish","type":"product","link":"https:\/\/fullsolutions.info\/en\/product\/itemp-rtd-tmt187\/","title":{"rendered":"iTEMP SENSOR TMT187"},"content":{"rendered":"<p>Endress + Hauser Transmissor de Temperatura iTEMP Pt TMT187<\/p>\n<p>Descri\u00e7\u00e3o do Produto<\/p>\n<p>Transmissor de cabe\u00e7ote de temperatura universal para termorresist\u00eancia Pt100, faixa fixa. Para montagem em uma cabe\u00e7a de conex\u00e3o DIN Form B.<\/p>\n<p>Principais Caracter\u00edsticas:<\/p>\n<p>&#8211; Faixa de medi\u00e7\u00e3o ajustada fixa.<br \/>\n&#8211; Tecnologia de 2 fios, sa\u00edda anal\u00f3gica de 4 a 20 mA.<br \/>\n&#8211; Alta precis\u00e3o em toda a faixa de temperatura ambiente.<br \/>\n&#8211; Sinal de falha em caso de quebra ou curto-circuito do sensor, conforme NAMUR NE 43.<br \/>\n&#8211; Compatibilidade eletromagn\u00e9tica conforme NAMUR NE 21, CE.<br \/>\n&#8211; Componente reconhecido pela UL conforme UL 3111-1.<br \/>\n&#8211; Certifica\u00e7\u00e3o Ex:<br \/>\n&#8211; ATEX Ex ia e poeira zona 22 em conformidade com EN 50281-1.<br \/>\n&#8211; FM IS.<br \/>\n&#8211; CSA IS.<br \/>\n&#8211; Aprova\u00e7\u00e3o para constru\u00e7\u00e3o naval pela GL.<br \/>\n&#8211; Isolamento galv\u00e2nico.<\/p>\n<p>Campo de Aplica\u00e7\u00e3o:<\/p>\n<p>Transmissor de cabe\u00e7ote de temperatura de faixa fixa para converter um sinal de entrada de Pt100 em um sinal de sa\u00edda anal\u00f3gico de 4 a 20 mA.<br \/>\nEntrada: Termorresist\u00eancia (RTD) Pt100.<\/p>","protected":false},"excerpt":{"rendered":"<p>Endress + Hauser Transmissor de Temperatura iTEMP Pt TMT187 Descri\u00e7\u00e3o do Produto Transmissor de cabe\u00e7ote de temperatura universal para termorresist\u00eancia Pt100, faixa fixa. Para montagem em uma cabe\u00e7a de conex\u00e3o DIN Form B. Principais Caracter\u00edsticas: &#8211; Faixa de medi\u00e7\u00e3o ajustada fixa. &#8211; Tecnologia de 2 fios, sa\u00edda anal\u00f3gica de 4 a 20 mA. &#8211; Alta precis\u00e3o em toda a faixa de temperatura ambiente. &#8211; Sinal de falha em caso de quebra ou curto-circuito do sensor, conforme NAMUR NE 43. &#8211; Compatibilidade eletromagn\u00e9tica conforme NAMUR NE 21, CE. &#8211; Componente reconhecido pela UL conforme UL 3111-1. &#8211; Certifica\u00e7\u00e3o Ex: &#8211; ATEX Ex ia e poeira zona 22 em conformidade com EN 50281-1. &#8211; FM IS. &#8211; CSA IS. &#8211; Aprova\u00e7\u00e3o para constru\u00e7\u00e3o naval pela GL. &#8211; Isolamento galv\u00e2nico. Campo de Aplica\u00e7\u00e3o: Transmissor de cabe\u00e7ote de temperatura de faixa fixa para converter um sinal de entrada de Pt100 em um sinal de sa\u00edda anal\u00f3gico de 4 a 20 mA. Entrada: Termorresist\u00eancia (RTD) Pt100.<\/p>","protected":false},"featured_media":4359,"comment_status":"open","ping_status":"closed","template":"","meta":{"_joinchat":[]},"product_brand":[],"product_cat":[140],"product_tag":[],"marca":[147],"class_list":{"0":"post-4358","1":"product","2":"type-product","3":"status-publish","4":"has-post-thumbnail","6":"product_cat-transmissores","7":"marca-endresshauser","9":"first","10":"instock","11":"shipping-taxable","12":"purchasable","13":"product-type-simple"},"yoast_head":"<!-- This site is optimized with the Yoast SEO plugin v27.2 - https:\/\/yoast.com\/product\/yoast-seo-wordpress\/ -->\n<title>iTEMP RTD TMT187 - Full Solutions<\/title>\n<meta name=\"robots\" content=\"index, follow, max-snippet:-1, max-image-preview:large, max-video-preview:-1\" \/>\n<link rel=\"canonical\" href=\"https:\/\/fullsolutions.info\/en\/product\/itemp-rtd-tmt187\/\" \/>\n<meta property=\"og:locale\" content=\"en_US\" \/>\n<meta property=\"og:type\" content=\"article\" \/>\n<meta property=\"og:title\" content=\"iTEMP RTD TMT187 - Full Solutions\" \/>\n<meta property=\"og:description\" content=\"Endress + Hauser Transmissor de Temperatura iTEMP Pt TMT187 Descri\u00e7\u00e3o do Produto Transmissor de cabe\u00e7ote de temperatura universal para termorresist\u00eancia Pt100, faixa fixa. Para montagem em uma cabe\u00e7a de conex\u00e3o DIN Form B. Principais Caracter\u00edsticas: &#8211; Faixa de medi\u00e7\u00e3o ajustada fixa. &#8211; Tecnologia de 2 fios, sa\u00edda anal\u00f3gica de 4 a 20 mA. &#8211; Alta precis\u00e3o em toda a faixa de temperatura ambiente. &#8211; Sinal de falha em caso de quebra ou curto-circuito do sensor, conforme NAMUR NE 43. &#8211; Compatibilidade eletromagn\u00e9tica conforme NAMUR NE 21, CE. &#8211; Componente reconhecido pela UL conforme UL 3111-1. &#8211; Certifica\u00e7\u00e3o Ex: &#8211; ATEX Ex ia e poeira zona 22 em conformidade com EN 50281-1. &#8211; FM IS. &#8211; CSA IS. &#8211; Aprova\u00e7\u00e3o para constru\u00e7\u00e3o naval pela GL. &#8211; Isolamento galv\u00e2nico. Campo de Aplica\u00e7\u00e3o: Transmissor de cabe\u00e7ote de temperatura de faixa fixa para converter um sinal de entrada de Pt100 em um sinal de sa\u00edda anal\u00f3gico de 4 a 20 mA. Entrada: Termorresist\u00eancia (RTD) Pt100.\" \/>\n<meta property=\"og:url\" content=\"https:\/\/fullsolutions.info\/en\/product\/itemp-rtd-tmt187\/\" \/>\n<meta property=\"og:site_name\" content=\"Full Solutions\" \/>\n<meta property=\"article:modified_time\" content=\"2024-02-19T16:12:47+00:00\" \/>\n<meta property=\"og:image\" content=\"https:\/\/mlhff0prgoxu.i.optimole.com\/cb:s0sM.767\/w:auto\/h:auto\/q:mauto\/f:best\/https:\/\/fullsolutions.info\/wp-content\/uploads\/2024\/02\/iTEMP-RTD-TMT187.jpeg\" \/>\n\t<meta property=\"og:image:width\" content=\"500\" \/>\n\t<meta property=\"og:image:height\" content=\"500\" \/>\n\t<meta property=\"og:image:type\" content=\"image\/jpeg\" \/>\n<meta name=\"twitter:card\" content=\"summary_large_image\" \/>\n<meta name=\"twitter:label1\" content=\"Est. reading time\" \/>\n\t<meta name=\"twitter:data1\" content=\"1 minute\" \/>\n<script type=\"application\/ld+json\" class=\"yoast-schema-graph\">{\"@context\":\"https:\/\/schema.org\",\"@graph\":[{\"@type\":\"WebPage\",\"@id\":\"https:\/\/fullsolutions.info\/produto\/itemp-rtd-tmt187\/\",\"url\":\"https:\/\/fullsolutions.info\/produto\/itemp-rtd-tmt187\/\",\"name\":\"iTEMP RTD TMT187 - Full Solutions\",\"isPartOf\":{\"@id\":\"https:\/\/fullsolutions.info\/#website\"},\"primaryImageOfPage\":{\"@id\":\"https:\/\/fullsolutions.info\/produto\/itemp-rtd-tmt187\/#primaryimage\"},\"image\":{\"@id\":\"https:\/\/fullsolutions.info\/produto\/itemp-rtd-tmt187\/#primaryimage\"},\"thumbnailUrl\":\"https:\/\/mlhff0prgoxu.i.optimole.com\/cb:s0sM.767\/w:auto\/h:auto\/q:mauto\/f:best\/https:\/\/fullsolutions.info\/wp-content\/uploads\/2024\/02\/iTEMP-RTD-TMT187.jpeg\",\"datePublished\":\"2024-02-02T16:39:04+00:00\",\"dateModified\":\"2024-02-19T16:12:47+00:00\",\"breadcrumb\":{\"@id\":\"https:\/\/fullsolutions.info\/produto\/itemp-rtd-tmt187\/#breadcrumb\"},\"inLanguage\":\"en-US\",\"potentialAction\":[{\"@type\":\"ReadAction\",\"target\":[\"https:\/\/fullsolutions.info\/produto\/itemp-rtd-tmt187\/\"]}]},{\"@type\":\"ImageObject\",\"inLanguage\":\"en-US\",\"@id\":\"https:\/\/fullsolutions.info\/produto\/itemp-rtd-tmt187\/#primaryimage\",\"url\":\"https:\/\/mlhff0prgoxu.i.optimole.com\/cb:s0sM.767\/w:auto\/h:auto\/q:mauto\/f:best\/https:\/\/fullsolutions.info\/wp-content\/uploads\/2024\/02\/iTEMP-RTD-TMT187.jpeg\",\"contentUrl\":\"https:\/\/mlhff0prgoxu.i.optimole.com\/cb:s0sM.767\/w:auto\/h:auto\/q:mauto\/f:best\/https:\/\/fullsolutions.info\/wp-content\/uploads\/2024\/02\/iTEMP-RTD-TMT187.jpeg\",\"width\":500,\"height\":500},{\"@type\":\"BreadcrumbList\",\"@id\":\"https:\/\/fullsolutions.info\/produto\/itemp-rtd-tmt187\/#breadcrumb\",\"itemListElement\":[{\"@type\":\"ListItem\",\"position\":1,\"name\":\"In\u00edcio\",\"item\":\"https:\/\/fullsolutions.info\/\"},{\"@type\":\"ListItem\",\"position\":2,\"name\":\"Produtos\",\"item\":\"https:\/\/fullsolutions.info\/shop\/\"},{\"@type\":\"ListItem\",\"position\":3,\"name\":\"iTEMP RTD TMT187\"}]},{\"@type\":\"WebSite\",\"@id\":\"https:\/\/fullsolutions.info\/#website\",\"url\":\"https:\/\/fullsolutions.info\/\",\"name\":\"Full Solutions\",\"description\":\"Empresa na \u00c1rea de Procurement\",\"publisher\":{\"@id\":\"https:\/\/fullsolutions.info\/#organization\"},\"potentialAction\":[{\"@type\":\"SearchAction\",\"target\":{\"@type\":\"EntryPoint\",\"urlTemplate\":\"https:\/\/fullsolutions.info\/?s={search_term_string}\"},\"query-input\":{\"@type\":\"PropertyValueSpecification\",\"valueRequired\":true,\"valueName\":\"search_term_string\"}}],\"inLanguage\":\"en-US\"},{\"@type\":\"Organization\",\"@id\":\"https:\/\/fullsolutions.info\/#organization\",\"name\":\"Full Solutions\",\"url\":\"https:\/\/fullsolutions.info\/\",\"logo\":{\"@type\":\"ImageObject\",\"inLanguage\":\"en-US\",\"@id\":\"https:\/\/fullsolutions.info\/#\/schema\/logo\/image\/\",\"url\":\"https:\/\/mlhff0prgoxu.i.optimole.com\/cb:s0sM.767\/w:auto\/h:auto\/q:mauto\/f:best\/https:\/\/fullsolutions.info\/wp-content\/uploads\/2021\/07\/cropped-Design-sem-nome-300x193-1-e1627062664782.png\",\"contentUrl\":\"https:\/\/mlhff0prgoxu.i.optimole.com\/cb:s0sM.767\/w:auto\/h:auto\/q:mauto\/f:best\/https:\/\/fullsolutions.info\/wp-content\/uploads\/2021\/07\/cropped-Design-sem-nome-300x193-1-e1627062664782.png\",\"width\":202,\"height\":155,\"caption\":\"Full Solutions\"},\"image\":{\"@id\":\"https:\/\/fullsolutions.info\/#\/schema\/logo\/image\/\"},\"sameAs\":[\"https:\/\/www.linkedin.com\/company\/full-solutions-equipment\"]}]}<\/script>\n<!-- \/ Yoast SEO plugin. -->","yoast_head_json":{"title":"iTEMP RTD TMT187 - Full Solutions","robots":{"index":"index","follow":"follow","max-snippet":"max-snippet:-1","max-image-preview":"max-image-preview:large","max-video-preview":"max-video-preview:-1"},"canonical":"https:\/\/fullsolutions.info\/en\/product\/itemp-rtd-tmt187\/","og_locale":"en_US","og_type":"article","og_title":"iTEMP RTD TMT187 - Full Solutions","og_description":"Endress + Hauser Transmissor de Temperatura iTEMP Pt TMT187 Descri\u00e7\u00e3o do Produto Transmissor de cabe\u00e7ote de temperatura universal para termorresist\u00eancia Pt100, faixa fixa. Para montagem em uma cabe\u00e7a de conex\u00e3o DIN Form B. Principais Caracter\u00edsticas: &#8211; Faixa de medi\u00e7\u00e3o ajustada fixa. &#8211; Tecnologia de 2 fios, sa\u00edda anal\u00f3gica de 4 a 20 mA. &#8211; Alta precis\u00e3o em toda a faixa de temperatura ambiente. &#8211; Sinal de falha em caso de quebra ou curto-circuito do sensor, conforme NAMUR NE 43. &#8211; Compatibilidade eletromagn\u00e9tica conforme NAMUR NE 21, CE. &#8211; Componente reconhecido pela UL conforme UL 3111-1. &#8211; Certifica\u00e7\u00e3o Ex: &#8211; ATEX Ex ia e poeira zona 22 em conformidade com EN 50281-1. &#8211; FM IS. &#8211; CSA IS. &#8211; Aprova\u00e7\u00e3o para constru\u00e7\u00e3o naval pela GL. &#8211; Isolamento galv\u00e2nico. Campo de Aplica\u00e7\u00e3o: Transmissor de cabe\u00e7ote de temperatura de faixa fixa para converter um sinal de entrada de Pt100 em um sinal de sa\u00edda anal\u00f3gico de 4 a 20 mA. Entrada: Termorresist\u00eancia (RTD) Pt100.","og_url":"https:\/\/fullsolutions.info\/en\/product\/itemp-rtd-tmt187\/","og_site_name":"Full Solutions","article_modified_time":"2024-02-19T16:12:47+00:00","og_image":[{"width":500,"height":500,"url":"https:\/\/mlhff0prgoxu.i.optimole.com\/cb:s0sM.767\/w:auto\/h:auto\/q:mauto\/f:best\/https:\/\/fullsolutions.info\/wp-content\/uploads\/2024\/02\/iTEMP-RTD-TMT187.jpeg","type":"image\/jpeg"}],"twitter_card":"summary_large_image","twitter_misc":{"Est. reading time":"1 minute"},"schema":{"@context":"https:\/\/schema.org","@graph":[{"@type":"WebPage","@id":"https:\/\/fullsolutions.info\/produto\/itemp-rtd-tmt187\/","url":"https:\/\/fullsolutions.info\/produto\/itemp-rtd-tmt187\/","name":"iTEMP RTD TMT187 - Full Solutions","isPartOf":{"@id":"https:\/\/fullsolutions.info\/#website"},"primaryImageOfPage":{"@id":"https:\/\/fullsolutions.info\/produto\/itemp-rtd-tmt187\/#primaryimage"},"image":{"@id":"https:\/\/fullsolutions.info\/produto\/itemp-rtd-tmt187\/#primaryimage"},"thumbnailUrl":"https:\/\/mlhff0prgoxu.i.optimole.com\/cb:s0sM.767\/w:auto\/h:auto\/q:mauto\/f:best\/https:\/\/fullsolutions.info\/wp-content\/uploads\/2024\/02\/iTEMP-RTD-TMT187.jpeg","datePublished":"2024-02-02T16:39:04+00:00","dateModified":"2024-02-19T16:12:47+00:00","breadcrumb":{"@id":"https:\/\/fullsolutions.info\/produto\/itemp-rtd-tmt187\/#breadcrumb"},"inLanguage":"en-US","potentialAction":[{"@type":"ReadAction","target":["https:\/\/fullsolutions.info\/produto\/itemp-rtd-tmt187\/"]}]},{"@type":"ImageObject","inLanguage":"en-US","@id":"https:\/\/fullsolutions.info\/produto\/itemp-rtd-tmt187\/#primaryimage","url":"https:\/\/mlhff0prgoxu.i.optimole.com\/cb:s0sM.767\/w:auto\/h:auto\/q:mauto\/f:best\/https:\/\/fullsolutions.info\/wp-content\/uploads\/2024\/02\/iTEMP-RTD-TMT187.jpeg","contentUrl":"https:\/\/mlhff0prgoxu.i.optimole.com\/cb:s0sM.767\/w:auto\/h:auto\/q:mauto\/f:best\/https:\/\/fullsolutions.info\/wp-content\/uploads\/2024\/02\/iTEMP-RTD-TMT187.jpeg","width":500,"height":500},{"@type":"BreadcrumbList","@id":"https:\/\/fullsolutions.info\/produto\/itemp-rtd-tmt187\/#breadcrumb","itemListElement":[{"@type":"ListItem","position":1,"name":"In\u00edcio","item":"https:\/\/fullsolutions.info\/"},{"@type":"ListItem","position":2,"name":"Produtos","item":"https:\/\/fullsolutions.info\/shop\/"},{"@type":"ListItem","position":3,"name":"iTEMP RTD TMT187"}]},{"@type":"WebSite","@id":"https:\/\/fullsolutions.info\/#website","url":"https:\/\/fullsolutions.info\/","name":"Full Solutions","description":"Empresa na \u00c1rea de Procurement","publisher":{"@id":"https:\/\/fullsolutions.info\/#organization"},"potentialAction":[{"@type":"SearchAction","target":{"@type":"EntryPoint","urlTemplate":"https:\/\/fullsolutions.info\/?s={search_term_string}"},"query-input":{"@type":"PropertyValueSpecification","valueRequired":true,"valueName":"search_term_string"}}],"inLanguage":"en-US"},{"@type":"Organization","@id":"https:\/\/fullsolutions.info\/#organization","name":"Full Solutions","url":"https:\/\/fullsolutions.info\/","logo":{"@type":"ImageObject","inLanguage":"en-US","@id":"https:\/\/fullsolutions.info\/#\/schema\/logo\/image\/","url":"https:\/\/mlhff0prgoxu.i.optimole.com\/cb:s0sM.767\/w:auto\/h:auto\/q:mauto\/f:best\/https:\/\/fullsolutions.info\/wp-content\/uploads\/2021\/07\/cropped-Design-sem-nome-300x193-1-e1627062664782.png","contentUrl":"https:\/\/mlhff0prgoxu.i.optimole.com\/cb:s0sM.767\/w:auto\/h:auto\/q:mauto\/f:best\/https:\/\/fullsolutions.info\/wp-content\/uploads\/2021\/07\/cropped-Design-sem-nome-300x193-1-e1627062664782.png","width":202,"height":155,"caption":"Full Solutions"},"image":{"@id":"https:\/\/fullsolutions.info\/#\/schema\/logo\/image\/"},"sameAs":["https:\/\/www.linkedin.com\/company\/full-solutions-equipment"]}]}},"_links":{"self":[{"href":"https:\/\/fullsolutions.info\/en\/wp-json\/wp\/v2\/product\/4358","targetHints":{"allow":["GET"]}}],"collection":[{"href":"https:\/\/fullsolutions.info\/en\/wp-json\/wp\/v2\/product"}],"about":[{"href":"https:\/\/fullsolutions.info\/en\/wp-json\/wp\/v2\/types\/product"}],"replies":[{"embeddable":true,"href":"https:\/\/fullsolutions.info\/en\/wp-json\/wp\/v2\/comments?post=4358"}],"wp:featuredmedia":[{"embeddable":true,"href":"https:\/\/fullsolutions.info\/en\/wp-json\/wp\/v2\/media\/4359"}],"wp:attachment":[{"href":"https:\/\/fullsolutions.info\/en\/wp-json\/wp\/v2\/media?parent=4358"}],"wp:term":[{"taxonomy":"product_brand","embeddable":true,"href":"https:\/\/fullsolutions.info\/en\/wp-json\/wp\/v2\/product_brand?post=4358"},{"taxonomy":"product_cat","embeddable":true,"href":"https:\/\/fullsolutions.info\/en\/wp-json\/wp\/v2\/product_cat?post=4358"},{"taxonomy":"product_tag","embeddable":true,"href":"https:\/\/fullsolutions.info\/en\/wp-json\/wp\/v2\/product_tag?post=4358"},{"taxonomy":"marca","embeddable":true,"href":"https:\/\/fullsolutions.info\/en\/wp-json\/wp\/v2\/marca?post=4358"}],"curies":[{"name":"wp","href":"https:\/\/api.w.org\/{rel}","templated":true}]}}