{"id":4342,"date":"2024-02-02T16:31:53","date_gmt":"2024-02-02T16:31:53","guid":{"rendered":"https:\/\/fullsolutionsequip.com\/?post_type=product&#038;p=4342"},"modified":"2024-02-19T16:12:47","modified_gmt":"2024-02-19T16:12:47","slug":"itemp-tmt85","status":"publish","type":"product","link":"https:\/\/fullsolutions.info\/en\/product\/itemp-tmt85\/","title":{"rendered":"iTEMP TMT85"},"content":{"rendered":"<p>Endress + Hauser Transmissor de Temperatura iTEMP TMT85<\/p>\n<p>Descri\u00e7\u00e3o do Produto<\/p>\n<p>Transmissor de temperatura de dupla entrada com comunica\u00e7\u00e3o FOUNDATION Fieldbus\u2122.<\/p>\n<p>Principais Caracter\u00edsticas:<\/p>\n<p>&#8211; Comunica\u00e7\u00e3o f\u00e1cil e padronizada via FOUNDATION Fieldbus\u2122 H1.<br \/>\n&#8211; Atende aos requisitos de compatibilidade eletromagn\u00e9tica conforme NAMUR NE21 e \u00e0s recomenda\u00e7\u00f5es NE89 para transmissores de temperatura com processamento de sinal digital.<br \/>\n&#8211; Design simplificado de pontos de medi\u00e7\u00e3o em \u00e1reas classificadas, gra\u00e7as \u00e0 conformidade FISCO\/FNICO de acordo com a IEC 600079-27.<br \/>\n&#8211; Opera\u00e7\u00e3o segura em \u00e1reas perigosas gra\u00e7as a aprova\u00e7\u00f5es internacionais como<br \/>\n&#8211; FM IS, NI<br \/>\n&#8211; CSA IS, NI<br \/>\n&#8211; ATEX Ex ia, Ex nA<br \/>\npara instala\u00e7\u00e3o intrinsecamente segura na zona 1 e zona 2.<br \/>\n&#8211; Alta precis\u00e3o atrav\u00e9s do ajuste sensor-transmissor.<br \/>\n&#8211; Opera\u00e7\u00e3o confi\u00e1vel com monitoramento de sensor e reconhecimento de falhas de hardware do dispositivo.<br \/>\n&#8211; V\u00e1rias vers\u00f5es de montagem e combina\u00e7\u00f5es de conex\u00e3o de sensor.<br \/>\n&#8211; Conex\u00e3o r\u00e1pida sem ferramentas devido \u00e0 tecnologia de terminal de mola opcional.<\/p>\n<p>Campo de Aplica\u00e7\u00e3o:<\/p>\n<p>Transmissor de temperatura com 2 canais de entrada universais e protocolo FOUNDATION Fieldbus\u2122 para a convers\u00e3o de diferentes sinais de entrada em sinais de sa\u00edda digitais.<br \/>\nO iTEMP\u00ae TMT85 destaca-se pela confiabilidade do sinal, estabilidade a longo prazo, alta precis\u00e3o e diagn\u00f3sticos avan\u00e7ados (importantes em processos cr\u00edticos).<br \/>\nPara o mais alto n\u00edvel de seguran\u00e7a, disponibilidade e redu\u00e7\u00e3o de riscos.<br \/>\nEntrada universal utiliz\u00e1vel para termorresist\u00eancia (RTD), termopar (TC), transmissor de resist\u00eancia (\u03a9) e transmissor de voltagem (mV).<br \/>\nTransmissor estilo DIN B para encaixar nos menores cabe\u00e7otes de terminal ou em inv\u00f3lucros remotos de acordo com a DIN EN 50446.<br \/>\nInstala\u00e7\u00e3o opcional em inv\u00f3lucros de campo, mesmo para uso em \u00e1reas Ex d.<br \/>\nSuporte de montagem em tubo ou parede para o inv\u00f3lucro de campo.<\/p>","protected":false},"excerpt":{"rendered":"<p>Endress + Hauser Transmissor de Temperatura iTEMP TMT85 Descri\u00e7\u00e3o do Produto Transmissor de temperatura de dupla entrada com comunica\u00e7\u00e3o FOUNDATION Fieldbus\u2122. Principais Caracter\u00edsticas: &#8211; Comunica\u00e7\u00e3o f\u00e1cil e padronizada via FOUNDATION Fieldbus\u2122 H1. &#8211; Atende aos requisitos de compatibilidade eletromagn\u00e9tica conforme NAMUR NE21 e \u00e0s recomenda\u00e7\u00f5es NE89 para transmissores de temperatura com processamento de sinal digital. &#8211; Design simplificado de pontos de medi\u00e7\u00e3o em \u00e1reas classificadas, gra\u00e7as \u00e0 conformidade FISCO\/FNICO de acordo com a IEC 600079-27. &#8211; Opera\u00e7\u00e3o segura em \u00e1reas perigosas gra\u00e7as a aprova\u00e7\u00f5es internacionais como &#8211; FM IS, NI &#8211; CSA IS, NI &#8211; ATEX Ex ia, Ex nA para instala\u00e7\u00e3o intrinsecamente segura na zona 1 e zona 2. &#8211; Alta precis\u00e3o atrav\u00e9s do ajuste sensor-transmissor. &#8211; Opera\u00e7\u00e3o confi\u00e1vel com monitoramento de sensor e reconhecimento de falhas de hardware do dispositivo. &#8211; V\u00e1rias vers\u00f5es de montagem e combina\u00e7\u00f5es de conex\u00e3o de sensor. &#8211; Conex\u00e3o r\u00e1pida sem ferramentas devido \u00e0 tecnologia de terminal de mola opcional. Campo de Aplica\u00e7\u00e3o: Transmissor de temperatura com 2 canais de entrada universais e protocolo FOUNDATION Fieldbus\u2122 para a convers\u00e3o de diferentes sinais de entrada em sinais de sa\u00edda digitais. O iTEMP\u00ae TMT85 destaca-se pela confiabilidade do sinal, estabilidade a longo prazo, alta precis\u00e3o e diagn\u00f3sticos avan\u00e7ados (importantes em processos cr\u00edticos). Para o mais alto n\u00edvel de seguran\u00e7a, disponibilidade e redu\u00e7\u00e3o de riscos. Entrada universal utiliz\u00e1vel para termorresist\u00eancia (RTD), termopar (TC), transmissor de resist\u00eancia (\u03a9) e transmissor de voltagem (mV). Transmissor estilo DIN B para encaixar nos menores cabe\u00e7otes de terminal ou em inv\u00f3lucros remotos de acordo com a DIN EN 50446. Instala\u00e7\u00e3o opcional em inv\u00f3lucros de campo, mesmo para uso em \u00e1reas Ex d. Suporte de montagem em tubo ou parede para o inv\u00f3lucro de campo.<\/p>","protected":false},"featured_media":4345,"comment_status":"open","ping_status":"closed","template":"","meta":{"_joinchat":[]},"product_brand":[],"product_cat":[140],"product_tag":[],"marca":[147],"class_list":{"0":"post-4342","1":"product","2":"type-product","3":"status-publish","4":"has-post-thumbnail","6":"product_cat-transmissores","7":"marca-endresshauser","9":"first","10":"instock","11":"shipping-taxable","12":"purchasable","13":"product-type-simple"},"yoast_head":"<!-- This site is optimized with the Yoast SEO plugin v27.2 - https:\/\/yoast.com\/product\/yoast-seo-wordpress\/ -->\n<title>iTEMP TMT85 - Full Solutions<\/title>\n<meta name=\"robots\" content=\"index, follow, max-snippet:-1, max-image-preview:large, max-video-preview:-1\" \/>\n<link rel=\"canonical\" href=\"https:\/\/fullsolutions.info\/en\/product\/itemp-tmt85\/\" \/>\n<meta property=\"og:locale\" content=\"en_US\" \/>\n<meta property=\"og:type\" content=\"article\" \/>\n<meta property=\"og:title\" content=\"iTEMP TMT85 - Full Solutions\" \/>\n<meta property=\"og:description\" content=\"Endress + Hauser Transmissor de Temperatura iTEMP TMT85 Descri\u00e7\u00e3o do Produto Transmissor de temperatura de dupla entrada com comunica\u00e7\u00e3o FOUNDATION Fieldbus\u2122. Principais Caracter\u00edsticas: &#8211; Comunica\u00e7\u00e3o f\u00e1cil e padronizada via FOUNDATION Fieldbus\u2122 H1. &#8211; Atende aos requisitos de compatibilidade eletromagn\u00e9tica conforme NAMUR NE21 e \u00e0s recomenda\u00e7\u00f5es NE89 para transmissores de temperatura com processamento de sinal digital. &#8211; Design simplificado de pontos de medi\u00e7\u00e3o em \u00e1reas classificadas, gra\u00e7as \u00e0 conformidade FISCO\/FNICO de acordo com a IEC 600079-27. &#8211; Opera\u00e7\u00e3o segura em \u00e1reas perigosas gra\u00e7as a aprova\u00e7\u00f5es internacionais como &#8211; FM IS, NI &#8211; CSA IS, NI &#8211; ATEX Ex ia, Ex nA para instala\u00e7\u00e3o intrinsecamente segura na zona 1 e zona 2. &#8211; Alta precis\u00e3o atrav\u00e9s do ajuste sensor-transmissor. &#8211; Opera\u00e7\u00e3o confi\u00e1vel com monitoramento de sensor e reconhecimento de falhas de hardware do dispositivo. &#8211; V\u00e1rias vers\u00f5es de montagem e combina\u00e7\u00f5es de conex\u00e3o de sensor. &#8211; Conex\u00e3o r\u00e1pida sem ferramentas devido \u00e0 tecnologia de terminal de mola opcional. Campo de Aplica\u00e7\u00e3o: Transmissor de temperatura com 2 canais de entrada universais e protocolo FOUNDATION Fieldbus\u2122 para a convers\u00e3o de diferentes sinais de entrada em sinais de sa\u00edda digitais. O iTEMP\u00ae TMT85 destaca-se pela confiabilidade do sinal, estabilidade a longo prazo, alta precis\u00e3o e diagn\u00f3sticos avan\u00e7ados (importantes em processos cr\u00edticos). Para o mais alto n\u00edvel de seguran\u00e7a, disponibilidade e redu\u00e7\u00e3o de riscos. Entrada universal utiliz\u00e1vel para termorresist\u00eancia (RTD), termopar (TC), transmissor de resist\u00eancia (\u03a9) e transmissor de voltagem (mV). Transmissor estilo DIN B para encaixar nos menores cabe\u00e7otes de terminal ou em inv\u00f3lucros remotos de acordo com a DIN EN 50446. Instala\u00e7\u00e3o opcional em inv\u00f3lucros de campo, mesmo para uso em \u00e1reas Ex d. Suporte de montagem em tubo ou parede para o inv\u00f3lucro de campo.\" \/>\n<meta property=\"og:url\" content=\"https:\/\/fullsolutions.info\/en\/product\/itemp-tmt85\/\" \/>\n<meta property=\"og:site_name\" content=\"Full Solutions\" \/>\n<meta property=\"article:modified_time\" content=\"2024-02-19T16:12:47+00:00\" \/>\n<meta property=\"og:image\" content=\"https:\/\/mlhff0prgoxu.i.optimole.com\/cb:s0sM.767\/w:auto\/h:auto\/q:mauto\/f:best\/https:\/\/fullsolutions.info\/wp-content\/uploads\/2024\/02\/iTEMP-TMT85.jpeg\" \/>\n\t<meta property=\"og:image:width\" content=\"500\" \/>\n\t<meta property=\"og:image:height\" content=\"500\" \/>\n\t<meta property=\"og:image:type\" content=\"image\/jpeg\" \/>\n<meta name=\"twitter:card\" content=\"summary_large_image\" \/>\n<meta name=\"twitter:label1\" content=\"Est. reading time\" \/>\n\t<meta name=\"twitter:data1\" content=\"2 minutes\" \/>\n<script type=\"application\/ld+json\" class=\"yoast-schema-graph\">{\"@context\":\"https:\/\/schema.org\",\"@graph\":[{\"@type\":\"WebPage\",\"@id\":\"https:\/\/fullsolutions.info\/produto\/itemp-tmt85\/\",\"url\":\"https:\/\/fullsolutions.info\/produto\/itemp-tmt85\/\",\"name\":\"iTEMP TMT85 - Full Solutions\",\"isPartOf\":{\"@id\":\"https:\/\/fullsolutions.info\/#website\"},\"primaryImageOfPage\":{\"@id\":\"https:\/\/fullsolutions.info\/produto\/itemp-tmt85\/#primaryimage\"},\"image\":{\"@id\":\"https:\/\/fullsolutions.info\/produto\/itemp-tmt85\/#primaryimage\"},\"thumbnailUrl\":\"https:\/\/mlhff0prgoxu.i.optimole.com\/cb:s0sM.767\/w:auto\/h:auto\/q:mauto\/f:best\/https:\/\/fullsolutions.info\/wp-content\/uploads\/2024\/02\/iTEMP-TMT85.jpeg\",\"datePublished\":\"2024-02-02T16:31:53+00:00\",\"dateModified\":\"2024-02-19T16:12:47+00:00\",\"breadcrumb\":{\"@id\":\"https:\/\/fullsolutions.info\/produto\/itemp-tmt85\/#breadcrumb\"},\"inLanguage\":\"en-US\",\"potentialAction\":[{\"@type\":\"ReadAction\",\"target\":[\"https:\/\/fullsolutions.info\/produto\/itemp-tmt85\/\"]}]},{\"@type\":\"ImageObject\",\"inLanguage\":\"en-US\",\"@id\":\"https:\/\/fullsolutions.info\/produto\/itemp-tmt85\/#primaryimage\",\"url\":\"https:\/\/mlhff0prgoxu.i.optimole.com\/cb:s0sM.767\/w:auto\/h:auto\/q:mauto\/f:best\/https:\/\/fullsolutions.info\/wp-content\/uploads\/2024\/02\/iTEMP-TMT85.jpeg\",\"contentUrl\":\"https:\/\/mlhff0prgoxu.i.optimole.com\/cb:s0sM.767\/w:auto\/h:auto\/q:mauto\/f:best\/https:\/\/fullsolutions.info\/wp-content\/uploads\/2024\/02\/iTEMP-TMT85.jpeg\",\"width\":500,\"height\":500},{\"@type\":\"BreadcrumbList\",\"@id\":\"https:\/\/fullsolutions.info\/produto\/itemp-tmt85\/#breadcrumb\",\"itemListElement\":[{\"@type\":\"ListItem\",\"position\":1,\"name\":\"In\u00edcio\",\"item\":\"https:\/\/fullsolutions.info\/\"},{\"@type\":\"ListItem\",\"position\":2,\"name\":\"Produtos\",\"item\":\"https:\/\/fullsolutions.info\/shop\/\"},{\"@type\":\"ListItem\",\"position\":3,\"name\":\"iTEMP TMT85\"}]},{\"@type\":\"WebSite\",\"@id\":\"https:\/\/fullsolutions.info\/#website\",\"url\":\"https:\/\/fullsolutions.info\/\",\"name\":\"Full Solutions\",\"description\":\"Empresa na \u00c1rea de Procurement\",\"publisher\":{\"@id\":\"https:\/\/fullsolutions.info\/#organization\"},\"potentialAction\":[{\"@type\":\"SearchAction\",\"target\":{\"@type\":\"EntryPoint\",\"urlTemplate\":\"https:\/\/fullsolutions.info\/?s={search_term_string}\"},\"query-input\":{\"@type\":\"PropertyValueSpecification\",\"valueRequired\":true,\"valueName\":\"search_term_string\"}}],\"inLanguage\":\"en-US\"},{\"@type\":\"Organization\",\"@id\":\"https:\/\/fullsolutions.info\/#organization\",\"name\":\"Full Solutions\",\"url\":\"https:\/\/fullsolutions.info\/\",\"logo\":{\"@type\":\"ImageObject\",\"inLanguage\":\"en-US\",\"@id\":\"https:\/\/fullsolutions.info\/#\/schema\/logo\/image\/\",\"url\":\"https:\/\/mlhff0prgoxu.i.optimole.com\/cb:s0sM.767\/w:auto\/h:auto\/q:mauto\/f:best\/https:\/\/fullsolutions.info\/wp-content\/uploads\/2021\/07\/cropped-Design-sem-nome-300x193-1-e1627062664782.png\",\"contentUrl\":\"https:\/\/mlhff0prgoxu.i.optimole.com\/cb:s0sM.767\/w:auto\/h:auto\/q:mauto\/f:best\/https:\/\/fullsolutions.info\/wp-content\/uploads\/2021\/07\/cropped-Design-sem-nome-300x193-1-e1627062664782.png\",\"width\":202,\"height\":155,\"caption\":\"Full Solutions\"},\"image\":{\"@id\":\"https:\/\/fullsolutions.info\/#\/schema\/logo\/image\/\"},\"sameAs\":[\"https:\/\/www.linkedin.com\/company\/full-solutions-equipment\"]}]}<\/script>\n<!-- \/ Yoast SEO plugin. -->","yoast_head_json":{"title":"iTEMP TMT85 - Full Solutions","robots":{"index":"index","follow":"follow","max-snippet":"max-snippet:-1","max-image-preview":"max-image-preview:large","max-video-preview":"max-video-preview:-1"},"canonical":"https:\/\/fullsolutions.info\/en\/product\/itemp-tmt85\/","og_locale":"en_US","og_type":"article","og_title":"iTEMP TMT85 - Full Solutions","og_description":"Endress + Hauser Transmissor de Temperatura iTEMP TMT85 Descri\u00e7\u00e3o do Produto Transmissor de temperatura de dupla entrada com comunica\u00e7\u00e3o FOUNDATION Fieldbus\u2122. Principais Caracter\u00edsticas: &#8211; Comunica\u00e7\u00e3o f\u00e1cil e padronizada via FOUNDATION Fieldbus\u2122 H1. &#8211; Atende aos requisitos de compatibilidade eletromagn\u00e9tica conforme NAMUR NE21 e \u00e0s recomenda\u00e7\u00f5es NE89 para transmissores de temperatura com processamento de sinal digital. &#8211; Design simplificado de pontos de medi\u00e7\u00e3o em \u00e1reas classificadas, gra\u00e7as \u00e0 conformidade FISCO\/FNICO de acordo com a IEC 600079-27. &#8211; Opera\u00e7\u00e3o segura em \u00e1reas perigosas gra\u00e7as a aprova\u00e7\u00f5es internacionais como &#8211; FM IS, NI &#8211; CSA IS, NI &#8211; ATEX Ex ia, Ex nA para instala\u00e7\u00e3o intrinsecamente segura na zona 1 e zona 2. &#8211; Alta precis\u00e3o atrav\u00e9s do ajuste sensor-transmissor. &#8211; Opera\u00e7\u00e3o confi\u00e1vel com monitoramento de sensor e reconhecimento de falhas de hardware do dispositivo. &#8211; V\u00e1rias vers\u00f5es de montagem e combina\u00e7\u00f5es de conex\u00e3o de sensor. &#8211; Conex\u00e3o r\u00e1pida sem ferramentas devido \u00e0 tecnologia de terminal de mola opcional. Campo de Aplica\u00e7\u00e3o: Transmissor de temperatura com 2 canais de entrada universais e protocolo FOUNDATION Fieldbus\u2122 para a convers\u00e3o de diferentes sinais de entrada em sinais de sa\u00edda digitais. O iTEMP\u00ae TMT85 destaca-se pela confiabilidade do sinal, estabilidade a longo prazo, alta precis\u00e3o e diagn\u00f3sticos avan\u00e7ados (importantes em processos cr\u00edticos). Para o mais alto n\u00edvel de seguran\u00e7a, disponibilidade e redu\u00e7\u00e3o de riscos. Entrada universal utiliz\u00e1vel para termorresist\u00eancia (RTD), termopar (TC), transmissor de resist\u00eancia (\u03a9) e transmissor de voltagem (mV). Transmissor estilo DIN B para encaixar nos menores cabe\u00e7otes de terminal ou em inv\u00f3lucros remotos de acordo com a DIN EN 50446. Instala\u00e7\u00e3o opcional em inv\u00f3lucros de campo, mesmo para uso em \u00e1reas Ex d. Suporte de montagem em tubo ou parede para o inv\u00f3lucro de campo.","og_url":"https:\/\/fullsolutions.info\/en\/product\/itemp-tmt85\/","og_site_name":"Full Solutions","article_modified_time":"2024-02-19T16:12:47+00:00","og_image":[{"width":500,"height":500,"url":"https:\/\/mlhff0prgoxu.i.optimole.com\/cb:s0sM.767\/w:auto\/h:auto\/q:mauto\/f:best\/https:\/\/fullsolutions.info\/wp-content\/uploads\/2024\/02\/iTEMP-TMT85.jpeg","type":"image\/jpeg"}],"twitter_card":"summary_large_image","twitter_misc":{"Est. reading time":"2 minutes"},"schema":{"@context":"https:\/\/schema.org","@graph":[{"@type":"WebPage","@id":"https:\/\/fullsolutions.info\/produto\/itemp-tmt85\/","url":"https:\/\/fullsolutions.info\/produto\/itemp-tmt85\/","name":"iTEMP TMT85 - Full Solutions","isPartOf":{"@id":"https:\/\/fullsolutions.info\/#website"},"primaryImageOfPage":{"@id":"https:\/\/fullsolutions.info\/produto\/itemp-tmt85\/#primaryimage"},"image":{"@id":"https:\/\/fullsolutions.info\/produto\/itemp-tmt85\/#primaryimage"},"thumbnailUrl":"https:\/\/mlhff0prgoxu.i.optimole.com\/cb:s0sM.767\/w:auto\/h:auto\/q:mauto\/f:best\/https:\/\/fullsolutions.info\/wp-content\/uploads\/2024\/02\/iTEMP-TMT85.jpeg","datePublished":"2024-02-02T16:31:53+00:00","dateModified":"2024-02-19T16:12:47+00:00","breadcrumb":{"@id":"https:\/\/fullsolutions.info\/produto\/itemp-tmt85\/#breadcrumb"},"inLanguage":"en-US","potentialAction":[{"@type":"ReadAction","target":["https:\/\/fullsolutions.info\/produto\/itemp-tmt85\/"]}]},{"@type":"ImageObject","inLanguage":"en-US","@id":"https:\/\/fullsolutions.info\/produto\/itemp-tmt85\/#primaryimage","url":"https:\/\/mlhff0prgoxu.i.optimole.com\/cb:s0sM.767\/w:auto\/h:auto\/q:mauto\/f:best\/https:\/\/fullsolutions.info\/wp-content\/uploads\/2024\/02\/iTEMP-TMT85.jpeg","contentUrl":"https:\/\/mlhff0prgoxu.i.optimole.com\/cb:s0sM.767\/w:auto\/h:auto\/q:mauto\/f:best\/https:\/\/fullsolutions.info\/wp-content\/uploads\/2024\/02\/iTEMP-TMT85.jpeg","width":500,"height":500},{"@type":"BreadcrumbList","@id":"https:\/\/fullsolutions.info\/produto\/itemp-tmt85\/#breadcrumb","itemListElement":[{"@type":"ListItem","position":1,"name":"In\u00edcio","item":"https:\/\/fullsolutions.info\/"},{"@type":"ListItem","position":2,"name":"Produtos","item":"https:\/\/fullsolutions.info\/shop\/"},{"@type":"ListItem","position":3,"name":"iTEMP TMT85"}]},{"@type":"WebSite","@id":"https:\/\/fullsolutions.info\/#website","url":"https:\/\/fullsolutions.info\/","name":"Full Solutions","description":"Empresa na \u00c1rea de Procurement","publisher":{"@id":"https:\/\/fullsolutions.info\/#organization"},"potentialAction":[{"@type":"SearchAction","target":{"@type":"EntryPoint","urlTemplate":"https:\/\/fullsolutions.info\/?s={search_term_string}"},"query-input":{"@type":"PropertyValueSpecification","valueRequired":true,"valueName":"search_term_string"}}],"inLanguage":"en-US"},{"@type":"Organization","@id":"https:\/\/fullsolutions.info\/#organization","name":"Full Solutions","url":"https:\/\/fullsolutions.info\/","logo":{"@type":"ImageObject","inLanguage":"en-US","@id":"https:\/\/fullsolutions.info\/#\/schema\/logo\/image\/","url":"https:\/\/mlhff0prgoxu.i.optimole.com\/cb:s0sM.767\/w:auto\/h:auto\/q:mauto\/f:best\/https:\/\/fullsolutions.info\/wp-content\/uploads\/2021\/07\/cropped-Design-sem-nome-300x193-1-e1627062664782.png","contentUrl":"https:\/\/mlhff0prgoxu.i.optimole.com\/cb:s0sM.767\/w:auto\/h:auto\/q:mauto\/f:best\/https:\/\/fullsolutions.info\/wp-content\/uploads\/2021\/07\/cropped-Design-sem-nome-300x193-1-e1627062664782.png","width":202,"height":155,"caption":"Full Solutions"},"image":{"@id":"https:\/\/fullsolutions.info\/#\/schema\/logo\/image\/"},"sameAs":["https:\/\/www.linkedin.com\/company\/full-solutions-equipment"]}]}},"_links":{"self":[{"href":"https:\/\/fullsolutions.info\/en\/wp-json\/wp\/v2\/product\/4342","targetHints":{"allow":["GET"]}}],"collection":[{"href":"https:\/\/fullsolutions.info\/en\/wp-json\/wp\/v2\/product"}],"about":[{"href":"https:\/\/fullsolutions.info\/en\/wp-json\/wp\/v2\/types\/product"}],"replies":[{"embeddable":true,"href":"https:\/\/fullsolutions.info\/en\/wp-json\/wp\/v2\/comments?post=4342"}],"wp:featuredmedia":[{"embeddable":true,"href":"https:\/\/fullsolutions.info\/en\/wp-json\/wp\/v2\/media\/4345"}],"wp:attachment":[{"href":"https:\/\/fullsolutions.info\/en\/wp-json\/wp\/v2\/media?parent=4342"}],"wp:term":[{"taxonomy":"product_brand","embeddable":true,"href":"https:\/\/fullsolutions.info\/en\/wp-json\/wp\/v2\/product_brand?post=4342"},{"taxonomy":"product_cat","embeddable":true,"href":"https:\/\/fullsolutions.info\/en\/wp-json\/wp\/v2\/product_cat?post=4342"},{"taxonomy":"product_tag","embeddable":true,"href":"https:\/\/fullsolutions.info\/en\/wp-json\/wp\/v2\/product_tag?post=4342"},{"taxonomy":"marca","embeddable":true,"href":"https:\/\/fullsolutions.info\/en\/wp-json\/wp\/v2\/marca?post=4342"}],"curies":[{"name":"wp","href":"https:\/\/api.w.org\/{rel}","templated":true}]}}