{"id":4339,"date":"2024-02-02T16:29:32","date_gmt":"2024-02-02T16:29:32","guid":{"rendered":"https:\/\/fullsolutionsequip.com\/?post_type=product&#038;p=4339"},"modified":"2024-02-19T16:12:48","modified_gmt":"2024-02-19T16:12:48","slug":"medidores-coriolis-cng050","status":"publish","type":"product","link":"https:\/\/fullsolutions.info\/en\/product\/medidores-coriolis-cng050\/","title":{"rendered":"Medidores Coriolis CNG050"},"content":{"rendered":"<p>O medidor de g\u00e1s natural comprimido (CNG) Micro Motion CNG050 foi projetado especificamente para a ind\u00fastria de abastecimento de combust\u00edveis CNG, enfrentando os desafios de medir g\u00e1s natural comprimido para transfer\u00eancia de cust\u00f3dia. Com mais de 50.000 instala\u00e7\u00f5es em todo o mundo, o CNG050 \u00e9 o medidor preferido dos principais fabricantes de equipamentos de abastecimento de CNG.<\/p>\n<p>Os medidores de Coriolis CNG050 s\u00e3o compat\u00edveis com os seguintes transmissores:<\/p>\n<ul>\n<li>Transmissores Modelo 1500\/2500<\/li>\n<li>Transmissores Modelo 1700\/2700<\/li>\n<li>Transmissores da S\u00e9rie 3000<\/li>\n<\/ul>\n<p><strong>Recursos e Benef\u00edcios:<\/strong><\/p>\n<p><strong>Recursos:<\/strong><\/p>\n<ul>\n<li>Tamanho \u00fanico para todos &#8211; 40 a 4444 SCFM (68 a 7550 Nm3\/hr)<\/li>\n<li>Material de constru\u00e7\u00e3o em a\u00e7o inoxid\u00e1vel 316<\/li>\n<li>Classifica\u00e7\u00e3o de press\u00e3o at\u00e9 5000 psi (345 bar)<\/li>\n<li>Faixa de temperatura de -40 a 257\u00b0F (-40 a 125\u00b0C)<\/li>\n<li>Precis\u00e3o de medi\u00e7\u00e3o de massa de \u00b1 0,5% (CNG)<\/li>\n<li>Tecnologia MicroMotion MVD\u2122 DirectConnect\u2122 para integra\u00e7\u00e3o digital direta entre o sensor e a eletr\u00f4nica do cabe\u00e7ote do dispensador<\/li>\n<\/ul>\n<p><strong>Benef\u00edcios:<\/strong><\/p>\n<ul>\n<li>Solu\u00e7\u00e3o de medidor \u00fanico projetada especificamente para uso em dispensadores de ve\u00edculos leves e pesados<\/li>\n<li>Tempo de enchimento reduzido com maior capacidade de vaz\u00e3o<\/li>\n<li>Variedade de op\u00e7\u00f5es de transmissores fornece sa\u00eddas multivari\u00e1veis para atender a quaisquer requisitos de design do dispensador<\/li>\n<li>Design compacto sem pe\u00e7as m\u00f3veis, sem montagem especial e sem condicionamento de fluxo necess\u00e1rio<\/li>\n<li>Entrega r\u00e1pida e suporte global<\/li>\n<\/ul>","protected":false},"excerpt":{"rendered":"<p>O medidor de g\u00e1s natural comprimido (CNG) Micro Motion CNG050 foi projetado especificamente para a ind\u00fastria de abastecimento de combust\u00edveis CNG, enfrentando os desafios de medir g\u00e1s natural comprimido para transfer\u00eancia de cust\u00f3dia. Com mais de 50.000 instala\u00e7\u00f5es em todo o mundo, o CNG050 \u00e9 o medidor preferido dos principais fabricantes de equipamentos de abastecimento de CNG. Os medidores de Coriolis CNG050 s\u00e3o compat\u00edveis com os seguintes transmissores: Transmissores Modelo 1500\/2500 Transmissores Modelo 1700\/2700 Transmissores da S\u00e9rie 3000 Recursos e Benef\u00edcios: Recursos: Tamanho \u00fanico para todos &#8211; 40 a 4444 SCFM (68 a 7550 Nm3\/hr) Material de constru\u00e7\u00e3o em a\u00e7o inoxid\u00e1vel 316 Classifica\u00e7\u00e3o de press\u00e3o at\u00e9 5000 psi (345 bar) Faixa de temperatura de -40 a 257\u00b0F (-40 a 125\u00b0C) Precis\u00e3o de medi\u00e7\u00e3o de massa de \u00b1 0,5% (CNG) Tecnologia MicroMotion MVD\u2122 DirectConnect\u2122 para integra\u00e7\u00e3o digital direta entre o sensor e a eletr\u00f4nica do cabe\u00e7ote do dispensador Benef\u00edcios: Solu\u00e7\u00e3o de medidor \u00fanico projetada especificamente para uso em dispensadores de ve\u00edculos leves e pesados Tempo de enchimento reduzido com maior capacidade de vaz\u00e3o Variedade de op\u00e7\u00f5es de transmissores fornece sa\u00eddas multivari\u00e1veis para atender a quaisquer requisitos de design do dispensador Design compacto sem pe\u00e7as m\u00f3veis, sem montagem especial e sem condicionamento de fluxo necess\u00e1rio Entrega r\u00e1pida e suporte global<\/p>","protected":false},"featured_media":4341,"comment_status":"open","ping_status":"closed","template":"","meta":{"_joinchat":[]},"product_brand":[],"product_cat":[146],"product_tag":[],"marca":[148],"class_list":{"0":"post-4339","1":"product","2":"type-product","3":"status-publish","4":"has-post-thumbnail","6":"product_cat-medidores-de-vazao-e-tubos-de-vazao","7":"marca-micro-motion","9":"first","10":"instock","11":"shipping-taxable","12":"purchasable","13":"product-type-simple"},"yoast_head":"<!-- This site is optimized with the Yoast SEO plugin v27.2 - https:\/\/yoast.com\/product\/yoast-seo-wordpress\/ -->\n<title>Medidores Coriolis CNG050 - Full Solutions<\/title>\n<meta name=\"robots\" content=\"index, follow, max-snippet:-1, max-image-preview:large, max-video-preview:-1\" \/>\n<link rel=\"canonical\" href=\"https:\/\/fullsolutions.info\/en\/product\/medidores-coriolis-cng050\/\" \/>\n<meta property=\"og:locale\" content=\"en_US\" \/>\n<meta property=\"og:type\" content=\"article\" \/>\n<meta property=\"og:title\" content=\"Medidores Coriolis CNG050 - Full Solutions\" \/>\n<meta property=\"og:description\" content=\"O medidor de g\u00e1s natural comprimido (CNG) Micro Motion CNG050 foi projetado especificamente para a ind\u00fastria de abastecimento de combust\u00edveis CNG, enfrentando os desafios de medir g\u00e1s natural comprimido para transfer\u00eancia de cust\u00f3dia. Com mais de 50.000 instala\u00e7\u00f5es em todo o mundo, o CNG050 \u00e9 o medidor preferido dos principais fabricantes de equipamentos de abastecimento de CNG. Os medidores de Coriolis CNG050 s\u00e3o compat\u00edveis com os seguintes transmissores: Transmissores Modelo 1500\/2500 Transmissores Modelo 1700\/2700 Transmissores da S\u00e9rie 3000 Recursos e Benef\u00edcios: Recursos: Tamanho \u00fanico para todos &#8211; 40 a 4444 SCFM (68 a 7550 Nm3\/hr) Material de constru\u00e7\u00e3o em a\u00e7o inoxid\u00e1vel 316 Classifica\u00e7\u00e3o de press\u00e3o at\u00e9 5000 psi (345 bar) Faixa de temperatura de -40 a 257\u00b0F (-40 a 125\u00b0C) Precis\u00e3o de medi\u00e7\u00e3o de massa de \u00b1 0,5% (CNG) Tecnologia MicroMotion MVD\u2122 DirectConnect\u2122 para integra\u00e7\u00e3o digital direta entre o sensor e a eletr\u00f4nica do cabe\u00e7ote do dispensador Benef\u00edcios: Solu\u00e7\u00e3o de medidor \u00fanico projetada especificamente para uso em dispensadores de ve\u00edculos leves e pesados Tempo de enchimento reduzido com maior capacidade de vaz\u00e3o Variedade de op\u00e7\u00f5es de transmissores fornece sa\u00eddas multivari\u00e1veis para atender a quaisquer requisitos de design do dispensador Design compacto sem pe\u00e7as m\u00f3veis, sem montagem especial e sem condicionamento de fluxo necess\u00e1rio Entrega r\u00e1pida e suporte global\" \/>\n<meta property=\"og:url\" content=\"https:\/\/fullsolutions.info\/en\/product\/medidores-coriolis-cng050\/\" \/>\n<meta property=\"og:site_name\" content=\"Full Solutions\" \/>\n<meta property=\"article:modified_time\" content=\"2024-02-19T16:12:48+00:00\" \/>\n<meta property=\"og:image\" content=\"https:\/\/mlhff0prgoxu.i.optimole.com\/cb:s0sM.767\/w:auto\/h:auto\/q:mauto\/f:best\/https:\/\/fullsolutions.info\/wp-content\/uploads\/2024\/02\/Micro-motion-CNG050-Coriolis-Meters-1.jpg\" \/>\n\t<meta property=\"og:image:width\" content=\"563\" \/>\n\t<meta property=\"og:image:height\" content=\"427\" \/>\n\t<meta property=\"og:image:type\" content=\"image\/jpeg\" \/>\n<meta name=\"twitter:card\" content=\"summary_large_image\" \/>\n<meta name=\"twitter:label1\" content=\"Est. reading time\" \/>\n\t<meta name=\"twitter:data1\" content=\"1 minute\" \/>\n<script type=\"application\/ld+json\" class=\"yoast-schema-graph\">{\"@context\":\"https:\/\/schema.org\",\"@graph\":[{\"@type\":\"WebPage\",\"@id\":\"https:\/\/fullsolutions.info\/produto\/medidores-coriolis-cng050\/\",\"url\":\"https:\/\/fullsolutions.info\/produto\/medidores-coriolis-cng050\/\",\"name\":\"Medidores Coriolis CNG050 - Full Solutions\",\"isPartOf\":{\"@id\":\"https:\/\/fullsolutions.info\/#website\"},\"primaryImageOfPage\":{\"@id\":\"https:\/\/fullsolutions.info\/produto\/medidores-coriolis-cng050\/#primaryimage\"},\"image\":{\"@id\":\"https:\/\/fullsolutions.info\/produto\/medidores-coriolis-cng050\/#primaryimage\"},\"thumbnailUrl\":\"https:\/\/mlhff0prgoxu.i.optimole.com\/cb:s0sM.767\/w:auto\/h:auto\/q:mauto\/f:best\/https:\/\/fullsolutions.info\/wp-content\/uploads\/2024\/02\/Micro-motion-CNG050-Coriolis-Meters-1.jpg\",\"datePublished\":\"2024-02-02T16:29:32+00:00\",\"dateModified\":\"2024-02-19T16:12:48+00:00\",\"breadcrumb\":{\"@id\":\"https:\/\/fullsolutions.info\/produto\/medidores-coriolis-cng050\/#breadcrumb\"},\"inLanguage\":\"en-US\",\"potentialAction\":[{\"@type\":\"ReadAction\",\"target\":[\"https:\/\/fullsolutions.info\/produto\/medidores-coriolis-cng050\/\"]}]},{\"@type\":\"ImageObject\",\"inLanguage\":\"en-US\",\"@id\":\"https:\/\/fullsolutions.info\/produto\/medidores-coriolis-cng050\/#primaryimage\",\"url\":\"https:\/\/mlhff0prgoxu.i.optimole.com\/cb:s0sM.767\/w:auto\/h:auto\/q:mauto\/f:best\/https:\/\/fullsolutions.info\/wp-content\/uploads\/2024\/02\/Micro-motion-CNG050-Coriolis-Meters-1.jpg\",\"contentUrl\":\"https:\/\/mlhff0prgoxu.i.optimole.com\/cb:s0sM.767\/w:auto\/h:auto\/q:mauto\/f:best\/https:\/\/fullsolutions.info\/wp-content\/uploads\/2024\/02\/Micro-motion-CNG050-Coriolis-Meters-1.jpg\",\"width\":563,\"height\":427},{\"@type\":\"BreadcrumbList\",\"@id\":\"https:\/\/fullsolutions.info\/produto\/medidores-coriolis-cng050\/#breadcrumb\",\"itemListElement\":[{\"@type\":\"ListItem\",\"position\":1,\"name\":\"In\u00edcio\",\"item\":\"https:\/\/fullsolutions.info\/\"},{\"@type\":\"ListItem\",\"position\":2,\"name\":\"Produtos\",\"item\":\"https:\/\/fullsolutions.info\/shop\/\"},{\"@type\":\"ListItem\",\"position\":3,\"name\":\"Medidores Coriolis CNG050\"}]},{\"@type\":\"WebSite\",\"@id\":\"https:\/\/fullsolutions.info\/#website\",\"url\":\"https:\/\/fullsolutions.info\/\",\"name\":\"Full Solutions\",\"description\":\"Empresa na \u00c1rea de Procurement\",\"publisher\":{\"@id\":\"https:\/\/fullsolutions.info\/#organization\"},\"potentialAction\":[{\"@type\":\"SearchAction\",\"target\":{\"@type\":\"EntryPoint\",\"urlTemplate\":\"https:\/\/fullsolutions.info\/?s={search_term_string}\"},\"query-input\":{\"@type\":\"PropertyValueSpecification\",\"valueRequired\":true,\"valueName\":\"search_term_string\"}}],\"inLanguage\":\"en-US\"},{\"@type\":\"Organization\",\"@id\":\"https:\/\/fullsolutions.info\/#organization\",\"name\":\"Full Solutions\",\"url\":\"https:\/\/fullsolutions.info\/\",\"logo\":{\"@type\":\"ImageObject\",\"inLanguage\":\"en-US\",\"@id\":\"https:\/\/fullsolutions.info\/#\/schema\/logo\/image\/\",\"url\":\"https:\/\/mlhff0prgoxu.i.optimole.com\/cb:s0sM.767\/w:auto\/h:auto\/q:mauto\/f:best\/https:\/\/fullsolutions.info\/wp-content\/uploads\/2021\/07\/cropped-Design-sem-nome-300x193-1-e1627062664782.png\",\"contentUrl\":\"https:\/\/mlhff0prgoxu.i.optimole.com\/cb:s0sM.767\/w:auto\/h:auto\/q:mauto\/f:best\/https:\/\/fullsolutions.info\/wp-content\/uploads\/2021\/07\/cropped-Design-sem-nome-300x193-1-e1627062664782.png\",\"width\":202,\"height\":155,\"caption\":\"Full Solutions\"},\"image\":{\"@id\":\"https:\/\/fullsolutions.info\/#\/schema\/logo\/image\/\"},\"sameAs\":[\"https:\/\/www.linkedin.com\/company\/full-solutions-equipment\"]}]}<\/script>\n<!-- \/ Yoast SEO plugin. -->","yoast_head_json":{"title":"Medidores Coriolis CNG050 - Full Solutions","robots":{"index":"index","follow":"follow","max-snippet":"max-snippet:-1","max-image-preview":"max-image-preview:large","max-video-preview":"max-video-preview:-1"},"canonical":"https:\/\/fullsolutions.info\/en\/product\/medidores-coriolis-cng050\/","og_locale":"en_US","og_type":"article","og_title":"Medidores Coriolis CNG050 - Full Solutions","og_description":"O medidor de g\u00e1s natural comprimido (CNG) Micro Motion CNG050 foi projetado especificamente para a ind\u00fastria de abastecimento de combust\u00edveis CNG, enfrentando os desafios de medir g\u00e1s natural comprimido para transfer\u00eancia de cust\u00f3dia. Com mais de 50.000 instala\u00e7\u00f5es em todo o mundo, o CNG050 \u00e9 o medidor preferido dos principais fabricantes de equipamentos de abastecimento de CNG. Os medidores de Coriolis CNG050 s\u00e3o compat\u00edveis com os seguintes transmissores: Transmissores Modelo 1500\/2500 Transmissores Modelo 1700\/2700 Transmissores da S\u00e9rie 3000 Recursos e Benef\u00edcios: Recursos: Tamanho \u00fanico para todos &#8211; 40 a 4444 SCFM (68 a 7550 Nm3\/hr) Material de constru\u00e7\u00e3o em a\u00e7o inoxid\u00e1vel 316 Classifica\u00e7\u00e3o de press\u00e3o at\u00e9 5000 psi (345 bar) Faixa de temperatura de -40 a 257\u00b0F (-40 a 125\u00b0C) Precis\u00e3o de medi\u00e7\u00e3o de massa de \u00b1 0,5% (CNG) Tecnologia MicroMotion MVD\u2122 DirectConnect\u2122 para integra\u00e7\u00e3o digital direta entre o sensor e a eletr\u00f4nica do cabe\u00e7ote do dispensador Benef\u00edcios: Solu\u00e7\u00e3o de medidor \u00fanico projetada especificamente para uso em dispensadores de ve\u00edculos leves e pesados Tempo de enchimento reduzido com maior capacidade de vaz\u00e3o Variedade de op\u00e7\u00f5es de transmissores fornece sa\u00eddas multivari\u00e1veis para atender a quaisquer requisitos de design do dispensador Design compacto sem pe\u00e7as m\u00f3veis, sem montagem especial e sem condicionamento de fluxo necess\u00e1rio Entrega r\u00e1pida e suporte global","og_url":"https:\/\/fullsolutions.info\/en\/product\/medidores-coriolis-cng050\/","og_site_name":"Full Solutions","article_modified_time":"2024-02-19T16:12:48+00:00","og_image":[{"width":563,"height":427,"url":"https:\/\/mlhff0prgoxu.i.optimole.com\/cb:s0sM.767\/w:auto\/h:auto\/q:mauto\/f:best\/https:\/\/fullsolutions.info\/wp-content\/uploads\/2024\/02\/Micro-motion-CNG050-Coriolis-Meters-1.jpg","type":"image\/jpeg"}],"twitter_card":"summary_large_image","twitter_misc":{"Est. reading time":"1 minute"},"schema":{"@context":"https:\/\/schema.org","@graph":[{"@type":"WebPage","@id":"https:\/\/fullsolutions.info\/produto\/medidores-coriolis-cng050\/","url":"https:\/\/fullsolutions.info\/produto\/medidores-coriolis-cng050\/","name":"Medidores Coriolis CNG050 - Full Solutions","isPartOf":{"@id":"https:\/\/fullsolutions.info\/#website"},"primaryImageOfPage":{"@id":"https:\/\/fullsolutions.info\/produto\/medidores-coriolis-cng050\/#primaryimage"},"image":{"@id":"https:\/\/fullsolutions.info\/produto\/medidores-coriolis-cng050\/#primaryimage"},"thumbnailUrl":"https:\/\/mlhff0prgoxu.i.optimole.com\/cb:s0sM.767\/w:auto\/h:auto\/q:mauto\/f:best\/https:\/\/fullsolutions.info\/wp-content\/uploads\/2024\/02\/Micro-motion-CNG050-Coriolis-Meters-1.jpg","datePublished":"2024-02-02T16:29:32+00:00","dateModified":"2024-02-19T16:12:48+00:00","breadcrumb":{"@id":"https:\/\/fullsolutions.info\/produto\/medidores-coriolis-cng050\/#breadcrumb"},"inLanguage":"en-US","potentialAction":[{"@type":"ReadAction","target":["https:\/\/fullsolutions.info\/produto\/medidores-coriolis-cng050\/"]}]},{"@type":"ImageObject","inLanguage":"en-US","@id":"https:\/\/fullsolutions.info\/produto\/medidores-coriolis-cng050\/#primaryimage","url":"https:\/\/mlhff0prgoxu.i.optimole.com\/cb:s0sM.767\/w:auto\/h:auto\/q:mauto\/f:best\/https:\/\/fullsolutions.info\/wp-content\/uploads\/2024\/02\/Micro-motion-CNG050-Coriolis-Meters-1.jpg","contentUrl":"https:\/\/mlhff0prgoxu.i.optimole.com\/cb:s0sM.767\/w:auto\/h:auto\/q:mauto\/f:best\/https:\/\/fullsolutions.info\/wp-content\/uploads\/2024\/02\/Micro-motion-CNG050-Coriolis-Meters-1.jpg","width":563,"height":427},{"@type":"BreadcrumbList","@id":"https:\/\/fullsolutions.info\/produto\/medidores-coriolis-cng050\/#breadcrumb","itemListElement":[{"@type":"ListItem","position":1,"name":"In\u00edcio","item":"https:\/\/fullsolutions.info\/"},{"@type":"ListItem","position":2,"name":"Produtos","item":"https:\/\/fullsolutions.info\/shop\/"},{"@type":"ListItem","position":3,"name":"Medidores Coriolis CNG050"}]},{"@type":"WebSite","@id":"https:\/\/fullsolutions.info\/#website","url":"https:\/\/fullsolutions.info\/","name":"Full Solutions","description":"Empresa na \u00c1rea de Procurement","publisher":{"@id":"https:\/\/fullsolutions.info\/#organization"},"potentialAction":[{"@type":"SearchAction","target":{"@type":"EntryPoint","urlTemplate":"https:\/\/fullsolutions.info\/?s={search_term_string}"},"query-input":{"@type":"PropertyValueSpecification","valueRequired":true,"valueName":"search_term_string"}}],"inLanguage":"en-US"},{"@type":"Organization","@id":"https:\/\/fullsolutions.info\/#organization","name":"Full Solutions","url":"https:\/\/fullsolutions.info\/","logo":{"@type":"ImageObject","inLanguage":"en-US","@id":"https:\/\/fullsolutions.info\/#\/schema\/logo\/image\/","url":"https:\/\/mlhff0prgoxu.i.optimole.com\/cb:s0sM.767\/w:auto\/h:auto\/q:mauto\/f:best\/https:\/\/fullsolutions.info\/wp-content\/uploads\/2021\/07\/cropped-Design-sem-nome-300x193-1-e1627062664782.png","contentUrl":"https:\/\/mlhff0prgoxu.i.optimole.com\/cb:s0sM.767\/w:auto\/h:auto\/q:mauto\/f:best\/https:\/\/fullsolutions.info\/wp-content\/uploads\/2021\/07\/cropped-Design-sem-nome-300x193-1-e1627062664782.png","width":202,"height":155,"caption":"Full Solutions"},"image":{"@id":"https:\/\/fullsolutions.info\/#\/schema\/logo\/image\/"},"sameAs":["https:\/\/www.linkedin.com\/company\/full-solutions-equipment"]}]}},"_links":{"self":[{"href":"https:\/\/fullsolutions.info\/en\/wp-json\/wp\/v2\/product\/4339","targetHints":{"allow":["GET"]}}],"collection":[{"href":"https:\/\/fullsolutions.info\/en\/wp-json\/wp\/v2\/product"}],"about":[{"href":"https:\/\/fullsolutions.info\/en\/wp-json\/wp\/v2\/types\/product"}],"replies":[{"embeddable":true,"href":"https:\/\/fullsolutions.info\/en\/wp-json\/wp\/v2\/comments?post=4339"}],"wp:featuredmedia":[{"embeddable":true,"href":"https:\/\/fullsolutions.info\/en\/wp-json\/wp\/v2\/media\/4341"}],"wp:attachment":[{"href":"https:\/\/fullsolutions.info\/en\/wp-json\/wp\/v2\/media?parent=4339"}],"wp:term":[{"taxonomy":"product_brand","embeddable":true,"href":"https:\/\/fullsolutions.info\/en\/wp-json\/wp\/v2\/product_brand?post=4339"},{"taxonomy":"product_cat","embeddable":true,"href":"https:\/\/fullsolutions.info\/en\/wp-json\/wp\/v2\/product_cat?post=4339"},{"taxonomy":"product_tag","embeddable":true,"href":"https:\/\/fullsolutions.info\/en\/wp-json\/wp\/v2\/product_tag?post=4339"},{"taxonomy":"marca","embeddable":true,"href":"https:\/\/fullsolutions.info\/en\/wp-json\/wp\/v2\/marca?post=4339"}],"curies":[{"name":"wp","href":"https:\/\/api.w.org\/{rel}","templated":true}]}}