{"id":4332,"date":"2024-02-02T16:27:53","date_gmt":"2024-02-02T16:27:53","guid":{"rendered":"https:\/\/fullsolutionsequip.com\/?post_type=product&#038;p=4332"},"modified":"2024-02-19T16:12:48","modified_gmt":"2024-02-19T16:12:48","slug":"sensor-wafer-8711","status":"publish","type":"product","link":"https:\/\/fullsolutions.info\/en\/product\/sensor-wafer-8711\/","title":{"rendered":"Sensor Wafer 8711"},"content":{"rendered":"<p>O design sem flange do sensor 8711 torna-o uma alternativa econ\u00f4mica, compacta e leve aos medidores magn\u00e9ticos com flange. An\u00e9is de alinhamento fornecidos com cada 8711 centralizam o sensor na linha de processo e facilitam a instala\u00e7\u00e3o.<\/p>\n<p><strong>Caracter\u00edsticas e Benef\u00edcios:<\/strong><\/p>\n<ul>\n<li><strong>Constru\u00e7\u00e3o sem Flange para Dimens\u00f5es e Peso M\u00ednimos:<\/strong>\n<ul>\n<li>Design econ\u00f4mico, compacto e leve, oferecendo uma alternativa vantajosa.<\/li>\n<li>An\u00e9is de alinhamento facilitam a instala\u00e7\u00e3o.<\/li>\n<\/ul>\n<\/li>\n<li><strong>Sensor Leve e F\u00e1cil de Instalar para Muitas Aplica\u00e7\u00f5es Comuns de Fluxo:<\/strong>\n<ul>\n<li>Projetado para facilitar a instala\u00e7\u00e3o em diversas aplica\u00e7\u00f5es de fluxo comuns.<\/li>\n<\/ul>\n<\/li>\n<li><strong>Ampla Variedade de Tamanhos e Materiais de Eletrodo para Atender Suas Necessidades:<\/strong>\n<ul>\n<li>Dispon\u00edvel em tamanhos de 0,15 a 8 polegadas (4 a 200 mm).<\/li>\n<li>Sensores revestidos com ETFE v\u00eam com uma escolha de materiais de eletrodo para se adequar \u00e0 maioria dos fluidos de processo.<\/li>\n<li>Sensores revestidos com PTFE est\u00e3o dispon\u00edveis para aplica\u00e7\u00f5es que requerem material de revestimento aprovado pela FDA.<\/li>\n<\/ul>\n<\/li>\n<\/ul>\n<p><strong>Aplica\u00e7\u00f5es:<\/strong><\/p>\n<ul>\n<li>Os Sistemas de Medidores Magn\u00e9ticos 8700 proporcionam uma medi\u00e7\u00e3o de fluxo sem obstru\u00e7\u00f5es, ideal para medir qualquer fluido condutivo.<\/li>\n<li>Adequado para uma ampla variedade de aplica\u00e7\u00f5es, desde l\u00edquidos altamente corrosivos at\u00e9 polpas fibrosas frequentemente consideradas dif\u00edceis de medir com outros dispositivos.<\/li>\n<li>Os Medidores Magn\u00e9ticos Rosemount oferecem a vantagem de medir o fluxo em um pacote virtualmente n\u00e3o afetado por mudan\u00e7as de densidade, temperatura, press\u00e3o e viscosidade.<\/li>\n<\/ul>","protected":false},"excerpt":{"rendered":"<p>O design sem flange do sensor 8711 torna-o uma alternativa econ\u00f4mica, compacta e leve aos medidores magn\u00e9ticos com flange. An\u00e9is de alinhamento fornecidos com cada 8711 centralizam o sensor na linha de processo e facilitam a instala\u00e7\u00e3o. Caracter\u00edsticas e Benef\u00edcios: Constru\u00e7\u00e3o sem Flange para Dimens\u00f5es e Peso M\u00ednimos: Design econ\u00f4mico, compacto e leve, oferecendo uma alternativa vantajosa. An\u00e9is de alinhamento facilitam a instala\u00e7\u00e3o. Sensor Leve e F\u00e1cil de Instalar para Muitas Aplica\u00e7\u00f5es Comuns de Fluxo: Projetado para facilitar a instala\u00e7\u00e3o em diversas aplica\u00e7\u00f5es de fluxo comuns. Ampla Variedade de Tamanhos e Materiais de Eletrodo para Atender Suas Necessidades: Dispon\u00edvel em tamanhos de 0,15 a 8 polegadas (4 a 200 mm). Sensores revestidos com ETFE v\u00eam com uma escolha de materiais de eletrodo para se adequar \u00e0 maioria dos fluidos de processo. Sensores revestidos com PTFE est\u00e3o dispon\u00edveis para aplica\u00e7\u00f5es que requerem material de revestimento aprovado pela FDA. Aplica\u00e7\u00f5es: Os Sistemas de Medidores Magn\u00e9ticos 8700 proporcionam uma medi\u00e7\u00e3o de fluxo sem obstru\u00e7\u00f5es, ideal para medir qualquer fluido condutivo. Adequado para uma ampla variedade de aplica\u00e7\u00f5es, desde l\u00edquidos altamente corrosivos at\u00e9 polpas fibrosas frequentemente consideradas dif\u00edceis de medir com outros dispositivos. Os Medidores Magn\u00e9ticos Rosemount oferecem a vantagem de medir o fluxo em um pacote virtualmente n\u00e3o afetado por mudan\u00e7as de densidade, temperatura, press\u00e3o e viscosidade.<\/p>","protected":false},"featured_media":4335,"comment_status":"open","ping_status":"closed","template":"","meta":{"_joinchat":[]},"product_brand":[],"product_cat":[146],"product_tag":[],"marca":[141],"class_list":{"0":"post-4332","1":"product","2":"type-product","3":"status-publish","4":"has-post-thumbnail","6":"product_cat-medidores-de-vazao-e-tubos-de-vazao","7":"marca-rosemount","9":"first","10":"instock","11":"shipping-taxable","12":"purchasable","13":"product-type-simple"},"yoast_head":"<!-- This site is optimized with the Yoast SEO plugin v27.2 - https:\/\/yoast.com\/product\/yoast-seo-wordpress\/ -->\n<title>Sensor Wafer 8711 - Full Solutions<\/title>\n<meta name=\"robots\" content=\"index, follow, max-snippet:-1, max-image-preview:large, max-video-preview:-1\" \/>\n<link rel=\"canonical\" href=\"https:\/\/fullsolutions.info\/en\/product\/sensor-wafer-8711\/\" \/>\n<meta property=\"og:locale\" content=\"en_US\" \/>\n<meta property=\"og:type\" content=\"article\" \/>\n<meta property=\"og:title\" content=\"Sensor Wafer 8711 - Full Solutions\" \/>\n<meta property=\"og:description\" content=\"O design sem flange do sensor 8711 torna-o uma alternativa econ\u00f4mica, compacta e leve aos medidores magn\u00e9ticos com flange. An\u00e9is de alinhamento fornecidos com cada 8711 centralizam o sensor na linha de processo e facilitam a instala\u00e7\u00e3o. Caracter\u00edsticas e Benef\u00edcios: Constru\u00e7\u00e3o sem Flange para Dimens\u00f5es e Peso M\u00ednimos: Design econ\u00f4mico, compacto e leve, oferecendo uma alternativa vantajosa. An\u00e9is de alinhamento facilitam a instala\u00e7\u00e3o. Sensor Leve e F\u00e1cil de Instalar para Muitas Aplica\u00e7\u00f5es Comuns de Fluxo: Projetado para facilitar a instala\u00e7\u00e3o em diversas aplica\u00e7\u00f5es de fluxo comuns. Ampla Variedade de Tamanhos e Materiais de Eletrodo para Atender Suas Necessidades: Dispon\u00edvel em tamanhos de 0,15 a 8 polegadas (4 a 200 mm). Sensores revestidos com ETFE v\u00eam com uma escolha de materiais de eletrodo para se adequar \u00e0 maioria dos fluidos de processo. Sensores revestidos com PTFE est\u00e3o dispon\u00edveis para aplica\u00e7\u00f5es que requerem material de revestimento aprovado pela FDA. Aplica\u00e7\u00f5es: Os Sistemas de Medidores Magn\u00e9ticos 8700 proporcionam uma medi\u00e7\u00e3o de fluxo sem obstru\u00e7\u00f5es, ideal para medir qualquer fluido condutivo. Adequado para uma ampla variedade de aplica\u00e7\u00f5es, desde l\u00edquidos altamente corrosivos at\u00e9 polpas fibrosas frequentemente consideradas dif\u00edceis de medir com outros dispositivos. Os Medidores Magn\u00e9ticos Rosemount oferecem a vantagem de medir o fluxo em um pacote virtualmente n\u00e3o afetado por mudan\u00e7as de densidade, temperatura, press\u00e3o e viscosidade.\" \/>\n<meta property=\"og:url\" content=\"https:\/\/fullsolutions.info\/en\/product\/sensor-wafer-8711\/\" \/>\n<meta property=\"og:site_name\" content=\"Full Solutions\" \/>\n<meta property=\"article:modified_time\" content=\"2024-02-19T16:12:48+00:00\" \/>\n<meta property=\"og:image\" content=\"https:\/\/mlhff0prgoxu.i.optimole.com\/cb:s0sM.767\/w:auto\/h:auto\/q:mauto\/f:best\/https:\/\/fullsolutions.info\/wp-content\/uploads\/2024\/02\/Rosemount-8711-1-1.jpg\" \/>\n\t<meta property=\"og:image:width\" content=\"661\" \/>\n\t<meta property=\"og:image:height\" content=\"686\" \/>\n\t<meta property=\"og:image:type\" content=\"image\/jpeg\" \/>\n<meta name=\"twitter:card\" content=\"summary_large_image\" \/>\n<meta name=\"twitter:label1\" content=\"Est. reading time\" \/>\n\t<meta name=\"twitter:data1\" content=\"1 minute\" \/>\n<script type=\"application\/ld+json\" class=\"yoast-schema-graph\">{\"@context\":\"https:\/\/schema.org\",\"@graph\":[{\"@type\":\"WebPage\",\"@id\":\"https:\/\/fullsolutions.info\/produto\/sensor-wafer-8711\/\",\"url\":\"https:\/\/fullsolutions.info\/produto\/sensor-wafer-8711\/\",\"name\":\"Sensor Wafer 8711 - Full Solutions\",\"isPartOf\":{\"@id\":\"https:\/\/fullsolutions.info\/#website\"},\"primaryImageOfPage\":{\"@id\":\"https:\/\/fullsolutions.info\/produto\/sensor-wafer-8711\/#primaryimage\"},\"image\":{\"@id\":\"https:\/\/fullsolutions.info\/produto\/sensor-wafer-8711\/#primaryimage\"},\"thumbnailUrl\":\"https:\/\/mlhff0prgoxu.i.optimole.com\/cb:s0sM.767\/w:auto\/h:auto\/q:mauto\/f:best\/https:\/\/fullsolutions.info\/wp-content\/uploads\/2024\/02\/Rosemount-8711-1-1.jpg\",\"datePublished\":\"2024-02-02T16:27:53+00:00\",\"dateModified\":\"2024-02-19T16:12:48+00:00\",\"breadcrumb\":{\"@id\":\"https:\/\/fullsolutions.info\/produto\/sensor-wafer-8711\/#breadcrumb\"},\"inLanguage\":\"en-US\",\"potentialAction\":[{\"@type\":\"ReadAction\",\"target\":[\"https:\/\/fullsolutions.info\/produto\/sensor-wafer-8711\/\"]}]},{\"@type\":\"ImageObject\",\"inLanguage\":\"en-US\",\"@id\":\"https:\/\/fullsolutions.info\/produto\/sensor-wafer-8711\/#primaryimage\",\"url\":\"https:\/\/mlhff0prgoxu.i.optimole.com\/cb:s0sM.767\/w:auto\/h:auto\/q:mauto\/f:best\/https:\/\/fullsolutions.info\/wp-content\/uploads\/2024\/02\/Rosemount-8711-1-1.jpg\",\"contentUrl\":\"https:\/\/mlhff0prgoxu.i.optimole.com\/cb:s0sM.767\/w:auto\/h:auto\/q:mauto\/f:best\/https:\/\/fullsolutions.info\/wp-content\/uploads\/2024\/02\/Rosemount-8711-1-1.jpg\",\"width\":661,\"height\":686},{\"@type\":\"BreadcrumbList\",\"@id\":\"https:\/\/fullsolutions.info\/produto\/sensor-wafer-8711\/#breadcrumb\",\"itemListElement\":[{\"@type\":\"ListItem\",\"position\":1,\"name\":\"In\u00edcio\",\"item\":\"https:\/\/fullsolutions.info\/\"},{\"@type\":\"ListItem\",\"position\":2,\"name\":\"Produtos\",\"item\":\"https:\/\/fullsolutions.info\/shop\/\"},{\"@type\":\"ListItem\",\"position\":3,\"name\":\"Sensor Wafer 8711\"}]},{\"@type\":\"WebSite\",\"@id\":\"https:\/\/fullsolutions.info\/#website\",\"url\":\"https:\/\/fullsolutions.info\/\",\"name\":\"Full Solutions\",\"description\":\"Empresa na \u00c1rea de Procurement\",\"publisher\":{\"@id\":\"https:\/\/fullsolutions.info\/#organization\"},\"potentialAction\":[{\"@type\":\"SearchAction\",\"target\":{\"@type\":\"EntryPoint\",\"urlTemplate\":\"https:\/\/fullsolutions.info\/?s={search_term_string}\"},\"query-input\":{\"@type\":\"PropertyValueSpecification\",\"valueRequired\":true,\"valueName\":\"search_term_string\"}}],\"inLanguage\":\"en-US\"},{\"@type\":\"Organization\",\"@id\":\"https:\/\/fullsolutions.info\/#organization\",\"name\":\"Full Solutions\",\"url\":\"https:\/\/fullsolutions.info\/\",\"logo\":{\"@type\":\"ImageObject\",\"inLanguage\":\"en-US\",\"@id\":\"https:\/\/fullsolutions.info\/#\/schema\/logo\/image\/\",\"url\":\"https:\/\/mlhff0prgoxu.i.optimole.com\/cb:s0sM.767\/w:auto\/h:auto\/q:mauto\/f:best\/https:\/\/fullsolutions.info\/wp-content\/uploads\/2021\/07\/cropped-Design-sem-nome-300x193-1-e1627062664782.png\",\"contentUrl\":\"https:\/\/mlhff0prgoxu.i.optimole.com\/cb:s0sM.767\/w:auto\/h:auto\/q:mauto\/f:best\/https:\/\/fullsolutions.info\/wp-content\/uploads\/2021\/07\/cropped-Design-sem-nome-300x193-1-e1627062664782.png\",\"width\":202,\"height\":155,\"caption\":\"Full Solutions\"},\"image\":{\"@id\":\"https:\/\/fullsolutions.info\/#\/schema\/logo\/image\/\"},\"sameAs\":[\"https:\/\/www.linkedin.com\/company\/full-solutions-equipment\"]}]}<\/script>\n<!-- \/ Yoast SEO plugin. -->","yoast_head_json":{"title":"Sensor Wafer 8711 - Full Solutions","robots":{"index":"index","follow":"follow","max-snippet":"max-snippet:-1","max-image-preview":"max-image-preview:large","max-video-preview":"max-video-preview:-1"},"canonical":"https:\/\/fullsolutions.info\/en\/product\/sensor-wafer-8711\/","og_locale":"en_US","og_type":"article","og_title":"Sensor Wafer 8711 - Full Solutions","og_description":"O design sem flange do sensor 8711 torna-o uma alternativa econ\u00f4mica, compacta e leve aos medidores magn\u00e9ticos com flange. An\u00e9is de alinhamento fornecidos com cada 8711 centralizam o sensor na linha de processo e facilitam a instala\u00e7\u00e3o. Caracter\u00edsticas e Benef\u00edcios: Constru\u00e7\u00e3o sem Flange para Dimens\u00f5es e Peso M\u00ednimos: Design econ\u00f4mico, compacto e leve, oferecendo uma alternativa vantajosa. An\u00e9is de alinhamento facilitam a instala\u00e7\u00e3o. Sensor Leve e F\u00e1cil de Instalar para Muitas Aplica\u00e7\u00f5es Comuns de Fluxo: Projetado para facilitar a instala\u00e7\u00e3o em diversas aplica\u00e7\u00f5es de fluxo comuns. Ampla Variedade de Tamanhos e Materiais de Eletrodo para Atender Suas Necessidades: Dispon\u00edvel em tamanhos de 0,15 a 8 polegadas (4 a 200 mm). Sensores revestidos com ETFE v\u00eam com uma escolha de materiais de eletrodo para se adequar \u00e0 maioria dos fluidos de processo. Sensores revestidos com PTFE est\u00e3o dispon\u00edveis para aplica\u00e7\u00f5es que requerem material de revestimento aprovado pela FDA. Aplica\u00e7\u00f5es: Os Sistemas de Medidores Magn\u00e9ticos 8700 proporcionam uma medi\u00e7\u00e3o de fluxo sem obstru\u00e7\u00f5es, ideal para medir qualquer fluido condutivo. Adequado para uma ampla variedade de aplica\u00e7\u00f5es, desde l\u00edquidos altamente corrosivos at\u00e9 polpas fibrosas frequentemente consideradas dif\u00edceis de medir com outros dispositivos. Os Medidores Magn\u00e9ticos Rosemount oferecem a vantagem de medir o fluxo em um pacote virtualmente n\u00e3o afetado por mudan\u00e7as de densidade, temperatura, press\u00e3o e viscosidade.","og_url":"https:\/\/fullsolutions.info\/en\/product\/sensor-wafer-8711\/","og_site_name":"Full Solutions","article_modified_time":"2024-02-19T16:12:48+00:00","og_image":[{"width":661,"height":686,"url":"https:\/\/mlhff0prgoxu.i.optimole.com\/cb:s0sM.767\/w:auto\/h:auto\/q:mauto\/f:best\/https:\/\/fullsolutions.info\/wp-content\/uploads\/2024\/02\/Rosemount-8711-1-1.jpg","type":"image\/jpeg"}],"twitter_card":"summary_large_image","twitter_misc":{"Est. reading time":"1 minute"},"schema":{"@context":"https:\/\/schema.org","@graph":[{"@type":"WebPage","@id":"https:\/\/fullsolutions.info\/produto\/sensor-wafer-8711\/","url":"https:\/\/fullsolutions.info\/produto\/sensor-wafer-8711\/","name":"Sensor Wafer 8711 - Full Solutions","isPartOf":{"@id":"https:\/\/fullsolutions.info\/#website"},"primaryImageOfPage":{"@id":"https:\/\/fullsolutions.info\/produto\/sensor-wafer-8711\/#primaryimage"},"image":{"@id":"https:\/\/fullsolutions.info\/produto\/sensor-wafer-8711\/#primaryimage"},"thumbnailUrl":"https:\/\/mlhff0prgoxu.i.optimole.com\/cb:s0sM.767\/w:auto\/h:auto\/q:mauto\/f:best\/https:\/\/fullsolutions.info\/wp-content\/uploads\/2024\/02\/Rosemount-8711-1-1.jpg","datePublished":"2024-02-02T16:27:53+00:00","dateModified":"2024-02-19T16:12:48+00:00","breadcrumb":{"@id":"https:\/\/fullsolutions.info\/produto\/sensor-wafer-8711\/#breadcrumb"},"inLanguage":"en-US","potentialAction":[{"@type":"ReadAction","target":["https:\/\/fullsolutions.info\/produto\/sensor-wafer-8711\/"]}]},{"@type":"ImageObject","inLanguage":"en-US","@id":"https:\/\/fullsolutions.info\/produto\/sensor-wafer-8711\/#primaryimage","url":"https:\/\/mlhff0prgoxu.i.optimole.com\/cb:s0sM.767\/w:auto\/h:auto\/q:mauto\/f:best\/https:\/\/fullsolutions.info\/wp-content\/uploads\/2024\/02\/Rosemount-8711-1-1.jpg","contentUrl":"https:\/\/mlhff0prgoxu.i.optimole.com\/cb:s0sM.767\/w:auto\/h:auto\/q:mauto\/f:best\/https:\/\/fullsolutions.info\/wp-content\/uploads\/2024\/02\/Rosemount-8711-1-1.jpg","width":661,"height":686},{"@type":"BreadcrumbList","@id":"https:\/\/fullsolutions.info\/produto\/sensor-wafer-8711\/#breadcrumb","itemListElement":[{"@type":"ListItem","position":1,"name":"In\u00edcio","item":"https:\/\/fullsolutions.info\/"},{"@type":"ListItem","position":2,"name":"Produtos","item":"https:\/\/fullsolutions.info\/shop\/"},{"@type":"ListItem","position":3,"name":"Sensor Wafer 8711"}]},{"@type":"WebSite","@id":"https:\/\/fullsolutions.info\/#website","url":"https:\/\/fullsolutions.info\/","name":"Full Solutions","description":"Empresa na \u00c1rea de Procurement","publisher":{"@id":"https:\/\/fullsolutions.info\/#organization"},"potentialAction":[{"@type":"SearchAction","target":{"@type":"EntryPoint","urlTemplate":"https:\/\/fullsolutions.info\/?s={search_term_string}"},"query-input":{"@type":"PropertyValueSpecification","valueRequired":true,"valueName":"search_term_string"}}],"inLanguage":"en-US"},{"@type":"Organization","@id":"https:\/\/fullsolutions.info\/#organization","name":"Full Solutions","url":"https:\/\/fullsolutions.info\/","logo":{"@type":"ImageObject","inLanguage":"en-US","@id":"https:\/\/fullsolutions.info\/#\/schema\/logo\/image\/","url":"https:\/\/mlhff0prgoxu.i.optimole.com\/cb:s0sM.767\/w:auto\/h:auto\/q:mauto\/f:best\/https:\/\/fullsolutions.info\/wp-content\/uploads\/2021\/07\/cropped-Design-sem-nome-300x193-1-e1627062664782.png","contentUrl":"https:\/\/mlhff0prgoxu.i.optimole.com\/cb:s0sM.767\/w:auto\/h:auto\/q:mauto\/f:best\/https:\/\/fullsolutions.info\/wp-content\/uploads\/2021\/07\/cropped-Design-sem-nome-300x193-1-e1627062664782.png","width":202,"height":155,"caption":"Full Solutions"},"image":{"@id":"https:\/\/fullsolutions.info\/#\/schema\/logo\/image\/"},"sameAs":["https:\/\/www.linkedin.com\/company\/full-solutions-equipment"]}]}},"_links":{"self":[{"href":"https:\/\/fullsolutions.info\/en\/wp-json\/wp\/v2\/product\/4332","targetHints":{"allow":["GET"]}}],"collection":[{"href":"https:\/\/fullsolutions.info\/en\/wp-json\/wp\/v2\/product"}],"about":[{"href":"https:\/\/fullsolutions.info\/en\/wp-json\/wp\/v2\/types\/product"}],"replies":[{"embeddable":true,"href":"https:\/\/fullsolutions.info\/en\/wp-json\/wp\/v2\/comments?post=4332"}],"wp:featuredmedia":[{"embeddable":true,"href":"https:\/\/fullsolutions.info\/en\/wp-json\/wp\/v2\/media\/4335"}],"wp:attachment":[{"href":"https:\/\/fullsolutions.info\/en\/wp-json\/wp\/v2\/media?parent=4332"}],"wp:term":[{"taxonomy":"product_brand","embeddable":true,"href":"https:\/\/fullsolutions.info\/en\/wp-json\/wp\/v2\/product_brand?post=4332"},{"taxonomy":"product_cat","embeddable":true,"href":"https:\/\/fullsolutions.info\/en\/wp-json\/wp\/v2\/product_cat?post=4332"},{"taxonomy":"product_tag","embeddable":true,"href":"https:\/\/fullsolutions.info\/en\/wp-json\/wp\/v2\/product_tag?post=4332"},{"taxonomy":"marca","embeddable":true,"href":"https:\/\/fullsolutions.info\/en\/wp-json\/wp\/v2\/marca?post=4332"}],"curies":[{"name":"wp","href":"https:\/\/api.w.org\/{rel}","templated":true}]}}