{"id":4329,"date":"2024-02-02T16:24:56","date_gmt":"2024-02-02T16:24:56","guid":{"rendered":"https:\/\/fullsolutionsequip.com\/?post_type=product&#038;p=4329"},"modified":"2024-02-19T16:12:48","modified_gmt":"2024-02-19T16:12:48","slug":"itemp-tmt122","status":"publish","type":"product","link":"https:\/\/fullsolutions.info\/en\/product\/itemp-tmt122\/","title":{"rendered":"iTEMP TMT122"},"content":{"rendered":"<p>Endress + Hauser Transmissor de Temperatura iTEMP TMT122<\/p>\n<p>Descri\u00e7\u00e3o do Produto<\/p>\n<p>Transmissor de temperatura universal DIN rail para termorresist\u00eancias, termopares, transmissores de resist\u00eancia e transmissores de voltagem, ajust\u00e1vel via Protocolo HART\u00ae.<\/p>\n<p>Principais Caracter\u00edsticas:<\/p>\n<p>&#8211; Configura\u00e7\u00f5es universais com Protocolo HART\u00ae.<br \/>\n&#8211; Tecnologia de dois fios, sa\u00edda anal\u00f3gica 4 a 20 mA.<br \/>\n&#8211; Alta precis\u00e3o em toda a faixa de temperatura ambiente.<br \/>\n&#8211; Sinal de falha em caso de quebra ou curto-circuito do sensor, conforme NAMUR NE 43.<br \/>\n&#8211; Compat\u00edvel com EMC conforme NAMUR NE 21, CE.<br \/>\n&#8211; Componente reconhecido pela UL conforme UL 3111-1.<br \/>\n&#8211; Certifica\u00e7\u00e3o Ex:<br \/>\n&#8211; ATEX Ex.<br \/>\n&#8211; CSA IS.<br \/>\n&#8211; FM IS.<br \/>\n&#8211; Compat\u00edvel com SIL2.<br \/>\n&#8211; Aprova\u00e7\u00e3o para constru\u00e7\u00e3o naval GL.<br \/>\n&#8211; Isolamento galv\u00e2nico.<br \/>\n&#8211; Simula\u00e7\u00e3o de sa\u00edda.<br \/>\n&#8211; Indicador de valor de processo m\u00ednimo\/m\u00e1ximo.<br \/>\n&#8211; Lineariza\u00e7\u00e3o espec\u00edfica do cliente.<\/p>\n<p>Campo de Aplica\u00e7\u00e3o:<\/p>\n<p>Transmissor de temperatura com Protocolo HART\u00ae para converter v\u00e1rios sinais de entrada em um sinal anal\u00f3gico escal\u00e1vel de 4 a 20 mA.<\/p>\n<p>Entrada:<br \/>\n&#8211; Termorresist\u00eancia (RTD).<br \/>\n&#8211; Termopar (TC).<br \/>\n&#8211; Transmissor de resist\u00eancia (Ohm).<br \/>\n&#8211; Transmissor de voltagem (mV).<\/p>\n<p>Protocolo HART\u00ae para opera\u00e7\u00e3o de unidade de frente ou unidade de painel usando o m\u00f3dulo de opera\u00e7\u00e3o manual (DXR275, DXR375) ou um PC (por exemplo, ReadWin\u00ae 2000 ou FieldCare).<\/p>","protected":false},"excerpt":{"rendered":"<p>Endress + Hauser Transmissor de Temperatura iTEMP TMT122 Descri\u00e7\u00e3o do Produto Transmissor de temperatura universal DIN rail para termorresist\u00eancias, termopares, transmissores de resist\u00eancia e transmissores de voltagem, ajust\u00e1vel via Protocolo HART\u00ae. Principais Caracter\u00edsticas: &#8211; Configura\u00e7\u00f5es universais com Protocolo HART\u00ae. &#8211; Tecnologia de dois fios, sa\u00edda anal\u00f3gica 4 a 20 mA. &#8211; Alta precis\u00e3o em toda a faixa de temperatura ambiente. &#8211; Sinal de falha em caso de quebra ou curto-circuito do sensor, conforme NAMUR NE 43. &#8211; Compat\u00edvel com EMC conforme NAMUR NE 21, CE. &#8211; Componente reconhecido pela UL conforme UL 3111-1. &#8211; Certifica\u00e7\u00e3o Ex: &#8211; ATEX Ex. &#8211; CSA IS. &#8211; FM IS. &#8211; Compat\u00edvel com SIL2. &#8211; Aprova\u00e7\u00e3o para constru\u00e7\u00e3o naval GL. &#8211; Isolamento galv\u00e2nico. &#8211; Simula\u00e7\u00e3o de sa\u00edda. &#8211; Indicador de valor de processo m\u00ednimo\/m\u00e1ximo. &#8211; Lineariza\u00e7\u00e3o espec\u00edfica do cliente. Campo de Aplica\u00e7\u00e3o: Transmissor de temperatura com Protocolo HART\u00ae para converter v\u00e1rios sinais de entrada em um sinal anal\u00f3gico escal\u00e1vel de 4 a 20 mA. Entrada: &#8211; Termorresist\u00eancia (RTD). &#8211; Termopar (TC). &#8211; Transmissor de resist\u00eancia (Ohm). &#8211; Transmissor de voltagem (mV). Protocolo HART\u00ae para opera\u00e7\u00e3o de unidade de frente ou unidade de painel usando o m\u00f3dulo de opera\u00e7\u00e3o manual (DXR275, DXR375) ou um PC (por exemplo, ReadWin\u00ae 2000 ou FieldCare).<\/p>","protected":false},"featured_media":4330,"comment_status":"open","ping_status":"closed","template":"","meta":{"_joinchat":[]},"product_brand":[],"product_cat":[140],"product_tag":[],"marca":[147],"class_list":{"0":"post-4329","1":"product","2":"type-product","3":"status-publish","4":"has-post-thumbnail","6":"product_cat-transmissores","7":"marca-endresshauser","9":"first","10":"instock","11":"shipping-taxable","12":"purchasable","13":"product-type-simple"},"yoast_head":"<!-- This site is optimized with the Yoast SEO plugin v27.2 - https:\/\/yoast.com\/product\/yoast-seo-wordpress\/ -->\n<title>iTEMP TMT122 - Full Solutions<\/title>\n<meta name=\"robots\" content=\"index, follow, max-snippet:-1, max-image-preview:large, max-video-preview:-1\" \/>\n<link rel=\"canonical\" href=\"https:\/\/fullsolutions.info\/en\/product\/itemp-tmt122\/\" \/>\n<meta property=\"og:locale\" content=\"en_US\" \/>\n<meta property=\"og:type\" content=\"article\" \/>\n<meta property=\"og:title\" content=\"iTEMP TMT122 - Full Solutions\" \/>\n<meta property=\"og:description\" content=\"Endress + Hauser Transmissor de Temperatura iTEMP TMT122 Descri\u00e7\u00e3o do Produto Transmissor de temperatura universal DIN rail para termorresist\u00eancias, termopares, transmissores de resist\u00eancia e transmissores de voltagem, ajust\u00e1vel via Protocolo HART\u00ae. Principais Caracter\u00edsticas: &#8211; Configura\u00e7\u00f5es universais com Protocolo HART\u00ae. &#8211; Tecnologia de dois fios, sa\u00edda anal\u00f3gica 4 a 20 mA. &#8211; Alta precis\u00e3o em toda a faixa de temperatura ambiente. &#8211; Sinal de falha em caso de quebra ou curto-circuito do sensor, conforme NAMUR NE 43. &#8211; Compat\u00edvel com EMC conforme NAMUR NE 21, CE. &#8211; Componente reconhecido pela UL conforme UL 3111-1. &#8211; Certifica\u00e7\u00e3o Ex: &#8211; ATEX Ex. &#8211; CSA IS. &#8211; FM IS. &#8211; Compat\u00edvel com SIL2. &#8211; Aprova\u00e7\u00e3o para constru\u00e7\u00e3o naval GL. &#8211; Isolamento galv\u00e2nico. &#8211; Simula\u00e7\u00e3o de sa\u00edda. &#8211; Indicador de valor de processo m\u00ednimo\/m\u00e1ximo. &#8211; Lineariza\u00e7\u00e3o espec\u00edfica do cliente. Campo de Aplica\u00e7\u00e3o: Transmissor de temperatura com Protocolo HART\u00ae para converter v\u00e1rios sinais de entrada em um sinal anal\u00f3gico escal\u00e1vel de 4 a 20 mA. Entrada: &#8211; Termorresist\u00eancia (RTD). &#8211; Termopar (TC). &#8211; Transmissor de resist\u00eancia (Ohm). &#8211; Transmissor de voltagem (mV). Protocolo HART\u00ae para opera\u00e7\u00e3o de unidade de frente ou unidade de painel usando o m\u00f3dulo de opera\u00e7\u00e3o manual (DXR275, DXR375) ou um PC (por exemplo, ReadWin\u00ae 2000 ou FieldCare).\" \/>\n<meta property=\"og:url\" content=\"https:\/\/fullsolutions.info\/en\/product\/itemp-tmt122\/\" \/>\n<meta property=\"og:site_name\" content=\"Full Solutions\" \/>\n<meta property=\"article:modified_time\" content=\"2024-02-19T16:12:48+00:00\" \/>\n<meta property=\"og:image\" content=\"https:\/\/mlhff0prgoxu.i.optimole.com\/cb:s0sM.767\/w:auto\/h:auto\/q:mauto\/f:best\/https:\/\/fullsolutions.info\/wp-content\/uploads\/2024\/02\/iTEMP-TMT122.jpeg\" \/>\n\t<meta property=\"og:image:width\" content=\"500\" \/>\n\t<meta property=\"og:image:height\" content=\"500\" \/>\n\t<meta property=\"og:image:type\" content=\"image\/jpeg\" \/>\n<meta name=\"twitter:card\" content=\"summary_large_image\" \/>\n<meta name=\"twitter:label1\" content=\"Est. reading time\" \/>\n\t<meta name=\"twitter:data1\" content=\"1 minute\" \/>\n<script type=\"application\/ld+json\" class=\"yoast-schema-graph\">{\"@context\":\"https:\/\/schema.org\",\"@graph\":[{\"@type\":\"WebPage\",\"@id\":\"https:\/\/fullsolutions.info\/produto\/itemp-tmt122\/\",\"url\":\"https:\/\/fullsolutions.info\/produto\/itemp-tmt122\/\",\"name\":\"iTEMP TMT122 - Full Solutions\",\"isPartOf\":{\"@id\":\"https:\/\/fullsolutions.info\/#website\"},\"primaryImageOfPage\":{\"@id\":\"https:\/\/fullsolutions.info\/produto\/itemp-tmt122\/#primaryimage\"},\"image\":{\"@id\":\"https:\/\/fullsolutions.info\/produto\/itemp-tmt122\/#primaryimage\"},\"thumbnailUrl\":\"https:\/\/mlhff0prgoxu.i.optimole.com\/cb:s0sM.767\/w:auto\/h:auto\/q:mauto\/f:best\/https:\/\/fullsolutions.info\/wp-content\/uploads\/2024\/02\/iTEMP-TMT122.jpeg\",\"datePublished\":\"2024-02-02T16:24:56+00:00\",\"dateModified\":\"2024-02-19T16:12:48+00:00\",\"breadcrumb\":{\"@id\":\"https:\/\/fullsolutions.info\/produto\/itemp-tmt122\/#breadcrumb\"},\"inLanguage\":\"en-US\",\"potentialAction\":[{\"@type\":\"ReadAction\",\"target\":[\"https:\/\/fullsolutions.info\/produto\/itemp-tmt122\/\"]}]},{\"@type\":\"ImageObject\",\"inLanguage\":\"en-US\",\"@id\":\"https:\/\/fullsolutions.info\/produto\/itemp-tmt122\/#primaryimage\",\"url\":\"https:\/\/mlhff0prgoxu.i.optimole.com\/cb:s0sM.767\/w:auto\/h:auto\/q:mauto\/f:best\/https:\/\/fullsolutions.info\/wp-content\/uploads\/2024\/02\/iTEMP-TMT122.jpeg\",\"contentUrl\":\"https:\/\/mlhff0prgoxu.i.optimole.com\/cb:s0sM.767\/w:auto\/h:auto\/q:mauto\/f:best\/https:\/\/fullsolutions.info\/wp-content\/uploads\/2024\/02\/iTEMP-TMT122.jpeg\",\"width\":500,\"height\":500},{\"@type\":\"BreadcrumbList\",\"@id\":\"https:\/\/fullsolutions.info\/produto\/itemp-tmt122\/#breadcrumb\",\"itemListElement\":[{\"@type\":\"ListItem\",\"position\":1,\"name\":\"In\u00edcio\",\"item\":\"https:\/\/fullsolutions.info\/\"},{\"@type\":\"ListItem\",\"position\":2,\"name\":\"Produtos\",\"item\":\"https:\/\/fullsolutions.info\/shop\/\"},{\"@type\":\"ListItem\",\"position\":3,\"name\":\"iTEMP TMT122\"}]},{\"@type\":\"WebSite\",\"@id\":\"https:\/\/fullsolutions.info\/#website\",\"url\":\"https:\/\/fullsolutions.info\/\",\"name\":\"Full Solutions\",\"description\":\"Empresa na \u00c1rea de Procurement\",\"publisher\":{\"@id\":\"https:\/\/fullsolutions.info\/#organization\"},\"potentialAction\":[{\"@type\":\"SearchAction\",\"target\":{\"@type\":\"EntryPoint\",\"urlTemplate\":\"https:\/\/fullsolutions.info\/?s={search_term_string}\"},\"query-input\":{\"@type\":\"PropertyValueSpecification\",\"valueRequired\":true,\"valueName\":\"search_term_string\"}}],\"inLanguage\":\"en-US\"},{\"@type\":\"Organization\",\"@id\":\"https:\/\/fullsolutions.info\/#organization\",\"name\":\"Full Solutions\",\"url\":\"https:\/\/fullsolutions.info\/\",\"logo\":{\"@type\":\"ImageObject\",\"inLanguage\":\"en-US\",\"@id\":\"https:\/\/fullsolutions.info\/#\/schema\/logo\/image\/\",\"url\":\"https:\/\/mlhff0prgoxu.i.optimole.com\/cb:s0sM.767\/w:auto\/h:auto\/q:mauto\/f:best\/https:\/\/fullsolutions.info\/wp-content\/uploads\/2021\/07\/cropped-Design-sem-nome-300x193-1-e1627062664782.png\",\"contentUrl\":\"https:\/\/mlhff0prgoxu.i.optimole.com\/cb:s0sM.767\/w:auto\/h:auto\/q:mauto\/f:best\/https:\/\/fullsolutions.info\/wp-content\/uploads\/2021\/07\/cropped-Design-sem-nome-300x193-1-e1627062664782.png\",\"width\":202,\"height\":155,\"caption\":\"Full Solutions\"},\"image\":{\"@id\":\"https:\/\/fullsolutions.info\/#\/schema\/logo\/image\/\"},\"sameAs\":[\"https:\/\/www.linkedin.com\/company\/full-solutions-equipment\"]}]}<\/script>\n<!-- \/ Yoast SEO plugin. -->","yoast_head_json":{"title":"iTEMP TMT122 - Full Solutions","robots":{"index":"index","follow":"follow","max-snippet":"max-snippet:-1","max-image-preview":"max-image-preview:large","max-video-preview":"max-video-preview:-1"},"canonical":"https:\/\/fullsolutions.info\/en\/product\/itemp-tmt122\/","og_locale":"en_US","og_type":"article","og_title":"iTEMP TMT122 - Full Solutions","og_description":"Endress + Hauser Transmissor de Temperatura iTEMP TMT122 Descri\u00e7\u00e3o do Produto Transmissor de temperatura universal DIN rail para termorresist\u00eancias, termopares, transmissores de resist\u00eancia e transmissores de voltagem, ajust\u00e1vel via Protocolo HART\u00ae. Principais Caracter\u00edsticas: &#8211; Configura\u00e7\u00f5es universais com Protocolo HART\u00ae. &#8211; Tecnologia de dois fios, sa\u00edda anal\u00f3gica 4 a 20 mA. &#8211; Alta precis\u00e3o em toda a faixa de temperatura ambiente. &#8211; Sinal de falha em caso de quebra ou curto-circuito do sensor, conforme NAMUR NE 43. &#8211; Compat\u00edvel com EMC conforme NAMUR NE 21, CE. &#8211; Componente reconhecido pela UL conforme UL 3111-1. &#8211; Certifica\u00e7\u00e3o Ex: &#8211; ATEX Ex. &#8211; CSA IS. &#8211; FM IS. &#8211; Compat\u00edvel com SIL2. &#8211; Aprova\u00e7\u00e3o para constru\u00e7\u00e3o naval GL. &#8211; Isolamento galv\u00e2nico. &#8211; Simula\u00e7\u00e3o de sa\u00edda. &#8211; Indicador de valor de processo m\u00ednimo\/m\u00e1ximo. &#8211; Lineariza\u00e7\u00e3o espec\u00edfica do cliente. Campo de Aplica\u00e7\u00e3o: Transmissor de temperatura com Protocolo HART\u00ae para converter v\u00e1rios sinais de entrada em um sinal anal\u00f3gico escal\u00e1vel de 4 a 20 mA. Entrada: &#8211; Termorresist\u00eancia (RTD). &#8211; Termopar (TC). &#8211; Transmissor de resist\u00eancia (Ohm). &#8211; Transmissor de voltagem (mV). Protocolo HART\u00ae para opera\u00e7\u00e3o de unidade de frente ou unidade de painel usando o m\u00f3dulo de opera\u00e7\u00e3o manual (DXR275, DXR375) ou um PC (por exemplo, ReadWin\u00ae 2000 ou FieldCare).","og_url":"https:\/\/fullsolutions.info\/en\/product\/itemp-tmt122\/","og_site_name":"Full Solutions","article_modified_time":"2024-02-19T16:12:48+00:00","og_image":[{"width":500,"height":500,"url":"https:\/\/mlhff0prgoxu.i.optimole.com\/cb:s0sM.767\/w:auto\/h:auto\/q:mauto\/f:best\/https:\/\/fullsolutions.info\/wp-content\/uploads\/2024\/02\/iTEMP-TMT122.jpeg","type":"image\/jpeg"}],"twitter_card":"summary_large_image","twitter_misc":{"Est. reading time":"1 minute"},"schema":{"@context":"https:\/\/schema.org","@graph":[{"@type":"WebPage","@id":"https:\/\/fullsolutions.info\/produto\/itemp-tmt122\/","url":"https:\/\/fullsolutions.info\/produto\/itemp-tmt122\/","name":"iTEMP TMT122 - Full Solutions","isPartOf":{"@id":"https:\/\/fullsolutions.info\/#website"},"primaryImageOfPage":{"@id":"https:\/\/fullsolutions.info\/produto\/itemp-tmt122\/#primaryimage"},"image":{"@id":"https:\/\/fullsolutions.info\/produto\/itemp-tmt122\/#primaryimage"},"thumbnailUrl":"https:\/\/mlhff0prgoxu.i.optimole.com\/cb:s0sM.767\/w:auto\/h:auto\/q:mauto\/f:best\/https:\/\/fullsolutions.info\/wp-content\/uploads\/2024\/02\/iTEMP-TMT122.jpeg","datePublished":"2024-02-02T16:24:56+00:00","dateModified":"2024-02-19T16:12:48+00:00","breadcrumb":{"@id":"https:\/\/fullsolutions.info\/produto\/itemp-tmt122\/#breadcrumb"},"inLanguage":"en-US","potentialAction":[{"@type":"ReadAction","target":["https:\/\/fullsolutions.info\/produto\/itemp-tmt122\/"]}]},{"@type":"ImageObject","inLanguage":"en-US","@id":"https:\/\/fullsolutions.info\/produto\/itemp-tmt122\/#primaryimage","url":"https:\/\/mlhff0prgoxu.i.optimole.com\/cb:s0sM.767\/w:auto\/h:auto\/q:mauto\/f:best\/https:\/\/fullsolutions.info\/wp-content\/uploads\/2024\/02\/iTEMP-TMT122.jpeg","contentUrl":"https:\/\/mlhff0prgoxu.i.optimole.com\/cb:s0sM.767\/w:auto\/h:auto\/q:mauto\/f:best\/https:\/\/fullsolutions.info\/wp-content\/uploads\/2024\/02\/iTEMP-TMT122.jpeg","width":500,"height":500},{"@type":"BreadcrumbList","@id":"https:\/\/fullsolutions.info\/produto\/itemp-tmt122\/#breadcrumb","itemListElement":[{"@type":"ListItem","position":1,"name":"In\u00edcio","item":"https:\/\/fullsolutions.info\/"},{"@type":"ListItem","position":2,"name":"Produtos","item":"https:\/\/fullsolutions.info\/shop\/"},{"@type":"ListItem","position":3,"name":"iTEMP TMT122"}]},{"@type":"WebSite","@id":"https:\/\/fullsolutions.info\/#website","url":"https:\/\/fullsolutions.info\/","name":"Full Solutions","description":"Empresa na \u00c1rea de Procurement","publisher":{"@id":"https:\/\/fullsolutions.info\/#organization"},"potentialAction":[{"@type":"SearchAction","target":{"@type":"EntryPoint","urlTemplate":"https:\/\/fullsolutions.info\/?s={search_term_string}"},"query-input":{"@type":"PropertyValueSpecification","valueRequired":true,"valueName":"search_term_string"}}],"inLanguage":"en-US"},{"@type":"Organization","@id":"https:\/\/fullsolutions.info\/#organization","name":"Full Solutions","url":"https:\/\/fullsolutions.info\/","logo":{"@type":"ImageObject","inLanguage":"en-US","@id":"https:\/\/fullsolutions.info\/#\/schema\/logo\/image\/","url":"https:\/\/mlhff0prgoxu.i.optimole.com\/cb:s0sM.767\/w:auto\/h:auto\/q:mauto\/f:best\/https:\/\/fullsolutions.info\/wp-content\/uploads\/2021\/07\/cropped-Design-sem-nome-300x193-1-e1627062664782.png","contentUrl":"https:\/\/mlhff0prgoxu.i.optimole.com\/cb:s0sM.767\/w:auto\/h:auto\/q:mauto\/f:best\/https:\/\/fullsolutions.info\/wp-content\/uploads\/2021\/07\/cropped-Design-sem-nome-300x193-1-e1627062664782.png","width":202,"height":155,"caption":"Full Solutions"},"image":{"@id":"https:\/\/fullsolutions.info\/#\/schema\/logo\/image\/"},"sameAs":["https:\/\/www.linkedin.com\/company\/full-solutions-equipment"]}]}},"_links":{"self":[{"href":"https:\/\/fullsolutions.info\/en\/wp-json\/wp\/v2\/product\/4329","targetHints":{"allow":["GET"]}}],"collection":[{"href":"https:\/\/fullsolutions.info\/en\/wp-json\/wp\/v2\/product"}],"about":[{"href":"https:\/\/fullsolutions.info\/en\/wp-json\/wp\/v2\/types\/product"}],"replies":[{"embeddable":true,"href":"https:\/\/fullsolutions.info\/en\/wp-json\/wp\/v2\/comments?post=4329"}],"wp:featuredmedia":[{"embeddable":true,"href":"https:\/\/fullsolutions.info\/en\/wp-json\/wp\/v2\/media\/4330"}],"wp:attachment":[{"href":"https:\/\/fullsolutions.info\/en\/wp-json\/wp\/v2\/media?parent=4329"}],"wp:term":[{"taxonomy":"product_brand","embeddable":true,"href":"https:\/\/fullsolutions.info\/en\/wp-json\/wp\/v2\/product_brand?post=4329"},{"taxonomy":"product_cat","embeddable":true,"href":"https:\/\/fullsolutions.info\/en\/wp-json\/wp\/v2\/product_cat?post=4329"},{"taxonomy":"product_tag","embeddable":true,"href":"https:\/\/fullsolutions.info\/en\/wp-json\/wp\/v2\/product_tag?post=4329"},{"taxonomy":"marca","embeddable":true,"href":"https:\/\/fullsolutions.info\/en\/wp-json\/wp\/v2\/marca?post=4329"}],"curies":[{"name":"wp","href":"https:\/\/api.w.org\/{rel}","templated":true}]}}