{"id":4326,"date":"2024-02-02T16:23:44","date_gmt":"2024-02-02T16:23:44","guid":{"rendered":"https:\/\/fullsolutionsequip.com\/?post_type=product&#038;p=4326"},"modified":"2024-02-19T16:12:48","modified_gmt":"2024-02-19T16:12:48","slug":"itemp-tmt125","status":"publish","type":"product","link":"https:\/\/fullsolutions.info\/en\/product\/itemp-tmt125\/","title":{"rendered":"iTEMP TMT125"},"content":{"rendered":"<p>Endress + Hauser Transmissor de Temperatura iTEMP TMT125<\/p>\n<p>Descri\u00e7\u00e3o do Produto<\/p>\n<p>Transmissor de temperatura DIN rail com protocolo FOUNDATION Fieldbus. 8 canais de entrada para termorresist\u00eancias, termopares, transmissores de resist\u00eancia e voltagem.<\/p>\n<p>Principais Caracter\u00edsticas:<\/p>\n<p>&#8211; Transmissor de temperatura universal para at\u00e9 8 sinais de entrada.<br \/>\n&#8211; Entradas para RTD em tecnologia de 2 fios, 3 fios e 4 fios.<br \/>\n&#8211; Cada entrada pode ser configurada individualmente.<br \/>\n&#8211; Monitoramento do sensor: circuito aberto, curto-circuito e erro de fia\u00e7\u00e3o.<br \/>\n&#8211; Reconhecimento de falha de hardware do dispositivo para opera\u00e7\u00e3o confi\u00e1vel e f\u00e1cil manuten\u00e7\u00e3o.<br \/>\n&#8211; Isolamento galv\u00e2nico entre o barramento de campo e as entradas do sensor, bem como entre os canais de entrada.<br \/>\n&#8211; Conex\u00e3o de termopares em todas as entradas \u00e9 poss\u00edvel.<br \/>\n&#8211; Transfer\u00eancia de dados via FOUNDATION Fieldbus\u2122 H1.<br \/>\n&#8211; Bloco transdutor &#8216;concentrador&#8217; e Bloco de Entrada Anal\u00f3gica M\u00faltipla (MAI) permitem uma configura\u00e7\u00e3o eficaz e r\u00e1pida dos par\u00e2metros relevantes.<br \/>\n&#8211; Certifica\u00e7\u00e3o Ex:<br \/>\n&#8211; FM IS, NI.<br \/>\n&#8211; ATEX EEx ia, EEx na, para instala\u00e7\u00e3o intrinsecamente segura na zona 1 e como aparelho associado na zona 2.<br \/>\n&#8211; Instala\u00e7\u00e3o independente de sensores de temperatura conectados na zona 0.<br \/>\n&#8211; Conformidade com FISCO de acordo com a IEC 60079-27 para layout f\u00e1cil de pontos de medi\u00e7\u00e3o em \u00e1reas perigosas.<br \/>\n&#8211; FOUNDATION Fieldbus\u2122 ITK 4.61.<br \/>\n&#8211; Montagem em trilho DIN conforme IEC 60715 e com inv\u00f3lucro de alum\u00ednio para opera\u00e7\u00e3o em campo.<\/p>\n<p>Campo de Aplica\u00e7\u00e3o:<\/p>\n<p>Transmissor de temperatura com 8 canais de entrada e protocolo FOUNDATION Fieldbus\u2122 para converter v\u00e1rios sinais de entrada em sinais de sa\u00edda digitais.<\/p>\n<p>Entrada:<br \/>\n&#8211; Termorresist\u00eancias (RTD).<br \/>\n&#8211; Termopares (TC).<br \/>\n&#8211; Transmissores de resist\u00eancia (\u03a9).<br \/>\n&#8211; Transmissores de voltagem (mV).<\/p>\n<p>Montagem em trilho DIN conforme IEC 60715 e com inv\u00f3lucro de alum\u00ednio para opera\u00e7\u00e3o em campo.<\/p>","protected":false},"excerpt":{"rendered":"<p>Endress + Hauser Transmissor de Temperatura iTEMP TMT125 Descri\u00e7\u00e3o do Produto Transmissor de temperatura DIN rail com protocolo FOUNDATION Fieldbus. 8 canais de entrada para termorresist\u00eancias, termopares, transmissores de resist\u00eancia e voltagem. Principais Caracter\u00edsticas: &#8211; Transmissor de temperatura universal para at\u00e9 8 sinais de entrada. &#8211; Entradas para RTD em tecnologia de 2 fios, 3 fios e 4 fios. &#8211; Cada entrada pode ser configurada individualmente. &#8211; Monitoramento do sensor: circuito aberto, curto-circuito e erro de fia\u00e7\u00e3o. &#8211; Reconhecimento de falha de hardware do dispositivo para opera\u00e7\u00e3o confi\u00e1vel e f\u00e1cil manuten\u00e7\u00e3o. &#8211; Isolamento galv\u00e2nico entre o barramento de campo e as entradas do sensor, bem como entre os canais de entrada. &#8211; Conex\u00e3o de termopares em todas as entradas \u00e9 poss\u00edvel. &#8211; Transfer\u00eancia de dados via FOUNDATION Fieldbus\u2122 H1. &#8211; Bloco transdutor &#8216;concentrador&#8217; e Bloco de Entrada Anal\u00f3gica M\u00faltipla (MAI) permitem uma configura\u00e7\u00e3o eficaz e r\u00e1pida dos par\u00e2metros relevantes. &#8211; Certifica\u00e7\u00e3o Ex: &#8211; FM IS, NI. &#8211; ATEX EEx ia, EEx na, para instala\u00e7\u00e3o intrinsecamente segura na zona 1 e como aparelho associado na zona 2. &#8211; Instala\u00e7\u00e3o independente de sensores de temperatura conectados na zona 0. &#8211; Conformidade com FISCO de acordo com a IEC 60079-27 para layout f\u00e1cil de pontos de medi\u00e7\u00e3o em \u00e1reas perigosas. &#8211; FOUNDATION Fieldbus\u2122 ITK 4.61. &#8211; Montagem em trilho DIN conforme IEC 60715 e com inv\u00f3lucro de alum\u00ednio para opera\u00e7\u00e3o em campo. Campo de Aplica\u00e7\u00e3o: Transmissor de temperatura com 8 canais de entrada e protocolo FOUNDATION Fieldbus\u2122 para converter v\u00e1rios sinais de entrada em sinais de sa\u00edda digitais. Entrada: &#8211; Termorresist\u00eancias (RTD). &#8211; Termopares (TC). &#8211; Transmissores de resist\u00eancia (\u03a9). &#8211; Transmissores de voltagem (mV). Montagem em trilho DIN conforme IEC 60715 e com inv\u00f3lucro de alum\u00ednio para opera\u00e7\u00e3o em campo.<\/p>","protected":false},"featured_media":4327,"comment_status":"open","ping_status":"closed","template":"","meta":{"_joinchat":[]},"product_brand":[],"product_cat":[140],"product_tag":[],"marca":[147],"class_list":{"0":"post-4326","1":"product","2":"type-product","3":"status-publish","4":"has-post-thumbnail","6":"product_cat-transmissores","7":"marca-endresshauser","9":"first","10":"instock","11":"shipping-taxable","12":"purchasable","13":"product-type-simple"},"yoast_head":"<!-- This site is optimized with the Yoast SEO plugin v27.2 - https:\/\/yoast.com\/product\/yoast-seo-wordpress\/ -->\n<title>iTEMP TMT125 - Full Solutions<\/title>\n<meta name=\"robots\" content=\"index, follow, max-snippet:-1, max-image-preview:large, max-video-preview:-1\" \/>\n<link rel=\"canonical\" href=\"https:\/\/fullsolutions.info\/en\/product\/itemp-tmt125\/\" \/>\n<meta property=\"og:locale\" content=\"en_US\" \/>\n<meta property=\"og:type\" content=\"article\" \/>\n<meta property=\"og:title\" content=\"iTEMP TMT125 - Full Solutions\" \/>\n<meta property=\"og:description\" content=\"Endress + Hauser Transmissor de Temperatura iTEMP TMT125 Descri\u00e7\u00e3o do Produto Transmissor de temperatura DIN rail com protocolo FOUNDATION Fieldbus. 8 canais de entrada para termorresist\u00eancias, termopares, transmissores de resist\u00eancia e voltagem. Principais Caracter\u00edsticas: &#8211; Transmissor de temperatura universal para at\u00e9 8 sinais de entrada. &#8211; Entradas para RTD em tecnologia de 2 fios, 3 fios e 4 fios. &#8211; Cada entrada pode ser configurada individualmente. &#8211; Monitoramento do sensor: circuito aberto, curto-circuito e erro de fia\u00e7\u00e3o. &#8211; Reconhecimento de falha de hardware do dispositivo para opera\u00e7\u00e3o confi\u00e1vel e f\u00e1cil manuten\u00e7\u00e3o. &#8211; Isolamento galv\u00e2nico entre o barramento de campo e as entradas do sensor, bem como entre os canais de entrada. &#8211; Conex\u00e3o de termopares em todas as entradas \u00e9 poss\u00edvel. &#8211; Transfer\u00eancia de dados via FOUNDATION Fieldbus\u2122 H1. &#8211; Bloco transdutor &#8216;concentrador&#8217; e Bloco de Entrada Anal\u00f3gica M\u00faltipla (MAI) permitem uma configura\u00e7\u00e3o eficaz e r\u00e1pida dos par\u00e2metros relevantes. &#8211; Certifica\u00e7\u00e3o Ex: &#8211; FM IS, NI. &#8211; ATEX EEx ia, EEx na, para instala\u00e7\u00e3o intrinsecamente segura na zona 1 e como aparelho associado na zona 2. &#8211; Instala\u00e7\u00e3o independente de sensores de temperatura conectados na zona 0. &#8211; Conformidade com FISCO de acordo com a IEC 60079-27 para layout f\u00e1cil de pontos de medi\u00e7\u00e3o em \u00e1reas perigosas. &#8211; FOUNDATION Fieldbus\u2122 ITK 4.61. &#8211; Montagem em trilho DIN conforme IEC 60715 e com inv\u00f3lucro de alum\u00ednio para opera\u00e7\u00e3o em campo. Campo de Aplica\u00e7\u00e3o: Transmissor de temperatura com 8 canais de entrada e protocolo FOUNDATION Fieldbus\u2122 para converter v\u00e1rios sinais de entrada em sinais de sa\u00edda digitais. Entrada: &#8211; Termorresist\u00eancias (RTD). &#8211; Termopares (TC). &#8211; Transmissores de resist\u00eancia (\u03a9). &#8211; Transmissores de voltagem (mV). Montagem em trilho DIN conforme IEC 60715 e com inv\u00f3lucro de alum\u00ednio para opera\u00e7\u00e3o em campo.\" \/>\n<meta property=\"og:url\" content=\"https:\/\/fullsolutions.info\/en\/product\/itemp-tmt125\/\" \/>\n<meta property=\"og:site_name\" content=\"Full Solutions\" \/>\n<meta property=\"article:modified_time\" content=\"2024-02-19T16:12:48+00:00\" \/>\n<meta property=\"og:image\" content=\"https:\/\/mlhff0prgoxu.i.optimole.com\/cb:s0sM.767\/w:auto\/h:auto\/q:mauto\/f:best\/https:\/\/fullsolutions.info\/wp-content\/uploads\/2024\/02\/iTEMP-TMT125.jpeg\" \/>\n\t<meta property=\"og:image:width\" content=\"500\" \/>\n\t<meta property=\"og:image:height\" content=\"500\" \/>\n\t<meta property=\"og:image:type\" content=\"image\/jpeg\" \/>\n<meta name=\"twitter:card\" content=\"summary_large_image\" \/>\n<meta name=\"twitter:label1\" content=\"Est. reading time\" \/>\n\t<meta name=\"twitter:data1\" content=\"2 minutes\" \/>\n<script type=\"application\/ld+json\" class=\"yoast-schema-graph\">{\"@context\":\"https:\/\/schema.org\",\"@graph\":[{\"@type\":\"WebPage\",\"@id\":\"https:\/\/fullsolutions.info\/produto\/itemp-tmt125\/\",\"url\":\"https:\/\/fullsolutions.info\/produto\/itemp-tmt125\/\",\"name\":\"iTEMP TMT125 - Full Solutions\",\"isPartOf\":{\"@id\":\"https:\/\/fullsolutions.info\/#website\"},\"primaryImageOfPage\":{\"@id\":\"https:\/\/fullsolutions.info\/produto\/itemp-tmt125\/#primaryimage\"},\"image\":{\"@id\":\"https:\/\/fullsolutions.info\/produto\/itemp-tmt125\/#primaryimage\"},\"thumbnailUrl\":\"https:\/\/mlhff0prgoxu.i.optimole.com\/cb:s0sM.767\/w:auto\/h:auto\/q:mauto\/f:best\/https:\/\/fullsolutions.info\/wp-content\/uploads\/2024\/02\/iTEMP-TMT125.jpeg\",\"datePublished\":\"2024-02-02T16:23:44+00:00\",\"dateModified\":\"2024-02-19T16:12:48+00:00\",\"breadcrumb\":{\"@id\":\"https:\/\/fullsolutions.info\/produto\/itemp-tmt125\/#breadcrumb\"},\"inLanguage\":\"en-US\",\"potentialAction\":[{\"@type\":\"ReadAction\",\"target\":[\"https:\/\/fullsolutions.info\/produto\/itemp-tmt125\/\"]}]},{\"@type\":\"ImageObject\",\"inLanguage\":\"en-US\",\"@id\":\"https:\/\/fullsolutions.info\/produto\/itemp-tmt125\/#primaryimage\",\"url\":\"https:\/\/mlhff0prgoxu.i.optimole.com\/cb:s0sM.767\/w:auto\/h:auto\/q:mauto\/f:best\/https:\/\/fullsolutions.info\/wp-content\/uploads\/2024\/02\/iTEMP-TMT125.jpeg\",\"contentUrl\":\"https:\/\/mlhff0prgoxu.i.optimole.com\/cb:s0sM.767\/w:auto\/h:auto\/q:mauto\/f:best\/https:\/\/fullsolutions.info\/wp-content\/uploads\/2024\/02\/iTEMP-TMT125.jpeg\",\"width\":500,\"height\":500},{\"@type\":\"BreadcrumbList\",\"@id\":\"https:\/\/fullsolutions.info\/produto\/itemp-tmt125\/#breadcrumb\",\"itemListElement\":[{\"@type\":\"ListItem\",\"position\":1,\"name\":\"In\u00edcio\",\"item\":\"https:\/\/fullsolutions.info\/\"},{\"@type\":\"ListItem\",\"position\":2,\"name\":\"Produtos\",\"item\":\"https:\/\/fullsolutions.info\/shop\/\"},{\"@type\":\"ListItem\",\"position\":3,\"name\":\"iTEMP TMT125\"}]},{\"@type\":\"WebSite\",\"@id\":\"https:\/\/fullsolutions.info\/#website\",\"url\":\"https:\/\/fullsolutions.info\/\",\"name\":\"Full Solutions\",\"description\":\"Empresa na \u00c1rea de Procurement\",\"publisher\":{\"@id\":\"https:\/\/fullsolutions.info\/#organization\"},\"potentialAction\":[{\"@type\":\"SearchAction\",\"target\":{\"@type\":\"EntryPoint\",\"urlTemplate\":\"https:\/\/fullsolutions.info\/?s={search_term_string}\"},\"query-input\":{\"@type\":\"PropertyValueSpecification\",\"valueRequired\":true,\"valueName\":\"search_term_string\"}}],\"inLanguage\":\"en-US\"},{\"@type\":\"Organization\",\"@id\":\"https:\/\/fullsolutions.info\/#organization\",\"name\":\"Full Solutions\",\"url\":\"https:\/\/fullsolutions.info\/\",\"logo\":{\"@type\":\"ImageObject\",\"inLanguage\":\"en-US\",\"@id\":\"https:\/\/fullsolutions.info\/#\/schema\/logo\/image\/\",\"url\":\"https:\/\/mlhff0prgoxu.i.optimole.com\/cb:s0sM.767\/w:auto\/h:auto\/q:mauto\/f:best\/https:\/\/fullsolutions.info\/wp-content\/uploads\/2021\/07\/cropped-Design-sem-nome-300x193-1-e1627062664782.png\",\"contentUrl\":\"https:\/\/mlhff0prgoxu.i.optimole.com\/cb:s0sM.767\/w:auto\/h:auto\/q:mauto\/f:best\/https:\/\/fullsolutions.info\/wp-content\/uploads\/2021\/07\/cropped-Design-sem-nome-300x193-1-e1627062664782.png\",\"width\":202,\"height\":155,\"caption\":\"Full Solutions\"},\"image\":{\"@id\":\"https:\/\/fullsolutions.info\/#\/schema\/logo\/image\/\"},\"sameAs\":[\"https:\/\/www.linkedin.com\/company\/full-solutions-equipment\"]}]}<\/script>\n<!-- \/ Yoast SEO plugin. -->","yoast_head_json":{"title":"iTEMP TMT125 - Full Solutions","robots":{"index":"index","follow":"follow","max-snippet":"max-snippet:-1","max-image-preview":"max-image-preview:large","max-video-preview":"max-video-preview:-1"},"canonical":"https:\/\/fullsolutions.info\/en\/product\/itemp-tmt125\/","og_locale":"en_US","og_type":"article","og_title":"iTEMP TMT125 - Full Solutions","og_description":"Endress + Hauser Transmissor de Temperatura iTEMP TMT125 Descri\u00e7\u00e3o do Produto Transmissor de temperatura DIN rail com protocolo FOUNDATION Fieldbus. 8 canais de entrada para termorresist\u00eancias, termopares, transmissores de resist\u00eancia e voltagem. Principais Caracter\u00edsticas: &#8211; Transmissor de temperatura universal para at\u00e9 8 sinais de entrada. &#8211; Entradas para RTD em tecnologia de 2 fios, 3 fios e 4 fios. &#8211; Cada entrada pode ser configurada individualmente. &#8211; Monitoramento do sensor: circuito aberto, curto-circuito e erro de fia\u00e7\u00e3o. &#8211; Reconhecimento de falha de hardware do dispositivo para opera\u00e7\u00e3o confi\u00e1vel e f\u00e1cil manuten\u00e7\u00e3o. &#8211; Isolamento galv\u00e2nico entre o barramento de campo e as entradas do sensor, bem como entre os canais de entrada. &#8211; Conex\u00e3o de termopares em todas as entradas \u00e9 poss\u00edvel. &#8211; Transfer\u00eancia de dados via FOUNDATION Fieldbus\u2122 H1. &#8211; Bloco transdutor &#8216;concentrador&#8217; e Bloco de Entrada Anal\u00f3gica M\u00faltipla (MAI) permitem uma configura\u00e7\u00e3o eficaz e r\u00e1pida dos par\u00e2metros relevantes. &#8211; Certifica\u00e7\u00e3o Ex: &#8211; FM IS, NI. &#8211; ATEX EEx ia, EEx na, para instala\u00e7\u00e3o intrinsecamente segura na zona 1 e como aparelho associado na zona 2. &#8211; Instala\u00e7\u00e3o independente de sensores de temperatura conectados na zona 0. &#8211; Conformidade com FISCO de acordo com a IEC 60079-27 para layout f\u00e1cil de pontos de medi\u00e7\u00e3o em \u00e1reas perigosas. &#8211; FOUNDATION Fieldbus\u2122 ITK 4.61. &#8211; Montagem em trilho DIN conforme IEC 60715 e com inv\u00f3lucro de alum\u00ednio para opera\u00e7\u00e3o em campo. Campo de Aplica\u00e7\u00e3o: Transmissor de temperatura com 8 canais de entrada e protocolo FOUNDATION Fieldbus\u2122 para converter v\u00e1rios sinais de entrada em sinais de sa\u00edda digitais. Entrada: &#8211; Termorresist\u00eancias (RTD). &#8211; Termopares (TC). &#8211; Transmissores de resist\u00eancia (\u03a9). &#8211; Transmissores de voltagem (mV). Montagem em trilho DIN conforme IEC 60715 e com inv\u00f3lucro de alum\u00ednio para opera\u00e7\u00e3o em campo.","og_url":"https:\/\/fullsolutions.info\/en\/product\/itemp-tmt125\/","og_site_name":"Full Solutions","article_modified_time":"2024-02-19T16:12:48+00:00","og_image":[{"width":500,"height":500,"url":"https:\/\/mlhff0prgoxu.i.optimole.com\/cb:s0sM.767\/w:auto\/h:auto\/q:mauto\/f:best\/https:\/\/fullsolutions.info\/wp-content\/uploads\/2024\/02\/iTEMP-TMT125.jpeg","type":"image\/jpeg"}],"twitter_card":"summary_large_image","twitter_misc":{"Est. reading time":"2 minutes"},"schema":{"@context":"https:\/\/schema.org","@graph":[{"@type":"WebPage","@id":"https:\/\/fullsolutions.info\/produto\/itemp-tmt125\/","url":"https:\/\/fullsolutions.info\/produto\/itemp-tmt125\/","name":"iTEMP TMT125 - Full Solutions","isPartOf":{"@id":"https:\/\/fullsolutions.info\/#website"},"primaryImageOfPage":{"@id":"https:\/\/fullsolutions.info\/produto\/itemp-tmt125\/#primaryimage"},"image":{"@id":"https:\/\/fullsolutions.info\/produto\/itemp-tmt125\/#primaryimage"},"thumbnailUrl":"https:\/\/mlhff0prgoxu.i.optimole.com\/cb:s0sM.767\/w:auto\/h:auto\/q:mauto\/f:best\/https:\/\/fullsolutions.info\/wp-content\/uploads\/2024\/02\/iTEMP-TMT125.jpeg","datePublished":"2024-02-02T16:23:44+00:00","dateModified":"2024-02-19T16:12:48+00:00","breadcrumb":{"@id":"https:\/\/fullsolutions.info\/produto\/itemp-tmt125\/#breadcrumb"},"inLanguage":"en-US","potentialAction":[{"@type":"ReadAction","target":["https:\/\/fullsolutions.info\/produto\/itemp-tmt125\/"]}]},{"@type":"ImageObject","inLanguage":"en-US","@id":"https:\/\/fullsolutions.info\/produto\/itemp-tmt125\/#primaryimage","url":"https:\/\/mlhff0prgoxu.i.optimole.com\/cb:s0sM.767\/w:auto\/h:auto\/q:mauto\/f:best\/https:\/\/fullsolutions.info\/wp-content\/uploads\/2024\/02\/iTEMP-TMT125.jpeg","contentUrl":"https:\/\/mlhff0prgoxu.i.optimole.com\/cb:s0sM.767\/w:auto\/h:auto\/q:mauto\/f:best\/https:\/\/fullsolutions.info\/wp-content\/uploads\/2024\/02\/iTEMP-TMT125.jpeg","width":500,"height":500},{"@type":"BreadcrumbList","@id":"https:\/\/fullsolutions.info\/produto\/itemp-tmt125\/#breadcrumb","itemListElement":[{"@type":"ListItem","position":1,"name":"In\u00edcio","item":"https:\/\/fullsolutions.info\/"},{"@type":"ListItem","position":2,"name":"Produtos","item":"https:\/\/fullsolutions.info\/shop\/"},{"@type":"ListItem","position":3,"name":"iTEMP TMT125"}]},{"@type":"WebSite","@id":"https:\/\/fullsolutions.info\/#website","url":"https:\/\/fullsolutions.info\/","name":"Full Solutions","description":"Empresa na \u00c1rea de Procurement","publisher":{"@id":"https:\/\/fullsolutions.info\/#organization"},"potentialAction":[{"@type":"SearchAction","target":{"@type":"EntryPoint","urlTemplate":"https:\/\/fullsolutions.info\/?s={search_term_string}"},"query-input":{"@type":"PropertyValueSpecification","valueRequired":true,"valueName":"search_term_string"}}],"inLanguage":"en-US"},{"@type":"Organization","@id":"https:\/\/fullsolutions.info\/#organization","name":"Full Solutions","url":"https:\/\/fullsolutions.info\/","logo":{"@type":"ImageObject","inLanguage":"en-US","@id":"https:\/\/fullsolutions.info\/#\/schema\/logo\/image\/","url":"https:\/\/mlhff0prgoxu.i.optimole.com\/cb:s0sM.767\/w:auto\/h:auto\/q:mauto\/f:best\/https:\/\/fullsolutions.info\/wp-content\/uploads\/2021\/07\/cropped-Design-sem-nome-300x193-1-e1627062664782.png","contentUrl":"https:\/\/mlhff0prgoxu.i.optimole.com\/cb:s0sM.767\/w:auto\/h:auto\/q:mauto\/f:best\/https:\/\/fullsolutions.info\/wp-content\/uploads\/2021\/07\/cropped-Design-sem-nome-300x193-1-e1627062664782.png","width":202,"height":155,"caption":"Full Solutions"},"image":{"@id":"https:\/\/fullsolutions.info\/#\/schema\/logo\/image\/"},"sameAs":["https:\/\/www.linkedin.com\/company\/full-solutions-equipment"]}]}},"_links":{"self":[{"href":"https:\/\/fullsolutions.info\/en\/wp-json\/wp\/v2\/product\/4326","targetHints":{"allow":["GET"]}}],"collection":[{"href":"https:\/\/fullsolutions.info\/en\/wp-json\/wp\/v2\/product"}],"about":[{"href":"https:\/\/fullsolutions.info\/en\/wp-json\/wp\/v2\/types\/product"}],"replies":[{"embeddable":true,"href":"https:\/\/fullsolutions.info\/en\/wp-json\/wp\/v2\/comments?post=4326"}],"wp:featuredmedia":[{"embeddable":true,"href":"https:\/\/fullsolutions.info\/en\/wp-json\/wp\/v2\/media\/4327"}],"wp:attachment":[{"href":"https:\/\/fullsolutions.info\/en\/wp-json\/wp\/v2\/media?parent=4326"}],"wp:term":[{"taxonomy":"product_brand","embeddable":true,"href":"https:\/\/fullsolutions.info\/en\/wp-json\/wp\/v2\/product_brand?post=4326"},{"taxonomy":"product_cat","embeddable":true,"href":"https:\/\/fullsolutions.info\/en\/wp-json\/wp\/v2\/product_cat?post=4326"},{"taxonomy":"product_tag","embeddable":true,"href":"https:\/\/fullsolutions.info\/en\/wp-json\/wp\/v2\/product_tag?post=4326"},{"taxonomy":"marca","embeddable":true,"href":"https:\/\/fullsolutions.info\/en\/wp-json\/wp\/v2\/marca?post=4326"}],"curies":[{"name":"wp","href":"https:\/\/api.w.org\/{rel}","templated":true}]}}