{"id":4324,"date":"2024-02-02T16:24:18","date_gmt":"2024-02-02T16:24:18","guid":{"rendered":"https:\/\/fullsolutionsequip.com\/?post_type=product&#038;p=4324"},"modified":"2024-02-19T16:12:48","modified_gmt":"2024-02-19T16:12:48","slug":"medidores-de-vazao-vortex-multivariaveis-digitaisyewflo","status":"publish","type":"product","link":"https:\/\/fullsolutions.info\/en\/product\/medidores-de-vazao-vortex-multivariaveis-digitaisyewflo\/","title":{"rendered":"Vortex flow meters multivariate digitaisYEWFLO"},"content":{"rendered":"<p>Caracter\u00edsticas: digitalYEWFLO &#8211; Medidores de Vaz\u00e3o Vortex Multivari\u00e1vel<\/p>\n<p>Tipo Multivari\u00e1vel: c\u00f3digo de op\u00e7\u00e3o \/MV<\/p>\n<p>Sensor de Temperatura de Resist\u00eancia Incorporado: Localizado na barra de desprendimento de v\u00f3rtices.<br \/>\nExibi\u00e7\u00e3o Selecion\u00e1vel pelo Usu\u00e1rio: Op\u00e7\u00f5es para exibir Fluxo, Temperatura, Total e outros par\u00e2metros.<br \/>\nC\u00e1lculo da Taxa de Fluxo Massa: Utiliza leituras de temperatura e dados de tabela de vapor para calcular a taxa de fluxo de massa.<br \/>\nSa\u00edda Independente de Taxa de Fluxo de Massa: Capacidade de fornecer sa\u00edda exclusiva para a taxa de fluxo de massa.<\/p>\n<p>Mecanismo de Medi\u00e7\u00e3o de Vapor Saturado:<\/p>\n<p>Como a densidade do vapor \u00e9 calculada a partir de uma leitura de temperatura?<br \/>\nUma tabela de vapor fornece dados sobre temperatura, press\u00e3o e densidade do vapor, certificada por \u00f3rg\u00e3os como a ASME. A curva de vapor saturado mostra o ponto de satura\u00e7\u00e3o do vapor para cada n\u00edvel de press\u00e3o\/temperatura. O conversor digitalYEWFLO calcula a taxa de fluxo de massa usando a densidade da tabela de vapor. Com seu sistema Spectral Signal Processing, o digitalYEWFLO consegue medir com precis\u00e3o as flutua\u00e7\u00f5es de temperatura.<br \/>\nCom Vapor Superaquecido: A densidade \u00e9 calculada como um valor de press\u00e3o fixa que inclui o valor da temperatura superaquecida.<br \/>\nFun\u00e7\u00e3o de Totaliza\u00e7\u00e3o:<\/p>\n<p>Com a fun\u00e7\u00e3o de totaliza\u00e7\u00e3o, dados de consumo de energia coletados ao longo do tempo podem ser armazenados na mem\u00f3ria e usados para desenvolver medidas de redu\u00e7\u00e3o de consumo de energia.<\/p>","protected":false},"excerpt":{"rendered":"<p>Caracter\u00edsticas: digitalYEWFLO &#8211; Medidores de Vaz\u00e3o Vortex Multivari\u00e1vel Tipo Multivari\u00e1vel: c\u00f3digo de op\u00e7\u00e3o \/MV Sensor de Temperatura de Resist\u00eancia Incorporado: Localizado na barra de desprendimento de v\u00f3rtices. Exibi\u00e7\u00e3o Selecion\u00e1vel pelo Usu\u00e1rio: Op\u00e7\u00f5es para exibir Fluxo, Temperatura, Total e outros par\u00e2metros. C\u00e1lculo da Taxa de Fluxo Massa: Utiliza leituras de temperatura e dados de tabela de vapor para calcular a taxa de fluxo de massa. Sa\u00edda Independente de Taxa de Fluxo de Massa: Capacidade de fornecer sa\u00edda exclusiva para a taxa de fluxo de massa. Mecanismo de Medi\u00e7\u00e3o de Vapor Saturado: Como a densidade do vapor \u00e9 calculada a partir de uma leitura de temperatura? Uma tabela de vapor fornece dados sobre temperatura, press\u00e3o e densidade do vapor, certificada por \u00f3rg\u00e3os como a ASME. A curva de vapor saturado mostra o ponto de satura\u00e7\u00e3o do vapor para cada n\u00edvel de press\u00e3o\/temperatura. O conversor digitalYEWFLO calcula a taxa de fluxo de massa usando a densidade da tabela de vapor. Com seu sistema Spectral Signal Processing, o digitalYEWFLO consegue medir com precis\u00e3o as flutua\u00e7\u00f5es de temperatura. Com Vapor Superaquecido: A densidade \u00e9 calculada como um valor de press\u00e3o fixa que inclui o valor da temperatura superaquecida. Fun\u00e7\u00e3o de Totaliza\u00e7\u00e3o: Com a fun\u00e7\u00e3o de totaliza\u00e7\u00e3o, dados de consumo de energia coletados ao longo do tempo podem ser armazenados na mem\u00f3ria e usados para desenvolver medidas de redu\u00e7\u00e3o de consumo de energia.<\/p>","protected":false},"featured_media":4328,"comment_status":"open","ping_status":"closed","template":"","meta":{"_joinchat":[]},"product_brand":[],"product_cat":[146],"product_tag":[],"marca":[143],"class_list":{"0":"post-4324","1":"product","2":"type-product","3":"status-publish","4":"has-post-thumbnail","6":"product_cat-medidores-de-vazao-e-tubos-de-vazao","7":"marca-yokogawa","9":"first","10":"instock","11":"shipping-taxable","12":"purchasable","13":"product-type-simple"},"yoast_head":"<!-- This site is optimized with the Yoast SEO plugin v27.2 - https:\/\/yoast.com\/product\/yoast-seo-wordpress\/ -->\n<title>Medidores de vaz\u00e3o Vortex multivari\u00e1veis digitaisYEWFLO - Full Solutions<\/title>\n<meta name=\"robots\" content=\"index, follow, max-snippet:-1, max-image-preview:large, max-video-preview:-1\" \/>\n<link rel=\"canonical\" href=\"https:\/\/fullsolutions.info\/en\/product\/medidores-de-vazao-vortex-multivariaveis-digitaisyewflo\/\" \/>\n<meta property=\"og:locale\" content=\"en_US\" \/>\n<meta property=\"og:type\" content=\"article\" \/>\n<meta property=\"og:title\" content=\"Medidores de vaz\u00e3o Vortex multivari\u00e1veis digitaisYEWFLO - Full Solutions\" \/>\n<meta property=\"og:description\" content=\"Caracter\u00edsticas: digitalYEWFLO &#8211; Medidores de Vaz\u00e3o Vortex Multivari\u00e1vel Tipo Multivari\u00e1vel: c\u00f3digo de op\u00e7\u00e3o \/MV Sensor de Temperatura de Resist\u00eancia Incorporado: Localizado na barra de desprendimento de v\u00f3rtices. Exibi\u00e7\u00e3o Selecion\u00e1vel pelo Usu\u00e1rio: Op\u00e7\u00f5es para exibir Fluxo, Temperatura, Total e outros par\u00e2metros. C\u00e1lculo da Taxa de Fluxo Massa: Utiliza leituras de temperatura e dados de tabela de vapor para calcular a taxa de fluxo de massa. Sa\u00edda Independente de Taxa de Fluxo de Massa: Capacidade de fornecer sa\u00edda exclusiva para a taxa de fluxo de massa. Mecanismo de Medi\u00e7\u00e3o de Vapor Saturado: Como a densidade do vapor \u00e9 calculada a partir de uma leitura de temperatura? Uma tabela de vapor fornece dados sobre temperatura, press\u00e3o e densidade do vapor, certificada por \u00f3rg\u00e3os como a ASME. A curva de vapor saturado mostra o ponto de satura\u00e7\u00e3o do vapor para cada n\u00edvel de press\u00e3o\/temperatura. O conversor digitalYEWFLO calcula a taxa de fluxo de massa usando a densidade da tabela de vapor. Com seu sistema Spectral Signal Processing, o digitalYEWFLO consegue medir com precis\u00e3o as flutua\u00e7\u00f5es de temperatura. Com Vapor Superaquecido: A densidade \u00e9 calculada como um valor de press\u00e3o fixa que inclui o valor da temperatura superaquecida. Fun\u00e7\u00e3o de Totaliza\u00e7\u00e3o: Com a fun\u00e7\u00e3o de totaliza\u00e7\u00e3o, dados de consumo de energia coletados ao longo do tempo podem ser armazenados na mem\u00f3ria e usados para desenvolver medidas de redu\u00e7\u00e3o de consumo de energia.\" \/>\n<meta property=\"og:url\" content=\"https:\/\/fullsolutions.info\/en\/product\/medidores-de-vazao-vortex-multivariaveis-digitaisyewflo\/\" \/>\n<meta property=\"og:site_name\" content=\"Full Solutions\" \/>\n<meta property=\"article:modified_time\" content=\"2024-02-19T16:12:48+00:00\" \/>\n<meta property=\"og:image\" content=\"https:\/\/mlhff0prgoxu.i.optimole.com\/cb:s0sM.767\/w:auto\/h:auto\/q:mauto\/f:best\/https:\/\/fullsolutions.info\/wp-content\/uploads\/2024\/02\/digitalYEWFLO-multivariable-Vortex-Flowmeters.jpg\" \/>\n\t<meta property=\"og:image:width\" content=\"145\" \/>\n\t<meta property=\"og:image:height\" content=\"179\" \/>\n\t<meta property=\"og:image:type\" content=\"image\/jpeg\" \/>\n<meta name=\"twitter:card\" content=\"summary_large_image\" \/>\n<meta name=\"twitter:label1\" content=\"Est. reading time\" \/>\n\t<meta name=\"twitter:data1\" content=\"1 minute\" \/>\n<script type=\"application\/ld+json\" class=\"yoast-schema-graph\">{\"@context\":\"https:\/\/schema.org\",\"@graph\":[{\"@type\":\"WebPage\",\"@id\":\"https:\/\/fullsolutions.info\/produto\/medidores-de-vazao-vortex-multivariaveis-digitaisyewflo\/\",\"url\":\"https:\/\/fullsolutions.info\/produto\/medidores-de-vazao-vortex-multivariaveis-digitaisyewflo\/\",\"name\":\"Medidores de vaz\u00e3o Vortex multivari\u00e1veis digitaisYEWFLO - Full Solutions\",\"isPartOf\":{\"@id\":\"https:\/\/fullsolutions.info\/#website\"},\"primaryImageOfPage\":{\"@id\":\"https:\/\/fullsolutions.info\/produto\/medidores-de-vazao-vortex-multivariaveis-digitaisyewflo\/#primaryimage\"},\"image\":{\"@id\":\"https:\/\/fullsolutions.info\/produto\/medidores-de-vazao-vortex-multivariaveis-digitaisyewflo\/#primaryimage\"},\"thumbnailUrl\":\"https:\/\/mlhff0prgoxu.i.optimole.com\/cb:s0sM.767\/w:auto\/h:auto\/q:mauto\/f:best\/https:\/\/fullsolutions.info\/wp-content\/uploads\/2024\/02\/digitalYEWFLO-multivariable-Vortex-Flowmeters.jpg\",\"datePublished\":\"2024-02-02T16:24:18+00:00\",\"dateModified\":\"2024-02-19T16:12:48+00:00\",\"breadcrumb\":{\"@id\":\"https:\/\/fullsolutions.info\/produto\/medidores-de-vazao-vortex-multivariaveis-digitaisyewflo\/#breadcrumb\"},\"inLanguage\":\"en-US\",\"potentialAction\":[{\"@type\":\"ReadAction\",\"target\":[\"https:\/\/fullsolutions.info\/produto\/medidores-de-vazao-vortex-multivariaveis-digitaisyewflo\/\"]}]},{\"@type\":\"ImageObject\",\"inLanguage\":\"en-US\",\"@id\":\"https:\/\/fullsolutions.info\/produto\/medidores-de-vazao-vortex-multivariaveis-digitaisyewflo\/#primaryimage\",\"url\":\"https:\/\/mlhff0prgoxu.i.optimole.com\/cb:s0sM.767\/w:auto\/h:auto\/q:mauto\/f:best\/https:\/\/fullsolutions.info\/wp-content\/uploads\/2024\/02\/digitalYEWFLO-multivariable-Vortex-Flowmeters.jpg\",\"contentUrl\":\"https:\/\/mlhff0prgoxu.i.optimole.com\/cb:s0sM.767\/w:auto\/h:auto\/q:mauto\/f:best\/https:\/\/fullsolutions.info\/wp-content\/uploads\/2024\/02\/digitalYEWFLO-multivariable-Vortex-Flowmeters.jpg\",\"width\":145,\"height\":179},{\"@type\":\"BreadcrumbList\",\"@id\":\"https:\/\/fullsolutions.info\/produto\/medidores-de-vazao-vortex-multivariaveis-digitaisyewflo\/#breadcrumb\",\"itemListElement\":[{\"@type\":\"ListItem\",\"position\":1,\"name\":\"In\u00edcio\",\"item\":\"https:\/\/fullsolutions.info\/\"},{\"@type\":\"ListItem\",\"position\":2,\"name\":\"Produtos\",\"item\":\"https:\/\/fullsolutions.info\/shop\/\"},{\"@type\":\"ListItem\",\"position\":3,\"name\":\"Medidores de vaz\u00e3o Vortex multivari\u00e1veis digitaisYEWFLO\"}]},{\"@type\":\"WebSite\",\"@id\":\"https:\/\/fullsolutions.info\/#website\",\"url\":\"https:\/\/fullsolutions.info\/\",\"name\":\"Full Solutions\",\"description\":\"Empresa na \u00c1rea de Procurement\",\"publisher\":{\"@id\":\"https:\/\/fullsolutions.info\/#organization\"},\"potentialAction\":[{\"@type\":\"SearchAction\",\"target\":{\"@type\":\"EntryPoint\",\"urlTemplate\":\"https:\/\/fullsolutions.info\/?s={search_term_string}\"},\"query-input\":{\"@type\":\"PropertyValueSpecification\",\"valueRequired\":true,\"valueName\":\"search_term_string\"}}],\"inLanguage\":\"en-US\"},{\"@type\":\"Organization\",\"@id\":\"https:\/\/fullsolutions.info\/#organization\",\"name\":\"Full Solutions\",\"url\":\"https:\/\/fullsolutions.info\/\",\"logo\":{\"@type\":\"ImageObject\",\"inLanguage\":\"en-US\",\"@id\":\"https:\/\/fullsolutions.info\/#\/schema\/logo\/image\/\",\"url\":\"https:\/\/mlhff0prgoxu.i.optimole.com\/cb:s0sM.767\/w:auto\/h:auto\/q:mauto\/f:best\/https:\/\/fullsolutions.info\/wp-content\/uploads\/2021\/07\/cropped-Design-sem-nome-300x193-1-e1627062664782.png\",\"contentUrl\":\"https:\/\/mlhff0prgoxu.i.optimole.com\/cb:s0sM.767\/w:auto\/h:auto\/q:mauto\/f:best\/https:\/\/fullsolutions.info\/wp-content\/uploads\/2021\/07\/cropped-Design-sem-nome-300x193-1-e1627062664782.png\",\"width\":202,\"height\":155,\"caption\":\"Full Solutions\"},\"image\":{\"@id\":\"https:\/\/fullsolutions.info\/#\/schema\/logo\/image\/\"},\"sameAs\":[\"https:\/\/www.linkedin.com\/company\/full-solutions-equipment\"]}]}<\/script>\n<!-- \/ Yoast SEO plugin. -->","yoast_head_json":{"title":"Medidores de vaz\u00e3o Vortex multivari\u00e1veis digitaisYEWFLO - Full Solutions","robots":{"index":"index","follow":"follow","max-snippet":"max-snippet:-1","max-image-preview":"max-image-preview:large","max-video-preview":"max-video-preview:-1"},"canonical":"https:\/\/fullsolutions.info\/en\/product\/medidores-de-vazao-vortex-multivariaveis-digitaisyewflo\/","og_locale":"en_US","og_type":"article","og_title":"Medidores de vaz\u00e3o Vortex multivari\u00e1veis digitaisYEWFLO - Full Solutions","og_description":"Caracter\u00edsticas: digitalYEWFLO &#8211; Medidores de Vaz\u00e3o Vortex Multivari\u00e1vel Tipo Multivari\u00e1vel: c\u00f3digo de op\u00e7\u00e3o \/MV Sensor de Temperatura de Resist\u00eancia Incorporado: Localizado na barra de desprendimento de v\u00f3rtices. Exibi\u00e7\u00e3o Selecion\u00e1vel pelo Usu\u00e1rio: Op\u00e7\u00f5es para exibir Fluxo, Temperatura, Total e outros par\u00e2metros. C\u00e1lculo da Taxa de Fluxo Massa: Utiliza leituras de temperatura e dados de tabela de vapor para calcular a taxa de fluxo de massa. Sa\u00edda Independente de Taxa de Fluxo de Massa: Capacidade de fornecer sa\u00edda exclusiva para a taxa de fluxo de massa. Mecanismo de Medi\u00e7\u00e3o de Vapor Saturado: Como a densidade do vapor \u00e9 calculada a partir de uma leitura de temperatura? Uma tabela de vapor fornece dados sobre temperatura, press\u00e3o e densidade do vapor, certificada por \u00f3rg\u00e3os como a ASME. A curva de vapor saturado mostra o ponto de satura\u00e7\u00e3o do vapor para cada n\u00edvel de press\u00e3o\/temperatura. O conversor digitalYEWFLO calcula a taxa de fluxo de massa usando a densidade da tabela de vapor. Com seu sistema Spectral Signal Processing, o digitalYEWFLO consegue medir com precis\u00e3o as flutua\u00e7\u00f5es de temperatura. Com Vapor Superaquecido: A densidade \u00e9 calculada como um valor de press\u00e3o fixa que inclui o valor da temperatura superaquecida. Fun\u00e7\u00e3o de Totaliza\u00e7\u00e3o: Com a fun\u00e7\u00e3o de totaliza\u00e7\u00e3o, dados de consumo de energia coletados ao longo do tempo podem ser armazenados na mem\u00f3ria e usados para desenvolver medidas de redu\u00e7\u00e3o de consumo de energia.","og_url":"https:\/\/fullsolutions.info\/en\/product\/medidores-de-vazao-vortex-multivariaveis-digitaisyewflo\/","og_site_name":"Full Solutions","article_modified_time":"2024-02-19T16:12:48+00:00","og_image":[{"width":145,"height":179,"url":"https:\/\/mlhff0prgoxu.i.optimole.com\/cb:s0sM.767\/w:auto\/h:auto\/q:mauto\/f:best\/https:\/\/fullsolutions.info\/wp-content\/uploads\/2024\/02\/digitalYEWFLO-multivariable-Vortex-Flowmeters.jpg","type":"image\/jpeg"}],"twitter_card":"summary_large_image","twitter_misc":{"Est. reading time":"1 minute"},"schema":{"@context":"https:\/\/schema.org","@graph":[{"@type":"WebPage","@id":"https:\/\/fullsolutions.info\/produto\/medidores-de-vazao-vortex-multivariaveis-digitaisyewflo\/","url":"https:\/\/fullsolutions.info\/produto\/medidores-de-vazao-vortex-multivariaveis-digitaisyewflo\/","name":"Medidores de vaz\u00e3o Vortex multivari\u00e1veis digitaisYEWFLO - Full Solutions","isPartOf":{"@id":"https:\/\/fullsolutions.info\/#website"},"primaryImageOfPage":{"@id":"https:\/\/fullsolutions.info\/produto\/medidores-de-vazao-vortex-multivariaveis-digitaisyewflo\/#primaryimage"},"image":{"@id":"https:\/\/fullsolutions.info\/produto\/medidores-de-vazao-vortex-multivariaveis-digitaisyewflo\/#primaryimage"},"thumbnailUrl":"https:\/\/mlhff0prgoxu.i.optimole.com\/cb:s0sM.767\/w:auto\/h:auto\/q:mauto\/f:best\/https:\/\/fullsolutions.info\/wp-content\/uploads\/2024\/02\/digitalYEWFLO-multivariable-Vortex-Flowmeters.jpg","datePublished":"2024-02-02T16:24:18+00:00","dateModified":"2024-02-19T16:12:48+00:00","breadcrumb":{"@id":"https:\/\/fullsolutions.info\/produto\/medidores-de-vazao-vortex-multivariaveis-digitaisyewflo\/#breadcrumb"},"inLanguage":"en-US","potentialAction":[{"@type":"ReadAction","target":["https:\/\/fullsolutions.info\/produto\/medidores-de-vazao-vortex-multivariaveis-digitaisyewflo\/"]}]},{"@type":"ImageObject","inLanguage":"en-US","@id":"https:\/\/fullsolutions.info\/produto\/medidores-de-vazao-vortex-multivariaveis-digitaisyewflo\/#primaryimage","url":"https:\/\/mlhff0prgoxu.i.optimole.com\/cb:s0sM.767\/w:auto\/h:auto\/q:mauto\/f:best\/https:\/\/fullsolutions.info\/wp-content\/uploads\/2024\/02\/digitalYEWFLO-multivariable-Vortex-Flowmeters.jpg","contentUrl":"https:\/\/mlhff0prgoxu.i.optimole.com\/cb:s0sM.767\/w:auto\/h:auto\/q:mauto\/f:best\/https:\/\/fullsolutions.info\/wp-content\/uploads\/2024\/02\/digitalYEWFLO-multivariable-Vortex-Flowmeters.jpg","width":145,"height":179},{"@type":"BreadcrumbList","@id":"https:\/\/fullsolutions.info\/produto\/medidores-de-vazao-vortex-multivariaveis-digitaisyewflo\/#breadcrumb","itemListElement":[{"@type":"ListItem","position":1,"name":"In\u00edcio","item":"https:\/\/fullsolutions.info\/"},{"@type":"ListItem","position":2,"name":"Produtos","item":"https:\/\/fullsolutions.info\/shop\/"},{"@type":"ListItem","position":3,"name":"Medidores de vaz\u00e3o Vortex multivari\u00e1veis digitaisYEWFLO"}]},{"@type":"WebSite","@id":"https:\/\/fullsolutions.info\/#website","url":"https:\/\/fullsolutions.info\/","name":"Full Solutions","description":"Empresa na \u00c1rea de Procurement","publisher":{"@id":"https:\/\/fullsolutions.info\/#organization"},"potentialAction":[{"@type":"SearchAction","target":{"@type":"EntryPoint","urlTemplate":"https:\/\/fullsolutions.info\/?s={search_term_string}"},"query-input":{"@type":"PropertyValueSpecification","valueRequired":true,"valueName":"search_term_string"}}],"inLanguage":"en-US"},{"@type":"Organization","@id":"https:\/\/fullsolutions.info\/#organization","name":"Full Solutions","url":"https:\/\/fullsolutions.info\/","logo":{"@type":"ImageObject","inLanguage":"en-US","@id":"https:\/\/fullsolutions.info\/#\/schema\/logo\/image\/","url":"https:\/\/mlhff0prgoxu.i.optimole.com\/cb:s0sM.767\/w:auto\/h:auto\/q:mauto\/f:best\/https:\/\/fullsolutions.info\/wp-content\/uploads\/2021\/07\/cropped-Design-sem-nome-300x193-1-e1627062664782.png","contentUrl":"https:\/\/mlhff0prgoxu.i.optimole.com\/cb:s0sM.767\/w:auto\/h:auto\/q:mauto\/f:best\/https:\/\/fullsolutions.info\/wp-content\/uploads\/2021\/07\/cropped-Design-sem-nome-300x193-1-e1627062664782.png","width":202,"height":155,"caption":"Full Solutions"},"image":{"@id":"https:\/\/fullsolutions.info\/#\/schema\/logo\/image\/"},"sameAs":["https:\/\/www.linkedin.com\/company\/full-solutions-equipment"]}]}},"_links":{"self":[{"href":"https:\/\/fullsolutions.info\/en\/wp-json\/wp\/v2\/product\/4324","targetHints":{"allow":["GET"]}}],"collection":[{"href":"https:\/\/fullsolutions.info\/en\/wp-json\/wp\/v2\/product"}],"about":[{"href":"https:\/\/fullsolutions.info\/en\/wp-json\/wp\/v2\/types\/product"}],"replies":[{"embeddable":true,"href":"https:\/\/fullsolutions.info\/en\/wp-json\/wp\/v2\/comments?post=4324"}],"wp:featuredmedia":[{"embeddable":true,"href":"https:\/\/fullsolutions.info\/en\/wp-json\/wp\/v2\/media\/4328"}],"wp:attachment":[{"href":"https:\/\/fullsolutions.info\/en\/wp-json\/wp\/v2\/media?parent=4324"}],"wp:term":[{"taxonomy":"product_brand","embeddable":true,"href":"https:\/\/fullsolutions.info\/en\/wp-json\/wp\/v2\/product_brand?post=4324"},{"taxonomy":"product_cat","embeddable":true,"href":"https:\/\/fullsolutions.info\/en\/wp-json\/wp\/v2\/product_cat?post=4324"},{"taxonomy":"product_tag","embeddable":true,"href":"https:\/\/fullsolutions.info\/en\/wp-json\/wp\/v2\/product_tag?post=4324"},{"taxonomy":"marca","embeddable":true,"href":"https:\/\/fullsolutions.info\/en\/wp-json\/wp\/v2\/marca?post=4324"}],"curies":[{"name":"wp","href":"https:\/\/api.w.org\/{rel}","templated":true}]}}