{"id":4319,"date":"2024-02-02T16:21:22","date_gmt":"2024-02-02T16:21:22","guid":{"rendered":"https:\/\/fullsolutionsequip.com\/?post_type=product&#038;p=4319"},"modified":"2024-02-19T16:12:48","modified_gmt":"2024-02-19T16:12:48","slug":"medidor-de-vazao-tipo-vortice-digitalyewflo-com-furo-reduzido","status":"publish","type":"product","link":"https:\/\/fullsolutions.info\/en\/product\/medidor-de-vazao-tipo-vortice-digitalyewflo-com-furo-reduzido\/","title":{"rendered":"Medidor de vaz\u00e3o tipo v\u00f3rtice digitalYEWFLO com furo reduzido"},"content":{"rendered":"<p>Caracter\u00edsticas: digitalYEWFLO &#8211; Medidor de Vaz\u00e3o Vortex Tipo de Orif\u00edcio Reduzido<\/p>\n<p>A solu\u00e7\u00e3o ideal<\/p>\n<p>N\u00e3o \u00e9 mais necess\u00e1rio trocar a placa de orif\u00edcio para ajustar varia\u00e7\u00f5es na vaz\u00e3o.<br \/>\nFun\u00e7\u00f5es de totaliza\u00e7\u00e3o e autodiagn\u00f3stico est\u00e3o dispon\u00edveis para aprimorar o gerenciamento da vaz\u00e3o.<br \/>\nInstala\u00e7\u00e3o f\u00e1cil<\/p>\n<p>&lt;Configura\u00e7\u00e3o convencional&gt;<\/p>\n<p>A instala\u00e7\u00e3o \u00e9 dif\u00edcil, envolvendo muitas porcas, parafusos e juntas diferentes.<br \/>\nO cliente deve fornecer redutores e tubos de extens\u00e3o.<br \/>\nExistem seis pontos de conex\u00e3o, cada um dos quais \u00e9 um ponto potencial de vazamento.<br \/>\n&lt;A solu\u00e7\u00e3o digitalYEWFLO de orif\u00edcio reduzido&gt;<\/p>\n<p>Faixa de medi\u00e7\u00e3o expandida para baixas vaz\u00f5es<br \/>\nF\u00e1cil de instalar<br \/>\nN\u00e3o requer pe\u00e7as adicionais<br \/>\nExistem apenas dois pontos de conex\u00e3o, o que significa menos locais onde vazamentos podem ocorrer.<br \/>\nAs mesmas dimens\u00f5es face a face facilitam a instala\u00e7\u00e3o de outros tamanhos ou tipos de medidores de vaz\u00e3o digitalYEWFLO.<br \/>\nAnteriormente, era necess\u00e1rio trocar dois tipos diferentes de placas de orif\u00edcio para se adaptar \u00e0s flutua\u00e7\u00f5es na vaz\u00e3o da linha, mas isso n\u00e3o \u00e9 mais necess\u00e1rio com o tipo de orif\u00edcio reduzido digitalYEWFLO.<br \/>\nEm linhas que requerem manuten\u00e7\u00e3o anual ou de longo prazo da vaz\u00e3o, o digitalYEWFLO elimina a necessidade de interromper o fluxo para realizar esse trabalho.<br \/>\nOs medidores de vaz\u00e3o vortex da Yokogawa s\u00e3o adequados para aplica\u00e7\u00f5es de alta temperatura e alta press\u00e3o, e a qualidade do gerenciamento de fluxo pode ser aprimorada ainda mais por meio do uso de efici\u00eancia antivibrat\u00f3ria e fun\u00e7\u00f5es de autodiagn\u00f3stico que dependem do sistema SSP do digitalYEWFLO.<\/p>","protected":false},"excerpt":{"rendered":"<p>Caracter\u00edsticas: digitalYEWFLO &#8211; Medidor de Vaz\u00e3o Vortex Tipo de Orif\u00edcio Reduzido A solu\u00e7\u00e3o ideal N\u00e3o \u00e9 mais necess\u00e1rio trocar a placa de orif\u00edcio para ajustar varia\u00e7\u00f5es na vaz\u00e3o. Fun\u00e7\u00f5es de totaliza\u00e7\u00e3o e autodiagn\u00f3stico est\u00e3o dispon\u00edveis para aprimorar o gerenciamento da vaz\u00e3o. Instala\u00e7\u00e3o f\u00e1cil &lt;Configura\u00e7\u00e3o convencional&gt; A instala\u00e7\u00e3o \u00e9 dif\u00edcil, envolvendo muitas porcas, parafusos e juntas diferentes. O cliente deve fornecer redutores e tubos de extens\u00e3o. Existem seis pontos de conex\u00e3o, cada um dos quais \u00e9 um ponto potencial de vazamento. &lt;A solu\u00e7\u00e3o digitalYEWFLO de orif\u00edcio reduzido&gt; Faixa de medi\u00e7\u00e3o expandida para baixas vaz\u00f5es F\u00e1cil de instalar N\u00e3o requer pe\u00e7as adicionais Existem apenas dois pontos de conex\u00e3o, o que significa menos locais onde vazamentos podem ocorrer. As mesmas dimens\u00f5es face a face facilitam a instala\u00e7\u00e3o de outros tamanhos ou tipos de medidores de vaz\u00e3o digitalYEWFLO. Anteriormente, era necess\u00e1rio trocar dois tipos diferentes de placas de orif\u00edcio para se adaptar \u00e0s flutua\u00e7\u00f5es na vaz\u00e3o da linha, mas isso n\u00e3o \u00e9 mais necess\u00e1rio com o tipo de orif\u00edcio reduzido digitalYEWFLO. Em linhas que requerem manuten\u00e7\u00e3o anual ou de longo prazo da vaz\u00e3o, o digitalYEWFLO elimina a necessidade de interromper o fluxo para realizar esse trabalho. Os medidores de vaz\u00e3o vortex da Yokogawa s\u00e3o adequados para aplica\u00e7\u00f5es de alta temperatura e alta press\u00e3o, e a qualidade do gerenciamento de fluxo pode ser aprimorada ainda mais por meio do uso de efici\u00eancia antivibrat\u00f3ria e fun\u00e7\u00f5es de autodiagn\u00f3stico que dependem do sistema SSP do digitalYEWFLO.<\/p>","protected":false},"featured_media":4320,"comment_status":"open","ping_status":"closed","template":"","meta":{"_joinchat":[]},"product_brand":[],"product_cat":[146],"product_tag":[],"marca":[143],"class_list":{"0":"post-4319","1":"product","2":"type-product","3":"status-publish","4":"has-post-thumbnail","6":"product_cat-medidores-de-vazao-e-tubos-de-vazao","7":"marca-yokogawa","9":"first","10":"instock","11":"shipping-taxable","12":"purchasable","13":"product-type-simple"},"yoast_head":"<!-- This site is optimized with the Yoast SEO plugin v27.2 - https:\/\/yoast.com\/product\/yoast-seo-wordpress\/ -->\n<title>Medidor de vaz\u00e3o tipo v\u00f3rtice digitalYEWFLO com furo reduzido - Full Solutions<\/title>\n<meta name=\"robots\" content=\"index, follow, max-snippet:-1, max-image-preview:large, max-video-preview:-1\" \/>\n<link rel=\"canonical\" href=\"https:\/\/fullsolutions.info\/en\/product\/medidor-de-vazao-tipo-vortice-digitalyewflo-com-furo-reduzido\/\" \/>\n<meta property=\"og:locale\" content=\"en_US\" \/>\n<meta property=\"og:type\" content=\"article\" \/>\n<meta property=\"og:title\" content=\"Medidor de vaz\u00e3o tipo v\u00f3rtice digitalYEWFLO com furo reduzido - Full Solutions\" \/>\n<meta property=\"og:description\" content=\"Caracter\u00edsticas: digitalYEWFLO &#8211; Medidor de Vaz\u00e3o Vortex Tipo de Orif\u00edcio Reduzido A solu\u00e7\u00e3o ideal N\u00e3o \u00e9 mais necess\u00e1rio trocar a placa de orif\u00edcio para ajustar varia\u00e7\u00f5es na vaz\u00e3o. Fun\u00e7\u00f5es de totaliza\u00e7\u00e3o e autodiagn\u00f3stico est\u00e3o dispon\u00edveis para aprimorar o gerenciamento da vaz\u00e3o. Instala\u00e7\u00e3o f\u00e1cil &lt;Configura\u00e7\u00e3o convencional&gt; A instala\u00e7\u00e3o \u00e9 dif\u00edcil, envolvendo muitas porcas, parafusos e juntas diferentes. O cliente deve fornecer redutores e tubos de extens\u00e3o. Existem seis pontos de conex\u00e3o, cada um dos quais \u00e9 um ponto potencial de vazamento. &lt;A solu\u00e7\u00e3o digitalYEWFLO de orif\u00edcio reduzido&gt; Faixa de medi\u00e7\u00e3o expandida para baixas vaz\u00f5es F\u00e1cil de instalar N\u00e3o requer pe\u00e7as adicionais Existem apenas dois pontos de conex\u00e3o, o que significa menos locais onde vazamentos podem ocorrer. As mesmas dimens\u00f5es face a face facilitam a instala\u00e7\u00e3o de outros tamanhos ou tipos de medidores de vaz\u00e3o digitalYEWFLO. Anteriormente, era necess\u00e1rio trocar dois tipos diferentes de placas de orif\u00edcio para se adaptar \u00e0s flutua\u00e7\u00f5es na vaz\u00e3o da linha, mas isso n\u00e3o \u00e9 mais necess\u00e1rio com o tipo de orif\u00edcio reduzido digitalYEWFLO. Em linhas que requerem manuten\u00e7\u00e3o anual ou de longo prazo da vaz\u00e3o, o digitalYEWFLO elimina a necessidade de interromper o fluxo para realizar esse trabalho. Os medidores de vaz\u00e3o vortex da Yokogawa s\u00e3o adequados para aplica\u00e7\u00f5es de alta temperatura e alta press\u00e3o, e a qualidade do gerenciamento de fluxo pode ser aprimorada ainda mais por meio do uso de efici\u00eancia antivibrat\u00f3ria e fun\u00e7\u00f5es de autodiagn\u00f3stico que dependem do sistema SSP do digitalYEWFLO.\" \/>\n<meta property=\"og:url\" content=\"https:\/\/fullsolutions.info\/en\/product\/medidor-de-vazao-tipo-vortice-digitalyewflo-com-furo-reduzido\/\" \/>\n<meta property=\"og:site_name\" content=\"Full Solutions\" \/>\n<meta property=\"article:modified_time\" content=\"2024-02-19T16:12:48+00:00\" \/>\n<meta property=\"og:image\" content=\"https:\/\/mlhff0prgoxu.i.optimole.com\/cb:s0sM.767\/w:auto\/h:auto\/q:mauto\/f:best\/https:\/\/fullsolutions.info\/wp-content\/uploads\/2024\/02\/digitalYEWFLO-Reduced-Bore-Type-Vortex-Flowmeter.jpg\" \/>\n\t<meta property=\"og:image:width\" content=\"159\" \/>\n\t<meta property=\"og:image:height\" content=\"185\" \/>\n\t<meta property=\"og:image:type\" content=\"image\/jpeg\" \/>\n<meta name=\"twitter:card\" content=\"summary_large_image\" \/>\n<meta name=\"twitter:label1\" content=\"Est. reading time\" \/>\n\t<meta name=\"twitter:data1\" content=\"1 minute\" \/>\n<script type=\"application\/ld+json\" class=\"yoast-schema-graph\">{\"@context\":\"https:\/\/schema.org\",\"@graph\":[{\"@type\":\"WebPage\",\"@id\":\"https:\/\/fullsolutions.info\/produto\/medidor-de-vazao-tipo-vortice-digitalyewflo-com-furo-reduzido\/\",\"url\":\"https:\/\/fullsolutions.info\/produto\/medidor-de-vazao-tipo-vortice-digitalyewflo-com-furo-reduzido\/\",\"name\":\"Medidor de vaz\u00e3o tipo v\u00f3rtice digitalYEWFLO com furo reduzido - Full Solutions\",\"isPartOf\":{\"@id\":\"https:\/\/fullsolutions.info\/#website\"},\"primaryImageOfPage\":{\"@id\":\"https:\/\/fullsolutions.info\/produto\/medidor-de-vazao-tipo-vortice-digitalyewflo-com-furo-reduzido\/#primaryimage\"},\"image\":{\"@id\":\"https:\/\/fullsolutions.info\/produto\/medidor-de-vazao-tipo-vortice-digitalyewflo-com-furo-reduzido\/#primaryimage\"},\"thumbnailUrl\":\"https:\/\/mlhff0prgoxu.i.optimole.com\/cb:s0sM.767\/w:auto\/h:auto\/q:mauto\/f:best\/https:\/\/fullsolutions.info\/wp-content\/uploads\/2024\/02\/digitalYEWFLO-Reduced-Bore-Type-Vortex-Flowmeter.jpg\",\"datePublished\":\"2024-02-02T16:21:22+00:00\",\"dateModified\":\"2024-02-19T16:12:48+00:00\",\"breadcrumb\":{\"@id\":\"https:\/\/fullsolutions.info\/produto\/medidor-de-vazao-tipo-vortice-digitalyewflo-com-furo-reduzido\/#breadcrumb\"},\"inLanguage\":\"en-US\",\"potentialAction\":[{\"@type\":\"ReadAction\",\"target\":[\"https:\/\/fullsolutions.info\/produto\/medidor-de-vazao-tipo-vortice-digitalyewflo-com-furo-reduzido\/\"]}]},{\"@type\":\"ImageObject\",\"inLanguage\":\"en-US\",\"@id\":\"https:\/\/fullsolutions.info\/produto\/medidor-de-vazao-tipo-vortice-digitalyewflo-com-furo-reduzido\/#primaryimage\",\"url\":\"https:\/\/mlhff0prgoxu.i.optimole.com\/cb:s0sM.767\/w:auto\/h:auto\/q:mauto\/f:best\/https:\/\/fullsolutions.info\/wp-content\/uploads\/2024\/02\/digitalYEWFLO-Reduced-Bore-Type-Vortex-Flowmeter.jpg\",\"contentUrl\":\"https:\/\/mlhff0prgoxu.i.optimole.com\/cb:s0sM.767\/w:auto\/h:auto\/q:mauto\/f:best\/https:\/\/fullsolutions.info\/wp-content\/uploads\/2024\/02\/digitalYEWFLO-Reduced-Bore-Type-Vortex-Flowmeter.jpg\",\"width\":159,\"height\":185},{\"@type\":\"BreadcrumbList\",\"@id\":\"https:\/\/fullsolutions.info\/produto\/medidor-de-vazao-tipo-vortice-digitalyewflo-com-furo-reduzido\/#breadcrumb\",\"itemListElement\":[{\"@type\":\"ListItem\",\"position\":1,\"name\":\"In\u00edcio\",\"item\":\"https:\/\/fullsolutions.info\/\"},{\"@type\":\"ListItem\",\"position\":2,\"name\":\"Produtos\",\"item\":\"https:\/\/fullsolutions.info\/shop\/\"},{\"@type\":\"ListItem\",\"position\":3,\"name\":\"Medidor de vaz\u00e3o tipo v\u00f3rtice digitalYEWFLO com furo reduzido\"}]},{\"@type\":\"WebSite\",\"@id\":\"https:\/\/fullsolutions.info\/#website\",\"url\":\"https:\/\/fullsolutions.info\/\",\"name\":\"Full Solutions\",\"description\":\"Empresa na \u00c1rea de Procurement\",\"publisher\":{\"@id\":\"https:\/\/fullsolutions.info\/#organization\"},\"potentialAction\":[{\"@type\":\"SearchAction\",\"target\":{\"@type\":\"EntryPoint\",\"urlTemplate\":\"https:\/\/fullsolutions.info\/?s={search_term_string}\"},\"query-input\":{\"@type\":\"PropertyValueSpecification\",\"valueRequired\":true,\"valueName\":\"search_term_string\"}}],\"inLanguage\":\"en-US\"},{\"@type\":\"Organization\",\"@id\":\"https:\/\/fullsolutions.info\/#organization\",\"name\":\"Full Solutions\",\"url\":\"https:\/\/fullsolutions.info\/\",\"logo\":{\"@type\":\"ImageObject\",\"inLanguage\":\"en-US\",\"@id\":\"https:\/\/fullsolutions.info\/#\/schema\/logo\/image\/\",\"url\":\"https:\/\/mlhff0prgoxu.i.optimole.com\/cb:s0sM.767\/w:auto\/h:auto\/q:mauto\/f:best\/https:\/\/fullsolutions.info\/wp-content\/uploads\/2021\/07\/cropped-Design-sem-nome-300x193-1-e1627062664782.png\",\"contentUrl\":\"https:\/\/mlhff0prgoxu.i.optimole.com\/cb:s0sM.767\/w:auto\/h:auto\/q:mauto\/f:best\/https:\/\/fullsolutions.info\/wp-content\/uploads\/2021\/07\/cropped-Design-sem-nome-300x193-1-e1627062664782.png\",\"width\":202,\"height\":155,\"caption\":\"Full Solutions\"},\"image\":{\"@id\":\"https:\/\/fullsolutions.info\/#\/schema\/logo\/image\/\"},\"sameAs\":[\"https:\/\/www.linkedin.com\/company\/full-solutions-equipment\"]}]}<\/script>\n<!-- \/ Yoast SEO plugin. -->","yoast_head_json":{"title":"Medidor de vaz\u00e3o tipo v\u00f3rtice digitalYEWFLO com furo reduzido - Full Solutions","robots":{"index":"index","follow":"follow","max-snippet":"max-snippet:-1","max-image-preview":"max-image-preview:large","max-video-preview":"max-video-preview:-1"},"canonical":"https:\/\/fullsolutions.info\/en\/product\/medidor-de-vazao-tipo-vortice-digitalyewflo-com-furo-reduzido\/","og_locale":"en_US","og_type":"article","og_title":"Medidor de vaz\u00e3o tipo v\u00f3rtice digitalYEWFLO com furo reduzido - Full Solutions","og_description":"Caracter\u00edsticas: digitalYEWFLO &#8211; Medidor de Vaz\u00e3o Vortex Tipo de Orif\u00edcio Reduzido A solu\u00e7\u00e3o ideal N\u00e3o \u00e9 mais necess\u00e1rio trocar a placa de orif\u00edcio para ajustar varia\u00e7\u00f5es na vaz\u00e3o. Fun\u00e7\u00f5es de totaliza\u00e7\u00e3o e autodiagn\u00f3stico est\u00e3o dispon\u00edveis para aprimorar o gerenciamento da vaz\u00e3o. Instala\u00e7\u00e3o f\u00e1cil &lt;Configura\u00e7\u00e3o convencional&gt; A instala\u00e7\u00e3o \u00e9 dif\u00edcil, envolvendo muitas porcas, parafusos e juntas diferentes. O cliente deve fornecer redutores e tubos de extens\u00e3o. Existem seis pontos de conex\u00e3o, cada um dos quais \u00e9 um ponto potencial de vazamento. &lt;A solu\u00e7\u00e3o digitalYEWFLO de orif\u00edcio reduzido&gt; Faixa de medi\u00e7\u00e3o expandida para baixas vaz\u00f5es F\u00e1cil de instalar N\u00e3o requer pe\u00e7as adicionais Existem apenas dois pontos de conex\u00e3o, o que significa menos locais onde vazamentos podem ocorrer. As mesmas dimens\u00f5es face a face facilitam a instala\u00e7\u00e3o de outros tamanhos ou tipos de medidores de vaz\u00e3o digitalYEWFLO. Anteriormente, era necess\u00e1rio trocar dois tipos diferentes de placas de orif\u00edcio para se adaptar \u00e0s flutua\u00e7\u00f5es na vaz\u00e3o da linha, mas isso n\u00e3o \u00e9 mais necess\u00e1rio com o tipo de orif\u00edcio reduzido digitalYEWFLO. Em linhas que requerem manuten\u00e7\u00e3o anual ou de longo prazo da vaz\u00e3o, o digitalYEWFLO elimina a necessidade de interromper o fluxo para realizar esse trabalho. Os medidores de vaz\u00e3o vortex da Yokogawa s\u00e3o adequados para aplica\u00e7\u00f5es de alta temperatura e alta press\u00e3o, e a qualidade do gerenciamento de fluxo pode ser aprimorada ainda mais por meio do uso de efici\u00eancia antivibrat\u00f3ria e fun\u00e7\u00f5es de autodiagn\u00f3stico que dependem do sistema SSP do digitalYEWFLO.","og_url":"https:\/\/fullsolutions.info\/en\/product\/medidor-de-vazao-tipo-vortice-digitalyewflo-com-furo-reduzido\/","og_site_name":"Full Solutions","article_modified_time":"2024-02-19T16:12:48+00:00","og_image":[{"width":159,"height":185,"url":"https:\/\/mlhff0prgoxu.i.optimole.com\/cb:s0sM.767\/w:auto\/h:auto\/q:mauto\/f:best\/https:\/\/fullsolutions.info\/wp-content\/uploads\/2024\/02\/digitalYEWFLO-Reduced-Bore-Type-Vortex-Flowmeter.jpg","type":"image\/jpeg"}],"twitter_card":"summary_large_image","twitter_misc":{"Est. reading time":"1 minute"},"schema":{"@context":"https:\/\/schema.org","@graph":[{"@type":"WebPage","@id":"https:\/\/fullsolutions.info\/produto\/medidor-de-vazao-tipo-vortice-digitalyewflo-com-furo-reduzido\/","url":"https:\/\/fullsolutions.info\/produto\/medidor-de-vazao-tipo-vortice-digitalyewflo-com-furo-reduzido\/","name":"Medidor de vaz\u00e3o tipo v\u00f3rtice digitalYEWFLO com furo reduzido - Full Solutions","isPartOf":{"@id":"https:\/\/fullsolutions.info\/#website"},"primaryImageOfPage":{"@id":"https:\/\/fullsolutions.info\/produto\/medidor-de-vazao-tipo-vortice-digitalyewflo-com-furo-reduzido\/#primaryimage"},"image":{"@id":"https:\/\/fullsolutions.info\/produto\/medidor-de-vazao-tipo-vortice-digitalyewflo-com-furo-reduzido\/#primaryimage"},"thumbnailUrl":"https:\/\/mlhff0prgoxu.i.optimole.com\/cb:s0sM.767\/w:auto\/h:auto\/q:mauto\/f:best\/https:\/\/fullsolutions.info\/wp-content\/uploads\/2024\/02\/digitalYEWFLO-Reduced-Bore-Type-Vortex-Flowmeter.jpg","datePublished":"2024-02-02T16:21:22+00:00","dateModified":"2024-02-19T16:12:48+00:00","breadcrumb":{"@id":"https:\/\/fullsolutions.info\/produto\/medidor-de-vazao-tipo-vortice-digitalyewflo-com-furo-reduzido\/#breadcrumb"},"inLanguage":"en-US","potentialAction":[{"@type":"ReadAction","target":["https:\/\/fullsolutions.info\/produto\/medidor-de-vazao-tipo-vortice-digitalyewflo-com-furo-reduzido\/"]}]},{"@type":"ImageObject","inLanguage":"en-US","@id":"https:\/\/fullsolutions.info\/produto\/medidor-de-vazao-tipo-vortice-digitalyewflo-com-furo-reduzido\/#primaryimage","url":"https:\/\/mlhff0prgoxu.i.optimole.com\/cb:s0sM.767\/w:auto\/h:auto\/q:mauto\/f:best\/https:\/\/fullsolutions.info\/wp-content\/uploads\/2024\/02\/digitalYEWFLO-Reduced-Bore-Type-Vortex-Flowmeter.jpg","contentUrl":"https:\/\/mlhff0prgoxu.i.optimole.com\/cb:s0sM.767\/w:auto\/h:auto\/q:mauto\/f:best\/https:\/\/fullsolutions.info\/wp-content\/uploads\/2024\/02\/digitalYEWFLO-Reduced-Bore-Type-Vortex-Flowmeter.jpg","width":159,"height":185},{"@type":"BreadcrumbList","@id":"https:\/\/fullsolutions.info\/produto\/medidor-de-vazao-tipo-vortice-digitalyewflo-com-furo-reduzido\/#breadcrumb","itemListElement":[{"@type":"ListItem","position":1,"name":"In\u00edcio","item":"https:\/\/fullsolutions.info\/"},{"@type":"ListItem","position":2,"name":"Produtos","item":"https:\/\/fullsolutions.info\/shop\/"},{"@type":"ListItem","position":3,"name":"Medidor de vaz\u00e3o tipo v\u00f3rtice digitalYEWFLO com furo reduzido"}]},{"@type":"WebSite","@id":"https:\/\/fullsolutions.info\/#website","url":"https:\/\/fullsolutions.info\/","name":"Full Solutions","description":"Empresa na \u00c1rea de Procurement","publisher":{"@id":"https:\/\/fullsolutions.info\/#organization"},"potentialAction":[{"@type":"SearchAction","target":{"@type":"EntryPoint","urlTemplate":"https:\/\/fullsolutions.info\/?s={search_term_string}"},"query-input":{"@type":"PropertyValueSpecification","valueRequired":true,"valueName":"search_term_string"}}],"inLanguage":"en-US"},{"@type":"Organization","@id":"https:\/\/fullsolutions.info\/#organization","name":"Full Solutions","url":"https:\/\/fullsolutions.info\/","logo":{"@type":"ImageObject","inLanguage":"en-US","@id":"https:\/\/fullsolutions.info\/#\/schema\/logo\/image\/","url":"https:\/\/mlhff0prgoxu.i.optimole.com\/cb:s0sM.767\/w:auto\/h:auto\/q:mauto\/f:best\/https:\/\/fullsolutions.info\/wp-content\/uploads\/2021\/07\/cropped-Design-sem-nome-300x193-1-e1627062664782.png","contentUrl":"https:\/\/mlhff0prgoxu.i.optimole.com\/cb:s0sM.767\/w:auto\/h:auto\/q:mauto\/f:best\/https:\/\/fullsolutions.info\/wp-content\/uploads\/2021\/07\/cropped-Design-sem-nome-300x193-1-e1627062664782.png","width":202,"height":155,"caption":"Full Solutions"},"image":{"@id":"https:\/\/fullsolutions.info\/#\/schema\/logo\/image\/"},"sameAs":["https:\/\/www.linkedin.com\/company\/full-solutions-equipment"]}]}},"_links":{"self":[{"href":"https:\/\/fullsolutions.info\/en\/wp-json\/wp\/v2\/product\/4319","targetHints":{"allow":["GET"]}}],"collection":[{"href":"https:\/\/fullsolutions.info\/en\/wp-json\/wp\/v2\/product"}],"about":[{"href":"https:\/\/fullsolutions.info\/en\/wp-json\/wp\/v2\/types\/product"}],"replies":[{"embeddable":true,"href":"https:\/\/fullsolutions.info\/en\/wp-json\/wp\/v2\/comments?post=4319"}],"wp:featuredmedia":[{"embeddable":true,"href":"https:\/\/fullsolutions.info\/en\/wp-json\/wp\/v2\/media\/4320"}],"wp:attachment":[{"href":"https:\/\/fullsolutions.info\/en\/wp-json\/wp\/v2\/media?parent=4319"}],"wp:term":[{"taxonomy":"product_brand","embeddable":true,"href":"https:\/\/fullsolutions.info\/en\/wp-json\/wp\/v2\/product_brand?post=4319"},{"taxonomy":"product_cat","embeddable":true,"href":"https:\/\/fullsolutions.info\/en\/wp-json\/wp\/v2\/product_cat?post=4319"},{"taxonomy":"product_tag","embeddable":true,"href":"https:\/\/fullsolutions.info\/en\/wp-json\/wp\/v2\/product_tag?post=4319"},{"taxonomy":"marca","embeddable":true,"href":"https:\/\/fullsolutions.info\/en\/wp-json\/wp\/v2\/marca?post=4319"}],"curies":[{"name":"wp","href":"https:\/\/api.w.org\/{rel}","templated":true}]}}