{"id":4316,"date":"2024-02-02T16:15:11","date_gmt":"2024-02-02T16:15:11","guid":{"rendered":"https:\/\/fullsolutionsequip.com\/?post_type=product&#038;p=4316"},"modified":"2024-02-19T16:12:49","modified_gmt":"2024-02-19T16:12:49","slug":"medidores-de-vazao-vortex-digitalyewflo","status":"publish","type":"product","link":"https:\/\/fullsolutions.info\/en\/product\/medidores-de-vazao-vortex-digitalyewflo\/","title":{"rendered":"Medidores de Vaz\u00e3o Vortex digitalYEWFLO"},"content":{"rendered":"<p>Recursos: Medidor de Vaz\u00e3o Vortex digitalYEWFLO<\/p>\n<ul>\n<li><strong>Novas fun\u00e7\u00f5es com a tecnologia Spectral Signal Processing (SSP):<\/strong> O SSP analisa as condi\u00e7\u00f5es do fluido dentro do medidor de vaz\u00e3o Vortex digitalYEWFLO e utiliza os dados para selecionar automaticamente o ajuste ideal para a aplica\u00e7\u00e3o, proporcionando recursos nunca antes vistos em um medidor de vaz\u00e3o Vortex.\n<ul>\n<li>SSP detecta com precis\u00e3o os v\u00f3rtices na faixa de baixo fluxo, oferecendo uma estabilidade de fluxo excepcional.<\/li>\n<\/ul>\n<\/li>\n<li><strong>Autodiagn\u00f3stico avan\u00e7ado:<\/strong> Condi\u00e7\u00f5es de aplica\u00e7\u00e3o, como alta vibra\u00e7\u00e3o do encanamento e fluxo anormal, s\u00e3o previstas e indicadas.<\/li>\n<li><strong>Alta precis\u00e3o:<\/strong> \u00b10,75% da leitura (l\u00edquido) \u00b11,0% da leitura (g\u00e1s, vapor)<\/li>\n<li><strong>Ampla faixa de temperatura do processo:<\/strong> Vers\u00e3o de alta temperatura at\u00e9 450\u00b0C Vers\u00e3o criog\u00eanica m\u00ednima -196\u00b0C<\/li>\n<li><strong>Configura\u00e7\u00f5es de par\u00e2metros simples:<\/strong> Sele\u00e7\u00f5es frequentemente usadas agrupadas em um formato de acesso r\u00e1pido reduzem o tempo de comissionamento.<\/li>\n<li><strong>Indicador claro e conciso:<\/strong> Exibi\u00e7\u00e3o conveniente das taxas de fluxo simult\u00e2neo e total junto com o diagn\u00f3stico do processo.<\/li>\n<li><strong>Sa\u00edda dupla para anal\u00f3gico\/pulso:<\/strong> Sa\u00edda simult\u00e2nea para taxa de fluxo e pulso.<\/li>\n<li><strong>Sa\u00edda de alarme:<\/strong> Um sinal de alarme \u00e9 emitido quando ocorre um alarme.<\/li>\n<li><strong>Comunica\u00e7\u00e3o BRAIN\/HART e interruptores de teclas para interface homem-m\u00e1quina.<\/strong><\/li>\n<li><strong>Compat\u00edvel com NACE<\/strong><\/li>\n<li><strong>Compat\u00edvel com NAMUR 43<\/strong><\/li>\n<li><strong>Comprimento do cabo remoto at\u00e9 30m<\/strong><\/li>\n<\/ul>","protected":false},"excerpt":{"rendered":"<p>Recursos: Medidor de Vaz\u00e3o Vortex digitalYEWFLO Novas fun\u00e7\u00f5es com a tecnologia Spectral Signal Processing (SSP): O SSP analisa as condi\u00e7\u00f5es do fluido dentro do medidor de vaz\u00e3o Vortex digitalYEWFLO e utiliza os dados para selecionar automaticamente o ajuste ideal para a aplica\u00e7\u00e3o, proporcionando recursos nunca antes vistos em um medidor de vaz\u00e3o Vortex. SSP detecta com precis\u00e3o os v\u00f3rtices na faixa de baixo fluxo, oferecendo uma estabilidade de fluxo excepcional. Autodiagn\u00f3stico avan\u00e7ado: Condi\u00e7\u00f5es de aplica\u00e7\u00e3o, como alta vibra\u00e7\u00e3o do encanamento e fluxo anormal, s\u00e3o previstas e indicadas. Alta precis\u00e3o: \u00b10,75% da leitura (l\u00edquido) \u00b11,0% da leitura (g\u00e1s, vapor) Ampla faixa de temperatura do processo: Vers\u00e3o de alta temperatura at\u00e9 450\u00b0C Vers\u00e3o criog\u00eanica m\u00ednima -196\u00b0C Configura\u00e7\u00f5es de par\u00e2metros simples: Sele\u00e7\u00f5es frequentemente usadas agrupadas em um formato de acesso r\u00e1pido reduzem o tempo de comissionamento. Indicador claro e conciso: Exibi\u00e7\u00e3o conveniente das taxas de fluxo simult\u00e2neo e total junto com o diagn\u00f3stico do processo. Sa\u00edda dupla para anal\u00f3gico\/pulso: Sa\u00edda simult\u00e2nea para taxa de fluxo e pulso. Sa\u00edda de alarme: Um sinal de alarme \u00e9 emitido quando ocorre um alarme. Comunica\u00e7\u00e3o BRAIN\/HART e interruptores de teclas para interface homem-m\u00e1quina. Compat\u00edvel com NACE Compat\u00edvel com NAMUR 43 Comprimento do cabo remoto at\u00e9 30m<\/p>","protected":false},"featured_media":4318,"comment_status":"open","ping_status":"closed","template":"","meta":{"_joinchat":[]},"product_brand":[],"product_cat":[146],"product_tag":[],"marca":[143],"class_list":{"0":"post-4316","1":"product","2":"type-product","3":"status-publish","4":"has-post-thumbnail","6":"product_cat-medidores-de-vazao-e-tubos-de-vazao","7":"marca-yokogawa","9":"first","10":"instock","11":"shipping-taxable","12":"purchasable","13":"product-type-simple"},"yoast_head":"<!-- This site is optimized with the Yoast SEO plugin v27.2 - https:\/\/yoast.com\/product\/yoast-seo-wordpress\/ -->\n<title>Medidores de Vaz\u00e3o Vortex digitalYEWFLO - Full Solutions<\/title>\n<meta name=\"robots\" content=\"index, follow, max-snippet:-1, max-image-preview:large, max-video-preview:-1\" \/>\n<link rel=\"canonical\" href=\"https:\/\/fullsolutions.info\/en\/product\/medidores-de-vazao-vortex-digitalyewflo\/\" \/>\n<meta property=\"og:locale\" content=\"en_US\" \/>\n<meta property=\"og:type\" content=\"article\" \/>\n<meta property=\"og:title\" content=\"Medidores de Vaz\u00e3o Vortex digitalYEWFLO - Full Solutions\" \/>\n<meta property=\"og:description\" content=\"Recursos: Medidor de Vaz\u00e3o Vortex digitalYEWFLO Novas fun\u00e7\u00f5es com a tecnologia Spectral Signal Processing (SSP): O SSP analisa as condi\u00e7\u00f5es do fluido dentro do medidor de vaz\u00e3o Vortex digitalYEWFLO e utiliza os dados para selecionar automaticamente o ajuste ideal para a aplica\u00e7\u00e3o, proporcionando recursos nunca antes vistos em um medidor de vaz\u00e3o Vortex. SSP detecta com precis\u00e3o os v\u00f3rtices na faixa de baixo fluxo, oferecendo uma estabilidade de fluxo excepcional. Autodiagn\u00f3stico avan\u00e7ado: Condi\u00e7\u00f5es de aplica\u00e7\u00e3o, como alta vibra\u00e7\u00e3o do encanamento e fluxo anormal, s\u00e3o previstas e indicadas. Alta precis\u00e3o: \u00b10,75% da leitura (l\u00edquido) \u00b11,0% da leitura (g\u00e1s, vapor) Ampla faixa de temperatura do processo: Vers\u00e3o de alta temperatura at\u00e9 450\u00b0C Vers\u00e3o criog\u00eanica m\u00ednima -196\u00b0C Configura\u00e7\u00f5es de par\u00e2metros simples: Sele\u00e7\u00f5es frequentemente usadas agrupadas em um formato de acesso r\u00e1pido reduzem o tempo de comissionamento. Indicador claro e conciso: Exibi\u00e7\u00e3o conveniente das taxas de fluxo simult\u00e2neo e total junto com o diagn\u00f3stico do processo. Sa\u00edda dupla para anal\u00f3gico\/pulso: Sa\u00edda simult\u00e2nea para taxa de fluxo e pulso. Sa\u00edda de alarme: Um sinal de alarme \u00e9 emitido quando ocorre um alarme. Comunica\u00e7\u00e3o BRAIN\/HART e interruptores de teclas para interface homem-m\u00e1quina. Compat\u00edvel com NACE Compat\u00edvel com NAMUR 43 Comprimento do cabo remoto at\u00e9 30m\" \/>\n<meta property=\"og:url\" content=\"https:\/\/fullsolutions.info\/en\/product\/medidores-de-vazao-vortex-digitalyewflo\/\" \/>\n<meta property=\"og:site_name\" content=\"Full Solutions\" \/>\n<meta property=\"article:modified_time\" content=\"2024-02-19T16:12:49+00:00\" \/>\n<meta property=\"og:image\" content=\"https:\/\/mlhff0prgoxu.i.optimole.com\/cb:s0sM.767\/w:auto\/h:auto\/q:mauto\/f:best\/https:\/\/fullsolutions.info\/wp-content\/uploads\/2024\/02\/Vortex-Flowmeters.jpg\" \/>\n\t<meta property=\"og:image:width\" content=\"150\" \/>\n\t<meta property=\"og:image:height\" content=\"173\" \/>\n\t<meta property=\"og:image:type\" content=\"image\/jpeg\" \/>\n<meta name=\"twitter:card\" content=\"summary_large_image\" \/>\n<meta name=\"twitter:label1\" content=\"Est. reading time\" \/>\n\t<meta name=\"twitter:data1\" content=\"1 minute\" \/>\n<script type=\"application\/ld+json\" class=\"yoast-schema-graph\">{\"@context\":\"https:\/\/schema.org\",\"@graph\":[{\"@type\":\"WebPage\",\"@id\":\"https:\/\/fullsolutions.info\/produto\/medidores-de-vazao-vortex-digitalyewflo\/\",\"url\":\"https:\/\/fullsolutions.info\/produto\/medidores-de-vazao-vortex-digitalyewflo\/\",\"name\":\"Medidores de Vaz\u00e3o Vortex digitalYEWFLO - Full Solutions\",\"isPartOf\":{\"@id\":\"https:\/\/fullsolutions.info\/#website\"},\"primaryImageOfPage\":{\"@id\":\"https:\/\/fullsolutions.info\/produto\/medidores-de-vazao-vortex-digitalyewflo\/#primaryimage\"},\"image\":{\"@id\":\"https:\/\/fullsolutions.info\/produto\/medidores-de-vazao-vortex-digitalyewflo\/#primaryimage\"},\"thumbnailUrl\":\"https:\/\/mlhff0prgoxu.i.optimole.com\/cb:s0sM.767\/w:auto\/h:auto\/q:mauto\/f:best\/https:\/\/fullsolutions.info\/wp-content\/uploads\/2024\/02\/Vortex-Flowmeters.jpg\",\"datePublished\":\"2024-02-02T16:15:11+00:00\",\"dateModified\":\"2024-02-19T16:12:49+00:00\",\"breadcrumb\":{\"@id\":\"https:\/\/fullsolutions.info\/produto\/medidores-de-vazao-vortex-digitalyewflo\/#breadcrumb\"},\"inLanguage\":\"en-US\",\"potentialAction\":[{\"@type\":\"ReadAction\",\"target\":[\"https:\/\/fullsolutions.info\/produto\/medidores-de-vazao-vortex-digitalyewflo\/\"]}]},{\"@type\":\"ImageObject\",\"inLanguage\":\"en-US\",\"@id\":\"https:\/\/fullsolutions.info\/produto\/medidores-de-vazao-vortex-digitalyewflo\/#primaryimage\",\"url\":\"https:\/\/mlhff0prgoxu.i.optimole.com\/cb:s0sM.767\/w:auto\/h:auto\/q:mauto\/f:best\/https:\/\/fullsolutions.info\/wp-content\/uploads\/2024\/02\/Vortex-Flowmeters.jpg\",\"contentUrl\":\"https:\/\/mlhff0prgoxu.i.optimole.com\/cb:s0sM.767\/w:auto\/h:auto\/q:mauto\/f:best\/https:\/\/fullsolutions.info\/wp-content\/uploads\/2024\/02\/Vortex-Flowmeters.jpg\",\"width\":150,\"height\":173},{\"@type\":\"BreadcrumbList\",\"@id\":\"https:\/\/fullsolutions.info\/produto\/medidores-de-vazao-vortex-digitalyewflo\/#breadcrumb\",\"itemListElement\":[{\"@type\":\"ListItem\",\"position\":1,\"name\":\"In\u00edcio\",\"item\":\"https:\/\/fullsolutions.info\/\"},{\"@type\":\"ListItem\",\"position\":2,\"name\":\"Produtos\",\"item\":\"https:\/\/fullsolutions.info\/shop\/\"},{\"@type\":\"ListItem\",\"position\":3,\"name\":\"Medidores de Vaz\u00e3o Vortex digitalYEWFLO\"}]},{\"@type\":\"WebSite\",\"@id\":\"https:\/\/fullsolutions.info\/#website\",\"url\":\"https:\/\/fullsolutions.info\/\",\"name\":\"Full Solutions\",\"description\":\"Empresa na \u00c1rea de Procurement\",\"publisher\":{\"@id\":\"https:\/\/fullsolutions.info\/#organization\"},\"potentialAction\":[{\"@type\":\"SearchAction\",\"target\":{\"@type\":\"EntryPoint\",\"urlTemplate\":\"https:\/\/fullsolutions.info\/?s={search_term_string}\"},\"query-input\":{\"@type\":\"PropertyValueSpecification\",\"valueRequired\":true,\"valueName\":\"search_term_string\"}}],\"inLanguage\":\"en-US\"},{\"@type\":\"Organization\",\"@id\":\"https:\/\/fullsolutions.info\/#organization\",\"name\":\"Full Solutions\",\"url\":\"https:\/\/fullsolutions.info\/\",\"logo\":{\"@type\":\"ImageObject\",\"inLanguage\":\"en-US\",\"@id\":\"https:\/\/fullsolutions.info\/#\/schema\/logo\/image\/\",\"url\":\"https:\/\/mlhff0prgoxu.i.optimole.com\/cb:s0sM.767\/w:auto\/h:auto\/q:mauto\/f:best\/https:\/\/fullsolutions.info\/wp-content\/uploads\/2021\/07\/cropped-Design-sem-nome-300x193-1-e1627062664782.png\",\"contentUrl\":\"https:\/\/mlhff0prgoxu.i.optimole.com\/cb:s0sM.767\/w:auto\/h:auto\/q:mauto\/f:best\/https:\/\/fullsolutions.info\/wp-content\/uploads\/2021\/07\/cropped-Design-sem-nome-300x193-1-e1627062664782.png\",\"width\":202,\"height\":155,\"caption\":\"Full Solutions\"},\"image\":{\"@id\":\"https:\/\/fullsolutions.info\/#\/schema\/logo\/image\/\"},\"sameAs\":[\"https:\/\/www.linkedin.com\/company\/full-solutions-equipment\"]}]}<\/script>\n<!-- \/ Yoast SEO plugin. -->","yoast_head_json":{"title":"Medidores de Vaz\u00e3o Vortex digitalYEWFLO - Full Solutions","robots":{"index":"index","follow":"follow","max-snippet":"max-snippet:-1","max-image-preview":"max-image-preview:large","max-video-preview":"max-video-preview:-1"},"canonical":"https:\/\/fullsolutions.info\/en\/product\/medidores-de-vazao-vortex-digitalyewflo\/","og_locale":"en_US","og_type":"article","og_title":"Medidores de Vaz\u00e3o Vortex digitalYEWFLO - Full Solutions","og_description":"Recursos: Medidor de Vaz\u00e3o Vortex digitalYEWFLO Novas fun\u00e7\u00f5es com a tecnologia Spectral Signal Processing (SSP): O SSP analisa as condi\u00e7\u00f5es do fluido dentro do medidor de vaz\u00e3o Vortex digitalYEWFLO e utiliza os dados para selecionar automaticamente o ajuste ideal para a aplica\u00e7\u00e3o, proporcionando recursos nunca antes vistos em um medidor de vaz\u00e3o Vortex. SSP detecta com precis\u00e3o os v\u00f3rtices na faixa de baixo fluxo, oferecendo uma estabilidade de fluxo excepcional. Autodiagn\u00f3stico avan\u00e7ado: Condi\u00e7\u00f5es de aplica\u00e7\u00e3o, como alta vibra\u00e7\u00e3o do encanamento e fluxo anormal, s\u00e3o previstas e indicadas. Alta precis\u00e3o: \u00b10,75% da leitura (l\u00edquido) \u00b11,0% da leitura (g\u00e1s, vapor) Ampla faixa de temperatura do processo: Vers\u00e3o de alta temperatura at\u00e9 450\u00b0C Vers\u00e3o criog\u00eanica m\u00ednima -196\u00b0C Configura\u00e7\u00f5es de par\u00e2metros simples: Sele\u00e7\u00f5es frequentemente usadas agrupadas em um formato de acesso r\u00e1pido reduzem o tempo de comissionamento. Indicador claro e conciso: Exibi\u00e7\u00e3o conveniente das taxas de fluxo simult\u00e2neo e total junto com o diagn\u00f3stico do processo. Sa\u00edda dupla para anal\u00f3gico\/pulso: Sa\u00edda simult\u00e2nea para taxa de fluxo e pulso. Sa\u00edda de alarme: Um sinal de alarme \u00e9 emitido quando ocorre um alarme. Comunica\u00e7\u00e3o BRAIN\/HART e interruptores de teclas para interface homem-m\u00e1quina. Compat\u00edvel com NACE Compat\u00edvel com NAMUR 43 Comprimento do cabo remoto at\u00e9 30m","og_url":"https:\/\/fullsolutions.info\/en\/product\/medidores-de-vazao-vortex-digitalyewflo\/","og_site_name":"Full Solutions","article_modified_time":"2024-02-19T16:12:49+00:00","og_image":[{"width":150,"height":173,"url":"https:\/\/mlhff0prgoxu.i.optimole.com\/cb:s0sM.767\/w:auto\/h:auto\/q:mauto\/f:best\/https:\/\/fullsolutions.info\/wp-content\/uploads\/2024\/02\/Vortex-Flowmeters.jpg","type":"image\/jpeg"}],"twitter_card":"summary_large_image","twitter_misc":{"Est. reading time":"1 minute"},"schema":{"@context":"https:\/\/schema.org","@graph":[{"@type":"WebPage","@id":"https:\/\/fullsolutions.info\/produto\/medidores-de-vazao-vortex-digitalyewflo\/","url":"https:\/\/fullsolutions.info\/produto\/medidores-de-vazao-vortex-digitalyewflo\/","name":"Medidores de Vaz\u00e3o Vortex digitalYEWFLO - Full Solutions","isPartOf":{"@id":"https:\/\/fullsolutions.info\/#website"},"primaryImageOfPage":{"@id":"https:\/\/fullsolutions.info\/produto\/medidores-de-vazao-vortex-digitalyewflo\/#primaryimage"},"image":{"@id":"https:\/\/fullsolutions.info\/produto\/medidores-de-vazao-vortex-digitalyewflo\/#primaryimage"},"thumbnailUrl":"https:\/\/mlhff0prgoxu.i.optimole.com\/cb:s0sM.767\/w:auto\/h:auto\/q:mauto\/f:best\/https:\/\/fullsolutions.info\/wp-content\/uploads\/2024\/02\/Vortex-Flowmeters.jpg","datePublished":"2024-02-02T16:15:11+00:00","dateModified":"2024-02-19T16:12:49+00:00","breadcrumb":{"@id":"https:\/\/fullsolutions.info\/produto\/medidores-de-vazao-vortex-digitalyewflo\/#breadcrumb"},"inLanguage":"en-US","potentialAction":[{"@type":"ReadAction","target":["https:\/\/fullsolutions.info\/produto\/medidores-de-vazao-vortex-digitalyewflo\/"]}]},{"@type":"ImageObject","inLanguage":"en-US","@id":"https:\/\/fullsolutions.info\/produto\/medidores-de-vazao-vortex-digitalyewflo\/#primaryimage","url":"https:\/\/mlhff0prgoxu.i.optimole.com\/cb:s0sM.767\/w:auto\/h:auto\/q:mauto\/f:best\/https:\/\/fullsolutions.info\/wp-content\/uploads\/2024\/02\/Vortex-Flowmeters.jpg","contentUrl":"https:\/\/mlhff0prgoxu.i.optimole.com\/cb:s0sM.767\/w:auto\/h:auto\/q:mauto\/f:best\/https:\/\/fullsolutions.info\/wp-content\/uploads\/2024\/02\/Vortex-Flowmeters.jpg","width":150,"height":173},{"@type":"BreadcrumbList","@id":"https:\/\/fullsolutions.info\/produto\/medidores-de-vazao-vortex-digitalyewflo\/#breadcrumb","itemListElement":[{"@type":"ListItem","position":1,"name":"In\u00edcio","item":"https:\/\/fullsolutions.info\/"},{"@type":"ListItem","position":2,"name":"Produtos","item":"https:\/\/fullsolutions.info\/shop\/"},{"@type":"ListItem","position":3,"name":"Medidores de Vaz\u00e3o Vortex digitalYEWFLO"}]},{"@type":"WebSite","@id":"https:\/\/fullsolutions.info\/#website","url":"https:\/\/fullsolutions.info\/","name":"Full Solutions","description":"Empresa na \u00c1rea de Procurement","publisher":{"@id":"https:\/\/fullsolutions.info\/#organization"},"potentialAction":[{"@type":"SearchAction","target":{"@type":"EntryPoint","urlTemplate":"https:\/\/fullsolutions.info\/?s={search_term_string}"},"query-input":{"@type":"PropertyValueSpecification","valueRequired":true,"valueName":"search_term_string"}}],"inLanguage":"en-US"},{"@type":"Organization","@id":"https:\/\/fullsolutions.info\/#organization","name":"Full Solutions","url":"https:\/\/fullsolutions.info\/","logo":{"@type":"ImageObject","inLanguage":"en-US","@id":"https:\/\/fullsolutions.info\/#\/schema\/logo\/image\/","url":"https:\/\/mlhff0prgoxu.i.optimole.com\/cb:s0sM.767\/w:auto\/h:auto\/q:mauto\/f:best\/https:\/\/fullsolutions.info\/wp-content\/uploads\/2021\/07\/cropped-Design-sem-nome-300x193-1-e1627062664782.png","contentUrl":"https:\/\/mlhff0prgoxu.i.optimole.com\/cb:s0sM.767\/w:auto\/h:auto\/q:mauto\/f:best\/https:\/\/fullsolutions.info\/wp-content\/uploads\/2021\/07\/cropped-Design-sem-nome-300x193-1-e1627062664782.png","width":202,"height":155,"caption":"Full Solutions"},"image":{"@id":"https:\/\/fullsolutions.info\/#\/schema\/logo\/image\/"},"sameAs":["https:\/\/www.linkedin.com\/company\/full-solutions-equipment"]}]}},"_links":{"self":[{"href":"https:\/\/fullsolutions.info\/en\/wp-json\/wp\/v2\/product\/4316","targetHints":{"allow":["GET"]}}],"collection":[{"href":"https:\/\/fullsolutions.info\/en\/wp-json\/wp\/v2\/product"}],"about":[{"href":"https:\/\/fullsolutions.info\/en\/wp-json\/wp\/v2\/types\/product"}],"replies":[{"embeddable":true,"href":"https:\/\/fullsolutions.info\/en\/wp-json\/wp\/v2\/comments?post=4316"}],"wp:featuredmedia":[{"embeddable":true,"href":"https:\/\/fullsolutions.info\/en\/wp-json\/wp\/v2\/media\/4318"}],"wp:attachment":[{"href":"https:\/\/fullsolutions.info\/en\/wp-json\/wp\/v2\/media?parent=4316"}],"wp:term":[{"taxonomy":"product_brand","embeddable":true,"href":"https:\/\/fullsolutions.info\/en\/wp-json\/wp\/v2\/product_brand?post=4316"},{"taxonomy":"product_cat","embeddable":true,"href":"https:\/\/fullsolutions.info\/en\/wp-json\/wp\/v2\/product_cat?post=4316"},{"taxonomy":"product_tag","embeddable":true,"href":"https:\/\/fullsolutions.info\/en\/wp-json\/wp\/v2\/product_tag?post=4316"},{"taxonomy":"marca","embeddable":true,"href":"https:\/\/fullsolutions.info\/en\/wp-json\/wp\/v2\/marca?post=4316"}],"curies":[{"name":"wp","href":"https:\/\/api.w.org\/{rel}","templated":true}]}}