{"id":4315,"date":"2024-02-02T16:13:54","date_gmt":"2024-02-02T16:13:54","guid":{"rendered":"https:\/\/fullsolutionsequip.com\/?post_type=product&#038;p=4315"},"modified":"2024-02-19T16:12:49","modified_gmt":"2024-02-19T16:12:49","slug":"itemp-tmt142","status":"publish","type":"product","link":"https:\/\/fullsolutions.info\/en\/product\/itemp-tmt142\/","title":{"rendered":"iTEMP TMT142"},"content":{"rendered":"<p>Endress + Hauser Transmissor de Temperatura iTEMP TMT142<\/p>\n<p>Descri\u00e7\u00e3o do Produto<\/p>\n<p>Transmissor de campo de temperatura para termorresist\u00eancias, termopares, transmissores de resist\u00eancia e transmissores de voltagem, ajust\u00e1vel via protocolo HART\u00ae.<\/p>\n<p>Principais Caracter\u00edsticas:<\/p>\n<p>&#8211; Universalmente program\u00e1vel com protocolo HART\u00ae para v\u00e1rios sinais de entrada.<br \/>\n&#8211; Display iluminado, rotativo.<br \/>\n&#8211; Opera\u00e7\u00e3o, visualiza\u00e7\u00e3o e manuten\u00e7\u00e3o com PC, por exemplo, usando os softwares FieldCare ou ReadWin\u00ae2000.<br \/>\n&#8211; Tecnologia de dois fios, sa\u00edda anal\u00f3gica 4 a 20 mA.<br \/>\n&#8211; Detec\u00e7\u00e3o de sub-tens\u00e3o.<br \/>\n&#8211; Altamente preciso em toda a faixa de temperatura operacional.<br \/>\n&#8211; Monitoramento do sensor: Condicionamento de falha, detec\u00e7\u00e3o de corros\u00e3o conforme NAMUR NE 89.<br \/>\n&#8211; Condicionamento de falha em caso de quebra ou curto-circuito do sensor, conforme NAMUR NE 43.<br \/>\n&#8211; Compat\u00edvel com EMC conforme NAMUR NE 21, CE.<br \/>\n&#8211; Aprova\u00e7\u00f5es: ATEX (EEx ia, EEx d e \u00e0 prova de igni\u00e7\u00e3o de poeira), FM e CSA (IS, NI, XP e DIP).<br \/>\n&#8211; Isolamento galv\u00e2nico.<br \/>\n&#8211; Simula\u00e7\u00e3o de sa\u00edda.<br \/>\n&#8211; Registro de valor de processo m\u00ednimo\/m\u00e1ximo.<\/p>\n<p>Campo de Aplica\u00e7\u00e3o:<\/p>\n<p>Transmissor de temperatura com protocolo HART\u00ae para converter v\u00e1rios sinais de entrada em um sinal anal\u00f3gico escal\u00e1vel de 4 a 20 mA.<\/p>\n<p>Entrada universal utiliz\u00e1vel para:<br \/>\n&#8211; Termorresist\u00eancia (RTD).<br \/>\n&#8211; Termopares (TC).<br \/>\n&#8211; Transmissor de resist\u00eancia (Ohm).<br \/>\n&#8211; Transmissor de voltagem (mV).<\/p>\n<p>Protocolo HART\u00ae para operar o dispositivo no local usando terminal port\u00e1til (DXR375) ou remotamente via PC.<\/p>\n<p>Caixa opcional de a\u00e7o inoxid\u00e1vel para aplica\u00e7\u00f5es EEx d.<\/p>","protected":false},"excerpt":{"rendered":"<p>Endress + Hauser Transmissor de Temperatura iTEMP TMT142 Descri\u00e7\u00e3o do Produto Transmissor de campo de temperatura para termorresist\u00eancias, termopares, transmissores de resist\u00eancia e transmissores de voltagem, ajust\u00e1vel via protocolo HART\u00ae. Principais Caracter\u00edsticas: &#8211; Universalmente program\u00e1vel com protocolo HART\u00ae para v\u00e1rios sinais de entrada. &#8211; Display iluminado, rotativo. &#8211; Opera\u00e7\u00e3o, visualiza\u00e7\u00e3o e manuten\u00e7\u00e3o com PC, por exemplo, usando os softwares FieldCare ou ReadWin\u00ae2000. &#8211; Tecnologia de dois fios, sa\u00edda anal\u00f3gica 4 a 20 mA. &#8211; Detec\u00e7\u00e3o de sub-tens\u00e3o. &#8211; Altamente preciso em toda a faixa de temperatura operacional. &#8211; Monitoramento do sensor: Condicionamento de falha, detec\u00e7\u00e3o de corros\u00e3o conforme NAMUR NE 89. &#8211; Condicionamento de falha em caso de quebra ou curto-circuito do sensor, conforme NAMUR NE 43. &#8211; Compat\u00edvel com EMC conforme NAMUR NE 21, CE. &#8211; Aprova\u00e7\u00f5es: ATEX (EEx ia, EEx d e \u00e0 prova de igni\u00e7\u00e3o de poeira), FM e CSA (IS, NI, XP e DIP). &#8211; Isolamento galv\u00e2nico. &#8211; Simula\u00e7\u00e3o de sa\u00edda. &#8211; Registro de valor de processo m\u00ednimo\/m\u00e1ximo. Campo de Aplica\u00e7\u00e3o: Transmissor de temperatura com protocolo HART\u00ae para converter v\u00e1rios sinais de entrada em um sinal anal\u00f3gico escal\u00e1vel de 4 a 20 mA. Entrada universal utiliz\u00e1vel para: &#8211; Termorresist\u00eancia (RTD). &#8211; Termopares (TC). &#8211; Transmissor de resist\u00eancia (Ohm). &#8211; Transmissor de voltagem (mV). Protocolo HART\u00ae para operar o dispositivo no local usando terminal port\u00e1til (DXR375) ou remotamente via PC. Caixa opcional de a\u00e7o inoxid\u00e1vel para aplica\u00e7\u00f5es EEx d.<\/p>","protected":false},"featured_media":4317,"comment_status":"open","ping_status":"closed","template":"","meta":{"_joinchat":[]},"product_brand":[],"product_cat":[140],"product_tag":[],"marca":[147],"class_list":{"0":"post-4315","1":"product","2":"type-product","3":"status-publish","4":"has-post-thumbnail","6":"product_cat-transmissores","7":"marca-endresshauser","9":"first","10":"instock","11":"shipping-taxable","12":"purchasable","13":"product-type-simple"},"yoast_head":"<!-- This site is optimized with the Yoast SEO plugin v27.2 - https:\/\/yoast.com\/product\/yoast-seo-wordpress\/ -->\n<title>iTEMP TMT142 - Full Solutions<\/title>\n<meta name=\"robots\" content=\"index, follow, max-snippet:-1, max-image-preview:large, max-video-preview:-1\" \/>\n<link rel=\"canonical\" href=\"https:\/\/fullsolutions.info\/en\/product\/itemp-tmt142\/\" \/>\n<meta property=\"og:locale\" content=\"en_US\" \/>\n<meta property=\"og:type\" content=\"article\" \/>\n<meta property=\"og:title\" content=\"iTEMP TMT142 - Full Solutions\" \/>\n<meta property=\"og:description\" content=\"Endress + Hauser Transmissor de Temperatura iTEMP TMT142 Descri\u00e7\u00e3o do Produto Transmissor de campo de temperatura para termorresist\u00eancias, termopares, transmissores de resist\u00eancia e transmissores de voltagem, ajust\u00e1vel via protocolo HART\u00ae. Principais Caracter\u00edsticas: &#8211; Universalmente program\u00e1vel com protocolo HART\u00ae para v\u00e1rios sinais de entrada. &#8211; Display iluminado, rotativo. &#8211; Opera\u00e7\u00e3o, visualiza\u00e7\u00e3o e manuten\u00e7\u00e3o com PC, por exemplo, usando os softwares FieldCare ou ReadWin\u00ae2000. &#8211; Tecnologia de dois fios, sa\u00edda anal\u00f3gica 4 a 20 mA. &#8211; Detec\u00e7\u00e3o de sub-tens\u00e3o. &#8211; Altamente preciso em toda a faixa de temperatura operacional. &#8211; Monitoramento do sensor: Condicionamento de falha, detec\u00e7\u00e3o de corros\u00e3o conforme NAMUR NE 89. &#8211; Condicionamento de falha em caso de quebra ou curto-circuito do sensor, conforme NAMUR NE 43. &#8211; Compat\u00edvel com EMC conforme NAMUR NE 21, CE. &#8211; Aprova\u00e7\u00f5es: ATEX (EEx ia, EEx d e \u00e0 prova de igni\u00e7\u00e3o de poeira), FM e CSA (IS, NI, XP e DIP). &#8211; Isolamento galv\u00e2nico. &#8211; Simula\u00e7\u00e3o de sa\u00edda. &#8211; Registro de valor de processo m\u00ednimo\/m\u00e1ximo. Campo de Aplica\u00e7\u00e3o: Transmissor de temperatura com protocolo HART\u00ae para converter v\u00e1rios sinais de entrada em um sinal anal\u00f3gico escal\u00e1vel de 4 a 20 mA. Entrada universal utiliz\u00e1vel para: &#8211; Termorresist\u00eancia (RTD). &#8211; Termopares (TC). &#8211; Transmissor de resist\u00eancia (Ohm). &#8211; Transmissor de voltagem (mV). Protocolo HART\u00ae para operar o dispositivo no local usando terminal port\u00e1til (DXR375) ou remotamente via PC. Caixa opcional de a\u00e7o inoxid\u00e1vel para aplica\u00e7\u00f5es EEx d.\" \/>\n<meta property=\"og:url\" content=\"https:\/\/fullsolutions.info\/en\/product\/itemp-tmt142\/\" \/>\n<meta property=\"og:site_name\" content=\"Full Solutions\" \/>\n<meta property=\"article:modified_time\" content=\"2024-02-19T16:12:49+00:00\" \/>\n<meta property=\"og:image\" content=\"https:\/\/mlhff0prgoxu.i.optimole.com\/cb:s0sM.767\/w:auto\/h:auto\/q:mauto\/f:best\/https:\/\/fullsolutions.info\/wp-content\/uploads\/2024\/02\/iTEMP-TMT142.jpeg\" \/>\n\t<meta property=\"og:image:width\" content=\"500\" \/>\n\t<meta property=\"og:image:height\" content=\"500\" \/>\n\t<meta property=\"og:image:type\" content=\"image\/jpeg\" \/>\n<meta name=\"twitter:card\" content=\"summary_large_image\" \/>\n<meta name=\"twitter:label1\" content=\"Est. reading time\" \/>\n\t<meta name=\"twitter:data1\" content=\"1 minute\" \/>\n<script type=\"application\/ld+json\" class=\"yoast-schema-graph\">{\"@context\":\"https:\/\/schema.org\",\"@graph\":[{\"@type\":\"WebPage\",\"@id\":\"https:\/\/fullsolutions.info\/produto\/itemp-tmt142\/\",\"url\":\"https:\/\/fullsolutions.info\/produto\/itemp-tmt142\/\",\"name\":\"iTEMP TMT142 - Full Solutions\",\"isPartOf\":{\"@id\":\"https:\/\/fullsolutions.info\/#website\"},\"primaryImageOfPage\":{\"@id\":\"https:\/\/fullsolutions.info\/produto\/itemp-tmt142\/#primaryimage\"},\"image\":{\"@id\":\"https:\/\/fullsolutions.info\/produto\/itemp-tmt142\/#primaryimage\"},\"thumbnailUrl\":\"https:\/\/mlhff0prgoxu.i.optimole.com\/cb:s0sM.767\/w:auto\/h:auto\/q:mauto\/f:best\/https:\/\/fullsolutions.info\/wp-content\/uploads\/2024\/02\/iTEMP-TMT142.jpeg\",\"datePublished\":\"2024-02-02T16:13:54+00:00\",\"dateModified\":\"2024-02-19T16:12:49+00:00\",\"breadcrumb\":{\"@id\":\"https:\/\/fullsolutions.info\/produto\/itemp-tmt142\/#breadcrumb\"},\"inLanguage\":\"en-US\",\"potentialAction\":[{\"@type\":\"ReadAction\",\"target\":[\"https:\/\/fullsolutions.info\/produto\/itemp-tmt142\/\"]}]},{\"@type\":\"ImageObject\",\"inLanguage\":\"en-US\",\"@id\":\"https:\/\/fullsolutions.info\/produto\/itemp-tmt142\/#primaryimage\",\"url\":\"https:\/\/mlhff0prgoxu.i.optimole.com\/cb:s0sM.767\/w:auto\/h:auto\/q:mauto\/f:best\/https:\/\/fullsolutions.info\/wp-content\/uploads\/2024\/02\/iTEMP-TMT142.jpeg\",\"contentUrl\":\"https:\/\/mlhff0prgoxu.i.optimole.com\/cb:s0sM.767\/w:auto\/h:auto\/q:mauto\/f:best\/https:\/\/fullsolutions.info\/wp-content\/uploads\/2024\/02\/iTEMP-TMT142.jpeg\",\"width\":500,\"height\":500},{\"@type\":\"BreadcrumbList\",\"@id\":\"https:\/\/fullsolutions.info\/produto\/itemp-tmt142\/#breadcrumb\",\"itemListElement\":[{\"@type\":\"ListItem\",\"position\":1,\"name\":\"In\u00edcio\",\"item\":\"https:\/\/fullsolutions.info\/\"},{\"@type\":\"ListItem\",\"position\":2,\"name\":\"Produtos\",\"item\":\"https:\/\/fullsolutions.info\/shop\/\"},{\"@type\":\"ListItem\",\"position\":3,\"name\":\"iTEMP TMT142\"}]},{\"@type\":\"WebSite\",\"@id\":\"https:\/\/fullsolutions.info\/#website\",\"url\":\"https:\/\/fullsolutions.info\/\",\"name\":\"Full Solutions\",\"description\":\"Empresa na \u00c1rea de Procurement\",\"publisher\":{\"@id\":\"https:\/\/fullsolutions.info\/#organization\"},\"potentialAction\":[{\"@type\":\"SearchAction\",\"target\":{\"@type\":\"EntryPoint\",\"urlTemplate\":\"https:\/\/fullsolutions.info\/?s={search_term_string}\"},\"query-input\":{\"@type\":\"PropertyValueSpecification\",\"valueRequired\":true,\"valueName\":\"search_term_string\"}}],\"inLanguage\":\"en-US\"},{\"@type\":\"Organization\",\"@id\":\"https:\/\/fullsolutions.info\/#organization\",\"name\":\"Full Solutions\",\"url\":\"https:\/\/fullsolutions.info\/\",\"logo\":{\"@type\":\"ImageObject\",\"inLanguage\":\"en-US\",\"@id\":\"https:\/\/fullsolutions.info\/#\/schema\/logo\/image\/\",\"url\":\"https:\/\/mlhff0prgoxu.i.optimole.com\/cb:s0sM.767\/w:auto\/h:auto\/q:mauto\/f:best\/https:\/\/fullsolutions.info\/wp-content\/uploads\/2021\/07\/cropped-Design-sem-nome-300x193-1-e1627062664782.png\",\"contentUrl\":\"https:\/\/mlhff0prgoxu.i.optimole.com\/cb:s0sM.767\/w:auto\/h:auto\/q:mauto\/f:best\/https:\/\/fullsolutions.info\/wp-content\/uploads\/2021\/07\/cropped-Design-sem-nome-300x193-1-e1627062664782.png\",\"width\":202,\"height\":155,\"caption\":\"Full Solutions\"},\"image\":{\"@id\":\"https:\/\/fullsolutions.info\/#\/schema\/logo\/image\/\"},\"sameAs\":[\"https:\/\/www.linkedin.com\/company\/full-solutions-equipment\"]}]}<\/script>\n<!-- \/ Yoast SEO plugin. -->","yoast_head_json":{"title":"iTEMP TMT142 - Full Solutions","robots":{"index":"index","follow":"follow","max-snippet":"max-snippet:-1","max-image-preview":"max-image-preview:large","max-video-preview":"max-video-preview:-1"},"canonical":"https:\/\/fullsolutions.info\/en\/product\/itemp-tmt142\/","og_locale":"en_US","og_type":"article","og_title":"iTEMP TMT142 - Full Solutions","og_description":"Endress + Hauser Transmissor de Temperatura iTEMP TMT142 Descri\u00e7\u00e3o do Produto Transmissor de campo de temperatura para termorresist\u00eancias, termopares, transmissores de resist\u00eancia e transmissores de voltagem, ajust\u00e1vel via protocolo HART\u00ae. Principais Caracter\u00edsticas: &#8211; Universalmente program\u00e1vel com protocolo HART\u00ae para v\u00e1rios sinais de entrada. &#8211; Display iluminado, rotativo. &#8211; Opera\u00e7\u00e3o, visualiza\u00e7\u00e3o e manuten\u00e7\u00e3o com PC, por exemplo, usando os softwares FieldCare ou ReadWin\u00ae2000. &#8211; Tecnologia de dois fios, sa\u00edda anal\u00f3gica 4 a 20 mA. &#8211; Detec\u00e7\u00e3o de sub-tens\u00e3o. &#8211; Altamente preciso em toda a faixa de temperatura operacional. &#8211; Monitoramento do sensor: Condicionamento de falha, detec\u00e7\u00e3o de corros\u00e3o conforme NAMUR NE 89. &#8211; Condicionamento de falha em caso de quebra ou curto-circuito do sensor, conforme NAMUR NE 43. &#8211; Compat\u00edvel com EMC conforme NAMUR NE 21, CE. &#8211; Aprova\u00e7\u00f5es: ATEX (EEx ia, EEx d e \u00e0 prova de igni\u00e7\u00e3o de poeira), FM e CSA (IS, NI, XP e DIP). &#8211; Isolamento galv\u00e2nico. &#8211; Simula\u00e7\u00e3o de sa\u00edda. &#8211; Registro de valor de processo m\u00ednimo\/m\u00e1ximo. Campo de Aplica\u00e7\u00e3o: Transmissor de temperatura com protocolo HART\u00ae para converter v\u00e1rios sinais de entrada em um sinal anal\u00f3gico escal\u00e1vel de 4 a 20 mA. Entrada universal utiliz\u00e1vel para: &#8211; Termorresist\u00eancia (RTD). &#8211; Termopares (TC). &#8211; Transmissor de resist\u00eancia (Ohm). &#8211; Transmissor de voltagem (mV). Protocolo HART\u00ae para operar o dispositivo no local usando terminal port\u00e1til (DXR375) ou remotamente via PC. Caixa opcional de a\u00e7o inoxid\u00e1vel para aplica\u00e7\u00f5es EEx d.","og_url":"https:\/\/fullsolutions.info\/en\/product\/itemp-tmt142\/","og_site_name":"Full Solutions","article_modified_time":"2024-02-19T16:12:49+00:00","og_image":[{"width":500,"height":500,"url":"https:\/\/mlhff0prgoxu.i.optimole.com\/cb:s0sM.767\/w:auto\/h:auto\/q:mauto\/f:best\/https:\/\/fullsolutions.info\/wp-content\/uploads\/2024\/02\/iTEMP-TMT142.jpeg","type":"image\/jpeg"}],"twitter_card":"summary_large_image","twitter_misc":{"Est. reading time":"1 minute"},"schema":{"@context":"https:\/\/schema.org","@graph":[{"@type":"WebPage","@id":"https:\/\/fullsolutions.info\/produto\/itemp-tmt142\/","url":"https:\/\/fullsolutions.info\/produto\/itemp-tmt142\/","name":"iTEMP TMT142 - Full Solutions","isPartOf":{"@id":"https:\/\/fullsolutions.info\/#website"},"primaryImageOfPage":{"@id":"https:\/\/fullsolutions.info\/produto\/itemp-tmt142\/#primaryimage"},"image":{"@id":"https:\/\/fullsolutions.info\/produto\/itemp-tmt142\/#primaryimage"},"thumbnailUrl":"https:\/\/mlhff0prgoxu.i.optimole.com\/cb:s0sM.767\/w:auto\/h:auto\/q:mauto\/f:best\/https:\/\/fullsolutions.info\/wp-content\/uploads\/2024\/02\/iTEMP-TMT142.jpeg","datePublished":"2024-02-02T16:13:54+00:00","dateModified":"2024-02-19T16:12:49+00:00","breadcrumb":{"@id":"https:\/\/fullsolutions.info\/produto\/itemp-tmt142\/#breadcrumb"},"inLanguage":"en-US","potentialAction":[{"@type":"ReadAction","target":["https:\/\/fullsolutions.info\/produto\/itemp-tmt142\/"]}]},{"@type":"ImageObject","inLanguage":"en-US","@id":"https:\/\/fullsolutions.info\/produto\/itemp-tmt142\/#primaryimage","url":"https:\/\/mlhff0prgoxu.i.optimole.com\/cb:s0sM.767\/w:auto\/h:auto\/q:mauto\/f:best\/https:\/\/fullsolutions.info\/wp-content\/uploads\/2024\/02\/iTEMP-TMT142.jpeg","contentUrl":"https:\/\/mlhff0prgoxu.i.optimole.com\/cb:s0sM.767\/w:auto\/h:auto\/q:mauto\/f:best\/https:\/\/fullsolutions.info\/wp-content\/uploads\/2024\/02\/iTEMP-TMT142.jpeg","width":500,"height":500},{"@type":"BreadcrumbList","@id":"https:\/\/fullsolutions.info\/produto\/itemp-tmt142\/#breadcrumb","itemListElement":[{"@type":"ListItem","position":1,"name":"In\u00edcio","item":"https:\/\/fullsolutions.info\/"},{"@type":"ListItem","position":2,"name":"Produtos","item":"https:\/\/fullsolutions.info\/shop\/"},{"@type":"ListItem","position":3,"name":"iTEMP TMT142"}]},{"@type":"WebSite","@id":"https:\/\/fullsolutions.info\/#website","url":"https:\/\/fullsolutions.info\/","name":"Full Solutions","description":"Empresa na \u00c1rea de Procurement","publisher":{"@id":"https:\/\/fullsolutions.info\/#organization"},"potentialAction":[{"@type":"SearchAction","target":{"@type":"EntryPoint","urlTemplate":"https:\/\/fullsolutions.info\/?s={search_term_string}"},"query-input":{"@type":"PropertyValueSpecification","valueRequired":true,"valueName":"search_term_string"}}],"inLanguage":"en-US"},{"@type":"Organization","@id":"https:\/\/fullsolutions.info\/#organization","name":"Full Solutions","url":"https:\/\/fullsolutions.info\/","logo":{"@type":"ImageObject","inLanguage":"en-US","@id":"https:\/\/fullsolutions.info\/#\/schema\/logo\/image\/","url":"https:\/\/mlhff0prgoxu.i.optimole.com\/cb:s0sM.767\/w:auto\/h:auto\/q:mauto\/f:best\/https:\/\/fullsolutions.info\/wp-content\/uploads\/2021\/07\/cropped-Design-sem-nome-300x193-1-e1627062664782.png","contentUrl":"https:\/\/mlhff0prgoxu.i.optimole.com\/cb:s0sM.767\/w:auto\/h:auto\/q:mauto\/f:best\/https:\/\/fullsolutions.info\/wp-content\/uploads\/2021\/07\/cropped-Design-sem-nome-300x193-1-e1627062664782.png","width":202,"height":155,"caption":"Full Solutions"},"image":{"@id":"https:\/\/fullsolutions.info\/#\/schema\/logo\/image\/"},"sameAs":["https:\/\/www.linkedin.com\/company\/full-solutions-equipment"]}]}},"_links":{"self":[{"href":"https:\/\/fullsolutions.info\/en\/wp-json\/wp\/v2\/product\/4315","targetHints":{"allow":["GET"]}}],"collection":[{"href":"https:\/\/fullsolutions.info\/en\/wp-json\/wp\/v2\/product"}],"about":[{"href":"https:\/\/fullsolutions.info\/en\/wp-json\/wp\/v2\/types\/product"}],"replies":[{"embeddable":true,"href":"https:\/\/fullsolutions.info\/en\/wp-json\/wp\/v2\/comments?post=4315"}],"wp:featuredmedia":[{"embeddable":true,"href":"https:\/\/fullsolutions.info\/en\/wp-json\/wp\/v2\/media\/4317"}],"wp:attachment":[{"href":"https:\/\/fullsolutions.info\/en\/wp-json\/wp\/v2\/media?parent=4315"}],"wp:term":[{"taxonomy":"product_brand","embeddable":true,"href":"https:\/\/fullsolutions.info\/en\/wp-json\/wp\/v2\/product_brand?post=4315"},{"taxonomy":"product_cat","embeddable":true,"href":"https:\/\/fullsolutions.info\/en\/wp-json\/wp\/v2\/product_cat?post=4315"},{"taxonomy":"product_tag","embeddable":true,"href":"https:\/\/fullsolutions.info\/en\/wp-json\/wp\/v2\/product_tag?post=4315"},{"taxonomy":"marca","embeddable":true,"href":"https:\/\/fullsolutions.info\/en\/wp-json\/wp\/v2\/marca?post=4315"}],"curies":[{"name":"wp","href":"https:\/\/api.w.org\/{rel}","templated":true}]}}