{"id":4310,"date":"2024-02-02T16:11:51","date_gmt":"2024-02-02T16:11:51","guid":{"rendered":"https:\/\/fullsolutionsequip.com\/?post_type=product&#038;p=4310"},"modified":"2024-02-19T16:12:49","modified_gmt":"2024-02-19T16:12:49","slug":"itemp-tmt162","status":"publish","type":"product","link":"https:\/\/fullsolutions.info\/en\/product\/itemp-tmt162\/","title":{"rendered":"iTEMP TMT162"},"content":{"rendered":"<p>Endress + Hauser Transmissor de Temperatura iTEMP TMT162<\/p>\n<p>Descri\u00e7\u00e3o do Produto<\/p>\n<p>Transmissor de campo de temperatura de entrada dupla com protocolos HART\u00ae, FOUNDATION Fieldbus\u2122 ou PROFIBUS\u00ae PA.<\/p>\n<p>Principais Caracter\u00edsticas:<\/p>\n<p>&#8211; Alta confiabilidade em ambientes industriais adversos devido \u00e0 carca\u00e7a de compartimento duplo e eletr\u00f4nicos compactos totalmente encapsulados.<br \/>\n&#8211; Display retroiluminado com grande indica\u00e7\u00e3o de valor medido, gr\u00e1fico de barras e indica\u00e7\u00e3o de condi\u00e7\u00e3o de status.<br \/>\n&#8211; Capacidade de exibir valores medidos de outros dispositivos (FOUNDATION Fieldbus\u2122: at\u00e9 5; PROFIBUS\u00ae PA: 1).<br \/>\n&#8211; Capacidade de entrada dupla de sensor, por exemplo, 2 Pt100 3-fios ou 1 Pt100 4-fios e termopar.<br \/>\n&#8211; Informa\u00e7\u00f5es de diagn\u00f3stico de acordo com NAMUR NE107.<br \/>\n&#8211; Opera\u00e7\u00e3o confi\u00e1vel devido ao monitoramento do sensor: informa\u00e7\u00f5es de falha, backup do sensor, alarme de deriva e detec\u00e7\u00e3o de corros\u00e3o.<br \/>\n&#8211; Alta precis\u00e3o do ponto de medi\u00e7\u00e3o devido \u00e0 correspond\u00eancia do transmissor do sensor.<br \/>\n&#8211; Monitoramento de voltagem de opera\u00e7\u00e3o para maior confiabilidade da medi\u00e7\u00e3o (HART\u00ae).<br \/>\n&#8211; Fun\u00e7\u00f5es matem\u00e1ticas para temperatura diferencial e m\u00e9dia adicionam flexibilidade \u00e0 medi\u00e7\u00e3o.<br \/>\n&#8211; Conformidade com FISCO\/FNICO de acordo com IEC 60079-27.<br \/>\n&#8211; Aprova\u00e7\u00f5es internacionais garantem opera\u00e7\u00e3o segura em \u00e1reas perigosas: FM, CSA (IS, NI, XP e DIP) e ATEX (Ex ia, Ex nA nL, Ex d e dust-Ex).<br \/>\n&#8211; Isolamento galv\u00e2nico de 2 kV (entrada do sensor para a sa\u00edda).<\/p>\n<p>Campo de Aplica\u00e7\u00e3o:<\/p>\n<p>Entrada universal utiliz\u00e1vel para termorresist\u00eancia (RTD), termopar (TC), termorresist\u00eancia (\u03a9), transmissores de voltagem (mV).<\/p>\n<p>Sa\u00edda:<\/p>\n<p>&#8211; Protocolo HART\u00ae para converter v\u00e1rios sinais de entrada em um sinal de sa\u00edda anal\u00f3gico escal\u00e1vel de 4 a 20 mA. Opera\u00e7\u00e3o do transmissor usando terminais manuais Field Xpert SFX100, DXR275\/375\/475 ou remotamente via PC.<br \/>\n&#8211; FOUNDATION Fieldbus\u2122 ITK 5.2.0.<br \/>\n&#8211; Perfil PROFIBUS\u00ae PA 3.02.<\/p>\n<p>Opcional: carca\u00e7a de a\u00e7o inoxid\u00e1vel para aplica\u00e7\u00f5es higi\u00eanicas ou Ex d.<\/p>","protected":false},"excerpt":{"rendered":"<p>Endress + Hauser Transmissor de Temperatura iTEMP TMT162 Descri\u00e7\u00e3o do Produto Transmissor de campo de temperatura de entrada dupla com protocolos HART\u00ae, FOUNDATION Fieldbus\u2122 ou PROFIBUS\u00ae PA. Principais Caracter\u00edsticas: &#8211; Alta confiabilidade em ambientes industriais adversos devido \u00e0 carca\u00e7a de compartimento duplo e eletr\u00f4nicos compactos totalmente encapsulados. &#8211; Display retroiluminado com grande indica\u00e7\u00e3o de valor medido, gr\u00e1fico de barras e indica\u00e7\u00e3o de condi\u00e7\u00e3o de status. &#8211; Capacidade de exibir valores medidos de outros dispositivos (FOUNDATION Fieldbus\u2122: at\u00e9 5; PROFIBUS\u00ae PA: 1). &#8211; Capacidade de entrada dupla de sensor, por exemplo, 2 Pt100 3-fios ou 1 Pt100 4-fios e termopar. &#8211; Informa\u00e7\u00f5es de diagn\u00f3stico de acordo com NAMUR NE107. &#8211; Opera\u00e7\u00e3o confi\u00e1vel devido ao monitoramento do sensor: informa\u00e7\u00f5es de falha, backup do sensor, alarme de deriva e detec\u00e7\u00e3o de corros\u00e3o. &#8211; Alta precis\u00e3o do ponto de medi\u00e7\u00e3o devido \u00e0 correspond\u00eancia do transmissor do sensor. &#8211; Monitoramento de voltagem de opera\u00e7\u00e3o para maior confiabilidade da medi\u00e7\u00e3o (HART\u00ae). &#8211; Fun\u00e7\u00f5es matem\u00e1ticas para temperatura diferencial e m\u00e9dia adicionam flexibilidade \u00e0 medi\u00e7\u00e3o. &#8211; Conformidade com FISCO\/FNICO de acordo com IEC 60079-27. &#8211; Aprova\u00e7\u00f5es internacionais garantem opera\u00e7\u00e3o segura em \u00e1reas perigosas: FM, CSA (IS, NI, XP e DIP) e ATEX (Ex ia, Ex nA nL, Ex d e dust-Ex). &#8211; Isolamento galv\u00e2nico de 2 kV (entrada do sensor para a sa\u00edda). Campo de Aplica\u00e7\u00e3o: Entrada universal utiliz\u00e1vel para termorresist\u00eancia (RTD), termopar (TC), termorresist\u00eancia (\u03a9), transmissores de voltagem (mV). Sa\u00edda: &#8211; Protocolo HART\u00ae para converter v\u00e1rios sinais de entrada em um sinal de sa\u00edda anal\u00f3gico escal\u00e1vel de 4 a 20 mA. Opera\u00e7\u00e3o do transmissor usando terminais manuais Field Xpert SFX100, DXR275\/375\/475 ou remotamente via PC. &#8211; FOUNDATION Fieldbus\u2122 ITK 5.2.0. &#8211; Perfil PROFIBUS\u00ae PA 3.02. Opcional: carca\u00e7a de a\u00e7o inoxid\u00e1vel para aplica\u00e7\u00f5es higi\u00eanicas ou Ex d.<\/p>","protected":false},"featured_media":4314,"comment_status":"open","ping_status":"closed","template":"","meta":{"_joinchat":[]},"product_brand":[],"product_cat":[140],"product_tag":[],"marca":[147],"class_list":{"0":"post-4310","1":"product","2":"type-product","3":"status-publish","4":"has-post-thumbnail","6":"product_cat-transmissores","7":"marca-endresshauser","9":"first","10":"instock","11":"shipping-taxable","12":"purchasable","13":"product-type-simple"},"yoast_head":"<!-- This site is optimized with the Yoast SEO plugin v27.2 - https:\/\/yoast.com\/product\/yoast-seo-wordpress\/ -->\n<title>iTEMP TMT162 - Full Solutions<\/title>\n<meta name=\"robots\" content=\"index, follow, max-snippet:-1, max-image-preview:large, max-video-preview:-1\" \/>\n<link rel=\"canonical\" href=\"https:\/\/fullsolutions.info\/en\/product\/itemp-tmt162\/\" \/>\n<meta property=\"og:locale\" content=\"en_US\" \/>\n<meta property=\"og:type\" content=\"article\" \/>\n<meta property=\"og:title\" content=\"iTEMP TMT162 - Full Solutions\" \/>\n<meta property=\"og:description\" content=\"Endress + Hauser Transmissor de Temperatura iTEMP TMT162 Descri\u00e7\u00e3o do Produto Transmissor de campo de temperatura de entrada dupla com protocolos HART\u00ae, FOUNDATION Fieldbus\u2122 ou PROFIBUS\u00ae PA. Principais Caracter\u00edsticas: &#8211; Alta confiabilidade em ambientes industriais adversos devido \u00e0 carca\u00e7a de compartimento duplo e eletr\u00f4nicos compactos totalmente encapsulados. &#8211; Display retroiluminado com grande indica\u00e7\u00e3o de valor medido, gr\u00e1fico de barras e indica\u00e7\u00e3o de condi\u00e7\u00e3o de status. &#8211; Capacidade de exibir valores medidos de outros dispositivos (FOUNDATION Fieldbus\u2122: at\u00e9 5; PROFIBUS\u00ae PA: 1). &#8211; Capacidade de entrada dupla de sensor, por exemplo, 2 Pt100 3-fios ou 1 Pt100 4-fios e termopar. &#8211; Informa\u00e7\u00f5es de diagn\u00f3stico de acordo com NAMUR NE107. &#8211; Opera\u00e7\u00e3o confi\u00e1vel devido ao monitoramento do sensor: informa\u00e7\u00f5es de falha, backup do sensor, alarme de deriva e detec\u00e7\u00e3o de corros\u00e3o. &#8211; Alta precis\u00e3o do ponto de medi\u00e7\u00e3o devido \u00e0 correspond\u00eancia do transmissor do sensor. &#8211; Monitoramento de voltagem de opera\u00e7\u00e3o para maior confiabilidade da medi\u00e7\u00e3o (HART\u00ae). &#8211; Fun\u00e7\u00f5es matem\u00e1ticas para temperatura diferencial e m\u00e9dia adicionam flexibilidade \u00e0 medi\u00e7\u00e3o. &#8211; Conformidade com FISCO\/FNICO de acordo com IEC 60079-27. &#8211; Aprova\u00e7\u00f5es internacionais garantem opera\u00e7\u00e3o segura em \u00e1reas perigosas: FM, CSA (IS, NI, XP e DIP) e ATEX (Ex ia, Ex nA nL, Ex d e dust-Ex). &#8211; Isolamento galv\u00e2nico de 2 kV (entrada do sensor para a sa\u00edda). Campo de Aplica\u00e7\u00e3o: Entrada universal utiliz\u00e1vel para termorresist\u00eancia (RTD), termopar (TC), termorresist\u00eancia (\u03a9), transmissores de voltagem (mV). Sa\u00edda: &#8211; Protocolo HART\u00ae para converter v\u00e1rios sinais de entrada em um sinal de sa\u00edda anal\u00f3gico escal\u00e1vel de 4 a 20 mA. Opera\u00e7\u00e3o do transmissor usando terminais manuais Field Xpert SFX100, DXR275\/375\/475 ou remotamente via PC. &#8211; FOUNDATION Fieldbus\u2122 ITK 5.2.0. &#8211; Perfil PROFIBUS\u00ae PA 3.02. Opcional: carca\u00e7a de a\u00e7o inoxid\u00e1vel para aplica\u00e7\u00f5es higi\u00eanicas ou Ex d.\" \/>\n<meta property=\"og:url\" content=\"https:\/\/fullsolutions.info\/en\/product\/itemp-tmt162\/\" \/>\n<meta property=\"og:site_name\" content=\"Full Solutions\" \/>\n<meta property=\"article:modified_time\" content=\"2024-02-19T16:12:49+00:00\" \/>\n<meta property=\"og:image\" content=\"https:\/\/mlhff0prgoxu.i.optimole.com\/cb:s0sM.767\/w:auto\/h:auto\/q:mauto\/f:best\/https:\/\/fullsolutions.info\/wp-content\/uploads\/2024\/02\/iTEMP-TMT162.jpeg\" \/>\n\t<meta property=\"og:image:width\" content=\"500\" \/>\n\t<meta property=\"og:image:height\" content=\"500\" \/>\n\t<meta property=\"og:image:type\" content=\"image\/jpeg\" \/>\n<meta name=\"twitter:card\" content=\"summary_large_image\" \/>\n<meta name=\"twitter:label1\" content=\"Est. reading time\" \/>\n\t<meta name=\"twitter:data1\" content=\"2 minutes\" \/>\n<script type=\"application\/ld+json\" class=\"yoast-schema-graph\">{\"@context\":\"https:\/\/schema.org\",\"@graph\":[{\"@type\":\"WebPage\",\"@id\":\"https:\/\/fullsolutions.info\/produto\/itemp-tmt162\/\",\"url\":\"https:\/\/fullsolutions.info\/produto\/itemp-tmt162\/\",\"name\":\"iTEMP TMT162 - Full Solutions\",\"isPartOf\":{\"@id\":\"https:\/\/fullsolutions.info\/#website\"},\"primaryImageOfPage\":{\"@id\":\"https:\/\/fullsolutions.info\/produto\/itemp-tmt162\/#primaryimage\"},\"image\":{\"@id\":\"https:\/\/fullsolutions.info\/produto\/itemp-tmt162\/#primaryimage\"},\"thumbnailUrl\":\"https:\/\/mlhff0prgoxu.i.optimole.com\/cb:s0sM.767\/w:auto\/h:auto\/q:mauto\/f:best\/https:\/\/fullsolutions.info\/wp-content\/uploads\/2024\/02\/iTEMP-TMT162.jpeg\",\"datePublished\":\"2024-02-02T16:11:51+00:00\",\"dateModified\":\"2024-02-19T16:12:49+00:00\",\"breadcrumb\":{\"@id\":\"https:\/\/fullsolutions.info\/produto\/itemp-tmt162\/#breadcrumb\"},\"inLanguage\":\"en-US\",\"potentialAction\":[{\"@type\":\"ReadAction\",\"target\":[\"https:\/\/fullsolutions.info\/produto\/itemp-tmt162\/\"]}]},{\"@type\":\"ImageObject\",\"inLanguage\":\"en-US\",\"@id\":\"https:\/\/fullsolutions.info\/produto\/itemp-tmt162\/#primaryimage\",\"url\":\"https:\/\/mlhff0prgoxu.i.optimole.com\/cb:s0sM.767\/w:auto\/h:auto\/q:mauto\/f:best\/https:\/\/fullsolutions.info\/wp-content\/uploads\/2024\/02\/iTEMP-TMT162.jpeg\",\"contentUrl\":\"https:\/\/mlhff0prgoxu.i.optimole.com\/cb:s0sM.767\/w:auto\/h:auto\/q:mauto\/f:best\/https:\/\/fullsolutions.info\/wp-content\/uploads\/2024\/02\/iTEMP-TMT162.jpeg\",\"width\":500,\"height\":500},{\"@type\":\"BreadcrumbList\",\"@id\":\"https:\/\/fullsolutions.info\/produto\/itemp-tmt162\/#breadcrumb\",\"itemListElement\":[{\"@type\":\"ListItem\",\"position\":1,\"name\":\"In\u00edcio\",\"item\":\"https:\/\/fullsolutions.info\/\"},{\"@type\":\"ListItem\",\"position\":2,\"name\":\"Produtos\",\"item\":\"https:\/\/fullsolutions.info\/shop\/\"},{\"@type\":\"ListItem\",\"position\":3,\"name\":\"iTEMP TMT162\"}]},{\"@type\":\"WebSite\",\"@id\":\"https:\/\/fullsolutions.info\/#website\",\"url\":\"https:\/\/fullsolutions.info\/\",\"name\":\"Full Solutions\",\"description\":\"Empresa na \u00c1rea de Procurement\",\"publisher\":{\"@id\":\"https:\/\/fullsolutions.info\/#organization\"},\"potentialAction\":[{\"@type\":\"SearchAction\",\"target\":{\"@type\":\"EntryPoint\",\"urlTemplate\":\"https:\/\/fullsolutions.info\/?s={search_term_string}\"},\"query-input\":{\"@type\":\"PropertyValueSpecification\",\"valueRequired\":true,\"valueName\":\"search_term_string\"}}],\"inLanguage\":\"en-US\"},{\"@type\":\"Organization\",\"@id\":\"https:\/\/fullsolutions.info\/#organization\",\"name\":\"Full Solutions\",\"url\":\"https:\/\/fullsolutions.info\/\",\"logo\":{\"@type\":\"ImageObject\",\"inLanguage\":\"en-US\",\"@id\":\"https:\/\/fullsolutions.info\/#\/schema\/logo\/image\/\",\"url\":\"https:\/\/mlhff0prgoxu.i.optimole.com\/cb:s0sM.767\/w:auto\/h:auto\/q:mauto\/f:best\/https:\/\/fullsolutions.info\/wp-content\/uploads\/2021\/07\/cropped-Design-sem-nome-300x193-1-e1627062664782.png\",\"contentUrl\":\"https:\/\/mlhff0prgoxu.i.optimole.com\/cb:s0sM.767\/w:auto\/h:auto\/q:mauto\/f:best\/https:\/\/fullsolutions.info\/wp-content\/uploads\/2021\/07\/cropped-Design-sem-nome-300x193-1-e1627062664782.png\",\"width\":202,\"height\":155,\"caption\":\"Full Solutions\"},\"image\":{\"@id\":\"https:\/\/fullsolutions.info\/#\/schema\/logo\/image\/\"},\"sameAs\":[\"https:\/\/www.linkedin.com\/company\/full-solutions-equipment\"]}]}<\/script>\n<!-- \/ Yoast SEO plugin. -->","yoast_head_json":{"title":"iTEMP TMT162 - Full Solutions","robots":{"index":"index","follow":"follow","max-snippet":"max-snippet:-1","max-image-preview":"max-image-preview:large","max-video-preview":"max-video-preview:-1"},"canonical":"https:\/\/fullsolutions.info\/en\/product\/itemp-tmt162\/","og_locale":"en_US","og_type":"article","og_title":"iTEMP TMT162 - Full Solutions","og_description":"Endress + Hauser Transmissor de Temperatura iTEMP TMT162 Descri\u00e7\u00e3o do Produto Transmissor de campo de temperatura de entrada dupla com protocolos HART\u00ae, FOUNDATION Fieldbus\u2122 ou PROFIBUS\u00ae PA. Principais Caracter\u00edsticas: &#8211; Alta confiabilidade em ambientes industriais adversos devido \u00e0 carca\u00e7a de compartimento duplo e eletr\u00f4nicos compactos totalmente encapsulados. &#8211; Display retroiluminado com grande indica\u00e7\u00e3o de valor medido, gr\u00e1fico de barras e indica\u00e7\u00e3o de condi\u00e7\u00e3o de status. &#8211; Capacidade de exibir valores medidos de outros dispositivos (FOUNDATION Fieldbus\u2122: at\u00e9 5; PROFIBUS\u00ae PA: 1). &#8211; Capacidade de entrada dupla de sensor, por exemplo, 2 Pt100 3-fios ou 1 Pt100 4-fios e termopar. &#8211; Informa\u00e7\u00f5es de diagn\u00f3stico de acordo com NAMUR NE107. &#8211; Opera\u00e7\u00e3o confi\u00e1vel devido ao monitoramento do sensor: informa\u00e7\u00f5es de falha, backup do sensor, alarme de deriva e detec\u00e7\u00e3o de corros\u00e3o. &#8211; Alta precis\u00e3o do ponto de medi\u00e7\u00e3o devido \u00e0 correspond\u00eancia do transmissor do sensor. &#8211; Monitoramento de voltagem de opera\u00e7\u00e3o para maior confiabilidade da medi\u00e7\u00e3o (HART\u00ae). &#8211; Fun\u00e7\u00f5es matem\u00e1ticas para temperatura diferencial e m\u00e9dia adicionam flexibilidade \u00e0 medi\u00e7\u00e3o. &#8211; Conformidade com FISCO\/FNICO de acordo com IEC 60079-27. &#8211; Aprova\u00e7\u00f5es internacionais garantem opera\u00e7\u00e3o segura em \u00e1reas perigosas: FM, CSA (IS, NI, XP e DIP) e ATEX (Ex ia, Ex nA nL, Ex d e dust-Ex). &#8211; Isolamento galv\u00e2nico de 2 kV (entrada do sensor para a sa\u00edda). Campo de Aplica\u00e7\u00e3o: Entrada universal utiliz\u00e1vel para termorresist\u00eancia (RTD), termopar (TC), termorresist\u00eancia (\u03a9), transmissores de voltagem (mV). Sa\u00edda: &#8211; Protocolo HART\u00ae para converter v\u00e1rios sinais de entrada em um sinal de sa\u00edda anal\u00f3gico escal\u00e1vel de 4 a 20 mA. Opera\u00e7\u00e3o do transmissor usando terminais manuais Field Xpert SFX100, DXR275\/375\/475 ou remotamente via PC. &#8211; FOUNDATION Fieldbus\u2122 ITK 5.2.0. &#8211; Perfil PROFIBUS\u00ae PA 3.02. Opcional: carca\u00e7a de a\u00e7o inoxid\u00e1vel para aplica\u00e7\u00f5es higi\u00eanicas ou Ex d.","og_url":"https:\/\/fullsolutions.info\/en\/product\/itemp-tmt162\/","og_site_name":"Full Solutions","article_modified_time":"2024-02-19T16:12:49+00:00","og_image":[{"width":500,"height":500,"url":"https:\/\/mlhff0prgoxu.i.optimole.com\/cb:s0sM.767\/w:auto\/h:auto\/q:mauto\/f:best\/https:\/\/fullsolutions.info\/wp-content\/uploads\/2024\/02\/iTEMP-TMT162.jpeg","type":"image\/jpeg"}],"twitter_card":"summary_large_image","twitter_misc":{"Est. reading time":"2 minutes"},"schema":{"@context":"https:\/\/schema.org","@graph":[{"@type":"WebPage","@id":"https:\/\/fullsolutions.info\/produto\/itemp-tmt162\/","url":"https:\/\/fullsolutions.info\/produto\/itemp-tmt162\/","name":"iTEMP TMT162 - Full Solutions","isPartOf":{"@id":"https:\/\/fullsolutions.info\/#website"},"primaryImageOfPage":{"@id":"https:\/\/fullsolutions.info\/produto\/itemp-tmt162\/#primaryimage"},"image":{"@id":"https:\/\/fullsolutions.info\/produto\/itemp-tmt162\/#primaryimage"},"thumbnailUrl":"https:\/\/mlhff0prgoxu.i.optimole.com\/cb:s0sM.767\/w:auto\/h:auto\/q:mauto\/f:best\/https:\/\/fullsolutions.info\/wp-content\/uploads\/2024\/02\/iTEMP-TMT162.jpeg","datePublished":"2024-02-02T16:11:51+00:00","dateModified":"2024-02-19T16:12:49+00:00","breadcrumb":{"@id":"https:\/\/fullsolutions.info\/produto\/itemp-tmt162\/#breadcrumb"},"inLanguage":"en-US","potentialAction":[{"@type":"ReadAction","target":["https:\/\/fullsolutions.info\/produto\/itemp-tmt162\/"]}]},{"@type":"ImageObject","inLanguage":"en-US","@id":"https:\/\/fullsolutions.info\/produto\/itemp-tmt162\/#primaryimage","url":"https:\/\/mlhff0prgoxu.i.optimole.com\/cb:s0sM.767\/w:auto\/h:auto\/q:mauto\/f:best\/https:\/\/fullsolutions.info\/wp-content\/uploads\/2024\/02\/iTEMP-TMT162.jpeg","contentUrl":"https:\/\/mlhff0prgoxu.i.optimole.com\/cb:s0sM.767\/w:auto\/h:auto\/q:mauto\/f:best\/https:\/\/fullsolutions.info\/wp-content\/uploads\/2024\/02\/iTEMP-TMT162.jpeg","width":500,"height":500},{"@type":"BreadcrumbList","@id":"https:\/\/fullsolutions.info\/produto\/itemp-tmt162\/#breadcrumb","itemListElement":[{"@type":"ListItem","position":1,"name":"In\u00edcio","item":"https:\/\/fullsolutions.info\/"},{"@type":"ListItem","position":2,"name":"Produtos","item":"https:\/\/fullsolutions.info\/shop\/"},{"@type":"ListItem","position":3,"name":"iTEMP TMT162"}]},{"@type":"WebSite","@id":"https:\/\/fullsolutions.info\/#website","url":"https:\/\/fullsolutions.info\/","name":"Full Solutions","description":"Empresa na \u00c1rea de Procurement","publisher":{"@id":"https:\/\/fullsolutions.info\/#organization"},"potentialAction":[{"@type":"SearchAction","target":{"@type":"EntryPoint","urlTemplate":"https:\/\/fullsolutions.info\/?s={search_term_string}"},"query-input":{"@type":"PropertyValueSpecification","valueRequired":true,"valueName":"search_term_string"}}],"inLanguage":"en-US"},{"@type":"Organization","@id":"https:\/\/fullsolutions.info\/#organization","name":"Full Solutions","url":"https:\/\/fullsolutions.info\/","logo":{"@type":"ImageObject","inLanguage":"en-US","@id":"https:\/\/fullsolutions.info\/#\/schema\/logo\/image\/","url":"https:\/\/mlhff0prgoxu.i.optimole.com\/cb:s0sM.767\/w:auto\/h:auto\/q:mauto\/f:best\/https:\/\/fullsolutions.info\/wp-content\/uploads\/2021\/07\/cropped-Design-sem-nome-300x193-1-e1627062664782.png","contentUrl":"https:\/\/mlhff0prgoxu.i.optimole.com\/cb:s0sM.767\/w:auto\/h:auto\/q:mauto\/f:best\/https:\/\/fullsolutions.info\/wp-content\/uploads\/2021\/07\/cropped-Design-sem-nome-300x193-1-e1627062664782.png","width":202,"height":155,"caption":"Full Solutions"},"image":{"@id":"https:\/\/fullsolutions.info\/#\/schema\/logo\/image\/"},"sameAs":["https:\/\/www.linkedin.com\/company\/full-solutions-equipment"]}]}},"_links":{"self":[{"href":"https:\/\/fullsolutions.info\/en\/wp-json\/wp\/v2\/product\/4310","targetHints":{"allow":["GET"]}}],"collection":[{"href":"https:\/\/fullsolutions.info\/en\/wp-json\/wp\/v2\/product"}],"about":[{"href":"https:\/\/fullsolutions.info\/en\/wp-json\/wp\/v2\/types\/product"}],"replies":[{"embeddable":true,"href":"https:\/\/fullsolutions.info\/en\/wp-json\/wp\/v2\/comments?post=4310"}],"wp:featuredmedia":[{"embeddable":true,"href":"https:\/\/fullsolutions.info\/en\/wp-json\/wp\/v2\/media\/4314"}],"wp:attachment":[{"href":"https:\/\/fullsolutions.info\/en\/wp-json\/wp\/v2\/media?parent=4310"}],"wp:term":[{"taxonomy":"product_brand","embeddable":true,"href":"https:\/\/fullsolutions.info\/en\/wp-json\/wp\/v2\/product_brand?post=4310"},{"taxonomy":"product_cat","embeddable":true,"href":"https:\/\/fullsolutions.info\/en\/wp-json\/wp\/v2\/product_cat?post=4310"},{"taxonomy":"product_tag","embeddable":true,"href":"https:\/\/fullsolutions.info\/en\/wp-json\/wp\/v2\/product_tag?post=4310"},{"taxonomy":"marca","embeddable":true,"href":"https:\/\/fullsolutions.info\/en\/wp-json\/wp\/v2\/marca?post=4310"}],"curies":[{"name":"wp","href":"https:\/\/api.w.org\/{rel}","templated":true}]}}