{"id":4305,"date":"2024-02-02T16:05:00","date_gmt":"2024-02-02T16:05:00","guid":{"rendered":"https:\/\/fullsolutionsequip.com\/?post_type=product&#038;p=4305"},"modified":"2024-02-19T16:12:49","modified_gmt":"2024-02-19T16:12:49","slug":"itemp-hart-tmt182","status":"publish","type":"product","link":"https:\/\/fullsolutions.info\/en\/product\/itemp-hart-tmt182\/","title":{"rendered":"iTEMP HART TMT182"},"content":{"rendered":"<p>Endress + Hauser Transmissor de Temperatura iTEMP Pt TMT182<\/p>\n<p>Descri\u00e7\u00e3o do Produto<\/p>\n<p>Transmissor de cabe\u00e7a de temperatura universal para termorresist\u00eancias (RTD), termopares (TC), transmissores de resist\u00eancia e voltagem, ajust\u00e1vel via protocolo HART\u00ae, para instala\u00e7\u00e3o em uma cabe\u00e7a de conex\u00e3o DIN Form B.<\/p>\n<p>Configura\u00e7\u00f5es universais com protocolo HART\u00ae<br \/>\nOpera\u00e7\u00e3o, visualiza\u00e7\u00e3o e manuten\u00e7\u00e3o via PC, por exemplo, software operacional Fieldcare ou ReadWIn\u00ae 2000<br \/>\nTecnologia de 2 fios, sa\u00edda anal\u00f3gica de 4 a 20 mA<br \/>\nAlta precis\u00e3o em toda a faixa de temperatura ambiente<br \/>\nSinal de falha em quebra ou curto-circuito do sensor, em conformidade com NAMUR NE 43<br \/>\nCEM conforme NAMUR NE 21, CE<br \/>\nComponente reconhecido pela UL conforme UL 3111-1<br \/>\nCertifica\u00e7\u00e3o Ex<br \/>\n&#8211; ATEX Ex ia e poeira zona 22 em conformidade com EN 50281-1<br \/>\n&#8211; FM IS<br \/>\n&#8211; CSA IS<br \/>\nIsolamento galv\u00e2nico<br \/>\nSimula\u00e7\u00e3o de sa\u00edda<br \/>\nFun\u00e7\u00e3o indicadora de valor de processo m\u00ednimo\/m\u00e1ximo<br \/>\nLineariza\u00e7\u00e3o espec\u00edfica do cliente<br \/>\nCompat\u00edvel com SIL2<br \/>\nCampo de Aplica\u00e7\u00e3o<br \/>\nTransmissor de cabe\u00e7a de temperatura com protocolo HART\u00ae para converter v\u00e1rios sinais de entrada em um sinal de sa\u00edda anal\u00f3gico escal\u00e1vel de 4 a 20 mA.<\/p>\n<p>Entradas:<br \/>\n&#8211; Termorresist\u00eancia (RTD)<br \/>\n&#8211; Termopar (TC)<br \/>\n&#8211; Transmissor de resist\u00eancia (Ohm)<br \/>\n&#8211; Transmissor de voltagem (mV)<\/p>\n<p>Protocolo HART\u00ae para opera\u00e7\u00e3o de unidade de frente ou unidade de painel usando o m\u00f3dulo operacional manual (DXR275, DXR375) ou PC (por exemplo, ReadWin\u00ae 2000 ou FieldCare).<\/p>","protected":false},"excerpt":{"rendered":"<p>Endress + Hauser Transmissor de Temperatura iTEMP Pt TMT182 Descri\u00e7\u00e3o do Produto Transmissor de cabe\u00e7a de temperatura universal para termorresist\u00eancias (RTD), termopares (TC), transmissores de resist\u00eancia e voltagem, ajust\u00e1vel via protocolo HART\u00ae, para instala\u00e7\u00e3o em uma cabe\u00e7a de conex\u00e3o DIN Form B. Configura\u00e7\u00f5es universais com protocolo HART\u00ae Opera\u00e7\u00e3o, visualiza\u00e7\u00e3o e manuten\u00e7\u00e3o via PC, por exemplo, software operacional Fieldcare ou ReadWIn\u00ae 2000 Tecnologia de 2 fios, sa\u00edda anal\u00f3gica de 4 a 20 mA Alta precis\u00e3o em toda a faixa de temperatura ambiente Sinal de falha em quebra ou curto-circuito do sensor, em conformidade com NAMUR NE 43 CEM conforme NAMUR NE 21, CE Componente reconhecido pela UL conforme UL 3111-1 Certifica\u00e7\u00e3o Ex &#8211; ATEX Ex ia e poeira zona 22 em conformidade com EN 50281-1 &#8211; FM IS &#8211; CSA IS Isolamento galv\u00e2nico Simula\u00e7\u00e3o de sa\u00edda Fun\u00e7\u00e3o indicadora de valor de processo m\u00ednimo\/m\u00e1ximo Lineariza\u00e7\u00e3o espec\u00edfica do cliente Compat\u00edvel com SIL2 Campo de Aplica\u00e7\u00e3o Transmissor de cabe\u00e7a de temperatura com protocolo HART\u00ae para converter v\u00e1rios sinais de entrada em um sinal de sa\u00edda anal\u00f3gico escal\u00e1vel de 4 a 20 mA. Entradas: &#8211; Termorresist\u00eancia (RTD) &#8211; Termopar (TC) &#8211; Transmissor de resist\u00eancia (Ohm) &#8211; Transmissor de voltagem (mV) Protocolo HART\u00ae para opera\u00e7\u00e3o de unidade de frente ou unidade de painel usando o m\u00f3dulo operacional manual (DXR275, DXR375) ou PC (por exemplo, ReadWin\u00ae 2000 ou FieldCare).<\/p>","protected":false},"featured_media":4306,"comment_status":"open","ping_status":"closed","template":"","meta":{"_joinchat":[]},"product_brand":[],"product_cat":[140],"product_tag":[],"marca":[147],"class_list":{"0":"post-4305","1":"product","2":"type-product","3":"status-publish","4":"has-post-thumbnail","6":"product_cat-transmissores","7":"marca-endresshauser","9":"first","10":"instock","11":"shipping-taxable","12":"purchasable","13":"product-type-simple"},"yoast_head":"<!-- This site is optimized with the Yoast SEO plugin v27.2 - https:\/\/yoast.com\/product\/yoast-seo-wordpress\/ -->\n<title>iTEMP HART TMT182 - Full Solutions<\/title>\n<meta name=\"robots\" content=\"index, follow, max-snippet:-1, max-image-preview:large, max-video-preview:-1\" \/>\n<link rel=\"canonical\" href=\"https:\/\/fullsolutions.info\/en\/product\/itemp-hart-tmt182\/\" \/>\n<meta property=\"og:locale\" content=\"en_US\" \/>\n<meta property=\"og:type\" content=\"article\" \/>\n<meta property=\"og:title\" content=\"iTEMP HART TMT182 - Full Solutions\" \/>\n<meta property=\"og:description\" content=\"Endress + Hauser Transmissor de Temperatura iTEMP Pt TMT182 Descri\u00e7\u00e3o do Produto Transmissor de cabe\u00e7a de temperatura universal para termorresist\u00eancias (RTD), termopares (TC), transmissores de resist\u00eancia e voltagem, ajust\u00e1vel via protocolo HART\u00ae, para instala\u00e7\u00e3o em uma cabe\u00e7a de conex\u00e3o DIN Form B. Configura\u00e7\u00f5es universais com protocolo HART\u00ae Opera\u00e7\u00e3o, visualiza\u00e7\u00e3o e manuten\u00e7\u00e3o via PC, por exemplo, software operacional Fieldcare ou ReadWIn\u00ae 2000 Tecnologia de 2 fios, sa\u00edda anal\u00f3gica de 4 a 20 mA Alta precis\u00e3o em toda a faixa de temperatura ambiente Sinal de falha em quebra ou curto-circuito do sensor, em conformidade com NAMUR NE 43 CEM conforme NAMUR NE 21, CE Componente reconhecido pela UL conforme UL 3111-1 Certifica\u00e7\u00e3o Ex &#8211; ATEX Ex ia e poeira zona 22 em conformidade com EN 50281-1 &#8211; FM IS &#8211; CSA IS Isolamento galv\u00e2nico Simula\u00e7\u00e3o de sa\u00edda Fun\u00e7\u00e3o indicadora de valor de processo m\u00ednimo\/m\u00e1ximo Lineariza\u00e7\u00e3o espec\u00edfica do cliente Compat\u00edvel com SIL2 Campo de Aplica\u00e7\u00e3o Transmissor de cabe\u00e7a de temperatura com protocolo HART\u00ae para converter v\u00e1rios sinais de entrada em um sinal de sa\u00edda anal\u00f3gico escal\u00e1vel de 4 a 20 mA. Entradas: &#8211; Termorresist\u00eancia (RTD) &#8211; Termopar (TC) &#8211; Transmissor de resist\u00eancia (Ohm) &#8211; Transmissor de voltagem (mV) Protocolo HART\u00ae para opera\u00e7\u00e3o de unidade de frente ou unidade de painel usando o m\u00f3dulo operacional manual (DXR275, DXR375) ou PC (por exemplo, ReadWin\u00ae 2000 ou FieldCare).\" \/>\n<meta property=\"og:url\" content=\"https:\/\/fullsolutions.info\/en\/product\/itemp-hart-tmt182\/\" \/>\n<meta property=\"og:site_name\" content=\"Full Solutions\" \/>\n<meta property=\"article:modified_time\" content=\"2024-02-19T16:12:49+00:00\" \/>\n<meta property=\"og:image\" content=\"https:\/\/mlhff0prgoxu.i.optimole.com\/cb:s0sM.767\/w:auto\/h:auto\/q:mauto\/f:best\/https:\/\/fullsolutions.info\/wp-content\/uploads\/2024\/02\/iTEMP-HART-TMT182.jpeg\" \/>\n\t<meta property=\"og:image:width\" content=\"500\" \/>\n\t<meta property=\"og:image:height\" content=\"500\" \/>\n\t<meta property=\"og:image:type\" content=\"image\/jpeg\" \/>\n<meta name=\"twitter:card\" content=\"summary_large_image\" \/>\n<meta name=\"twitter:label1\" content=\"Est. reading time\" \/>\n\t<meta name=\"twitter:data1\" content=\"1 minute\" \/>\n<script type=\"application\/ld+json\" class=\"yoast-schema-graph\">{\"@context\":\"https:\/\/schema.org\",\"@graph\":[{\"@type\":\"WebPage\",\"@id\":\"https:\/\/fullsolutions.info\/produto\/itemp-hart-tmt182\/\",\"url\":\"https:\/\/fullsolutions.info\/produto\/itemp-hart-tmt182\/\",\"name\":\"iTEMP HART TMT182 - Full Solutions\",\"isPartOf\":{\"@id\":\"https:\/\/fullsolutions.info\/#website\"},\"primaryImageOfPage\":{\"@id\":\"https:\/\/fullsolutions.info\/produto\/itemp-hart-tmt182\/#primaryimage\"},\"image\":{\"@id\":\"https:\/\/fullsolutions.info\/produto\/itemp-hart-tmt182\/#primaryimage\"},\"thumbnailUrl\":\"https:\/\/mlhff0prgoxu.i.optimole.com\/cb:s0sM.767\/w:auto\/h:auto\/q:mauto\/f:best\/https:\/\/fullsolutions.info\/wp-content\/uploads\/2024\/02\/iTEMP-HART-TMT182.jpeg\",\"datePublished\":\"2024-02-02T16:05:00+00:00\",\"dateModified\":\"2024-02-19T16:12:49+00:00\",\"breadcrumb\":{\"@id\":\"https:\/\/fullsolutions.info\/produto\/itemp-hart-tmt182\/#breadcrumb\"},\"inLanguage\":\"en-US\",\"potentialAction\":[{\"@type\":\"ReadAction\",\"target\":[\"https:\/\/fullsolutions.info\/produto\/itemp-hart-tmt182\/\"]}]},{\"@type\":\"ImageObject\",\"inLanguage\":\"en-US\",\"@id\":\"https:\/\/fullsolutions.info\/produto\/itemp-hart-tmt182\/#primaryimage\",\"url\":\"https:\/\/mlhff0prgoxu.i.optimole.com\/cb:s0sM.767\/w:auto\/h:auto\/q:mauto\/f:best\/https:\/\/fullsolutions.info\/wp-content\/uploads\/2024\/02\/iTEMP-HART-TMT182.jpeg\",\"contentUrl\":\"https:\/\/mlhff0prgoxu.i.optimole.com\/cb:s0sM.767\/w:auto\/h:auto\/q:mauto\/f:best\/https:\/\/fullsolutions.info\/wp-content\/uploads\/2024\/02\/iTEMP-HART-TMT182.jpeg\",\"width\":500,\"height\":500},{\"@type\":\"BreadcrumbList\",\"@id\":\"https:\/\/fullsolutions.info\/produto\/itemp-hart-tmt182\/#breadcrumb\",\"itemListElement\":[{\"@type\":\"ListItem\",\"position\":1,\"name\":\"In\u00edcio\",\"item\":\"https:\/\/fullsolutions.info\/\"},{\"@type\":\"ListItem\",\"position\":2,\"name\":\"Produtos\",\"item\":\"https:\/\/fullsolutions.info\/shop\/\"},{\"@type\":\"ListItem\",\"position\":3,\"name\":\"iTEMP HART TMT182\"}]},{\"@type\":\"WebSite\",\"@id\":\"https:\/\/fullsolutions.info\/#website\",\"url\":\"https:\/\/fullsolutions.info\/\",\"name\":\"Full Solutions\",\"description\":\"Empresa na \u00c1rea de Procurement\",\"publisher\":{\"@id\":\"https:\/\/fullsolutions.info\/#organization\"},\"potentialAction\":[{\"@type\":\"SearchAction\",\"target\":{\"@type\":\"EntryPoint\",\"urlTemplate\":\"https:\/\/fullsolutions.info\/?s={search_term_string}\"},\"query-input\":{\"@type\":\"PropertyValueSpecification\",\"valueRequired\":true,\"valueName\":\"search_term_string\"}}],\"inLanguage\":\"en-US\"},{\"@type\":\"Organization\",\"@id\":\"https:\/\/fullsolutions.info\/#organization\",\"name\":\"Full Solutions\",\"url\":\"https:\/\/fullsolutions.info\/\",\"logo\":{\"@type\":\"ImageObject\",\"inLanguage\":\"en-US\",\"@id\":\"https:\/\/fullsolutions.info\/#\/schema\/logo\/image\/\",\"url\":\"https:\/\/mlhff0prgoxu.i.optimole.com\/cb:s0sM.767\/w:auto\/h:auto\/q:mauto\/f:best\/https:\/\/fullsolutions.info\/wp-content\/uploads\/2021\/07\/cropped-Design-sem-nome-300x193-1-e1627062664782.png\",\"contentUrl\":\"https:\/\/mlhff0prgoxu.i.optimole.com\/cb:s0sM.767\/w:auto\/h:auto\/q:mauto\/f:best\/https:\/\/fullsolutions.info\/wp-content\/uploads\/2021\/07\/cropped-Design-sem-nome-300x193-1-e1627062664782.png\",\"width\":202,\"height\":155,\"caption\":\"Full Solutions\"},\"image\":{\"@id\":\"https:\/\/fullsolutions.info\/#\/schema\/logo\/image\/\"},\"sameAs\":[\"https:\/\/www.linkedin.com\/company\/full-solutions-equipment\"]}]}<\/script>\n<!-- \/ Yoast SEO plugin. -->","yoast_head_json":{"title":"iTEMP HART TMT182 - Full Solutions","robots":{"index":"index","follow":"follow","max-snippet":"max-snippet:-1","max-image-preview":"max-image-preview:large","max-video-preview":"max-video-preview:-1"},"canonical":"https:\/\/fullsolutions.info\/en\/product\/itemp-hart-tmt182\/","og_locale":"en_US","og_type":"article","og_title":"iTEMP HART TMT182 - Full Solutions","og_description":"Endress + Hauser Transmissor de Temperatura iTEMP Pt TMT182 Descri\u00e7\u00e3o do Produto Transmissor de cabe\u00e7a de temperatura universal para termorresist\u00eancias (RTD), termopares (TC), transmissores de resist\u00eancia e voltagem, ajust\u00e1vel via protocolo HART\u00ae, para instala\u00e7\u00e3o em uma cabe\u00e7a de conex\u00e3o DIN Form B. Configura\u00e7\u00f5es universais com protocolo HART\u00ae Opera\u00e7\u00e3o, visualiza\u00e7\u00e3o e manuten\u00e7\u00e3o via PC, por exemplo, software operacional Fieldcare ou ReadWIn\u00ae 2000 Tecnologia de 2 fios, sa\u00edda anal\u00f3gica de 4 a 20 mA Alta precis\u00e3o em toda a faixa de temperatura ambiente Sinal de falha em quebra ou curto-circuito do sensor, em conformidade com NAMUR NE 43 CEM conforme NAMUR NE 21, CE Componente reconhecido pela UL conforme UL 3111-1 Certifica\u00e7\u00e3o Ex &#8211; ATEX Ex ia e poeira zona 22 em conformidade com EN 50281-1 &#8211; FM IS &#8211; CSA IS Isolamento galv\u00e2nico Simula\u00e7\u00e3o de sa\u00edda Fun\u00e7\u00e3o indicadora de valor de processo m\u00ednimo\/m\u00e1ximo Lineariza\u00e7\u00e3o espec\u00edfica do cliente Compat\u00edvel com SIL2 Campo de Aplica\u00e7\u00e3o Transmissor de cabe\u00e7a de temperatura com protocolo HART\u00ae para converter v\u00e1rios sinais de entrada em um sinal de sa\u00edda anal\u00f3gico escal\u00e1vel de 4 a 20 mA. Entradas: &#8211; Termorresist\u00eancia (RTD) &#8211; Termopar (TC) &#8211; Transmissor de resist\u00eancia (Ohm) &#8211; Transmissor de voltagem (mV) Protocolo HART\u00ae para opera\u00e7\u00e3o de unidade de frente ou unidade de painel usando o m\u00f3dulo operacional manual (DXR275, DXR375) ou PC (por exemplo, ReadWin\u00ae 2000 ou FieldCare).","og_url":"https:\/\/fullsolutions.info\/en\/product\/itemp-hart-tmt182\/","og_site_name":"Full Solutions","article_modified_time":"2024-02-19T16:12:49+00:00","og_image":[{"width":500,"height":500,"url":"https:\/\/mlhff0prgoxu.i.optimole.com\/cb:s0sM.767\/w:auto\/h:auto\/q:mauto\/f:best\/https:\/\/fullsolutions.info\/wp-content\/uploads\/2024\/02\/iTEMP-HART-TMT182.jpeg","type":"image\/jpeg"}],"twitter_card":"summary_large_image","twitter_misc":{"Est. reading time":"1 minute"},"schema":{"@context":"https:\/\/schema.org","@graph":[{"@type":"WebPage","@id":"https:\/\/fullsolutions.info\/produto\/itemp-hart-tmt182\/","url":"https:\/\/fullsolutions.info\/produto\/itemp-hart-tmt182\/","name":"iTEMP HART TMT182 - Full Solutions","isPartOf":{"@id":"https:\/\/fullsolutions.info\/#website"},"primaryImageOfPage":{"@id":"https:\/\/fullsolutions.info\/produto\/itemp-hart-tmt182\/#primaryimage"},"image":{"@id":"https:\/\/fullsolutions.info\/produto\/itemp-hart-tmt182\/#primaryimage"},"thumbnailUrl":"https:\/\/mlhff0prgoxu.i.optimole.com\/cb:s0sM.767\/w:auto\/h:auto\/q:mauto\/f:best\/https:\/\/fullsolutions.info\/wp-content\/uploads\/2024\/02\/iTEMP-HART-TMT182.jpeg","datePublished":"2024-02-02T16:05:00+00:00","dateModified":"2024-02-19T16:12:49+00:00","breadcrumb":{"@id":"https:\/\/fullsolutions.info\/produto\/itemp-hart-tmt182\/#breadcrumb"},"inLanguage":"en-US","potentialAction":[{"@type":"ReadAction","target":["https:\/\/fullsolutions.info\/produto\/itemp-hart-tmt182\/"]}]},{"@type":"ImageObject","inLanguage":"en-US","@id":"https:\/\/fullsolutions.info\/produto\/itemp-hart-tmt182\/#primaryimage","url":"https:\/\/mlhff0prgoxu.i.optimole.com\/cb:s0sM.767\/w:auto\/h:auto\/q:mauto\/f:best\/https:\/\/fullsolutions.info\/wp-content\/uploads\/2024\/02\/iTEMP-HART-TMT182.jpeg","contentUrl":"https:\/\/mlhff0prgoxu.i.optimole.com\/cb:s0sM.767\/w:auto\/h:auto\/q:mauto\/f:best\/https:\/\/fullsolutions.info\/wp-content\/uploads\/2024\/02\/iTEMP-HART-TMT182.jpeg","width":500,"height":500},{"@type":"BreadcrumbList","@id":"https:\/\/fullsolutions.info\/produto\/itemp-hart-tmt182\/#breadcrumb","itemListElement":[{"@type":"ListItem","position":1,"name":"In\u00edcio","item":"https:\/\/fullsolutions.info\/"},{"@type":"ListItem","position":2,"name":"Produtos","item":"https:\/\/fullsolutions.info\/shop\/"},{"@type":"ListItem","position":3,"name":"iTEMP HART TMT182"}]},{"@type":"WebSite","@id":"https:\/\/fullsolutions.info\/#website","url":"https:\/\/fullsolutions.info\/","name":"Full Solutions","description":"Empresa na \u00c1rea de Procurement","publisher":{"@id":"https:\/\/fullsolutions.info\/#organization"},"potentialAction":[{"@type":"SearchAction","target":{"@type":"EntryPoint","urlTemplate":"https:\/\/fullsolutions.info\/?s={search_term_string}"},"query-input":{"@type":"PropertyValueSpecification","valueRequired":true,"valueName":"search_term_string"}}],"inLanguage":"en-US"},{"@type":"Organization","@id":"https:\/\/fullsolutions.info\/#organization","name":"Full Solutions","url":"https:\/\/fullsolutions.info\/","logo":{"@type":"ImageObject","inLanguage":"en-US","@id":"https:\/\/fullsolutions.info\/#\/schema\/logo\/image\/","url":"https:\/\/mlhff0prgoxu.i.optimole.com\/cb:s0sM.767\/w:auto\/h:auto\/q:mauto\/f:best\/https:\/\/fullsolutions.info\/wp-content\/uploads\/2021\/07\/cropped-Design-sem-nome-300x193-1-e1627062664782.png","contentUrl":"https:\/\/mlhff0prgoxu.i.optimole.com\/cb:s0sM.767\/w:auto\/h:auto\/q:mauto\/f:best\/https:\/\/fullsolutions.info\/wp-content\/uploads\/2021\/07\/cropped-Design-sem-nome-300x193-1-e1627062664782.png","width":202,"height":155,"caption":"Full Solutions"},"image":{"@id":"https:\/\/fullsolutions.info\/#\/schema\/logo\/image\/"},"sameAs":["https:\/\/www.linkedin.com\/company\/full-solutions-equipment"]}]}},"_links":{"self":[{"href":"https:\/\/fullsolutions.info\/en\/wp-json\/wp\/v2\/product\/4305","targetHints":{"allow":["GET"]}}],"collection":[{"href":"https:\/\/fullsolutions.info\/en\/wp-json\/wp\/v2\/product"}],"about":[{"href":"https:\/\/fullsolutions.info\/en\/wp-json\/wp\/v2\/types\/product"}],"replies":[{"embeddable":true,"href":"https:\/\/fullsolutions.info\/en\/wp-json\/wp\/v2\/comments?post=4305"}],"wp:featuredmedia":[{"embeddable":true,"href":"https:\/\/fullsolutions.info\/en\/wp-json\/wp\/v2\/media\/4306"}],"wp:attachment":[{"href":"https:\/\/fullsolutions.info\/en\/wp-json\/wp\/v2\/media?parent=4305"}],"wp:term":[{"taxonomy":"product_brand","embeddable":true,"href":"https:\/\/fullsolutions.info\/en\/wp-json\/wp\/v2\/product_brand?post=4305"},{"taxonomy":"product_cat","embeddable":true,"href":"https:\/\/fullsolutions.info\/en\/wp-json\/wp\/v2\/product_cat?post=4305"},{"taxonomy":"product_tag","embeddable":true,"href":"https:\/\/fullsolutions.info\/en\/wp-json\/wp\/v2\/product_tag?post=4305"},{"taxonomy":"marca","embeddable":true,"href":"https:\/\/fullsolutions.info\/en\/wp-json\/wp\/v2\/marca?post=4305"}],"curies":[{"name":"wp","href":"https:\/\/api.w.org\/{rel}","templated":true}]}}