{"id":4303,"date":"2024-02-02T16:03:33","date_gmt":"2024-02-02T16:03:33","guid":{"rendered":"https:\/\/fullsolutionsequip.com\/?post_type=product&#038;p=4303"},"modified":"2024-02-19T16:12:49","modified_gmt":"2024-02-19T16:12:49","slug":"micropilot-m-fmr230","status":"publish","type":"product","link":"https:\/\/fullsolutions.info\/en\/product\/micropilot-m-fmr230\/","title":{"rendered":"Micropilot M FMR230"},"content":{"rendered":"<p>Endress+Hauser Radar Level Meter-Micropilot M FMR230<\/p>\n<p>Descri\u00e7\u00e3o do Produto<\/p>\n<p>Medi\u00e7\u00e3o cont\u00ednua e n\u00e3o invasiva de n\u00edvel.<\/p>\n<p>Tecnologia econ\u00f4mica de 2 fios com sinal de 4 a 20 mA. Adequado para locais perigosos.<\/p>\n<p>Benef\u00edcios<\/p>\n<p>&#8211; Tecnologia de 2 fios, baixo custo: uma verdadeira alternativa a press\u00e3o diferencial, flutuadores e deslocadores. A tecnologia de 2 fios reduz os custos de instala\u00e7\u00e3o e permite f\u00e1cil implementa\u00e7\u00e3o em sistemas existentes.<br \/>\n&#8211; Medi\u00e7\u00e3o n\u00e3o invasiva: a medi\u00e7\u00e3o \u00e9 quase independente das propriedades do produto.<br \/>\n&#8211; Opera\u00e7\u00e3o f\u00e1cil no local via visor alfanum\u00e9rico com menu.<br \/>\n&#8211; Comissionamento f\u00e1cil, documenta\u00e7\u00e3o e diagn\u00f3stico atrav\u00e9s do software operacional Endress+Hauser.<br \/>\n&#8211; Faixa de frequ\u00eancia na banda C.<br \/>\n&#8211; Protocolo HART ou PROFIBUS PA, respectivamente FOUNDATION Fieldbus.<br \/>\n&#8211; Altas temperaturas: adequado para temperaturas de processo de at\u00e9 +200 \u00b0C (392 \u00b0F), at\u00e9 400 \u00b0C (752 \u00b0F) com antena de alta temperatura.<br \/>\n&#8211; Usado para monitoramento de n\u00edvel (MIN, MAX) at\u00e9 SIL 2 conforme IEC 61508\/IEC 61511-1.<br \/>\n&#8211; Op\u00e7\u00e3o: passagem \u00e0 prova de g\u00e1s para melhorar a seguran\u00e7a do processo.<\/p>\n<p>Campo de Aplica\u00e7\u00e3o<\/p>\n<p>O Micropilot M \u00e9 utilizado para medi\u00e7\u00e3o cont\u00ednua e n\u00e3o invasiva de n\u00edvel em l\u00edquidos, pastas, suspens\u00f5es e s\u00f3lidos. A medi\u00e7\u00e3o n\u00e3o \u00e9 afetada por mudan\u00e7as no meio, varia\u00e7\u00f5es de temperatura, coberturas de g\u00e1s ou vapores.<\/p>\n<p>O FMR230 \u00e9 especialmente adequado para medi\u00e7\u00e3o em tanques de buffer e processo.<\/p>","protected":false},"excerpt":{"rendered":"<p>Endress+Hauser Radar Level Meter-Micropilot M FMR230 Descri\u00e7\u00e3o do Produto Medi\u00e7\u00e3o cont\u00ednua e n\u00e3o invasiva de n\u00edvel. Tecnologia econ\u00f4mica de 2 fios com sinal de 4 a 20 mA. Adequado para locais perigosos. Benef\u00edcios &#8211; Tecnologia de 2 fios, baixo custo: uma verdadeira alternativa a press\u00e3o diferencial, flutuadores e deslocadores. A tecnologia de 2 fios reduz os custos de instala\u00e7\u00e3o e permite f\u00e1cil implementa\u00e7\u00e3o em sistemas existentes. &#8211; Medi\u00e7\u00e3o n\u00e3o invasiva: a medi\u00e7\u00e3o \u00e9 quase independente das propriedades do produto. &#8211; Opera\u00e7\u00e3o f\u00e1cil no local via visor alfanum\u00e9rico com menu. &#8211; Comissionamento f\u00e1cil, documenta\u00e7\u00e3o e diagn\u00f3stico atrav\u00e9s do software operacional Endress+Hauser. &#8211; Faixa de frequ\u00eancia na banda C. &#8211; Protocolo HART ou PROFIBUS PA, respectivamente FOUNDATION Fieldbus. &#8211; Altas temperaturas: adequado para temperaturas de processo de at\u00e9 +200 \u00b0C (392 \u00b0F), at\u00e9 400 \u00b0C (752 \u00b0F) com antena de alta temperatura. &#8211; Usado para monitoramento de n\u00edvel (MIN, MAX) at\u00e9 SIL 2 conforme IEC 61508\/IEC 61511-1. &#8211; Op\u00e7\u00e3o: passagem \u00e0 prova de g\u00e1s para melhorar a seguran\u00e7a do processo. Campo de Aplica\u00e7\u00e3o O Micropilot M \u00e9 utilizado para medi\u00e7\u00e3o cont\u00ednua e n\u00e3o invasiva de n\u00edvel em l\u00edquidos, pastas, suspens\u00f5es e s\u00f3lidos. A medi\u00e7\u00e3o n\u00e3o \u00e9 afetada por mudan\u00e7as no meio, varia\u00e7\u00f5es de temperatura, coberturas de g\u00e1s ou vapores. O FMR230 \u00e9 especialmente adequado para medi\u00e7\u00e3o em tanques de buffer e processo.<\/p>","protected":false},"featured_media":4304,"comment_status":"open","ping_status":"closed","template":"","meta":{"_joinchat":[]},"product_brand":[],"product_cat":[140],"product_tag":[],"marca":[147],"class_list":{"0":"post-4303","1":"product","2":"type-product","3":"status-publish","4":"has-post-thumbnail","6":"product_cat-transmissores","7":"marca-endresshauser","9":"first","10":"instock","11":"shipping-taxable","12":"purchasable","13":"product-type-simple"},"yoast_head":"<!-- This site is optimized with the Yoast SEO plugin v27.2 - https:\/\/yoast.com\/product\/yoast-seo-wordpress\/ -->\n<title>Micropilot M FMR230 - Full Solutions<\/title>\n<meta name=\"robots\" content=\"index, follow, max-snippet:-1, max-image-preview:large, max-video-preview:-1\" \/>\n<link rel=\"canonical\" href=\"https:\/\/fullsolutions.info\/en\/product\/micropilot-m-fmr230\/\" \/>\n<meta property=\"og:locale\" content=\"en_US\" \/>\n<meta property=\"og:type\" content=\"article\" \/>\n<meta property=\"og:title\" content=\"Micropilot M FMR230 - Full Solutions\" \/>\n<meta property=\"og:description\" content=\"Endress+Hauser Radar Level Meter-Micropilot M FMR230 Descri\u00e7\u00e3o do Produto Medi\u00e7\u00e3o cont\u00ednua e n\u00e3o invasiva de n\u00edvel. Tecnologia econ\u00f4mica de 2 fios com sinal de 4 a 20 mA. Adequado para locais perigosos. Benef\u00edcios &#8211; Tecnologia de 2 fios, baixo custo: uma verdadeira alternativa a press\u00e3o diferencial, flutuadores e deslocadores. A tecnologia de 2 fios reduz os custos de instala\u00e7\u00e3o e permite f\u00e1cil implementa\u00e7\u00e3o em sistemas existentes. &#8211; Medi\u00e7\u00e3o n\u00e3o invasiva: a medi\u00e7\u00e3o \u00e9 quase independente das propriedades do produto. &#8211; Opera\u00e7\u00e3o f\u00e1cil no local via visor alfanum\u00e9rico com menu. &#8211; Comissionamento f\u00e1cil, documenta\u00e7\u00e3o e diagn\u00f3stico atrav\u00e9s do software operacional Endress+Hauser. &#8211; Faixa de frequ\u00eancia na banda C. &#8211; Protocolo HART ou PROFIBUS PA, respectivamente FOUNDATION Fieldbus. &#8211; Altas temperaturas: adequado para temperaturas de processo de at\u00e9 +200 \u00b0C (392 \u00b0F), at\u00e9 400 \u00b0C (752 \u00b0F) com antena de alta temperatura. &#8211; Usado para monitoramento de n\u00edvel (MIN, MAX) at\u00e9 SIL 2 conforme IEC 61508\/IEC 61511-1. &#8211; Op\u00e7\u00e3o: passagem \u00e0 prova de g\u00e1s para melhorar a seguran\u00e7a do processo. Campo de Aplica\u00e7\u00e3o O Micropilot M \u00e9 utilizado para medi\u00e7\u00e3o cont\u00ednua e n\u00e3o invasiva de n\u00edvel em l\u00edquidos, pastas, suspens\u00f5es e s\u00f3lidos. A medi\u00e7\u00e3o n\u00e3o \u00e9 afetada por mudan\u00e7as no meio, varia\u00e7\u00f5es de temperatura, coberturas de g\u00e1s ou vapores. O FMR230 \u00e9 especialmente adequado para medi\u00e7\u00e3o em tanques de buffer e processo.\" \/>\n<meta property=\"og:url\" content=\"https:\/\/fullsolutions.info\/en\/product\/micropilot-m-fmr230\/\" \/>\n<meta property=\"og:site_name\" content=\"Full Solutions\" \/>\n<meta property=\"article:modified_time\" content=\"2024-02-19T16:12:49+00:00\" \/>\n<meta property=\"og:image\" content=\"https:\/\/mlhff0prgoxu.i.optimole.com\/cb:s0sM.767\/w:auto\/h:auto\/q:mauto\/f:best\/https:\/\/fullsolutions.info\/wp-content\/uploads\/2024\/02\/Micropilot-M-FMR230.jpeg\" \/>\n\t<meta property=\"og:image:width\" content=\"500\" \/>\n\t<meta property=\"og:image:height\" content=\"500\" \/>\n\t<meta property=\"og:image:type\" content=\"image\/jpeg\" \/>\n<meta name=\"twitter:card\" content=\"summary_large_image\" \/>\n<meta name=\"twitter:label1\" content=\"Est. reading time\" \/>\n\t<meta name=\"twitter:data1\" content=\"1 minute\" \/>\n<script type=\"application\/ld+json\" class=\"yoast-schema-graph\">{\"@context\":\"https:\/\/schema.org\",\"@graph\":[{\"@type\":\"WebPage\",\"@id\":\"https:\/\/fullsolutions.info\/produto\/micropilot-m-fmr230\/\",\"url\":\"https:\/\/fullsolutions.info\/produto\/micropilot-m-fmr230\/\",\"name\":\"Micropilot M FMR230 - Full Solutions\",\"isPartOf\":{\"@id\":\"https:\/\/fullsolutions.info\/#website\"},\"primaryImageOfPage\":{\"@id\":\"https:\/\/fullsolutions.info\/produto\/micropilot-m-fmr230\/#primaryimage\"},\"image\":{\"@id\":\"https:\/\/fullsolutions.info\/produto\/micropilot-m-fmr230\/#primaryimage\"},\"thumbnailUrl\":\"https:\/\/mlhff0prgoxu.i.optimole.com\/cb:s0sM.767\/w:auto\/h:auto\/q:mauto\/f:best\/https:\/\/fullsolutions.info\/wp-content\/uploads\/2024\/02\/Micropilot-M-FMR230.jpeg\",\"datePublished\":\"2024-02-02T16:03:33+00:00\",\"dateModified\":\"2024-02-19T16:12:49+00:00\",\"breadcrumb\":{\"@id\":\"https:\/\/fullsolutions.info\/produto\/micropilot-m-fmr230\/#breadcrumb\"},\"inLanguage\":\"en-US\",\"potentialAction\":[{\"@type\":\"ReadAction\",\"target\":[\"https:\/\/fullsolutions.info\/produto\/micropilot-m-fmr230\/\"]}]},{\"@type\":\"ImageObject\",\"inLanguage\":\"en-US\",\"@id\":\"https:\/\/fullsolutions.info\/produto\/micropilot-m-fmr230\/#primaryimage\",\"url\":\"https:\/\/mlhff0prgoxu.i.optimole.com\/cb:s0sM.767\/w:auto\/h:auto\/q:mauto\/f:best\/https:\/\/fullsolutions.info\/wp-content\/uploads\/2024\/02\/Micropilot-M-FMR230.jpeg\",\"contentUrl\":\"https:\/\/mlhff0prgoxu.i.optimole.com\/cb:s0sM.767\/w:auto\/h:auto\/q:mauto\/f:best\/https:\/\/fullsolutions.info\/wp-content\/uploads\/2024\/02\/Micropilot-M-FMR230.jpeg\",\"width\":500,\"height\":500},{\"@type\":\"BreadcrumbList\",\"@id\":\"https:\/\/fullsolutions.info\/produto\/micropilot-m-fmr230\/#breadcrumb\",\"itemListElement\":[{\"@type\":\"ListItem\",\"position\":1,\"name\":\"In\u00edcio\",\"item\":\"https:\/\/fullsolutions.info\/\"},{\"@type\":\"ListItem\",\"position\":2,\"name\":\"Produtos\",\"item\":\"https:\/\/fullsolutions.info\/shop\/\"},{\"@type\":\"ListItem\",\"position\":3,\"name\":\"Micropilot M FMR230\"}]},{\"@type\":\"WebSite\",\"@id\":\"https:\/\/fullsolutions.info\/#website\",\"url\":\"https:\/\/fullsolutions.info\/\",\"name\":\"Full Solutions\",\"description\":\"Empresa na \u00c1rea de Procurement\",\"publisher\":{\"@id\":\"https:\/\/fullsolutions.info\/#organization\"},\"potentialAction\":[{\"@type\":\"SearchAction\",\"target\":{\"@type\":\"EntryPoint\",\"urlTemplate\":\"https:\/\/fullsolutions.info\/?s={search_term_string}\"},\"query-input\":{\"@type\":\"PropertyValueSpecification\",\"valueRequired\":true,\"valueName\":\"search_term_string\"}}],\"inLanguage\":\"en-US\"},{\"@type\":\"Organization\",\"@id\":\"https:\/\/fullsolutions.info\/#organization\",\"name\":\"Full Solutions\",\"url\":\"https:\/\/fullsolutions.info\/\",\"logo\":{\"@type\":\"ImageObject\",\"inLanguage\":\"en-US\",\"@id\":\"https:\/\/fullsolutions.info\/#\/schema\/logo\/image\/\",\"url\":\"https:\/\/mlhff0prgoxu.i.optimole.com\/cb:s0sM.767\/w:auto\/h:auto\/q:mauto\/f:best\/https:\/\/fullsolutions.info\/wp-content\/uploads\/2021\/07\/cropped-Design-sem-nome-300x193-1-e1627062664782.png\",\"contentUrl\":\"https:\/\/mlhff0prgoxu.i.optimole.com\/cb:s0sM.767\/w:auto\/h:auto\/q:mauto\/f:best\/https:\/\/fullsolutions.info\/wp-content\/uploads\/2021\/07\/cropped-Design-sem-nome-300x193-1-e1627062664782.png\",\"width\":202,\"height\":155,\"caption\":\"Full Solutions\"},\"image\":{\"@id\":\"https:\/\/fullsolutions.info\/#\/schema\/logo\/image\/\"},\"sameAs\":[\"https:\/\/www.linkedin.com\/company\/full-solutions-equipment\"]}]}<\/script>\n<!-- \/ Yoast SEO plugin. -->","yoast_head_json":{"title":"Micropilot M FMR230 - Full Solutions","robots":{"index":"index","follow":"follow","max-snippet":"max-snippet:-1","max-image-preview":"max-image-preview:large","max-video-preview":"max-video-preview:-1"},"canonical":"https:\/\/fullsolutions.info\/en\/product\/micropilot-m-fmr230\/","og_locale":"en_US","og_type":"article","og_title":"Micropilot M FMR230 - Full Solutions","og_description":"Endress+Hauser Radar Level Meter-Micropilot M FMR230 Descri\u00e7\u00e3o do Produto Medi\u00e7\u00e3o cont\u00ednua e n\u00e3o invasiva de n\u00edvel. Tecnologia econ\u00f4mica de 2 fios com sinal de 4 a 20 mA. Adequado para locais perigosos. Benef\u00edcios &#8211; Tecnologia de 2 fios, baixo custo: uma verdadeira alternativa a press\u00e3o diferencial, flutuadores e deslocadores. A tecnologia de 2 fios reduz os custos de instala\u00e7\u00e3o e permite f\u00e1cil implementa\u00e7\u00e3o em sistemas existentes. &#8211; Medi\u00e7\u00e3o n\u00e3o invasiva: a medi\u00e7\u00e3o \u00e9 quase independente das propriedades do produto. &#8211; Opera\u00e7\u00e3o f\u00e1cil no local via visor alfanum\u00e9rico com menu. &#8211; Comissionamento f\u00e1cil, documenta\u00e7\u00e3o e diagn\u00f3stico atrav\u00e9s do software operacional Endress+Hauser. &#8211; Faixa de frequ\u00eancia na banda C. &#8211; Protocolo HART ou PROFIBUS PA, respectivamente FOUNDATION Fieldbus. &#8211; Altas temperaturas: adequado para temperaturas de processo de at\u00e9 +200 \u00b0C (392 \u00b0F), at\u00e9 400 \u00b0C (752 \u00b0F) com antena de alta temperatura. &#8211; Usado para monitoramento de n\u00edvel (MIN, MAX) at\u00e9 SIL 2 conforme IEC 61508\/IEC 61511-1. &#8211; Op\u00e7\u00e3o: passagem \u00e0 prova de g\u00e1s para melhorar a seguran\u00e7a do processo. Campo de Aplica\u00e7\u00e3o O Micropilot M \u00e9 utilizado para medi\u00e7\u00e3o cont\u00ednua e n\u00e3o invasiva de n\u00edvel em l\u00edquidos, pastas, suspens\u00f5es e s\u00f3lidos. A medi\u00e7\u00e3o n\u00e3o \u00e9 afetada por mudan\u00e7as no meio, varia\u00e7\u00f5es de temperatura, coberturas de g\u00e1s ou vapores. O FMR230 \u00e9 especialmente adequado para medi\u00e7\u00e3o em tanques de buffer e processo.","og_url":"https:\/\/fullsolutions.info\/en\/product\/micropilot-m-fmr230\/","og_site_name":"Full Solutions","article_modified_time":"2024-02-19T16:12:49+00:00","og_image":[{"width":500,"height":500,"url":"https:\/\/mlhff0prgoxu.i.optimole.com\/cb:s0sM.767\/w:auto\/h:auto\/q:mauto\/f:best\/https:\/\/fullsolutions.info\/wp-content\/uploads\/2024\/02\/Micropilot-M-FMR230.jpeg","type":"image\/jpeg"}],"twitter_card":"summary_large_image","twitter_misc":{"Est. reading time":"1 minute"},"schema":{"@context":"https:\/\/schema.org","@graph":[{"@type":"WebPage","@id":"https:\/\/fullsolutions.info\/produto\/micropilot-m-fmr230\/","url":"https:\/\/fullsolutions.info\/produto\/micropilot-m-fmr230\/","name":"Micropilot M FMR230 - Full Solutions","isPartOf":{"@id":"https:\/\/fullsolutions.info\/#website"},"primaryImageOfPage":{"@id":"https:\/\/fullsolutions.info\/produto\/micropilot-m-fmr230\/#primaryimage"},"image":{"@id":"https:\/\/fullsolutions.info\/produto\/micropilot-m-fmr230\/#primaryimage"},"thumbnailUrl":"https:\/\/mlhff0prgoxu.i.optimole.com\/cb:s0sM.767\/w:auto\/h:auto\/q:mauto\/f:best\/https:\/\/fullsolutions.info\/wp-content\/uploads\/2024\/02\/Micropilot-M-FMR230.jpeg","datePublished":"2024-02-02T16:03:33+00:00","dateModified":"2024-02-19T16:12:49+00:00","breadcrumb":{"@id":"https:\/\/fullsolutions.info\/produto\/micropilot-m-fmr230\/#breadcrumb"},"inLanguage":"en-US","potentialAction":[{"@type":"ReadAction","target":["https:\/\/fullsolutions.info\/produto\/micropilot-m-fmr230\/"]}]},{"@type":"ImageObject","inLanguage":"en-US","@id":"https:\/\/fullsolutions.info\/produto\/micropilot-m-fmr230\/#primaryimage","url":"https:\/\/mlhff0prgoxu.i.optimole.com\/cb:s0sM.767\/w:auto\/h:auto\/q:mauto\/f:best\/https:\/\/fullsolutions.info\/wp-content\/uploads\/2024\/02\/Micropilot-M-FMR230.jpeg","contentUrl":"https:\/\/mlhff0prgoxu.i.optimole.com\/cb:s0sM.767\/w:auto\/h:auto\/q:mauto\/f:best\/https:\/\/fullsolutions.info\/wp-content\/uploads\/2024\/02\/Micropilot-M-FMR230.jpeg","width":500,"height":500},{"@type":"BreadcrumbList","@id":"https:\/\/fullsolutions.info\/produto\/micropilot-m-fmr230\/#breadcrumb","itemListElement":[{"@type":"ListItem","position":1,"name":"In\u00edcio","item":"https:\/\/fullsolutions.info\/"},{"@type":"ListItem","position":2,"name":"Produtos","item":"https:\/\/fullsolutions.info\/shop\/"},{"@type":"ListItem","position":3,"name":"Micropilot M FMR230"}]},{"@type":"WebSite","@id":"https:\/\/fullsolutions.info\/#website","url":"https:\/\/fullsolutions.info\/","name":"Full Solutions","description":"Empresa na \u00c1rea de Procurement","publisher":{"@id":"https:\/\/fullsolutions.info\/#organization"},"potentialAction":[{"@type":"SearchAction","target":{"@type":"EntryPoint","urlTemplate":"https:\/\/fullsolutions.info\/?s={search_term_string}"},"query-input":{"@type":"PropertyValueSpecification","valueRequired":true,"valueName":"search_term_string"}}],"inLanguage":"en-US"},{"@type":"Organization","@id":"https:\/\/fullsolutions.info\/#organization","name":"Full Solutions","url":"https:\/\/fullsolutions.info\/","logo":{"@type":"ImageObject","inLanguage":"en-US","@id":"https:\/\/fullsolutions.info\/#\/schema\/logo\/image\/","url":"https:\/\/mlhff0prgoxu.i.optimole.com\/cb:s0sM.767\/w:auto\/h:auto\/q:mauto\/f:best\/https:\/\/fullsolutions.info\/wp-content\/uploads\/2021\/07\/cropped-Design-sem-nome-300x193-1-e1627062664782.png","contentUrl":"https:\/\/mlhff0prgoxu.i.optimole.com\/cb:s0sM.767\/w:auto\/h:auto\/q:mauto\/f:best\/https:\/\/fullsolutions.info\/wp-content\/uploads\/2021\/07\/cropped-Design-sem-nome-300x193-1-e1627062664782.png","width":202,"height":155,"caption":"Full Solutions"},"image":{"@id":"https:\/\/fullsolutions.info\/#\/schema\/logo\/image\/"},"sameAs":["https:\/\/www.linkedin.com\/company\/full-solutions-equipment"]}]}},"_links":{"self":[{"href":"https:\/\/fullsolutions.info\/en\/wp-json\/wp\/v2\/product\/4303","targetHints":{"allow":["GET"]}}],"collection":[{"href":"https:\/\/fullsolutions.info\/en\/wp-json\/wp\/v2\/product"}],"about":[{"href":"https:\/\/fullsolutions.info\/en\/wp-json\/wp\/v2\/types\/product"}],"replies":[{"embeddable":true,"href":"https:\/\/fullsolutions.info\/en\/wp-json\/wp\/v2\/comments?post=4303"}],"wp:featuredmedia":[{"embeddable":true,"href":"https:\/\/fullsolutions.info\/en\/wp-json\/wp\/v2\/media\/4304"}],"wp:attachment":[{"href":"https:\/\/fullsolutions.info\/en\/wp-json\/wp\/v2\/media?parent=4303"}],"wp:term":[{"taxonomy":"product_brand","embeddable":true,"href":"https:\/\/fullsolutions.info\/en\/wp-json\/wp\/v2\/product_brand?post=4303"},{"taxonomy":"product_cat","embeddable":true,"href":"https:\/\/fullsolutions.info\/en\/wp-json\/wp\/v2\/product_cat?post=4303"},{"taxonomy":"product_tag","embeddable":true,"href":"https:\/\/fullsolutions.info\/en\/wp-json\/wp\/v2\/product_tag?post=4303"},{"taxonomy":"marca","embeddable":true,"href":"https:\/\/fullsolutions.info\/en\/wp-json\/wp\/v2\/marca?post=4303"}],"curies":[{"name":"wp","href":"https:\/\/api.w.org\/{rel}","templated":true}]}}