{"id":4301,"date":"2024-02-02T16:05:16","date_gmt":"2024-02-02T16:05:16","guid":{"rendered":"https:\/\/fullsolutionsequip.com\/?post_type=product&#038;p=4301"},"modified":"2024-02-19T16:12:49","modified_gmt":"2024-02-19T16:12:49","slug":"admag-axr-medidores-de-fluxo-magnetico-de-dois-fios","status":"publish","type":"product","link":"https:\/\/fullsolutions.info\/en\/product\/admag-axr-medidores-de-fluxo-magnetico-de-dois-fios\/","title":{"rendered":"ADMAG AXR Medidores de Fluxo Magn\u00e9tico de Dois Fios"},"content":{"rendered":"<p>Recursos: Medidores de Fluxo Magn\u00e9tico de Dois Fios ADMAG AXR<\/p>\n<p>Efici\u00eancia<br \/>\nBenef\u00edcio de 2 Fios<br \/>\nUm suprimento de energia AC extra n\u00e3o \u00e9 necess\u00e1rio. O desempenho alimentado por loop de 2 fios permite a conex\u00e3o direta com o cart\u00e3o de E\/S do DCS &#8211; permitindo redu\u00e7\u00f5es de custo reais.<\/p>\n<p>Reduza o CAPEX e OPEX no seu local.<br \/>\nEconomia de energia: consumo de energia de 1 a 4% em compara\u00e7\u00e3o com um medidor de fluxo magn\u00e9tico t\u00edpico de 4 fios.<br \/>\nAs emiss\u00f5es anuais de CO2 podem ser reduzidas de aproximadamente 73 kg para 1,4 kg (em compara\u00e7\u00e3o com um medidor de fluxo magn\u00e9tico padr\u00e3o de 4 fios).<\/p>\n<p>Confiabilidade<br \/>\nDesempenho de Frequ\u00eancia Dupla<br \/>\nApenas a YOKOGAWA pode fornecer um m\u00e9todo de excita\u00e7\u00e3o exclusivo e avan\u00e7ado. A &#8220;Excita\u00e7\u00e3o de Frequ\u00eancia Dupla&#8221; alcan\u00e7a medi\u00e7\u00f5es est\u00e1veis, estabilidade zero e tempos de resposta r\u00e1pidos. Tecnologia exclusiva para medi\u00e7\u00e3o est\u00e1vel e confi\u00e1vel em seu local.<\/p>\n<p>Tecnologia de redu\u00e7\u00e3o de ru\u00eddo de fluxo \u00e9 alcan\u00e7ada atrav\u00e9s da incorpora\u00e7\u00e3o de revestimentos PFA com acabamento liso e eletrodos com acabamento de superf\u00edcie especial. Isso \u00e9 ainda aprimorado com bobinas de alta densidade super alinhadas que geram um campo magn\u00e9tico mais forte.<\/p>\n<p>Seguran\u00e7a<br \/>\nSIL2<br \/>\nA YOKOGAWA acredita que a seguran\u00e7a n\u00e3o deve ser uma op\u00e7\u00e3o, mas sim um padr\u00e3o em todos os produtos modernos. O AXR \u00e9 o primeiro Medidor Magn\u00e9tico de 2 Fios com N\u00edvel de Integridade de Seguran\u00e7a (SIL2) certificado de acordo com a norma IEC 61508. O AXR \u00e9 capaz de uso \u00fanico SIL2 e uso redundante SIL3, como padr\u00e3o.<\/p>\n<p>Opera\u00e7\u00e3o de Par\u00e2metro<br \/>\nO AXR possui interruptores magn\u00e9ticos para configura\u00e7\u00e3o de par\u00e2metros. Os usu\u00e1rios podem acessar as fun\u00e7\u00f5es sem remover a tampa em ambientes perigosos, \u00famidos e empoeirados.<\/p>\n<p>Amig\u00e1vel<br \/>\nSuporte HART 7<br \/>\nAl\u00e9m do HART 5, o novo ADMAG AXR suporta o HART 7, o protocolo HART mais recente, eliminando a necessidade de conversores para conectar-se a sistemas de controle compat\u00edveis com HART. O HART 7 tamb\u00e9m suporta e permite a emiss\u00e3o autom\u00e1tica de alarmes quando as configura\u00e7\u00f5es do dispositivo s\u00e3o modificadas ou um problema \u00e9 detectado por auto diagn\u00f3stico.<\/p>\n<p>Fun\u00e7\u00e3o de N\u00edvel de Diagn\u00f3stico de Ader\u00eancia<br \/>\nO eletrodo \u00e9 uma das partes mais importantes de um medidor de fluxo magn\u00e9tico. Apenas a YOKOGAWA possui a &#8220;Fun\u00e7\u00e3o de N\u00edvel de Diagn\u00f3stico de Ader\u00eancia&#8221;. Ela diagnostica a condi\u00e7\u00e3o da superf\u00edcie do eletrodo e indica a ader\u00eancia\/revestimento em 4 n\u00edveis. Os usu\u00e1rios podem alterar o n\u00edvel de detec\u00e7\u00e3o (limiar) dependendo de cada condi\u00e7\u00e3o de processo individual. Isso permite manuten\u00e7\u00e3o preditiva e custos operacionais reduzidos.<\/p>\n<p>Indica\u00e7\u00e3o de Alarme<br \/>\nA YOKOGAWA utiliza um indicador LCD de matriz completa. Ele pode exibir at\u00e9 3 linhas conforme necess\u00e1rio pelo usu\u00e1rio e est\u00e1 dispon\u00edvel em v\u00e1rios idiomas. Sob a unidade ter um alarme, uma mensagem clara \u00e9 exibida juntamente com uma solu\u00e7\u00e3o.<\/p>","protected":false},"excerpt":{"rendered":"<p>Recursos: Medidores de Fluxo Magn\u00e9tico de Dois Fios ADMAG AXR Efici\u00eancia Benef\u00edcio de 2 Fios Um suprimento de energia AC extra n\u00e3o \u00e9 necess\u00e1rio. O desempenho alimentado por loop de 2 fios permite a conex\u00e3o direta com o cart\u00e3o de E\/S do DCS &#8211; permitindo redu\u00e7\u00f5es de custo reais. Reduza o CAPEX e OPEX no seu local. Economia de energia: consumo de energia de 1 a 4% em compara\u00e7\u00e3o com um medidor de fluxo magn\u00e9tico t\u00edpico de 4 fios. As emiss\u00f5es anuais de CO2 podem ser reduzidas de aproximadamente 73 kg para 1,4 kg (em compara\u00e7\u00e3o com um medidor de fluxo magn\u00e9tico padr\u00e3o de 4 fios). Confiabilidade Desempenho de Frequ\u00eancia Dupla Apenas a YOKOGAWA pode fornecer um m\u00e9todo de excita\u00e7\u00e3o exclusivo e avan\u00e7ado. A &#8220;Excita\u00e7\u00e3o de Frequ\u00eancia Dupla&#8221; alcan\u00e7a medi\u00e7\u00f5es est\u00e1veis, estabilidade zero e tempos de resposta r\u00e1pidos. Tecnologia exclusiva para medi\u00e7\u00e3o est\u00e1vel e confi\u00e1vel em seu local. Tecnologia de redu\u00e7\u00e3o de ru\u00eddo de fluxo \u00e9 alcan\u00e7ada atrav\u00e9s da incorpora\u00e7\u00e3o de revestimentos PFA com acabamento liso e eletrodos com acabamento de superf\u00edcie especial. Isso \u00e9 ainda aprimorado com bobinas de alta densidade super alinhadas que geram um campo magn\u00e9tico mais forte. Seguran\u00e7a SIL2 A YOKOGAWA acredita que a seguran\u00e7a n\u00e3o deve ser uma op\u00e7\u00e3o, mas sim um padr\u00e3o em todos os produtos modernos. O AXR \u00e9 o primeiro Medidor Magn\u00e9tico de 2 Fios com N\u00edvel de Integridade de Seguran\u00e7a (SIL2) certificado de acordo com a norma IEC 61508. O AXR \u00e9 capaz de uso \u00fanico SIL2 e uso redundante SIL3, como padr\u00e3o. Opera\u00e7\u00e3o de Par\u00e2metro O AXR possui interruptores magn\u00e9ticos para configura\u00e7\u00e3o de par\u00e2metros. Os usu\u00e1rios podem acessar as fun\u00e7\u00f5es sem remover a tampa em ambientes perigosos, \u00famidos e empoeirados. Amig\u00e1vel Suporte HART 7 Al\u00e9m do HART 5, o novo ADMAG AXR suporta o HART 7, o protocolo HART mais recente, eliminando a necessidade de conversores para conectar-se a sistemas de controle compat\u00edveis com HART. O HART 7 tamb\u00e9m suporta e permite a emiss\u00e3o autom\u00e1tica de alarmes quando as configura\u00e7\u00f5es do dispositivo s\u00e3o modificadas ou um problema \u00e9 detectado por auto diagn\u00f3stico. Fun\u00e7\u00e3o de N\u00edvel de Diagn\u00f3stico de Ader\u00eancia O eletrodo \u00e9 uma das partes mais importantes de um medidor de fluxo magn\u00e9tico. Apenas a YOKOGAWA possui a &#8220;Fun\u00e7\u00e3o de N\u00edvel de Diagn\u00f3stico de Ader\u00eancia&#8221;. Ela diagnostica a condi\u00e7\u00e3o da superf\u00edcie do eletrodo e indica a ader\u00eancia\/revestimento em 4 n\u00edveis. Os usu\u00e1rios podem alterar o n\u00edvel de detec\u00e7\u00e3o (limiar) dependendo de cada condi\u00e7\u00e3o de processo individual. Isso permite manuten\u00e7\u00e3o preditiva e custos operacionais reduzidos. Indica\u00e7\u00e3o de Alarme A YOKOGAWA utiliza um indicador LCD de matriz completa. Ele pode exibir at\u00e9 3 linhas conforme necess\u00e1rio pelo usu\u00e1rio e est\u00e1 dispon\u00edvel em v\u00e1rios idiomas. Sob a unidade ter um alarme, uma mensagem clara \u00e9 exibida juntamente com uma solu\u00e7\u00e3o.<\/p>","protected":false},"featured_media":4307,"comment_status":"open","ping_status":"closed","template":"","meta":{"_joinchat":[]},"product_brand":[],"product_cat":[146],"product_tag":[],"marca":[143],"class_list":{"0":"post-4301","1":"product","2":"type-product","3":"status-publish","4":"has-post-thumbnail","6":"product_cat-medidores-de-vazao-e-tubos-de-vazao","7":"marca-yokogawa","9":"first","10":"instock","11":"shipping-taxable","12":"purchasable","13":"product-type-simple"},"yoast_head":"<!-- This site is optimized with the Yoast SEO plugin v27.2 - https:\/\/yoast.com\/product\/yoast-seo-wordpress\/ -->\n<title>ADMAG AXR Medidores de Fluxo Magn\u00e9tico de Dois Fios - Full Solutions<\/title>\n<meta name=\"robots\" content=\"index, follow, max-snippet:-1, max-image-preview:large, max-video-preview:-1\" \/>\n<link rel=\"canonical\" href=\"https:\/\/fullsolutions.info\/en\/product\/admag-axr-medidores-de-fluxo-magnetico-de-dois-fios\/\" \/>\n<meta property=\"og:locale\" content=\"en_US\" \/>\n<meta property=\"og:type\" content=\"article\" \/>\n<meta property=\"og:title\" content=\"ADMAG AXR Medidores de Fluxo Magn\u00e9tico de Dois Fios - Full Solutions\" \/>\n<meta property=\"og:description\" content=\"Recursos: Medidores de Fluxo Magn\u00e9tico de Dois Fios ADMAG AXR Efici\u00eancia Benef\u00edcio de 2 Fios Um suprimento de energia AC extra n\u00e3o \u00e9 necess\u00e1rio. O desempenho alimentado por loop de 2 fios permite a conex\u00e3o direta com o cart\u00e3o de E\/S do DCS &#8211; permitindo redu\u00e7\u00f5es de custo reais. Reduza o CAPEX e OPEX no seu local. Economia de energia: consumo de energia de 1 a 4% em compara\u00e7\u00e3o com um medidor de fluxo magn\u00e9tico t\u00edpico de 4 fios. As emiss\u00f5es anuais de CO2 podem ser reduzidas de aproximadamente 73 kg para 1,4 kg (em compara\u00e7\u00e3o com um medidor de fluxo magn\u00e9tico padr\u00e3o de 4 fios). Confiabilidade Desempenho de Frequ\u00eancia Dupla Apenas a YOKOGAWA pode fornecer um m\u00e9todo de excita\u00e7\u00e3o exclusivo e avan\u00e7ado. A &#8220;Excita\u00e7\u00e3o de Frequ\u00eancia Dupla&#8221; alcan\u00e7a medi\u00e7\u00f5es est\u00e1veis, estabilidade zero e tempos de resposta r\u00e1pidos. Tecnologia exclusiva para medi\u00e7\u00e3o est\u00e1vel e confi\u00e1vel em seu local. Tecnologia de redu\u00e7\u00e3o de ru\u00eddo de fluxo \u00e9 alcan\u00e7ada atrav\u00e9s da incorpora\u00e7\u00e3o de revestimentos PFA com acabamento liso e eletrodos com acabamento de superf\u00edcie especial. Isso \u00e9 ainda aprimorado com bobinas de alta densidade super alinhadas que geram um campo magn\u00e9tico mais forte. Seguran\u00e7a SIL2 A YOKOGAWA acredita que a seguran\u00e7a n\u00e3o deve ser uma op\u00e7\u00e3o, mas sim um padr\u00e3o em todos os produtos modernos. O AXR \u00e9 o primeiro Medidor Magn\u00e9tico de 2 Fios com N\u00edvel de Integridade de Seguran\u00e7a (SIL2) certificado de acordo com a norma IEC 61508. O AXR \u00e9 capaz de uso \u00fanico SIL2 e uso redundante SIL3, como padr\u00e3o. Opera\u00e7\u00e3o de Par\u00e2metro O AXR possui interruptores magn\u00e9ticos para configura\u00e7\u00e3o de par\u00e2metros. Os usu\u00e1rios podem acessar as fun\u00e7\u00f5es sem remover a tampa em ambientes perigosos, \u00famidos e empoeirados. Amig\u00e1vel Suporte HART 7 Al\u00e9m do HART 5, o novo ADMAG AXR suporta o HART 7, o protocolo HART mais recente, eliminando a necessidade de conversores para conectar-se a sistemas de controle compat\u00edveis com HART. O HART 7 tamb\u00e9m suporta e permite a emiss\u00e3o autom\u00e1tica de alarmes quando as configura\u00e7\u00f5es do dispositivo s\u00e3o modificadas ou um problema \u00e9 detectado por auto diagn\u00f3stico. Fun\u00e7\u00e3o de N\u00edvel de Diagn\u00f3stico de Ader\u00eancia O eletrodo \u00e9 uma das partes mais importantes de um medidor de fluxo magn\u00e9tico. Apenas a YOKOGAWA possui a &#8220;Fun\u00e7\u00e3o de N\u00edvel de Diagn\u00f3stico de Ader\u00eancia&#8221;. Ela diagnostica a condi\u00e7\u00e3o da superf\u00edcie do eletrodo e indica a ader\u00eancia\/revestimento em 4 n\u00edveis. Os usu\u00e1rios podem alterar o n\u00edvel de detec\u00e7\u00e3o (limiar) dependendo de cada condi\u00e7\u00e3o de processo individual. Isso permite manuten\u00e7\u00e3o preditiva e custos operacionais reduzidos. Indica\u00e7\u00e3o de Alarme A YOKOGAWA utiliza um indicador LCD de matriz completa. Ele pode exibir at\u00e9 3 linhas conforme necess\u00e1rio pelo usu\u00e1rio e est\u00e1 dispon\u00edvel em v\u00e1rios idiomas. Sob a unidade ter um alarme, uma mensagem clara \u00e9 exibida juntamente com uma solu\u00e7\u00e3o.\" \/>\n<meta property=\"og:url\" content=\"https:\/\/fullsolutions.info\/en\/product\/admag-axr-medidores-de-fluxo-magnetico-de-dois-fios\/\" \/>\n<meta property=\"og:site_name\" content=\"Full Solutions\" \/>\n<meta property=\"article:modified_time\" content=\"2024-02-19T16:12:49+00:00\" \/>\n<meta property=\"og:image\" content=\"https:\/\/mlhff0prgoxu.i.optimole.com\/cb:s0sM.767\/w:auto\/h:auto\/q:mauto\/f:best\/https:\/\/fullsolutions.info\/wp-content\/uploads\/2024\/02\/ADMAG-AXR-Two-wire-Magnetic-Flowmeters.jpg\" \/>\n\t<meta property=\"og:image:width\" content=\"238\" \/>\n\t<meta property=\"og:image:height\" content=\"235\" \/>\n\t<meta property=\"og:image:type\" content=\"image\/jpeg\" \/>\n<meta name=\"twitter:card\" content=\"summary_large_image\" \/>\n<meta name=\"twitter:label1\" content=\"Est. reading time\" \/>\n\t<meta name=\"twitter:data1\" content=\"3 minutes\" \/>\n<script type=\"application\/ld+json\" class=\"yoast-schema-graph\">{\"@context\":\"https:\/\/schema.org\",\"@graph\":[{\"@type\":\"WebPage\",\"@id\":\"https:\/\/fullsolutions.info\/produto\/admag-axr-medidores-de-fluxo-magnetico-de-dois-fios\/\",\"url\":\"https:\/\/fullsolutions.info\/produto\/admag-axr-medidores-de-fluxo-magnetico-de-dois-fios\/\",\"name\":\"ADMAG AXR Medidores de Fluxo Magn\u00e9tico de Dois Fios - Full Solutions\",\"isPartOf\":{\"@id\":\"https:\/\/fullsolutions.info\/#website\"},\"primaryImageOfPage\":{\"@id\":\"https:\/\/fullsolutions.info\/produto\/admag-axr-medidores-de-fluxo-magnetico-de-dois-fios\/#primaryimage\"},\"image\":{\"@id\":\"https:\/\/fullsolutions.info\/produto\/admag-axr-medidores-de-fluxo-magnetico-de-dois-fios\/#primaryimage\"},\"thumbnailUrl\":\"https:\/\/mlhff0prgoxu.i.optimole.com\/cb:s0sM.767\/w:auto\/h:auto\/q:mauto\/f:best\/https:\/\/fullsolutions.info\/wp-content\/uploads\/2024\/02\/ADMAG-AXR-Two-wire-Magnetic-Flowmeters.jpg\",\"datePublished\":\"2024-02-02T16:05:16+00:00\",\"dateModified\":\"2024-02-19T16:12:49+00:00\",\"breadcrumb\":{\"@id\":\"https:\/\/fullsolutions.info\/produto\/admag-axr-medidores-de-fluxo-magnetico-de-dois-fios\/#breadcrumb\"},\"inLanguage\":\"en-US\",\"potentialAction\":[{\"@type\":\"ReadAction\",\"target\":[\"https:\/\/fullsolutions.info\/produto\/admag-axr-medidores-de-fluxo-magnetico-de-dois-fios\/\"]}]},{\"@type\":\"ImageObject\",\"inLanguage\":\"en-US\",\"@id\":\"https:\/\/fullsolutions.info\/produto\/admag-axr-medidores-de-fluxo-magnetico-de-dois-fios\/#primaryimage\",\"url\":\"https:\/\/mlhff0prgoxu.i.optimole.com\/cb:s0sM.767\/w:auto\/h:auto\/q:mauto\/f:best\/https:\/\/fullsolutions.info\/wp-content\/uploads\/2024\/02\/ADMAG-AXR-Two-wire-Magnetic-Flowmeters.jpg\",\"contentUrl\":\"https:\/\/mlhff0prgoxu.i.optimole.com\/cb:s0sM.767\/w:auto\/h:auto\/q:mauto\/f:best\/https:\/\/fullsolutions.info\/wp-content\/uploads\/2024\/02\/ADMAG-AXR-Two-wire-Magnetic-Flowmeters.jpg\",\"width\":238,\"height\":235},{\"@type\":\"BreadcrumbList\",\"@id\":\"https:\/\/fullsolutions.info\/produto\/admag-axr-medidores-de-fluxo-magnetico-de-dois-fios\/#breadcrumb\",\"itemListElement\":[{\"@type\":\"ListItem\",\"position\":1,\"name\":\"In\u00edcio\",\"item\":\"https:\/\/fullsolutions.info\/\"},{\"@type\":\"ListItem\",\"position\":2,\"name\":\"Produtos\",\"item\":\"https:\/\/fullsolutions.info\/shop\/\"},{\"@type\":\"ListItem\",\"position\":3,\"name\":\"ADMAG AXR Medidores de Fluxo Magn\u00e9tico de Dois Fios\"}]},{\"@type\":\"WebSite\",\"@id\":\"https:\/\/fullsolutions.info\/#website\",\"url\":\"https:\/\/fullsolutions.info\/\",\"name\":\"Full Solutions\",\"description\":\"Empresa na \u00c1rea de Procurement\",\"publisher\":{\"@id\":\"https:\/\/fullsolutions.info\/#organization\"},\"potentialAction\":[{\"@type\":\"SearchAction\",\"target\":{\"@type\":\"EntryPoint\",\"urlTemplate\":\"https:\/\/fullsolutions.info\/?s={search_term_string}\"},\"query-input\":{\"@type\":\"PropertyValueSpecification\",\"valueRequired\":true,\"valueName\":\"search_term_string\"}}],\"inLanguage\":\"en-US\"},{\"@type\":\"Organization\",\"@id\":\"https:\/\/fullsolutions.info\/#organization\",\"name\":\"Full Solutions\",\"url\":\"https:\/\/fullsolutions.info\/\",\"logo\":{\"@type\":\"ImageObject\",\"inLanguage\":\"en-US\",\"@id\":\"https:\/\/fullsolutions.info\/#\/schema\/logo\/image\/\",\"url\":\"https:\/\/mlhff0prgoxu.i.optimole.com\/cb:s0sM.767\/w:auto\/h:auto\/q:mauto\/f:best\/https:\/\/fullsolutions.info\/wp-content\/uploads\/2021\/07\/cropped-Design-sem-nome-300x193-1-e1627062664782.png\",\"contentUrl\":\"https:\/\/mlhff0prgoxu.i.optimole.com\/cb:s0sM.767\/w:auto\/h:auto\/q:mauto\/f:best\/https:\/\/fullsolutions.info\/wp-content\/uploads\/2021\/07\/cropped-Design-sem-nome-300x193-1-e1627062664782.png\",\"width\":202,\"height\":155,\"caption\":\"Full Solutions\"},\"image\":{\"@id\":\"https:\/\/fullsolutions.info\/#\/schema\/logo\/image\/\"},\"sameAs\":[\"https:\/\/www.linkedin.com\/company\/full-solutions-equipment\"]}]}<\/script>\n<!-- \/ Yoast SEO plugin. -->","yoast_head_json":{"title":"ADMAG AXR Medidores de Fluxo Magn\u00e9tico de Dois Fios - Full Solutions","robots":{"index":"index","follow":"follow","max-snippet":"max-snippet:-1","max-image-preview":"max-image-preview:large","max-video-preview":"max-video-preview:-1"},"canonical":"https:\/\/fullsolutions.info\/en\/product\/admag-axr-medidores-de-fluxo-magnetico-de-dois-fios\/","og_locale":"en_US","og_type":"article","og_title":"ADMAG AXR Medidores de Fluxo Magn\u00e9tico de Dois Fios - Full Solutions","og_description":"Recursos: Medidores de Fluxo Magn\u00e9tico de Dois Fios ADMAG AXR Efici\u00eancia Benef\u00edcio de 2 Fios Um suprimento de energia AC extra n\u00e3o \u00e9 necess\u00e1rio. O desempenho alimentado por loop de 2 fios permite a conex\u00e3o direta com o cart\u00e3o de E\/S do DCS &#8211; permitindo redu\u00e7\u00f5es de custo reais. Reduza o CAPEX e OPEX no seu local. Economia de energia: consumo de energia de 1 a 4% em compara\u00e7\u00e3o com um medidor de fluxo magn\u00e9tico t\u00edpico de 4 fios. As emiss\u00f5es anuais de CO2 podem ser reduzidas de aproximadamente 73 kg para 1,4 kg (em compara\u00e7\u00e3o com um medidor de fluxo magn\u00e9tico padr\u00e3o de 4 fios). Confiabilidade Desempenho de Frequ\u00eancia Dupla Apenas a YOKOGAWA pode fornecer um m\u00e9todo de excita\u00e7\u00e3o exclusivo e avan\u00e7ado. A &#8220;Excita\u00e7\u00e3o de Frequ\u00eancia Dupla&#8221; alcan\u00e7a medi\u00e7\u00f5es est\u00e1veis, estabilidade zero e tempos de resposta r\u00e1pidos. Tecnologia exclusiva para medi\u00e7\u00e3o est\u00e1vel e confi\u00e1vel em seu local. Tecnologia de redu\u00e7\u00e3o de ru\u00eddo de fluxo \u00e9 alcan\u00e7ada atrav\u00e9s da incorpora\u00e7\u00e3o de revestimentos PFA com acabamento liso e eletrodos com acabamento de superf\u00edcie especial. Isso \u00e9 ainda aprimorado com bobinas de alta densidade super alinhadas que geram um campo magn\u00e9tico mais forte. Seguran\u00e7a SIL2 A YOKOGAWA acredita que a seguran\u00e7a n\u00e3o deve ser uma op\u00e7\u00e3o, mas sim um padr\u00e3o em todos os produtos modernos. O AXR \u00e9 o primeiro Medidor Magn\u00e9tico de 2 Fios com N\u00edvel de Integridade de Seguran\u00e7a (SIL2) certificado de acordo com a norma IEC 61508. O AXR \u00e9 capaz de uso \u00fanico SIL2 e uso redundante SIL3, como padr\u00e3o. Opera\u00e7\u00e3o de Par\u00e2metro O AXR possui interruptores magn\u00e9ticos para configura\u00e7\u00e3o de par\u00e2metros. Os usu\u00e1rios podem acessar as fun\u00e7\u00f5es sem remover a tampa em ambientes perigosos, \u00famidos e empoeirados. Amig\u00e1vel Suporte HART 7 Al\u00e9m do HART 5, o novo ADMAG AXR suporta o HART 7, o protocolo HART mais recente, eliminando a necessidade de conversores para conectar-se a sistemas de controle compat\u00edveis com HART. O HART 7 tamb\u00e9m suporta e permite a emiss\u00e3o autom\u00e1tica de alarmes quando as configura\u00e7\u00f5es do dispositivo s\u00e3o modificadas ou um problema \u00e9 detectado por auto diagn\u00f3stico. Fun\u00e7\u00e3o de N\u00edvel de Diagn\u00f3stico de Ader\u00eancia O eletrodo \u00e9 uma das partes mais importantes de um medidor de fluxo magn\u00e9tico. Apenas a YOKOGAWA possui a &#8220;Fun\u00e7\u00e3o de N\u00edvel de Diagn\u00f3stico de Ader\u00eancia&#8221;. Ela diagnostica a condi\u00e7\u00e3o da superf\u00edcie do eletrodo e indica a ader\u00eancia\/revestimento em 4 n\u00edveis. Os usu\u00e1rios podem alterar o n\u00edvel de detec\u00e7\u00e3o (limiar) dependendo de cada condi\u00e7\u00e3o de processo individual. Isso permite manuten\u00e7\u00e3o preditiva e custos operacionais reduzidos. Indica\u00e7\u00e3o de Alarme A YOKOGAWA utiliza um indicador LCD de matriz completa. Ele pode exibir at\u00e9 3 linhas conforme necess\u00e1rio pelo usu\u00e1rio e est\u00e1 dispon\u00edvel em v\u00e1rios idiomas. Sob a unidade ter um alarme, uma mensagem clara \u00e9 exibida juntamente com uma solu\u00e7\u00e3o.","og_url":"https:\/\/fullsolutions.info\/en\/product\/admag-axr-medidores-de-fluxo-magnetico-de-dois-fios\/","og_site_name":"Full Solutions","article_modified_time":"2024-02-19T16:12:49+00:00","og_image":[{"width":238,"height":235,"url":"https:\/\/mlhff0prgoxu.i.optimole.com\/cb:s0sM.767\/w:auto\/h:auto\/q:mauto\/f:best\/https:\/\/fullsolutions.info\/wp-content\/uploads\/2024\/02\/ADMAG-AXR-Two-wire-Magnetic-Flowmeters.jpg","type":"image\/jpeg"}],"twitter_card":"summary_large_image","twitter_misc":{"Est. reading time":"3 minutes"},"schema":{"@context":"https:\/\/schema.org","@graph":[{"@type":"WebPage","@id":"https:\/\/fullsolutions.info\/produto\/admag-axr-medidores-de-fluxo-magnetico-de-dois-fios\/","url":"https:\/\/fullsolutions.info\/produto\/admag-axr-medidores-de-fluxo-magnetico-de-dois-fios\/","name":"ADMAG AXR Medidores de Fluxo Magn\u00e9tico de Dois Fios - Full Solutions","isPartOf":{"@id":"https:\/\/fullsolutions.info\/#website"},"primaryImageOfPage":{"@id":"https:\/\/fullsolutions.info\/produto\/admag-axr-medidores-de-fluxo-magnetico-de-dois-fios\/#primaryimage"},"image":{"@id":"https:\/\/fullsolutions.info\/produto\/admag-axr-medidores-de-fluxo-magnetico-de-dois-fios\/#primaryimage"},"thumbnailUrl":"https:\/\/mlhff0prgoxu.i.optimole.com\/cb:s0sM.767\/w:auto\/h:auto\/q:mauto\/f:best\/https:\/\/fullsolutions.info\/wp-content\/uploads\/2024\/02\/ADMAG-AXR-Two-wire-Magnetic-Flowmeters.jpg","datePublished":"2024-02-02T16:05:16+00:00","dateModified":"2024-02-19T16:12:49+00:00","breadcrumb":{"@id":"https:\/\/fullsolutions.info\/produto\/admag-axr-medidores-de-fluxo-magnetico-de-dois-fios\/#breadcrumb"},"inLanguage":"en-US","potentialAction":[{"@type":"ReadAction","target":["https:\/\/fullsolutions.info\/produto\/admag-axr-medidores-de-fluxo-magnetico-de-dois-fios\/"]}]},{"@type":"ImageObject","inLanguage":"en-US","@id":"https:\/\/fullsolutions.info\/produto\/admag-axr-medidores-de-fluxo-magnetico-de-dois-fios\/#primaryimage","url":"https:\/\/mlhff0prgoxu.i.optimole.com\/cb:s0sM.767\/w:auto\/h:auto\/q:mauto\/f:best\/https:\/\/fullsolutions.info\/wp-content\/uploads\/2024\/02\/ADMAG-AXR-Two-wire-Magnetic-Flowmeters.jpg","contentUrl":"https:\/\/mlhff0prgoxu.i.optimole.com\/cb:s0sM.767\/w:auto\/h:auto\/q:mauto\/f:best\/https:\/\/fullsolutions.info\/wp-content\/uploads\/2024\/02\/ADMAG-AXR-Two-wire-Magnetic-Flowmeters.jpg","width":238,"height":235},{"@type":"BreadcrumbList","@id":"https:\/\/fullsolutions.info\/produto\/admag-axr-medidores-de-fluxo-magnetico-de-dois-fios\/#breadcrumb","itemListElement":[{"@type":"ListItem","position":1,"name":"In\u00edcio","item":"https:\/\/fullsolutions.info\/"},{"@type":"ListItem","position":2,"name":"Produtos","item":"https:\/\/fullsolutions.info\/shop\/"},{"@type":"ListItem","position":3,"name":"ADMAG AXR Medidores de Fluxo Magn\u00e9tico de Dois Fios"}]},{"@type":"WebSite","@id":"https:\/\/fullsolutions.info\/#website","url":"https:\/\/fullsolutions.info\/","name":"Full Solutions","description":"Empresa na \u00c1rea de Procurement","publisher":{"@id":"https:\/\/fullsolutions.info\/#organization"},"potentialAction":[{"@type":"SearchAction","target":{"@type":"EntryPoint","urlTemplate":"https:\/\/fullsolutions.info\/?s={search_term_string}"},"query-input":{"@type":"PropertyValueSpecification","valueRequired":true,"valueName":"search_term_string"}}],"inLanguage":"en-US"},{"@type":"Organization","@id":"https:\/\/fullsolutions.info\/#organization","name":"Full Solutions","url":"https:\/\/fullsolutions.info\/","logo":{"@type":"ImageObject","inLanguage":"en-US","@id":"https:\/\/fullsolutions.info\/#\/schema\/logo\/image\/","url":"https:\/\/mlhff0prgoxu.i.optimole.com\/cb:s0sM.767\/w:auto\/h:auto\/q:mauto\/f:best\/https:\/\/fullsolutions.info\/wp-content\/uploads\/2021\/07\/cropped-Design-sem-nome-300x193-1-e1627062664782.png","contentUrl":"https:\/\/mlhff0prgoxu.i.optimole.com\/cb:s0sM.767\/w:auto\/h:auto\/q:mauto\/f:best\/https:\/\/fullsolutions.info\/wp-content\/uploads\/2021\/07\/cropped-Design-sem-nome-300x193-1-e1627062664782.png","width":202,"height":155,"caption":"Full Solutions"},"image":{"@id":"https:\/\/fullsolutions.info\/#\/schema\/logo\/image\/"},"sameAs":["https:\/\/www.linkedin.com\/company\/full-solutions-equipment"]}]}},"_links":{"self":[{"href":"https:\/\/fullsolutions.info\/en\/wp-json\/wp\/v2\/product\/4301","targetHints":{"allow":["GET"]}}],"collection":[{"href":"https:\/\/fullsolutions.info\/en\/wp-json\/wp\/v2\/product"}],"about":[{"href":"https:\/\/fullsolutions.info\/en\/wp-json\/wp\/v2\/types\/product"}],"replies":[{"embeddable":true,"href":"https:\/\/fullsolutions.info\/en\/wp-json\/wp\/v2\/comments?post=4301"}],"wp:featuredmedia":[{"embeddable":true,"href":"https:\/\/fullsolutions.info\/en\/wp-json\/wp\/v2\/media\/4307"}],"wp:attachment":[{"href":"https:\/\/fullsolutions.info\/en\/wp-json\/wp\/v2\/media?parent=4301"}],"wp:term":[{"taxonomy":"product_brand","embeddable":true,"href":"https:\/\/fullsolutions.info\/en\/wp-json\/wp\/v2\/product_brand?post=4301"},{"taxonomy":"product_cat","embeddable":true,"href":"https:\/\/fullsolutions.info\/en\/wp-json\/wp\/v2\/product_cat?post=4301"},{"taxonomy":"product_tag","embeddable":true,"href":"https:\/\/fullsolutions.info\/en\/wp-json\/wp\/v2\/product_tag?post=4301"},{"taxonomy":"marca","embeddable":true,"href":"https:\/\/fullsolutions.info\/en\/wp-json\/wp\/v2\/marca?post=4301"}],"curies":[{"name":"wp","href":"https:\/\/api.w.org\/{rel}","templated":true}]}}