{"id":4298,"date":"2024-02-02T15:54:49","date_gmt":"2024-02-02T15:54:49","guid":{"rendered":"https:\/\/fullsolutionsequip.com\/?post_type=product&#038;p=4298"},"modified":"2024-02-19T16:12:50","modified_gmt":"2024-02-19T16:12:50","slug":"medidores-de-fluxo-e-densidade-coriolis-de-2-fios","status":"publish","type":"product","link":"https:\/\/fullsolutions.info\/en\/product\/medidores-de-fluxo-e-densidade-coriolis-de-2-fios\/","title":{"rendered":"Medidores de Fluxo e Densidade Coriolis de 2 Fios"},"content":{"rendered":"<p>Os medidores de Coriolis de 2 fios da Micro Motion, com a tecnologia MVD, s\u00e3o os primeiros medidores de Coriolis para medi\u00e7\u00e3o altamente precisa de fluxo de massa e densidade em aplica\u00e7\u00f5es alimentadas em loop. Seu processo se beneficiar\u00e1 desses dispositivos de baixa energia que medem com tanta precis\u00e3o que voc\u00ea pode reduzir desperd\u00edcios e retrabalho, melhorando a qualidade &#8211; e sem a necessidade de cabeamento de energia adicional.<\/p>\n<p>O Medidor de Coriolis de 2 Fios \u00e9 compat\u00edvel com o seguinte transmissor:<\/p>\n<p>Transmissores Modelo 2200S<\/p>\n<p><strong>Recursos e Benef\u00edcios<\/strong><\/p>\n<p><strong>Vantagens da Medi\u00e7\u00e3o de Coriolis:<\/strong><\/p>\n<ul>\n<li>Medi\u00e7\u00e3o direta de fluxo de massa, densidade, concentra\u00e7\u00e3o, e fluxo volum\u00e9trico e temperatura a partir de um \u00fanico dispositivo.<\/li>\n<li>Imune a efeitos de fluido, processo ou ambiente para uma confian\u00e7a de medi\u00e7\u00e3o excelente.<\/li>\n<li>Altamente robusto, adequado para instala\u00e7\u00e3o em qualquer lugar, sem necessidade de condicionamento de fluxo ou tubula\u00e7\u00e3o reta.<\/li>\n<li>Sem pe\u00e7as internas m\u00f3veis resulta em nenhuma manuten\u00e7\u00e3o ou reparo.<\/li>\n<\/ul>\n<p><strong>Aplica\u00e7\u00f5es:<\/strong><\/p>\n<ul>\n<li>Controle geral do processo<\/li>\n<li>Produtos qu\u00edmicos<\/li>\n<li>G\u00e1s<\/li>\n<li>Balan\u00e7o de massa<\/li>\n<li>Monitoramento de qualidade<\/li>\n<\/ul>","protected":false},"excerpt":{"rendered":"<p>Os medidores de Coriolis de 2 fios da Micro Motion, com a tecnologia MVD, s\u00e3o os primeiros medidores de Coriolis para medi\u00e7\u00e3o altamente precisa de fluxo de massa e densidade em aplica\u00e7\u00f5es alimentadas em loop. Seu processo se beneficiar\u00e1 desses dispositivos de baixa energia que medem com tanta precis\u00e3o que voc\u00ea pode reduzir desperd\u00edcios e retrabalho, melhorando a qualidade &#8211; e sem a necessidade de cabeamento de energia adicional. O Medidor de Coriolis de 2 Fios \u00e9 compat\u00edvel com o seguinte transmissor: Transmissores Modelo 2200S Recursos e Benef\u00edcios Vantagens da Medi\u00e7\u00e3o de Coriolis: Medi\u00e7\u00e3o direta de fluxo de massa, densidade, concentra\u00e7\u00e3o, e fluxo volum\u00e9trico e temperatura a partir de um \u00fanico dispositivo. Imune a efeitos de fluido, processo ou ambiente para uma confian\u00e7a de medi\u00e7\u00e3o excelente. Altamente robusto, adequado para instala\u00e7\u00e3o em qualquer lugar, sem necessidade de condicionamento de fluxo ou tubula\u00e7\u00e3o reta. Sem pe\u00e7as internas m\u00f3veis resulta em nenhuma manuten\u00e7\u00e3o ou reparo. Aplica\u00e7\u00f5es: Controle geral do processo Produtos qu\u00edmicos G\u00e1s Balan\u00e7o de massa Monitoramento de qualidade<\/p>","protected":false},"featured_media":4300,"comment_status":"open","ping_status":"closed","template":"","meta":{"_joinchat":[]},"product_brand":[],"product_cat":[146],"product_tag":[],"marca":[148],"class_list":{"0":"post-4298","1":"product","2":"type-product","3":"status-publish","4":"has-post-thumbnail","6":"product_cat-medidores-de-vazao-e-tubos-de-vazao","7":"marca-micro-motion","9":"first","10":"instock","11":"shipping-taxable","12":"purchasable","13":"product-type-simple"},"yoast_head":"<!-- This site is optimized with the Yoast SEO plugin v27.2 - https:\/\/yoast.com\/product\/yoast-seo-wordpress\/ -->\n<title>Medidores de Fluxo e Densidade Coriolis de 2 Fios - Full Solutions<\/title>\n<meta name=\"robots\" content=\"index, follow, max-snippet:-1, max-image-preview:large, max-video-preview:-1\" \/>\n<link rel=\"canonical\" href=\"https:\/\/fullsolutions.info\/en\/product\/medidores-de-fluxo-e-densidade-coriolis-de-2-fios\/\" \/>\n<meta property=\"og:locale\" content=\"en_US\" \/>\n<meta property=\"og:type\" content=\"article\" \/>\n<meta property=\"og:title\" content=\"Medidores de Fluxo e Densidade Coriolis de 2 Fios - Full Solutions\" \/>\n<meta property=\"og:description\" content=\"Os medidores de Coriolis de 2 fios da Micro Motion, com a tecnologia MVD, s\u00e3o os primeiros medidores de Coriolis para medi\u00e7\u00e3o altamente precisa de fluxo de massa e densidade em aplica\u00e7\u00f5es alimentadas em loop. Seu processo se beneficiar\u00e1 desses dispositivos de baixa energia que medem com tanta precis\u00e3o que voc\u00ea pode reduzir desperd\u00edcios e retrabalho, melhorando a qualidade &#8211; e sem a necessidade de cabeamento de energia adicional. O Medidor de Coriolis de 2 Fios \u00e9 compat\u00edvel com o seguinte transmissor: Transmissores Modelo 2200S Recursos e Benef\u00edcios Vantagens da Medi\u00e7\u00e3o de Coriolis: Medi\u00e7\u00e3o direta de fluxo de massa, densidade, concentra\u00e7\u00e3o, e fluxo volum\u00e9trico e temperatura a partir de um \u00fanico dispositivo. Imune a efeitos de fluido, processo ou ambiente para uma confian\u00e7a de medi\u00e7\u00e3o excelente. Altamente robusto, adequado para instala\u00e7\u00e3o em qualquer lugar, sem necessidade de condicionamento de fluxo ou tubula\u00e7\u00e3o reta. Sem pe\u00e7as internas m\u00f3veis resulta em nenhuma manuten\u00e7\u00e3o ou reparo. Aplica\u00e7\u00f5es: Controle geral do processo Produtos qu\u00edmicos G\u00e1s Balan\u00e7o de massa Monitoramento de qualidade\" \/>\n<meta property=\"og:url\" content=\"https:\/\/fullsolutions.info\/en\/product\/medidores-de-fluxo-e-densidade-coriolis-de-2-fios\/\" \/>\n<meta property=\"og:site_name\" content=\"Full Solutions\" \/>\n<meta property=\"article:modified_time\" content=\"2024-02-19T16:12:50+00:00\" \/>\n<meta property=\"og:image\" content=\"https:\/\/mlhff0prgoxu.i.optimole.com\/cb:s0sM.767\/w:auto\/h:auto\/q:mauto\/f:best\/https:\/\/fullsolutions.info\/wp-content\/uploads\/2024\/02\/Micro-motion-2-Wire-Coriolis-Flow-and-Density-Meters.jpg\" \/>\n\t<meta property=\"og:image:width\" content=\"275\" \/>\n\t<meta property=\"og:image:height\" content=\"194\" \/>\n\t<meta property=\"og:image:type\" content=\"image\/jpeg\" \/>\n<meta name=\"twitter:card\" content=\"summary_large_image\" \/>\n<meta name=\"twitter:label1\" content=\"Est. reading time\" \/>\n\t<meta name=\"twitter:data1\" content=\"1 minute\" \/>\n<script type=\"application\/ld+json\" class=\"yoast-schema-graph\">{\"@context\":\"https:\/\/schema.org\",\"@graph\":[{\"@type\":\"WebPage\",\"@id\":\"https:\/\/fullsolutions.info\/produto\/medidores-de-fluxo-e-densidade-coriolis-de-2-fios\/\",\"url\":\"https:\/\/fullsolutions.info\/produto\/medidores-de-fluxo-e-densidade-coriolis-de-2-fios\/\",\"name\":\"Medidores de Fluxo e Densidade Coriolis de 2 Fios - Full Solutions\",\"isPartOf\":{\"@id\":\"https:\/\/fullsolutions.info\/#website\"},\"primaryImageOfPage\":{\"@id\":\"https:\/\/fullsolutions.info\/produto\/medidores-de-fluxo-e-densidade-coriolis-de-2-fios\/#primaryimage\"},\"image\":{\"@id\":\"https:\/\/fullsolutions.info\/produto\/medidores-de-fluxo-e-densidade-coriolis-de-2-fios\/#primaryimage\"},\"thumbnailUrl\":\"https:\/\/mlhff0prgoxu.i.optimole.com\/cb:s0sM.767\/w:auto\/h:auto\/q:mauto\/f:best\/https:\/\/fullsolutions.info\/wp-content\/uploads\/2024\/02\/Micro-motion-2-Wire-Coriolis-Flow-and-Density-Meters.jpg\",\"datePublished\":\"2024-02-02T15:54:49+00:00\",\"dateModified\":\"2024-02-19T16:12:50+00:00\",\"breadcrumb\":{\"@id\":\"https:\/\/fullsolutions.info\/produto\/medidores-de-fluxo-e-densidade-coriolis-de-2-fios\/#breadcrumb\"},\"inLanguage\":\"en-US\",\"potentialAction\":[{\"@type\":\"ReadAction\",\"target\":[\"https:\/\/fullsolutions.info\/produto\/medidores-de-fluxo-e-densidade-coriolis-de-2-fios\/\"]}]},{\"@type\":\"ImageObject\",\"inLanguage\":\"en-US\",\"@id\":\"https:\/\/fullsolutions.info\/produto\/medidores-de-fluxo-e-densidade-coriolis-de-2-fios\/#primaryimage\",\"url\":\"https:\/\/mlhff0prgoxu.i.optimole.com\/cb:s0sM.767\/w:auto\/h:auto\/q:mauto\/f:best\/https:\/\/fullsolutions.info\/wp-content\/uploads\/2024\/02\/Micro-motion-2-Wire-Coriolis-Flow-and-Density-Meters.jpg\",\"contentUrl\":\"https:\/\/mlhff0prgoxu.i.optimole.com\/cb:s0sM.767\/w:auto\/h:auto\/q:mauto\/f:best\/https:\/\/fullsolutions.info\/wp-content\/uploads\/2024\/02\/Micro-motion-2-Wire-Coriolis-Flow-and-Density-Meters.jpg\",\"width\":275,\"height\":194},{\"@type\":\"BreadcrumbList\",\"@id\":\"https:\/\/fullsolutions.info\/produto\/medidores-de-fluxo-e-densidade-coriolis-de-2-fios\/#breadcrumb\",\"itemListElement\":[{\"@type\":\"ListItem\",\"position\":1,\"name\":\"In\u00edcio\",\"item\":\"https:\/\/fullsolutions.info\/\"},{\"@type\":\"ListItem\",\"position\":2,\"name\":\"Produtos\",\"item\":\"https:\/\/fullsolutions.info\/shop\/\"},{\"@type\":\"ListItem\",\"position\":3,\"name\":\"Medidores de Fluxo e Densidade Coriolis de 2 Fios\"}]},{\"@type\":\"WebSite\",\"@id\":\"https:\/\/fullsolutions.info\/#website\",\"url\":\"https:\/\/fullsolutions.info\/\",\"name\":\"Full Solutions\",\"description\":\"Empresa na \u00c1rea de Procurement\",\"publisher\":{\"@id\":\"https:\/\/fullsolutions.info\/#organization\"},\"potentialAction\":[{\"@type\":\"SearchAction\",\"target\":{\"@type\":\"EntryPoint\",\"urlTemplate\":\"https:\/\/fullsolutions.info\/?s={search_term_string}\"},\"query-input\":{\"@type\":\"PropertyValueSpecification\",\"valueRequired\":true,\"valueName\":\"search_term_string\"}}],\"inLanguage\":\"en-US\"},{\"@type\":\"Organization\",\"@id\":\"https:\/\/fullsolutions.info\/#organization\",\"name\":\"Full Solutions\",\"url\":\"https:\/\/fullsolutions.info\/\",\"logo\":{\"@type\":\"ImageObject\",\"inLanguage\":\"en-US\",\"@id\":\"https:\/\/fullsolutions.info\/#\/schema\/logo\/image\/\",\"url\":\"https:\/\/mlhff0prgoxu.i.optimole.com\/cb:s0sM.767\/w:auto\/h:auto\/q:mauto\/f:best\/https:\/\/fullsolutions.info\/wp-content\/uploads\/2021\/07\/cropped-Design-sem-nome-300x193-1-e1627062664782.png\",\"contentUrl\":\"https:\/\/mlhff0prgoxu.i.optimole.com\/cb:s0sM.767\/w:auto\/h:auto\/q:mauto\/f:best\/https:\/\/fullsolutions.info\/wp-content\/uploads\/2021\/07\/cropped-Design-sem-nome-300x193-1-e1627062664782.png\",\"width\":202,\"height\":155,\"caption\":\"Full Solutions\"},\"image\":{\"@id\":\"https:\/\/fullsolutions.info\/#\/schema\/logo\/image\/\"},\"sameAs\":[\"https:\/\/www.linkedin.com\/company\/full-solutions-equipment\"]}]}<\/script>\n<!-- \/ Yoast SEO plugin. -->","yoast_head_json":{"title":"Medidores de Fluxo e Densidade Coriolis de 2 Fios - Full Solutions","robots":{"index":"index","follow":"follow","max-snippet":"max-snippet:-1","max-image-preview":"max-image-preview:large","max-video-preview":"max-video-preview:-1"},"canonical":"https:\/\/fullsolutions.info\/en\/product\/medidores-de-fluxo-e-densidade-coriolis-de-2-fios\/","og_locale":"en_US","og_type":"article","og_title":"Medidores de Fluxo e Densidade Coriolis de 2 Fios - Full Solutions","og_description":"Os medidores de Coriolis de 2 fios da Micro Motion, com a tecnologia MVD, s\u00e3o os primeiros medidores de Coriolis para medi\u00e7\u00e3o altamente precisa de fluxo de massa e densidade em aplica\u00e7\u00f5es alimentadas em loop. Seu processo se beneficiar\u00e1 desses dispositivos de baixa energia que medem com tanta precis\u00e3o que voc\u00ea pode reduzir desperd\u00edcios e retrabalho, melhorando a qualidade &#8211; e sem a necessidade de cabeamento de energia adicional. O Medidor de Coriolis de 2 Fios \u00e9 compat\u00edvel com o seguinte transmissor: Transmissores Modelo 2200S Recursos e Benef\u00edcios Vantagens da Medi\u00e7\u00e3o de Coriolis: Medi\u00e7\u00e3o direta de fluxo de massa, densidade, concentra\u00e7\u00e3o, e fluxo volum\u00e9trico e temperatura a partir de um \u00fanico dispositivo. Imune a efeitos de fluido, processo ou ambiente para uma confian\u00e7a de medi\u00e7\u00e3o excelente. Altamente robusto, adequado para instala\u00e7\u00e3o em qualquer lugar, sem necessidade de condicionamento de fluxo ou tubula\u00e7\u00e3o reta. Sem pe\u00e7as internas m\u00f3veis resulta em nenhuma manuten\u00e7\u00e3o ou reparo. Aplica\u00e7\u00f5es: Controle geral do processo Produtos qu\u00edmicos G\u00e1s Balan\u00e7o de massa Monitoramento de qualidade","og_url":"https:\/\/fullsolutions.info\/en\/product\/medidores-de-fluxo-e-densidade-coriolis-de-2-fios\/","og_site_name":"Full Solutions","article_modified_time":"2024-02-19T16:12:50+00:00","og_image":[{"width":275,"height":194,"url":"https:\/\/mlhff0prgoxu.i.optimole.com\/cb:s0sM.767\/w:auto\/h:auto\/q:mauto\/f:best\/https:\/\/fullsolutions.info\/wp-content\/uploads\/2024\/02\/Micro-motion-2-Wire-Coriolis-Flow-and-Density-Meters.jpg","type":"image\/jpeg"}],"twitter_card":"summary_large_image","twitter_misc":{"Est. reading time":"1 minute"},"schema":{"@context":"https:\/\/schema.org","@graph":[{"@type":"WebPage","@id":"https:\/\/fullsolutions.info\/produto\/medidores-de-fluxo-e-densidade-coriolis-de-2-fios\/","url":"https:\/\/fullsolutions.info\/produto\/medidores-de-fluxo-e-densidade-coriolis-de-2-fios\/","name":"Medidores de Fluxo e Densidade Coriolis de 2 Fios - Full Solutions","isPartOf":{"@id":"https:\/\/fullsolutions.info\/#website"},"primaryImageOfPage":{"@id":"https:\/\/fullsolutions.info\/produto\/medidores-de-fluxo-e-densidade-coriolis-de-2-fios\/#primaryimage"},"image":{"@id":"https:\/\/fullsolutions.info\/produto\/medidores-de-fluxo-e-densidade-coriolis-de-2-fios\/#primaryimage"},"thumbnailUrl":"https:\/\/mlhff0prgoxu.i.optimole.com\/cb:s0sM.767\/w:auto\/h:auto\/q:mauto\/f:best\/https:\/\/fullsolutions.info\/wp-content\/uploads\/2024\/02\/Micro-motion-2-Wire-Coriolis-Flow-and-Density-Meters.jpg","datePublished":"2024-02-02T15:54:49+00:00","dateModified":"2024-02-19T16:12:50+00:00","breadcrumb":{"@id":"https:\/\/fullsolutions.info\/produto\/medidores-de-fluxo-e-densidade-coriolis-de-2-fios\/#breadcrumb"},"inLanguage":"en-US","potentialAction":[{"@type":"ReadAction","target":["https:\/\/fullsolutions.info\/produto\/medidores-de-fluxo-e-densidade-coriolis-de-2-fios\/"]}]},{"@type":"ImageObject","inLanguage":"en-US","@id":"https:\/\/fullsolutions.info\/produto\/medidores-de-fluxo-e-densidade-coriolis-de-2-fios\/#primaryimage","url":"https:\/\/mlhff0prgoxu.i.optimole.com\/cb:s0sM.767\/w:auto\/h:auto\/q:mauto\/f:best\/https:\/\/fullsolutions.info\/wp-content\/uploads\/2024\/02\/Micro-motion-2-Wire-Coriolis-Flow-and-Density-Meters.jpg","contentUrl":"https:\/\/mlhff0prgoxu.i.optimole.com\/cb:s0sM.767\/w:auto\/h:auto\/q:mauto\/f:best\/https:\/\/fullsolutions.info\/wp-content\/uploads\/2024\/02\/Micro-motion-2-Wire-Coriolis-Flow-and-Density-Meters.jpg","width":275,"height":194},{"@type":"BreadcrumbList","@id":"https:\/\/fullsolutions.info\/produto\/medidores-de-fluxo-e-densidade-coriolis-de-2-fios\/#breadcrumb","itemListElement":[{"@type":"ListItem","position":1,"name":"In\u00edcio","item":"https:\/\/fullsolutions.info\/"},{"@type":"ListItem","position":2,"name":"Produtos","item":"https:\/\/fullsolutions.info\/shop\/"},{"@type":"ListItem","position":3,"name":"Medidores de Fluxo e Densidade Coriolis de 2 Fios"}]},{"@type":"WebSite","@id":"https:\/\/fullsolutions.info\/#website","url":"https:\/\/fullsolutions.info\/","name":"Full Solutions","description":"Empresa na \u00c1rea de Procurement","publisher":{"@id":"https:\/\/fullsolutions.info\/#organization"},"potentialAction":[{"@type":"SearchAction","target":{"@type":"EntryPoint","urlTemplate":"https:\/\/fullsolutions.info\/?s={search_term_string}"},"query-input":{"@type":"PropertyValueSpecification","valueRequired":true,"valueName":"search_term_string"}}],"inLanguage":"en-US"},{"@type":"Organization","@id":"https:\/\/fullsolutions.info\/#organization","name":"Full Solutions","url":"https:\/\/fullsolutions.info\/","logo":{"@type":"ImageObject","inLanguage":"en-US","@id":"https:\/\/fullsolutions.info\/#\/schema\/logo\/image\/","url":"https:\/\/mlhff0prgoxu.i.optimole.com\/cb:s0sM.767\/w:auto\/h:auto\/q:mauto\/f:best\/https:\/\/fullsolutions.info\/wp-content\/uploads\/2021\/07\/cropped-Design-sem-nome-300x193-1-e1627062664782.png","contentUrl":"https:\/\/mlhff0prgoxu.i.optimole.com\/cb:s0sM.767\/w:auto\/h:auto\/q:mauto\/f:best\/https:\/\/fullsolutions.info\/wp-content\/uploads\/2021\/07\/cropped-Design-sem-nome-300x193-1-e1627062664782.png","width":202,"height":155,"caption":"Full Solutions"},"image":{"@id":"https:\/\/fullsolutions.info\/#\/schema\/logo\/image\/"},"sameAs":["https:\/\/www.linkedin.com\/company\/full-solutions-equipment"]}]}},"_links":{"self":[{"href":"https:\/\/fullsolutions.info\/en\/wp-json\/wp\/v2\/product\/4298","targetHints":{"allow":["GET"]}}],"collection":[{"href":"https:\/\/fullsolutions.info\/en\/wp-json\/wp\/v2\/product"}],"about":[{"href":"https:\/\/fullsolutions.info\/en\/wp-json\/wp\/v2\/types\/product"}],"replies":[{"embeddable":true,"href":"https:\/\/fullsolutions.info\/en\/wp-json\/wp\/v2\/comments?post=4298"}],"wp:featuredmedia":[{"embeddable":true,"href":"https:\/\/fullsolutions.info\/en\/wp-json\/wp\/v2\/media\/4300"}],"wp:attachment":[{"href":"https:\/\/fullsolutions.info\/en\/wp-json\/wp\/v2\/media?parent=4298"}],"wp:term":[{"taxonomy":"product_brand","embeddable":true,"href":"https:\/\/fullsolutions.info\/en\/wp-json\/wp\/v2\/product_brand?post=4298"},{"taxonomy":"product_cat","embeddable":true,"href":"https:\/\/fullsolutions.info\/en\/wp-json\/wp\/v2\/product_cat?post=4298"},{"taxonomy":"product_tag","embeddable":true,"href":"https:\/\/fullsolutions.info\/en\/wp-json\/wp\/v2\/product_tag?post=4298"},{"taxonomy":"marca","embeddable":true,"href":"https:\/\/fullsolutions.info\/en\/wp-json\/wp\/v2\/marca?post=4298"}],"curies":[{"name":"wp","href":"https:\/\/api.w.org\/{rel}","templated":true}]}}