{"id":4296,"date":"2024-02-02T15:49:16","date_gmt":"2024-02-02T15:49:16","guid":{"rendered":"https:\/\/fullsolutionsequip.com\/?post_type=product&#038;p=4296"},"modified":"2024-02-19T16:12:50","modified_gmt":"2024-02-19T16:12:50","slug":"medidor-de-vazao-magnetico-8750w-para-aplicacoes-de-servicos-publicos-de-agua","status":"publish","type":"product","link":"https:\/\/fullsolutions.info\/en\/product\/medidor-de-vazao-magnetico-8750w-para-aplicacoes-de-servicos-publicos-de-agua\/","title":{"rendered":"Medidor de Vaz\u00e3o Magn\u00e9tico 8750W Para Aplica\u00e7\u00f5es de Servi\u00e7os P\u00fablicos de \u00c1gua"},"content":{"rendered":"<p>Desempenho, confiabilidade e diagn\u00f3sticos inteligentes tornam os Medidores de Fluxo Rosemount a solu\u00e7\u00e3o superior projetada especificamente para medi\u00e7\u00e3o de fluxo em servi\u00e7os p\u00fablicos. O design robusto e f\u00e1cil de usar proporciona a confiabilidade e precis\u00e3o necess\u00e1rias para manter o seu processo em funcionamento.<\/p>\n<p><strong>Aplica\u00e7\u00f5es<\/strong><\/p>\n<p>O Medidor de Fluxo Magn\u00e9tico Rosemount 8750W \u00e9 a solu\u00e7\u00e3o ideal para medir \u00e1gua em aplica\u00e7\u00f5es de servi\u00e7os p\u00fablicos. O sensor totalmente soldado suporta vibra\u00e7\u00f5es, e a carca\u00e7a de dupla c\u00e2mara mant\u00e9m os componentes eletr\u00f4nicos livres de umidade, reduzindo os custos ao longo do ciclo de vida e maximizando o tempo de atividade do processo. Cada medidor \u00e9 testado na f\u00e1brica, pronto para instala\u00e7\u00e3o. Diagn\u00f3sticos avan\u00e7ados opcionais ajudam a evitar paradas n\u00e3o planejadas. O Rosemount 8750W tamb\u00e9m pode incluir uma interface local de operador f\u00e1cil de usar que facilita decis\u00f5es informadas de gerenciamento de processos no ponto de medi\u00e7\u00e3o.<\/p>","protected":false},"excerpt":{"rendered":"<p>Desempenho, confiabilidade e diagn\u00f3sticos inteligentes tornam os Medidores de Fluxo Rosemount a solu\u00e7\u00e3o superior projetada especificamente para medi\u00e7\u00e3o de fluxo em servi\u00e7os p\u00fablicos. O design robusto e f\u00e1cil de usar proporciona a confiabilidade e precis\u00e3o necess\u00e1rias para manter o seu processo em funcionamento. Aplica\u00e7\u00f5es O Medidor de Fluxo Magn\u00e9tico Rosemount 8750W \u00e9 a solu\u00e7\u00e3o ideal para medir \u00e1gua em aplica\u00e7\u00f5es de servi\u00e7os p\u00fablicos. O sensor totalmente soldado suporta vibra\u00e7\u00f5es, e a carca\u00e7a de dupla c\u00e2mara mant\u00e9m os componentes eletr\u00f4nicos livres de umidade, reduzindo os custos ao longo do ciclo de vida e maximizando o tempo de atividade do processo. Cada medidor \u00e9 testado na f\u00e1brica, pronto para instala\u00e7\u00e3o. Diagn\u00f3sticos avan\u00e7ados opcionais ajudam a evitar paradas n\u00e3o planejadas. O Rosemount 8750W tamb\u00e9m pode incluir uma interface local de operador f\u00e1cil de usar que facilita decis\u00f5es informadas de gerenciamento de processos no ponto de medi\u00e7\u00e3o.<\/p>","protected":false},"featured_media":4297,"comment_status":"open","ping_status":"closed","template":"","meta":{"_joinchat":[]},"product_brand":[],"product_cat":[146],"product_tag":[],"marca":[141],"class_list":{"0":"post-4296","1":"product","2":"type-product","3":"status-publish","4":"has-post-thumbnail","6":"product_cat-medidores-de-vazao-e-tubos-de-vazao","7":"marca-rosemount","9":"first","10":"instock","11":"shipping-taxable","12":"purchasable","13":"product-type-simple"},"yoast_head":"<!-- This site is optimized with the Yoast SEO plugin v27.2 - https:\/\/yoast.com\/product\/yoast-seo-wordpress\/ -->\n<title>Medidor de Vaz\u00e3o Magn\u00e9tico 8750W Para Aplica\u00e7\u00f5es de Servi\u00e7os P\u00fablicos de \u00c1gua - Full Solutions<\/title>\n<meta name=\"robots\" content=\"index, follow, max-snippet:-1, max-image-preview:large, max-video-preview:-1\" \/>\n<link rel=\"canonical\" href=\"https:\/\/fullsolutions.info\/en\/product\/medidor-de-vazao-magnetico-8750w-para-aplicacoes-de-servicos-publicos-de-agua\/\" \/>\n<meta property=\"og:locale\" content=\"en_US\" \/>\n<meta property=\"og:type\" content=\"article\" \/>\n<meta property=\"og:title\" content=\"Medidor de Vaz\u00e3o Magn\u00e9tico 8750W Para Aplica\u00e7\u00f5es de Servi\u00e7os P\u00fablicos de \u00c1gua - Full Solutions\" \/>\n<meta property=\"og:description\" content=\"Desempenho, confiabilidade e diagn\u00f3sticos inteligentes tornam os Medidores de Fluxo Rosemount a solu\u00e7\u00e3o superior projetada especificamente para medi\u00e7\u00e3o de fluxo em servi\u00e7os p\u00fablicos. O design robusto e f\u00e1cil de usar proporciona a confiabilidade e precis\u00e3o necess\u00e1rias para manter o seu processo em funcionamento. Aplica\u00e7\u00f5es O Medidor de Fluxo Magn\u00e9tico Rosemount 8750W \u00e9 a solu\u00e7\u00e3o ideal para medir \u00e1gua em aplica\u00e7\u00f5es de servi\u00e7os p\u00fablicos. O sensor totalmente soldado suporta vibra\u00e7\u00f5es, e a carca\u00e7a de dupla c\u00e2mara mant\u00e9m os componentes eletr\u00f4nicos livres de umidade, reduzindo os custos ao longo do ciclo de vida e maximizando o tempo de atividade do processo. Cada medidor \u00e9 testado na f\u00e1brica, pronto para instala\u00e7\u00e3o. Diagn\u00f3sticos avan\u00e7ados opcionais ajudam a evitar paradas n\u00e3o planejadas. O Rosemount 8750W tamb\u00e9m pode incluir uma interface local de operador f\u00e1cil de usar que facilita decis\u00f5es informadas de gerenciamento de processos no ponto de medi\u00e7\u00e3o.\" \/>\n<meta property=\"og:url\" content=\"https:\/\/fullsolutions.info\/en\/product\/medidor-de-vazao-magnetico-8750w-para-aplicacoes-de-servicos-publicos-de-agua\/\" \/>\n<meta property=\"og:site_name\" content=\"Full Solutions\" \/>\n<meta property=\"article:modified_time\" content=\"2024-02-19T16:12:50+00:00\" \/>\n<meta property=\"og:image\" content=\"https:\/\/mlhff0prgoxu.i.optimole.com\/cb:s0sM.767\/w:auto\/h:auto\/q:mauto\/f:best\/https:\/\/fullsolutions.info\/wp-content\/uploads\/2024\/02\/Rosemount-8750W.jpg\" \/>\n\t<meta property=\"og:image:width\" content=\"238\" \/>\n\t<meta property=\"og:image:height\" content=\"235\" \/>\n\t<meta property=\"og:image:type\" content=\"image\/jpeg\" \/>\n<meta name=\"twitter:card\" content=\"summary_large_image\" \/>\n<meta name=\"twitter:label1\" content=\"Est. reading time\" \/>\n\t<meta name=\"twitter:data1\" content=\"1 minute\" \/>\n<script type=\"application\/ld+json\" class=\"yoast-schema-graph\">{\"@context\":\"https:\/\/schema.org\",\"@graph\":[{\"@type\":\"WebPage\",\"@id\":\"https:\/\/fullsolutions.info\/produto\/medidor-de-vazao-magnetico-8750w-para-aplicacoes-de-servicos-publicos-de-agua\/\",\"url\":\"https:\/\/fullsolutions.info\/produto\/medidor-de-vazao-magnetico-8750w-para-aplicacoes-de-servicos-publicos-de-agua\/\",\"name\":\"Medidor de Vaz\u00e3o Magn\u00e9tico 8750W Para Aplica\u00e7\u00f5es de Servi\u00e7os P\u00fablicos de \u00c1gua - Full Solutions\",\"isPartOf\":{\"@id\":\"https:\/\/fullsolutions.info\/#website\"},\"primaryImageOfPage\":{\"@id\":\"https:\/\/fullsolutions.info\/produto\/medidor-de-vazao-magnetico-8750w-para-aplicacoes-de-servicos-publicos-de-agua\/#primaryimage\"},\"image\":{\"@id\":\"https:\/\/fullsolutions.info\/produto\/medidor-de-vazao-magnetico-8750w-para-aplicacoes-de-servicos-publicos-de-agua\/#primaryimage\"},\"thumbnailUrl\":\"https:\/\/mlhff0prgoxu.i.optimole.com\/cb:s0sM.767\/w:auto\/h:auto\/q:mauto\/f:best\/https:\/\/fullsolutions.info\/wp-content\/uploads\/2024\/02\/Rosemount-8750W.jpg\",\"datePublished\":\"2024-02-02T15:49:16+00:00\",\"dateModified\":\"2024-02-19T16:12:50+00:00\",\"breadcrumb\":{\"@id\":\"https:\/\/fullsolutions.info\/produto\/medidor-de-vazao-magnetico-8750w-para-aplicacoes-de-servicos-publicos-de-agua\/#breadcrumb\"},\"inLanguage\":\"en-US\",\"potentialAction\":[{\"@type\":\"ReadAction\",\"target\":[\"https:\/\/fullsolutions.info\/produto\/medidor-de-vazao-magnetico-8750w-para-aplicacoes-de-servicos-publicos-de-agua\/\"]}]},{\"@type\":\"ImageObject\",\"inLanguage\":\"en-US\",\"@id\":\"https:\/\/fullsolutions.info\/produto\/medidor-de-vazao-magnetico-8750w-para-aplicacoes-de-servicos-publicos-de-agua\/#primaryimage\",\"url\":\"https:\/\/mlhff0prgoxu.i.optimole.com\/cb:s0sM.767\/w:auto\/h:auto\/q:mauto\/f:best\/https:\/\/fullsolutions.info\/wp-content\/uploads\/2024\/02\/Rosemount-8750W.jpg\",\"contentUrl\":\"https:\/\/mlhff0prgoxu.i.optimole.com\/cb:s0sM.767\/w:auto\/h:auto\/q:mauto\/f:best\/https:\/\/fullsolutions.info\/wp-content\/uploads\/2024\/02\/Rosemount-8750W.jpg\",\"width\":238,\"height\":235},{\"@type\":\"BreadcrumbList\",\"@id\":\"https:\/\/fullsolutions.info\/produto\/medidor-de-vazao-magnetico-8750w-para-aplicacoes-de-servicos-publicos-de-agua\/#breadcrumb\",\"itemListElement\":[{\"@type\":\"ListItem\",\"position\":1,\"name\":\"In\u00edcio\",\"item\":\"https:\/\/fullsolutions.info\/\"},{\"@type\":\"ListItem\",\"position\":2,\"name\":\"Produtos\",\"item\":\"https:\/\/fullsolutions.info\/shop\/\"},{\"@type\":\"ListItem\",\"position\":3,\"name\":\"Medidor de Vaz\u00e3o Magn\u00e9tico 8750W Para Aplica\u00e7\u00f5es de Servi\u00e7os P\u00fablicos de \u00c1gua\"}]},{\"@type\":\"WebSite\",\"@id\":\"https:\/\/fullsolutions.info\/#website\",\"url\":\"https:\/\/fullsolutions.info\/\",\"name\":\"Full Solutions\",\"description\":\"Empresa na \u00c1rea de Procurement\",\"publisher\":{\"@id\":\"https:\/\/fullsolutions.info\/#organization\"},\"potentialAction\":[{\"@type\":\"SearchAction\",\"target\":{\"@type\":\"EntryPoint\",\"urlTemplate\":\"https:\/\/fullsolutions.info\/?s={search_term_string}\"},\"query-input\":{\"@type\":\"PropertyValueSpecification\",\"valueRequired\":true,\"valueName\":\"search_term_string\"}}],\"inLanguage\":\"en-US\"},{\"@type\":\"Organization\",\"@id\":\"https:\/\/fullsolutions.info\/#organization\",\"name\":\"Full Solutions\",\"url\":\"https:\/\/fullsolutions.info\/\",\"logo\":{\"@type\":\"ImageObject\",\"inLanguage\":\"en-US\",\"@id\":\"https:\/\/fullsolutions.info\/#\/schema\/logo\/image\/\",\"url\":\"https:\/\/mlhff0prgoxu.i.optimole.com\/cb:s0sM.767\/w:auto\/h:auto\/q:mauto\/f:best\/https:\/\/fullsolutions.info\/wp-content\/uploads\/2021\/07\/cropped-Design-sem-nome-300x193-1-e1627062664782.png\",\"contentUrl\":\"https:\/\/mlhff0prgoxu.i.optimole.com\/cb:s0sM.767\/w:auto\/h:auto\/q:mauto\/f:best\/https:\/\/fullsolutions.info\/wp-content\/uploads\/2021\/07\/cropped-Design-sem-nome-300x193-1-e1627062664782.png\",\"width\":202,\"height\":155,\"caption\":\"Full Solutions\"},\"image\":{\"@id\":\"https:\/\/fullsolutions.info\/#\/schema\/logo\/image\/\"},\"sameAs\":[\"https:\/\/www.linkedin.com\/company\/full-solutions-equipment\"]}]}<\/script>\n<!-- \/ Yoast SEO plugin. -->","yoast_head_json":{"title":"Medidor de Vaz\u00e3o Magn\u00e9tico 8750W Para Aplica\u00e7\u00f5es de Servi\u00e7os P\u00fablicos de \u00c1gua - Full Solutions","robots":{"index":"index","follow":"follow","max-snippet":"max-snippet:-1","max-image-preview":"max-image-preview:large","max-video-preview":"max-video-preview:-1"},"canonical":"https:\/\/fullsolutions.info\/en\/product\/medidor-de-vazao-magnetico-8750w-para-aplicacoes-de-servicos-publicos-de-agua\/","og_locale":"en_US","og_type":"article","og_title":"Medidor de Vaz\u00e3o Magn\u00e9tico 8750W Para Aplica\u00e7\u00f5es de Servi\u00e7os P\u00fablicos de \u00c1gua - Full Solutions","og_description":"Desempenho, confiabilidade e diagn\u00f3sticos inteligentes tornam os Medidores de Fluxo Rosemount a solu\u00e7\u00e3o superior projetada especificamente para medi\u00e7\u00e3o de fluxo em servi\u00e7os p\u00fablicos. O design robusto e f\u00e1cil de usar proporciona a confiabilidade e precis\u00e3o necess\u00e1rias para manter o seu processo em funcionamento. Aplica\u00e7\u00f5es O Medidor de Fluxo Magn\u00e9tico Rosemount 8750W \u00e9 a solu\u00e7\u00e3o ideal para medir \u00e1gua em aplica\u00e7\u00f5es de servi\u00e7os p\u00fablicos. O sensor totalmente soldado suporta vibra\u00e7\u00f5es, e a carca\u00e7a de dupla c\u00e2mara mant\u00e9m os componentes eletr\u00f4nicos livres de umidade, reduzindo os custos ao longo do ciclo de vida e maximizando o tempo de atividade do processo. Cada medidor \u00e9 testado na f\u00e1brica, pronto para instala\u00e7\u00e3o. Diagn\u00f3sticos avan\u00e7ados opcionais ajudam a evitar paradas n\u00e3o planejadas. O Rosemount 8750W tamb\u00e9m pode incluir uma interface local de operador f\u00e1cil de usar que facilita decis\u00f5es informadas de gerenciamento de processos no ponto de medi\u00e7\u00e3o.","og_url":"https:\/\/fullsolutions.info\/en\/product\/medidor-de-vazao-magnetico-8750w-para-aplicacoes-de-servicos-publicos-de-agua\/","og_site_name":"Full Solutions","article_modified_time":"2024-02-19T16:12:50+00:00","og_image":[{"width":238,"height":235,"url":"https:\/\/mlhff0prgoxu.i.optimole.com\/cb:s0sM.767\/w:auto\/h:auto\/q:mauto\/f:best\/https:\/\/fullsolutions.info\/wp-content\/uploads\/2024\/02\/Rosemount-8750W.jpg","type":"image\/jpeg"}],"twitter_card":"summary_large_image","twitter_misc":{"Est. reading time":"1 minute"},"schema":{"@context":"https:\/\/schema.org","@graph":[{"@type":"WebPage","@id":"https:\/\/fullsolutions.info\/produto\/medidor-de-vazao-magnetico-8750w-para-aplicacoes-de-servicos-publicos-de-agua\/","url":"https:\/\/fullsolutions.info\/produto\/medidor-de-vazao-magnetico-8750w-para-aplicacoes-de-servicos-publicos-de-agua\/","name":"Medidor de Vaz\u00e3o Magn\u00e9tico 8750W Para Aplica\u00e7\u00f5es de Servi\u00e7os P\u00fablicos de \u00c1gua - Full Solutions","isPartOf":{"@id":"https:\/\/fullsolutions.info\/#website"},"primaryImageOfPage":{"@id":"https:\/\/fullsolutions.info\/produto\/medidor-de-vazao-magnetico-8750w-para-aplicacoes-de-servicos-publicos-de-agua\/#primaryimage"},"image":{"@id":"https:\/\/fullsolutions.info\/produto\/medidor-de-vazao-magnetico-8750w-para-aplicacoes-de-servicos-publicos-de-agua\/#primaryimage"},"thumbnailUrl":"https:\/\/mlhff0prgoxu.i.optimole.com\/cb:s0sM.767\/w:auto\/h:auto\/q:mauto\/f:best\/https:\/\/fullsolutions.info\/wp-content\/uploads\/2024\/02\/Rosemount-8750W.jpg","datePublished":"2024-02-02T15:49:16+00:00","dateModified":"2024-02-19T16:12:50+00:00","breadcrumb":{"@id":"https:\/\/fullsolutions.info\/produto\/medidor-de-vazao-magnetico-8750w-para-aplicacoes-de-servicos-publicos-de-agua\/#breadcrumb"},"inLanguage":"en-US","potentialAction":[{"@type":"ReadAction","target":["https:\/\/fullsolutions.info\/produto\/medidor-de-vazao-magnetico-8750w-para-aplicacoes-de-servicos-publicos-de-agua\/"]}]},{"@type":"ImageObject","inLanguage":"en-US","@id":"https:\/\/fullsolutions.info\/produto\/medidor-de-vazao-magnetico-8750w-para-aplicacoes-de-servicos-publicos-de-agua\/#primaryimage","url":"https:\/\/mlhff0prgoxu.i.optimole.com\/cb:s0sM.767\/w:auto\/h:auto\/q:mauto\/f:best\/https:\/\/fullsolutions.info\/wp-content\/uploads\/2024\/02\/Rosemount-8750W.jpg","contentUrl":"https:\/\/mlhff0prgoxu.i.optimole.com\/cb:s0sM.767\/w:auto\/h:auto\/q:mauto\/f:best\/https:\/\/fullsolutions.info\/wp-content\/uploads\/2024\/02\/Rosemount-8750W.jpg","width":238,"height":235},{"@type":"BreadcrumbList","@id":"https:\/\/fullsolutions.info\/produto\/medidor-de-vazao-magnetico-8750w-para-aplicacoes-de-servicos-publicos-de-agua\/#breadcrumb","itemListElement":[{"@type":"ListItem","position":1,"name":"In\u00edcio","item":"https:\/\/fullsolutions.info\/"},{"@type":"ListItem","position":2,"name":"Produtos","item":"https:\/\/fullsolutions.info\/shop\/"},{"@type":"ListItem","position":3,"name":"Medidor de Vaz\u00e3o Magn\u00e9tico 8750W Para Aplica\u00e7\u00f5es de Servi\u00e7os P\u00fablicos de \u00c1gua"}]},{"@type":"WebSite","@id":"https:\/\/fullsolutions.info\/#website","url":"https:\/\/fullsolutions.info\/","name":"Full Solutions","description":"Empresa na \u00c1rea de Procurement","publisher":{"@id":"https:\/\/fullsolutions.info\/#organization"},"potentialAction":[{"@type":"SearchAction","target":{"@type":"EntryPoint","urlTemplate":"https:\/\/fullsolutions.info\/?s={search_term_string}"},"query-input":{"@type":"PropertyValueSpecification","valueRequired":true,"valueName":"search_term_string"}}],"inLanguage":"en-US"},{"@type":"Organization","@id":"https:\/\/fullsolutions.info\/#organization","name":"Full Solutions","url":"https:\/\/fullsolutions.info\/","logo":{"@type":"ImageObject","inLanguage":"en-US","@id":"https:\/\/fullsolutions.info\/#\/schema\/logo\/image\/","url":"https:\/\/mlhff0prgoxu.i.optimole.com\/cb:s0sM.767\/w:auto\/h:auto\/q:mauto\/f:best\/https:\/\/fullsolutions.info\/wp-content\/uploads\/2021\/07\/cropped-Design-sem-nome-300x193-1-e1627062664782.png","contentUrl":"https:\/\/mlhff0prgoxu.i.optimole.com\/cb:s0sM.767\/w:auto\/h:auto\/q:mauto\/f:best\/https:\/\/fullsolutions.info\/wp-content\/uploads\/2021\/07\/cropped-Design-sem-nome-300x193-1-e1627062664782.png","width":202,"height":155,"caption":"Full Solutions"},"image":{"@id":"https:\/\/fullsolutions.info\/#\/schema\/logo\/image\/"},"sameAs":["https:\/\/www.linkedin.com\/company\/full-solutions-equipment"]}]}},"_links":{"self":[{"href":"https:\/\/fullsolutions.info\/en\/wp-json\/wp\/v2\/product\/4296","targetHints":{"allow":["GET"]}}],"collection":[{"href":"https:\/\/fullsolutions.info\/en\/wp-json\/wp\/v2\/product"}],"about":[{"href":"https:\/\/fullsolutions.info\/en\/wp-json\/wp\/v2\/types\/product"}],"replies":[{"embeddable":true,"href":"https:\/\/fullsolutions.info\/en\/wp-json\/wp\/v2\/comments?post=4296"}],"wp:featuredmedia":[{"embeddable":true,"href":"https:\/\/fullsolutions.info\/en\/wp-json\/wp\/v2\/media\/4297"}],"wp:attachment":[{"href":"https:\/\/fullsolutions.info\/en\/wp-json\/wp\/v2\/media?parent=4296"}],"wp:term":[{"taxonomy":"product_brand","embeddable":true,"href":"https:\/\/fullsolutions.info\/en\/wp-json\/wp\/v2\/product_brand?post=4296"},{"taxonomy":"product_cat","embeddable":true,"href":"https:\/\/fullsolutions.info\/en\/wp-json\/wp\/v2\/product_cat?post=4296"},{"taxonomy":"product_tag","embeddable":true,"href":"https:\/\/fullsolutions.info\/en\/wp-json\/wp\/v2\/product_tag?post=4296"},{"taxonomy":"marca","embeddable":true,"href":"https:\/\/fullsolutions.info\/en\/wp-json\/wp\/v2\/marca?post=4296"}],"curies":[{"name":"wp","href":"https:\/\/api.w.org\/{rel}","templated":true}]}}