{"id":4293,"date":"2024-02-02T15:44:39","date_gmt":"2024-02-02T15:44:39","guid":{"rendered":"https:\/\/fullsolutionsequip.com\/?post_type=product&#038;p=4293"},"modified":"2024-02-19T16:12:50","modified_gmt":"2024-02-19T16:12:50","slug":"medidores-de-fluxo-magnetico-8700","status":"publish","type":"product","link":"https:\/\/fullsolutions.info\/en\/product\/medidores-de-fluxo-magnetico-8700\/","title":{"rendered":"Medidores de Fluxo Magn\u00e9tico 8700"},"content":{"rendered":"<p>Os Diagn\u00f3sticos Avan\u00e7ados Rosemount 8700 oferecem mais informa\u00e7\u00f5es sobre instrumentos e processos do que qualquer outro medidor de fluxo magn\u00e9tico dispon\u00edvel no mercado. Essas informa\u00e7\u00f5es possibilitam uma tomada de decis\u00e3o e gest\u00e3o de planta mais eficientes.<\/p>\n<p>Esta su\u00edte de diagn\u00f3sticos permite melhorar pr\u00e1ticas, fornecendo um pacote abrangente de informa\u00e7\u00f5es sobre instrumentos e processos. As informa\u00e7\u00f5es avan\u00e7adas do processo ajudar\u00e3o a reduzir o tempo de comissionamento, melhorar o controle do processo e aumentar a confiabilidade a longo prazo das medi\u00e7\u00f5es de fluxo. As informa\u00e7\u00f5es avan\u00e7adas do instrumento reduzem os custos de manuten\u00e7\u00e3o, fornecendo capacidades de solu\u00e7\u00e3o de problemas facilmente acess\u00edveis com um comunicador HART ou o AMS\u00ae Suite: Intelligent Device Manager.<\/p>\n<p>O diagn\u00f3stico de falha de aterramento e cabeamento permite verificar rapidamente se a instala\u00e7\u00e3o est\u00e1 correta. A detec\u00e7\u00e3o avan\u00e7ada de ru\u00eddo do processo 8700 diagnostica a causa de uma medi\u00e7\u00e3o de fluxo ruidosa e fornece um meio para remover a variabilidade. Com o diagn\u00f3stico de verifica\u00e7\u00e3o de medidor da Emerson, voc\u00ea pode confirmar a integridade de todo o medidor de fluxo &#8211; transmissor e sensor &#8211; sem a necessidade de equipamentos externos. Al\u00e9m disso, n\u00e3o \u00e9 mais necess\u00e1rio remover o sensor da linha de processo, o que economiza tempo e dinheiro.<\/p>\n<p><strong>Aplica\u00e7\u00f5es:<\/strong><\/p>\n<p>As Su\u00edtes de Diagn\u00f3sticos Avan\u00e7ados Rosemount 8700 oferecem um valor incompar\u00e1vel aos usu\u00e1rios, fornecendo feedback acion\u00e1vel simples quando um problema \u00e9 detectado. Esses diagn\u00f3sticos ajudam os usu\u00e1rios a reduzir os custos de manuten\u00e7\u00e3o, melhorar a disponibilidade do processo e otimizar o desempenho da planta.<\/p>","protected":false},"excerpt":{"rendered":"<p>Os Diagn\u00f3sticos Avan\u00e7ados Rosemount 8700 oferecem mais informa\u00e7\u00f5es sobre instrumentos e processos do que qualquer outro medidor de fluxo magn\u00e9tico dispon\u00edvel no mercado. Essas informa\u00e7\u00f5es possibilitam uma tomada de decis\u00e3o e gest\u00e3o de planta mais eficientes. Esta su\u00edte de diagn\u00f3sticos permite melhorar pr\u00e1ticas, fornecendo um pacote abrangente de informa\u00e7\u00f5es sobre instrumentos e processos. As informa\u00e7\u00f5es avan\u00e7adas do processo ajudar\u00e3o a reduzir o tempo de comissionamento, melhorar o controle do processo e aumentar a confiabilidade a longo prazo das medi\u00e7\u00f5es de fluxo. As informa\u00e7\u00f5es avan\u00e7adas do instrumento reduzem os custos de manuten\u00e7\u00e3o, fornecendo capacidades de solu\u00e7\u00e3o de problemas facilmente acess\u00edveis com um comunicador HART ou o AMS\u00ae Suite: Intelligent Device Manager. O diagn\u00f3stico de falha de aterramento e cabeamento permite verificar rapidamente se a instala\u00e7\u00e3o est\u00e1 correta. A detec\u00e7\u00e3o avan\u00e7ada de ru\u00eddo do processo 8700 diagnostica a causa de uma medi\u00e7\u00e3o de fluxo ruidosa e fornece um meio para remover a variabilidade. Com o diagn\u00f3stico de verifica\u00e7\u00e3o de medidor da Emerson, voc\u00ea pode confirmar a integridade de todo o medidor de fluxo &#8211; transmissor e sensor &#8211; sem a necessidade de equipamentos externos. Al\u00e9m disso, n\u00e3o \u00e9 mais necess\u00e1rio remover o sensor da linha de processo, o que economiza tempo e dinheiro. Aplica\u00e7\u00f5es: As Su\u00edtes de Diagn\u00f3sticos Avan\u00e7ados Rosemount 8700 oferecem um valor incompar\u00e1vel aos usu\u00e1rios, fornecendo feedback acion\u00e1vel simples quando um problema \u00e9 detectado. Esses diagn\u00f3sticos ajudam os usu\u00e1rios a reduzir os custos de manuten\u00e7\u00e3o, melhorar a disponibilidade do processo e otimizar o desempenho da planta.<\/p>","protected":false},"featured_media":4295,"comment_status":"open","ping_status":"closed","template":"","meta":{"_joinchat":[]},"product_brand":[],"product_cat":[146],"product_tag":[],"marca":[141],"class_list":{"0":"post-4293","1":"product","2":"type-product","3":"status-publish","4":"has-post-thumbnail","6":"product_cat-medidores-de-vazao-e-tubos-de-vazao","7":"marca-rosemount","9":"first","10":"instock","11":"shipping-taxable","12":"purchasable","13":"product-type-simple"},"yoast_head":"<!-- This site is optimized with the Yoast SEO plugin v27.2 - https:\/\/yoast.com\/product\/yoast-seo-wordpress\/ -->\n<title>Medidores de Fluxo Magn\u00e9tico 8700 - Full Solutions<\/title>\n<meta name=\"robots\" content=\"index, follow, max-snippet:-1, max-image-preview:large, max-video-preview:-1\" \/>\n<link rel=\"canonical\" href=\"https:\/\/fullsolutions.info\/en\/product\/medidores-de-fluxo-magnetico-8700\/\" \/>\n<meta property=\"og:locale\" content=\"en_US\" \/>\n<meta property=\"og:type\" content=\"article\" \/>\n<meta property=\"og:title\" content=\"Medidores de Fluxo Magn\u00e9tico 8700 - Full Solutions\" \/>\n<meta property=\"og:description\" content=\"Os Diagn\u00f3sticos Avan\u00e7ados Rosemount 8700 oferecem mais informa\u00e7\u00f5es sobre instrumentos e processos do que qualquer outro medidor de fluxo magn\u00e9tico dispon\u00edvel no mercado. Essas informa\u00e7\u00f5es possibilitam uma tomada de decis\u00e3o e gest\u00e3o de planta mais eficientes. Esta su\u00edte de diagn\u00f3sticos permite melhorar pr\u00e1ticas, fornecendo um pacote abrangente de informa\u00e7\u00f5es sobre instrumentos e processos. As informa\u00e7\u00f5es avan\u00e7adas do processo ajudar\u00e3o a reduzir o tempo de comissionamento, melhorar o controle do processo e aumentar a confiabilidade a longo prazo das medi\u00e7\u00f5es de fluxo. As informa\u00e7\u00f5es avan\u00e7adas do instrumento reduzem os custos de manuten\u00e7\u00e3o, fornecendo capacidades de solu\u00e7\u00e3o de problemas facilmente acess\u00edveis com um comunicador HART ou o AMS\u00ae Suite: Intelligent Device Manager. O diagn\u00f3stico de falha de aterramento e cabeamento permite verificar rapidamente se a instala\u00e7\u00e3o est\u00e1 correta. A detec\u00e7\u00e3o avan\u00e7ada de ru\u00eddo do processo 8700 diagnostica a causa de uma medi\u00e7\u00e3o de fluxo ruidosa e fornece um meio para remover a variabilidade. Com o diagn\u00f3stico de verifica\u00e7\u00e3o de medidor da Emerson, voc\u00ea pode confirmar a integridade de todo o medidor de fluxo &#8211; transmissor e sensor &#8211; sem a necessidade de equipamentos externos. Al\u00e9m disso, n\u00e3o \u00e9 mais necess\u00e1rio remover o sensor da linha de processo, o que economiza tempo e dinheiro. Aplica\u00e7\u00f5es: As Su\u00edtes de Diagn\u00f3sticos Avan\u00e7ados Rosemount 8700 oferecem um valor incompar\u00e1vel aos usu\u00e1rios, fornecendo feedback acion\u00e1vel simples quando um problema \u00e9 detectado. Esses diagn\u00f3sticos ajudam os usu\u00e1rios a reduzir os custos de manuten\u00e7\u00e3o, melhorar a disponibilidade do processo e otimizar o desempenho da planta.\" \/>\n<meta property=\"og:url\" content=\"https:\/\/fullsolutions.info\/en\/product\/medidores-de-fluxo-magnetico-8700\/\" \/>\n<meta property=\"og:site_name\" content=\"Full Solutions\" \/>\n<meta property=\"article:modified_time\" content=\"2024-02-19T16:12:50+00:00\" \/>\n<meta property=\"og:image\" content=\"https:\/\/mlhff0prgoxu.i.optimole.com\/cb:s0sM.767\/w:auto\/h:auto\/q:mauto\/f:best\/https:\/\/fullsolutions.info\/wp-content\/uploads\/2024\/02\/Rosemount-8700-3.png\" \/>\n\t<meta property=\"og:image:width\" content=\"248\" \/>\n\t<meta property=\"og:image:height\" content=\"246\" \/>\n\t<meta property=\"og:image:type\" content=\"image\/png\" \/>\n<meta name=\"twitter:card\" content=\"summary_large_image\" \/>\n<meta name=\"twitter:label1\" content=\"Est. reading time\" \/>\n\t<meta name=\"twitter:data1\" content=\"1 minute\" \/>\n<script type=\"application\/ld+json\" class=\"yoast-schema-graph\">{\"@context\":\"https:\/\/schema.org\",\"@graph\":[{\"@type\":\"WebPage\",\"@id\":\"https:\/\/fullsolutions.info\/produto\/medidores-de-fluxo-magnetico-8700\/\",\"url\":\"https:\/\/fullsolutions.info\/produto\/medidores-de-fluxo-magnetico-8700\/\",\"name\":\"Medidores de Fluxo Magn\u00e9tico 8700 - Full Solutions\",\"isPartOf\":{\"@id\":\"https:\/\/fullsolutions.info\/#website\"},\"primaryImageOfPage\":{\"@id\":\"https:\/\/fullsolutions.info\/produto\/medidores-de-fluxo-magnetico-8700\/#primaryimage\"},\"image\":{\"@id\":\"https:\/\/fullsolutions.info\/produto\/medidores-de-fluxo-magnetico-8700\/#primaryimage\"},\"thumbnailUrl\":\"https:\/\/mlhff0prgoxu.i.optimole.com\/cb:s0sM.767\/w:auto\/h:auto\/q:mauto\/f:best\/https:\/\/fullsolutions.info\/wp-content\/uploads\/2024\/02\/Rosemount-8700-3.png\",\"datePublished\":\"2024-02-02T15:44:39+00:00\",\"dateModified\":\"2024-02-19T16:12:50+00:00\",\"breadcrumb\":{\"@id\":\"https:\/\/fullsolutions.info\/produto\/medidores-de-fluxo-magnetico-8700\/#breadcrumb\"},\"inLanguage\":\"en-US\",\"potentialAction\":[{\"@type\":\"ReadAction\",\"target\":[\"https:\/\/fullsolutions.info\/produto\/medidores-de-fluxo-magnetico-8700\/\"]}]},{\"@type\":\"ImageObject\",\"inLanguage\":\"en-US\",\"@id\":\"https:\/\/fullsolutions.info\/produto\/medidores-de-fluxo-magnetico-8700\/#primaryimage\",\"url\":\"https:\/\/mlhff0prgoxu.i.optimole.com\/cb:s0sM.767\/w:auto\/h:auto\/q:mauto\/f:best\/https:\/\/fullsolutions.info\/wp-content\/uploads\/2024\/02\/Rosemount-8700-3.png\",\"contentUrl\":\"https:\/\/mlhff0prgoxu.i.optimole.com\/cb:s0sM.767\/w:auto\/h:auto\/q:mauto\/f:best\/https:\/\/fullsolutions.info\/wp-content\/uploads\/2024\/02\/Rosemount-8700-3.png\",\"width\":248,\"height\":246},{\"@type\":\"BreadcrumbList\",\"@id\":\"https:\/\/fullsolutions.info\/produto\/medidores-de-fluxo-magnetico-8700\/#breadcrumb\",\"itemListElement\":[{\"@type\":\"ListItem\",\"position\":1,\"name\":\"In\u00edcio\",\"item\":\"https:\/\/fullsolutions.info\/\"},{\"@type\":\"ListItem\",\"position\":2,\"name\":\"Produtos\",\"item\":\"https:\/\/fullsolutions.info\/shop\/\"},{\"@type\":\"ListItem\",\"position\":3,\"name\":\"Medidores de Fluxo Magn\u00e9tico 8700\"}]},{\"@type\":\"WebSite\",\"@id\":\"https:\/\/fullsolutions.info\/#website\",\"url\":\"https:\/\/fullsolutions.info\/\",\"name\":\"Full Solutions\",\"description\":\"Empresa na \u00c1rea de Procurement\",\"publisher\":{\"@id\":\"https:\/\/fullsolutions.info\/#organization\"},\"potentialAction\":[{\"@type\":\"SearchAction\",\"target\":{\"@type\":\"EntryPoint\",\"urlTemplate\":\"https:\/\/fullsolutions.info\/?s={search_term_string}\"},\"query-input\":{\"@type\":\"PropertyValueSpecification\",\"valueRequired\":true,\"valueName\":\"search_term_string\"}}],\"inLanguage\":\"en-US\"},{\"@type\":\"Organization\",\"@id\":\"https:\/\/fullsolutions.info\/#organization\",\"name\":\"Full Solutions\",\"url\":\"https:\/\/fullsolutions.info\/\",\"logo\":{\"@type\":\"ImageObject\",\"inLanguage\":\"en-US\",\"@id\":\"https:\/\/fullsolutions.info\/#\/schema\/logo\/image\/\",\"url\":\"https:\/\/mlhff0prgoxu.i.optimole.com\/cb:s0sM.767\/w:auto\/h:auto\/q:mauto\/f:best\/https:\/\/fullsolutions.info\/wp-content\/uploads\/2021\/07\/cropped-Design-sem-nome-300x193-1-e1627062664782.png\",\"contentUrl\":\"https:\/\/mlhff0prgoxu.i.optimole.com\/cb:s0sM.767\/w:auto\/h:auto\/q:mauto\/f:best\/https:\/\/fullsolutions.info\/wp-content\/uploads\/2021\/07\/cropped-Design-sem-nome-300x193-1-e1627062664782.png\",\"width\":202,\"height\":155,\"caption\":\"Full Solutions\"},\"image\":{\"@id\":\"https:\/\/fullsolutions.info\/#\/schema\/logo\/image\/\"},\"sameAs\":[\"https:\/\/www.linkedin.com\/company\/full-solutions-equipment\"]}]}<\/script>\n<!-- \/ Yoast SEO plugin. -->","yoast_head_json":{"title":"Medidores de Fluxo Magn\u00e9tico 8700 - Full Solutions","robots":{"index":"index","follow":"follow","max-snippet":"max-snippet:-1","max-image-preview":"max-image-preview:large","max-video-preview":"max-video-preview:-1"},"canonical":"https:\/\/fullsolutions.info\/en\/product\/medidores-de-fluxo-magnetico-8700\/","og_locale":"en_US","og_type":"article","og_title":"Medidores de Fluxo Magn\u00e9tico 8700 - Full Solutions","og_description":"Os Diagn\u00f3sticos Avan\u00e7ados Rosemount 8700 oferecem mais informa\u00e7\u00f5es sobre instrumentos e processos do que qualquer outro medidor de fluxo magn\u00e9tico dispon\u00edvel no mercado. Essas informa\u00e7\u00f5es possibilitam uma tomada de decis\u00e3o e gest\u00e3o de planta mais eficientes. Esta su\u00edte de diagn\u00f3sticos permite melhorar pr\u00e1ticas, fornecendo um pacote abrangente de informa\u00e7\u00f5es sobre instrumentos e processos. As informa\u00e7\u00f5es avan\u00e7adas do processo ajudar\u00e3o a reduzir o tempo de comissionamento, melhorar o controle do processo e aumentar a confiabilidade a longo prazo das medi\u00e7\u00f5es de fluxo. As informa\u00e7\u00f5es avan\u00e7adas do instrumento reduzem os custos de manuten\u00e7\u00e3o, fornecendo capacidades de solu\u00e7\u00e3o de problemas facilmente acess\u00edveis com um comunicador HART ou o AMS\u00ae Suite: Intelligent Device Manager. O diagn\u00f3stico de falha de aterramento e cabeamento permite verificar rapidamente se a instala\u00e7\u00e3o est\u00e1 correta. A detec\u00e7\u00e3o avan\u00e7ada de ru\u00eddo do processo 8700 diagnostica a causa de uma medi\u00e7\u00e3o de fluxo ruidosa e fornece um meio para remover a variabilidade. Com o diagn\u00f3stico de verifica\u00e7\u00e3o de medidor da Emerson, voc\u00ea pode confirmar a integridade de todo o medidor de fluxo &#8211; transmissor e sensor &#8211; sem a necessidade de equipamentos externos. Al\u00e9m disso, n\u00e3o \u00e9 mais necess\u00e1rio remover o sensor da linha de processo, o que economiza tempo e dinheiro. Aplica\u00e7\u00f5es: As Su\u00edtes de Diagn\u00f3sticos Avan\u00e7ados Rosemount 8700 oferecem um valor incompar\u00e1vel aos usu\u00e1rios, fornecendo feedback acion\u00e1vel simples quando um problema \u00e9 detectado. Esses diagn\u00f3sticos ajudam os usu\u00e1rios a reduzir os custos de manuten\u00e7\u00e3o, melhorar a disponibilidade do processo e otimizar o desempenho da planta.","og_url":"https:\/\/fullsolutions.info\/en\/product\/medidores-de-fluxo-magnetico-8700\/","og_site_name":"Full Solutions","article_modified_time":"2024-02-19T16:12:50+00:00","og_image":[{"width":248,"height":246,"url":"https:\/\/mlhff0prgoxu.i.optimole.com\/cb:s0sM.767\/w:auto\/h:auto\/q:mauto\/f:best\/https:\/\/fullsolutions.info\/wp-content\/uploads\/2024\/02\/Rosemount-8700-3.png","type":"image\/png"}],"twitter_card":"summary_large_image","twitter_misc":{"Est. reading time":"1 minute"},"schema":{"@context":"https:\/\/schema.org","@graph":[{"@type":"WebPage","@id":"https:\/\/fullsolutions.info\/produto\/medidores-de-fluxo-magnetico-8700\/","url":"https:\/\/fullsolutions.info\/produto\/medidores-de-fluxo-magnetico-8700\/","name":"Medidores de Fluxo Magn\u00e9tico 8700 - Full Solutions","isPartOf":{"@id":"https:\/\/fullsolutions.info\/#website"},"primaryImageOfPage":{"@id":"https:\/\/fullsolutions.info\/produto\/medidores-de-fluxo-magnetico-8700\/#primaryimage"},"image":{"@id":"https:\/\/fullsolutions.info\/produto\/medidores-de-fluxo-magnetico-8700\/#primaryimage"},"thumbnailUrl":"https:\/\/mlhff0prgoxu.i.optimole.com\/cb:s0sM.767\/w:auto\/h:auto\/q:mauto\/f:best\/https:\/\/fullsolutions.info\/wp-content\/uploads\/2024\/02\/Rosemount-8700-3.png","datePublished":"2024-02-02T15:44:39+00:00","dateModified":"2024-02-19T16:12:50+00:00","breadcrumb":{"@id":"https:\/\/fullsolutions.info\/produto\/medidores-de-fluxo-magnetico-8700\/#breadcrumb"},"inLanguage":"en-US","potentialAction":[{"@type":"ReadAction","target":["https:\/\/fullsolutions.info\/produto\/medidores-de-fluxo-magnetico-8700\/"]}]},{"@type":"ImageObject","inLanguage":"en-US","@id":"https:\/\/fullsolutions.info\/produto\/medidores-de-fluxo-magnetico-8700\/#primaryimage","url":"https:\/\/mlhff0prgoxu.i.optimole.com\/cb:s0sM.767\/w:auto\/h:auto\/q:mauto\/f:best\/https:\/\/fullsolutions.info\/wp-content\/uploads\/2024\/02\/Rosemount-8700-3.png","contentUrl":"https:\/\/mlhff0prgoxu.i.optimole.com\/cb:s0sM.767\/w:auto\/h:auto\/q:mauto\/f:best\/https:\/\/fullsolutions.info\/wp-content\/uploads\/2024\/02\/Rosemount-8700-3.png","width":248,"height":246},{"@type":"BreadcrumbList","@id":"https:\/\/fullsolutions.info\/produto\/medidores-de-fluxo-magnetico-8700\/#breadcrumb","itemListElement":[{"@type":"ListItem","position":1,"name":"In\u00edcio","item":"https:\/\/fullsolutions.info\/"},{"@type":"ListItem","position":2,"name":"Produtos","item":"https:\/\/fullsolutions.info\/shop\/"},{"@type":"ListItem","position":3,"name":"Medidores de Fluxo Magn\u00e9tico 8700"}]},{"@type":"WebSite","@id":"https:\/\/fullsolutions.info\/#website","url":"https:\/\/fullsolutions.info\/","name":"Full Solutions","description":"Empresa na \u00c1rea de Procurement","publisher":{"@id":"https:\/\/fullsolutions.info\/#organization"},"potentialAction":[{"@type":"SearchAction","target":{"@type":"EntryPoint","urlTemplate":"https:\/\/fullsolutions.info\/?s={search_term_string}"},"query-input":{"@type":"PropertyValueSpecification","valueRequired":true,"valueName":"search_term_string"}}],"inLanguage":"en-US"},{"@type":"Organization","@id":"https:\/\/fullsolutions.info\/#organization","name":"Full Solutions","url":"https:\/\/fullsolutions.info\/","logo":{"@type":"ImageObject","inLanguage":"en-US","@id":"https:\/\/fullsolutions.info\/#\/schema\/logo\/image\/","url":"https:\/\/mlhff0prgoxu.i.optimole.com\/cb:s0sM.767\/w:auto\/h:auto\/q:mauto\/f:best\/https:\/\/fullsolutions.info\/wp-content\/uploads\/2021\/07\/cropped-Design-sem-nome-300x193-1-e1627062664782.png","contentUrl":"https:\/\/mlhff0prgoxu.i.optimole.com\/cb:s0sM.767\/w:auto\/h:auto\/q:mauto\/f:best\/https:\/\/fullsolutions.info\/wp-content\/uploads\/2021\/07\/cropped-Design-sem-nome-300x193-1-e1627062664782.png","width":202,"height":155,"caption":"Full Solutions"},"image":{"@id":"https:\/\/fullsolutions.info\/#\/schema\/logo\/image\/"},"sameAs":["https:\/\/www.linkedin.com\/company\/full-solutions-equipment"]}]}},"_links":{"self":[{"href":"https:\/\/fullsolutions.info\/en\/wp-json\/wp\/v2\/product\/4293","targetHints":{"allow":["GET"]}}],"collection":[{"href":"https:\/\/fullsolutions.info\/en\/wp-json\/wp\/v2\/product"}],"about":[{"href":"https:\/\/fullsolutions.info\/en\/wp-json\/wp\/v2\/types\/product"}],"replies":[{"embeddable":true,"href":"https:\/\/fullsolutions.info\/en\/wp-json\/wp\/v2\/comments?post=4293"}],"wp:featuredmedia":[{"embeddable":true,"href":"https:\/\/fullsolutions.info\/en\/wp-json\/wp\/v2\/media\/4295"}],"wp:attachment":[{"href":"https:\/\/fullsolutions.info\/en\/wp-json\/wp\/v2\/media?parent=4293"}],"wp:term":[{"taxonomy":"product_brand","embeddable":true,"href":"https:\/\/fullsolutions.info\/en\/wp-json\/wp\/v2\/product_brand?post=4293"},{"taxonomy":"product_cat","embeddable":true,"href":"https:\/\/fullsolutions.info\/en\/wp-json\/wp\/v2\/product_cat?post=4293"},{"taxonomy":"product_tag","embeddable":true,"href":"https:\/\/fullsolutions.info\/en\/wp-json\/wp\/v2\/product_tag?post=4293"},{"taxonomy":"marca","embeddable":true,"href":"https:\/\/fullsolutions.info\/en\/wp-json\/wp\/v2\/marca?post=4293"}],"curies":[{"name":"wp","href":"https:\/\/api.w.org\/{rel}","templated":true}]}}