{"id":4280,"date":"2024-02-02T15:37:14","date_gmt":"2024-02-02T15:37:14","guid":{"rendered":"https:\/\/fullsolutionsequip.com\/?post_type=product&#038;p=4280"},"modified":"2024-02-19T16:12:50","modified_gmt":"2024-02-19T16:12:50","slug":"sensor-higienico-8721-e-medidor-de-fluxo-sanitario","status":"publish","type":"product","link":"https:\/\/fullsolutions.info\/en\/product\/sensor-higienico-8721-e-medidor-de-fluxo-sanitario\/","title":{"rendered":"Sensor Higi\u00eanico 8721 e Medidor de Fluxo Sanit\u00e1rio"},"content":{"rendered":"<p>O Sensor Magn\u00e9tico Higi\u00eanico Rosemount 8721 \u00e9 projetado especificamente para aplica\u00e7\u00f5es na ind\u00fastria de alimentos, bebidas e farmac\u00eautica, exigindo um design confi\u00e1vel, seguro e higi\u00eanico.<\/p>\n<ul>\n<li>Sensor totalmente soldado projetado para aplica\u00e7\u00f5es em alimentos, bebidas e farmac\u00eautica.<\/li>\n<li>Superf\u00edcies de contato constru\u00eddas com materiais aprovados pela FDA em conformidade com os padr\u00f5es 3-A e EHEDG.<\/li>\n<li>Design compacto e leve que facilita a instala\u00e7\u00e3o.<\/li>\n<li>Tamanhos variam de 0,5 a 4 polegadas (15 a 100 mm).<\/li>\n<\/ul>\n<p>Recursos e Benef\u00edcios:<\/p>\n<ul>\n<li>Superf\u00edcies de contato do produto constru\u00eddas com materiais aprovados pela FDA projetados de acordo com os padr\u00f5es 3A e EHEDG.<\/li>\n<li>O sensor \u00e9 limpo no local (CIP) \/ esteriliz\u00e1vel no local (SIP), e o di\u00e2metro interno do sensor coincide com o encanamento do processo para eliminar transi\u00e7\u00f5es dif\u00edceis de limpar.<\/li>\n<li>Dispon\u00edvel com uma variedade de conex\u00f5es de processo sanit\u00e1rias, com juntas de processo de f\u00e1cil acesso para facilitar inspe\u00e7\u00e3o e manuten\u00e7\u00e3o.<\/li>\n<li>O corpo do medidor totalmente em a\u00e7o inoxid\u00e1vel \u00e9 totalmente soldado, e as jun\u00e7\u00f5es cr\u00edticas s\u00e3o vedadas para fornecer uma veda\u00e7\u00e3o herm\u00e9tica, protegendo os componentes internos e a fia\u00e7\u00e3o contra vapor pressurizado, \u00e1gua e produtos qu\u00edmicos de saneamento.<\/li>\n<\/ul>\n<p>Aplica\u00e7\u00f5es:<\/p>\n<p>O sensor higi\u00eanico 8721 \u00e9 projetado especificamente para aplica\u00e7\u00f5es exigentes em alimentos, bebidas e ci\u00eancias da vida. O sensor robusto, totalmente soldado, de di\u00e2metro completo, \u00e9 constru\u00eddo com materiais aprovados pela FDA, autorizado para exibir o S\u00edmbolo 3-A (Autoriza\u00e7\u00e3o #1222), certificado pelo EHEDG (#C03-5229) e aprovado para uso em circuitos de temporiza\u00e7\u00e3o de medidores de leite de Grau A da FDA (M-b 350). Os tamanhos variam de \u00bd\u201d (15 mm) a 4\u201d (100 mm) e est\u00e3o dispon\u00edveis em uma variedade de conex\u00f5es de processo padr\u00e3o da ind\u00fastria.<\/p>","protected":false},"excerpt":{"rendered":"<p>O Sensor Magn\u00e9tico Higi\u00eanico Rosemount 8721 \u00e9 projetado especificamente para aplica\u00e7\u00f5es na ind\u00fastria de alimentos, bebidas e farmac\u00eautica, exigindo um design confi\u00e1vel, seguro e higi\u00eanico. Sensor totalmente soldado projetado para aplica\u00e7\u00f5es em alimentos, bebidas e farmac\u00eautica. Superf\u00edcies de contato constru\u00eddas com materiais aprovados pela FDA em conformidade com os padr\u00f5es 3-A e EHEDG. Design compacto e leve que facilita a instala\u00e7\u00e3o. Tamanhos variam de 0,5 a 4 polegadas (15 a 100 mm). Recursos e Benef\u00edcios: Superf\u00edcies de contato do produto constru\u00eddas com materiais aprovados pela FDA projetados de acordo com os padr\u00f5es 3A e EHEDG. O sensor \u00e9 limpo no local (CIP) \/ esteriliz\u00e1vel no local (SIP), e o di\u00e2metro interno do sensor coincide com o encanamento do processo para eliminar transi\u00e7\u00f5es dif\u00edceis de limpar. Dispon\u00edvel com uma variedade de conex\u00f5es de processo sanit\u00e1rias, com juntas de processo de f\u00e1cil acesso para facilitar inspe\u00e7\u00e3o e manuten\u00e7\u00e3o. O corpo do medidor totalmente em a\u00e7o inoxid\u00e1vel \u00e9 totalmente soldado, e as jun\u00e7\u00f5es cr\u00edticas s\u00e3o vedadas para fornecer uma veda\u00e7\u00e3o herm\u00e9tica, protegendo os componentes internos e a fia\u00e7\u00e3o contra vapor pressurizado, \u00e1gua e produtos qu\u00edmicos de saneamento. Aplica\u00e7\u00f5es: O sensor higi\u00eanico 8721 \u00e9 projetado especificamente para aplica\u00e7\u00f5es exigentes em alimentos, bebidas e ci\u00eancias da vida. O sensor robusto, totalmente soldado, de di\u00e2metro completo, \u00e9 constru\u00eddo com materiais aprovados pela FDA, autorizado para exibir o S\u00edmbolo 3-A (Autoriza\u00e7\u00e3o #1222), certificado pelo EHEDG (#C03-5229) e aprovado para uso em circuitos de temporiza\u00e7\u00e3o de medidores de leite de Grau A da FDA (M-b 350). Os tamanhos variam de \u00bd\u201d (15 mm) a 4\u201d (100 mm) e est\u00e3o dispon\u00edveis em uma variedade de conex\u00f5es de processo padr\u00e3o da ind\u00fastria.<\/p>","protected":false},"featured_media":4283,"comment_status":"open","ping_status":"closed","template":"","meta":{"_joinchat":[]},"product_brand":[],"product_cat":[146],"product_tag":[],"marca":[141],"class_list":{"0":"post-4280","1":"product","2":"type-product","3":"status-publish","4":"has-post-thumbnail","6":"product_cat-medidores-de-vazao-e-tubos-de-vazao","7":"marca-rosemount","9":"first","10":"instock","11":"shipping-taxable","12":"purchasable","13":"product-type-simple"},"yoast_head":"<!-- This site is optimized with the Yoast SEO plugin v27.2 - https:\/\/yoast.com\/product\/yoast-seo-wordpress\/ -->\n<title>Sensor Higi\u00eanico 8721 e Medidor de Fluxo Sanit\u00e1rio - Full Solutions<\/title>\n<meta name=\"robots\" content=\"index, follow, max-snippet:-1, max-image-preview:large, max-video-preview:-1\" \/>\n<link rel=\"canonical\" href=\"https:\/\/fullsolutions.info\/en\/product\/sensor-higienico-8721-e-medidor-de-fluxo-sanitario\/\" \/>\n<meta property=\"og:locale\" content=\"en_US\" \/>\n<meta property=\"og:type\" content=\"article\" \/>\n<meta property=\"og:title\" content=\"Sensor Higi\u00eanico 8721 e Medidor de Fluxo Sanit\u00e1rio - Full Solutions\" \/>\n<meta property=\"og:description\" content=\"O Sensor Magn\u00e9tico Higi\u00eanico Rosemount 8721 \u00e9 projetado especificamente para aplica\u00e7\u00f5es na ind\u00fastria de alimentos, bebidas e farmac\u00eautica, exigindo um design confi\u00e1vel, seguro e higi\u00eanico. Sensor totalmente soldado projetado para aplica\u00e7\u00f5es em alimentos, bebidas e farmac\u00eautica. Superf\u00edcies de contato constru\u00eddas com materiais aprovados pela FDA em conformidade com os padr\u00f5es 3-A e EHEDG. Design compacto e leve que facilita a instala\u00e7\u00e3o. Tamanhos variam de 0,5 a 4 polegadas (15 a 100 mm). Recursos e Benef\u00edcios: Superf\u00edcies de contato do produto constru\u00eddas com materiais aprovados pela FDA projetados de acordo com os padr\u00f5es 3A e EHEDG. O sensor \u00e9 limpo no local (CIP) \/ esteriliz\u00e1vel no local (SIP), e o di\u00e2metro interno do sensor coincide com o encanamento do processo para eliminar transi\u00e7\u00f5es dif\u00edceis de limpar. Dispon\u00edvel com uma variedade de conex\u00f5es de processo sanit\u00e1rias, com juntas de processo de f\u00e1cil acesso para facilitar inspe\u00e7\u00e3o e manuten\u00e7\u00e3o. O corpo do medidor totalmente em a\u00e7o inoxid\u00e1vel \u00e9 totalmente soldado, e as jun\u00e7\u00f5es cr\u00edticas s\u00e3o vedadas para fornecer uma veda\u00e7\u00e3o herm\u00e9tica, protegendo os componentes internos e a fia\u00e7\u00e3o contra vapor pressurizado, \u00e1gua e produtos qu\u00edmicos de saneamento. Aplica\u00e7\u00f5es: O sensor higi\u00eanico 8721 \u00e9 projetado especificamente para aplica\u00e7\u00f5es exigentes em alimentos, bebidas e ci\u00eancias da vida. O sensor robusto, totalmente soldado, de di\u00e2metro completo, \u00e9 constru\u00eddo com materiais aprovados pela FDA, autorizado para exibir o S\u00edmbolo 3-A (Autoriza\u00e7\u00e3o #1222), certificado pelo EHEDG (#C03-5229) e aprovado para uso em circuitos de temporiza\u00e7\u00e3o de medidores de leite de Grau A da FDA (M-b 350). Os tamanhos variam de \u00bd\u201d (15 mm) a 4\u201d (100 mm) e est\u00e3o dispon\u00edveis em uma variedade de conex\u00f5es de processo padr\u00e3o da ind\u00fastria.\" \/>\n<meta property=\"og:url\" content=\"https:\/\/fullsolutions.info\/en\/product\/sensor-higienico-8721-e-medidor-de-fluxo-sanitario\/\" \/>\n<meta property=\"og:site_name\" content=\"Full Solutions\" \/>\n<meta property=\"article:modified_time\" content=\"2024-02-19T16:12:50+00:00\" \/>\n<meta property=\"og:image\" content=\"https:\/\/mlhff0prgoxu.i.optimole.com\/cb:s0sM.767\/w:auto\/h:auto\/q:mauto\/f:best\/https:\/\/fullsolutions.info\/wp-content\/uploads\/2024\/02\/Rosemount-8721-1.jpg\" \/>\n\t<meta property=\"og:image:width\" content=\"538\" \/>\n\t<meta property=\"og:image:height\" content=\"609\" \/>\n\t<meta property=\"og:image:type\" content=\"image\/jpeg\" \/>\n<meta name=\"twitter:card\" content=\"summary_large_image\" \/>\n<meta name=\"twitter:label1\" content=\"Est. reading time\" \/>\n\t<meta name=\"twitter:data1\" content=\"2 minutes\" \/>\n<script type=\"application\/ld+json\" class=\"yoast-schema-graph\">{\"@context\":\"https:\/\/schema.org\",\"@graph\":[{\"@type\":\"WebPage\",\"@id\":\"https:\/\/fullsolutions.info\/produto\/sensor-higienico-8721-e-medidor-de-fluxo-sanitario\/\",\"url\":\"https:\/\/fullsolutions.info\/produto\/sensor-higienico-8721-e-medidor-de-fluxo-sanitario\/\",\"name\":\"Sensor Higi\u00eanico 8721 e Medidor de Fluxo Sanit\u00e1rio - Full Solutions\",\"isPartOf\":{\"@id\":\"https:\/\/fullsolutions.info\/#website\"},\"primaryImageOfPage\":{\"@id\":\"https:\/\/fullsolutions.info\/produto\/sensor-higienico-8721-e-medidor-de-fluxo-sanitario\/#primaryimage\"},\"image\":{\"@id\":\"https:\/\/fullsolutions.info\/produto\/sensor-higienico-8721-e-medidor-de-fluxo-sanitario\/#primaryimage\"},\"thumbnailUrl\":\"https:\/\/mlhff0prgoxu.i.optimole.com\/cb:s0sM.767\/w:auto\/h:auto\/q:mauto\/f:best\/https:\/\/fullsolutions.info\/wp-content\/uploads\/2024\/02\/Rosemount-8721-1.jpg\",\"datePublished\":\"2024-02-02T15:37:14+00:00\",\"dateModified\":\"2024-02-19T16:12:50+00:00\",\"breadcrumb\":{\"@id\":\"https:\/\/fullsolutions.info\/produto\/sensor-higienico-8721-e-medidor-de-fluxo-sanitario\/#breadcrumb\"},\"inLanguage\":\"en-US\",\"potentialAction\":[{\"@type\":\"ReadAction\",\"target\":[\"https:\/\/fullsolutions.info\/produto\/sensor-higienico-8721-e-medidor-de-fluxo-sanitario\/\"]}]},{\"@type\":\"ImageObject\",\"inLanguage\":\"en-US\",\"@id\":\"https:\/\/fullsolutions.info\/produto\/sensor-higienico-8721-e-medidor-de-fluxo-sanitario\/#primaryimage\",\"url\":\"https:\/\/mlhff0prgoxu.i.optimole.com\/cb:s0sM.767\/w:auto\/h:auto\/q:mauto\/f:best\/https:\/\/fullsolutions.info\/wp-content\/uploads\/2024\/02\/Rosemount-8721-1.jpg\",\"contentUrl\":\"https:\/\/mlhff0prgoxu.i.optimole.com\/cb:s0sM.767\/w:auto\/h:auto\/q:mauto\/f:best\/https:\/\/fullsolutions.info\/wp-content\/uploads\/2024\/02\/Rosemount-8721-1.jpg\",\"width\":538,\"height\":609},{\"@type\":\"BreadcrumbList\",\"@id\":\"https:\/\/fullsolutions.info\/produto\/sensor-higienico-8721-e-medidor-de-fluxo-sanitario\/#breadcrumb\",\"itemListElement\":[{\"@type\":\"ListItem\",\"position\":1,\"name\":\"In\u00edcio\",\"item\":\"https:\/\/fullsolutions.info\/\"},{\"@type\":\"ListItem\",\"position\":2,\"name\":\"Produtos\",\"item\":\"https:\/\/fullsolutions.info\/shop\/\"},{\"@type\":\"ListItem\",\"position\":3,\"name\":\"Sensor Higi\u00eanico 8721 e Medidor de Fluxo Sanit\u00e1rio\"}]},{\"@type\":\"WebSite\",\"@id\":\"https:\/\/fullsolutions.info\/#website\",\"url\":\"https:\/\/fullsolutions.info\/\",\"name\":\"Full Solutions\",\"description\":\"Empresa na \u00c1rea de Procurement\",\"publisher\":{\"@id\":\"https:\/\/fullsolutions.info\/#organization\"},\"potentialAction\":[{\"@type\":\"SearchAction\",\"target\":{\"@type\":\"EntryPoint\",\"urlTemplate\":\"https:\/\/fullsolutions.info\/?s={search_term_string}\"},\"query-input\":{\"@type\":\"PropertyValueSpecification\",\"valueRequired\":true,\"valueName\":\"search_term_string\"}}],\"inLanguage\":\"en-US\"},{\"@type\":\"Organization\",\"@id\":\"https:\/\/fullsolutions.info\/#organization\",\"name\":\"Full Solutions\",\"url\":\"https:\/\/fullsolutions.info\/\",\"logo\":{\"@type\":\"ImageObject\",\"inLanguage\":\"en-US\",\"@id\":\"https:\/\/fullsolutions.info\/#\/schema\/logo\/image\/\",\"url\":\"https:\/\/mlhff0prgoxu.i.optimole.com\/cb:s0sM.767\/w:auto\/h:auto\/q:mauto\/f:best\/https:\/\/fullsolutions.info\/wp-content\/uploads\/2021\/07\/cropped-Design-sem-nome-300x193-1-e1627062664782.png\",\"contentUrl\":\"https:\/\/mlhff0prgoxu.i.optimole.com\/cb:s0sM.767\/w:auto\/h:auto\/q:mauto\/f:best\/https:\/\/fullsolutions.info\/wp-content\/uploads\/2021\/07\/cropped-Design-sem-nome-300x193-1-e1627062664782.png\",\"width\":202,\"height\":155,\"caption\":\"Full Solutions\"},\"image\":{\"@id\":\"https:\/\/fullsolutions.info\/#\/schema\/logo\/image\/\"},\"sameAs\":[\"https:\/\/www.linkedin.com\/company\/full-solutions-equipment\"]}]}<\/script>\n<!-- \/ Yoast SEO plugin. -->","yoast_head_json":{"title":"Sensor Higi\u00eanico 8721 e Medidor de Fluxo Sanit\u00e1rio - Full Solutions","robots":{"index":"index","follow":"follow","max-snippet":"max-snippet:-1","max-image-preview":"max-image-preview:large","max-video-preview":"max-video-preview:-1"},"canonical":"https:\/\/fullsolutions.info\/en\/product\/sensor-higienico-8721-e-medidor-de-fluxo-sanitario\/","og_locale":"en_US","og_type":"article","og_title":"Sensor Higi\u00eanico 8721 e Medidor de Fluxo Sanit\u00e1rio - Full Solutions","og_description":"O Sensor Magn\u00e9tico Higi\u00eanico Rosemount 8721 \u00e9 projetado especificamente para aplica\u00e7\u00f5es na ind\u00fastria de alimentos, bebidas e farmac\u00eautica, exigindo um design confi\u00e1vel, seguro e higi\u00eanico. Sensor totalmente soldado projetado para aplica\u00e7\u00f5es em alimentos, bebidas e farmac\u00eautica. Superf\u00edcies de contato constru\u00eddas com materiais aprovados pela FDA em conformidade com os padr\u00f5es 3-A e EHEDG. Design compacto e leve que facilita a instala\u00e7\u00e3o. Tamanhos variam de 0,5 a 4 polegadas (15 a 100 mm). Recursos e Benef\u00edcios: Superf\u00edcies de contato do produto constru\u00eddas com materiais aprovados pela FDA projetados de acordo com os padr\u00f5es 3A e EHEDG. O sensor \u00e9 limpo no local (CIP) \/ esteriliz\u00e1vel no local (SIP), e o di\u00e2metro interno do sensor coincide com o encanamento do processo para eliminar transi\u00e7\u00f5es dif\u00edceis de limpar. Dispon\u00edvel com uma variedade de conex\u00f5es de processo sanit\u00e1rias, com juntas de processo de f\u00e1cil acesso para facilitar inspe\u00e7\u00e3o e manuten\u00e7\u00e3o. O corpo do medidor totalmente em a\u00e7o inoxid\u00e1vel \u00e9 totalmente soldado, e as jun\u00e7\u00f5es cr\u00edticas s\u00e3o vedadas para fornecer uma veda\u00e7\u00e3o herm\u00e9tica, protegendo os componentes internos e a fia\u00e7\u00e3o contra vapor pressurizado, \u00e1gua e produtos qu\u00edmicos de saneamento. Aplica\u00e7\u00f5es: O sensor higi\u00eanico 8721 \u00e9 projetado especificamente para aplica\u00e7\u00f5es exigentes em alimentos, bebidas e ci\u00eancias da vida. O sensor robusto, totalmente soldado, de di\u00e2metro completo, \u00e9 constru\u00eddo com materiais aprovados pela FDA, autorizado para exibir o S\u00edmbolo 3-A (Autoriza\u00e7\u00e3o #1222), certificado pelo EHEDG (#C03-5229) e aprovado para uso em circuitos de temporiza\u00e7\u00e3o de medidores de leite de Grau A da FDA (M-b 350). Os tamanhos variam de \u00bd\u201d (15 mm) a 4\u201d (100 mm) e est\u00e3o dispon\u00edveis em uma variedade de conex\u00f5es de processo padr\u00e3o da ind\u00fastria.","og_url":"https:\/\/fullsolutions.info\/en\/product\/sensor-higienico-8721-e-medidor-de-fluxo-sanitario\/","og_site_name":"Full Solutions","article_modified_time":"2024-02-19T16:12:50+00:00","og_image":[{"width":538,"height":609,"url":"https:\/\/mlhff0prgoxu.i.optimole.com\/cb:s0sM.767\/w:auto\/h:auto\/q:mauto\/f:best\/https:\/\/fullsolutions.info\/wp-content\/uploads\/2024\/02\/Rosemount-8721-1.jpg","type":"image\/jpeg"}],"twitter_card":"summary_large_image","twitter_misc":{"Est. reading time":"2 minutes"},"schema":{"@context":"https:\/\/schema.org","@graph":[{"@type":"WebPage","@id":"https:\/\/fullsolutions.info\/produto\/sensor-higienico-8721-e-medidor-de-fluxo-sanitario\/","url":"https:\/\/fullsolutions.info\/produto\/sensor-higienico-8721-e-medidor-de-fluxo-sanitario\/","name":"Sensor Higi\u00eanico 8721 e Medidor de Fluxo Sanit\u00e1rio - Full Solutions","isPartOf":{"@id":"https:\/\/fullsolutions.info\/#website"},"primaryImageOfPage":{"@id":"https:\/\/fullsolutions.info\/produto\/sensor-higienico-8721-e-medidor-de-fluxo-sanitario\/#primaryimage"},"image":{"@id":"https:\/\/fullsolutions.info\/produto\/sensor-higienico-8721-e-medidor-de-fluxo-sanitario\/#primaryimage"},"thumbnailUrl":"https:\/\/mlhff0prgoxu.i.optimole.com\/cb:s0sM.767\/w:auto\/h:auto\/q:mauto\/f:best\/https:\/\/fullsolutions.info\/wp-content\/uploads\/2024\/02\/Rosemount-8721-1.jpg","datePublished":"2024-02-02T15:37:14+00:00","dateModified":"2024-02-19T16:12:50+00:00","breadcrumb":{"@id":"https:\/\/fullsolutions.info\/produto\/sensor-higienico-8721-e-medidor-de-fluxo-sanitario\/#breadcrumb"},"inLanguage":"en-US","potentialAction":[{"@type":"ReadAction","target":["https:\/\/fullsolutions.info\/produto\/sensor-higienico-8721-e-medidor-de-fluxo-sanitario\/"]}]},{"@type":"ImageObject","inLanguage":"en-US","@id":"https:\/\/fullsolutions.info\/produto\/sensor-higienico-8721-e-medidor-de-fluxo-sanitario\/#primaryimage","url":"https:\/\/mlhff0prgoxu.i.optimole.com\/cb:s0sM.767\/w:auto\/h:auto\/q:mauto\/f:best\/https:\/\/fullsolutions.info\/wp-content\/uploads\/2024\/02\/Rosemount-8721-1.jpg","contentUrl":"https:\/\/mlhff0prgoxu.i.optimole.com\/cb:s0sM.767\/w:auto\/h:auto\/q:mauto\/f:best\/https:\/\/fullsolutions.info\/wp-content\/uploads\/2024\/02\/Rosemount-8721-1.jpg","width":538,"height":609},{"@type":"BreadcrumbList","@id":"https:\/\/fullsolutions.info\/produto\/sensor-higienico-8721-e-medidor-de-fluxo-sanitario\/#breadcrumb","itemListElement":[{"@type":"ListItem","position":1,"name":"In\u00edcio","item":"https:\/\/fullsolutions.info\/"},{"@type":"ListItem","position":2,"name":"Produtos","item":"https:\/\/fullsolutions.info\/shop\/"},{"@type":"ListItem","position":3,"name":"Sensor Higi\u00eanico 8721 e Medidor de Fluxo Sanit\u00e1rio"}]},{"@type":"WebSite","@id":"https:\/\/fullsolutions.info\/#website","url":"https:\/\/fullsolutions.info\/","name":"Full Solutions","description":"Empresa na \u00c1rea de Procurement","publisher":{"@id":"https:\/\/fullsolutions.info\/#organization"},"potentialAction":[{"@type":"SearchAction","target":{"@type":"EntryPoint","urlTemplate":"https:\/\/fullsolutions.info\/?s={search_term_string}"},"query-input":{"@type":"PropertyValueSpecification","valueRequired":true,"valueName":"search_term_string"}}],"inLanguage":"en-US"},{"@type":"Organization","@id":"https:\/\/fullsolutions.info\/#organization","name":"Full Solutions","url":"https:\/\/fullsolutions.info\/","logo":{"@type":"ImageObject","inLanguage":"en-US","@id":"https:\/\/fullsolutions.info\/#\/schema\/logo\/image\/","url":"https:\/\/mlhff0prgoxu.i.optimole.com\/cb:s0sM.767\/w:auto\/h:auto\/q:mauto\/f:best\/https:\/\/fullsolutions.info\/wp-content\/uploads\/2021\/07\/cropped-Design-sem-nome-300x193-1-e1627062664782.png","contentUrl":"https:\/\/mlhff0prgoxu.i.optimole.com\/cb:s0sM.767\/w:auto\/h:auto\/q:mauto\/f:best\/https:\/\/fullsolutions.info\/wp-content\/uploads\/2021\/07\/cropped-Design-sem-nome-300x193-1-e1627062664782.png","width":202,"height":155,"caption":"Full Solutions"},"image":{"@id":"https:\/\/fullsolutions.info\/#\/schema\/logo\/image\/"},"sameAs":["https:\/\/www.linkedin.com\/company\/full-solutions-equipment"]}]}},"_links":{"self":[{"href":"https:\/\/fullsolutions.info\/en\/wp-json\/wp\/v2\/product\/4280","targetHints":{"allow":["GET"]}}],"collection":[{"href":"https:\/\/fullsolutions.info\/en\/wp-json\/wp\/v2\/product"}],"about":[{"href":"https:\/\/fullsolutions.info\/en\/wp-json\/wp\/v2\/types\/product"}],"replies":[{"embeddable":true,"href":"https:\/\/fullsolutions.info\/en\/wp-json\/wp\/v2\/comments?post=4280"}],"wp:featuredmedia":[{"embeddable":true,"href":"https:\/\/fullsolutions.info\/en\/wp-json\/wp\/v2\/media\/4283"}],"wp:attachment":[{"href":"https:\/\/fullsolutions.info\/en\/wp-json\/wp\/v2\/media?parent=4280"}],"wp:term":[{"taxonomy":"product_brand","embeddable":true,"href":"https:\/\/fullsolutions.info\/en\/wp-json\/wp\/v2\/product_brand?post=4280"},{"taxonomy":"product_cat","embeddable":true,"href":"https:\/\/fullsolutions.info\/en\/wp-json\/wp\/v2\/product_cat?post=4280"},{"taxonomy":"product_tag","embeddable":true,"href":"https:\/\/fullsolutions.info\/en\/wp-json\/wp\/v2\/product_tag?post=4280"},{"taxonomy":"marca","embeddable":true,"href":"https:\/\/fullsolutions.info\/en\/wp-json\/wp\/v2\/marca?post=4280"}],"curies":[{"name":"wp","href":"https:\/\/api.w.org\/{rel}","templated":true}]}}