{"id":4277,"date":"2024-02-02T15:34:08","date_gmt":"2024-02-02T15:34:08","guid":{"rendered":"https:\/\/fullsolutionsequip.com\/?post_type=product&#038;p=4277"},"modified":"2024-02-19T16:12:51","modified_gmt":"2024-02-19T16:12:51","slug":"sensor-de-wafer-8711","status":"publish","type":"product","link":"https:\/\/fullsolutions.info\/en\/product\/sensor-de-wafer-8711\/","title":{"rendered":"Sensor de Wafer 8711"},"content":{"rendered":"<p>O design sem flange do sensor de wafer 8711 o torna uma alternativa econ\u00f4mica, compacta e leve aos medidores de fluxo magn\u00e9tico com flanges. An\u00e9is de alinhamento fornecidos com cada 8711 centralizam o sensor na linha de processo e facilitam a instala\u00e7\u00e3o.<\/p>\n<ul>\n<li>Sensor leve e f\u00e1cil de instalar para muitas aplica\u00e7\u00f5es comuns de fluxo.<\/li>\n<li>Ampla variedade de tamanhos e materiais de eletrodo para atender \u00e0s suas necessidades.<\/li>\n<li>Design econ\u00f4mico.<\/li>\n<\/ul>\n<p>Recursos e Benef\u00edcios:<\/p>\n<ul>\n<li>Constru\u00e7\u00e3o sem flange para tamanho e peso m\u00ednimos.<\/li>\n<li>Dispon\u00edvel em tamanhos de 0,15 a 8 polegadas (4 a 200 mm).<\/li>\n<li>Sensores revestidos com ETFE v\u00eam com uma escolha de materiais de eletrodo para se adequar \u00e0 maioria dos fluidos de processo.<\/li>\n<li>Sensores revestidos com PTFE est\u00e3o dispon\u00edveis para aplica\u00e7\u00f5es que exigem material de revestimento aprovado pela FDA.<\/li>\n<\/ul>\n<p>Aplica\u00e7\u00f5es:<\/p>\n<p>Os Sistemas de Medidores de Fluxo Magn\u00e9tico 8700 proporcionam medi\u00e7\u00e3o de fluxo sem obstru\u00e7\u00e3o, sendo ideal para dosagem de qualquer fluido condutivo. Uma ampla escolha de materiais de constru\u00e7\u00e3o oferece compatibilidade com praticamente todas as aplica\u00e7\u00f5es, desde l\u00edquidos altamente corrosivos at\u00e9 polpas fibrosas frequentemente consideradas dif\u00edceis de medir com outros dispositivos. Os Medidores de Fluxo Magn\u00e9tico Rosemount oferecem o benef\u00edcio de medir o fluxo em um conjunto praticamente n\u00e3o afetado por altera\u00e7\u00f5es de densidade, temperatura, press\u00e3o e viscosidade.<\/p>","protected":false},"excerpt":{"rendered":"<p>O design sem flange do sensor de wafer 8711 o torna uma alternativa econ\u00f4mica, compacta e leve aos medidores de fluxo magn\u00e9tico com flanges. An\u00e9is de alinhamento fornecidos com cada 8711 centralizam o sensor na linha de processo e facilitam a instala\u00e7\u00e3o. Sensor leve e f\u00e1cil de instalar para muitas aplica\u00e7\u00f5es comuns de fluxo. Ampla variedade de tamanhos e materiais de eletrodo para atender \u00e0s suas necessidades. Design econ\u00f4mico. Recursos e Benef\u00edcios: Constru\u00e7\u00e3o sem flange para tamanho e peso m\u00ednimos. Dispon\u00edvel em tamanhos de 0,15 a 8 polegadas (4 a 200 mm). Sensores revestidos com ETFE v\u00eam com uma escolha de materiais de eletrodo para se adequar \u00e0 maioria dos fluidos de processo. Sensores revestidos com PTFE est\u00e3o dispon\u00edveis para aplica\u00e7\u00f5es que exigem material de revestimento aprovado pela FDA. Aplica\u00e7\u00f5es: Os Sistemas de Medidores de Fluxo Magn\u00e9tico 8700 proporcionam medi\u00e7\u00e3o de fluxo sem obstru\u00e7\u00e3o, sendo ideal para dosagem de qualquer fluido condutivo. Uma ampla escolha de materiais de constru\u00e7\u00e3o oferece compatibilidade com praticamente todas as aplica\u00e7\u00f5es, desde l\u00edquidos altamente corrosivos at\u00e9 polpas fibrosas frequentemente consideradas dif\u00edceis de medir com outros dispositivos. Os Medidores de Fluxo Magn\u00e9tico Rosemount oferecem o benef\u00edcio de medir o fluxo em um conjunto praticamente n\u00e3o afetado por altera\u00e7\u00f5es de densidade, temperatura, press\u00e3o e viscosidade.<\/p>","protected":false},"featured_media":4279,"comment_status":"open","ping_status":"closed","template":"","meta":{"_joinchat":[]},"product_brand":[],"product_cat":[146],"product_tag":[],"marca":[141],"class_list":{"0":"post-4277","1":"product","2":"type-product","3":"status-publish","4":"has-post-thumbnail","6":"product_cat-medidores-de-vazao-e-tubos-de-vazao","7":"marca-rosemount","9":"first","10":"instock","11":"shipping-taxable","12":"purchasable","13":"product-type-simple"},"yoast_head":"<!-- This site is optimized with the Yoast SEO plugin v27.2 - https:\/\/yoast.com\/product\/yoast-seo-wordpress\/ -->\n<title>Sensor de Wafer 8711 - Full Solutions<\/title>\n<meta name=\"robots\" content=\"index, follow, max-snippet:-1, max-image-preview:large, max-video-preview:-1\" \/>\n<link rel=\"canonical\" href=\"https:\/\/fullsolutions.info\/en\/product\/sensor-de-wafer-8711\/\" \/>\n<meta property=\"og:locale\" content=\"en_US\" \/>\n<meta property=\"og:type\" content=\"article\" \/>\n<meta property=\"og:title\" content=\"Sensor de Wafer 8711 - Full Solutions\" \/>\n<meta property=\"og:description\" content=\"O design sem flange do sensor de wafer 8711 o torna uma alternativa econ\u00f4mica, compacta e leve aos medidores de fluxo magn\u00e9tico com flanges. An\u00e9is de alinhamento fornecidos com cada 8711 centralizam o sensor na linha de processo e facilitam a instala\u00e7\u00e3o. Sensor leve e f\u00e1cil de instalar para muitas aplica\u00e7\u00f5es comuns de fluxo. Ampla variedade de tamanhos e materiais de eletrodo para atender \u00e0s suas necessidades. Design econ\u00f4mico. Recursos e Benef\u00edcios: Constru\u00e7\u00e3o sem flange para tamanho e peso m\u00ednimos. Dispon\u00edvel em tamanhos de 0,15 a 8 polegadas (4 a 200 mm). Sensores revestidos com ETFE v\u00eam com uma escolha de materiais de eletrodo para se adequar \u00e0 maioria dos fluidos de processo. Sensores revestidos com PTFE est\u00e3o dispon\u00edveis para aplica\u00e7\u00f5es que exigem material de revestimento aprovado pela FDA. Aplica\u00e7\u00f5es: Os Sistemas de Medidores de Fluxo Magn\u00e9tico 8700 proporcionam medi\u00e7\u00e3o de fluxo sem obstru\u00e7\u00e3o, sendo ideal para dosagem de qualquer fluido condutivo. Uma ampla escolha de materiais de constru\u00e7\u00e3o oferece compatibilidade com praticamente todas as aplica\u00e7\u00f5es, desde l\u00edquidos altamente corrosivos at\u00e9 polpas fibrosas frequentemente consideradas dif\u00edceis de medir com outros dispositivos. Os Medidores de Fluxo Magn\u00e9tico Rosemount oferecem o benef\u00edcio de medir o fluxo em um conjunto praticamente n\u00e3o afetado por altera\u00e7\u00f5es de densidade, temperatura, press\u00e3o e viscosidade.\" \/>\n<meta property=\"og:url\" content=\"https:\/\/fullsolutions.info\/en\/product\/sensor-de-wafer-8711\/\" \/>\n<meta property=\"og:site_name\" content=\"Full Solutions\" \/>\n<meta property=\"article:modified_time\" content=\"2024-02-19T16:12:51+00:00\" \/>\n<meta property=\"og:image\" content=\"https:\/\/mlhff0prgoxu.i.optimole.com\/cb:s0sM.767\/w:auto\/h:auto\/q:mauto\/f:best\/https:\/\/fullsolutions.info\/wp-content\/uploads\/2024\/02\/Rosemount-8711.jpg\" \/>\n\t<meta property=\"og:image:width\" content=\"661\" \/>\n\t<meta property=\"og:image:height\" content=\"686\" \/>\n\t<meta property=\"og:image:type\" content=\"image\/jpeg\" \/>\n<meta name=\"twitter:card\" content=\"summary_large_image\" \/>\n<meta name=\"twitter:label1\" content=\"Est. reading time\" \/>\n\t<meta name=\"twitter:data1\" content=\"1 minute\" \/>\n<script type=\"application\/ld+json\" class=\"yoast-schema-graph\">{\"@context\":\"https:\/\/schema.org\",\"@graph\":[{\"@type\":\"WebPage\",\"@id\":\"https:\/\/fullsolutions.info\/produto\/sensor-de-wafer-8711\/\",\"url\":\"https:\/\/fullsolutions.info\/produto\/sensor-de-wafer-8711\/\",\"name\":\"Sensor de Wafer 8711 - Full Solutions\",\"isPartOf\":{\"@id\":\"https:\/\/fullsolutions.info\/#website\"},\"primaryImageOfPage\":{\"@id\":\"https:\/\/fullsolutions.info\/produto\/sensor-de-wafer-8711\/#primaryimage\"},\"image\":{\"@id\":\"https:\/\/fullsolutions.info\/produto\/sensor-de-wafer-8711\/#primaryimage\"},\"thumbnailUrl\":\"https:\/\/mlhff0prgoxu.i.optimole.com\/cb:s0sM.767\/w:auto\/h:auto\/q:mauto\/f:best\/https:\/\/fullsolutions.info\/wp-content\/uploads\/2024\/02\/Rosemount-8711.jpg\",\"datePublished\":\"2024-02-02T15:34:08+00:00\",\"dateModified\":\"2024-02-19T16:12:51+00:00\",\"breadcrumb\":{\"@id\":\"https:\/\/fullsolutions.info\/produto\/sensor-de-wafer-8711\/#breadcrumb\"},\"inLanguage\":\"en-US\",\"potentialAction\":[{\"@type\":\"ReadAction\",\"target\":[\"https:\/\/fullsolutions.info\/produto\/sensor-de-wafer-8711\/\"]}]},{\"@type\":\"ImageObject\",\"inLanguage\":\"en-US\",\"@id\":\"https:\/\/fullsolutions.info\/produto\/sensor-de-wafer-8711\/#primaryimage\",\"url\":\"https:\/\/mlhff0prgoxu.i.optimole.com\/cb:s0sM.767\/w:auto\/h:auto\/q:mauto\/f:best\/https:\/\/fullsolutions.info\/wp-content\/uploads\/2024\/02\/Rosemount-8711.jpg\",\"contentUrl\":\"https:\/\/mlhff0prgoxu.i.optimole.com\/cb:s0sM.767\/w:auto\/h:auto\/q:mauto\/f:best\/https:\/\/fullsolutions.info\/wp-content\/uploads\/2024\/02\/Rosemount-8711.jpg\",\"width\":661,\"height\":686},{\"@type\":\"BreadcrumbList\",\"@id\":\"https:\/\/fullsolutions.info\/produto\/sensor-de-wafer-8711\/#breadcrumb\",\"itemListElement\":[{\"@type\":\"ListItem\",\"position\":1,\"name\":\"In\u00edcio\",\"item\":\"https:\/\/fullsolutions.info\/\"},{\"@type\":\"ListItem\",\"position\":2,\"name\":\"Produtos\",\"item\":\"https:\/\/fullsolutions.info\/shop\/\"},{\"@type\":\"ListItem\",\"position\":3,\"name\":\"Sensor de Wafer 8711\"}]},{\"@type\":\"WebSite\",\"@id\":\"https:\/\/fullsolutions.info\/#website\",\"url\":\"https:\/\/fullsolutions.info\/\",\"name\":\"Full Solutions\",\"description\":\"Empresa na \u00c1rea de Procurement\",\"publisher\":{\"@id\":\"https:\/\/fullsolutions.info\/#organization\"},\"potentialAction\":[{\"@type\":\"SearchAction\",\"target\":{\"@type\":\"EntryPoint\",\"urlTemplate\":\"https:\/\/fullsolutions.info\/?s={search_term_string}\"},\"query-input\":{\"@type\":\"PropertyValueSpecification\",\"valueRequired\":true,\"valueName\":\"search_term_string\"}}],\"inLanguage\":\"en-US\"},{\"@type\":\"Organization\",\"@id\":\"https:\/\/fullsolutions.info\/#organization\",\"name\":\"Full Solutions\",\"url\":\"https:\/\/fullsolutions.info\/\",\"logo\":{\"@type\":\"ImageObject\",\"inLanguage\":\"en-US\",\"@id\":\"https:\/\/fullsolutions.info\/#\/schema\/logo\/image\/\",\"url\":\"https:\/\/mlhff0prgoxu.i.optimole.com\/cb:s0sM.767\/w:auto\/h:auto\/q:mauto\/f:best\/https:\/\/fullsolutions.info\/wp-content\/uploads\/2021\/07\/cropped-Design-sem-nome-300x193-1-e1627062664782.png\",\"contentUrl\":\"https:\/\/mlhff0prgoxu.i.optimole.com\/cb:s0sM.767\/w:auto\/h:auto\/q:mauto\/f:best\/https:\/\/fullsolutions.info\/wp-content\/uploads\/2021\/07\/cropped-Design-sem-nome-300x193-1-e1627062664782.png\",\"width\":202,\"height\":155,\"caption\":\"Full Solutions\"},\"image\":{\"@id\":\"https:\/\/fullsolutions.info\/#\/schema\/logo\/image\/\"},\"sameAs\":[\"https:\/\/www.linkedin.com\/company\/full-solutions-equipment\"]}]}<\/script>\n<!-- \/ Yoast SEO plugin. -->","yoast_head_json":{"title":"Sensor de Wafer 8711 - Full Solutions","robots":{"index":"index","follow":"follow","max-snippet":"max-snippet:-1","max-image-preview":"max-image-preview:large","max-video-preview":"max-video-preview:-1"},"canonical":"https:\/\/fullsolutions.info\/en\/product\/sensor-de-wafer-8711\/","og_locale":"en_US","og_type":"article","og_title":"Sensor de Wafer 8711 - Full Solutions","og_description":"O design sem flange do sensor de wafer 8711 o torna uma alternativa econ\u00f4mica, compacta e leve aos medidores de fluxo magn\u00e9tico com flanges. An\u00e9is de alinhamento fornecidos com cada 8711 centralizam o sensor na linha de processo e facilitam a instala\u00e7\u00e3o. Sensor leve e f\u00e1cil de instalar para muitas aplica\u00e7\u00f5es comuns de fluxo. Ampla variedade de tamanhos e materiais de eletrodo para atender \u00e0s suas necessidades. Design econ\u00f4mico. Recursos e Benef\u00edcios: Constru\u00e7\u00e3o sem flange para tamanho e peso m\u00ednimos. Dispon\u00edvel em tamanhos de 0,15 a 8 polegadas (4 a 200 mm). Sensores revestidos com ETFE v\u00eam com uma escolha de materiais de eletrodo para se adequar \u00e0 maioria dos fluidos de processo. Sensores revestidos com PTFE est\u00e3o dispon\u00edveis para aplica\u00e7\u00f5es que exigem material de revestimento aprovado pela FDA. Aplica\u00e7\u00f5es: Os Sistemas de Medidores de Fluxo Magn\u00e9tico 8700 proporcionam medi\u00e7\u00e3o de fluxo sem obstru\u00e7\u00e3o, sendo ideal para dosagem de qualquer fluido condutivo. Uma ampla escolha de materiais de constru\u00e7\u00e3o oferece compatibilidade com praticamente todas as aplica\u00e7\u00f5es, desde l\u00edquidos altamente corrosivos at\u00e9 polpas fibrosas frequentemente consideradas dif\u00edceis de medir com outros dispositivos. Os Medidores de Fluxo Magn\u00e9tico Rosemount oferecem o benef\u00edcio de medir o fluxo em um conjunto praticamente n\u00e3o afetado por altera\u00e7\u00f5es de densidade, temperatura, press\u00e3o e viscosidade.","og_url":"https:\/\/fullsolutions.info\/en\/product\/sensor-de-wafer-8711\/","og_site_name":"Full Solutions","article_modified_time":"2024-02-19T16:12:51+00:00","og_image":[{"width":661,"height":686,"url":"https:\/\/mlhff0prgoxu.i.optimole.com\/cb:s0sM.767\/w:auto\/h:auto\/q:mauto\/f:best\/https:\/\/fullsolutions.info\/wp-content\/uploads\/2024\/02\/Rosemount-8711.jpg","type":"image\/jpeg"}],"twitter_card":"summary_large_image","twitter_misc":{"Est. reading time":"1 minute"},"schema":{"@context":"https:\/\/schema.org","@graph":[{"@type":"WebPage","@id":"https:\/\/fullsolutions.info\/produto\/sensor-de-wafer-8711\/","url":"https:\/\/fullsolutions.info\/produto\/sensor-de-wafer-8711\/","name":"Sensor de Wafer 8711 - Full Solutions","isPartOf":{"@id":"https:\/\/fullsolutions.info\/#website"},"primaryImageOfPage":{"@id":"https:\/\/fullsolutions.info\/produto\/sensor-de-wafer-8711\/#primaryimage"},"image":{"@id":"https:\/\/fullsolutions.info\/produto\/sensor-de-wafer-8711\/#primaryimage"},"thumbnailUrl":"https:\/\/mlhff0prgoxu.i.optimole.com\/cb:s0sM.767\/w:auto\/h:auto\/q:mauto\/f:best\/https:\/\/fullsolutions.info\/wp-content\/uploads\/2024\/02\/Rosemount-8711.jpg","datePublished":"2024-02-02T15:34:08+00:00","dateModified":"2024-02-19T16:12:51+00:00","breadcrumb":{"@id":"https:\/\/fullsolutions.info\/produto\/sensor-de-wafer-8711\/#breadcrumb"},"inLanguage":"en-US","potentialAction":[{"@type":"ReadAction","target":["https:\/\/fullsolutions.info\/produto\/sensor-de-wafer-8711\/"]}]},{"@type":"ImageObject","inLanguage":"en-US","@id":"https:\/\/fullsolutions.info\/produto\/sensor-de-wafer-8711\/#primaryimage","url":"https:\/\/mlhff0prgoxu.i.optimole.com\/cb:s0sM.767\/w:auto\/h:auto\/q:mauto\/f:best\/https:\/\/fullsolutions.info\/wp-content\/uploads\/2024\/02\/Rosemount-8711.jpg","contentUrl":"https:\/\/mlhff0prgoxu.i.optimole.com\/cb:s0sM.767\/w:auto\/h:auto\/q:mauto\/f:best\/https:\/\/fullsolutions.info\/wp-content\/uploads\/2024\/02\/Rosemount-8711.jpg","width":661,"height":686},{"@type":"BreadcrumbList","@id":"https:\/\/fullsolutions.info\/produto\/sensor-de-wafer-8711\/#breadcrumb","itemListElement":[{"@type":"ListItem","position":1,"name":"In\u00edcio","item":"https:\/\/fullsolutions.info\/"},{"@type":"ListItem","position":2,"name":"Produtos","item":"https:\/\/fullsolutions.info\/shop\/"},{"@type":"ListItem","position":3,"name":"Sensor de Wafer 8711"}]},{"@type":"WebSite","@id":"https:\/\/fullsolutions.info\/#website","url":"https:\/\/fullsolutions.info\/","name":"Full Solutions","description":"Empresa na \u00c1rea de Procurement","publisher":{"@id":"https:\/\/fullsolutions.info\/#organization"},"potentialAction":[{"@type":"SearchAction","target":{"@type":"EntryPoint","urlTemplate":"https:\/\/fullsolutions.info\/?s={search_term_string}"},"query-input":{"@type":"PropertyValueSpecification","valueRequired":true,"valueName":"search_term_string"}}],"inLanguage":"en-US"},{"@type":"Organization","@id":"https:\/\/fullsolutions.info\/#organization","name":"Full Solutions","url":"https:\/\/fullsolutions.info\/","logo":{"@type":"ImageObject","inLanguage":"en-US","@id":"https:\/\/fullsolutions.info\/#\/schema\/logo\/image\/","url":"https:\/\/mlhff0prgoxu.i.optimole.com\/cb:s0sM.767\/w:auto\/h:auto\/q:mauto\/f:best\/https:\/\/fullsolutions.info\/wp-content\/uploads\/2021\/07\/cropped-Design-sem-nome-300x193-1-e1627062664782.png","contentUrl":"https:\/\/mlhff0prgoxu.i.optimole.com\/cb:s0sM.767\/w:auto\/h:auto\/q:mauto\/f:best\/https:\/\/fullsolutions.info\/wp-content\/uploads\/2021\/07\/cropped-Design-sem-nome-300x193-1-e1627062664782.png","width":202,"height":155,"caption":"Full Solutions"},"image":{"@id":"https:\/\/fullsolutions.info\/#\/schema\/logo\/image\/"},"sameAs":["https:\/\/www.linkedin.com\/company\/full-solutions-equipment"]}]}},"_links":{"self":[{"href":"https:\/\/fullsolutions.info\/en\/wp-json\/wp\/v2\/product\/4277","targetHints":{"allow":["GET"]}}],"collection":[{"href":"https:\/\/fullsolutions.info\/en\/wp-json\/wp\/v2\/product"}],"about":[{"href":"https:\/\/fullsolutions.info\/en\/wp-json\/wp\/v2\/types\/product"}],"replies":[{"embeddable":true,"href":"https:\/\/fullsolutions.info\/en\/wp-json\/wp\/v2\/comments?post=4277"}],"wp:featuredmedia":[{"embeddable":true,"href":"https:\/\/fullsolutions.info\/en\/wp-json\/wp\/v2\/media\/4279"}],"wp:attachment":[{"href":"https:\/\/fullsolutions.info\/en\/wp-json\/wp\/v2\/media?parent=4277"}],"wp:term":[{"taxonomy":"product_brand","embeddable":true,"href":"https:\/\/fullsolutions.info\/en\/wp-json\/wp\/v2\/product_brand?post=4277"},{"taxonomy":"product_cat","embeddable":true,"href":"https:\/\/fullsolutions.info\/en\/wp-json\/wp\/v2\/product_cat?post=4277"},{"taxonomy":"product_tag","embeddable":true,"href":"https:\/\/fullsolutions.info\/en\/wp-json\/wp\/v2\/product_tag?post=4277"},{"taxonomy":"marca","embeddable":true,"href":"https:\/\/fullsolutions.info\/en\/wp-json\/wp\/v2\/marca?post=4277"}],"curies":[{"name":"wp","href":"https:\/\/api.w.org\/{rel}","templated":true}]}}