{"id":4275,"date":"2024-02-02T15:31:48","date_gmt":"2024-02-02T15:31:48","guid":{"rendered":"https:\/\/fullsolutionsequip.com\/?post_type=product&#038;p=4275"},"modified":"2024-02-19T16:12:51","modified_gmt":"2024-02-19T16:12:51","slug":"micropilot-s-fmr533","status":"publish","type":"product","link":"https:\/\/fullsolutions.info\/en\/product\/micropilot-s-fmr533\/","title":{"rendered":"Micropilot S FMR533"},"content":{"rendered":"<p>Endress+Hauser Medidor de N\u00edvel por Radar &#8211; Micropilot S FMR533<\/p>\n<p>Descri\u00e7\u00e3o do Produto<\/p>\n<p>Transmissor cont\u00ednuo de n\u00edvel para medi\u00e7\u00e3o de n\u00edvel de precis\u00e3o cont\u00ednua e sem contato. Para aplica\u00e7\u00f5es de transfer\u00eancia de cust\u00f3dia e controle de invent\u00e1rio com aprova\u00e7\u00f5es NMi e PTB.<\/p>\n<p>Seus Benef\u00edcios<\/p>\n<p>Precis\u00e3o de 0,5 mm (valor 2\u03c3).<\/p>\n<p>Aprova\u00e7\u00f5es nacionais (NMi, PTB) para transfer\u00eancia de cust\u00f3dia.<\/p>\n<p>Aplic\u00e1vel como sistema independente ou integrado a sistemas de medi\u00e7\u00e3o de tanques via Tank Side Monitor NRF590.<\/p>\n<p>Opera\u00e7\u00e3o f\u00e1cil no local via display alfanum\u00e9rico guiado por menu.<\/p>\n<p>Comissionamento f\u00e1cil, documenta\u00e7\u00e3o e diagn\u00f3stico via tecnologia FDT\/DTM (FieldCare).<\/p>\n<p>Sele\u00e7\u00e3o de antena espec\u00edfica para aplica\u00e7\u00e3o. Vers\u00f5es com antena planar permitem instala\u00e7\u00e3o direta em po\u00e7os de estabiliza\u00e7\u00e3o c\u00f4nicos.<\/p>\n<p>Instala\u00e7\u00e3o econ\u00f4mica e simples via cabo de 4 fios com alimenta\u00e7\u00e3o intrinsecamente segura de 24 V CC e HART.<\/p>\n<p>Conex\u00e3o de processo herm\u00e9tica (segunda linha de defesa) padr\u00e3o para qualquer vers\u00e3o de antena.<\/p>\n<p>Vers\u00e3o de Controle de Invent\u00e1rio com precis\u00e3o reduzida (3 mm) dispon\u00edvel.<\/p>\n<p>Campo de Aplica\u00e7\u00e3o<\/p>\n<p>O Micropilot S \u00e9 usado para medi\u00e7\u00e3o de n\u00edvel altamente precisa em tanques de armazenamento e pode ser aplicado em aplica\u00e7\u00f5es de transfer\u00eancia de cust\u00f3dia. Atende aos requisitos relevantes de acordo com OIML R85 e API 3.1B.<\/p>\n<p>O FMR533 com antena parab\u00f3lica \u00e9 excelente para aplica\u00e7\u00f5es em espa\u00e7o livre de at\u00e9 40 m (131 p\u00e9s).<\/p>","protected":false},"excerpt":{"rendered":"<p>Endress+Hauser Medidor de N\u00edvel por Radar &#8211; Micropilot S FMR533 Descri\u00e7\u00e3o do Produto Transmissor cont\u00ednuo de n\u00edvel para medi\u00e7\u00e3o de n\u00edvel de precis\u00e3o cont\u00ednua e sem contato. Para aplica\u00e7\u00f5es de transfer\u00eancia de cust\u00f3dia e controle de invent\u00e1rio com aprova\u00e7\u00f5es NMi e PTB. Seus Benef\u00edcios Precis\u00e3o de 0,5 mm (valor 2\u03c3). Aprova\u00e7\u00f5es nacionais (NMi, PTB) para transfer\u00eancia de cust\u00f3dia. Aplic\u00e1vel como sistema independente ou integrado a sistemas de medi\u00e7\u00e3o de tanques via Tank Side Monitor NRF590. Opera\u00e7\u00e3o f\u00e1cil no local via display alfanum\u00e9rico guiado por menu. Comissionamento f\u00e1cil, documenta\u00e7\u00e3o e diagn\u00f3stico via tecnologia FDT\/DTM (FieldCare). Sele\u00e7\u00e3o de antena espec\u00edfica para aplica\u00e7\u00e3o. Vers\u00f5es com antena planar permitem instala\u00e7\u00e3o direta em po\u00e7os de estabiliza\u00e7\u00e3o c\u00f4nicos. Instala\u00e7\u00e3o econ\u00f4mica e simples via cabo de 4 fios com alimenta\u00e7\u00e3o intrinsecamente segura de 24 V CC e HART. Conex\u00e3o de processo herm\u00e9tica (segunda linha de defesa) padr\u00e3o para qualquer vers\u00e3o de antena. Vers\u00e3o de Controle de Invent\u00e1rio com precis\u00e3o reduzida (3 mm) dispon\u00edvel. Campo de Aplica\u00e7\u00e3o O Micropilot S \u00e9 usado para medi\u00e7\u00e3o de n\u00edvel altamente precisa em tanques de armazenamento e pode ser aplicado em aplica\u00e7\u00f5es de transfer\u00eancia de cust\u00f3dia. Atende aos requisitos relevantes de acordo com OIML R85 e API 3.1B. O FMR533 com antena parab\u00f3lica \u00e9 excelente para aplica\u00e7\u00f5es em espa\u00e7o livre de at\u00e9 40 m (131 p\u00e9s).<\/p>","protected":false},"featured_media":4276,"comment_status":"open","ping_status":"closed","template":"","meta":{"_joinchat":[]},"product_brand":[],"product_cat":[140],"product_tag":[],"marca":[147],"class_list":{"0":"post-4275","1":"product","2":"type-product","3":"status-publish","4":"has-post-thumbnail","6":"product_cat-transmissores","7":"marca-endresshauser","9":"first","10":"instock","11":"shipping-taxable","12":"purchasable","13":"product-type-simple"},"yoast_head":"<!-- This site is optimized with the Yoast SEO plugin v27.2 - https:\/\/yoast.com\/product\/yoast-seo-wordpress\/ -->\n<title>Micropilot S FMR533 - Full Solutions<\/title>\n<meta name=\"robots\" content=\"index, follow, max-snippet:-1, max-image-preview:large, max-video-preview:-1\" \/>\n<link rel=\"canonical\" href=\"https:\/\/fullsolutions.info\/en\/product\/micropilot-s-fmr533\/\" \/>\n<meta property=\"og:locale\" content=\"en_US\" \/>\n<meta property=\"og:type\" content=\"article\" \/>\n<meta property=\"og:title\" content=\"Micropilot S FMR533 - Full Solutions\" \/>\n<meta property=\"og:description\" content=\"Endress+Hauser Medidor de N\u00edvel por Radar &#8211; Micropilot S FMR533 Descri\u00e7\u00e3o do Produto Transmissor cont\u00ednuo de n\u00edvel para medi\u00e7\u00e3o de n\u00edvel de precis\u00e3o cont\u00ednua e sem contato. Para aplica\u00e7\u00f5es de transfer\u00eancia de cust\u00f3dia e controle de invent\u00e1rio com aprova\u00e7\u00f5es NMi e PTB. Seus Benef\u00edcios Precis\u00e3o de 0,5 mm (valor 2\u03c3). Aprova\u00e7\u00f5es nacionais (NMi, PTB) para transfer\u00eancia de cust\u00f3dia. Aplic\u00e1vel como sistema independente ou integrado a sistemas de medi\u00e7\u00e3o de tanques via Tank Side Monitor NRF590. Opera\u00e7\u00e3o f\u00e1cil no local via display alfanum\u00e9rico guiado por menu. Comissionamento f\u00e1cil, documenta\u00e7\u00e3o e diagn\u00f3stico via tecnologia FDT\/DTM (FieldCare). Sele\u00e7\u00e3o de antena espec\u00edfica para aplica\u00e7\u00e3o. Vers\u00f5es com antena planar permitem instala\u00e7\u00e3o direta em po\u00e7os de estabiliza\u00e7\u00e3o c\u00f4nicos. Instala\u00e7\u00e3o econ\u00f4mica e simples via cabo de 4 fios com alimenta\u00e7\u00e3o intrinsecamente segura de 24 V CC e HART. Conex\u00e3o de processo herm\u00e9tica (segunda linha de defesa) padr\u00e3o para qualquer vers\u00e3o de antena. Vers\u00e3o de Controle de Invent\u00e1rio com precis\u00e3o reduzida (3 mm) dispon\u00edvel. Campo de Aplica\u00e7\u00e3o O Micropilot S \u00e9 usado para medi\u00e7\u00e3o de n\u00edvel altamente precisa em tanques de armazenamento e pode ser aplicado em aplica\u00e7\u00f5es de transfer\u00eancia de cust\u00f3dia. Atende aos requisitos relevantes de acordo com OIML R85 e API 3.1B. O FMR533 com antena parab\u00f3lica \u00e9 excelente para aplica\u00e7\u00f5es em espa\u00e7o livre de at\u00e9 40 m (131 p\u00e9s).\" \/>\n<meta property=\"og:url\" content=\"https:\/\/fullsolutions.info\/en\/product\/micropilot-s-fmr533\/\" \/>\n<meta property=\"og:site_name\" content=\"Full Solutions\" \/>\n<meta property=\"article:modified_time\" content=\"2024-02-19T16:12:51+00:00\" \/>\n<meta property=\"og:image\" content=\"https:\/\/mlhff0prgoxu.i.optimole.com\/cb:s0sM.767\/w:auto\/h:auto\/q:mauto\/f:best\/https:\/\/fullsolutions.info\/wp-content\/uploads\/2024\/02\/Micropilot-S-FMR533.jpeg\" \/>\n\t<meta property=\"og:image:width\" content=\"500\" \/>\n\t<meta property=\"og:image:height\" content=\"500\" \/>\n\t<meta property=\"og:image:type\" content=\"image\/jpeg\" \/>\n<meta name=\"twitter:card\" content=\"summary_large_image\" \/>\n<meta name=\"twitter:label1\" content=\"Est. reading time\" \/>\n\t<meta name=\"twitter:data1\" content=\"1 minute\" \/>\n<script type=\"application\/ld+json\" class=\"yoast-schema-graph\">{\"@context\":\"https:\/\/schema.org\",\"@graph\":[{\"@type\":\"WebPage\",\"@id\":\"https:\/\/fullsolutions.info\/produto\/micropilot-s-fmr533\/\",\"url\":\"https:\/\/fullsolutions.info\/produto\/micropilot-s-fmr533\/\",\"name\":\"Micropilot S FMR533 - Full Solutions\",\"isPartOf\":{\"@id\":\"https:\/\/fullsolutions.info\/#website\"},\"primaryImageOfPage\":{\"@id\":\"https:\/\/fullsolutions.info\/produto\/micropilot-s-fmr533\/#primaryimage\"},\"image\":{\"@id\":\"https:\/\/fullsolutions.info\/produto\/micropilot-s-fmr533\/#primaryimage\"},\"thumbnailUrl\":\"https:\/\/mlhff0prgoxu.i.optimole.com\/cb:s0sM.767\/w:auto\/h:auto\/q:mauto\/f:best\/https:\/\/fullsolutions.info\/wp-content\/uploads\/2024\/02\/Micropilot-S-FMR533.jpeg\",\"datePublished\":\"2024-02-02T15:31:48+00:00\",\"dateModified\":\"2024-02-19T16:12:51+00:00\",\"breadcrumb\":{\"@id\":\"https:\/\/fullsolutions.info\/produto\/micropilot-s-fmr533\/#breadcrumb\"},\"inLanguage\":\"en-US\",\"potentialAction\":[{\"@type\":\"ReadAction\",\"target\":[\"https:\/\/fullsolutions.info\/produto\/micropilot-s-fmr533\/\"]}]},{\"@type\":\"ImageObject\",\"inLanguage\":\"en-US\",\"@id\":\"https:\/\/fullsolutions.info\/produto\/micropilot-s-fmr533\/#primaryimage\",\"url\":\"https:\/\/mlhff0prgoxu.i.optimole.com\/cb:s0sM.767\/w:auto\/h:auto\/q:mauto\/f:best\/https:\/\/fullsolutions.info\/wp-content\/uploads\/2024\/02\/Micropilot-S-FMR533.jpeg\",\"contentUrl\":\"https:\/\/mlhff0prgoxu.i.optimole.com\/cb:s0sM.767\/w:auto\/h:auto\/q:mauto\/f:best\/https:\/\/fullsolutions.info\/wp-content\/uploads\/2024\/02\/Micropilot-S-FMR533.jpeg\",\"width\":500,\"height\":500},{\"@type\":\"BreadcrumbList\",\"@id\":\"https:\/\/fullsolutions.info\/produto\/micropilot-s-fmr533\/#breadcrumb\",\"itemListElement\":[{\"@type\":\"ListItem\",\"position\":1,\"name\":\"In\u00edcio\",\"item\":\"https:\/\/fullsolutions.info\/\"},{\"@type\":\"ListItem\",\"position\":2,\"name\":\"Produtos\",\"item\":\"https:\/\/fullsolutions.info\/shop\/\"},{\"@type\":\"ListItem\",\"position\":3,\"name\":\"Micropilot S FMR533\"}]},{\"@type\":\"WebSite\",\"@id\":\"https:\/\/fullsolutions.info\/#website\",\"url\":\"https:\/\/fullsolutions.info\/\",\"name\":\"Full Solutions\",\"description\":\"Empresa na \u00c1rea de Procurement\",\"publisher\":{\"@id\":\"https:\/\/fullsolutions.info\/#organization\"},\"potentialAction\":[{\"@type\":\"SearchAction\",\"target\":{\"@type\":\"EntryPoint\",\"urlTemplate\":\"https:\/\/fullsolutions.info\/?s={search_term_string}\"},\"query-input\":{\"@type\":\"PropertyValueSpecification\",\"valueRequired\":true,\"valueName\":\"search_term_string\"}}],\"inLanguage\":\"en-US\"},{\"@type\":\"Organization\",\"@id\":\"https:\/\/fullsolutions.info\/#organization\",\"name\":\"Full Solutions\",\"url\":\"https:\/\/fullsolutions.info\/\",\"logo\":{\"@type\":\"ImageObject\",\"inLanguage\":\"en-US\",\"@id\":\"https:\/\/fullsolutions.info\/#\/schema\/logo\/image\/\",\"url\":\"https:\/\/mlhff0prgoxu.i.optimole.com\/cb:s0sM.767\/w:auto\/h:auto\/q:mauto\/f:best\/https:\/\/fullsolutions.info\/wp-content\/uploads\/2021\/07\/cropped-Design-sem-nome-300x193-1-e1627062664782.png\",\"contentUrl\":\"https:\/\/mlhff0prgoxu.i.optimole.com\/cb:s0sM.767\/w:auto\/h:auto\/q:mauto\/f:best\/https:\/\/fullsolutions.info\/wp-content\/uploads\/2021\/07\/cropped-Design-sem-nome-300x193-1-e1627062664782.png\",\"width\":202,\"height\":155,\"caption\":\"Full Solutions\"},\"image\":{\"@id\":\"https:\/\/fullsolutions.info\/#\/schema\/logo\/image\/\"},\"sameAs\":[\"https:\/\/www.linkedin.com\/company\/full-solutions-equipment\"]}]}<\/script>\n<!-- \/ Yoast SEO plugin. -->","yoast_head_json":{"title":"Micropilot S FMR533 - Full Solutions","robots":{"index":"index","follow":"follow","max-snippet":"max-snippet:-1","max-image-preview":"max-image-preview:large","max-video-preview":"max-video-preview:-1"},"canonical":"https:\/\/fullsolutions.info\/en\/product\/micropilot-s-fmr533\/","og_locale":"en_US","og_type":"article","og_title":"Micropilot S FMR533 - Full Solutions","og_description":"Endress+Hauser Medidor de N\u00edvel por Radar &#8211; Micropilot S FMR533 Descri\u00e7\u00e3o do Produto Transmissor cont\u00ednuo de n\u00edvel para medi\u00e7\u00e3o de n\u00edvel de precis\u00e3o cont\u00ednua e sem contato. Para aplica\u00e7\u00f5es de transfer\u00eancia de cust\u00f3dia e controle de invent\u00e1rio com aprova\u00e7\u00f5es NMi e PTB. Seus Benef\u00edcios Precis\u00e3o de 0,5 mm (valor 2\u03c3). Aprova\u00e7\u00f5es nacionais (NMi, PTB) para transfer\u00eancia de cust\u00f3dia. Aplic\u00e1vel como sistema independente ou integrado a sistemas de medi\u00e7\u00e3o de tanques via Tank Side Monitor NRF590. Opera\u00e7\u00e3o f\u00e1cil no local via display alfanum\u00e9rico guiado por menu. Comissionamento f\u00e1cil, documenta\u00e7\u00e3o e diagn\u00f3stico via tecnologia FDT\/DTM (FieldCare). Sele\u00e7\u00e3o de antena espec\u00edfica para aplica\u00e7\u00e3o. Vers\u00f5es com antena planar permitem instala\u00e7\u00e3o direta em po\u00e7os de estabiliza\u00e7\u00e3o c\u00f4nicos. Instala\u00e7\u00e3o econ\u00f4mica e simples via cabo de 4 fios com alimenta\u00e7\u00e3o intrinsecamente segura de 24 V CC e HART. Conex\u00e3o de processo herm\u00e9tica (segunda linha de defesa) padr\u00e3o para qualquer vers\u00e3o de antena. Vers\u00e3o de Controle de Invent\u00e1rio com precis\u00e3o reduzida (3 mm) dispon\u00edvel. Campo de Aplica\u00e7\u00e3o O Micropilot S \u00e9 usado para medi\u00e7\u00e3o de n\u00edvel altamente precisa em tanques de armazenamento e pode ser aplicado em aplica\u00e7\u00f5es de transfer\u00eancia de cust\u00f3dia. Atende aos requisitos relevantes de acordo com OIML R85 e API 3.1B. O FMR533 com antena parab\u00f3lica \u00e9 excelente para aplica\u00e7\u00f5es em espa\u00e7o livre de at\u00e9 40 m (131 p\u00e9s).","og_url":"https:\/\/fullsolutions.info\/en\/product\/micropilot-s-fmr533\/","og_site_name":"Full Solutions","article_modified_time":"2024-02-19T16:12:51+00:00","og_image":[{"width":500,"height":500,"url":"https:\/\/mlhff0prgoxu.i.optimole.com\/cb:s0sM.767\/w:auto\/h:auto\/q:mauto\/f:best\/https:\/\/fullsolutions.info\/wp-content\/uploads\/2024\/02\/Micropilot-S-FMR533.jpeg","type":"image\/jpeg"}],"twitter_card":"summary_large_image","twitter_misc":{"Est. reading time":"1 minute"},"schema":{"@context":"https:\/\/schema.org","@graph":[{"@type":"WebPage","@id":"https:\/\/fullsolutions.info\/produto\/micropilot-s-fmr533\/","url":"https:\/\/fullsolutions.info\/produto\/micropilot-s-fmr533\/","name":"Micropilot S FMR533 - Full Solutions","isPartOf":{"@id":"https:\/\/fullsolutions.info\/#website"},"primaryImageOfPage":{"@id":"https:\/\/fullsolutions.info\/produto\/micropilot-s-fmr533\/#primaryimage"},"image":{"@id":"https:\/\/fullsolutions.info\/produto\/micropilot-s-fmr533\/#primaryimage"},"thumbnailUrl":"https:\/\/mlhff0prgoxu.i.optimole.com\/cb:s0sM.767\/w:auto\/h:auto\/q:mauto\/f:best\/https:\/\/fullsolutions.info\/wp-content\/uploads\/2024\/02\/Micropilot-S-FMR533.jpeg","datePublished":"2024-02-02T15:31:48+00:00","dateModified":"2024-02-19T16:12:51+00:00","breadcrumb":{"@id":"https:\/\/fullsolutions.info\/produto\/micropilot-s-fmr533\/#breadcrumb"},"inLanguage":"en-US","potentialAction":[{"@type":"ReadAction","target":["https:\/\/fullsolutions.info\/produto\/micropilot-s-fmr533\/"]}]},{"@type":"ImageObject","inLanguage":"en-US","@id":"https:\/\/fullsolutions.info\/produto\/micropilot-s-fmr533\/#primaryimage","url":"https:\/\/mlhff0prgoxu.i.optimole.com\/cb:s0sM.767\/w:auto\/h:auto\/q:mauto\/f:best\/https:\/\/fullsolutions.info\/wp-content\/uploads\/2024\/02\/Micropilot-S-FMR533.jpeg","contentUrl":"https:\/\/mlhff0prgoxu.i.optimole.com\/cb:s0sM.767\/w:auto\/h:auto\/q:mauto\/f:best\/https:\/\/fullsolutions.info\/wp-content\/uploads\/2024\/02\/Micropilot-S-FMR533.jpeg","width":500,"height":500},{"@type":"BreadcrumbList","@id":"https:\/\/fullsolutions.info\/produto\/micropilot-s-fmr533\/#breadcrumb","itemListElement":[{"@type":"ListItem","position":1,"name":"In\u00edcio","item":"https:\/\/fullsolutions.info\/"},{"@type":"ListItem","position":2,"name":"Produtos","item":"https:\/\/fullsolutions.info\/shop\/"},{"@type":"ListItem","position":3,"name":"Micropilot S FMR533"}]},{"@type":"WebSite","@id":"https:\/\/fullsolutions.info\/#website","url":"https:\/\/fullsolutions.info\/","name":"Full Solutions","description":"Empresa na \u00c1rea de Procurement","publisher":{"@id":"https:\/\/fullsolutions.info\/#organization"},"potentialAction":[{"@type":"SearchAction","target":{"@type":"EntryPoint","urlTemplate":"https:\/\/fullsolutions.info\/?s={search_term_string}"},"query-input":{"@type":"PropertyValueSpecification","valueRequired":true,"valueName":"search_term_string"}}],"inLanguage":"en-US"},{"@type":"Organization","@id":"https:\/\/fullsolutions.info\/#organization","name":"Full Solutions","url":"https:\/\/fullsolutions.info\/","logo":{"@type":"ImageObject","inLanguage":"en-US","@id":"https:\/\/fullsolutions.info\/#\/schema\/logo\/image\/","url":"https:\/\/mlhff0prgoxu.i.optimole.com\/cb:s0sM.767\/w:auto\/h:auto\/q:mauto\/f:best\/https:\/\/fullsolutions.info\/wp-content\/uploads\/2021\/07\/cropped-Design-sem-nome-300x193-1-e1627062664782.png","contentUrl":"https:\/\/mlhff0prgoxu.i.optimole.com\/cb:s0sM.767\/w:auto\/h:auto\/q:mauto\/f:best\/https:\/\/fullsolutions.info\/wp-content\/uploads\/2021\/07\/cropped-Design-sem-nome-300x193-1-e1627062664782.png","width":202,"height":155,"caption":"Full Solutions"},"image":{"@id":"https:\/\/fullsolutions.info\/#\/schema\/logo\/image\/"},"sameAs":["https:\/\/www.linkedin.com\/company\/full-solutions-equipment"]}]}},"_links":{"self":[{"href":"https:\/\/fullsolutions.info\/en\/wp-json\/wp\/v2\/product\/4275","targetHints":{"allow":["GET"]}}],"collection":[{"href":"https:\/\/fullsolutions.info\/en\/wp-json\/wp\/v2\/product"}],"about":[{"href":"https:\/\/fullsolutions.info\/en\/wp-json\/wp\/v2\/types\/product"}],"replies":[{"embeddable":true,"href":"https:\/\/fullsolutions.info\/en\/wp-json\/wp\/v2\/comments?post=4275"}],"wp:featuredmedia":[{"embeddable":true,"href":"https:\/\/fullsolutions.info\/en\/wp-json\/wp\/v2\/media\/4276"}],"wp:attachment":[{"href":"https:\/\/fullsolutions.info\/en\/wp-json\/wp\/v2\/media?parent=4275"}],"wp:term":[{"taxonomy":"product_brand","embeddable":true,"href":"https:\/\/fullsolutions.info\/en\/wp-json\/wp\/v2\/product_brand?post=4275"},{"taxonomy":"product_cat","embeddable":true,"href":"https:\/\/fullsolutions.info\/en\/wp-json\/wp\/v2\/product_cat?post=4275"},{"taxonomy":"product_tag","embeddable":true,"href":"https:\/\/fullsolutions.info\/en\/wp-json\/wp\/v2\/product_tag?post=4275"},{"taxonomy":"marca","embeddable":true,"href":"https:\/\/fullsolutions.info\/en\/wp-json\/wp\/v2\/marca?post=4275"}],"curies":[{"name":"wp","href":"https:\/\/api.w.org\/{rel}","templated":true}]}}