{"id":4273,"date":"2024-02-02T15:30:26","date_gmt":"2024-02-02T15:30:26","guid":{"rendered":"https:\/\/fullsolutionsequip.com\/?post_type=product&#038;p=4273"},"modified":"2024-02-19T16:13:24","modified_gmt":"2024-02-19T16:13:24","slug":"micropilot-s-fmr540","status":"publish","type":"product","link":"https:\/\/fullsolutions.info\/en\/product\/micropilot-s-fmr540\/","title":{"rendered":"Micropilot S FMR540"},"content":{"rendered":"<p>Endress+Hauser Medidor de N\u00edvel por Radar &#8211; Micropilot S FMR540<\/p>\n<p>Descri\u00e7\u00e3o do Produto<\/p>\n<p>Transmissor cont\u00ednuo de n\u00edvel para medi\u00e7\u00e3o de n\u00edvel de precis\u00e3o cont\u00ednua e sem contato. Para aplica\u00e7\u00f5es de transfer\u00eancia de cust\u00f3dia e controle de invent\u00e1rio com aprova\u00e7\u00f5es NMi e PTB.<\/p>\n<p>Seus Benef\u00edcios<\/p>\n<p>Precis\u00e3o melhor que 1 mm.<\/p>\n<p>Aprova\u00e7\u00f5es nacionais (NMi, PTB) para transfer\u00eancia de cust\u00f3dia.<\/p>\n<p>Aplic\u00e1vel como sistema independente ou integrado a sistemas de medi\u00e7\u00e3o de tanques via Tank Side Monitor NRF590.<\/p>\n<p>Instala\u00e7\u00e3o econ\u00f4mica e simples via cabo de 4 fios com alimenta\u00e7\u00e3o intrinsecamente segura de 24 V CC e HART.<\/p>\n<p>Flanges universais de baixo custo e baixo peso.<\/p>\n<p>Dispositivo de alinhamento para compensar qualquer inclina\u00e7\u00e3o de flange.<\/p>\n<p>Opera\u00e7\u00e3o f\u00e1cil no local via display alfanum\u00e9rico guiado por menu.<\/p>\n<p>Comissionamento f\u00e1cil, documenta\u00e7\u00e3o e diagn\u00f3stico via software operacional (FieldCare).<\/p>\n<p>Comunica\u00e7\u00e3o HART.<\/p>\n<p>Campo de Aplica\u00e7\u00e3o<\/p>\n<p>O Micropilot S \u00e9 usado para medi\u00e7\u00e3o de n\u00edvel altamente precisa em tanques de armazenamento e pode ser aplicado em aplica\u00e7\u00f5es de transfer\u00eancia de cust\u00f3dia. Atende aos requisitos relevantes de acordo com OIML R85 e API 3.1B.<\/p>\n<p>\u00c1reas t\u00edpicas de aplica\u00e7\u00e3o incluem:<\/p>\n<p>O Micropilot S com antena parab\u00f3lica \u00e9 excelente para aplica\u00e7\u00f5es em espa\u00e7o livre de at\u00e9 40 m (131 p\u00e9s).<br \/>\nO Micropilot S com antena de corneta \u00e9 adequado para aplica\u00e7\u00f5es em espa\u00e7o livre que n\u00e3o permitem o uso de uma antena parab\u00f3lica devido \u00e0 geometria do tanque\/bocal.<br \/>\nO FMR540 com antena parab\u00f3lica DN200 (8&#8243;) ou DN250 (10&#8243;) oferece alto foco de feixe de 4,4\u00b0 ou 3,3\u00b0 e \u00e9, portanto, ideal para aplica\u00e7\u00f5es com bocais situados pr\u00f3ximos \u00e0 parede do tanque. O FMR540 com antena de corneta DN100 (4&#8243;) \u00e9 projetado para todos os tamanhos de bocais pequenos.<\/p>","protected":false},"excerpt":{"rendered":"<p>Endress+Hauser Medidor de N\u00edvel por Radar &#8211; Micropilot S FMR540 Descri\u00e7\u00e3o do Produto Transmissor cont\u00ednuo de n\u00edvel para medi\u00e7\u00e3o de n\u00edvel de precis\u00e3o cont\u00ednua e sem contato. Para aplica\u00e7\u00f5es de transfer\u00eancia de cust\u00f3dia e controle de invent\u00e1rio com aprova\u00e7\u00f5es NMi e PTB. Seus Benef\u00edcios Precis\u00e3o melhor que 1 mm. Aprova\u00e7\u00f5es nacionais (NMi, PTB) para transfer\u00eancia de cust\u00f3dia. Aplic\u00e1vel como sistema independente ou integrado a sistemas de medi\u00e7\u00e3o de tanques via Tank Side Monitor NRF590. Instala\u00e7\u00e3o econ\u00f4mica e simples via cabo de 4 fios com alimenta\u00e7\u00e3o intrinsecamente segura de 24 V CC e HART. Flanges universais de baixo custo e baixo peso. Dispositivo de alinhamento para compensar qualquer inclina\u00e7\u00e3o de flange. Opera\u00e7\u00e3o f\u00e1cil no local via display alfanum\u00e9rico guiado por menu. Comissionamento f\u00e1cil, documenta\u00e7\u00e3o e diagn\u00f3stico via software operacional (FieldCare). Comunica\u00e7\u00e3o HART. Campo de Aplica\u00e7\u00e3o O Micropilot S \u00e9 usado para medi\u00e7\u00e3o de n\u00edvel altamente precisa em tanques de armazenamento e pode ser aplicado em aplica\u00e7\u00f5es de transfer\u00eancia de cust\u00f3dia. Atende aos requisitos relevantes de acordo com OIML R85 e API 3.1B. \u00c1reas t\u00edpicas de aplica\u00e7\u00e3o incluem: O Micropilot S com antena parab\u00f3lica \u00e9 excelente para aplica\u00e7\u00f5es em espa\u00e7o livre de at\u00e9 40 m (131 p\u00e9s). O Micropilot S com antena de corneta \u00e9 adequado para aplica\u00e7\u00f5es em espa\u00e7o livre que n\u00e3o permitem o uso de uma antena parab\u00f3lica devido \u00e0 geometria do tanque\/bocal. O FMR540 com antena parab\u00f3lica DN200 (8&#8243;) ou DN250 (10&#8243;) oferece alto foco de feixe de 4,4\u00b0 ou 3,3\u00b0 e \u00e9, portanto, ideal para aplica\u00e7\u00f5es com bocais situados pr\u00f3ximos \u00e0 parede do tanque. O FMR540 com antena de corneta DN100 (4&#8243;) \u00e9 projetado para todos os tamanhos de bocais pequenos.<\/p>","protected":false},"featured_media":4274,"comment_status":"open","ping_status":"closed","template":"","meta":{"_joinchat":[]},"product_brand":[],"product_cat":[140],"product_tag":[],"marca":[147],"class_list":{"0":"post-4273","1":"product","2":"type-product","3":"status-publish","4":"has-post-thumbnail","6":"product_cat-transmissores","7":"marca-endresshauser","9":"first","10":"instock","11":"shipping-taxable","12":"purchasable","13":"product-type-simple"},"yoast_head":"<!-- This site is optimized with the Yoast SEO plugin v27.2 - https:\/\/yoast.com\/product\/yoast-seo-wordpress\/ -->\n<title>Micropilot S FMR540 - Full Solutions<\/title>\n<meta name=\"robots\" content=\"index, follow, max-snippet:-1, max-image-preview:large, max-video-preview:-1\" \/>\n<link rel=\"canonical\" href=\"https:\/\/fullsolutions.info\/en\/product\/micropilot-s-fmr540\/\" \/>\n<meta property=\"og:locale\" content=\"en_US\" \/>\n<meta property=\"og:type\" content=\"article\" \/>\n<meta property=\"og:title\" content=\"Micropilot S FMR540 - Full Solutions\" \/>\n<meta property=\"og:description\" content=\"Endress+Hauser Medidor de N\u00edvel por Radar &#8211; Micropilot S FMR540 Descri\u00e7\u00e3o do Produto Transmissor cont\u00ednuo de n\u00edvel para medi\u00e7\u00e3o de n\u00edvel de precis\u00e3o cont\u00ednua e sem contato. Para aplica\u00e7\u00f5es de transfer\u00eancia de cust\u00f3dia e controle de invent\u00e1rio com aprova\u00e7\u00f5es NMi e PTB. Seus Benef\u00edcios Precis\u00e3o melhor que 1 mm. Aprova\u00e7\u00f5es nacionais (NMi, PTB) para transfer\u00eancia de cust\u00f3dia. Aplic\u00e1vel como sistema independente ou integrado a sistemas de medi\u00e7\u00e3o de tanques via Tank Side Monitor NRF590. Instala\u00e7\u00e3o econ\u00f4mica e simples via cabo de 4 fios com alimenta\u00e7\u00e3o intrinsecamente segura de 24 V CC e HART. Flanges universais de baixo custo e baixo peso. Dispositivo de alinhamento para compensar qualquer inclina\u00e7\u00e3o de flange. Opera\u00e7\u00e3o f\u00e1cil no local via display alfanum\u00e9rico guiado por menu. Comissionamento f\u00e1cil, documenta\u00e7\u00e3o e diagn\u00f3stico via software operacional (FieldCare). Comunica\u00e7\u00e3o HART. Campo de Aplica\u00e7\u00e3o O Micropilot S \u00e9 usado para medi\u00e7\u00e3o de n\u00edvel altamente precisa em tanques de armazenamento e pode ser aplicado em aplica\u00e7\u00f5es de transfer\u00eancia de cust\u00f3dia. Atende aos requisitos relevantes de acordo com OIML R85 e API 3.1B. \u00c1reas t\u00edpicas de aplica\u00e7\u00e3o incluem: O Micropilot S com antena parab\u00f3lica \u00e9 excelente para aplica\u00e7\u00f5es em espa\u00e7o livre de at\u00e9 40 m (131 p\u00e9s). O Micropilot S com antena de corneta \u00e9 adequado para aplica\u00e7\u00f5es em espa\u00e7o livre que n\u00e3o permitem o uso de uma antena parab\u00f3lica devido \u00e0 geometria do tanque\/bocal. O FMR540 com antena parab\u00f3lica DN200 (8&#8243;) ou DN250 (10&#8243;) oferece alto foco de feixe de 4,4\u00b0 ou 3,3\u00b0 e \u00e9, portanto, ideal para aplica\u00e7\u00f5es com bocais situados pr\u00f3ximos \u00e0 parede do tanque. O FMR540 com antena de corneta DN100 (4&#8243;) \u00e9 projetado para todos os tamanhos de bocais pequenos.\" \/>\n<meta property=\"og:url\" content=\"https:\/\/fullsolutions.info\/en\/product\/micropilot-s-fmr540\/\" \/>\n<meta property=\"og:site_name\" content=\"Full Solutions\" \/>\n<meta property=\"article:modified_time\" content=\"2024-02-19T16:13:24+00:00\" \/>\n<meta property=\"og:image\" content=\"https:\/\/mlhff0prgoxu.i.optimole.com\/cb:s0sM.767\/w:auto\/h:auto\/q:mauto\/f:best\/https:\/\/fullsolutions.info\/wp-content\/uploads\/2024\/02\/Micropilot-S-FMR540.jpeg\" \/>\n\t<meta property=\"og:image:width\" content=\"500\" \/>\n\t<meta property=\"og:image:height\" content=\"500\" \/>\n\t<meta property=\"og:image:type\" content=\"image\/jpeg\" \/>\n<meta name=\"twitter:card\" content=\"summary_large_image\" \/>\n<meta name=\"twitter:label1\" content=\"Est. reading time\" \/>\n\t<meta name=\"twitter:data1\" content=\"2 minutes\" \/>\n<script type=\"application\/ld+json\" class=\"yoast-schema-graph\">{\"@context\":\"https:\/\/schema.org\",\"@graph\":[{\"@type\":\"WebPage\",\"@id\":\"https:\/\/fullsolutions.info\/produto\/micropilot-s-fmr540\/\",\"url\":\"https:\/\/fullsolutions.info\/produto\/micropilot-s-fmr540\/\",\"name\":\"Micropilot S FMR540 - Full Solutions\",\"isPartOf\":{\"@id\":\"https:\/\/fullsolutions.info\/#website\"},\"primaryImageOfPage\":{\"@id\":\"https:\/\/fullsolutions.info\/produto\/micropilot-s-fmr540\/#primaryimage\"},\"image\":{\"@id\":\"https:\/\/fullsolutions.info\/produto\/micropilot-s-fmr540\/#primaryimage\"},\"thumbnailUrl\":\"https:\/\/mlhff0prgoxu.i.optimole.com\/cb:s0sM.767\/w:auto\/h:auto\/q:mauto\/f:best\/https:\/\/fullsolutions.info\/wp-content\/uploads\/2024\/02\/Micropilot-S-FMR540.jpeg\",\"datePublished\":\"2024-02-02T15:30:26+00:00\",\"dateModified\":\"2024-02-19T16:13:24+00:00\",\"breadcrumb\":{\"@id\":\"https:\/\/fullsolutions.info\/produto\/micropilot-s-fmr540\/#breadcrumb\"},\"inLanguage\":\"en-US\",\"potentialAction\":[{\"@type\":\"ReadAction\",\"target\":[\"https:\/\/fullsolutions.info\/produto\/micropilot-s-fmr540\/\"]}]},{\"@type\":\"ImageObject\",\"inLanguage\":\"en-US\",\"@id\":\"https:\/\/fullsolutions.info\/produto\/micropilot-s-fmr540\/#primaryimage\",\"url\":\"https:\/\/mlhff0prgoxu.i.optimole.com\/cb:s0sM.767\/w:auto\/h:auto\/q:mauto\/f:best\/https:\/\/fullsolutions.info\/wp-content\/uploads\/2024\/02\/Micropilot-S-FMR540.jpeg\",\"contentUrl\":\"https:\/\/mlhff0prgoxu.i.optimole.com\/cb:s0sM.767\/w:auto\/h:auto\/q:mauto\/f:best\/https:\/\/fullsolutions.info\/wp-content\/uploads\/2024\/02\/Micropilot-S-FMR540.jpeg\",\"width\":500,\"height\":500},{\"@type\":\"BreadcrumbList\",\"@id\":\"https:\/\/fullsolutions.info\/produto\/micropilot-s-fmr540\/#breadcrumb\",\"itemListElement\":[{\"@type\":\"ListItem\",\"position\":1,\"name\":\"In\u00edcio\",\"item\":\"https:\/\/fullsolutions.info\/\"},{\"@type\":\"ListItem\",\"position\":2,\"name\":\"Produtos\",\"item\":\"https:\/\/fullsolutions.info\/shop\/\"},{\"@type\":\"ListItem\",\"position\":3,\"name\":\"Micropilot S FMR540\"}]},{\"@type\":\"WebSite\",\"@id\":\"https:\/\/fullsolutions.info\/#website\",\"url\":\"https:\/\/fullsolutions.info\/\",\"name\":\"Full Solutions\",\"description\":\"Empresa na \u00c1rea de Procurement\",\"publisher\":{\"@id\":\"https:\/\/fullsolutions.info\/#organization\"},\"potentialAction\":[{\"@type\":\"SearchAction\",\"target\":{\"@type\":\"EntryPoint\",\"urlTemplate\":\"https:\/\/fullsolutions.info\/?s={search_term_string}\"},\"query-input\":{\"@type\":\"PropertyValueSpecification\",\"valueRequired\":true,\"valueName\":\"search_term_string\"}}],\"inLanguage\":\"en-US\"},{\"@type\":\"Organization\",\"@id\":\"https:\/\/fullsolutions.info\/#organization\",\"name\":\"Full Solutions\",\"url\":\"https:\/\/fullsolutions.info\/\",\"logo\":{\"@type\":\"ImageObject\",\"inLanguage\":\"en-US\",\"@id\":\"https:\/\/fullsolutions.info\/#\/schema\/logo\/image\/\",\"url\":\"https:\/\/mlhff0prgoxu.i.optimole.com\/cb:s0sM.767\/w:auto\/h:auto\/q:mauto\/f:best\/https:\/\/fullsolutions.info\/wp-content\/uploads\/2021\/07\/cropped-Design-sem-nome-300x193-1-e1627062664782.png\",\"contentUrl\":\"https:\/\/mlhff0prgoxu.i.optimole.com\/cb:s0sM.767\/w:auto\/h:auto\/q:mauto\/f:best\/https:\/\/fullsolutions.info\/wp-content\/uploads\/2021\/07\/cropped-Design-sem-nome-300x193-1-e1627062664782.png\",\"width\":202,\"height\":155,\"caption\":\"Full Solutions\"},\"image\":{\"@id\":\"https:\/\/fullsolutions.info\/#\/schema\/logo\/image\/\"},\"sameAs\":[\"https:\/\/www.linkedin.com\/company\/full-solutions-equipment\"]}]}<\/script>\n<!-- \/ Yoast SEO plugin. -->","yoast_head_json":{"title":"Micropilot S FMR540 - Full Solutions","robots":{"index":"index","follow":"follow","max-snippet":"max-snippet:-1","max-image-preview":"max-image-preview:large","max-video-preview":"max-video-preview:-1"},"canonical":"https:\/\/fullsolutions.info\/en\/product\/micropilot-s-fmr540\/","og_locale":"en_US","og_type":"article","og_title":"Micropilot S FMR540 - Full Solutions","og_description":"Endress+Hauser Medidor de N\u00edvel por Radar &#8211; Micropilot S FMR540 Descri\u00e7\u00e3o do Produto Transmissor cont\u00ednuo de n\u00edvel para medi\u00e7\u00e3o de n\u00edvel de precis\u00e3o cont\u00ednua e sem contato. Para aplica\u00e7\u00f5es de transfer\u00eancia de cust\u00f3dia e controle de invent\u00e1rio com aprova\u00e7\u00f5es NMi e PTB. Seus Benef\u00edcios Precis\u00e3o melhor que 1 mm. Aprova\u00e7\u00f5es nacionais (NMi, PTB) para transfer\u00eancia de cust\u00f3dia. Aplic\u00e1vel como sistema independente ou integrado a sistemas de medi\u00e7\u00e3o de tanques via Tank Side Monitor NRF590. Instala\u00e7\u00e3o econ\u00f4mica e simples via cabo de 4 fios com alimenta\u00e7\u00e3o intrinsecamente segura de 24 V CC e HART. Flanges universais de baixo custo e baixo peso. Dispositivo de alinhamento para compensar qualquer inclina\u00e7\u00e3o de flange. Opera\u00e7\u00e3o f\u00e1cil no local via display alfanum\u00e9rico guiado por menu. Comissionamento f\u00e1cil, documenta\u00e7\u00e3o e diagn\u00f3stico via software operacional (FieldCare). Comunica\u00e7\u00e3o HART. Campo de Aplica\u00e7\u00e3o O Micropilot S \u00e9 usado para medi\u00e7\u00e3o de n\u00edvel altamente precisa em tanques de armazenamento e pode ser aplicado em aplica\u00e7\u00f5es de transfer\u00eancia de cust\u00f3dia. Atende aos requisitos relevantes de acordo com OIML R85 e API 3.1B. \u00c1reas t\u00edpicas de aplica\u00e7\u00e3o incluem: O Micropilot S com antena parab\u00f3lica \u00e9 excelente para aplica\u00e7\u00f5es em espa\u00e7o livre de at\u00e9 40 m (131 p\u00e9s). O Micropilot S com antena de corneta \u00e9 adequado para aplica\u00e7\u00f5es em espa\u00e7o livre que n\u00e3o permitem o uso de uma antena parab\u00f3lica devido \u00e0 geometria do tanque\/bocal. O FMR540 com antena parab\u00f3lica DN200 (8&#8243;) ou DN250 (10&#8243;) oferece alto foco de feixe de 4,4\u00b0 ou 3,3\u00b0 e \u00e9, portanto, ideal para aplica\u00e7\u00f5es com bocais situados pr\u00f3ximos \u00e0 parede do tanque. O FMR540 com antena de corneta DN100 (4&#8243;) \u00e9 projetado para todos os tamanhos de bocais pequenos.","og_url":"https:\/\/fullsolutions.info\/en\/product\/micropilot-s-fmr540\/","og_site_name":"Full Solutions","article_modified_time":"2024-02-19T16:13:24+00:00","og_image":[{"width":500,"height":500,"url":"https:\/\/mlhff0prgoxu.i.optimole.com\/cb:s0sM.767\/w:auto\/h:auto\/q:mauto\/f:best\/https:\/\/fullsolutions.info\/wp-content\/uploads\/2024\/02\/Micropilot-S-FMR540.jpeg","type":"image\/jpeg"}],"twitter_card":"summary_large_image","twitter_misc":{"Est. reading time":"2 minutes"},"schema":{"@context":"https:\/\/schema.org","@graph":[{"@type":"WebPage","@id":"https:\/\/fullsolutions.info\/produto\/micropilot-s-fmr540\/","url":"https:\/\/fullsolutions.info\/produto\/micropilot-s-fmr540\/","name":"Micropilot S FMR540 - Full Solutions","isPartOf":{"@id":"https:\/\/fullsolutions.info\/#website"},"primaryImageOfPage":{"@id":"https:\/\/fullsolutions.info\/produto\/micropilot-s-fmr540\/#primaryimage"},"image":{"@id":"https:\/\/fullsolutions.info\/produto\/micropilot-s-fmr540\/#primaryimage"},"thumbnailUrl":"https:\/\/mlhff0prgoxu.i.optimole.com\/cb:s0sM.767\/w:auto\/h:auto\/q:mauto\/f:best\/https:\/\/fullsolutions.info\/wp-content\/uploads\/2024\/02\/Micropilot-S-FMR540.jpeg","datePublished":"2024-02-02T15:30:26+00:00","dateModified":"2024-02-19T16:13:24+00:00","breadcrumb":{"@id":"https:\/\/fullsolutions.info\/produto\/micropilot-s-fmr540\/#breadcrumb"},"inLanguage":"en-US","potentialAction":[{"@type":"ReadAction","target":["https:\/\/fullsolutions.info\/produto\/micropilot-s-fmr540\/"]}]},{"@type":"ImageObject","inLanguage":"en-US","@id":"https:\/\/fullsolutions.info\/produto\/micropilot-s-fmr540\/#primaryimage","url":"https:\/\/mlhff0prgoxu.i.optimole.com\/cb:s0sM.767\/w:auto\/h:auto\/q:mauto\/f:best\/https:\/\/fullsolutions.info\/wp-content\/uploads\/2024\/02\/Micropilot-S-FMR540.jpeg","contentUrl":"https:\/\/mlhff0prgoxu.i.optimole.com\/cb:s0sM.767\/w:auto\/h:auto\/q:mauto\/f:best\/https:\/\/fullsolutions.info\/wp-content\/uploads\/2024\/02\/Micropilot-S-FMR540.jpeg","width":500,"height":500},{"@type":"BreadcrumbList","@id":"https:\/\/fullsolutions.info\/produto\/micropilot-s-fmr540\/#breadcrumb","itemListElement":[{"@type":"ListItem","position":1,"name":"In\u00edcio","item":"https:\/\/fullsolutions.info\/"},{"@type":"ListItem","position":2,"name":"Produtos","item":"https:\/\/fullsolutions.info\/shop\/"},{"@type":"ListItem","position":3,"name":"Micropilot S FMR540"}]},{"@type":"WebSite","@id":"https:\/\/fullsolutions.info\/#website","url":"https:\/\/fullsolutions.info\/","name":"Full Solutions","description":"Empresa na \u00c1rea de Procurement","publisher":{"@id":"https:\/\/fullsolutions.info\/#organization"},"potentialAction":[{"@type":"SearchAction","target":{"@type":"EntryPoint","urlTemplate":"https:\/\/fullsolutions.info\/?s={search_term_string}"},"query-input":{"@type":"PropertyValueSpecification","valueRequired":true,"valueName":"search_term_string"}}],"inLanguage":"en-US"},{"@type":"Organization","@id":"https:\/\/fullsolutions.info\/#organization","name":"Full Solutions","url":"https:\/\/fullsolutions.info\/","logo":{"@type":"ImageObject","inLanguage":"en-US","@id":"https:\/\/fullsolutions.info\/#\/schema\/logo\/image\/","url":"https:\/\/mlhff0prgoxu.i.optimole.com\/cb:s0sM.767\/w:auto\/h:auto\/q:mauto\/f:best\/https:\/\/fullsolutions.info\/wp-content\/uploads\/2021\/07\/cropped-Design-sem-nome-300x193-1-e1627062664782.png","contentUrl":"https:\/\/mlhff0prgoxu.i.optimole.com\/cb:s0sM.767\/w:auto\/h:auto\/q:mauto\/f:best\/https:\/\/fullsolutions.info\/wp-content\/uploads\/2021\/07\/cropped-Design-sem-nome-300x193-1-e1627062664782.png","width":202,"height":155,"caption":"Full Solutions"},"image":{"@id":"https:\/\/fullsolutions.info\/#\/schema\/logo\/image\/"},"sameAs":["https:\/\/www.linkedin.com\/company\/full-solutions-equipment"]}]}},"_links":{"self":[{"href":"https:\/\/fullsolutions.info\/en\/wp-json\/wp\/v2\/product\/4273","targetHints":{"allow":["GET"]}}],"collection":[{"href":"https:\/\/fullsolutions.info\/en\/wp-json\/wp\/v2\/product"}],"about":[{"href":"https:\/\/fullsolutions.info\/en\/wp-json\/wp\/v2\/types\/product"}],"replies":[{"embeddable":true,"href":"https:\/\/fullsolutions.info\/en\/wp-json\/wp\/v2\/comments?post=4273"}],"wp:featuredmedia":[{"embeddable":true,"href":"https:\/\/fullsolutions.info\/en\/wp-json\/wp\/v2\/media\/4274"}],"wp:attachment":[{"href":"https:\/\/fullsolutions.info\/en\/wp-json\/wp\/v2\/media?parent=4273"}],"wp:term":[{"taxonomy":"product_brand","embeddable":true,"href":"https:\/\/fullsolutions.info\/en\/wp-json\/wp\/v2\/product_brand?post=4273"},{"taxonomy":"product_cat","embeddable":true,"href":"https:\/\/fullsolutions.info\/en\/wp-json\/wp\/v2\/product_cat?post=4273"},{"taxonomy":"product_tag","embeddable":true,"href":"https:\/\/fullsolutions.info\/en\/wp-json\/wp\/v2\/product_tag?post=4273"},{"taxonomy":"marca","embeddable":true,"href":"https:\/\/fullsolutions.info\/en\/wp-json\/wp\/v2\/marca?post=4273"}],"curies":[{"name":"wp","href":"https:\/\/api.w.org\/{rel}","templated":true}]}}