{"id":4271,"date":"2024-02-02T15:31:15","date_gmt":"2024-02-02T15:31:15","guid":{"rendered":"https:\/\/fullsolutionsequip.com\/?post_type=product&#038;p=4271"},"modified":"2024-02-19T16:12:51","modified_gmt":"2024-02-19T16:12:51","slug":"sensores-flangeados-8705","status":"publish","type":"product","link":"https:\/\/fullsolutions.info\/en\/product\/sensores-flangeados-8705\/","title":{"rendered":"Sensores Flangeados 8705"},"content":{"rendered":"<p>Os sensores flangeados Rosemount 8705 s\u00e3o fabricados em a\u00e7o inoxid\u00e1vel e a\u00e7o carbono e soldados para fornecer uma veda\u00e7\u00e3o herm\u00e9tica que protege contra umidade e outros contaminantes. A carca\u00e7a selada garante m\u00e1xima confiabilidade do sensor ao proteger todos os componentes internos e fia\u00e7\u00e3o dos ambientes mais hostis. Todos os sistemas de medidores magn\u00e9ticos Rosemount utilizam a tecnologia de corrente cont\u00ednua pulsada, que proporciona um zeramento autom\u00e1tico cont\u00ednuo para compensar varia\u00e7\u00f5es no ambiente do processo.<\/p>\n<p>A carca\u00e7a totalmente soldada do sensor assegura confiabilidade nos ambientes mais severos.<\/p>\n<p>Ampla variedade de tamanhos, materiais de revestimento e materiais de eletrodo para atender a todas as suas necessidades de medidores magn\u00e9ticos.<\/p>\n<p>Comprimentos de instala\u00e7\u00e3o ISO.<\/p>\n<p><strong>Recursos e Benef\u00edcios:<\/strong><\/p>\n<p>Caracter\u00edsticas constru\u00e7\u00e3o flangeada tradicional e design simples para aprimorar a confiabilidade. Dispon\u00edvel em tamanhos de 0,5 a 36 polegadas (15 a 900 mm), com uma ampla sele\u00e7\u00e3o de materiais \u00famidos para compatibilidade com praticamente todos os fluidos condutivos.<\/p>\n<p>A carca\u00e7a \u00e9 fabricada em a\u00e7o carbono e \u00e9 totalmente soldada para fornecer uma veda\u00e7\u00e3o herm\u00e9tica. A carca\u00e7a tamb\u00e9m inclui compartimentos de conten\u00e7\u00e3o secund\u00e1rios que cercam os eletrodos para capturar qualquer vazamento potencial de fluido do processo.<\/p>\n<p>Um protetor de revestimento opcional, dispon\u00edvel para sensores revestidos com PTFE, protege contra danos durante a instala\u00e7\u00e3o e desgaste na borda de ataque<\/p>\n<p>&nbsp;<\/p>\n<p><strong>Aplica\u00e7\u00f5es<\/strong><\/p>\n<p>Os Sistemas de Medidores de Fluxo Magn\u00e9tico 8700 oferecem medi\u00e7\u00e3o de fluxo sem obstru\u00e7\u00e3o, sendo ideal para dosagem de qualquer fluido condutivo. Uma ampla sele\u00e7\u00e3o de materiais de constru\u00e7\u00e3o proporciona compatibilidade com praticamente todas as aplica\u00e7\u00f5es, desde l\u00edquidos altamente corrosivos at\u00e9 polpas fibrosas frequentemente consideradas dif\u00edceis de medir com outros dispositivos. Os Medidores de Fluxo Magn\u00e9tico Rosemount oferecem o benef\u00edcio de medir o fluxo em um conjunto praticamente n\u00e3o afetado por altera\u00e7\u00f5es de densidade, temperatura, press\u00e3o e viscosidade.<\/p>","protected":false},"excerpt":{"rendered":"<p>Os sensores flangeados Rosemount 8705 s\u00e3o fabricados em a\u00e7o inoxid\u00e1vel e a\u00e7o carbono e soldados para fornecer uma veda\u00e7\u00e3o herm\u00e9tica que protege contra umidade e outros contaminantes. A carca\u00e7a selada garante m\u00e1xima confiabilidade do sensor ao proteger todos os componentes internos e fia\u00e7\u00e3o dos ambientes mais hostis. Todos os sistemas de medidores magn\u00e9ticos Rosemount utilizam a tecnologia de corrente cont\u00ednua pulsada, que proporciona um zeramento autom\u00e1tico cont\u00ednuo para compensar varia\u00e7\u00f5es no ambiente do processo. A carca\u00e7a totalmente soldada do sensor assegura confiabilidade nos ambientes mais severos. Ampla variedade de tamanhos, materiais de revestimento e materiais de eletrodo para atender a todas as suas necessidades de medidores magn\u00e9ticos. Comprimentos de instala\u00e7\u00e3o ISO. Recursos e Benef\u00edcios: Caracter\u00edsticas constru\u00e7\u00e3o flangeada tradicional e design simples para aprimorar a confiabilidade. Dispon\u00edvel em tamanhos de 0,5 a 36 polegadas (15 a 900 mm), com uma ampla sele\u00e7\u00e3o de materiais \u00famidos para compatibilidade com praticamente todos os fluidos condutivos. A carca\u00e7a \u00e9 fabricada em a\u00e7o carbono e \u00e9 totalmente soldada para fornecer uma veda\u00e7\u00e3o herm\u00e9tica. A carca\u00e7a tamb\u00e9m inclui compartimentos de conten\u00e7\u00e3o secund\u00e1rios que cercam os eletrodos para capturar qualquer vazamento potencial de fluido do processo. Um protetor de revestimento opcional, dispon\u00edvel para sensores revestidos com PTFE, protege contra danos durante a instala\u00e7\u00e3o e desgaste na borda de ataque &nbsp; Aplica\u00e7\u00f5es Os Sistemas de Medidores de Fluxo Magn\u00e9tico 8700 oferecem medi\u00e7\u00e3o de fluxo sem obstru\u00e7\u00e3o, sendo ideal para dosagem de qualquer fluido condutivo. Uma ampla sele\u00e7\u00e3o de materiais de constru\u00e7\u00e3o proporciona compatibilidade com praticamente todas as aplica\u00e7\u00f5es, desde l\u00edquidos altamente corrosivos at\u00e9 polpas fibrosas frequentemente consideradas dif\u00edceis de medir com outros dispositivos. Os Medidores de Fluxo Magn\u00e9tico Rosemount oferecem o benef\u00edcio de medir o fluxo em um conjunto praticamente n\u00e3o afetado por altera\u00e7\u00f5es de densidade, temperatura, press\u00e3o e viscosidade.<\/p>","protected":false},"featured_media":4272,"comment_status":"open","ping_status":"closed","template":"","meta":{"_joinchat":[]},"product_brand":[],"product_cat":[146],"product_tag":[],"marca":[141],"class_list":{"0":"post-4271","1":"product","2":"type-product","3":"status-publish","4":"has-post-thumbnail","6":"product_cat-medidores-de-vazao-e-tubos-de-vazao","7":"marca-rosemount","9":"first","10":"instock","11":"shipping-taxable","12":"purchasable","13":"product-type-simple"},"yoast_head":"<!-- This site is optimized with the Yoast SEO plugin v27.2 - https:\/\/yoast.com\/product\/yoast-seo-wordpress\/ -->\n<title>Sensores Flangeados 8705 - Full Solutions<\/title>\n<meta name=\"robots\" content=\"index, follow, max-snippet:-1, max-image-preview:large, max-video-preview:-1\" \/>\n<link rel=\"canonical\" href=\"https:\/\/fullsolutions.info\/en\/product\/sensores-flangeados-8705\/\" \/>\n<meta property=\"og:locale\" content=\"en_US\" \/>\n<meta property=\"og:type\" content=\"article\" \/>\n<meta property=\"og:title\" content=\"Sensores Flangeados 8705 - Full Solutions\" \/>\n<meta property=\"og:description\" content=\"Os sensores flangeados Rosemount 8705 s\u00e3o fabricados em a\u00e7o inoxid\u00e1vel e a\u00e7o carbono e soldados para fornecer uma veda\u00e7\u00e3o herm\u00e9tica que protege contra umidade e outros contaminantes. A carca\u00e7a selada garante m\u00e1xima confiabilidade do sensor ao proteger todos os componentes internos e fia\u00e7\u00e3o dos ambientes mais hostis. Todos os sistemas de medidores magn\u00e9ticos Rosemount utilizam a tecnologia de corrente cont\u00ednua pulsada, que proporciona um zeramento autom\u00e1tico cont\u00ednuo para compensar varia\u00e7\u00f5es no ambiente do processo. A carca\u00e7a totalmente soldada do sensor assegura confiabilidade nos ambientes mais severos. Ampla variedade de tamanhos, materiais de revestimento e materiais de eletrodo para atender a todas as suas necessidades de medidores magn\u00e9ticos. Comprimentos de instala\u00e7\u00e3o ISO. Recursos e Benef\u00edcios: Caracter\u00edsticas constru\u00e7\u00e3o flangeada tradicional e design simples para aprimorar a confiabilidade. Dispon\u00edvel em tamanhos de 0,5 a 36 polegadas (15 a 900 mm), com uma ampla sele\u00e7\u00e3o de materiais \u00famidos para compatibilidade com praticamente todos os fluidos condutivos. A carca\u00e7a \u00e9 fabricada em a\u00e7o carbono e \u00e9 totalmente soldada para fornecer uma veda\u00e7\u00e3o herm\u00e9tica. A carca\u00e7a tamb\u00e9m inclui compartimentos de conten\u00e7\u00e3o secund\u00e1rios que cercam os eletrodos para capturar qualquer vazamento potencial de fluido do processo. Um protetor de revestimento opcional, dispon\u00edvel para sensores revestidos com PTFE, protege contra danos durante a instala\u00e7\u00e3o e desgaste na borda de ataque &nbsp; Aplica\u00e7\u00f5es Os Sistemas de Medidores de Fluxo Magn\u00e9tico 8700 oferecem medi\u00e7\u00e3o de fluxo sem obstru\u00e7\u00e3o, sendo ideal para dosagem de qualquer fluido condutivo. Uma ampla sele\u00e7\u00e3o de materiais de constru\u00e7\u00e3o proporciona compatibilidade com praticamente todas as aplica\u00e7\u00f5es, desde l\u00edquidos altamente corrosivos at\u00e9 polpas fibrosas frequentemente consideradas dif\u00edceis de medir com outros dispositivos. Os Medidores de Fluxo Magn\u00e9tico Rosemount oferecem o benef\u00edcio de medir o fluxo em um conjunto praticamente n\u00e3o afetado por altera\u00e7\u00f5es de densidade, temperatura, press\u00e3o e viscosidade.\" \/>\n<meta property=\"og:url\" content=\"https:\/\/fullsolutions.info\/en\/product\/sensores-flangeados-8705\/\" \/>\n<meta property=\"og:site_name\" content=\"Full Solutions\" \/>\n<meta property=\"article:modified_time\" content=\"2024-02-19T16:12:51+00:00\" \/>\n<meta property=\"og:image\" content=\"https:\/\/mlhff0prgoxu.i.optimole.com\/cb:s0sM.767\/w:auto\/h:auto\/q:mauto\/f:best\/https:\/\/fullsolutions.info\/wp-content\/uploads\/2024\/02\/Rosemount-8705.jpg\" \/>\n\t<meta property=\"og:image:width\" content=\"365\" \/>\n\t<meta property=\"og:image:height\" content=\"359\" \/>\n\t<meta property=\"og:image:type\" content=\"image\/jpeg\" \/>\n<meta name=\"twitter:card\" content=\"summary_large_image\" \/>\n<meta name=\"twitter:label1\" content=\"Est. reading time\" \/>\n\t<meta name=\"twitter:data1\" content=\"2 minutes\" \/>\n<script type=\"application\/ld+json\" class=\"yoast-schema-graph\">{\"@context\":\"https:\/\/schema.org\",\"@graph\":[{\"@type\":\"WebPage\",\"@id\":\"https:\/\/fullsolutions.info\/produto\/sensores-flangeados-8705\/\",\"url\":\"https:\/\/fullsolutions.info\/produto\/sensores-flangeados-8705\/\",\"name\":\"Sensores Flangeados 8705 - Full Solutions\",\"isPartOf\":{\"@id\":\"https:\/\/fullsolutions.info\/#website\"},\"primaryImageOfPage\":{\"@id\":\"https:\/\/fullsolutions.info\/produto\/sensores-flangeados-8705\/#primaryimage\"},\"image\":{\"@id\":\"https:\/\/fullsolutions.info\/produto\/sensores-flangeados-8705\/#primaryimage\"},\"thumbnailUrl\":\"https:\/\/mlhff0prgoxu.i.optimole.com\/cb:s0sM.767\/w:auto\/h:auto\/q:mauto\/f:best\/https:\/\/fullsolutions.info\/wp-content\/uploads\/2024\/02\/Rosemount-8705.jpg\",\"datePublished\":\"2024-02-02T15:31:15+00:00\",\"dateModified\":\"2024-02-19T16:12:51+00:00\",\"breadcrumb\":{\"@id\":\"https:\/\/fullsolutions.info\/produto\/sensores-flangeados-8705\/#breadcrumb\"},\"inLanguage\":\"en-US\",\"potentialAction\":[{\"@type\":\"ReadAction\",\"target\":[\"https:\/\/fullsolutions.info\/produto\/sensores-flangeados-8705\/\"]}]},{\"@type\":\"ImageObject\",\"inLanguage\":\"en-US\",\"@id\":\"https:\/\/fullsolutions.info\/produto\/sensores-flangeados-8705\/#primaryimage\",\"url\":\"https:\/\/mlhff0prgoxu.i.optimole.com\/cb:s0sM.767\/w:auto\/h:auto\/q:mauto\/f:best\/https:\/\/fullsolutions.info\/wp-content\/uploads\/2024\/02\/Rosemount-8705.jpg\",\"contentUrl\":\"https:\/\/mlhff0prgoxu.i.optimole.com\/cb:s0sM.767\/w:auto\/h:auto\/q:mauto\/f:best\/https:\/\/fullsolutions.info\/wp-content\/uploads\/2024\/02\/Rosemount-8705.jpg\",\"width\":365,\"height\":359},{\"@type\":\"BreadcrumbList\",\"@id\":\"https:\/\/fullsolutions.info\/produto\/sensores-flangeados-8705\/#breadcrumb\",\"itemListElement\":[{\"@type\":\"ListItem\",\"position\":1,\"name\":\"In\u00edcio\",\"item\":\"https:\/\/fullsolutions.info\/\"},{\"@type\":\"ListItem\",\"position\":2,\"name\":\"Produtos\",\"item\":\"https:\/\/fullsolutions.info\/shop\/\"},{\"@type\":\"ListItem\",\"position\":3,\"name\":\"Sensores Flangeados 8705\"}]},{\"@type\":\"WebSite\",\"@id\":\"https:\/\/fullsolutions.info\/#website\",\"url\":\"https:\/\/fullsolutions.info\/\",\"name\":\"Full Solutions\",\"description\":\"Empresa na \u00c1rea de Procurement\",\"publisher\":{\"@id\":\"https:\/\/fullsolutions.info\/#organization\"},\"potentialAction\":[{\"@type\":\"SearchAction\",\"target\":{\"@type\":\"EntryPoint\",\"urlTemplate\":\"https:\/\/fullsolutions.info\/?s={search_term_string}\"},\"query-input\":{\"@type\":\"PropertyValueSpecification\",\"valueRequired\":true,\"valueName\":\"search_term_string\"}}],\"inLanguage\":\"en-US\"},{\"@type\":\"Organization\",\"@id\":\"https:\/\/fullsolutions.info\/#organization\",\"name\":\"Full Solutions\",\"url\":\"https:\/\/fullsolutions.info\/\",\"logo\":{\"@type\":\"ImageObject\",\"inLanguage\":\"en-US\",\"@id\":\"https:\/\/fullsolutions.info\/#\/schema\/logo\/image\/\",\"url\":\"https:\/\/mlhff0prgoxu.i.optimole.com\/cb:s0sM.767\/w:auto\/h:auto\/q:mauto\/f:best\/https:\/\/fullsolutions.info\/wp-content\/uploads\/2021\/07\/cropped-Design-sem-nome-300x193-1-e1627062664782.png\",\"contentUrl\":\"https:\/\/mlhff0prgoxu.i.optimole.com\/cb:s0sM.767\/w:auto\/h:auto\/q:mauto\/f:best\/https:\/\/fullsolutions.info\/wp-content\/uploads\/2021\/07\/cropped-Design-sem-nome-300x193-1-e1627062664782.png\",\"width\":202,\"height\":155,\"caption\":\"Full Solutions\"},\"image\":{\"@id\":\"https:\/\/fullsolutions.info\/#\/schema\/logo\/image\/\"},\"sameAs\":[\"https:\/\/www.linkedin.com\/company\/full-solutions-equipment\"]}]}<\/script>\n<!-- \/ Yoast SEO plugin. -->","yoast_head_json":{"title":"Sensores Flangeados 8705 - Full Solutions","robots":{"index":"index","follow":"follow","max-snippet":"max-snippet:-1","max-image-preview":"max-image-preview:large","max-video-preview":"max-video-preview:-1"},"canonical":"https:\/\/fullsolutions.info\/en\/product\/sensores-flangeados-8705\/","og_locale":"en_US","og_type":"article","og_title":"Sensores Flangeados 8705 - Full Solutions","og_description":"Os sensores flangeados Rosemount 8705 s\u00e3o fabricados em a\u00e7o inoxid\u00e1vel e a\u00e7o carbono e soldados para fornecer uma veda\u00e7\u00e3o herm\u00e9tica que protege contra umidade e outros contaminantes. A carca\u00e7a selada garante m\u00e1xima confiabilidade do sensor ao proteger todos os componentes internos e fia\u00e7\u00e3o dos ambientes mais hostis. Todos os sistemas de medidores magn\u00e9ticos Rosemount utilizam a tecnologia de corrente cont\u00ednua pulsada, que proporciona um zeramento autom\u00e1tico cont\u00ednuo para compensar varia\u00e7\u00f5es no ambiente do processo. A carca\u00e7a totalmente soldada do sensor assegura confiabilidade nos ambientes mais severos. Ampla variedade de tamanhos, materiais de revestimento e materiais de eletrodo para atender a todas as suas necessidades de medidores magn\u00e9ticos. Comprimentos de instala\u00e7\u00e3o ISO. Recursos e Benef\u00edcios: Caracter\u00edsticas constru\u00e7\u00e3o flangeada tradicional e design simples para aprimorar a confiabilidade. Dispon\u00edvel em tamanhos de 0,5 a 36 polegadas (15 a 900 mm), com uma ampla sele\u00e7\u00e3o de materiais \u00famidos para compatibilidade com praticamente todos os fluidos condutivos. A carca\u00e7a \u00e9 fabricada em a\u00e7o carbono e \u00e9 totalmente soldada para fornecer uma veda\u00e7\u00e3o herm\u00e9tica. A carca\u00e7a tamb\u00e9m inclui compartimentos de conten\u00e7\u00e3o secund\u00e1rios que cercam os eletrodos para capturar qualquer vazamento potencial de fluido do processo. Um protetor de revestimento opcional, dispon\u00edvel para sensores revestidos com PTFE, protege contra danos durante a instala\u00e7\u00e3o e desgaste na borda de ataque &nbsp; Aplica\u00e7\u00f5es Os Sistemas de Medidores de Fluxo Magn\u00e9tico 8700 oferecem medi\u00e7\u00e3o de fluxo sem obstru\u00e7\u00e3o, sendo ideal para dosagem de qualquer fluido condutivo. Uma ampla sele\u00e7\u00e3o de materiais de constru\u00e7\u00e3o proporciona compatibilidade com praticamente todas as aplica\u00e7\u00f5es, desde l\u00edquidos altamente corrosivos at\u00e9 polpas fibrosas frequentemente consideradas dif\u00edceis de medir com outros dispositivos. Os Medidores de Fluxo Magn\u00e9tico Rosemount oferecem o benef\u00edcio de medir o fluxo em um conjunto praticamente n\u00e3o afetado por altera\u00e7\u00f5es de densidade, temperatura, press\u00e3o e viscosidade.","og_url":"https:\/\/fullsolutions.info\/en\/product\/sensores-flangeados-8705\/","og_site_name":"Full Solutions","article_modified_time":"2024-02-19T16:12:51+00:00","og_image":[{"width":365,"height":359,"url":"https:\/\/mlhff0prgoxu.i.optimole.com\/cb:s0sM.767\/w:auto\/h:auto\/q:mauto\/f:best\/https:\/\/fullsolutions.info\/wp-content\/uploads\/2024\/02\/Rosemount-8705.jpg","type":"image\/jpeg"}],"twitter_card":"summary_large_image","twitter_misc":{"Est. reading time":"2 minutes"},"schema":{"@context":"https:\/\/schema.org","@graph":[{"@type":"WebPage","@id":"https:\/\/fullsolutions.info\/produto\/sensores-flangeados-8705\/","url":"https:\/\/fullsolutions.info\/produto\/sensores-flangeados-8705\/","name":"Sensores Flangeados 8705 - Full Solutions","isPartOf":{"@id":"https:\/\/fullsolutions.info\/#website"},"primaryImageOfPage":{"@id":"https:\/\/fullsolutions.info\/produto\/sensores-flangeados-8705\/#primaryimage"},"image":{"@id":"https:\/\/fullsolutions.info\/produto\/sensores-flangeados-8705\/#primaryimage"},"thumbnailUrl":"https:\/\/mlhff0prgoxu.i.optimole.com\/cb:s0sM.767\/w:auto\/h:auto\/q:mauto\/f:best\/https:\/\/fullsolutions.info\/wp-content\/uploads\/2024\/02\/Rosemount-8705.jpg","datePublished":"2024-02-02T15:31:15+00:00","dateModified":"2024-02-19T16:12:51+00:00","breadcrumb":{"@id":"https:\/\/fullsolutions.info\/produto\/sensores-flangeados-8705\/#breadcrumb"},"inLanguage":"en-US","potentialAction":[{"@type":"ReadAction","target":["https:\/\/fullsolutions.info\/produto\/sensores-flangeados-8705\/"]}]},{"@type":"ImageObject","inLanguage":"en-US","@id":"https:\/\/fullsolutions.info\/produto\/sensores-flangeados-8705\/#primaryimage","url":"https:\/\/mlhff0prgoxu.i.optimole.com\/cb:s0sM.767\/w:auto\/h:auto\/q:mauto\/f:best\/https:\/\/fullsolutions.info\/wp-content\/uploads\/2024\/02\/Rosemount-8705.jpg","contentUrl":"https:\/\/mlhff0prgoxu.i.optimole.com\/cb:s0sM.767\/w:auto\/h:auto\/q:mauto\/f:best\/https:\/\/fullsolutions.info\/wp-content\/uploads\/2024\/02\/Rosemount-8705.jpg","width":365,"height":359},{"@type":"BreadcrumbList","@id":"https:\/\/fullsolutions.info\/produto\/sensores-flangeados-8705\/#breadcrumb","itemListElement":[{"@type":"ListItem","position":1,"name":"In\u00edcio","item":"https:\/\/fullsolutions.info\/"},{"@type":"ListItem","position":2,"name":"Produtos","item":"https:\/\/fullsolutions.info\/shop\/"},{"@type":"ListItem","position":3,"name":"Sensores Flangeados 8705"}]},{"@type":"WebSite","@id":"https:\/\/fullsolutions.info\/#website","url":"https:\/\/fullsolutions.info\/","name":"Full Solutions","description":"Empresa na \u00c1rea de Procurement","publisher":{"@id":"https:\/\/fullsolutions.info\/#organization"},"potentialAction":[{"@type":"SearchAction","target":{"@type":"EntryPoint","urlTemplate":"https:\/\/fullsolutions.info\/?s={search_term_string}"},"query-input":{"@type":"PropertyValueSpecification","valueRequired":true,"valueName":"search_term_string"}}],"inLanguage":"en-US"},{"@type":"Organization","@id":"https:\/\/fullsolutions.info\/#organization","name":"Full Solutions","url":"https:\/\/fullsolutions.info\/","logo":{"@type":"ImageObject","inLanguage":"en-US","@id":"https:\/\/fullsolutions.info\/#\/schema\/logo\/image\/","url":"https:\/\/mlhff0prgoxu.i.optimole.com\/cb:s0sM.767\/w:auto\/h:auto\/q:mauto\/f:best\/https:\/\/fullsolutions.info\/wp-content\/uploads\/2021\/07\/cropped-Design-sem-nome-300x193-1-e1627062664782.png","contentUrl":"https:\/\/mlhff0prgoxu.i.optimole.com\/cb:s0sM.767\/w:auto\/h:auto\/q:mauto\/f:best\/https:\/\/fullsolutions.info\/wp-content\/uploads\/2021\/07\/cropped-Design-sem-nome-300x193-1-e1627062664782.png","width":202,"height":155,"caption":"Full Solutions"},"image":{"@id":"https:\/\/fullsolutions.info\/#\/schema\/logo\/image\/"},"sameAs":["https:\/\/www.linkedin.com\/company\/full-solutions-equipment"]}]}},"_links":{"self":[{"href":"https:\/\/fullsolutions.info\/en\/wp-json\/wp\/v2\/product\/4271","targetHints":{"allow":["GET"]}}],"collection":[{"href":"https:\/\/fullsolutions.info\/en\/wp-json\/wp\/v2\/product"}],"about":[{"href":"https:\/\/fullsolutions.info\/en\/wp-json\/wp\/v2\/types\/product"}],"replies":[{"embeddable":true,"href":"https:\/\/fullsolutions.info\/en\/wp-json\/wp\/v2\/comments?post=4271"}],"wp:featuredmedia":[{"embeddable":true,"href":"https:\/\/fullsolutions.info\/en\/wp-json\/wp\/v2\/media\/4272"}],"wp:attachment":[{"href":"https:\/\/fullsolutions.info\/en\/wp-json\/wp\/v2\/media?parent=4271"}],"wp:term":[{"taxonomy":"product_brand","embeddable":true,"href":"https:\/\/fullsolutions.info\/en\/wp-json\/wp\/v2\/product_brand?post=4271"},{"taxonomy":"product_cat","embeddable":true,"href":"https:\/\/fullsolutions.info\/en\/wp-json\/wp\/v2\/product_cat?post=4271"},{"taxonomy":"product_tag","embeddable":true,"href":"https:\/\/fullsolutions.info\/en\/wp-json\/wp\/v2\/product_tag?post=4271"},{"taxonomy":"marca","embeddable":true,"href":"https:\/\/fullsolutions.info\/en\/wp-json\/wp\/v2\/marca?post=4271"}],"curies":[{"name":"wp","href":"https:\/\/api.w.org\/{rel}","templated":true}]}}