{"id":4262,"date":"2024-02-02T15:16:45","date_gmt":"2024-02-02T15:16:45","guid":{"rendered":"https:\/\/fullsolutionsequip.com\/?post_type=product&#038;p=4262"},"modified":"2024-02-19T16:13:24","modified_gmt":"2024-02-19T16:13:24","slug":"medidores-de-fluxo-magnetico-admag-axf","status":"publish","type":"product","link":"https:\/\/fullsolutions.info\/en\/product\/medidores-de-fluxo-magnetico-admag-axf\/","title":{"rendered":"Medidores de Fluxo Magn\u00e9tico ADMAG AXF"},"content":{"rendered":"<p>Recursos: Medidores de Fluxo Magn\u00e9tico ADMAG AXW<\/p>\n<p><strong>Medidor de Fluxo Magn\u00e9tico de Tamanho Grande Confi\u00e1vel:<\/strong><\/p>\n<ul>\n<li><strong>Confiabilidade:<\/strong>\n<ul>\n<li>Focando o design do ADMAG AXW na medi\u00e7\u00e3o de \u00e1gua e l\u00edquidos \u00e0 base de \u00e1gua, as especifica\u00e7\u00f5es s\u00e3o simplificadas e aprimoradas em rela\u00e7\u00e3o aos nossos medidores convencionais de tamanho grande. O ADMAG AXW oferece medi\u00e7\u00e3o confi\u00e1vel para aplica\u00e7\u00f5es de \u00e1gua.<\/li>\n<\/ul>\n<\/li>\n<li><strong>Robustez:<\/strong>\n<ul>\n<li>Medi\u00e7\u00e3o est\u00e1vel e cont\u00ednua \u00e9 essencial para aplica\u00e7\u00f5es de \u00e1gua. A YOKOGAWA fabrica medidores de grande porte h\u00e1 mais de meio s\u00e9culo. O ADMAG AXW herda nosso conhecimento t\u00e9cnico e know-how em elementos como materiais, espessura de tubula\u00e7\u00e3o e comprimento da camada. Todos os elementos do ADMAG AXW s\u00e3o baseados na filosofia de design da YOKOGAWA, garantindo a robustez de nossos medidores de fluxo magn\u00e9tico.<\/li>\n<\/ul>\n<\/li>\n<li><strong>Versatilidade:<\/strong>\n<ul>\n<li>O ADMAG AXW abrange aplica\u00e7\u00f5es vers\u00e1teis em todas as ind\u00fastrias e ambientes.\n<ul>\n<li>Material do revestimento: PTFE de fluorocarbono, borracha natural r\u00edgida, borracha natural macia e borracha de poliuretano.<\/li>\n<li>Conex\u00e3o de flange: ASME, AWWA, EN, JIS e AS.<\/li>\n<\/ul>\n<\/li>\n<\/ul>\n<\/li>\n<li><strong>Conversor Combinado:<\/strong>\n<ul>\n<li>Conversor Remoto AXFA11.<\/li>\n<\/ul>\n<\/li>\n<\/ul>","protected":false},"excerpt":{"rendered":"<p>Recursos: Medidores de Fluxo Magn\u00e9tico ADMAG AXW Medidor de Fluxo Magn\u00e9tico de Tamanho Grande Confi\u00e1vel: Confiabilidade: Focando o design do ADMAG AXW na medi\u00e7\u00e3o de \u00e1gua e l\u00edquidos \u00e0 base de \u00e1gua, as especifica\u00e7\u00f5es s\u00e3o simplificadas e aprimoradas em rela\u00e7\u00e3o aos nossos medidores convencionais de tamanho grande. O ADMAG AXW oferece medi\u00e7\u00e3o confi\u00e1vel para aplica\u00e7\u00f5es de \u00e1gua. Robustez: Medi\u00e7\u00e3o est\u00e1vel e cont\u00ednua \u00e9 essencial para aplica\u00e7\u00f5es de \u00e1gua. A YOKOGAWA fabrica medidores de grande porte h\u00e1 mais de meio s\u00e9culo. O ADMAG AXW herda nosso conhecimento t\u00e9cnico e know-how em elementos como materiais, espessura de tubula\u00e7\u00e3o e comprimento da camada. Todos os elementos do ADMAG AXW s\u00e3o baseados na filosofia de design da YOKOGAWA, garantindo a robustez de nossos medidores de fluxo magn\u00e9tico. Versatilidade: O ADMAG AXW abrange aplica\u00e7\u00f5es vers\u00e1teis em todas as ind\u00fastrias e ambientes. Material do revestimento: PTFE de fluorocarbono, borracha natural r\u00edgida, borracha natural macia e borracha de poliuretano. Conex\u00e3o de flange: ASME, AWWA, EN, JIS e AS. Conversor Combinado: Conversor Remoto AXFA11.<\/p>","protected":false},"featured_media":4266,"comment_status":"open","ping_status":"closed","template":"","meta":{"_joinchat":[]},"product_brand":[],"product_cat":[146],"product_tag":[],"marca":[143],"class_list":{"0":"post-4262","1":"product","2":"type-product","3":"status-publish","4":"has-post-thumbnail","6":"product_cat-medidores-de-vazao-e-tubos-de-vazao","7":"marca-yokogawa","9":"first","10":"instock","11":"shipping-taxable","12":"purchasable","13":"product-type-simple"},"yoast_head":"<!-- This site is optimized with the Yoast SEO plugin v27.2 - https:\/\/yoast.com\/product\/yoast-seo-wordpress\/ -->\n<title>Medidores de Fluxo Magn\u00e9tico ADMAG AXF - Full Solutions<\/title>\n<meta name=\"robots\" content=\"index, follow, max-snippet:-1, max-image-preview:large, max-video-preview:-1\" \/>\n<link rel=\"canonical\" href=\"https:\/\/fullsolutions.info\/en\/product\/medidores-de-fluxo-magnetico-admag-axf\/\" \/>\n<meta property=\"og:locale\" content=\"en_US\" \/>\n<meta property=\"og:type\" content=\"article\" \/>\n<meta property=\"og:title\" content=\"Medidores de Fluxo Magn\u00e9tico ADMAG AXF - Full Solutions\" \/>\n<meta property=\"og:description\" content=\"Recursos: Medidores de Fluxo Magn\u00e9tico ADMAG AXW Medidor de Fluxo Magn\u00e9tico de Tamanho Grande Confi\u00e1vel: Confiabilidade: Focando o design do ADMAG AXW na medi\u00e7\u00e3o de \u00e1gua e l\u00edquidos \u00e0 base de \u00e1gua, as especifica\u00e7\u00f5es s\u00e3o simplificadas e aprimoradas em rela\u00e7\u00e3o aos nossos medidores convencionais de tamanho grande. O ADMAG AXW oferece medi\u00e7\u00e3o confi\u00e1vel para aplica\u00e7\u00f5es de \u00e1gua. Robustez: Medi\u00e7\u00e3o est\u00e1vel e cont\u00ednua \u00e9 essencial para aplica\u00e7\u00f5es de \u00e1gua. A YOKOGAWA fabrica medidores de grande porte h\u00e1 mais de meio s\u00e9culo. O ADMAG AXW herda nosso conhecimento t\u00e9cnico e know-how em elementos como materiais, espessura de tubula\u00e7\u00e3o e comprimento da camada. Todos os elementos do ADMAG AXW s\u00e3o baseados na filosofia de design da YOKOGAWA, garantindo a robustez de nossos medidores de fluxo magn\u00e9tico. Versatilidade: O ADMAG AXW abrange aplica\u00e7\u00f5es vers\u00e1teis em todas as ind\u00fastrias e ambientes. Material do revestimento: PTFE de fluorocarbono, borracha natural r\u00edgida, borracha natural macia e borracha de poliuretano. Conex\u00e3o de flange: ASME, AWWA, EN, JIS e AS. Conversor Combinado: Conversor Remoto AXFA11.\" \/>\n<meta property=\"og:url\" content=\"https:\/\/fullsolutions.info\/en\/product\/medidores-de-fluxo-magnetico-admag-axf\/\" \/>\n<meta property=\"og:site_name\" content=\"Full Solutions\" \/>\n<meta property=\"article:modified_time\" content=\"2024-02-19T16:13:24+00:00\" \/>\n<meta property=\"og:image\" content=\"https:\/\/mlhff0prgoxu.i.optimole.com\/cb:s0sM.767\/w:auto\/h:auto\/q:mauto\/f:best\/https:\/\/fullsolutions.info\/wp-content\/uploads\/2024\/02\/ADMAG-AXF-Magnetic-Flowmeters.jpg\" \/>\n\t<meta property=\"og:image:width\" content=\"193\" \/>\n\t<meta property=\"og:image:height\" content=\"211\" \/>\n\t<meta property=\"og:image:type\" content=\"image\/jpeg\" \/>\n<meta name=\"twitter:card\" content=\"summary_large_image\" \/>\n<meta name=\"twitter:label1\" content=\"Est. reading time\" \/>\n\t<meta name=\"twitter:data1\" content=\"1 minute\" \/>\n<script type=\"application\/ld+json\" class=\"yoast-schema-graph\">{\"@context\":\"https:\/\/schema.org\",\"@graph\":[{\"@type\":\"WebPage\",\"@id\":\"https:\/\/fullsolutions.info\/produto\/medidores-de-fluxo-magnetico-admag-axf\/\",\"url\":\"https:\/\/fullsolutions.info\/produto\/medidores-de-fluxo-magnetico-admag-axf\/\",\"name\":\"Medidores de Fluxo Magn\u00e9tico ADMAG AXF - Full Solutions\",\"isPartOf\":{\"@id\":\"https:\/\/fullsolutions.info\/#website\"},\"primaryImageOfPage\":{\"@id\":\"https:\/\/fullsolutions.info\/produto\/medidores-de-fluxo-magnetico-admag-axf\/#primaryimage\"},\"image\":{\"@id\":\"https:\/\/fullsolutions.info\/produto\/medidores-de-fluxo-magnetico-admag-axf\/#primaryimage\"},\"thumbnailUrl\":\"https:\/\/mlhff0prgoxu.i.optimole.com\/cb:s0sM.767\/w:auto\/h:auto\/q:mauto\/f:best\/https:\/\/fullsolutions.info\/wp-content\/uploads\/2024\/02\/ADMAG-AXF-Magnetic-Flowmeters.jpg\",\"datePublished\":\"2024-02-02T15:16:45+00:00\",\"dateModified\":\"2024-02-19T16:13:24+00:00\",\"breadcrumb\":{\"@id\":\"https:\/\/fullsolutions.info\/produto\/medidores-de-fluxo-magnetico-admag-axf\/#breadcrumb\"},\"inLanguage\":\"en-US\",\"potentialAction\":[{\"@type\":\"ReadAction\",\"target\":[\"https:\/\/fullsolutions.info\/produto\/medidores-de-fluxo-magnetico-admag-axf\/\"]}]},{\"@type\":\"ImageObject\",\"inLanguage\":\"en-US\",\"@id\":\"https:\/\/fullsolutions.info\/produto\/medidores-de-fluxo-magnetico-admag-axf\/#primaryimage\",\"url\":\"https:\/\/mlhff0prgoxu.i.optimole.com\/cb:s0sM.767\/w:auto\/h:auto\/q:mauto\/f:best\/https:\/\/fullsolutions.info\/wp-content\/uploads\/2024\/02\/ADMAG-AXF-Magnetic-Flowmeters.jpg\",\"contentUrl\":\"https:\/\/mlhff0prgoxu.i.optimole.com\/cb:s0sM.767\/w:auto\/h:auto\/q:mauto\/f:best\/https:\/\/fullsolutions.info\/wp-content\/uploads\/2024\/02\/ADMAG-AXF-Magnetic-Flowmeters.jpg\",\"width\":193,\"height\":211},{\"@type\":\"BreadcrumbList\",\"@id\":\"https:\/\/fullsolutions.info\/produto\/medidores-de-fluxo-magnetico-admag-axf\/#breadcrumb\",\"itemListElement\":[{\"@type\":\"ListItem\",\"position\":1,\"name\":\"In\u00edcio\",\"item\":\"https:\/\/fullsolutions.info\/\"},{\"@type\":\"ListItem\",\"position\":2,\"name\":\"Produtos\",\"item\":\"https:\/\/fullsolutions.info\/shop\/\"},{\"@type\":\"ListItem\",\"position\":3,\"name\":\"Medidores de Fluxo Magn\u00e9tico ADMAG AXF\"}]},{\"@type\":\"WebSite\",\"@id\":\"https:\/\/fullsolutions.info\/#website\",\"url\":\"https:\/\/fullsolutions.info\/\",\"name\":\"Full Solutions\",\"description\":\"Empresa na \u00c1rea de Procurement\",\"publisher\":{\"@id\":\"https:\/\/fullsolutions.info\/#organization\"},\"potentialAction\":[{\"@type\":\"SearchAction\",\"target\":{\"@type\":\"EntryPoint\",\"urlTemplate\":\"https:\/\/fullsolutions.info\/?s={search_term_string}\"},\"query-input\":{\"@type\":\"PropertyValueSpecification\",\"valueRequired\":true,\"valueName\":\"search_term_string\"}}],\"inLanguage\":\"en-US\"},{\"@type\":\"Organization\",\"@id\":\"https:\/\/fullsolutions.info\/#organization\",\"name\":\"Full Solutions\",\"url\":\"https:\/\/fullsolutions.info\/\",\"logo\":{\"@type\":\"ImageObject\",\"inLanguage\":\"en-US\",\"@id\":\"https:\/\/fullsolutions.info\/#\/schema\/logo\/image\/\",\"url\":\"https:\/\/mlhff0prgoxu.i.optimole.com\/cb:s0sM.767\/w:auto\/h:auto\/q:mauto\/f:best\/https:\/\/fullsolutions.info\/wp-content\/uploads\/2021\/07\/cropped-Design-sem-nome-300x193-1-e1627062664782.png\",\"contentUrl\":\"https:\/\/mlhff0prgoxu.i.optimole.com\/cb:s0sM.767\/w:auto\/h:auto\/q:mauto\/f:best\/https:\/\/fullsolutions.info\/wp-content\/uploads\/2021\/07\/cropped-Design-sem-nome-300x193-1-e1627062664782.png\",\"width\":202,\"height\":155,\"caption\":\"Full Solutions\"},\"image\":{\"@id\":\"https:\/\/fullsolutions.info\/#\/schema\/logo\/image\/\"},\"sameAs\":[\"https:\/\/www.linkedin.com\/company\/full-solutions-equipment\"]}]}<\/script>\n<!-- \/ Yoast SEO plugin. -->","yoast_head_json":{"title":"Medidores de Fluxo Magn\u00e9tico ADMAG AXF - Full Solutions","robots":{"index":"index","follow":"follow","max-snippet":"max-snippet:-1","max-image-preview":"max-image-preview:large","max-video-preview":"max-video-preview:-1"},"canonical":"https:\/\/fullsolutions.info\/en\/product\/medidores-de-fluxo-magnetico-admag-axf\/","og_locale":"en_US","og_type":"article","og_title":"Medidores de Fluxo Magn\u00e9tico ADMAG AXF - Full Solutions","og_description":"Recursos: Medidores de Fluxo Magn\u00e9tico ADMAG AXW Medidor de Fluxo Magn\u00e9tico de Tamanho Grande Confi\u00e1vel: Confiabilidade: Focando o design do ADMAG AXW na medi\u00e7\u00e3o de \u00e1gua e l\u00edquidos \u00e0 base de \u00e1gua, as especifica\u00e7\u00f5es s\u00e3o simplificadas e aprimoradas em rela\u00e7\u00e3o aos nossos medidores convencionais de tamanho grande. O ADMAG AXW oferece medi\u00e7\u00e3o confi\u00e1vel para aplica\u00e7\u00f5es de \u00e1gua. Robustez: Medi\u00e7\u00e3o est\u00e1vel e cont\u00ednua \u00e9 essencial para aplica\u00e7\u00f5es de \u00e1gua. A YOKOGAWA fabrica medidores de grande porte h\u00e1 mais de meio s\u00e9culo. O ADMAG AXW herda nosso conhecimento t\u00e9cnico e know-how em elementos como materiais, espessura de tubula\u00e7\u00e3o e comprimento da camada. Todos os elementos do ADMAG AXW s\u00e3o baseados na filosofia de design da YOKOGAWA, garantindo a robustez de nossos medidores de fluxo magn\u00e9tico. Versatilidade: O ADMAG AXW abrange aplica\u00e7\u00f5es vers\u00e1teis em todas as ind\u00fastrias e ambientes. Material do revestimento: PTFE de fluorocarbono, borracha natural r\u00edgida, borracha natural macia e borracha de poliuretano. Conex\u00e3o de flange: ASME, AWWA, EN, JIS e AS. Conversor Combinado: Conversor Remoto AXFA11.","og_url":"https:\/\/fullsolutions.info\/en\/product\/medidores-de-fluxo-magnetico-admag-axf\/","og_site_name":"Full Solutions","article_modified_time":"2024-02-19T16:13:24+00:00","og_image":[{"width":193,"height":211,"url":"https:\/\/mlhff0prgoxu.i.optimole.com\/cb:s0sM.767\/w:auto\/h:auto\/q:mauto\/f:best\/https:\/\/fullsolutions.info\/wp-content\/uploads\/2024\/02\/ADMAG-AXF-Magnetic-Flowmeters.jpg","type":"image\/jpeg"}],"twitter_card":"summary_large_image","twitter_misc":{"Est. reading time":"1 minute"},"schema":{"@context":"https:\/\/schema.org","@graph":[{"@type":"WebPage","@id":"https:\/\/fullsolutions.info\/produto\/medidores-de-fluxo-magnetico-admag-axf\/","url":"https:\/\/fullsolutions.info\/produto\/medidores-de-fluxo-magnetico-admag-axf\/","name":"Medidores de Fluxo Magn\u00e9tico ADMAG AXF - Full Solutions","isPartOf":{"@id":"https:\/\/fullsolutions.info\/#website"},"primaryImageOfPage":{"@id":"https:\/\/fullsolutions.info\/produto\/medidores-de-fluxo-magnetico-admag-axf\/#primaryimage"},"image":{"@id":"https:\/\/fullsolutions.info\/produto\/medidores-de-fluxo-magnetico-admag-axf\/#primaryimage"},"thumbnailUrl":"https:\/\/mlhff0prgoxu.i.optimole.com\/cb:s0sM.767\/w:auto\/h:auto\/q:mauto\/f:best\/https:\/\/fullsolutions.info\/wp-content\/uploads\/2024\/02\/ADMAG-AXF-Magnetic-Flowmeters.jpg","datePublished":"2024-02-02T15:16:45+00:00","dateModified":"2024-02-19T16:13:24+00:00","breadcrumb":{"@id":"https:\/\/fullsolutions.info\/produto\/medidores-de-fluxo-magnetico-admag-axf\/#breadcrumb"},"inLanguage":"en-US","potentialAction":[{"@type":"ReadAction","target":["https:\/\/fullsolutions.info\/produto\/medidores-de-fluxo-magnetico-admag-axf\/"]}]},{"@type":"ImageObject","inLanguage":"en-US","@id":"https:\/\/fullsolutions.info\/produto\/medidores-de-fluxo-magnetico-admag-axf\/#primaryimage","url":"https:\/\/mlhff0prgoxu.i.optimole.com\/cb:s0sM.767\/w:auto\/h:auto\/q:mauto\/f:best\/https:\/\/fullsolutions.info\/wp-content\/uploads\/2024\/02\/ADMAG-AXF-Magnetic-Flowmeters.jpg","contentUrl":"https:\/\/mlhff0prgoxu.i.optimole.com\/cb:s0sM.767\/w:auto\/h:auto\/q:mauto\/f:best\/https:\/\/fullsolutions.info\/wp-content\/uploads\/2024\/02\/ADMAG-AXF-Magnetic-Flowmeters.jpg","width":193,"height":211},{"@type":"BreadcrumbList","@id":"https:\/\/fullsolutions.info\/produto\/medidores-de-fluxo-magnetico-admag-axf\/#breadcrumb","itemListElement":[{"@type":"ListItem","position":1,"name":"In\u00edcio","item":"https:\/\/fullsolutions.info\/"},{"@type":"ListItem","position":2,"name":"Produtos","item":"https:\/\/fullsolutions.info\/shop\/"},{"@type":"ListItem","position":3,"name":"Medidores de Fluxo Magn\u00e9tico ADMAG AXF"}]},{"@type":"WebSite","@id":"https:\/\/fullsolutions.info\/#website","url":"https:\/\/fullsolutions.info\/","name":"Full Solutions","description":"Empresa na \u00c1rea de Procurement","publisher":{"@id":"https:\/\/fullsolutions.info\/#organization"},"potentialAction":[{"@type":"SearchAction","target":{"@type":"EntryPoint","urlTemplate":"https:\/\/fullsolutions.info\/?s={search_term_string}"},"query-input":{"@type":"PropertyValueSpecification","valueRequired":true,"valueName":"search_term_string"}}],"inLanguage":"en-US"},{"@type":"Organization","@id":"https:\/\/fullsolutions.info\/#organization","name":"Full Solutions","url":"https:\/\/fullsolutions.info\/","logo":{"@type":"ImageObject","inLanguage":"en-US","@id":"https:\/\/fullsolutions.info\/#\/schema\/logo\/image\/","url":"https:\/\/mlhff0prgoxu.i.optimole.com\/cb:s0sM.767\/w:auto\/h:auto\/q:mauto\/f:best\/https:\/\/fullsolutions.info\/wp-content\/uploads\/2021\/07\/cropped-Design-sem-nome-300x193-1-e1627062664782.png","contentUrl":"https:\/\/mlhff0prgoxu.i.optimole.com\/cb:s0sM.767\/w:auto\/h:auto\/q:mauto\/f:best\/https:\/\/fullsolutions.info\/wp-content\/uploads\/2021\/07\/cropped-Design-sem-nome-300x193-1-e1627062664782.png","width":202,"height":155,"caption":"Full Solutions"},"image":{"@id":"https:\/\/fullsolutions.info\/#\/schema\/logo\/image\/"},"sameAs":["https:\/\/www.linkedin.com\/company\/full-solutions-equipment"]}]}},"_links":{"self":[{"href":"https:\/\/fullsolutions.info\/en\/wp-json\/wp\/v2\/product\/4262","targetHints":{"allow":["GET"]}}],"collection":[{"href":"https:\/\/fullsolutions.info\/en\/wp-json\/wp\/v2\/product"}],"about":[{"href":"https:\/\/fullsolutions.info\/en\/wp-json\/wp\/v2\/types\/product"}],"replies":[{"embeddable":true,"href":"https:\/\/fullsolutions.info\/en\/wp-json\/wp\/v2\/comments?post=4262"}],"wp:featuredmedia":[{"embeddable":true,"href":"https:\/\/fullsolutions.info\/en\/wp-json\/wp\/v2\/media\/4266"}],"wp:attachment":[{"href":"https:\/\/fullsolutions.info\/en\/wp-json\/wp\/v2\/media?parent=4262"}],"wp:term":[{"taxonomy":"product_brand","embeddable":true,"href":"https:\/\/fullsolutions.info\/en\/wp-json\/wp\/v2\/product_brand?post=4262"},{"taxonomy":"product_cat","embeddable":true,"href":"https:\/\/fullsolutions.info\/en\/wp-json\/wp\/v2\/product_cat?post=4262"},{"taxonomy":"product_tag","embeddable":true,"href":"https:\/\/fullsolutions.info\/en\/wp-json\/wp\/v2\/product_tag?post=4262"},{"taxonomy":"marca","embeddable":true,"href":"https:\/\/fullsolutions.info\/en\/wp-json\/wp\/v2\/marca?post=4262"}],"curies":[{"name":"wp","href":"https:\/\/api.w.org\/{rel}","templated":true}]}}