{"id":4258,"date":"2024-02-02T15:11:06","date_gmt":"2024-02-02T15:11:06","guid":{"rendered":"https:\/\/fullsolutionsequip.com\/?post_type=product&#038;p=4258"},"modified":"2024-02-19T16:13:24","modified_gmt":"2024-02-19T16:13:24","slug":"sistema-de-medidor-de-fluxo-magnetico-de-alto-sinal-8707","status":"publish","type":"product","link":"https:\/\/fullsolutions.info\/en\/product\/sistema-de-medidor-de-fluxo-magnetico-de-alto-sinal-8707\/","title":{"rendered":"Sistema de Medidor de Fluxo Magn\u00e9tico de Alto Sinal 8707"},"content":{"rendered":"<p>Desempenho otimizado nas aplica\u00e7\u00f5es mais desafiadoras de polpas<\/p>\n<p>O Sensor de Alto Sinal 8707, usado em conjunto com o Transmissor de Alto Sinal 8712H, forma o Sistema de Medidor de Fluxo Magn\u00e9tico de Alto Sinal Rosemount. Este sistema fornece medi\u00e7\u00e3o est\u00e1vel de fluxo nas aplica\u00e7\u00f5es mais dif\u00edceis e ruidosas, mantendo os benef\u00edcios da tecnologia de corrente cont\u00ednua (DC). A for\u00e7a de sinal aumentada do sistema de alto sinal da Rosemount, combinada com processamento de sinal avan\u00e7ado e t\u00e9cnicas de filtragem superiores, oferece a solu\u00e7\u00e3o para aplica\u00e7\u00f5es exigentes de medi\u00e7\u00e3o de fluxo.<\/p>\n<p>O 8712H utiliza uma montagem conveniente no po\u00e7o, com um inv\u00f3lucro de compartimento duplo e a Interface de Operador Local (LOI), mais intuitiva e f\u00e1cil de usar do mundo.<\/p>\n<p>O Sistema de Alto Sinal reduz a variabilidade do processo, fornecendo a sa\u00edda de fluxo mais est\u00e1vel dispon\u00edvel.<\/p>\n<p>Solu\u00e7\u00e3o ideal para as aplica\u00e7\u00f5es mais ruidosas encontradas nas ind\u00fastrias de celulose e papel e minera\u00e7\u00e3o.<\/p>\n<p>Recursos e Benef\u00edcios:<\/p>\n<ul>\n<li>Inicializa\u00e7\u00e3o mais r\u00e1pida com a Interface de Operador Local (LOI) f\u00e1cil de usar.<\/li>\n<li>Op\u00e7\u00e3o de calibra\u00e7\u00e3o dupla para reduzir o invent\u00e1rio de sensores.<\/li>\n<li>Maior estabilidade do mundo nas aplica\u00e7\u00f5es mais dif\u00edceis de polpas.<\/li>\n<li>Fluxo de base de peso em f\u00e1bricas de papel.<\/li>\n<li>Fluxo de licor preto em f\u00e1bricas de papel.<\/li>\n<li>Fluxo de estoque em f\u00e1bricas de papel.<\/li>\n<li>Polpas de minera\u00e7\u00e3o com alta concentra\u00e7\u00e3o de s\u00f3lidos (&gt; 30%).<\/li>\n<\/ul>\n<p>Aplica\u00e7\u00f5es<\/p>\n<p>O sistema de medidor de fluxo magn\u00e9tico de alto sinal Rosemount proporciona uma medi\u00e7\u00e3o de fluxo sem obstru\u00e7\u00f5es ideal para dosagem de polpas condutivas. Devido ao design \u00fanico, o Sistema de Medidor de Fluxo de Alto Sinal Rosemount combina os melhores atributos dos sistemas tradicionais de medidores de fluxo magn\u00e9tico AC com os benef\u00edcios de estabilidade e desempenho da tecnologia de pulso DC. O resultado \u00e9 o sinal de medi\u00e7\u00e3o de fluxo mais confi\u00e1vel e est\u00e1vel nas aplica\u00e7\u00f5es mais dif\u00edceis de polpas.<\/p>","protected":false},"excerpt":{"rendered":"<p>Desempenho otimizado nas aplica\u00e7\u00f5es mais desafiadoras de polpas O Sensor de Alto Sinal 8707, usado em conjunto com o Transmissor de Alto Sinal 8712H, forma o Sistema de Medidor de Fluxo Magn\u00e9tico de Alto Sinal Rosemount. Este sistema fornece medi\u00e7\u00e3o est\u00e1vel de fluxo nas aplica\u00e7\u00f5es mais dif\u00edceis e ruidosas, mantendo os benef\u00edcios da tecnologia de corrente cont\u00ednua (DC). A for\u00e7a de sinal aumentada do sistema de alto sinal da Rosemount, combinada com processamento de sinal avan\u00e7ado e t\u00e9cnicas de filtragem superiores, oferece a solu\u00e7\u00e3o para aplica\u00e7\u00f5es exigentes de medi\u00e7\u00e3o de fluxo. O 8712H utiliza uma montagem conveniente no po\u00e7o, com um inv\u00f3lucro de compartimento duplo e a Interface de Operador Local (LOI), mais intuitiva e f\u00e1cil de usar do mundo. O Sistema de Alto Sinal reduz a variabilidade do processo, fornecendo a sa\u00edda de fluxo mais est\u00e1vel dispon\u00edvel. Solu\u00e7\u00e3o ideal para as aplica\u00e7\u00f5es mais ruidosas encontradas nas ind\u00fastrias de celulose e papel e minera\u00e7\u00e3o. Recursos e Benef\u00edcios: Inicializa\u00e7\u00e3o mais r\u00e1pida com a Interface de Operador Local (LOI) f\u00e1cil de usar. Op\u00e7\u00e3o de calibra\u00e7\u00e3o dupla para reduzir o invent\u00e1rio de sensores. Maior estabilidade do mundo nas aplica\u00e7\u00f5es mais dif\u00edceis de polpas. Fluxo de base de peso em f\u00e1bricas de papel. Fluxo de licor preto em f\u00e1bricas de papel. Fluxo de estoque em f\u00e1bricas de papel. Polpas de minera\u00e7\u00e3o com alta concentra\u00e7\u00e3o de s\u00f3lidos (&gt; 30%). Aplica\u00e7\u00f5es O sistema de medidor de fluxo magn\u00e9tico de alto sinal Rosemount proporciona uma medi\u00e7\u00e3o de fluxo sem obstru\u00e7\u00f5es ideal para dosagem de polpas condutivas. Devido ao design \u00fanico, o Sistema de Medidor de Fluxo de Alto Sinal Rosemount combina os melhores atributos dos sistemas tradicionais de medidores de fluxo magn\u00e9tico AC com os benef\u00edcios de estabilidade e desempenho da tecnologia de pulso DC. O resultado \u00e9 o sinal de medi\u00e7\u00e3o de fluxo mais confi\u00e1vel e est\u00e1vel nas aplica\u00e7\u00f5es mais dif\u00edceis de polpas.<\/p>","protected":false},"featured_media":4260,"comment_status":"open","ping_status":"closed","template":"","meta":{"_joinchat":[]},"product_brand":[],"product_cat":[146],"product_tag":[],"marca":[141],"class_list":{"0":"post-4258","1":"product","2":"type-product","3":"status-publish","4":"has-post-thumbnail","6":"product_cat-medidores-de-vazao-e-tubos-de-vazao","7":"marca-rosemount","9":"first","10":"instock","11":"shipping-taxable","12":"purchasable","13":"product-type-simple"},"yoast_head":"<!-- This site is optimized with the Yoast SEO plugin v27.2 - https:\/\/yoast.com\/product\/yoast-seo-wordpress\/ -->\n<title>Sistema de Medidor de Fluxo Magn\u00e9tico de Alto Sinal 8707 - Full Solutions<\/title>\n<meta name=\"robots\" content=\"index, follow, max-snippet:-1, max-image-preview:large, max-video-preview:-1\" \/>\n<link rel=\"canonical\" href=\"https:\/\/fullsolutions.info\/en\/product\/sistema-de-medidor-de-fluxo-magnetico-de-alto-sinal-8707\/\" \/>\n<meta property=\"og:locale\" content=\"en_US\" \/>\n<meta property=\"og:type\" content=\"article\" \/>\n<meta property=\"og:title\" content=\"Sistema de Medidor de Fluxo Magn\u00e9tico de Alto Sinal 8707 - Full Solutions\" \/>\n<meta property=\"og:description\" content=\"Desempenho otimizado nas aplica\u00e7\u00f5es mais desafiadoras de polpas O Sensor de Alto Sinal 8707, usado em conjunto com o Transmissor de Alto Sinal 8712H, forma o Sistema de Medidor de Fluxo Magn\u00e9tico de Alto Sinal Rosemount. Este sistema fornece medi\u00e7\u00e3o est\u00e1vel de fluxo nas aplica\u00e7\u00f5es mais dif\u00edceis e ruidosas, mantendo os benef\u00edcios da tecnologia de corrente cont\u00ednua (DC). A for\u00e7a de sinal aumentada do sistema de alto sinal da Rosemount, combinada com processamento de sinal avan\u00e7ado e t\u00e9cnicas de filtragem superiores, oferece a solu\u00e7\u00e3o para aplica\u00e7\u00f5es exigentes de medi\u00e7\u00e3o de fluxo. O 8712H utiliza uma montagem conveniente no po\u00e7o, com um inv\u00f3lucro de compartimento duplo e a Interface de Operador Local (LOI), mais intuitiva e f\u00e1cil de usar do mundo. O Sistema de Alto Sinal reduz a variabilidade do processo, fornecendo a sa\u00edda de fluxo mais est\u00e1vel dispon\u00edvel. Solu\u00e7\u00e3o ideal para as aplica\u00e7\u00f5es mais ruidosas encontradas nas ind\u00fastrias de celulose e papel e minera\u00e7\u00e3o. Recursos e Benef\u00edcios: Inicializa\u00e7\u00e3o mais r\u00e1pida com a Interface de Operador Local (LOI) f\u00e1cil de usar. Op\u00e7\u00e3o de calibra\u00e7\u00e3o dupla para reduzir o invent\u00e1rio de sensores. Maior estabilidade do mundo nas aplica\u00e7\u00f5es mais dif\u00edceis de polpas. Fluxo de base de peso em f\u00e1bricas de papel. Fluxo de licor preto em f\u00e1bricas de papel. Fluxo de estoque em f\u00e1bricas de papel. Polpas de minera\u00e7\u00e3o com alta concentra\u00e7\u00e3o de s\u00f3lidos (&gt; 30%). Aplica\u00e7\u00f5es O sistema de medidor de fluxo magn\u00e9tico de alto sinal Rosemount proporciona uma medi\u00e7\u00e3o de fluxo sem obstru\u00e7\u00f5es ideal para dosagem de polpas condutivas. Devido ao design \u00fanico, o Sistema de Medidor de Fluxo de Alto Sinal Rosemount combina os melhores atributos dos sistemas tradicionais de medidores de fluxo magn\u00e9tico AC com os benef\u00edcios de estabilidade e desempenho da tecnologia de pulso DC. O resultado \u00e9 o sinal de medi\u00e7\u00e3o de fluxo mais confi\u00e1vel e est\u00e1vel nas aplica\u00e7\u00f5es mais dif\u00edceis de polpas.\" \/>\n<meta property=\"og:url\" content=\"https:\/\/fullsolutions.info\/en\/product\/sistema-de-medidor-de-fluxo-magnetico-de-alto-sinal-8707\/\" \/>\n<meta property=\"og:site_name\" content=\"Full Solutions\" \/>\n<meta property=\"article:modified_time\" content=\"2024-02-19T16:13:24+00:00\" \/>\n<meta property=\"og:image\" content=\"https:\/\/mlhff0prgoxu.i.optimole.com\/cb:s0sM.767\/w:auto\/h:auto\/q:mauto\/f:best\/https:\/\/fullsolutions.info\/wp-content\/uploads\/2024\/02\/Rosemount-8707.jpg\" \/>\n\t<meta property=\"og:image:width\" content=\"282\" \/>\n\t<meta property=\"og:image:height\" content=\"246\" \/>\n\t<meta property=\"og:image:type\" content=\"image\/jpeg\" \/>\n<meta name=\"twitter:card\" content=\"summary_large_image\" \/>\n<meta name=\"twitter:label1\" content=\"Est. reading time\" \/>\n\t<meta name=\"twitter:data1\" content=\"2 minutes\" \/>\n<script type=\"application\/ld+json\" class=\"yoast-schema-graph\">{\"@context\":\"https:\/\/schema.org\",\"@graph\":[{\"@type\":\"WebPage\",\"@id\":\"https:\/\/fullsolutions.info\/produto\/sistema-de-medidor-de-fluxo-magnetico-de-alto-sinal-8707\/\",\"url\":\"https:\/\/fullsolutions.info\/produto\/sistema-de-medidor-de-fluxo-magnetico-de-alto-sinal-8707\/\",\"name\":\"Sistema de Medidor de Fluxo Magn\u00e9tico de Alto Sinal 8707 - Full Solutions\",\"isPartOf\":{\"@id\":\"https:\/\/fullsolutions.info\/#website\"},\"primaryImageOfPage\":{\"@id\":\"https:\/\/fullsolutions.info\/produto\/sistema-de-medidor-de-fluxo-magnetico-de-alto-sinal-8707\/#primaryimage\"},\"image\":{\"@id\":\"https:\/\/fullsolutions.info\/produto\/sistema-de-medidor-de-fluxo-magnetico-de-alto-sinal-8707\/#primaryimage\"},\"thumbnailUrl\":\"https:\/\/mlhff0prgoxu.i.optimole.com\/cb:s0sM.767\/w:auto\/h:auto\/q:mauto\/f:best\/https:\/\/fullsolutions.info\/wp-content\/uploads\/2024\/02\/Rosemount-8707.jpg\",\"datePublished\":\"2024-02-02T15:11:06+00:00\",\"dateModified\":\"2024-02-19T16:13:24+00:00\",\"breadcrumb\":{\"@id\":\"https:\/\/fullsolutions.info\/produto\/sistema-de-medidor-de-fluxo-magnetico-de-alto-sinal-8707\/#breadcrumb\"},\"inLanguage\":\"en-US\",\"potentialAction\":[{\"@type\":\"ReadAction\",\"target\":[\"https:\/\/fullsolutions.info\/produto\/sistema-de-medidor-de-fluxo-magnetico-de-alto-sinal-8707\/\"]}]},{\"@type\":\"ImageObject\",\"inLanguage\":\"en-US\",\"@id\":\"https:\/\/fullsolutions.info\/produto\/sistema-de-medidor-de-fluxo-magnetico-de-alto-sinal-8707\/#primaryimage\",\"url\":\"https:\/\/mlhff0prgoxu.i.optimole.com\/cb:s0sM.767\/w:auto\/h:auto\/q:mauto\/f:best\/https:\/\/fullsolutions.info\/wp-content\/uploads\/2024\/02\/Rosemount-8707.jpg\",\"contentUrl\":\"https:\/\/mlhff0prgoxu.i.optimole.com\/cb:s0sM.767\/w:auto\/h:auto\/q:mauto\/f:best\/https:\/\/fullsolutions.info\/wp-content\/uploads\/2024\/02\/Rosemount-8707.jpg\",\"width\":282,\"height\":246},{\"@type\":\"BreadcrumbList\",\"@id\":\"https:\/\/fullsolutions.info\/produto\/sistema-de-medidor-de-fluxo-magnetico-de-alto-sinal-8707\/#breadcrumb\",\"itemListElement\":[{\"@type\":\"ListItem\",\"position\":1,\"name\":\"In\u00edcio\",\"item\":\"https:\/\/fullsolutions.info\/\"},{\"@type\":\"ListItem\",\"position\":2,\"name\":\"Produtos\",\"item\":\"https:\/\/fullsolutions.info\/shop\/\"},{\"@type\":\"ListItem\",\"position\":3,\"name\":\"Sistema de Medidor de Fluxo Magn\u00e9tico de Alto Sinal 8707\"}]},{\"@type\":\"WebSite\",\"@id\":\"https:\/\/fullsolutions.info\/#website\",\"url\":\"https:\/\/fullsolutions.info\/\",\"name\":\"Full Solutions\",\"description\":\"Empresa na \u00c1rea de Procurement\",\"publisher\":{\"@id\":\"https:\/\/fullsolutions.info\/#organization\"},\"potentialAction\":[{\"@type\":\"SearchAction\",\"target\":{\"@type\":\"EntryPoint\",\"urlTemplate\":\"https:\/\/fullsolutions.info\/?s={search_term_string}\"},\"query-input\":{\"@type\":\"PropertyValueSpecification\",\"valueRequired\":true,\"valueName\":\"search_term_string\"}}],\"inLanguage\":\"en-US\"},{\"@type\":\"Organization\",\"@id\":\"https:\/\/fullsolutions.info\/#organization\",\"name\":\"Full Solutions\",\"url\":\"https:\/\/fullsolutions.info\/\",\"logo\":{\"@type\":\"ImageObject\",\"inLanguage\":\"en-US\",\"@id\":\"https:\/\/fullsolutions.info\/#\/schema\/logo\/image\/\",\"url\":\"https:\/\/mlhff0prgoxu.i.optimole.com\/cb:s0sM.767\/w:auto\/h:auto\/q:mauto\/f:best\/https:\/\/fullsolutions.info\/wp-content\/uploads\/2021\/07\/cropped-Design-sem-nome-300x193-1-e1627062664782.png\",\"contentUrl\":\"https:\/\/mlhff0prgoxu.i.optimole.com\/cb:s0sM.767\/w:auto\/h:auto\/q:mauto\/f:best\/https:\/\/fullsolutions.info\/wp-content\/uploads\/2021\/07\/cropped-Design-sem-nome-300x193-1-e1627062664782.png\",\"width\":202,\"height\":155,\"caption\":\"Full Solutions\"},\"image\":{\"@id\":\"https:\/\/fullsolutions.info\/#\/schema\/logo\/image\/\"},\"sameAs\":[\"https:\/\/www.linkedin.com\/company\/full-solutions-equipment\"]}]}<\/script>\n<!-- \/ Yoast SEO plugin. -->","yoast_head_json":{"title":"Sistema de Medidor de Fluxo Magn\u00e9tico de Alto Sinal 8707 - Full Solutions","robots":{"index":"index","follow":"follow","max-snippet":"max-snippet:-1","max-image-preview":"max-image-preview:large","max-video-preview":"max-video-preview:-1"},"canonical":"https:\/\/fullsolutions.info\/en\/product\/sistema-de-medidor-de-fluxo-magnetico-de-alto-sinal-8707\/","og_locale":"en_US","og_type":"article","og_title":"Sistema de Medidor de Fluxo Magn\u00e9tico de Alto Sinal 8707 - Full Solutions","og_description":"Desempenho otimizado nas aplica\u00e7\u00f5es mais desafiadoras de polpas O Sensor de Alto Sinal 8707, usado em conjunto com o Transmissor de Alto Sinal 8712H, forma o Sistema de Medidor de Fluxo Magn\u00e9tico de Alto Sinal Rosemount. Este sistema fornece medi\u00e7\u00e3o est\u00e1vel de fluxo nas aplica\u00e7\u00f5es mais dif\u00edceis e ruidosas, mantendo os benef\u00edcios da tecnologia de corrente cont\u00ednua (DC). A for\u00e7a de sinal aumentada do sistema de alto sinal da Rosemount, combinada com processamento de sinal avan\u00e7ado e t\u00e9cnicas de filtragem superiores, oferece a solu\u00e7\u00e3o para aplica\u00e7\u00f5es exigentes de medi\u00e7\u00e3o de fluxo. O 8712H utiliza uma montagem conveniente no po\u00e7o, com um inv\u00f3lucro de compartimento duplo e a Interface de Operador Local (LOI), mais intuitiva e f\u00e1cil de usar do mundo. O Sistema de Alto Sinal reduz a variabilidade do processo, fornecendo a sa\u00edda de fluxo mais est\u00e1vel dispon\u00edvel. Solu\u00e7\u00e3o ideal para as aplica\u00e7\u00f5es mais ruidosas encontradas nas ind\u00fastrias de celulose e papel e minera\u00e7\u00e3o. Recursos e Benef\u00edcios: Inicializa\u00e7\u00e3o mais r\u00e1pida com a Interface de Operador Local (LOI) f\u00e1cil de usar. Op\u00e7\u00e3o de calibra\u00e7\u00e3o dupla para reduzir o invent\u00e1rio de sensores. Maior estabilidade do mundo nas aplica\u00e7\u00f5es mais dif\u00edceis de polpas. Fluxo de base de peso em f\u00e1bricas de papel. Fluxo de licor preto em f\u00e1bricas de papel. Fluxo de estoque em f\u00e1bricas de papel. Polpas de minera\u00e7\u00e3o com alta concentra\u00e7\u00e3o de s\u00f3lidos (&gt; 30%). Aplica\u00e7\u00f5es O sistema de medidor de fluxo magn\u00e9tico de alto sinal Rosemount proporciona uma medi\u00e7\u00e3o de fluxo sem obstru\u00e7\u00f5es ideal para dosagem de polpas condutivas. Devido ao design \u00fanico, o Sistema de Medidor de Fluxo de Alto Sinal Rosemount combina os melhores atributos dos sistemas tradicionais de medidores de fluxo magn\u00e9tico AC com os benef\u00edcios de estabilidade e desempenho da tecnologia de pulso DC. O resultado \u00e9 o sinal de medi\u00e7\u00e3o de fluxo mais confi\u00e1vel e est\u00e1vel nas aplica\u00e7\u00f5es mais dif\u00edceis de polpas.","og_url":"https:\/\/fullsolutions.info\/en\/product\/sistema-de-medidor-de-fluxo-magnetico-de-alto-sinal-8707\/","og_site_name":"Full Solutions","article_modified_time":"2024-02-19T16:13:24+00:00","og_image":[{"width":282,"height":246,"url":"https:\/\/mlhff0prgoxu.i.optimole.com\/cb:s0sM.767\/w:auto\/h:auto\/q:mauto\/f:best\/https:\/\/fullsolutions.info\/wp-content\/uploads\/2024\/02\/Rosemount-8707.jpg","type":"image\/jpeg"}],"twitter_card":"summary_large_image","twitter_misc":{"Est. reading time":"2 minutes"},"schema":{"@context":"https:\/\/schema.org","@graph":[{"@type":"WebPage","@id":"https:\/\/fullsolutions.info\/produto\/sistema-de-medidor-de-fluxo-magnetico-de-alto-sinal-8707\/","url":"https:\/\/fullsolutions.info\/produto\/sistema-de-medidor-de-fluxo-magnetico-de-alto-sinal-8707\/","name":"Sistema de Medidor de Fluxo Magn\u00e9tico de Alto Sinal 8707 - Full Solutions","isPartOf":{"@id":"https:\/\/fullsolutions.info\/#website"},"primaryImageOfPage":{"@id":"https:\/\/fullsolutions.info\/produto\/sistema-de-medidor-de-fluxo-magnetico-de-alto-sinal-8707\/#primaryimage"},"image":{"@id":"https:\/\/fullsolutions.info\/produto\/sistema-de-medidor-de-fluxo-magnetico-de-alto-sinal-8707\/#primaryimage"},"thumbnailUrl":"https:\/\/mlhff0prgoxu.i.optimole.com\/cb:s0sM.767\/w:auto\/h:auto\/q:mauto\/f:best\/https:\/\/fullsolutions.info\/wp-content\/uploads\/2024\/02\/Rosemount-8707.jpg","datePublished":"2024-02-02T15:11:06+00:00","dateModified":"2024-02-19T16:13:24+00:00","breadcrumb":{"@id":"https:\/\/fullsolutions.info\/produto\/sistema-de-medidor-de-fluxo-magnetico-de-alto-sinal-8707\/#breadcrumb"},"inLanguage":"en-US","potentialAction":[{"@type":"ReadAction","target":["https:\/\/fullsolutions.info\/produto\/sistema-de-medidor-de-fluxo-magnetico-de-alto-sinal-8707\/"]}]},{"@type":"ImageObject","inLanguage":"en-US","@id":"https:\/\/fullsolutions.info\/produto\/sistema-de-medidor-de-fluxo-magnetico-de-alto-sinal-8707\/#primaryimage","url":"https:\/\/mlhff0prgoxu.i.optimole.com\/cb:s0sM.767\/w:auto\/h:auto\/q:mauto\/f:best\/https:\/\/fullsolutions.info\/wp-content\/uploads\/2024\/02\/Rosemount-8707.jpg","contentUrl":"https:\/\/mlhff0prgoxu.i.optimole.com\/cb:s0sM.767\/w:auto\/h:auto\/q:mauto\/f:best\/https:\/\/fullsolutions.info\/wp-content\/uploads\/2024\/02\/Rosemount-8707.jpg","width":282,"height":246},{"@type":"BreadcrumbList","@id":"https:\/\/fullsolutions.info\/produto\/sistema-de-medidor-de-fluxo-magnetico-de-alto-sinal-8707\/#breadcrumb","itemListElement":[{"@type":"ListItem","position":1,"name":"In\u00edcio","item":"https:\/\/fullsolutions.info\/"},{"@type":"ListItem","position":2,"name":"Produtos","item":"https:\/\/fullsolutions.info\/shop\/"},{"@type":"ListItem","position":3,"name":"Sistema de Medidor de Fluxo Magn\u00e9tico de Alto Sinal 8707"}]},{"@type":"WebSite","@id":"https:\/\/fullsolutions.info\/#website","url":"https:\/\/fullsolutions.info\/","name":"Full Solutions","description":"Empresa na \u00c1rea de Procurement","publisher":{"@id":"https:\/\/fullsolutions.info\/#organization"},"potentialAction":[{"@type":"SearchAction","target":{"@type":"EntryPoint","urlTemplate":"https:\/\/fullsolutions.info\/?s={search_term_string}"},"query-input":{"@type":"PropertyValueSpecification","valueRequired":true,"valueName":"search_term_string"}}],"inLanguage":"en-US"},{"@type":"Organization","@id":"https:\/\/fullsolutions.info\/#organization","name":"Full Solutions","url":"https:\/\/fullsolutions.info\/","logo":{"@type":"ImageObject","inLanguage":"en-US","@id":"https:\/\/fullsolutions.info\/#\/schema\/logo\/image\/","url":"https:\/\/mlhff0prgoxu.i.optimole.com\/cb:s0sM.767\/w:auto\/h:auto\/q:mauto\/f:best\/https:\/\/fullsolutions.info\/wp-content\/uploads\/2021\/07\/cropped-Design-sem-nome-300x193-1-e1627062664782.png","contentUrl":"https:\/\/mlhff0prgoxu.i.optimole.com\/cb:s0sM.767\/w:auto\/h:auto\/q:mauto\/f:best\/https:\/\/fullsolutions.info\/wp-content\/uploads\/2021\/07\/cropped-Design-sem-nome-300x193-1-e1627062664782.png","width":202,"height":155,"caption":"Full Solutions"},"image":{"@id":"https:\/\/fullsolutions.info\/#\/schema\/logo\/image\/"},"sameAs":["https:\/\/www.linkedin.com\/company\/full-solutions-equipment"]}]}},"_links":{"self":[{"href":"https:\/\/fullsolutions.info\/en\/wp-json\/wp\/v2\/product\/4258","targetHints":{"allow":["GET"]}}],"collection":[{"href":"https:\/\/fullsolutions.info\/en\/wp-json\/wp\/v2\/product"}],"about":[{"href":"https:\/\/fullsolutions.info\/en\/wp-json\/wp\/v2\/types\/product"}],"replies":[{"embeddable":true,"href":"https:\/\/fullsolutions.info\/en\/wp-json\/wp\/v2\/comments?post=4258"}],"wp:featuredmedia":[{"embeddable":true,"href":"https:\/\/fullsolutions.info\/en\/wp-json\/wp\/v2\/media\/4260"}],"wp:attachment":[{"href":"https:\/\/fullsolutions.info\/en\/wp-json\/wp\/v2\/media?parent=4258"}],"wp:term":[{"taxonomy":"product_brand","embeddable":true,"href":"https:\/\/fullsolutions.info\/en\/wp-json\/wp\/v2\/product_brand?post=4258"},{"taxonomy":"product_cat","embeddable":true,"href":"https:\/\/fullsolutions.info\/en\/wp-json\/wp\/v2\/product_cat?post=4258"},{"taxonomy":"product_tag","embeddable":true,"href":"https:\/\/fullsolutions.info\/en\/wp-json\/wp\/v2\/product_tag?post=4258"},{"taxonomy":"marca","embeddable":true,"href":"https:\/\/fullsolutions.info\/en\/wp-json\/wp\/v2\/marca?post=4258"}],"curies":[{"name":"wp","href":"https:\/\/api.w.org\/{rel}","templated":true}]}}