{"id":4254,"date":"2024-02-02T15:07:38","date_gmt":"2024-02-02T15:07:38","guid":{"rendered":"https:\/\/fullsolutionsequip.com\/?post_type=product&#038;p=4254"},"modified":"2024-02-19T16:13:24","modified_gmt":"2024-02-19T16:13:24","slug":"transmissores-de-medidor-de-fluxo-magnetico-8700","status":"publish","type":"product","link":"https:\/\/fullsolutions.info\/en\/product\/transmissores-de-medidor-de-fluxo-magnetico-8700\/","title":{"rendered":"Transmissores de Medidor de Fluxo Magn\u00e9tico 8700"},"content":{"rendered":"<div class=\"flex-1 overflow-hidden\">\n<div class=\"react-scroll-to-bottom--css-hwskr-79elbk h-full\">\n<div class=\"react-scroll-to-bottom--css-hwskr-1n7m0yu\">\n<div class=\"flex flex-col pb-9 text-sm\">\n<div class=\"w-full text-token-text-primary\" data-testid=\"conversation-turn-43\">\n<div class=\"px-4 py-2 justify-center text-base md:gap-6 m-auto\">\n<div class=\"flex flex-1 text-base mx-auto gap-3 md:px-5 lg:px-1 xl:px-5 md:max-w-3xl lg:max-w-[40rem] xl:max-w-[48rem] group final-completion\">\n<div class=\"relative flex w-full flex-col lg:w-[calc(100%-115px)] agent-turn\">\n<div class=\"flex-col gap-1 md:gap-3\">\n<div class=\"flex flex-grow flex-col max-w-full\">\n<div class=\"min-h-[20px] text-message flex flex-col items-start gap-3 whitespace-pre-wrap break-words [.text-message+&amp;]:mt-5 overflow-x-auto\" data-message-author-role=\"assistant\" data-message-id=\"9cba1397-5b61-4c0d-ab00-1928f441e3ab\">\n<div class=\"markdown prose w-full break-words dark:prose-invert dark\">\n<p>Tecnologia que Faz a Diferen\u00e7a<\/p>\n<p>Os Transmissores de Medidor de Fluxo Magn\u00e9tico Rosemount 8700 possuem m\u00faltiplos diagn\u00f3sticos dispon\u00edveis. O desempenho de classe mundial, aliado a diagn\u00f3sticos avan\u00e7ados, proporciona capacidades de gerenciamento de processo sem precedentes. Com uma Interface de Operador Local (LOI) opcional retroiluminada, mudan\u00e7as de configura\u00e7\u00e3o e ajustes podem ser realizados mesmo em locais perigosos sem expor a eletr\u00f4nica ao ambiente.<\/p>\n<ul>\n<li>Diagn\u00f3sticos avan\u00e7ados fornecem informa\u00e7\u00f5es sem precedentes sobre as condi\u00e7\u00f5es do processo e o desempenho do medidor.<\/li>\n<li>Design da carca\u00e7a de compartimento duplo que atende aos padr\u00f5es internacionais mais rigorosos e garante confiabilidade em qualquer ambiente.<\/li>\n<li>Interface de Operador Local (LOI) isolada que torna as altera\u00e7\u00f5es no campo seguras e f\u00e1ceis.<\/li>\n<li>Dispon\u00edvel em um design integral ou de montagem remota.<\/li>\n<\/ul>\n<p>Recursos e Benef\u00edcios:<\/p>\n<ul>\n<li>Instala\u00e7\u00e3o mais f\u00e1cil com diagn\u00f3stico de aterramento e cabeamento.<\/li>\n<li>Manuten\u00e7\u00e3o facilitada com diagn\u00f3sticos de falha da bobina e do transmissor.<\/li>\n<li>Verifica\u00e7\u00e3o mais f\u00e1cil com o diagn\u00f3stico de Verifica\u00e7\u00e3o de Medidor 8714i.<\/li>\n<li>Melhor Gerenciamento de Processo.<\/li>\n<li>Melhor Desempenho.<\/li>\n<li>Frequ\u00eancia de Acionamento da Bobina Selecion\u00e1vel.<\/li>\n<li>Processamento de Sinal Digital Avan\u00e7ado.<\/li>\n<li>Diagn\u00f3stico Avan\u00e7ado de Ru\u00eddo de Processo.<\/li>\n<li>Diagn\u00f3stico Sintoniz\u00e1vel de Tubo Vazio.<\/li>\n<\/ul>\n<p>Aplica\u00e7\u00f5es<\/p>\n<p>Os Transmissores de Medidor de Fluxo Magn\u00e9tico Rosemount 8700 possuem um compartimento selado ambientalmente, tornando-o ideal para instala\u00e7\u00f5es em ambientes adversos onde a infiltra\u00e7\u00e3o de umidade e contaminantes \u00e9 poss\u00edvel. Com desempenho l\u00edder de mercado, os transmissores 8700 proporcionam medi\u00e7\u00f5es mais precisas e est\u00e1veis em aplica\u00e7\u00f5es cr\u00edticas. Al\u00e9m disso, as capacidades avan\u00e7adas de diagn\u00f3stico oferecem valor sem igual aos usu\u00e1rios em diversas aplica\u00e7\u00f5es e ind\u00fastrias.<\/p>\n<\/div>\n<\/div>\n<\/div>\n<\/div>\n<div class=\"absolute\">\n<div class=\"flex w-full gap-2 items-center justify-center\"><\/div>\n<\/div>\n<\/div>\n<\/div>\n<\/div>\n<\/div>\n<\/div>\n<\/div>\n<\/div>\n<\/div>\n<div class=\"w-full pt-2 md:pt-0 dark:border-white\/20 md:border-transparent md:dark:border-transparent md:w-[calc(100%-.5rem)]\">\n<form class=\"stretch mx-2 flex flex-row gap-3 last:mb-2 md:mx-4 md:last:mb-6 lg:mx-auto lg:max-w-2xl xl:max-w-3xl\" action=\"\">\n<div class=\"relative flex h-full flex-1 items-stretch md:flex-col\">\n<div class=\"flex w-full items-center\"><\/div>\n<\/div>\n<input type=\"hidden\" name=\"trp-form-language\" value=\"en\"\/><\/form>\n<\/div>","protected":false},"excerpt":{"rendered":"<p>Tecnologia que Faz a Diferen\u00e7a Os Transmissores de Medidor de Fluxo Magn\u00e9tico Rosemount 8700 possuem m\u00faltiplos diagn\u00f3sticos dispon\u00edveis. O desempenho de classe mundial, aliado a diagn\u00f3sticos avan\u00e7ados, proporciona capacidades de gerenciamento de processo sem precedentes. Com uma Interface de Operador Local (LOI) opcional retroiluminada, mudan\u00e7as de configura\u00e7\u00e3o e ajustes podem ser realizados mesmo em locais perigosos sem expor a eletr\u00f4nica ao ambiente. Diagn\u00f3sticos avan\u00e7ados fornecem informa\u00e7\u00f5es sem precedentes sobre as condi\u00e7\u00f5es do processo e o desempenho do medidor. Design da carca\u00e7a de compartimento duplo que atende aos padr\u00f5es internacionais mais rigorosos e garante confiabilidade em qualquer ambiente. Interface de Operador Local (LOI) isolada que torna as altera\u00e7\u00f5es no campo seguras e f\u00e1ceis. Dispon\u00edvel em um design integral ou de montagem remota. Recursos e Benef\u00edcios: Instala\u00e7\u00e3o mais f\u00e1cil com diagn\u00f3stico de aterramento e cabeamento. Manuten\u00e7\u00e3o facilitada com diagn\u00f3sticos de falha da bobina e do transmissor. Verifica\u00e7\u00e3o mais f\u00e1cil com o diagn\u00f3stico de Verifica\u00e7\u00e3o de Medidor 8714i. Melhor Gerenciamento de Processo. Melhor Desempenho. Frequ\u00eancia de Acionamento da Bobina Selecion\u00e1vel. Processamento de Sinal Digital Avan\u00e7ado. Diagn\u00f3stico Avan\u00e7ado de Ru\u00eddo de Processo. Diagn\u00f3stico Sintoniz\u00e1vel de Tubo Vazio. Aplica\u00e7\u00f5es Os Transmissores de Medidor de Fluxo Magn\u00e9tico Rosemount 8700 possuem um compartimento selado ambientalmente, tornando-o ideal para instala\u00e7\u00f5es em ambientes adversos onde a infiltra\u00e7\u00e3o de umidade e contaminantes \u00e9 poss\u00edvel. Com desempenho l\u00edder de mercado, os transmissores 8700 proporcionam medi\u00e7\u00f5es mais precisas e est\u00e1veis em aplica\u00e7\u00f5es cr\u00edticas. Al\u00e9m disso, as capacidades avan\u00e7adas de diagn\u00f3stico oferecem valor sem igual aos usu\u00e1rios em diversas aplica\u00e7\u00f5es e ind\u00fastrias.<\/p>","protected":false},"featured_media":4257,"comment_status":"open","ping_status":"closed","template":"","meta":{"_joinchat":[]},"product_brand":[],"product_cat":[146],"product_tag":[],"marca":[141],"class_list":{"0":"post-4254","1":"product","2":"type-product","3":"status-publish","4":"has-post-thumbnail","6":"product_cat-medidores-de-vazao-e-tubos-de-vazao","7":"marca-rosemount","9":"first","10":"instock","11":"shipping-taxable","12":"purchasable","13":"product-type-simple"},"yoast_head":"<!-- This site is optimized with the Yoast SEO plugin v27.2 - https:\/\/yoast.com\/product\/yoast-seo-wordpress\/ -->\n<title>Transmissores de Medidor de Fluxo Magn\u00e9tico 8700 - Full Solutions<\/title>\n<meta name=\"robots\" content=\"index, follow, max-snippet:-1, max-image-preview:large, max-video-preview:-1\" \/>\n<link rel=\"canonical\" href=\"https:\/\/fullsolutions.info\/en\/product\/transmissores-de-medidor-de-fluxo-magnetico-8700\/\" \/>\n<meta property=\"og:locale\" content=\"en_US\" \/>\n<meta property=\"og:type\" content=\"article\" \/>\n<meta property=\"og:title\" content=\"Transmissores de Medidor de Fluxo Magn\u00e9tico 8700 - Full Solutions\" \/>\n<meta property=\"og:description\" content=\"Tecnologia que Faz a Diferen\u00e7a Os Transmissores de Medidor de Fluxo Magn\u00e9tico Rosemount 8700 possuem m\u00faltiplos diagn\u00f3sticos dispon\u00edveis. O desempenho de classe mundial, aliado a diagn\u00f3sticos avan\u00e7ados, proporciona capacidades de gerenciamento de processo sem precedentes. Com uma Interface de Operador Local (LOI) opcional retroiluminada, mudan\u00e7as de configura\u00e7\u00e3o e ajustes podem ser realizados mesmo em locais perigosos sem expor a eletr\u00f4nica ao ambiente. Diagn\u00f3sticos avan\u00e7ados fornecem informa\u00e7\u00f5es sem precedentes sobre as condi\u00e7\u00f5es do processo e o desempenho do medidor. Design da carca\u00e7a de compartimento duplo que atende aos padr\u00f5es internacionais mais rigorosos e garante confiabilidade em qualquer ambiente. Interface de Operador Local (LOI) isolada que torna as altera\u00e7\u00f5es no campo seguras e f\u00e1ceis. Dispon\u00edvel em um design integral ou de montagem remota. Recursos e Benef\u00edcios: Instala\u00e7\u00e3o mais f\u00e1cil com diagn\u00f3stico de aterramento e cabeamento. Manuten\u00e7\u00e3o facilitada com diagn\u00f3sticos de falha da bobina e do transmissor. Verifica\u00e7\u00e3o mais f\u00e1cil com o diagn\u00f3stico de Verifica\u00e7\u00e3o de Medidor 8714i. Melhor Gerenciamento de Processo. Melhor Desempenho. Frequ\u00eancia de Acionamento da Bobina Selecion\u00e1vel. Processamento de Sinal Digital Avan\u00e7ado. Diagn\u00f3stico Avan\u00e7ado de Ru\u00eddo de Processo. Diagn\u00f3stico Sintoniz\u00e1vel de Tubo Vazio. Aplica\u00e7\u00f5es Os Transmissores de Medidor de Fluxo Magn\u00e9tico Rosemount 8700 possuem um compartimento selado ambientalmente, tornando-o ideal para instala\u00e7\u00f5es em ambientes adversos onde a infiltra\u00e7\u00e3o de umidade e contaminantes \u00e9 poss\u00edvel. Com desempenho l\u00edder de mercado, os transmissores 8700 proporcionam medi\u00e7\u00f5es mais precisas e est\u00e1veis em aplica\u00e7\u00f5es cr\u00edticas. Al\u00e9m disso, as capacidades avan\u00e7adas de diagn\u00f3stico oferecem valor sem igual aos usu\u00e1rios em diversas aplica\u00e7\u00f5es e ind\u00fastrias.\" \/>\n<meta property=\"og:url\" content=\"https:\/\/fullsolutions.info\/en\/product\/transmissores-de-medidor-de-fluxo-magnetico-8700\/\" \/>\n<meta property=\"og:site_name\" content=\"Full Solutions\" \/>\n<meta property=\"article:modified_time\" content=\"2024-02-19T16:13:24+00:00\" \/>\n<meta property=\"og:image\" content=\"https:\/\/mlhff0prgoxu.i.optimole.com\/cb:s0sM.767\/w:auto\/h:auto\/q:mauto\/f:best\/https:\/\/fullsolutions.info\/wp-content\/uploads\/2024\/02\/Rosemount-8700.png\" \/>\n\t<meta property=\"og:image:width\" content=\"248\" \/>\n\t<meta property=\"og:image:height\" content=\"246\" \/>\n\t<meta property=\"og:image:type\" content=\"image\/png\" \/>\n<meta name=\"twitter:card\" content=\"summary_large_image\" \/>\n<meta name=\"twitter:label1\" content=\"Est. reading time\" \/>\n\t<meta name=\"twitter:data1\" content=\"1 minute\" \/>\n<script type=\"application\/ld+json\" class=\"yoast-schema-graph\">{\"@context\":\"https:\/\/schema.org\",\"@graph\":[{\"@type\":\"WebPage\",\"@id\":\"https:\/\/fullsolutions.info\/produto\/transmissores-de-medidor-de-fluxo-magnetico-8700\/\",\"url\":\"https:\/\/fullsolutions.info\/produto\/transmissores-de-medidor-de-fluxo-magnetico-8700\/\",\"name\":\"Transmissores de Medidor de Fluxo Magn\u00e9tico 8700 - Full Solutions\",\"isPartOf\":{\"@id\":\"https:\/\/fullsolutions.info\/#website\"},\"primaryImageOfPage\":{\"@id\":\"https:\/\/fullsolutions.info\/produto\/transmissores-de-medidor-de-fluxo-magnetico-8700\/#primaryimage\"},\"image\":{\"@id\":\"https:\/\/fullsolutions.info\/produto\/transmissores-de-medidor-de-fluxo-magnetico-8700\/#primaryimage\"},\"thumbnailUrl\":\"https:\/\/mlhff0prgoxu.i.optimole.com\/cb:s0sM.767\/w:auto\/h:auto\/q:mauto\/f:best\/https:\/\/fullsolutions.info\/wp-content\/uploads\/2024\/02\/Rosemount-8700.png\",\"datePublished\":\"2024-02-02T15:07:38+00:00\",\"dateModified\":\"2024-02-19T16:13:24+00:00\",\"breadcrumb\":{\"@id\":\"https:\/\/fullsolutions.info\/produto\/transmissores-de-medidor-de-fluxo-magnetico-8700\/#breadcrumb\"},\"inLanguage\":\"en-US\",\"potentialAction\":[{\"@type\":\"ReadAction\",\"target\":[\"https:\/\/fullsolutions.info\/produto\/transmissores-de-medidor-de-fluxo-magnetico-8700\/\"]}]},{\"@type\":\"ImageObject\",\"inLanguage\":\"en-US\",\"@id\":\"https:\/\/fullsolutions.info\/produto\/transmissores-de-medidor-de-fluxo-magnetico-8700\/#primaryimage\",\"url\":\"https:\/\/mlhff0prgoxu.i.optimole.com\/cb:s0sM.767\/w:auto\/h:auto\/q:mauto\/f:best\/https:\/\/fullsolutions.info\/wp-content\/uploads\/2024\/02\/Rosemount-8700.png\",\"contentUrl\":\"https:\/\/mlhff0prgoxu.i.optimole.com\/cb:s0sM.767\/w:auto\/h:auto\/q:mauto\/f:best\/https:\/\/fullsolutions.info\/wp-content\/uploads\/2024\/02\/Rosemount-8700.png\",\"width\":248,\"height\":246},{\"@type\":\"BreadcrumbList\",\"@id\":\"https:\/\/fullsolutions.info\/produto\/transmissores-de-medidor-de-fluxo-magnetico-8700\/#breadcrumb\",\"itemListElement\":[{\"@type\":\"ListItem\",\"position\":1,\"name\":\"In\u00edcio\",\"item\":\"https:\/\/fullsolutions.info\/\"},{\"@type\":\"ListItem\",\"position\":2,\"name\":\"Produtos\",\"item\":\"https:\/\/fullsolutions.info\/shop\/\"},{\"@type\":\"ListItem\",\"position\":3,\"name\":\"Transmissores de Medidor de Fluxo Magn\u00e9tico 8700\"}]},{\"@type\":\"WebSite\",\"@id\":\"https:\/\/fullsolutions.info\/#website\",\"url\":\"https:\/\/fullsolutions.info\/\",\"name\":\"Full Solutions\",\"description\":\"Empresa na \u00c1rea de Procurement\",\"publisher\":{\"@id\":\"https:\/\/fullsolutions.info\/#organization\"},\"potentialAction\":[{\"@type\":\"SearchAction\",\"target\":{\"@type\":\"EntryPoint\",\"urlTemplate\":\"https:\/\/fullsolutions.info\/?s={search_term_string}\"},\"query-input\":{\"@type\":\"PropertyValueSpecification\",\"valueRequired\":true,\"valueName\":\"search_term_string\"}}],\"inLanguage\":\"en-US\"},{\"@type\":\"Organization\",\"@id\":\"https:\/\/fullsolutions.info\/#organization\",\"name\":\"Full Solutions\",\"url\":\"https:\/\/fullsolutions.info\/\",\"logo\":{\"@type\":\"ImageObject\",\"inLanguage\":\"en-US\",\"@id\":\"https:\/\/fullsolutions.info\/#\/schema\/logo\/image\/\",\"url\":\"https:\/\/mlhff0prgoxu.i.optimole.com\/cb:s0sM.767\/w:auto\/h:auto\/q:mauto\/f:best\/https:\/\/fullsolutions.info\/wp-content\/uploads\/2021\/07\/cropped-Design-sem-nome-300x193-1-e1627062664782.png\",\"contentUrl\":\"https:\/\/mlhff0prgoxu.i.optimole.com\/cb:s0sM.767\/w:auto\/h:auto\/q:mauto\/f:best\/https:\/\/fullsolutions.info\/wp-content\/uploads\/2021\/07\/cropped-Design-sem-nome-300x193-1-e1627062664782.png\",\"width\":202,\"height\":155,\"caption\":\"Full Solutions\"},\"image\":{\"@id\":\"https:\/\/fullsolutions.info\/#\/schema\/logo\/image\/\"},\"sameAs\":[\"https:\/\/www.linkedin.com\/company\/full-solutions-equipment\"]}]}<\/script>\n<!-- \/ Yoast SEO plugin. -->","yoast_head_json":{"title":"Transmissores de Medidor de Fluxo Magn\u00e9tico 8700 - Full Solutions","robots":{"index":"index","follow":"follow","max-snippet":"max-snippet:-1","max-image-preview":"max-image-preview:large","max-video-preview":"max-video-preview:-1"},"canonical":"https:\/\/fullsolutions.info\/en\/product\/transmissores-de-medidor-de-fluxo-magnetico-8700\/","og_locale":"en_US","og_type":"article","og_title":"Transmissores de Medidor de Fluxo Magn\u00e9tico 8700 - Full Solutions","og_description":"Tecnologia que Faz a Diferen\u00e7a Os Transmissores de Medidor de Fluxo Magn\u00e9tico Rosemount 8700 possuem m\u00faltiplos diagn\u00f3sticos dispon\u00edveis. O desempenho de classe mundial, aliado a diagn\u00f3sticos avan\u00e7ados, proporciona capacidades de gerenciamento de processo sem precedentes. Com uma Interface de Operador Local (LOI) opcional retroiluminada, mudan\u00e7as de configura\u00e7\u00e3o e ajustes podem ser realizados mesmo em locais perigosos sem expor a eletr\u00f4nica ao ambiente. Diagn\u00f3sticos avan\u00e7ados fornecem informa\u00e7\u00f5es sem precedentes sobre as condi\u00e7\u00f5es do processo e o desempenho do medidor. Design da carca\u00e7a de compartimento duplo que atende aos padr\u00f5es internacionais mais rigorosos e garante confiabilidade em qualquer ambiente. Interface de Operador Local (LOI) isolada que torna as altera\u00e7\u00f5es no campo seguras e f\u00e1ceis. Dispon\u00edvel em um design integral ou de montagem remota. Recursos e Benef\u00edcios: Instala\u00e7\u00e3o mais f\u00e1cil com diagn\u00f3stico de aterramento e cabeamento. Manuten\u00e7\u00e3o facilitada com diagn\u00f3sticos de falha da bobina e do transmissor. Verifica\u00e7\u00e3o mais f\u00e1cil com o diagn\u00f3stico de Verifica\u00e7\u00e3o de Medidor 8714i. Melhor Gerenciamento de Processo. Melhor Desempenho. Frequ\u00eancia de Acionamento da Bobina Selecion\u00e1vel. Processamento de Sinal Digital Avan\u00e7ado. Diagn\u00f3stico Avan\u00e7ado de Ru\u00eddo de Processo. Diagn\u00f3stico Sintoniz\u00e1vel de Tubo Vazio. Aplica\u00e7\u00f5es Os Transmissores de Medidor de Fluxo Magn\u00e9tico Rosemount 8700 possuem um compartimento selado ambientalmente, tornando-o ideal para instala\u00e7\u00f5es em ambientes adversos onde a infiltra\u00e7\u00e3o de umidade e contaminantes \u00e9 poss\u00edvel. Com desempenho l\u00edder de mercado, os transmissores 8700 proporcionam medi\u00e7\u00f5es mais precisas e est\u00e1veis em aplica\u00e7\u00f5es cr\u00edticas. Al\u00e9m disso, as capacidades avan\u00e7adas de diagn\u00f3stico oferecem valor sem igual aos usu\u00e1rios em diversas aplica\u00e7\u00f5es e ind\u00fastrias.","og_url":"https:\/\/fullsolutions.info\/en\/product\/transmissores-de-medidor-de-fluxo-magnetico-8700\/","og_site_name":"Full Solutions","article_modified_time":"2024-02-19T16:13:24+00:00","og_image":[{"width":248,"height":246,"url":"https:\/\/mlhff0prgoxu.i.optimole.com\/cb:s0sM.767\/w:auto\/h:auto\/q:mauto\/f:best\/https:\/\/fullsolutions.info\/wp-content\/uploads\/2024\/02\/Rosemount-8700.png","type":"image\/png"}],"twitter_card":"summary_large_image","twitter_misc":{"Est. reading time":"1 minute"},"schema":{"@context":"https:\/\/schema.org","@graph":[{"@type":"WebPage","@id":"https:\/\/fullsolutions.info\/produto\/transmissores-de-medidor-de-fluxo-magnetico-8700\/","url":"https:\/\/fullsolutions.info\/produto\/transmissores-de-medidor-de-fluxo-magnetico-8700\/","name":"Transmissores de Medidor de Fluxo Magn\u00e9tico 8700 - Full Solutions","isPartOf":{"@id":"https:\/\/fullsolutions.info\/#website"},"primaryImageOfPage":{"@id":"https:\/\/fullsolutions.info\/produto\/transmissores-de-medidor-de-fluxo-magnetico-8700\/#primaryimage"},"image":{"@id":"https:\/\/fullsolutions.info\/produto\/transmissores-de-medidor-de-fluxo-magnetico-8700\/#primaryimage"},"thumbnailUrl":"https:\/\/mlhff0prgoxu.i.optimole.com\/cb:s0sM.767\/w:auto\/h:auto\/q:mauto\/f:best\/https:\/\/fullsolutions.info\/wp-content\/uploads\/2024\/02\/Rosemount-8700.png","datePublished":"2024-02-02T15:07:38+00:00","dateModified":"2024-02-19T16:13:24+00:00","breadcrumb":{"@id":"https:\/\/fullsolutions.info\/produto\/transmissores-de-medidor-de-fluxo-magnetico-8700\/#breadcrumb"},"inLanguage":"en-US","potentialAction":[{"@type":"ReadAction","target":["https:\/\/fullsolutions.info\/produto\/transmissores-de-medidor-de-fluxo-magnetico-8700\/"]}]},{"@type":"ImageObject","inLanguage":"en-US","@id":"https:\/\/fullsolutions.info\/produto\/transmissores-de-medidor-de-fluxo-magnetico-8700\/#primaryimage","url":"https:\/\/mlhff0prgoxu.i.optimole.com\/cb:s0sM.767\/w:auto\/h:auto\/q:mauto\/f:best\/https:\/\/fullsolutions.info\/wp-content\/uploads\/2024\/02\/Rosemount-8700.png","contentUrl":"https:\/\/mlhff0prgoxu.i.optimole.com\/cb:s0sM.767\/w:auto\/h:auto\/q:mauto\/f:best\/https:\/\/fullsolutions.info\/wp-content\/uploads\/2024\/02\/Rosemount-8700.png","width":248,"height":246},{"@type":"BreadcrumbList","@id":"https:\/\/fullsolutions.info\/produto\/transmissores-de-medidor-de-fluxo-magnetico-8700\/#breadcrumb","itemListElement":[{"@type":"ListItem","position":1,"name":"In\u00edcio","item":"https:\/\/fullsolutions.info\/"},{"@type":"ListItem","position":2,"name":"Produtos","item":"https:\/\/fullsolutions.info\/shop\/"},{"@type":"ListItem","position":3,"name":"Transmissores de Medidor de Fluxo Magn\u00e9tico 8700"}]},{"@type":"WebSite","@id":"https:\/\/fullsolutions.info\/#website","url":"https:\/\/fullsolutions.info\/","name":"Full Solutions","description":"Empresa na \u00c1rea de Procurement","publisher":{"@id":"https:\/\/fullsolutions.info\/#organization"},"potentialAction":[{"@type":"SearchAction","target":{"@type":"EntryPoint","urlTemplate":"https:\/\/fullsolutions.info\/?s={search_term_string}"},"query-input":{"@type":"PropertyValueSpecification","valueRequired":true,"valueName":"search_term_string"}}],"inLanguage":"en-US"},{"@type":"Organization","@id":"https:\/\/fullsolutions.info\/#organization","name":"Full Solutions","url":"https:\/\/fullsolutions.info\/","logo":{"@type":"ImageObject","inLanguage":"en-US","@id":"https:\/\/fullsolutions.info\/#\/schema\/logo\/image\/","url":"https:\/\/mlhff0prgoxu.i.optimole.com\/cb:s0sM.767\/w:auto\/h:auto\/q:mauto\/f:best\/https:\/\/fullsolutions.info\/wp-content\/uploads\/2021\/07\/cropped-Design-sem-nome-300x193-1-e1627062664782.png","contentUrl":"https:\/\/mlhff0prgoxu.i.optimole.com\/cb:s0sM.767\/w:auto\/h:auto\/q:mauto\/f:best\/https:\/\/fullsolutions.info\/wp-content\/uploads\/2021\/07\/cropped-Design-sem-nome-300x193-1-e1627062664782.png","width":202,"height":155,"caption":"Full Solutions"},"image":{"@id":"https:\/\/fullsolutions.info\/#\/schema\/logo\/image\/"},"sameAs":["https:\/\/www.linkedin.com\/company\/full-solutions-equipment"]}]}},"_links":{"self":[{"href":"https:\/\/fullsolutions.info\/en\/wp-json\/wp\/v2\/product\/4254","targetHints":{"allow":["GET"]}}],"collection":[{"href":"https:\/\/fullsolutions.info\/en\/wp-json\/wp\/v2\/product"}],"about":[{"href":"https:\/\/fullsolutions.info\/en\/wp-json\/wp\/v2\/types\/product"}],"replies":[{"embeddable":true,"href":"https:\/\/fullsolutions.info\/en\/wp-json\/wp\/v2\/comments?post=4254"}],"wp:featuredmedia":[{"embeddable":true,"href":"https:\/\/fullsolutions.info\/en\/wp-json\/wp\/v2\/media\/4257"}],"wp:attachment":[{"href":"https:\/\/fullsolutions.info\/en\/wp-json\/wp\/v2\/media?parent=4254"}],"wp:term":[{"taxonomy":"product_brand","embeddable":true,"href":"https:\/\/fullsolutions.info\/en\/wp-json\/wp\/v2\/product_brand?post=4254"},{"taxonomy":"product_cat","embeddable":true,"href":"https:\/\/fullsolutions.info\/en\/wp-json\/wp\/v2\/product_cat?post=4254"},{"taxonomy":"product_tag","embeddable":true,"href":"https:\/\/fullsolutions.info\/en\/wp-json\/wp\/v2\/product_tag?post=4254"},{"taxonomy":"marca","embeddable":true,"href":"https:\/\/fullsolutions.info\/en\/wp-json\/wp\/v2\/marca?post=4254"}],"curies":[{"name":"wp","href":"https:\/\/api.w.org\/{rel}","templated":true}]}}