{"id":4253,"date":"2024-02-02T15:05:48","date_gmt":"2024-02-02T15:05:48","guid":{"rendered":"https:\/\/fullsolutionsequip.com\/?post_type=product&#038;p=4253"},"modified":"2024-02-19T16:13:25","modified_gmt":"2024-02-19T16:13:25","slug":"prosonic-t-fmu30","status":"publish","type":"product","link":"https:\/\/fullsolutions.info\/en\/product\/prosonic-t-fmu30\/","title":{"rendered":"Prosonic T FMU30"},"content":{"rendered":"<p>Endress+Hauser Medidor de N\u00edvel Ultrass\u00f4nico &#8211; Prosonic T FMU30<\/p>\n<p>Descri\u00e7\u00e3o do Produto<\/p>\n<p>Transmissor compacto para medi\u00e7\u00e3o de n\u00edvel sem contato de fluidos, pastas e materiais granulares grosseiros.<\/p>\n<p>Seus Benef\u00edcios<\/p>\n<p>Comissionamento r\u00e1pido e simples via opera\u00e7\u00e3o no local com display de texto simples de quatro linhas; sele\u00e7\u00e3o de 7 idiomas.<br \/>\nCurvas de envelope no display local para diagn\u00f3stico simples.<br \/>\nFun\u00e7\u00e3o de lineariza\u00e7\u00e3o (at\u00e9 32 pontos) para convers\u00e3o do valor medido em qualquer unidade de comprimento, volume ou vaz\u00e3o.<br \/>\nM\u00e9todo de medi\u00e7\u00e3o sem contato minimiza os requisitos de servi\u00e7o.<br \/>\nInstala\u00e7\u00e3o poss\u00edvel a partir de rosca G 1\u00bd ou 1\u00bd NPT para cima.<br \/>\nSensor integrado de temperatura para corre\u00e7\u00e3o autom\u00e1tica da velocidade do som dependente da temperatura.<\/p>\n<p>Campo de Aplica\u00e7\u00e3o<\/p>\n<p>Medi\u00e7\u00e3o cont\u00ednua de n\u00edvel sem contato em fluidos, pastas, e res\u00edduos grossos de materiais granulares.<br \/>\nIntegra\u00e7\u00e3o no sistema via 4 a 20 mA.<br \/>\nFaixa m\u00e1xima de medi\u00e7\u00e3o:<br \/>\nSensor de 1\u00bd&#8221;: 5 m (16 p\u00e9s) em fluidos; 2 m em materiais granulares.<br \/>\nSensor de 2&#8243;: 8 m (26 p\u00e9s) em fluidos; 3,5 m (11 p\u00e9s) em materiais granulares.<\/p>","protected":false},"excerpt":{"rendered":"<p>Endress+Hauser Medidor de N\u00edvel Ultrass\u00f4nico &#8211; Prosonic T FMU30 Descri\u00e7\u00e3o do Produto Transmissor compacto para medi\u00e7\u00e3o de n\u00edvel sem contato de fluidos, pastas e materiais granulares grosseiros. Seus Benef\u00edcios Comissionamento r\u00e1pido e simples via opera\u00e7\u00e3o no local com display de texto simples de quatro linhas; sele\u00e7\u00e3o de 7 idiomas. Curvas de envelope no display local para diagn\u00f3stico simples. Fun\u00e7\u00e3o de lineariza\u00e7\u00e3o (at\u00e9 32 pontos) para convers\u00e3o do valor medido em qualquer unidade de comprimento, volume ou vaz\u00e3o. M\u00e9todo de medi\u00e7\u00e3o sem contato minimiza os requisitos de servi\u00e7o. Instala\u00e7\u00e3o poss\u00edvel a partir de rosca G 1\u00bd ou 1\u00bd NPT para cima. Sensor integrado de temperatura para corre\u00e7\u00e3o autom\u00e1tica da velocidade do som dependente da temperatura. Campo de Aplica\u00e7\u00e3o Medi\u00e7\u00e3o cont\u00ednua de n\u00edvel sem contato em fluidos, pastas, e res\u00edduos grossos de materiais granulares. Integra\u00e7\u00e3o no sistema via 4 a 20 mA. Faixa m\u00e1xima de medi\u00e7\u00e3o: Sensor de 1\u00bd&#8221;: 5 m (16 p\u00e9s) em fluidos; 2 m em materiais granulares. Sensor de 2&#8243;: 8 m (26 p\u00e9s) em fluidos; 3,5 m (11 p\u00e9s) em materiais granulares.<\/p>","protected":false},"featured_media":4255,"comment_status":"open","ping_status":"closed","template":"","meta":{"_joinchat":[]},"product_brand":[],"product_cat":[140],"product_tag":[],"marca":[147],"class_list":{"0":"post-4253","1":"product","2":"type-product","3":"status-publish","4":"has-post-thumbnail","6":"product_cat-transmissores","7":"marca-endresshauser","9":"first","10":"instock","11":"shipping-taxable","12":"purchasable","13":"product-type-simple"},"yoast_head":"<!-- This site is optimized with the Yoast SEO plugin v27.2 - https:\/\/yoast.com\/product\/yoast-seo-wordpress\/ -->\n<title>Prosonic T FMU30 - Full Solutions<\/title>\n<meta name=\"robots\" content=\"index, follow, max-snippet:-1, max-image-preview:large, max-video-preview:-1\" \/>\n<link rel=\"canonical\" href=\"https:\/\/fullsolutions.info\/en\/product\/prosonic-t-fmu30\/\" \/>\n<meta property=\"og:locale\" content=\"en_US\" \/>\n<meta property=\"og:type\" content=\"article\" \/>\n<meta property=\"og:title\" content=\"Prosonic T FMU30 - Full Solutions\" \/>\n<meta property=\"og:description\" content=\"Endress+Hauser Medidor de N\u00edvel Ultrass\u00f4nico &#8211; Prosonic T FMU30 Descri\u00e7\u00e3o do Produto Transmissor compacto para medi\u00e7\u00e3o de n\u00edvel sem contato de fluidos, pastas e materiais granulares grosseiros. Seus Benef\u00edcios Comissionamento r\u00e1pido e simples via opera\u00e7\u00e3o no local com display de texto simples de quatro linhas; sele\u00e7\u00e3o de 7 idiomas. Curvas de envelope no display local para diagn\u00f3stico simples. Fun\u00e7\u00e3o de lineariza\u00e7\u00e3o (at\u00e9 32 pontos) para convers\u00e3o do valor medido em qualquer unidade de comprimento, volume ou vaz\u00e3o. M\u00e9todo de medi\u00e7\u00e3o sem contato minimiza os requisitos de servi\u00e7o. Instala\u00e7\u00e3o poss\u00edvel a partir de rosca G 1\u00bd ou 1\u00bd NPT para cima. Sensor integrado de temperatura para corre\u00e7\u00e3o autom\u00e1tica da velocidade do som dependente da temperatura. Campo de Aplica\u00e7\u00e3o Medi\u00e7\u00e3o cont\u00ednua de n\u00edvel sem contato em fluidos, pastas, e res\u00edduos grossos de materiais granulares. Integra\u00e7\u00e3o no sistema via 4 a 20 mA. Faixa m\u00e1xima de medi\u00e7\u00e3o: Sensor de 1\u00bd&#8221;: 5 m (16 p\u00e9s) em fluidos; 2 m em materiais granulares. Sensor de 2&#8243;: 8 m (26 p\u00e9s) em fluidos; 3,5 m (11 p\u00e9s) em materiais granulares.\" \/>\n<meta property=\"og:url\" content=\"https:\/\/fullsolutions.info\/en\/product\/prosonic-t-fmu30\/\" \/>\n<meta property=\"og:site_name\" content=\"Full Solutions\" \/>\n<meta property=\"article:modified_time\" content=\"2024-02-19T16:13:25+00:00\" \/>\n<meta property=\"og:image\" content=\"https:\/\/mlhff0prgoxu.i.optimole.com\/cb:s0sM.767\/w:auto\/h:auto\/q:mauto\/f:best\/https:\/\/fullsolutions.info\/wp-content\/uploads\/2024\/02\/Prosonic-T-FMU30.jpeg\" \/>\n\t<meta property=\"og:image:width\" content=\"500\" \/>\n\t<meta property=\"og:image:height\" content=\"500\" \/>\n\t<meta property=\"og:image:type\" content=\"image\/jpeg\" \/>\n<meta name=\"twitter:card\" content=\"summary_large_image\" \/>\n<meta name=\"twitter:label1\" content=\"Est. reading time\" \/>\n\t<meta name=\"twitter:data1\" content=\"1 minute\" \/>\n<script type=\"application\/ld+json\" class=\"yoast-schema-graph\">{\"@context\":\"https:\/\/schema.org\",\"@graph\":[{\"@type\":\"WebPage\",\"@id\":\"https:\/\/fullsolutions.info\/produto\/prosonic-t-fmu30\/\",\"url\":\"https:\/\/fullsolutions.info\/produto\/prosonic-t-fmu30\/\",\"name\":\"Prosonic T FMU30 - Full Solutions\",\"isPartOf\":{\"@id\":\"https:\/\/fullsolutions.info\/#website\"},\"primaryImageOfPage\":{\"@id\":\"https:\/\/fullsolutions.info\/produto\/prosonic-t-fmu30\/#primaryimage\"},\"image\":{\"@id\":\"https:\/\/fullsolutions.info\/produto\/prosonic-t-fmu30\/#primaryimage\"},\"thumbnailUrl\":\"https:\/\/mlhff0prgoxu.i.optimole.com\/cb:s0sM.767\/w:auto\/h:auto\/q:mauto\/f:best\/https:\/\/fullsolutions.info\/wp-content\/uploads\/2024\/02\/Prosonic-T-FMU30.jpeg\",\"datePublished\":\"2024-02-02T15:05:48+00:00\",\"dateModified\":\"2024-02-19T16:13:25+00:00\",\"breadcrumb\":{\"@id\":\"https:\/\/fullsolutions.info\/produto\/prosonic-t-fmu30\/#breadcrumb\"},\"inLanguage\":\"en-US\",\"potentialAction\":[{\"@type\":\"ReadAction\",\"target\":[\"https:\/\/fullsolutions.info\/produto\/prosonic-t-fmu30\/\"]}]},{\"@type\":\"ImageObject\",\"inLanguage\":\"en-US\",\"@id\":\"https:\/\/fullsolutions.info\/produto\/prosonic-t-fmu30\/#primaryimage\",\"url\":\"https:\/\/mlhff0prgoxu.i.optimole.com\/cb:s0sM.767\/w:auto\/h:auto\/q:mauto\/f:best\/https:\/\/fullsolutions.info\/wp-content\/uploads\/2024\/02\/Prosonic-T-FMU30.jpeg\",\"contentUrl\":\"https:\/\/mlhff0prgoxu.i.optimole.com\/cb:s0sM.767\/w:auto\/h:auto\/q:mauto\/f:best\/https:\/\/fullsolutions.info\/wp-content\/uploads\/2024\/02\/Prosonic-T-FMU30.jpeg\",\"width\":500,\"height\":500},{\"@type\":\"BreadcrumbList\",\"@id\":\"https:\/\/fullsolutions.info\/produto\/prosonic-t-fmu30\/#breadcrumb\",\"itemListElement\":[{\"@type\":\"ListItem\",\"position\":1,\"name\":\"In\u00edcio\",\"item\":\"https:\/\/fullsolutions.info\/\"},{\"@type\":\"ListItem\",\"position\":2,\"name\":\"Produtos\",\"item\":\"https:\/\/fullsolutions.info\/shop\/\"},{\"@type\":\"ListItem\",\"position\":3,\"name\":\"Prosonic T FMU30\"}]},{\"@type\":\"WebSite\",\"@id\":\"https:\/\/fullsolutions.info\/#website\",\"url\":\"https:\/\/fullsolutions.info\/\",\"name\":\"Full Solutions\",\"description\":\"Empresa na \u00c1rea de Procurement\",\"publisher\":{\"@id\":\"https:\/\/fullsolutions.info\/#organization\"},\"potentialAction\":[{\"@type\":\"SearchAction\",\"target\":{\"@type\":\"EntryPoint\",\"urlTemplate\":\"https:\/\/fullsolutions.info\/?s={search_term_string}\"},\"query-input\":{\"@type\":\"PropertyValueSpecification\",\"valueRequired\":true,\"valueName\":\"search_term_string\"}}],\"inLanguage\":\"en-US\"},{\"@type\":\"Organization\",\"@id\":\"https:\/\/fullsolutions.info\/#organization\",\"name\":\"Full Solutions\",\"url\":\"https:\/\/fullsolutions.info\/\",\"logo\":{\"@type\":\"ImageObject\",\"inLanguage\":\"en-US\",\"@id\":\"https:\/\/fullsolutions.info\/#\/schema\/logo\/image\/\",\"url\":\"https:\/\/mlhff0prgoxu.i.optimole.com\/cb:s0sM.767\/w:auto\/h:auto\/q:mauto\/f:best\/https:\/\/fullsolutions.info\/wp-content\/uploads\/2021\/07\/cropped-Design-sem-nome-300x193-1-e1627062664782.png\",\"contentUrl\":\"https:\/\/mlhff0prgoxu.i.optimole.com\/cb:s0sM.767\/w:auto\/h:auto\/q:mauto\/f:best\/https:\/\/fullsolutions.info\/wp-content\/uploads\/2021\/07\/cropped-Design-sem-nome-300x193-1-e1627062664782.png\",\"width\":202,\"height\":155,\"caption\":\"Full Solutions\"},\"image\":{\"@id\":\"https:\/\/fullsolutions.info\/#\/schema\/logo\/image\/\"},\"sameAs\":[\"https:\/\/www.linkedin.com\/company\/full-solutions-equipment\"]}]}<\/script>\n<!-- \/ Yoast SEO plugin. -->","yoast_head_json":{"title":"Prosonic T FMU30 - Full Solutions","robots":{"index":"index","follow":"follow","max-snippet":"max-snippet:-1","max-image-preview":"max-image-preview:large","max-video-preview":"max-video-preview:-1"},"canonical":"https:\/\/fullsolutions.info\/en\/product\/prosonic-t-fmu30\/","og_locale":"en_US","og_type":"article","og_title":"Prosonic T FMU30 - Full Solutions","og_description":"Endress+Hauser Medidor de N\u00edvel Ultrass\u00f4nico &#8211; Prosonic T FMU30 Descri\u00e7\u00e3o do Produto Transmissor compacto para medi\u00e7\u00e3o de n\u00edvel sem contato de fluidos, pastas e materiais granulares grosseiros. Seus Benef\u00edcios Comissionamento r\u00e1pido e simples via opera\u00e7\u00e3o no local com display de texto simples de quatro linhas; sele\u00e7\u00e3o de 7 idiomas. Curvas de envelope no display local para diagn\u00f3stico simples. Fun\u00e7\u00e3o de lineariza\u00e7\u00e3o (at\u00e9 32 pontos) para convers\u00e3o do valor medido em qualquer unidade de comprimento, volume ou vaz\u00e3o. M\u00e9todo de medi\u00e7\u00e3o sem contato minimiza os requisitos de servi\u00e7o. Instala\u00e7\u00e3o poss\u00edvel a partir de rosca G 1\u00bd ou 1\u00bd NPT para cima. Sensor integrado de temperatura para corre\u00e7\u00e3o autom\u00e1tica da velocidade do som dependente da temperatura. Campo de Aplica\u00e7\u00e3o Medi\u00e7\u00e3o cont\u00ednua de n\u00edvel sem contato em fluidos, pastas, e res\u00edduos grossos de materiais granulares. Integra\u00e7\u00e3o no sistema via 4 a 20 mA. Faixa m\u00e1xima de medi\u00e7\u00e3o: Sensor de 1\u00bd&#8221;: 5 m (16 p\u00e9s) em fluidos; 2 m em materiais granulares. Sensor de 2&#8243;: 8 m (26 p\u00e9s) em fluidos; 3,5 m (11 p\u00e9s) em materiais granulares.","og_url":"https:\/\/fullsolutions.info\/en\/product\/prosonic-t-fmu30\/","og_site_name":"Full Solutions","article_modified_time":"2024-02-19T16:13:25+00:00","og_image":[{"width":500,"height":500,"url":"https:\/\/mlhff0prgoxu.i.optimole.com\/cb:s0sM.767\/w:auto\/h:auto\/q:mauto\/f:best\/https:\/\/fullsolutions.info\/wp-content\/uploads\/2024\/02\/Prosonic-T-FMU30.jpeg","type":"image\/jpeg"}],"twitter_card":"summary_large_image","twitter_misc":{"Est. reading time":"1 minute"},"schema":{"@context":"https:\/\/schema.org","@graph":[{"@type":"WebPage","@id":"https:\/\/fullsolutions.info\/produto\/prosonic-t-fmu30\/","url":"https:\/\/fullsolutions.info\/produto\/prosonic-t-fmu30\/","name":"Prosonic T FMU30 - Full Solutions","isPartOf":{"@id":"https:\/\/fullsolutions.info\/#website"},"primaryImageOfPage":{"@id":"https:\/\/fullsolutions.info\/produto\/prosonic-t-fmu30\/#primaryimage"},"image":{"@id":"https:\/\/fullsolutions.info\/produto\/prosonic-t-fmu30\/#primaryimage"},"thumbnailUrl":"https:\/\/mlhff0prgoxu.i.optimole.com\/cb:s0sM.767\/w:auto\/h:auto\/q:mauto\/f:best\/https:\/\/fullsolutions.info\/wp-content\/uploads\/2024\/02\/Prosonic-T-FMU30.jpeg","datePublished":"2024-02-02T15:05:48+00:00","dateModified":"2024-02-19T16:13:25+00:00","breadcrumb":{"@id":"https:\/\/fullsolutions.info\/produto\/prosonic-t-fmu30\/#breadcrumb"},"inLanguage":"en-US","potentialAction":[{"@type":"ReadAction","target":["https:\/\/fullsolutions.info\/produto\/prosonic-t-fmu30\/"]}]},{"@type":"ImageObject","inLanguage":"en-US","@id":"https:\/\/fullsolutions.info\/produto\/prosonic-t-fmu30\/#primaryimage","url":"https:\/\/mlhff0prgoxu.i.optimole.com\/cb:s0sM.767\/w:auto\/h:auto\/q:mauto\/f:best\/https:\/\/fullsolutions.info\/wp-content\/uploads\/2024\/02\/Prosonic-T-FMU30.jpeg","contentUrl":"https:\/\/mlhff0prgoxu.i.optimole.com\/cb:s0sM.767\/w:auto\/h:auto\/q:mauto\/f:best\/https:\/\/fullsolutions.info\/wp-content\/uploads\/2024\/02\/Prosonic-T-FMU30.jpeg","width":500,"height":500},{"@type":"BreadcrumbList","@id":"https:\/\/fullsolutions.info\/produto\/prosonic-t-fmu30\/#breadcrumb","itemListElement":[{"@type":"ListItem","position":1,"name":"In\u00edcio","item":"https:\/\/fullsolutions.info\/"},{"@type":"ListItem","position":2,"name":"Produtos","item":"https:\/\/fullsolutions.info\/shop\/"},{"@type":"ListItem","position":3,"name":"Prosonic T FMU30"}]},{"@type":"WebSite","@id":"https:\/\/fullsolutions.info\/#website","url":"https:\/\/fullsolutions.info\/","name":"Full Solutions","description":"Empresa na \u00c1rea de Procurement","publisher":{"@id":"https:\/\/fullsolutions.info\/#organization"},"potentialAction":[{"@type":"SearchAction","target":{"@type":"EntryPoint","urlTemplate":"https:\/\/fullsolutions.info\/?s={search_term_string}"},"query-input":{"@type":"PropertyValueSpecification","valueRequired":true,"valueName":"search_term_string"}}],"inLanguage":"en-US"},{"@type":"Organization","@id":"https:\/\/fullsolutions.info\/#organization","name":"Full Solutions","url":"https:\/\/fullsolutions.info\/","logo":{"@type":"ImageObject","inLanguage":"en-US","@id":"https:\/\/fullsolutions.info\/#\/schema\/logo\/image\/","url":"https:\/\/mlhff0prgoxu.i.optimole.com\/cb:s0sM.767\/w:auto\/h:auto\/q:mauto\/f:best\/https:\/\/fullsolutions.info\/wp-content\/uploads\/2021\/07\/cropped-Design-sem-nome-300x193-1-e1627062664782.png","contentUrl":"https:\/\/mlhff0prgoxu.i.optimole.com\/cb:s0sM.767\/w:auto\/h:auto\/q:mauto\/f:best\/https:\/\/fullsolutions.info\/wp-content\/uploads\/2021\/07\/cropped-Design-sem-nome-300x193-1-e1627062664782.png","width":202,"height":155,"caption":"Full Solutions"},"image":{"@id":"https:\/\/fullsolutions.info\/#\/schema\/logo\/image\/"},"sameAs":["https:\/\/www.linkedin.com\/company\/full-solutions-equipment"]}]}},"_links":{"self":[{"href":"https:\/\/fullsolutions.info\/en\/wp-json\/wp\/v2\/product\/4253","targetHints":{"allow":["GET"]}}],"collection":[{"href":"https:\/\/fullsolutions.info\/en\/wp-json\/wp\/v2\/product"}],"about":[{"href":"https:\/\/fullsolutions.info\/en\/wp-json\/wp\/v2\/types\/product"}],"replies":[{"embeddable":true,"href":"https:\/\/fullsolutions.info\/en\/wp-json\/wp\/v2\/comments?post=4253"}],"wp:featuredmedia":[{"embeddable":true,"href":"https:\/\/fullsolutions.info\/en\/wp-json\/wp\/v2\/media\/4255"}],"wp:attachment":[{"href":"https:\/\/fullsolutions.info\/en\/wp-json\/wp\/v2\/media?parent=4253"}],"wp:term":[{"taxonomy":"product_brand","embeddable":true,"href":"https:\/\/fullsolutions.info\/en\/wp-json\/wp\/v2\/product_brand?post=4253"},{"taxonomy":"product_cat","embeddable":true,"href":"https:\/\/fullsolutions.info\/en\/wp-json\/wp\/v2\/product_cat?post=4253"},{"taxonomy":"product_tag","embeddable":true,"href":"https:\/\/fullsolutions.info\/en\/wp-json\/wp\/v2\/product_tag?post=4253"},{"taxonomy":"marca","embeddable":true,"href":"https:\/\/fullsolutions.info\/en\/wp-json\/wp\/v2\/marca?post=4253"}],"curies":[{"name":"wp","href":"https:\/\/api.w.org\/{rel}","templated":true}]}}