{"id":4250,"date":"2024-02-02T15:04:07","date_gmt":"2024-02-02T15:04:07","guid":{"rendered":"https:\/\/fullsolutionsequip.com\/?post_type=product&#038;p=4250"},"modified":"2024-02-19T16:13:25","modified_gmt":"2024-02-19T16:13:25","slug":"prosonic-s-fmu90","status":"publish","type":"product","link":"https:\/\/fullsolutions.info\/en\/product\/prosonic-s-fmu90\/","title":{"rendered":"Prosonic S FMU90"},"content":{"rendered":"<p>Endress+Hauser Medidor de N\u00edvel Ultrass\u00f4nico &#8211; Prosonic S FMU90<\/p>\n<p>Descri\u00e7\u00e3o do Produto<\/p>\n<p>Transmissor em inv\u00f3lucro para montagem em campo ou trilho superior para os sensores ultrass\u00f4nicos FDU91\/91F\/92\/93\/95\/96.<\/p>\n<p>Seus Benef\u00edcios<\/p>\n<p>Opera\u00e7\u00e3o simples e guiada por menu com display de texto simples de 6 linhas; sele\u00e7\u00e3o de 15 idiomas.<\/p>\n<p>Curvas de envelope no display para diagn\u00f3stico r\u00e1pido e simples.<\/p>\n<p>Opera\u00e7\u00e3o f\u00e1cil, diagn\u00f3stico e documenta\u00e7\u00e3o do ponto de medi\u00e7\u00e3o com o programa operacional &#8220;FieldCare&#8221; fornecido.<\/p>\n<p>Op\u00e7\u00e3o: quatro entradas digitais (por exemplo, para feedback de bomba) e uma entrada de temperatura externa.<\/p>\n<p>Corre\u00e7\u00e3o do tempo de voo via sensores de temperatura integrados ou externos.<\/p>\n<p>Lineariza\u00e7\u00e3o (at\u00e9 32 pontos, livremente configur\u00e1vel).<\/p>\n<p>Tabelas de lineariza\u00e7\u00e3o pr\u00e9-programadas para os flumes e vertedouros mais comuns, selecion\u00e1veis.<\/p>\n<p>C\u00e1lculo online dos fluxos de flumes\/vertedouros via curvas de fluxo integradas.<\/p>\n<p>Rotinas de controle de bomba pr\u00e9-programadas.<\/p>\n<p>Integra\u00e7\u00e3o no sistema via HART ou PROFIBUS DP.<\/p>\n<p>Detec\u00e7\u00e3o autom\u00e1tica dos sensores FDU9x.<\/p>\n<p>Os sensores da s\u00e9rie FDU8x podem ser conectados.<\/p>\n<p>FMU90 &#8211; Inv\u00f3lucro para Campo &#8211; (ver imagem)<\/p>\n<p>Temperatura ambiente: -40&#8230;60 \u00b0C \/ -40&#8230;140 \u00b0F<br \/>\nProte\u00e7\u00e3o contra ingresso: IP66 \/ NEMA 4x<br \/>\nN\u00famero de sensores: at\u00e9 2 sensores<\/p>\n<p>FMU90 &#8211; Inv\u00f3lucro para Trilho DIN &#8211; (sem imagem)<\/p>\n<p>Temperatura ambiente: -40&#8230;60 \u00b0C \/ -40&#8230;140 \u00b0F<br \/>\nProte\u00e7\u00e3o contra ingresso: IP20<br \/>\nN\u00famero de sensores: at\u00e9 2 sensores<\/p>\n<p>Campo de Aplica\u00e7\u00e3o<\/p>\n<p>Aplica\u00e7\u00e3o para medi\u00e7\u00f5es de n\u00edvel:<\/p>\n<p>Medi\u00e7\u00e3o cont\u00ednua de n\u00edvel sem contato de fluidos, pastas, lamas e materiais granulares de pulverulentos a grosseiros com 1 ou 2 sensores ultrass\u00f4nicos.<\/p>\n<p>Faixa de medi\u00e7\u00e3o de at\u00e9 70 m (dependendo do sensor e do material medido).<\/p>\n<p>Detec\u00e7\u00e3o de limite de n\u00edvel (at\u00e9 6 rel\u00e9s).<\/p>\n<p>Controle de bomba (alternado); controle de rastelo.<\/p>\n<p>Op\u00e7\u00e3o: fun\u00e7\u00f5es adicionais de controle de bomba (teste de fun\u00e7\u00e3o da bomba, &#8230;).<\/p>\n<p>C\u00e1lculos: m\u00e9dia, diferen\u00e7a, soma.<\/p>\n<p>Aplica\u00e7\u00e3o para medi\u00e7\u00f5es de fluxo:<\/p>\n<p>Medi\u00e7\u00e3o de fluxo em canais abertos e vertedouros com 1 ou 2 sensores ultrass\u00f4nicos.<\/p>\n<p>Medi\u00e7\u00e3o simult\u00e2nea de n\u00edvel e fluxo em uma bacia de transbordamento de \u00e1guas pluviais com apenas 1 sensor.<\/p>\n<p>Medi\u00e7\u00e3o de fluxo com detec\u00e7\u00e3o de refluxo (2 sensores) ou detec\u00e7\u00e3o de lodo.<\/p>\n<p>At\u00e9 3 totalizadores e 3 contadores (reset\u00e1veis); opcionalmente reset\u00e1veis via entradas digitais.<\/p>\n<p>Sa\u00edda de pulso de contagem ou tempo para controle de unidades externas.<\/p>","protected":false},"excerpt":{"rendered":"<p>Endress+Hauser Medidor de N\u00edvel Ultrass\u00f4nico &#8211; Prosonic S FMU90 Descri\u00e7\u00e3o do Produto Transmissor em inv\u00f3lucro para montagem em campo ou trilho superior para os sensores ultrass\u00f4nicos FDU91\/91F\/92\/93\/95\/96. Seus Benef\u00edcios Opera\u00e7\u00e3o simples e guiada por menu com display de texto simples de 6 linhas; sele\u00e7\u00e3o de 15 idiomas. Curvas de envelope no display para diagn\u00f3stico r\u00e1pido e simples. Opera\u00e7\u00e3o f\u00e1cil, diagn\u00f3stico e documenta\u00e7\u00e3o do ponto de medi\u00e7\u00e3o com o programa operacional &#8220;FieldCare&#8221; fornecido. Op\u00e7\u00e3o: quatro entradas digitais (por exemplo, para feedback de bomba) e uma entrada de temperatura externa. Corre\u00e7\u00e3o do tempo de voo via sensores de temperatura integrados ou externos. Lineariza\u00e7\u00e3o (at\u00e9 32 pontos, livremente configur\u00e1vel). Tabelas de lineariza\u00e7\u00e3o pr\u00e9-programadas para os flumes e vertedouros mais comuns, selecion\u00e1veis. C\u00e1lculo online dos fluxos de flumes\/vertedouros via curvas de fluxo integradas. Rotinas de controle de bomba pr\u00e9-programadas. Integra\u00e7\u00e3o no sistema via HART ou PROFIBUS DP. Detec\u00e7\u00e3o autom\u00e1tica dos sensores FDU9x. Os sensores da s\u00e9rie FDU8x podem ser conectados. FMU90 &#8211; Inv\u00f3lucro para Campo &#8211; (ver imagem) Temperatura ambiente: -40&#8230;60 \u00b0C \/ -40&#8230;140 \u00b0F Prote\u00e7\u00e3o contra ingresso: IP66 \/ NEMA 4x N\u00famero de sensores: at\u00e9 2 sensores FMU90 &#8211; Inv\u00f3lucro para Trilho DIN &#8211; (sem imagem) Temperatura ambiente: -40&#8230;60 \u00b0C \/ -40&#8230;140 \u00b0F Prote\u00e7\u00e3o contra ingresso: IP20 N\u00famero de sensores: at\u00e9 2 sensores Campo de Aplica\u00e7\u00e3o Aplica\u00e7\u00e3o para medi\u00e7\u00f5es de n\u00edvel: Medi\u00e7\u00e3o cont\u00ednua de n\u00edvel sem contato de fluidos, pastas, lamas e materiais granulares de pulverulentos a grosseiros com 1 ou 2 sensores ultrass\u00f4nicos. Faixa de medi\u00e7\u00e3o de at\u00e9 70 m (dependendo do sensor e do material medido). Detec\u00e7\u00e3o de limite de n\u00edvel (at\u00e9 6 rel\u00e9s). Controle de bomba (alternado); controle de rastelo. Op\u00e7\u00e3o: fun\u00e7\u00f5es adicionais de controle de bomba (teste de fun\u00e7\u00e3o da bomba, &#8230;). C\u00e1lculos: m\u00e9dia, diferen\u00e7a, soma. Aplica\u00e7\u00e3o para medi\u00e7\u00f5es de fluxo: Medi\u00e7\u00e3o de fluxo em canais abertos e vertedouros com 1 ou 2 sensores ultrass\u00f4nicos. Medi\u00e7\u00e3o simult\u00e2nea de n\u00edvel e fluxo em uma bacia de transbordamento de \u00e1guas pluviais com apenas 1 sensor. Medi\u00e7\u00e3o de fluxo com detec\u00e7\u00e3o de refluxo (2 sensores) ou detec\u00e7\u00e3o de lodo. At\u00e9 3 totalizadores e 3 contadores (reset\u00e1veis); opcionalmente reset\u00e1veis via entradas digitais. Sa\u00edda de pulso de contagem ou tempo para controle de unidades externas.<\/p>","protected":false},"featured_media":4251,"comment_status":"open","ping_status":"closed","template":"","meta":{"_joinchat":[]},"product_brand":[],"product_cat":[140],"product_tag":[],"marca":[147],"class_list":{"0":"post-4250","1":"product","2":"type-product","3":"status-publish","4":"has-post-thumbnail","6":"product_cat-transmissores","7":"marca-endresshauser","9":"first","10":"instock","11":"shipping-taxable","12":"purchasable","13":"product-type-simple"},"yoast_head":"<!-- This site is optimized with the Yoast SEO plugin v27.2 - https:\/\/yoast.com\/product\/yoast-seo-wordpress\/ -->\n<title>Prosonic S FMU90 - Full Solutions<\/title>\n<meta name=\"robots\" content=\"index, follow, max-snippet:-1, max-image-preview:large, max-video-preview:-1\" \/>\n<link rel=\"canonical\" href=\"https:\/\/fullsolutions.info\/en\/product\/prosonic-s-fmu90\/\" \/>\n<meta property=\"og:locale\" content=\"en_US\" \/>\n<meta property=\"og:type\" content=\"article\" \/>\n<meta property=\"og:title\" content=\"Prosonic S FMU90 - Full Solutions\" \/>\n<meta property=\"og:description\" content=\"Endress+Hauser Medidor de N\u00edvel Ultrass\u00f4nico &#8211; Prosonic S FMU90 Descri\u00e7\u00e3o do Produto Transmissor em inv\u00f3lucro para montagem em campo ou trilho superior para os sensores ultrass\u00f4nicos FDU91\/91F\/92\/93\/95\/96. Seus Benef\u00edcios Opera\u00e7\u00e3o simples e guiada por menu com display de texto simples de 6 linhas; sele\u00e7\u00e3o de 15 idiomas. Curvas de envelope no display para diagn\u00f3stico r\u00e1pido e simples. Opera\u00e7\u00e3o f\u00e1cil, diagn\u00f3stico e documenta\u00e7\u00e3o do ponto de medi\u00e7\u00e3o com o programa operacional &#8220;FieldCare&#8221; fornecido. Op\u00e7\u00e3o: quatro entradas digitais (por exemplo, para feedback de bomba) e uma entrada de temperatura externa. Corre\u00e7\u00e3o do tempo de voo via sensores de temperatura integrados ou externos. Lineariza\u00e7\u00e3o (at\u00e9 32 pontos, livremente configur\u00e1vel). Tabelas de lineariza\u00e7\u00e3o pr\u00e9-programadas para os flumes e vertedouros mais comuns, selecion\u00e1veis. C\u00e1lculo online dos fluxos de flumes\/vertedouros via curvas de fluxo integradas. Rotinas de controle de bomba pr\u00e9-programadas. Integra\u00e7\u00e3o no sistema via HART ou PROFIBUS DP. Detec\u00e7\u00e3o autom\u00e1tica dos sensores FDU9x. Os sensores da s\u00e9rie FDU8x podem ser conectados. FMU90 &#8211; Inv\u00f3lucro para Campo &#8211; (ver imagem) Temperatura ambiente: -40&#8230;60 \u00b0C \/ -40&#8230;140 \u00b0F Prote\u00e7\u00e3o contra ingresso: IP66 \/ NEMA 4x N\u00famero de sensores: at\u00e9 2 sensores FMU90 &#8211; Inv\u00f3lucro para Trilho DIN &#8211; (sem imagem) Temperatura ambiente: -40&#8230;60 \u00b0C \/ -40&#8230;140 \u00b0F Prote\u00e7\u00e3o contra ingresso: IP20 N\u00famero de sensores: at\u00e9 2 sensores Campo de Aplica\u00e7\u00e3o Aplica\u00e7\u00e3o para medi\u00e7\u00f5es de n\u00edvel: Medi\u00e7\u00e3o cont\u00ednua de n\u00edvel sem contato de fluidos, pastas, lamas e materiais granulares de pulverulentos a grosseiros com 1 ou 2 sensores ultrass\u00f4nicos. Faixa de medi\u00e7\u00e3o de at\u00e9 70 m (dependendo do sensor e do material medido). Detec\u00e7\u00e3o de limite de n\u00edvel (at\u00e9 6 rel\u00e9s). Controle de bomba (alternado); controle de rastelo. Op\u00e7\u00e3o: fun\u00e7\u00f5es adicionais de controle de bomba (teste de fun\u00e7\u00e3o da bomba, &#8230;). C\u00e1lculos: m\u00e9dia, diferen\u00e7a, soma. Aplica\u00e7\u00e3o para medi\u00e7\u00f5es de fluxo: Medi\u00e7\u00e3o de fluxo em canais abertos e vertedouros com 1 ou 2 sensores ultrass\u00f4nicos. Medi\u00e7\u00e3o simult\u00e2nea de n\u00edvel e fluxo em uma bacia de transbordamento de \u00e1guas pluviais com apenas 1 sensor. Medi\u00e7\u00e3o de fluxo com detec\u00e7\u00e3o de refluxo (2 sensores) ou detec\u00e7\u00e3o de lodo. At\u00e9 3 totalizadores e 3 contadores (reset\u00e1veis); opcionalmente reset\u00e1veis via entradas digitais. Sa\u00edda de pulso de contagem ou tempo para controle de unidades externas.\" \/>\n<meta property=\"og:url\" content=\"https:\/\/fullsolutions.info\/en\/product\/prosonic-s-fmu90\/\" \/>\n<meta property=\"og:site_name\" content=\"Full Solutions\" \/>\n<meta property=\"article:modified_time\" content=\"2024-02-19T16:13:25+00:00\" \/>\n<meta property=\"og:image\" content=\"https:\/\/mlhff0prgoxu.i.optimole.com\/cb:s0sM.767\/w:auto\/h:auto\/q:mauto\/f:best\/https:\/\/fullsolutions.info\/wp-content\/uploads\/2024\/02\/Prosonic-S-FMU95-1.jpeg\" \/>\n\t<meta property=\"og:image:width\" content=\"500\" \/>\n\t<meta property=\"og:image:height\" content=\"500\" \/>\n\t<meta property=\"og:image:type\" content=\"image\/jpeg\" \/>\n<meta name=\"twitter:card\" content=\"summary_large_image\" \/>\n<meta name=\"twitter:label1\" content=\"Est. reading time\" \/>\n\t<meta name=\"twitter:data1\" content=\"2 minutes\" \/>\n<script type=\"application\/ld+json\" class=\"yoast-schema-graph\">{\"@context\":\"https:\/\/schema.org\",\"@graph\":[{\"@type\":\"WebPage\",\"@id\":\"https:\/\/fullsolutions.info\/produto\/prosonic-s-fmu90\/\",\"url\":\"https:\/\/fullsolutions.info\/produto\/prosonic-s-fmu90\/\",\"name\":\"Prosonic S FMU90 - Full Solutions\",\"isPartOf\":{\"@id\":\"https:\/\/fullsolutions.info\/#website\"},\"primaryImageOfPage\":{\"@id\":\"https:\/\/fullsolutions.info\/produto\/prosonic-s-fmu90\/#primaryimage\"},\"image\":{\"@id\":\"https:\/\/fullsolutions.info\/produto\/prosonic-s-fmu90\/#primaryimage\"},\"thumbnailUrl\":\"https:\/\/mlhff0prgoxu.i.optimole.com\/cb:s0sM.767\/w:auto\/h:auto\/q:mauto\/f:best\/https:\/\/fullsolutions.info\/wp-content\/uploads\/2024\/02\/Prosonic-S-FMU95-1.jpeg\",\"datePublished\":\"2024-02-02T15:04:07+00:00\",\"dateModified\":\"2024-02-19T16:13:25+00:00\",\"breadcrumb\":{\"@id\":\"https:\/\/fullsolutions.info\/produto\/prosonic-s-fmu90\/#breadcrumb\"},\"inLanguage\":\"en-US\",\"potentialAction\":[{\"@type\":\"ReadAction\",\"target\":[\"https:\/\/fullsolutions.info\/produto\/prosonic-s-fmu90\/\"]}]},{\"@type\":\"ImageObject\",\"inLanguage\":\"en-US\",\"@id\":\"https:\/\/fullsolutions.info\/produto\/prosonic-s-fmu90\/#primaryimage\",\"url\":\"https:\/\/mlhff0prgoxu.i.optimole.com\/cb:s0sM.767\/w:auto\/h:auto\/q:mauto\/f:best\/https:\/\/fullsolutions.info\/wp-content\/uploads\/2024\/02\/Prosonic-S-FMU95-1.jpeg\",\"contentUrl\":\"https:\/\/mlhff0prgoxu.i.optimole.com\/cb:s0sM.767\/w:auto\/h:auto\/q:mauto\/f:best\/https:\/\/fullsolutions.info\/wp-content\/uploads\/2024\/02\/Prosonic-S-FMU95-1.jpeg\",\"width\":500,\"height\":500},{\"@type\":\"BreadcrumbList\",\"@id\":\"https:\/\/fullsolutions.info\/produto\/prosonic-s-fmu90\/#breadcrumb\",\"itemListElement\":[{\"@type\":\"ListItem\",\"position\":1,\"name\":\"In\u00edcio\",\"item\":\"https:\/\/fullsolutions.info\/\"},{\"@type\":\"ListItem\",\"position\":2,\"name\":\"Produtos\",\"item\":\"https:\/\/fullsolutions.info\/shop\/\"},{\"@type\":\"ListItem\",\"position\":3,\"name\":\"Prosonic S FMU90\"}]},{\"@type\":\"WebSite\",\"@id\":\"https:\/\/fullsolutions.info\/#website\",\"url\":\"https:\/\/fullsolutions.info\/\",\"name\":\"Full Solutions\",\"description\":\"Empresa na \u00c1rea de Procurement\",\"publisher\":{\"@id\":\"https:\/\/fullsolutions.info\/#organization\"},\"potentialAction\":[{\"@type\":\"SearchAction\",\"target\":{\"@type\":\"EntryPoint\",\"urlTemplate\":\"https:\/\/fullsolutions.info\/?s={search_term_string}\"},\"query-input\":{\"@type\":\"PropertyValueSpecification\",\"valueRequired\":true,\"valueName\":\"search_term_string\"}}],\"inLanguage\":\"en-US\"},{\"@type\":\"Organization\",\"@id\":\"https:\/\/fullsolutions.info\/#organization\",\"name\":\"Full Solutions\",\"url\":\"https:\/\/fullsolutions.info\/\",\"logo\":{\"@type\":\"ImageObject\",\"inLanguage\":\"en-US\",\"@id\":\"https:\/\/fullsolutions.info\/#\/schema\/logo\/image\/\",\"url\":\"https:\/\/mlhff0prgoxu.i.optimole.com\/cb:s0sM.767\/w:auto\/h:auto\/q:mauto\/f:best\/https:\/\/fullsolutions.info\/wp-content\/uploads\/2021\/07\/cropped-Design-sem-nome-300x193-1-e1627062664782.png\",\"contentUrl\":\"https:\/\/mlhff0prgoxu.i.optimole.com\/cb:s0sM.767\/w:auto\/h:auto\/q:mauto\/f:best\/https:\/\/fullsolutions.info\/wp-content\/uploads\/2021\/07\/cropped-Design-sem-nome-300x193-1-e1627062664782.png\",\"width\":202,\"height\":155,\"caption\":\"Full Solutions\"},\"image\":{\"@id\":\"https:\/\/fullsolutions.info\/#\/schema\/logo\/image\/\"},\"sameAs\":[\"https:\/\/www.linkedin.com\/company\/full-solutions-equipment\"]}]}<\/script>\n<!-- \/ Yoast SEO plugin. -->","yoast_head_json":{"title":"Prosonic S FMU90 - Full Solutions","robots":{"index":"index","follow":"follow","max-snippet":"max-snippet:-1","max-image-preview":"max-image-preview:large","max-video-preview":"max-video-preview:-1"},"canonical":"https:\/\/fullsolutions.info\/en\/product\/prosonic-s-fmu90\/","og_locale":"en_US","og_type":"article","og_title":"Prosonic S FMU90 - Full Solutions","og_description":"Endress+Hauser Medidor de N\u00edvel Ultrass\u00f4nico &#8211; Prosonic S FMU90 Descri\u00e7\u00e3o do Produto Transmissor em inv\u00f3lucro para montagem em campo ou trilho superior para os sensores ultrass\u00f4nicos FDU91\/91F\/92\/93\/95\/96. Seus Benef\u00edcios Opera\u00e7\u00e3o simples e guiada por menu com display de texto simples de 6 linhas; sele\u00e7\u00e3o de 15 idiomas. Curvas de envelope no display para diagn\u00f3stico r\u00e1pido e simples. Opera\u00e7\u00e3o f\u00e1cil, diagn\u00f3stico e documenta\u00e7\u00e3o do ponto de medi\u00e7\u00e3o com o programa operacional &#8220;FieldCare&#8221; fornecido. Op\u00e7\u00e3o: quatro entradas digitais (por exemplo, para feedback de bomba) e uma entrada de temperatura externa. Corre\u00e7\u00e3o do tempo de voo via sensores de temperatura integrados ou externos. Lineariza\u00e7\u00e3o (at\u00e9 32 pontos, livremente configur\u00e1vel). Tabelas de lineariza\u00e7\u00e3o pr\u00e9-programadas para os flumes e vertedouros mais comuns, selecion\u00e1veis. C\u00e1lculo online dos fluxos de flumes\/vertedouros via curvas de fluxo integradas. Rotinas de controle de bomba pr\u00e9-programadas. Integra\u00e7\u00e3o no sistema via HART ou PROFIBUS DP. Detec\u00e7\u00e3o autom\u00e1tica dos sensores FDU9x. Os sensores da s\u00e9rie FDU8x podem ser conectados. FMU90 &#8211; Inv\u00f3lucro para Campo &#8211; (ver imagem) Temperatura ambiente: -40&#8230;60 \u00b0C \/ -40&#8230;140 \u00b0F Prote\u00e7\u00e3o contra ingresso: IP66 \/ NEMA 4x N\u00famero de sensores: at\u00e9 2 sensores FMU90 &#8211; Inv\u00f3lucro para Trilho DIN &#8211; (sem imagem) Temperatura ambiente: -40&#8230;60 \u00b0C \/ -40&#8230;140 \u00b0F Prote\u00e7\u00e3o contra ingresso: IP20 N\u00famero de sensores: at\u00e9 2 sensores Campo de Aplica\u00e7\u00e3o Aplica\u00e7\u00e3o para medi\u00e7\u00f5es de n\u00edvel: Medi\u00e7\u00e3o cont\u00ednua de n\u00edvel sem contato de fluidos, pastas, lamas e materiais granulares de pulverulentos a grosseiros com 1 ou 2 sensores ultrass\u00f4nicos. Faixa de medi\u00e7\u00e3o de at\u00e9 70 m (dependendo do sensor e do material medido). Detec\u00e7\u00e3o de limite de n\u00edvel (at\u00e9 6 rel\u00e9s). Controle de bomba (alternado); controle de rastelo. Op\u00e7\u00e3o: fun\u00e7\u00f5es adicionais de controle de bomba (teste de fun\u00e7\u00e3o da bomba, &#8230;). C\u00e1lculos: m\u00e9dia, diferen\u00e7a, soma. Aplica\u00e7\u00e3o para medi\u00e7\u00f5es de fluxo: Medi\u00e7\u00e3o de fluxo em canais abertos e vertedouros com 1 ou 2 sensores ultrass\u00f4nicos. Medi\u00e7\u00e3o simult\u00e2nea de n\u00edvel e fluxo em uma bacia de transbordamento de \u00e1guas pluviais com apenas 1 sensor. Medi\u00e7\u00e3o de fluxo com detec\u00e7\u00e3o de refluxo (2 sensores) ou detec\u00e7\u00e3o de lodo. At\u00e9 3 totalizadores e 3 contadores (reset\u00e1veis); opcionalmente reset\u00e1veis via entradas digitais. Sa\u00edda de pulso de contagem ou tempo para controle de unidades externas.","og_url":"https:\/\/fullsolutions.info\/en\/product\/prosonic-s-fmu90\/","og_site_name":"Full Solutions","article_modified_time":"2024-02-19T16:13:25+00:00","og_image":[{"width":500,"height":500,"url":"https:\/\/mlhff0prgoxu.i.optimole.com\/cb:s0sM.767\/w:auto\/h:auto\/q:mauto\/f:best\/https:\/\/fullsolutions.info\/wp-content\/uploads\/2024\/02\/Prosonic-S-FMU95-1.jpeg","type":"image\/jpeg"}],"twitter_card":"summary_large_image","twitter_misc":{"Est. reading time":"2 minutes"},"schema":{"@context":"https:\/\/schema.org","@graph":[{"@type":"WebPage","@id":"https:\/\/fullsolutions.info\/produto\/prosonic-s-fmu90\/","url":"https:\/\/fullsolutions.info\/produto\/prosonic-s-fmu90\/","name":"Prosonic S FMU90 - Full Solutions","isPartOf":{"@id":"https:\/\/fullsolutions.info\/#website"},"primaryImageOfPage":{"@id":"https:\/\/fullsolutions.info\/produto\/prosonic-s-fmu90\/#primaryimage"},"image":{"@id":"https:\/\/fullsolutions.info\/produto\/prosonic-s-fmu90\/#primaryimage"},"thumbnailUrl":"https:\/\/mlhff0prgoxu.i.optimole.com\/cb:s0sM.767\/w:auto\/h:auto\/q:mauto\/f:best\/https:\/\/fullsolutions.info\/wp-content\/uploads\/2024\/02\/Prosonic-S-FMU95-1.jpeg","datePublished":"2024-02-02T15:04:07+00:00","dateModified":"2024-02-19T16:13:25+00:00","breadcrumb":{"@id":"https:\/\/fullsolutions.info\/produto\/prosonic-s-fmu90\/#breadcrumb"},"inLanguage":"en-US","potentialAction":[{"@type":"ReadAction","target":["https:\/\/fullsolutions.info\/produto\/prosonic-s-fmu90\/"]}]},{"@type":"ImageObject","inLanguage":"en-US","@id":"https:\/\/fullsolutions.info\/produto\/prosonic-s-fmu90\/#primaryimage","url":"https:\/\/mlhff0prgoxu.i.optimole.com\/cb:s0sM.767\/w:auto\/h:auto\/q:mauto\/f:best\/https:\/\/fullsolutions.info\/wp-content\/uploads\/2024\/02\/Prosonic-S-FMU95-1.jpeg","contentUrl":"https:\/\/mlhff0prgoxu.i.optimole.com\/cb:s0sM.767\/w:auto\/h:auto\/q:mauto\/f:best\/https:\/\/fullsolutions.info\/wp-content\/uploads\/2024\/02\/Prosonic-S-FMU95-1.jpeg","width":500,"height":500},{"@type":"BreadcrumbList","@id":"https:\/\/fullsolutions.info\/produto\/prosonic-s-fmu90\/#breadcrumb","itemListElement":[{"@type":"ListItem","position":1,"name":"In\u00edcio","item":"https:\/\/fullsolutions.info\/"},{"@type":"ListItem","position":2,"name":"Produtos","item":"https:\/\/fullsolutions.info\/shop\/"},{"@type":"ListItem","position":3,"name":"Prosonic S FMU90"}]},{"@type":"WebSite","@id":"https:\/\/fullsolutions.info\/#website","url":"https:\/\/fullsolutions.info\/","name":"Full Solutions","description":"Empresa na \u00c1rea de Procurement","publisher":{"@id":"https:\/\/fullsolutions.info\/#organization"},"potentialAction":[{"@type":"SearchAction","target":{"@type":"EntryPoint","urlTemplate":"https:\/\/fullsolutions.info\/?s={search_term_string}"},"query-input":{"@type":"PropertyValueSpecification","valueRequired":true,"valueName":"search_term_string"}}],"inLanguage":"en-US"},{"@type":"Organization","@id":"https:\/\/fullsolutions.info\/#organization","name":"Full Solutions","url":"https:\/\/fullsolutions.info\/","logo":{"@type":"ImageObject","inLanguage":"en-US","@id":"https:\/\/fullsolutions.info\/#\/schema\/logo\/image\/","url":"https:\/\/mlhff0prgoxu.i.optimole.com\/cb:s0sM.767\/w:auto\/h:auto\/q:mauto\/f:best\/https:\/\/fullsolutions.info\/wp-content\/uploads\/2021\/07\/cropped-Design-sem-nome-300x193-1-e1627062664782.png","contentUrl":"https:\/\/mlhff0prgoxu.i.optimole.com\/cb:s0sM.767\/w:auto\/h:auto\/q:mauto\/f:best\/https:\/\/fullsolutions.info\/wp-content\/uploads\/2021\/07\/cropped-Design-sem-nome-300x193-1-e1627062664782.png","width":202,"height":155,"caption":"Full Solutions"},"image":{"@id":"https:\/\/fullsolutions.info\/#\/schema\/logo\/image\/"},"sameAs":["https:\/\/www.linkedin.com\/company\/full-solutions-equipment"]}]}},"_links":{"self":[{"href":"https:\/\/fullsolutions.info\/en\/wp-json\/wp\/v2\/product\/4250","targetHints":{"allow":["GET"]}}],"collection":[{"href":"https:\/\/fullsolutions.info\/en\/wp-json\/wp\/v2\/product"}],"about":[{"href":"https:\/\/fullsolutions.info\/en\/wp-json\/wp\/v2\/types\/product"}],"replies":[{"embeddable":true,"href":"https:\/\/fullsolutions.info\/en\/wp-json\/wp\/v2\/comments?post=4250"}],"wp:featuredmedia":[{"embeddable":true,"href":"https:\/\/fullsolutions.info\/en\/wp-json\/wp\/v2\/media\/4251"}],"wp:attachment":[{"href":"https:\/\/fullsolutions.info\/en\/wp-json\/wp\/v2\/media?parent=4250"}],"wp:term":[{"taxonomy":"product_brand","embeddable":true,"href":"https:\/\/fullsolutions.info\/en\/wp-json\/wp\/v2\/product_brand?post=4250"},{"taxonomy":"product_cat","embeddable":true,"href":"https:\/\/fullsolutions.info\/en\/wp-json\/wp\/v2\/product_cat?post=4250"},{"taxonomy":"product_tag","embeddable":true,"href":"https:\/\/fullsolutions.info\/en\/wp-json\/wp\/v2\/product_tag?post=4250"},{"taxonomy":"marca","embeddable":true,"href":"https:\/\/fullsolutions.info\/en\/wp-json\/wp\/v2\/marca?post=4250"}],"curies":[{"name":"wp","href":"https:\/\/api.w.org\/{rel}","templated":true}]}}