{"id":4248,"date":"2024-02-02T15:00:06","date_gmt":"2024-02-02T15:00:06","guid":{"rendered":"https:\/\/fullsolutionsequip.com\/?post_type=product&#038;p=4248"},"modified":"2024-02-19T16:13:25","modified_gmt":"2024-02-19T16:13:25","slug":"prosonic-s-fmu95","status":"publish","type":"product","link":"https:\/\/fullsolutions.info\/en\/product\/prosonic-s-fmu95\/","title":{"rendered":"Prosonic S FMU95"},"content":{"rendered":"<p>Endress+Hauser Medidor de N\u00edvel Ultrass\u00f4nico &#8211; Prosonic S FMU95<\/p>\n<p>Descri\u00e7\u00e3o do Produto<\/p>\n<p>Transmissor em inv\u00f3lucro para montagem em campo ou trilho superior para at\u00e9 10 sensores ultrass\u00f4nicos FDU91\/91F\/92\/93\/95\/96.<\/p>\n<p>Seus Benef\u00edcios<\/p>\n<p>Opera\u00e7\u00e3o simples e guiada por menu com display de texto simples de 6 linhas; sele\u00e7\u00e3o de 15 idiomas.<\/p>\n<p>Curvas de envelope no display para diagn\u00f3stico r\u00e1pido e simples.<\/p>\n<p>Opera\u00e7\u00e3o f\u00e1cil, diagn\u00f3stico e documenta\u00e7\u00e3o do ponto de medi\u00e7\u00e3o com o programa operacional &#8220;FieldCare&#8221; fornecido.<\/p>\n<p>Corre\u00e7\u00e3o dependente da temperatura via medi\u00e7\u00e3o de temperatura integrada nos sensores.<\/p>\n<p>Lineariza\u00e7\u00e3o (at\u00e9 32 pontos, livremente configur\u00e1vel).<\/p>\n<p>Integra\u00e7\u00e3o no sistema via PROFIBUS DP com at\u00e9 20 valores medidos.<\/p>\n<p>Detec\u00e7\u00e3o autom\u00e1tica dos sensores FDU91\/91F\/92\/93\/95\/96.<\/p>\n<p>Os sensores da s\u00e9rie FDU8x podem ser conectados.<\/p>\n<p>Ajust\u00e1vel \u00e0s exig\u00eancias individuais atrav\u00e9s da estrutura do produto.<\/p>\n<p>FMU95 &#8211; Inv\u00f3lucro para Campo &#8211; (ver imagem)<\/p>\n<p>Temperatura ambiente: -40&#8230;60 \u00b0C \/ -40&#8230;140 \u00b0F<br \/>\nProte\u00e7\u00e3o contra ingresso: IP66 \/ NEMA 4x<br \/>\nN\u00famero de sensores: At\u00e9 10 sensores<\/p>\n<p>FMU95 &#8211; Inv\u00f3lucro para Trilho DIN &#8211; (sem imagem)<\/p>\n<p>Temperatura ambiente: -40&#8230;60 \u00b0C \/ -40&#8230;140 \u00b0F<br \/>\nProte\u00e7\u00e3o contra ingresso: IP20<br \/>\nN\u00famero de sensores: At\u00e9 10 sensores<\/p>\n<p>Campo de Aplica\u00e7\u00e3o<\/p>\n<p>Medi\u00e7\u00e3o cont\u00ednua de n\u00edvel sem contato de fluidos, pastas, lamas e materiais granulares de pulverulentos a grosseiros com at\u00e9 5 ou 10 sensores ultrass\u00f4nicos.<\/p>\n<p>Faixa de medi\u00e7\u00e3o de at\u00e9 70 m (dependendo do sensor e do material medido).<\/p>\n<p>C\u00e1lculo de valores m\u00e9dios ou somas.<\/p>","protected":false},"excerpt":{"rendered":"<p>Endress+Hauser Medidor de N\u00edvel Ultrass\u00f4nico &#8211; Prosonic S FMU95 Descri\u00e7\u00e3o do Produto Transmissor em inv\u00f3lucro para montagem em campo ou trilho superior para at\u00e9 10 sensores ultrass\u00f4nicos FDU91\/91F\/92\/93\/95\/96. Seus Benef\u00edcios Opera\u00e7\u00e3o simples e guiada por menu com display de texto simples de 6 linhas; sele\u00e7\u00e3o de 15 idiomas. Curvas de envelope no display para diagn\u00f3stico r\u00e1pido e simples. Opera\u00e7\u00e3o f\u00e1cil, diagn\u00f3stico e documenta\u00e7\u00e3o do ponto de medi\u00e7\u00e3o com o programa operacional &#8220;FieldCare&#8221; fornecido. Corre\u00e7\u00e3o dependente da temperatura via medi\u00e7\u00e3o de temperatura integrada nos sensores. Lineariza\u00e7\u00e3o (at\u00e9 32 pontos, livremente configur\u00e1vel). Integra\u00e7\u00e3o no sistema via PROFIBUS DP com at\u00e9 20 valores medidos. Detec\u00e7\u00e3o autom\u00e1tica dos sensores FDU91\/91F\/92\/93\/95\/96. Os sensores da s\u00e9rie FDU8x podem ser conectados. Ajust\u00e1vel \u00e0s exig\u00eancias individuais atrav\u00e9s da estrutura do produto. FMU95 &#8211; Inv\u00f3lucro para Campo &#8211; (ver imagem) Temperatura ambiente: -40&#8230;60 \u00b0C \/ -40&#8230;140 \u00b0F Prote\u00e7\u00e3o contra ingresso: IP66 \/ NEMA 4x N\u00famero de sensores: At\u00e9 10 sensores FMU95 &#8211; Inv\u00f3lucro para Trilho DIN &#8211; (sem imagem) Temperatura ambiente: -40&#8230;60 \u00b0C \/ -40&#8230;140 \u00b0F Prote\u00e7\u00e3o contra ingresso: IP20 N\u00famero de sensores: At\u00e9 10 sensores Campo de Aplica\u00e7\u00e3o Medi\u00e7\u00e3o cont\u00ednua de n\u00edvel sem contato de fluidos, pastas, lamas e materiais granulares de pulverulentos a grosseiros com at\u00e9 5 ou 10 sensores ultrass\u00f4nicos. Faixa de medi\u00e7\u00e3o de at\u00e9 70 m (dependendo do sensor e do material medido). C\u00e1lculo de valores m\u00e9dios ou somas.<\/p>","protected":false},"featured_media":4249,"comment_status":"open","ping_status":"closed","template":"","meta":{"_joinchat":[]},"product_brand":[],"product_cat":[140],"product_tag":[],"marca":[147],"class_list":{"0":"post-4248","1":"product","2":"type-product","3":"status-publish","4":"has-post-thumbnail","6":"product_cat-transmissores","7":"marca-endresshauser","9":"first","10":"instock","11":"shipping-taxable","12":"purchasable","13":"product-type-simple"},"yoast_head":"<!-- This site is optimized with the Yoast SEO plugin v27.2 - https:\/\/yoast.com\/product\/yoast-seo-wordpress\/ -->\n<title>Prosonic S FMU95 - Full Solutions<\/title>\n<meta name=\"robots\" content=\"index, follow, max-snippet:-1, max-image-preview:large, max-video-preview:-1\" \/>\n<link rel=\"canonical\" href=\"https:\/\/fullsolutions.info\/en\/product\/prosonic-s-fmu95\/\" \/>\n<meta property=\"og:locale\" content=\"en_US\" \/>\n<meta property=\"og:type\" content=\"article\" \/>\n<meta property=\"og:title\" content=\"Prosonic S FMU95 - Full Solutions\" \/>\n<meta property=\"og:description\" content=\"Endress+Hauser Medidor de N\u00edvel Ultrass\u00f4nico &#8211; Prosonic S FMU95 Descri\u00e7\u00e3o do Produto Transmissor em inv\u00f3lucro para montagem em campo ou trilho superior para at\u00e9 10 sensores ultrass\u00f4nicos FDU91\/91F\/92\/93\/95\/96. Seus Benef\u00edcios Opera\u00e7\u00e3o simples e guiada por menu com display de texto simples de 6 linhas; sele\u00e7\u00e3o de 15 idiomas. Curvas de envelope no display para diagn\u00f3stico r\u00e1pido e simples. Opera\u00e7\u00e3o f\u00e1cil, diagn\u00f3stico e documenta\u00e7\u00e3o do ponto de medi\u00e7\u00e3o com o programa operacional &#8220;FieldCare&#8221; fornecido. Corre\u00e7\u00e3o dependente da temperatura via medi\u00e7\u00e3o de temperatura integrada nos sensores. Lineariza\u00e7\u00e3o (at\u00e9 32 pontos, livremente configur\u00e1vel). Integra\u00e7\u00e3o no sistema via PROFIBUS DP com at\u00e9 20 valores medidos. Detec\u00e7\u00e3o autom\u00e1tica dos sensores FDU91\/91F\/92\/93\/95\/96. Os sensores da s\u00e9rie FDU8x podem ser conectados. Ajust\u00e1vel \u00e0s exig\u00eancias individuais atrav\u00e9s da estrutura do produto. FMU95 &#8211; Inv\u00f3lucro para Campo &#8211; (ver imagem) Temperatura ambiente: -40&#8230;60 \u00b0C \/ -40&#8230;140 \u00b0F Prote\u00e7\u00e3o contra ingresso: IP66 \/ NEMA 4x N\u00famero de sensores: At\u00e9 10 sensores FMU95 &#8211; Inv\u00f3lucro para Trilho DIN &#8211; (sem imagem) Temperatura ambiente: -40&#8230;60 \u00b0C \/ -40&#8230;140 \u00b0F Prote\u00e7\u00e3o contra ingresso: IP20 N\u00famero de sensores: At\u00e9 10 sensores Campo de Aplica\u00e7\u00e3o Medi\u00e7\u00e3o cont\u00ednua de n\u00edvel sem contato de fluidos, pastas, lamas e materiais granulares de pulverulentos a grosseiros com at\u00e9 5 ou 10 sensores ultrass\u00f4nicos. Faixa de medi\u00e7\u00e3o de at\u00e9 70 m (dependendo do sensor e do material medido). C\u00e1lculo de valores m\u00e9dios ou somas.\" \/>\n<meta property=\"og:url\" content=\"https:\/\/fullsolutions.info\/en\/product\/prosonic-s-fmu95\/\" \/>\n<meta property=\"og:site_name\" content=\"Full Solutions\" \/>\n<meta property=\"article:modified_time\" content=\"2024-02-19T16:13:25+00:00\" \/>\n<meta property=\"og:image\" content=\"https:\/\/mlhff0prgoxu.i.optimole.com\/cb:s0sM.767\/w:auto\/h:auto\/q:mauto\/f:best\/https:\/\/fullsolutions.info\/wp-content\/uploads\/2024\/02\/Prosonic-S-FMU95.jpeg\" \/>\n\t<meta property=\"og:image:width\" content=\"500\" \/>\n\t<meta property=\"og:image:height\" content=\"500\" \/>\n\t<meta property=\"og:image:type\" content=\"image\/jpeg\" \/>\n<meta name=\"twitter:card\" content=\"summary_large_image\" \/>\n<meta name=\"twitter:label1\" content=\"Est. reading time\" \/>\n\t<meta name=\"twitter:data1\" content=\"1 minute\" \/>\n<script type=\"application\/ld+json\" class=\"yoast-schema-graph\">{\"@context\":\"https:\/\/schema.org\",\"@graph\":[{\"@type\":\"WebPage\",\"@id\":\"https:\/\/fullsolutions.info\/produto\/prosonic-s-fmu95\/\",\"url\":\"https:\/\/fullsolutions.info\/produto\/prosonic-s-fmu95\/\",\"name\":\"Prosonic S FMU95 - Full Solutions\",\"isPartOf\":{\"@id\":\"https:\/\/fullsolutions.info\/#website\"},\"primaryImageOfPage\":{\"@id\":\"https:\/\/fullsolutions.info\/produto\/prosonic-s-fmu95\/#primaryimage\"},\"image\":{\"@id\":\"https:\/\/fullsolutions.info\/produto\/prosonic-s-fmu95\/#primaryimage\"},\"thumbnailUrl\":\"https:\/\/mlhff0prgoxu.i.optimole.com\/cb:s0sM.767\/w:auto\/h:auto\/q:mauto\/f:best\/https:\/\/fullsolutions.info\/wp-content\/uploads\/2024\/02\/Prosonic-S-FMU95.jpeg\",\"datePublished\":\"2024-02-02T15:00:06+00:00\",\"dateModified\":\"2024-02-19T16:13:25+00:00\",\"breadcrumb\":{\"@id\":\"https:\/\/fullsolutions.info\/produto\/prosonic-s-fmu95\/#breadcrumb\"},\"inLanguage\":\"en-US\",\"potentialAction\":[{\"@type\":\"ReadAction\",\"target\":[\"https:\/\/fullsolutions.info\/produto\/prosonic-s-fmu95\/\"]}]},{\"@type\":\"ImageObject\",\"inLanguage\":\"en-US\",\"@id\":\"https:\/\/fullsolutions.info\/produto\/prosonic-s-fmu95\/#primaryimage\",\"url\":\"https:\/\/mlhff0prgoxu.i.optimole.com\/cb:s0sM.767\/w:auto\/h:auto\/q:mauto\/f:best\/https:\/\/fullsolutions.info\/wp-content\/uploads\/2024\/02\/Prosonic-S-FMU95.jpeg\",\"contentUrl\":\"https:\/\/mlhff0prgoxu.i.optimole.com\/cb:s0sM.767\/w:auto\/h:auto\/q:mauto\/f:best\/https:\/\/fullsolutions.info\/wp-content\/uploads\/2024\/02\/Prosonic-S-FMU95.jpeg\",\"width\":500,\"height\":500},{\"@type\":\"BreadcrumbList\",\"@id\":\"https:\/\/fullsolutions.info\/produto\/prosonic-s-fmu95\/#breadcrumb\",\"itemListElement\":[{\"@type\":\"ListItem\",\"position\":1,\"name\":\"In\u00edcio\",\"item\":\"https:\/\/fullsolutions.info\/\"},{\"@type\":\"ListItem\",\"position\":2,\"name\":\"Produtos\",\"item\":\"https:\/\/fullsolutions.info\/shop\/\"},{\"@type\":\"ListItem\",\"position\":3,\"name\":\"Prosonic S FMU95\"}]},{\"@type\":\"WebSite\",\"@id\":\"https:\/\/fullsolutions.info\/#website\",\"url\":\"https:\/\/fullsolutions.info\/\",\"name\":\"Full Solutions\",\"description\":\"Empresa na \u00c1rea de Procurement\",\"publisher\":{\"@id\":\"https:\/\/fullsolutions.info\/#organization\"},\"potentialAction\":[{\"@type\":\"SearchAction\",\"target\":{\"@type\":\"EntryPoint\",\"urlTemplate\":\"https:\/\/fullsolutions.info\/?s={search_term_string}\"},\"query-input\":{\"@type\":\"PropertyValueSpecification\",\"valueRequired\":true,\"valueName\":\"search_term_string\"}}],\"inLanguage\":\"en-US\"},{\"@type\":\"Organization\",\"@id\":\"https:\/\/fullsolutions.info\/#organization\",\"name\":\"Full Solutions\",\"url\":\"https:\/\/fullsolutions.info\/\",\"logo\":{\"@type\":\"ImageObject\",\"inLanguage\":\"en-US\",\"@id\":\"https:\/\/fullsolutions.info\/#\/schema\/logo\/image\/\",\"url\":\"https:\/\/mlhff0prgoxu.i.optimole.com\/cb:s0sM.767\/w:auto\/h:auto\/q:mauto\/f:best\/https:\/\/fullsolutions.info\/wp-content\/uploads\/2021\/07\/cropped-Design-sem-nome-300x193-1-e1627062664782.png\",\"contentUrl\":\"https:\/\/mlhff0prgoxu.i.optimole.com\/cb:s0sM.767\/w:auto\/h:auto\/q:mauto\/f:best\/https:\/\/fullsolutions.info\/wp-content\/uploads\/2021\/07\/cropped-Design-sem-nome-300x193-1-e1627062664782.png\",\"width\":202,\"height\":155,\"caption\":\"Full Solutions\"},\"image\":{\"@id\":\"https:\/\/fullsolutions.info\/#\/schema\/logo\/image\/\"},\"sameAs\":[\"https:\/\/www.linkedin.com\/company\/full-solutions-equipment\"]}]}<\/script>\n<!-- \/ Yoast SEO plugin. -->","yoast_head_json":{"title":"Prosonic S FMU95 - Full Solutions","robots":{"index":"index","follow":"follow","max-snippet":"max-snippet:-1","max-image-preview":"max-image-preview:large","max-video-preview":"max-video-preview:-1"},"canonical":"https:\/\/fullsolutions.info\/en\/product\/prosonic-s-fmu95\/","og_locale":"en_US","og_type":"article","og_title":"Prosonic S FMU95 - Full Solutions","og_description":"Endress+Hauser Medidor de N\u00edvel Ultrass\u00f4nico &#8211; Prosonic S FMU95 Descri\u00e7\u00e3o do Produto Transmissor em inv\u00f3lucro para montagem em campo ou trilho superior para at\u00e9 10 sensores ultrass\u00f4nicos FDU91\/91F\/92\/93\/95\/96. Seus Benef\u00edcios Opera\u00e7\u00e3o simples e guiada por menu com display de texto simples de 6 linhas; sele\u00e7\u00e3o de 15 idiomas. Curvas de envelope no display para diagn\u00f3stico r\u00e1pido e simples. Opera\u00e7\u00e3o f\u00e1cil, diagn\u00f3stico e documenta\u00e7\u00e3o do ponto de medi\u00e7\u00e3o com o programa operacional &#8220;FieldCare&#8221; fornecido. Corre\u00e7\u00e3o dependente da temperatura via medi\u00e7\u00e3o de temperatura integrada nos sensores. Lineariza\u00e7\u00e3o (at\u00e9 32 pontos, livremente configur\u00e1vel). Integra\u00e7\u00e3o no sistema via PROFIBUS DP com at\u00e9 20 valores medidos. Detec\u00e7\u00e3o autom\u00e1tica dos sensores FDU91\/91F\/92\/93\/95\/96. Os sensores da s\u00e9rie FDU8x podem ser conectados. Ajust\u00e1vel \u00e0s exig\u00eancias individuais atrav\u00e9s da estrutura do produto. FMU95 &#8211; Inv\u00f3lucro para Campo &#8211; (ver imagem) Temperatura ambiente: -40&#8230;60 \u00b0C \/ -40&#8230;140 \u00b0F Prote\u00e7\u00e3o contra ingresso: IP66 \/ NEMA 4x N\u00famero de sensores: At\u00e9 10 sensores FMU95 &#8211; Inv\u00f3lucro para Trilho DIN &#8211; (sem imagem) Temperatura ambiente: -40&#8230;60 \u00b0C \/ -40&#8230;140 \u00b0F Prote\u00e7\u00e3o contra ingresso: IP20 N\u00famero de sensores: At\u00e9 10 sensores Campo de Aplica\u00e7\u00e3o Medi\u00e7\u00e3o cont\u00ednua de n\u00edvel sem contato de fluidos, pastas, lamas e materiais granulares de pulverulentos a grosseiros com at\u00e9 5 ou 10 sensores ultrass\u00f4nicos. Faixa de medi\u00e7\u00e3o de at\u00e9 70 m (dependendo do sensor e do material medido). C\u00e1lculo de valores m\u00e9dios ou somas.","og_url":"https:\/\/fullsolutions.info\/en\/product\/prosonic-s-fmu95\/","og_site_name":"Full Solutions","article_modified_time":"2024-02-19T16:13:25+00:00","og_image":[{"width":500,"height":500,"url":"https:\/\/mlhff0prgoxu.i.optimole.com\/cb:s0sM.767\/w:auto\/h:auto\/q:mauto\/f:best\/https:\/\/fullsolutions.info\/wp-content\/uploads\/2024\/02\/Prosonic-S-FMU95.jpeg","type":"image\/jpeg"}],"twitter_card":"summary_large_image","twitter_misc":{"Est. reading time":"1 minute"},"schema":{"@context":"https:\/\/schema.org","@graph":[{"@type":"WebPage","@id":"https:\/\/fullsolutions.info\/produto\/prosonic-s-fmu95\/","url":"https:\/\/fullsolutions.info\/produto\/prosonic-s-fmu95\/","name":"Prosonic S FMU95 - Full Solutions","isPartOf":{"@id":"https:\/\/fullsolutions.info\/#website"},"primaryImageOfPage":{"@id":"https:\/\/fullsolutions.info\/produto\/prosonic-s-fmu95\/#primaryimage"},"image":{"@id":"https:\/\/fullsolutions.info\/produto\/prosonic-s-fmu95\/#primaryimage"},"thumbnailUrl":"https:\/\/mlhff0prgoxu.i.optimole.com\/cb:s0sM.767\/w:auto\/h:auto\/q:mauto\/f:best\/https:\/\/fullsolutions.info\/wp-content\/uploads\/2024\/02\/Prosonic-S-FMU95.jpeg","datePublished":"2024-02-02T15:00:06+00:00","dateModified":"2024-02-19T16:13:25+00:00","breadcrumb":{"@id":"https:\/\/fullsolutions.info\/produto\/prosonic-s-fmu95\/#breadcrumb"},"inLanguage":"en-US","potentialAction":[{"@type":"ReadAction","target":["https:\/\/fullsolutions.info\/produto\/prosonic-s-fmu95\/"]}]},{"@type":"ImageObject","inLanguage":"en-US","@id":"https:\/\/fullsolutions.info\/produto\/prosonic-s-fmu95\/#primaryimage","url":"https:\/\/mlhff0prgoxu.i.optimole.com\/cb:s0sM.767\/w:auto\/h:auto\/q:mauto\/f:best\/https:\/\/fullsolutions.info\/wp-content\/uploads\/2024\/02\/Prosonic-S-FMU95.jpeg","contentUrl":"https:\/\/mlhff0prgoxu.i.optimole.com\/cb:s0sM.767\/w:auto\/h:auto\/q:mauto\/f:best\/https:\/\/fullsolutions.info\/wp-content\/uploads\/2024\/02\/Prosonic-S-FMU95.jpeg","width":500,"height":500},{"@type":"BreadcrumbList","@id":"https:\/\/fullsolutions.info\/produto\/prosonic-s-fmu95\/#breadcrumb","itemListElement":[{"@type":"ListItem","position":1,"name":"In\u00edcio","item":"https:\/\/fullsolutions.info\/"},{"@type":"ListItem","position":2,"name":"Produtos","item":"https:\/\/fullsolutions.info\/shop\/"},{"@type":"ListItem","position":3,"name":"Prosonic S FMU95"}]},{"@type":"WebSite","@id":"https:\/\/fullsolutions.info\/#website","url":"https:\/\/fullsolutions.info\/","name":"Full Solutions","description":"Empresa na \u00c1rea de Procurement","publisher":{"@id":"https:\/\/fullsolutions.info\/#organization"},"potentialAction":[{"@type":"SearchAction","target":{"@type":"EntryPoint","urlTemplate":"https:\/\/fullsolutions.info\/?s={search_term_string}"},"query-input":{"@type":"PropertyValueSpecification","valueRequired":true,"valueName":"search_term_string"}}],"inLanguage":"en-US"},{"@type":"Organization","@id":"https:\/\/fullsolutions.info\/#organization","name":"Full Solutions","url":"https:\/\/fullsolutions.info\/","logo":{"@type":"ImageObject","inLanguage":"en-US","@id":"https:\/\/fullsolutions.info\/#\/schema\/logo\/image\/","url":"https:\/\/mlhff0prgoxu.i.optimole.com\/cb:s0sM.767\/w:auto\/h:auto\/q:mauto\/f:best\/https:\/\/fullsolutions.info\/wp-content\/uploads\/2021\/07\/cropped-Design-sem-nome-300x193-1-e1627062664782.png","contentUrl":"https:\/\/mlhff0prgoxu.i.optimole.com\/cb:s0sM.767\/w:auto\/h:auto\/q:mauto\/f:best\/https:\/\/fullsolutions.info\/wp-content\/uploads\/2021\/07\/cropped-Design-sem-nome-300x193-1-e1627062664782.png","width":202,"height":155,"caption":"Full Solutions"},"image":{"@id":"https:\/\/fullsolutions.info\/#\/schema\/logo\/image\/"},"sameAs":["https:\/\/www.linkedin.com\/company\/full-solutions-equipment"]}]}},"_links":{"self":[{"href":"https:\/\/fullsolutions.info\/en\/wp-json\/wp\/v2\/product\/4248","targetHints":{"allow":["GET"]}}],"collection":[{"href":"https:\/\/fullsolutions.info\/en\/wp-json\/wp\/v2\/product"}],"about":[{"href":"https:\/\/fullsolutions.info\/en\/wp-json\/wp\/v2\/types\/product"}],"replies":[{"embeddable":true,"href":"https:\/\/fullsolutions.info\/en\/wp-json\/wp\/v2\/comments?post=4248"}],"wp:featuredmedia":[{"embeddable":true,"href":"https:\/\/fullsolutions.info\/en\/wp-json\/wp\/v2\/media\/4249"}],"wp:attachment":[{"href":"https:\/\/fullsolutions.info\/en\/wp-json\/wp\/v2\/media?parent=4248"}],"wp:term":[{"taxonomy":"product_brand","embeddable":true,"href":"https:\/\/fullsolutions.info\/en\/wp-json\/wp\/v2\/product_brand?post=4248"},{"taxonomy":"product_cat","embeddable":true,"href":"https:\/\/fullsolutions.info\/en\/wp-json\/wp\/v2\/product_cat?post=4248"},{"taxonomy":"product_tag","embeddable":true,"href":"https:\/\/fullsolutions.info\/en\/wp-json\/wp\/v2\/product_tag?post=4248"},{"taxonomy":"marca","embeddable":true,"href":"https:\/\/fullsolutions.info\/en\/wp-json\/wp\/v2\/marca?post=4248"}],"curies":[{"name":"wp","href":"https:\/\/api.w.org\/{rel}","templated":true}]}}