{"id":4247,"date":"2024-02-02T15:04:44","date_gmt":"2024-02-02T15:04:44","guid":{"rendered":"https:\/\/fullsolutionsequip.com\/?post_type=product&#038;p=4247"},"modified":"2024-02-19T16:13:25","modified_gmt":"2024-02-19T16:13:25","slug":"medidor-de-fluxo-vortex-8600-utility","status":"publish","type":"product","link":"https:\/\/fullsolutions.info\/en\/product\/medidor-de-fluxo-vortex-8600-utility\/","title":{"rendered":"Medidor de Fluxo Vortex 8600 Utility\u2122"},"content":{"rendered":"<p>Cumprindo uma base de tecnologia de medi\u00e7\u00e3o, os Medidores de Fluxo Vortex Rosemount oferecem uma ampla gama de op\u00e7\u00f5es para se adequar a uma variedade de processos e aplica\u00e7\u00f5es de utilidade.<\/p>\n<p>O Medidor de Fluxo Vortex Rosemount 8600 Utility\u2122 melhora a confiabilidade e reduz os custos de instala\u00e7\u00e3o, minimizando pontos potenciais de vazamento e eliminando a necessidade de linhas de impulso.<\/p>\n<p>Redu\u00e7\u00e3o dos custos de instala\u00e7\u00e3o.<\/p>\n<p>Facilidade de instala\u00e7\u00e3o.<\/p>\n<p>Maior confiabilidade.<\/p>\n<p>Excelente faixa de ajuste.<\/p>\n<p>Aplica\u00e7\u00f5es<\/p>\n<p>Os Medidores de Fluxo Rosemount 8600 Utility s\u00e3o adequados para aplica\u00e7\u00f5es com l\u00edquidos, gases e vapor. O alto desempenho dos Medidores de Fluxo Rosemount 8600 atende \u00e0s necessidades de aplica\u00e7\u00f5es de fluxo de utilidade, proporcionando:<\/p>\n<p>Elimina\u00e7\u00e3o de obstru\u00e7\u00e3o e redu\u00e7\u00e3o de pontos potenciais de vazamento associados a linhas de impulso.<br \/>\nUtiliza\u00e7\u00e3o de um sensor balanceado em massa e Processamento de Sinal Digital Adaptativo para proporcionar imunidade a vibra\u00e7\u00f5es.<\/p>","protected":false},"excerpt":{"rendered":"<p>Cumprindo uma base de tecnologia de medi\u00e7\u00e3o, os Medidores de Fluxo Vortex Rosemount oferecem uma ampla gama de op\u00e7\u00f5es para se adequar a uma variedade de processos e aplica\u00e7\u00f5es de utilidade. O Medidor de Fluxo Vortex Rosemount 8600 Utility\u2122 melhora a confiabilidade e reduz os custos de instala\u00e7\u00e3o, minimizando pontos potenciais de vazamento e eliminando a necessidade de linhas de impulso. Redu\u00e7\u00e3o dos custos de instala\u00e7\u00e3o. Facilidade de instala\u00e7\u00e3o. Maior confiabilidade. Excelente faixa de ajuste. Aplica\u00e7\u00f5es Os Medidores de Fluxo Rosemount 8600 Utility s\u00e3o adequados para aplica\u00e7\u00f5es com l\u00edquidos, gases e vapor. O alto desempenho dos Medidores de Fluxo Rosemount 8600 atende \u00e0s necessidades de aplica\u00e7\u00f5es de fluxo de utilidade, proporcionando: Elimina\u00e7\u00e3o de obstru\u00e7\u00e3o e redu\u00e7\u00e3o de pontos potenciais de vazamento associados a linhas de impulso. Utiliza\u00e7\u00e3o de um sensor balanceado em massa e Processamento de Sinal Digital Adaptativo para proporcionar imunidade a vibra\u00e7\u00f5es.<\/p>","protected":false},"featured_media":4252,"comment_status":"open","ping_status":"closed","template":"","meta":{"_joinchat":[]},"product_brand":[],"product_cat":[146],"product_tag":[],"marca":[141],"class_list":{"0":"post-4247","1":"product","2":"type-product","3":"status-publish","4":"has-post-thumbnail","6":"product_cat-medidores-de-vazao-e-tubos-de-vazao","7":"marca-rosemount","9":"first","10":"instock","11":"shipping-taxable","12":"purchasable","13":"product-type-simple"},"yoast_head":"<!-- This site is optimized with the Yoast SEO plugin v27.2 - https:\/\/yoast.com\/product\/yoast-seo-wordpress\/ -->\n<title>Medidor de Fluxo Vortex 8600 Utility\u2122 - Full Solutions<\/title>\n<meta name=\"robots\" content=\"index, follow, max-snippet:-1, max-image-preview:large, max-video-preview:-1\" \/>\n<link rel=\"canonical\" href=\"https:\/\/fullsolutions.info\/en\/product\/medidor-de-fluxo-vortex-8600-utility\/\" \/>\n<meta property=\"og:locale\" content=\"en_US\" \/>\n<meta property=\"og:type\" content=\"article\" \/>\n<meta property=\"og:title\" content=\"Medidor de Fluxo Vortex 8600 Utility\u2122 - Full Solutions\" \/>\n<meta property=\"og:description\" content=\"Cumprindo uma base de tecnologia de medi\u00e7\u00e3o, os Medidores de Fluxo Vortex Rosemount oferecem uma ampla gama de op\u00e7\u00f5es para se adequar a uma variedade de processos e aplica\u00e7\u00f5es de utilidade. O Medidor de Fluxo Vortex Rosemount 8600 Utility\u2122 melhora a confiabilidade e reduz os custos de instala\u00e7\u00e3o, minimizando pontos potenciais de vazamento e eliminando a necessidade de linhas de impulso. Redu\u00e7\u00e3o dos custos de instala\u00e7\u00e3o. Facilidade de instala\u00e7\u00e3o. Maior confiabilidade. Excelente faixa de ajuste. Aplica\u00e7\u00f5es Os Medidores de Fluxo Rosemount 8600 Utility s\u00e3o adequados para aplica\u00e7\u00f5es com l\u00edquidos, gases e vapor. O alto desempenho dos Medidores de Fluxo Rosemount 8600 atende \u00e0s necessidades de aplica\u00e7\u00f5es de fluxo de utilidade, proporcionando: Elimina\u00e7\u00e3o de obstru\u00e7\u00e3o e redu\u00e7\u00e3o de pontos potenciais de vazamento associados a linhas de impulso. Utiliza\u00e7\u00e3o de um sensor balanceado em massa e Processamento de Sinal Digital Adaptativo para proporcionar imunidade a vibra\u00e7\u00f5es.\" \/>\n<meta property=\"og:url\" content=\"https:\/\/fullsolutions.info\/en\/product\/medidor-de-fluxo-vortex-8600-utility\/\" \/>\n<meta property=\"og:site_name\" content=\"Full Solutions\" \/>\n<meta property=\"article:modified_time\" content=\"2024-02-19T16:13:25+00:00\" \/>\n<meta property=\"og:image\" content=\"https:\/\/mlhff0prgoxu.i.optimole.com\/cb:s0sM.767\/w:auto\/h:auto\/q:mauto\/f:best\/https:\/\/fullsolutions.info\/wp-content\/uploads\/2024\/02\/download.jpg\" \/>\n\t<meta property=\"og:image:width\" content=\"500\" \/>\n\t<meta property=\"og:image:height\" content=\"256\" \/>\n\t<meta property=\"og:image:type\" content=\"image\/jpeg\" \/>\n<meta name=\"twitter:card\" content=\"summary_large_image\" \/>\n<meta name=\"twitter:label1\" content=\"Est. reading time\" \/>\n\t<meta name=\"twitter:data1\" content=\"1 minute\" \/>\n<script type=\"application\/ld+json\" class=\"yoast-schema-graph\">{\"@context\":\"https:\/\/schema.org\",\"@graph\":[{\"@type\":\"WebPage\",\"@id\":\"https:\/\/fullsolutions.info\/produto\/medidor-de-fluxo-vortex-8600-utility\/\",\"url\":\"https:\/\/fullsolutions.info\/produto\/medidor-de-fluxo-vortex-8600-utility\/\",\"name\":\"Medidor de Fluxo Vortex 8600 Utility\u2122 - Full Solutions\",\"isPartOf\":{\"@id\":\"https:\/\/fullsolutions.info\/#website\"},\"primaryImageOfPage\":{\"@id\":\"https:\/\/fullsolutions.info\/produto\/medidor-de-fluxo-vortex-8600-utility\/#primaryimage\"},\"image\":{\"@id\":\"https:\/\/fullsolutions.info\/produto\/medidor-de-fluxo-vortex-8600-utility\/#primaryimage\"},\"thumbnailUrl\":\"https:\/\/mlhff0prgoxu.i.optimole.com\/cb:s0sM.767\/w:auto\/h:auto\/q:mauto\/f:best\/https:\/\/fullsolutions.info\/wp-content\/uploads\/2024\/02\/download.jpg\",\"datePublished\":\"2024-02-02T15:04:44+00:00\",\"dateModified\":\"2024-02-19T16:13:25+00:00\",\"breadcrumb\":{\"@id\":\"https:\/\/fullsolutions.info\/produto\/medidor-de-fluxo-vortex-8600-utility\/#breadcrumb\"},\"inLanguage\":\"en-US\",\"potentialAction\":[{\"@type\":\"ReadAction\",\"target\":[\"https:\/\/fullsolutions.info\/produto\/medidor-de-fluxo-vortex-8600-utility\/\"]}]},{\"@type\":\"ImageObject\",\"inLanguage\":\"en-US\",\"@id\":\"https:\/\/fullsolutions.info\/produto\/medidor-de-fluxo-vortex-8600-utility\/#primaryimage\",\"url\":\"https:\/\/mlhff0prgoxu.i.optimole.com\/cb:s0sM.767\/w:auto\/h:auto\/q:mauto\/f:best\/https:\/\/fullsolutions.info\/wp-content\/uploads\/2024\/02\/download.jpg\",\"contentUrl\":\"https:\/\/mlhff0prgoxu.i.optimole.com\/cb:s0sM.767\/w:auto\/h:auto\/q:mauto\/f:best\/https:\/\/fullsolutions.info\/wp-content\/uploads\/2024\/02\/download.jpg\",\"width\":500,\"height\":256},{\"@type\":\"BreadcrumbList\",\"@id\":\"https:\/\/fullsolutions.info\/produto\/medidor-de-fluxo-vortex-8600-utility\/#breadcrumb\",\"itemListElement\":[{\"@type\":\"ListItem\",\"position\":1,\"name\":\"In\u00edcio\",\"item\":\"https:\/\/fullsolutions.info\/\"},{\"@type\":\"ListItem\",\"position\":2,\"name\":\"Produtos\",\"item\":\"https:\/\/fullsolutions.info\/shop\/\"},{\"@type\":\"ListItem\",\"position\":3,\"name\":\"Medidor de Fluxo Vortex 8600 Utility\u2122\"}]},{\"@type\":\"WebSite\",\"@id\":\"https:\/\/fullsolutions.info\/#website\",\"url\":\"https:\/\/fullsolutions.info\/\",\"name\":\"Full Solutions\",\"description\":\"Empresa na \u00c1rea de Procurement\",\"publisher\":{\"@id\":\"https:\/\/fullsolutions.info\/#organization\"},\"potentialAction\":[{\"@type\":\"SearchAction\",\"target\":{\"@type\":\"EntryPoint\",\"urlTemplate\":\"https:\/\/fullsolutions.info\/?s={search_term_string}\"},\"query-input\":{\"@type\":\"PropertyValueSpecification\",\"valueRequired\":true,\"valueName\":\"search_term_string\"}}],\"inLanguage\":\"en-US\"},{\"@type\":\"Organization\",\"@id\":\"https:\/\/fullsolutions.info\/#organization\",\"name\":\"Full Solutions\",\"url\":\"https:\/\/fullsolutions.info\/\",\"logo\":{\"@type\":\"ImageObject\",\"inLanguage\":\"en-US\",\"@id\":\"https:\/\/fullsolutions.info\/#\/schema\/logo\/image\/\",\"url\":\"https:\/\/mlhff0prgoxu.i.optimole.com\/cb:s0sM.767\/w:auto\/h:auto\/q:mauto\/f:best\/https:\/\/fullsolutions.info\/wp-content\/uploads\/2021\/07\/cropped-Design-sem-nome-300x193-1-e1627062664782.png\",\"contentUrl\":\"https:\/\/mlhff0prgoxu.i.optimole.com\/cb:s0sM.767\/w:auto\/h:auto\/q:mauto\/f:best\/https:\/\/fullsolutions.info\/wp-content\/uploads\/2021\/07\/cropped-Design-sem-nome-300x193-1-e1627062664782.png\",\"width\":202,\"height\":155,\"caption\":\"Full Solutions\"},\"image\":{\"@id\":\"https:\/\/fullsolutions.info\/#\/schema\/logo\/image\/\"},\"sameAs\":[\"https:\/\/www.linkedin.com\/company\/full-solutions-equipment\"]}]}<\/script>\n<!-- \/ Yoast SEO plugin. -->","yoast_head_json":{"title":"Medidor de Fluxo Vortex 8600 Utility\u2122 - Full Solutions","robots":{"index":"index","follow":"follow","max-snippet":"max-snippet:-1","max-image-preview":"max-image-preview:large","max-video-preview":"max-video-preview:-1"},"canonical":"https:\/\/fullsolutions.info\/en\/product\/medidor-de-fluxo-vortex-8600-utility\/","og_locale":"en_US","og_type":"article","og_title":"Medidor de Fluxo Vortex 8600 Utility\u2122 - Full Solutions","og_description":"Cumprindo uma base de tecnologia de medi\u00e7\u00e3o, os Medidores de Fluxo Vortex Rosemount oferecem uma ampla gama de op\u00e7\u00f5es para se adequar a uma variedade de processos e aplica\u00e7\u00f5es de utilidade. O Medidor de Fluxo Vortex Rosemount 8600 Utility\u2122 melhora a confiabilidade e reduz os custos de instala\u00e7\u00e3o, minimizando pontos potenciais de vazamento e eliminando a necessidade de linhas de impulso. Redu\u00e7\u00e3o dos custos de instala\u00e7\u00e3o. Facilidade de instala\u00e7\u00e3o. Maior confiabilidade. Excelente faixa de ajuste. Aplica\u00e7\u00f5es Os Medidores de Fluxo Rosemount 8600 Utility s\u00e3o adequados para aplica\u00e7\u00f5es com l\u00edquidos, gases e vapor. O alto desempenho dos Medidores de Fluxo Rosemount 8600 atende \u00e0s necessidades de aplica\u00e7\u00f5es de fluxo de utilidade, proporcionando: Elimina\u00e7\u00e3o de obstru\u00e7\u00e3o e redu\u00e7\u00e3o de pontos potenciais de vazamento associados a linhas de impulso. Utiliza\u00e7\u00e3o de um sensor balanceado em massa e Processamento de Sinal Digital Adaptativo para proporcionar imunidade a vibra\u00e7\u00f5es.","og_url":"https:\/\/fullsolutions.info\/en\/product\/medidor-de-fluxo-vortex-8600-utility\/","og_site_name":"Full Solutions","article_modified_time":"2024-02-19T16:13:25+00:00","og_image":[{"width":500,"height":256,"url":"https:\/\/mlhff0prgoxu.i.optimole.com\/cb:s0sM.767\/w:auto\/h:auto\/q:mauto\/f:best\/https:\/\/fullsolutions.info\/wp-content\/uploads\/2024\/02\/download.jpg","type":"image\/jpeg"}],"twitter_card":"summary_large_image","twitter_misc":{"Est. reading time":"1 minute"},"schema":{"@context":"https:\/\/schema.org","@graph":[{"@type":"WebPage","@id":"https:\/\/fullsolutions.info\/produto\/medidor-de-fluxo-vortex-8600-utility\/","url":"https:\/\/fullsolutions.info\/produto\/medidor-de-fluxo-vortex-8600-utility\/","name":"Medidor de Fluxo Vortex 8600 Utility\u2122 - Full Solutions","isPartOf":{"@id":"https:\/\/fullsolutions.info\/#website"},"primaryImageOfPage":{"@id":"https:\/\/fullsolutions.info\/produto\/medidor-de-fluxo-vortex-8600-utility\/#primaryimage"},"image":{"@id":"https:\/\/fullsolutions.info\/produto\/medidor-de-fluxo-vortex-8600-utility\/#primaryimage"},"thumbnailUrl":"https:\/\/mlhff0prgoxu.i.optimole.com\/cb:s0sM.767\/w:auto\/h:auto\/q:mauto\/f:best\/https:\/\/fullsolutions.info\/wp-content\/uploads\/2024\/02\/download.jpg","datePublished":"2024-02-02T15:04:44+00:00","dateModified":"2024-02-19T16:13:25+00:00","breadcrumb":{"@id":"https:\/\/fullsolutions.info\/produto\/medidor-de-fluxo-vortex-8600-utility\/#breadcrumb"},"inLanguage":"en-US","potentialAction":[{"@type":"ReadAction","target":["https:\/\/fullsolutions.info\/produto\/medidor-de-fluxo-vortex-8600-utility\/"]}]},{"@type":"ImageObject","inLanguage":"en-US","@id":"https:\/\/fullsolutions.info\/produto\/medidor-de-fluxo-vortex-8600-utility\/#primaryimage","url":"https:\/\/mlhff0prgoxu.i.optimole.com\/cb:s0sM.767\/w:auto\/h:auto\/q:mauto\/f:best\/https:\/\/fullsolutions.info\/wp-content\/uploads\/2024\/02\/download.jpg","contentUrl":"https:\/\/mlhff0prgoxu.i.optimole.com\/cb:s0sM.767\/w:auto\/h:auto\/q:mauto\/f:best\/https:\/\/fullsolutions.info\/wp-content\/uploads\/2024\/02\/download.jpg","width":500,"height":256},{"@type":"BreadcrumbList","@id":"https:\/\/fullsolutions.info\/produto\/medidor-de-fluxo-vortex-8600-utility\/#breadcrumb","itemListElement":[{"@type":"ListItem","position":1,"name":"In\u00edcio","item":"https:\/\/fullsolutions.info\/"},{"@type":"ListItem","position":2,"name":"Produtos","item":"https:\/\/fullsolutions.info\/shop\/"},{"@type":"ListItem","position":3,"name":"Medidor de Fluxo Vortex 8600 Utility\u2122"}]},{"@type":"WebSite","@id":"https:\/\/fullsolutions.info\/#website","url":"https:\/\/fullsolutions.info\/","name":"Full Solutions","description":"Empresa na \u00c1rea de Procurement","publisher":{"@id":"https:\/\/fullsolutions.info\/#organization"},"potentialAction":[{"@type":"SearchAction","target":{"@type":"EntryPoint","urlTemplate":"https:\/\/fullsolutions.info\/?s={search_term_string}"},"query-input":{"@type":"PropertyValueSpecification","valueRequired":true,"valueName":"search_term_string"}}],"inLanguage":"en-US"},{"@type":"Organization","@id":"https:\/\/fullsolutions.info\/#organization","name":"Full Solutions","url":"https:\/\/fullsolutions.info\/","logo":{"@type":"ImageObject","inLanguage":"en-US","@id":"https:\/\/fullsolutions.info\/#\/schema\/logo\/image\/","url":"https:\/\/mlhff0prgoxu.i.optimole.com\/cb:s0sM.767\/w:auto\/h:auto\/q:mauto\/f:best\/https:\/\/fullsolutions.info\/wp-content\/uploads\/2021\/07\/cropped-Design-sem-nome-300x193-1-e1627062664782.png","contentUrl":"https:\/\/mlhff0prgoxu.i.optimole.com\/cb:s0sM.767\/w:auto\/h:auto\/q:mauto\/f:best\/https:\/\/fullsolutions.info\/wp-content\/uploads\/2021\/07\/cropped-Design-sem-nome-300x193-1-e1627062664782.png","width":202,"height":155,"caption":"Full Solutions"},"image":{"@id":"https:\/\/fullsolutions.info\/#\/schema\/logo\/image\/"},"sameAs":["https:\/\/www.linkedin.com\/company\/full-solutions-equipment"]}]}},"_links":{"self":[{"href":"https:\/\/fullsolutions.info\/en\/wp-json\/wp\/v2\/product\/4247","targetHints":{"allow":["GET"]}}],"collection":[{"href":"https:\/\/fullsolutions.info\/en\/wp-json\/wp\/v2\/product"}],"about":[{"href":"https:\/\/fullsolutions.info\/en\/wp-json\/wp\/v2\/types\/product"}],"replies":[{"embeddable":true,"href":"https:\/\/fullsolutions.info\/en\/wp-json\/wp\/v2\/comments?post=4247"}],"wp:featuredmedia":[{"embeddable":true,"href":"https:\/\/fullsolutions.info\/en\/wp-json\/wp\/v2\/media\/4252"}],"wp:attachment":[{"href":"https:\/\/fullsolutions.info\/en\/wp-json\/wp\/v2\/media?parent=4247"}],"wp:term":[{"taxonomy":"product_brand","embeddable":true,"href":"https:\/\/fullsolutions.info\/en\/wp-json\/wp\/v2\/product_brand?post=4247"},{"taxonomy":"product_cat","embeddable":true,"href":"https:\/\/fullsolutions.info\/en\/wp-json\/wp\/v2\/product_cat?post=4247"},{"taxonomy":"product_tag","embeddable":true,"href":"https:\/\/fullsolutions.info\/en\/wp-json\/wp\/v2\/product_tag?post=4247"},{"taxonomy":"marca","embeddable":true,"href":"https:\/\/fullsolutions.info\/en\/wp-json\/wp\/v2\/marca?post=4247"}],"curies":[{"name":"wp","href":"https:\/\/api.w.org\/{rel}","templated":true}]}}