{"id":4244,"date":"2024-02-02T14:57:50","date_gmt":"2024-02-02T14:57:50","guid":{"rendered":"https:\/\/fullsolutionsequip.com\/?post_type=product&#038;p=4244"},"modified":"2024-02-19T16:13:25","modified_gmt":"2024-02-19T16:13:25","slug":"prosonic-s-fdu90-fdu91-fdu91f-fdu92-fdu93-fdu95-fdu96","status":"publish","type":"product","link":"https:\/\/fullsolutions.info\/en\/product\/prosonic-s-fdu90-fdu91-fdu91f-fdu92-fdu93-fdu95-fdu96\/","title":{"rendered":"Prosonic S FDU90\/FDU91\/FDU91F\/FDU92\/FDU93\/FDU95\/FDU96"},"content":{"rendered":"<p>Endress+Hauser Medidor de N\u00edvel Ultrass\u00f4nico &#8211; Prosonic S FDU90\/FDU91\/FDU91F\/FDU92\/FDU93\/FDU95\/FDU96<\/p>\n<p>Descri\u00e7\u00e3o do Produto<\/p>\n<p>Sensores ultrass\u00f4nicos para medi\u00e7\u00e3o cont\u00ednua de n\u00edvel e fluxo sem contato; para conex\u00e3o ao transmissor FMU90\/FMU95.<\/p>\n<p>Seus Benef\u00edcios<\/p>\n<p>M\u00e9todo de medi\u00e7\u00e3o sem contato; minimiza os requisitos de manuten\u00e7\u00e3o.<\/p>\n<p>Sensor PVDF hermeticamente soldado; oferece a mais alta resist\u00eancia qu\u00edmica.<\/p>\n<p>Sensor de temperatura integrado para corre\u00e7\u00e3o do tempo de voo. Medidas precisas s\u00e3o poss\u00edveis, mesmo na presen\u00e7a de mudan\u00e7as de temperatura.<\/p>\n<p>Detec\u00e7\u00e3o autom\u00e1tica de sensor integrada para transmissores FMU90\/FMU95; comissionamento simples.<\/p>\n<p>Pode ser instalado at\u00e9 300 m do transmissor.<\/p>\n<p>Adequado para condi\u00e7\u00f5es ambientais adversas devido \u00e0 instala\u00e7\u00e3o separada do transmissor.<\/p>\n<p>Forma\u00e7\u00e3o reduzida de dep\u00f3sitos devido ao efeito de autolimpeza.<\/p>\n<p>Aquecimento integrado contra forma\u00e7\u00e3o de gelo no sensor (opcional); garante medi\u00e7\u00f5es confi\u00e1veis.<\/p>\n<p>Resistente a condi\u00e7\u00f5es clim\u00e1ticas e \u00e0 prova de inunda\u00e7\u00e3o (IP68).<\/p>\n<p>Certificados Dust-Ex e Gas-Ex dispon\u00edveis (ATEX, FM, CSA, TIIS).<\/p>\n<p>Campo de Aplica\u00e7\u00e3o<\/p>\n<p>Medi\u00e7\u00e3o cont\u00ednua de n\u00edvel sem contato em fluidos, pastas, lamas e materiais granulares de pulverulentos a grosseiros.<\/p>\n<p>Medi\u00e7\u00e3o de fluxo em canais abertos e vertedores.<\/p>\n<p>Faixa M\u00e1xima de Medi\u00e7\u00e3o:<br \/>\n&#8211; 3 m (9,8 p\u00e9s) em fluidos<br \/>\n&#8211; 1,2 m (3,9 p\u00e9s) em materiais granulares<\/p>\n<p>Adequado para \u00e1reas com risco de explos\u00e3o.<\/p>\n<p>Para outras faixas de medi\u00e7\u00e3o:<\/p>\n<p>&#8211; FDU91\/FDU91F:<br \/>\n&#8211; 10 m em fluidos<br \/>\n&#8211; 5 m em materiais granulares<br \/>\n&#8211; FDU92:<br \/>\n&#8211; 20 m em fluidos<br \/>\n&#8211; 10 m em materiais granulares<br \/>\n&#8211; FDU93:<br \/>\n&#8211; 25 m em fluidos<br \/>\n&#8211; 15 m em materiais granulares<br \/>\n&#8211; FDU95:<br \/>\n&#8211; 45 m em materiais granulares<br \/>\n&#8211; FDU96:<br \/>\n&#8211; 70 m em materiais granulares<\/p>","protected":false},"excerpt":{"rendered":"<p>Endress+Hauser Medidor de N\u00edvel Ultrass\u00f4nico &#8211; Prosonic S FDU90\/FDU91\/FDU91F\/FDU92\/FDU93\/FDU95\/FDU96 Descri\u00e7\u00e3o do Produto Sensores ultrass\u00f4nicos para medi\u00e7\u00e3o cont\u00ednua de n\u00edvel e fluxo sem contato; para conex\u00e3o ao transmissor FMU90\/FMU95. Seus Benef\u00edcios M\u00e9todo de medi\u00e7\u00e3o sem contato; minimiza os requisitos de manuten\u00e7\u00e3o. Sensor PVDF hermeticamente soldado; oferece a mais alta resist\u00eancia qu\u00edmica. Sensor de temperatura integrado para corre\u00e7\u00e3o do tempo de voo. Medidas precisas s\u00e3o poss\u00edveis, mesmo na presen\u00e7a de mudan\u00e7as de temperatura. Detec\u00e7\u00e3o autom\u00e1tica de sensor integrada para transmissores FMU90\/FMU95; comissionamento simples. Pode ser instalado at\u00e9 300 m do transmissor. Adequado para condi\u00e7\u00f5es ambientais adversas devido \u00e0 instala\u00e7\u00e3o separada do transmissor. Forma\u00e7\u00e3o reduzida de dep\u00f3sitos devido ao efeito de autolimpeza. Aquecimento integrado contra forma\u00e7\u00e3o de gelo no sensor (opcional); garante medi\u00e7\u00f5es confi\u00e1veis. Resistente a condi\u00e7\u00f5es clim\u00e1ticas e \u00e0 prova de inunda\u00e7\u00e3o (IP68). Certificados Dust-Ex e Gas-Ex dispon\u00edveis (ATEX, FM, CSA, TIIS). Campo de Aplica\u00e7\u00e3o Medi\u00e7\u00e3o cont\u00ednua de n\u00edvel sem contato em fluidos, pastas, lamas e materiais granulares de pulverulentos a grosseiros. Medi\u00e7\u00e3o de fluxo em canais abertos e vertedores. Faixa M\u00e1xima de Medi\u00e7\u00e3o: &#8211; 3 m (9,8 p\u00e9s) em fluidos &#8211; 1,2 m (3,9 p\u00e9s) em materiais granulares Adequado para \u00e1reas com risco de explos\u00e3o. Para outras faixas de medi\u00e7\u00e3o: &#8211; FDU91\/FDU91F: &#8211; 10 m em fluidos &#8211; 5 m em materiais granulares &#8211; FDU92: &#8211; 20 m em fluidos &#8211; 10 m em materiais granulares &#8211; FDU93: &#8211; 25 m em fluidos &#8211; 15 m em materiais granulares &#8211; FDU95: &#8211; 45 m em materiais granulares &#8211; FDU96: &#8211; 70 m em materiais granulares<\/p>","protected":false},"featured_media":4246,"comment_status":"open","ping_status":"closed","template":"","meta":{"_joinchat":[]},"product_brand":[],"product_cat":[140],"product_tag":[],"marca":[147],"class_list":{"0":"post-4244","1":"product","2":"type-product","3":"status-publish","4":"has-post-thumbnail","6":"product_cat-transmissores","7":"marca-endresshauser","9":"first","10":"instock","11":"shipping-taxable","12":"purchasable","13":"product-type-simple"},"yoast_head":"<!-- This site is optimized with the Yoast SEO plugin v27.2 - https:\/\/yoast.com\/product\/yoast-seo-wordpress\/ -->\n<title>Prosonic S FDU90\/FDU91\/FDU91F\/FDU92\/FDU93\/FDU95\/FDU96 - Full Solutions<\/title>\n<meta name=\"robots\" content=\"index, follow, max-snippet:-1, max-image-preview:large, max-video-preview:-1\" \/>\n<link rel=\"canonical\" href=\"https:\/\/fullsolutions.info\/en\/product\/prosonic-s-fdu90-fdu91-fdu91f-fdu92-fdu93-fdu95-fdu96\/\" \/>\n<meta property=\"og:locale\" content=\"en_US\" \/>\n<meta property=\"og:type\" content=\"article\" \/>\n<meta property=\"og:title\" content=\"Prosonic S FDU90\/FDU91\/FDU91F\/FDU92\/FDU93\/FDU95\/FDU96 - Full Solutions\" \/>\n<meta property=\"og:description\" content=\"Endress+Hauser Medidor de N\u00edvel Ultrass\u00f4nico &#8211; Prosonic S FDU90\/FDU91\/FDU91F\/FDU92\/FDU93\/FDU95\/FDU96 Descri\u00e7\u00e3o do Produto Sensores ultrass\u00f4nicos para medi\u00e7\u00e3o cont\u00ednua de n\u00edvel e fluxo sem contato; para conex\u00e3o ao transmissor FMU90\/FMU95. Seus Benef\u00edcios M\u00e9todo de medi\u00e7\u00e3o sem contato; minimiza os requisitos de manuten\u00e7\u00e3o. Sensor PVDF hermeticamente soldado; oferece a mais alta resist\u00eancia qu\u00edmica. Sensor de temperatura integrado para corre\u00e7\u00e3o do tempo de voo. Medidas precisas s\u00e3o poss\u00edveis, mesmo na presen\u00e7a de mudan\u00e7as de temperatura. Detec\u00e7\u00e3o autom\u00e1tica de sensor integrada para transmissores FMU90\/FMU95; comissionamento simples. Pode ser instalado at\u00e9 300 m do transmissor. Adequado para condi\u00e7\u00f5es ambientais adversas devido \u00e0 instala\u00e7\u00e3o separada do transmissor. Forma\u00e7\u00e3o reduzida de dep\u00f3sitos devido ao efeito de autolimpeza. Aquecimento integrado contra forma\u00e7\u00e3o de gelo no sensor (opcional); garante medi\u00e7\u00f5es confi\u00e1veis. Resistente a condi\u00e7\u00f5es clim\u00e1ticas e \u00e0 prova de inunda\u00e7\u00e3o (IP68). Certificados Dust-Ex e Gas-Ex dispon\u00edveis (ATEX, FM, CSA, TIIS). Campo de Aplica\u00e7\u00e3o Medi\u00e7\u00e3o cont\u00ednua de n\u00edvel sem contato em fluidos, pastas, lamas e materiais granulares de pulverulentos a grosseiros. Medi\u00e7\u00e3o de fluxo em canais abertos e vertedores. Faixa M\u00e1xima de Medi\u00e7\u00e3o: &#8211; 3 m (9,8 p\u00e9s) em fluidos &#8211; 1,2 m (3,9 p\u00e9s) em materiais granulares Adequado para \u00e1reas com risco de explos\u00e3o. Para outras faixas de medi\u00e7\u00e3o: &#8211; FDU91\/FDU91F: &#8211; 10 m em fluidos &#8211; 5 m em materiais granulares &#8211; FDU92: &#8211; 20 m em fluidos &#8211; 10 m em materiais granulares &#8211; FDU93: &#8211; 25 m em fluidos &#8211; 15 m em materiais granulares &#8211; FDU95: &#8211; 45 m em materiais granulares &#8211; FDU96: &#8211; 70 m em materiais granulares\" \/>\n<meta property=\"og:url\" content=\"https:\/\/fullsolutions.info\/en\/product\/prosonic-s-fdu90-fdu91-fdu91f-fdu92-fdu93-fdu95-fdu96\/\" \/>\n<meta property=\"og:site_name\" content=\"Full Solutions\" \/>\n<meta property=\"article:modified_time\" content=\"2024-02-19T16:13:25+00:00\" \/>\n<meta property=\"og:image\" content=\"https:\/\/mlhff0prgoxu.i.optimole.com\/cb:s0sM.767\/w:auto\/h:auto\/q:mauto\/f:best\/https:\/\/fullsolutions.info\/wp-content\/uploads\/2024\/02\/Prosonic-S-FDU90-FDU91-FDU91F-FDU92-FDU93-FDU95-FDU96.jpeg\" \/>\n\t<meta property=\"og:image:width\" content=\"500\" \/>\n\t<meta property=\"og:image:height\" content=\"500\" \/>\n\t<meta property=\"og:image:type\" content=\"image\/jpeg\" \/>\n<meta name=\"twitter:card\" content=\"summary_large_image\" \/>\n<meta name=\"twitter:label1\" content=\"Est. reading time\" \/>\n\t<meta name=\"twitter:data1\" content=\"1 minute\" \/>\n<script type=\"application\/ld+json\" class=\"yoast-schema-graph\">{\"@context\":\"https:\/\/schema.org\",\"@graph\":[{\"@type\":\"WebPage\",\"@id\":\"https:\/\/fullsolutions.info\/produto\/prosonic-s-fdu90-fdu91-fdu91f-fdu92-fdu93-fdu95-fdu96\/\",\"url\":\"https:\/\/fullsolutions.info\/produto\/prosonic-s-fdu90-fdu91-fdu91f-fdu92-fdu93-fdu95-fdu96\/\",\"name\":\"Prosonic S FDU90\/FDU91\/FDU91F\/FDU92\/FDU93\/FDU95\/FDU96 - Full Solutions\",\"isPartOf\":{\"@id\":\"https:\/\/fullsolutions.info\/#website\"},\"primaryImageOfPage\":{\"@id\":\"https:\/\/fullsolutions.info\/produto\/prosonic-s-fdu90-fdu91-fdu91f-fdu92-fdu93-fdu95-fdu96\/#primaryimage\"},\"image\":{\"@id\":\"https:\/\/fullsolutions.info\/produto\/prosonic-s-fdu90-fdu91-fdu91f-fdu92-fdu93-fdu95-fdu96\/#primaryimage\"},\"thumbnailUrl\":\"https:\/\/mlhff0prgoxu.i.optimole.com\/cb:s0sM.767\/w:auto\/h:auto\/q:mauto\/f:best\/https:\/\/fullsolutions.info\/wp-content\/uploads\/2024\/02\/Prosonic-S-FDU90-FDU91-FDU91F-FDU92-FDU93-FDU95-FDU96.jpeg\",\"datePublished\":\"2024-02-02T14:57:50+00:00\",\"dateModified\":\"2024-02-19T16:13:25+00:00\",\"breadcrumb\":{\"@id\":\"https:\/\/fullsolutions.info\/produto\/prosonic-s-fdu90-fdu91-fdu91f-fdu92-fdu93-fdu95-fdu96\/#breadcrumb\"},\"inLanguage\":\"en-US\",\"potentialAction\":[{\"@type\":\"ReadAction\",\"target\":[\"https:\/\/fullsolutions.info\/produto\/prosonic-s-fdu90-fdu91-fdu91f-fdu92-fdu93-fdu95-fdu96\/\"]}]},{\"@type\":\"ImageObject\",\"inLanguage\":\"en-US\",\"@id\":\"https:\/\/fullsolutions.info\/produto\/prosonic-s-fdu90-fdu91-fdu91f-fdu92-fdu93-fdu95-fdu96\/#primaryimage\",\"url\":\"https:\/\/mlhff0prgoxu.i.optimole.com\/cb:s0sM.767\/w:auto\/h:auto\/q:mauto\/f:best\/https:\/\/fullsolutions.info\/wp-content\/uploads\/2024\/02\/Prosonic-S-FDU90-FDU91-FDU91F-FDU92-FDU93-FDU95-FDU96.jpeg\",\"contentUrl\":\"https:\/\/mlhff0prgoxu.i.optimole.com\/cb:s0sM.767\/w:auto\/h:auto\/q:mauto\/f:best\/https:\/\/fullsolutions.info\/wp-content\/uploads\/2024\/02\/Prosonic-S-FDU90-FDU91-FDU91F-FDU92-FDU93-FDU95-FDU96.jpeg\",\"width\":500,\"height\":500},{\"@type\":\"BreadcrumbList\",\"@id\":\"https:\/\/fullsolutions.info\/produto\/prosonic-s-fdu90-fdu91-fdu91f-fdu92-fdu93-fdu95-fdu96\/#breadcrumb\",\"itemListElement\":[{\"@type\":\"ListItem\",\"position\":1,\"name\":\"In\u00edcio\",\"item\":\"https:\/\/fullsolutions.info\/\"},{\"@type\":\"ListItem\",\"position\":2,\"name\":\"Produtos\",\"item\":\"https:\/\/fullsolutions.info\/shop\/\"},{\"@type\":\"ListItem\",\"position\":3,\"name\":\"Prosonic S FDU90\/FDU91\/FDU91F\/FDU92\/FDU93\/FDU95\/FDU96\"}]},{\"@type\":\"WebSite\",\"@id\":\"https:\/\/fullsolutions.info\/#website\",\"url\":\"https:\/\/fullsolutions.info\/\",\"name\":\"Full Solutions\",\"description\":\"Empresa na \u00c1rea de Procurement\",\"publisher\":{\"@id\":\"https:\/\/fullsolutions.info\/#organization\"},\"potentialAction\":[{\"@type\":\"SearchAction\",\"target\":{\"@type\":\"EntryPoint\",\"urlTemplate\":\"https:\/\/fullsolutions.info\/?s={search_term_string}\"},\"query-input\":{\"@type\":\"PropertyValueSpecification\",\"valueRequired\":true,\"valueName\":\"search_term_string\"}}],\"inLanguage\":\"en-US\"},{\"@type\":\"Organization\",\"@id\":\"https:\/\/fullsolutions.info\/#organization\",\"name\":\"Full Solutions\",\"url\":\"https:\/\/fullsolutions.info\/\",\"logo\":{\"@type\":\"ImageObject\",\"inLanguage\":\"en-US\",\"@id\":\"https:\/\/fullsolutions.info\/#\/schema\/logo\/image\/\",\"url\":\"https:\/\/mlhff0prgoxu.i.optimole.com\/cb:s0sM.767\/w:auto\/h:auto\/q:mauto\/f:best\/https:\/\/fullsolutions.info\/wp-content\/uploads\/2021\/07\/cropped-Design-sem-nome-300x193-1-e1627062664782.png\",\"contentUrl\":\"https:\/\/mlhff0prgoxu.i.optimole.com\/cb:s0sM.767\/w:auto\/h:auto\/q:mauto\/f:best\/https:\/\/fullsolutions.info\/wp-content\/uploads\/2021\/07\/cropped-Design-sem-nome-300x193-1-e1627062664782.png\",\"width\":202,\"height\":155,\"caption\":\"Full Solutions\"},\"image\":{\"@id\":\"https:\/\/fullsolutions.info\/#\/schema\/logo\/image\/\"},\"sameAs\":[\"https:\/\/www.linkedin.com\/company\/full-solutions-equipment\"]}]}<\/script>\n<!-- \/ Yoast SEO plugin. -->","yoast_head_json":{"title":"Prosonic S FDU90\/FDU91\/FDU91F\/FDU92\/FDU93\/FDU95\/FDU96 - Full Solutions","robots":{"index":"index","follow":"follow","max-snippet":"max-snippet:-1","max-image-preview":"max-image-preview:large","max-video-preview":"max-video-preview:-1"},"canonical":"https:\/\/fullsolutions.info\/en\/product\/prosonic-s-fdu90-fdu91-fdu91f-fdu92-fdu93-fdu95-fdu96\/","og_locale":"en_US","og_type":"article","og_title":"Prosonic S FDU90\/FDU91\/FDU91F\/FDU92\/FDU93\/FDU95\/FDU96 - Full Solutions","og_description":"Endress+Hauser Medidor de N\u00edvel Ultrass\u00f4nico &#8211; Prosonic S FDU90\/FDU91\/FDU91F\/FDU92\/FDU93\/FDU95\/FDU96 Descri\u00e7\u00e3o do Produto Sensores ultrass\u00f4nicos para medi\u00e7\u00e3o cont\u00ednua de n\u00edvel e fluxo sem contato; para conex\u00e3o ao transmissor FMU90\/FMU95. Seus Benef\u00edcios M\u00e9todo de medi\u00e7\u00e3o sem contato; minimiza os requisitos de manuten\u00e7\u00e3o. Sensor PVDF hermeticamente soldado; oferece a mais alta resist\u00eancia qu\u00edmica. Sensor de temperatura integrado para corre\u00e7\u00e3o do tempo de voo. Medidas precisas s\u00e3o poss\u00edveis, mesmo na presen\u00e7a de mudan\u00e7as de temperatura. Detec\u00e7\u00e3o autom\u00e1tica de sensor integrada para transmissores FMU90\/FMU95; comissionamento simples. Pode ser instalado at\u00e9 300 m do transmissor. Adequado para condi\u00e7\u00f5es ambientais adversas devido \u00e0 instala\u00e7\u00e3o separada do transmissor. Forma\u00e7\u00e3o reduzida de dep\u00f3sitos devido ao efeito de autolimpeza. Aquecimento integrado contra forma\u00e7\u00e3o de gelo no sensor (opcional); garante medi\u00e7\u00f5es confi\u00e1veis. Resistente a condi\u00e7\u00f5es clim\u00e1ticas e \u00e0 prova de inunda\u00e7\u00e3o (IP68). Certificados Dust-Ex e Gas-Ex dispon\u00edveis (ATEX, FM, CSA, TIIS). Campo de Aplica\u00e7\u00e3o Medi\u00e7\u00e3o cont\u00ednua de n\u00edvel sem contato em fluidos, pastas, lamas e materiais granulares de pulverulentos a grosseiros. Medi\u00e7\u00e3o de fluxo em canais abertos e vertedores. Faixa M\u00e1xima de Medi\u00e7\u00e3o: &#8211; 3 m (9,8 p\u00e9s) em fluidos &#8211; 1,2 m (3,9 p\u00e9s) em materiais granulares Adequado para \u00e1reas com risco de explos\u00e3o. Para outras faixas de medi\u00e7\u00e3o: &#8211; FDU91\/FDU91F: &#8211; 10 m em fluidos &#8211; 5 m em materiais granulares &#8211; FDU92: &#8211; 20 m em fluidos &#8211; 10 m em materiais granulares &#8211; FDU93: &#8211; 25 m em fluidos &#8211; 15 m em materiais granulares &#8211; FDU95: &#8211; 45 m em materiais granulares &#8211; FDU96: &#8211; 70 m em materiais granulares","og_url":"https:\/\/fullsolutions.info\/en\/product\/prosonic-s-fdu90-fdu91-fdu91f-fdu92-fdu93-fdu95-fdu96\/","og_site_name":"Full Solutions","article_modified_time":"2024-02-19T16:13:25+00:00","og_image":[{"width":500,"height":500,"url":"https:\/\/mlhff0prgoxu.i.optimole.com\/cb:s0sM.767\/w:auto\/h:auto\/q:mauto\/f:best\/https:\/\/fullsolutions.info\/wp-content\/uploads\/2024\/02\/Prosonic-S-FDU90-FDU91-FDU91F-FDU92-FDU93-FDU95-FDU96.jpeg","type":"image\/jpeg"}],"twitter_card":"summary_large_image","twitter_misc":{"Est. reading time":"1 minute"},"schema":{"@context":"https:\/\/schema.org","@graph":[{"@type":"WebPage","@id":"https:\/\/fullsolutions.info\/produto\/prosonic-s-fdu90-fdu91-fdu91f-fdu92-fdu93-fdu95-fdu96\/","url":"https:\/\/fullsolutions.info\/produto\/prosonic-s-fdu90-fdu91-fdu91f-fdu92-fdu93-fdu95-fdu96\/","name":"Prosonic S FDU90\/FDU91\/FDU91F\/FDU92\/FDU93\/FDU95\/FDU96 - Full Solutions","isPartOf":{"@id":"https:\/\/fullsolutions.info\/#website"},"primaryImageOfPage":{"@id":"https:\/\/fullsolutions.info\/produto\/prosonic-s-fdu90-fdu91-fdu91f-fdu92-fdu93-fdu95-fdu96\/#primaryimage"},"image":{"@id":"https:\/\/fullsolutions.info\/produto\/prosonic-s-fdu90-fdu91-fdu91f-fdu92-fdu93-fdu95-fdu96\/#primaryimage"},"thumbnailUrl":"https:\/\/mlhff0prgoxu.i.optimole.com\/cb:s0sM.767\/w:auto\/h:auto\/q:mauto\/f:best\/https:\/\/fullsolutions.info\/wp-content\/uploads\/2024\/02\/Prosonic-S-FDU90-FDU91-FDU91F-FDU92-FDU93-FDU95-FDU96.jpeg","datePublished":"2024-02-02T14:57:50+00:00","dateModified":"2024-02-19T16:13:25+00:00","breadcrumb":{"@id":"https:\/\/fullsolutions.info\/produto\/prosonic-s-fdu90-fdu91-fdu91f-fdu92-fdu93-fdu95-fdu96\/#breadcrumb"},"inLanguage":"en-US","potentialAction":[{"@type":"ReadAction","target":["https:\/\/fullsolutions.info\/produto\/prosonic-s-fdu90-fdu91-fdu91f-fdu92-fdu93-fdu95-fdu96\/"]}]},{"@type":"ImageObject","inLanguage":"en-US","@id":"https:\/\/fullsolutions.info\/produto\/prosonic-s-fdu90-fdu91-fdu91f-fdu92-fdu93-fdu95-fdu96\/#primaryimage","url":"https:\/\/mlhff0prgoxu.i.optimole.com\/cb:s0sM.767\/w:auto\/h:auto\/q:mauto\/f:best\/https:\/\/fullsolutions.info\/wp-content\/uploads\/2024\/02\/Prosonic-S-FDU90-FDU91-FDU91F-FDU92-FDU93-FDU95-FDU96.jpeg","contentUrl":"https:\/\/mlhff0prgoxu.i.optimole.com\/cb:s0sM.767\/w:auto\/h:auto\/q:mauto\/f:best\/https:\/\/fullsolutions.info\/wp-content\/uploads\/2024\/02\/Prosonic-S-FDU90-FDU91-FDU91F-FDU92-FDU93-FDU95-FDU96.jpeg","width":500,"height":500},{"@type":"BreadcrumbList","@id":"https:\/\/fullsolutions.info\/produto\/prosonic-s-fdu90-fdu91-fdu91f-fdu92-fdu93-fdu95-fdu96\/#breadcrumb","itemListElement":[{"@type":"ListItem","position":1,"name":"In\u00edcio","item":"https:\/\/fullsolutions.info\/"},{"@type":"ListItem","position":2,"name":"Produtos","item":"https:\/\/fullsolutions.info\/shop\/"},{"@type":"ListItem","position":3,"name":"Prosonic S FDU90\/FDU91\/FDU91F\/FDU92\/FDU93\/FDU95\/FDU96"}]},{"@type":"WebSite","@id":"https:\/\/fullsolutions.info\/#website","url":"https:\/\/fullsolutions.info\/","name":"Full Solutions","description":"Empresa na \u00c1rea de Procurement","publisher":{"@id":"https:\/\/fullsolutions.info\/#organization"},"potentialAction":[{"@type":"SearchAction","target":{"@type":"EntryPoint","urlTemplate":"https:\/\/fullsolutions.info\/?s={search_term_string}"},"query-input":{"@type":"PropertyValueSpecification","valueRequired":true,"valueName":"search_term_string"}}],"inLanguage":"en-US"},{"@type":"Organization","@id":"https:\/\/fullsolutions.info\/#organization","name":"Full Solutions","url":"https:\/\/fullsolutions.info\/","logo":{"@type":"ImageObject","inLanguage":"en-US","@id":"https:\/\/fullsolutions.info\/#\/schema\/logo\/image\/","url":"https:\/\/mlhff0prgoxu.i.optimole.com\/cb:s0sM.767\/w:auto\/h:auto\/q:mauto\/f:best\/https:\/\/fullsolutions.info\/wp-content\/uploads\/2021\/07\/cropped-Design-sem-nome-300x193-1-e1627062664782.png","contentUrl":"https:\/\/mlhff0prgoxu.i.optimole.com\/cb:s0sM.767\/w:auto\/h:auto\/q:mauto\/f:best\/https:\/\/fullsolutions.info\/wp-content\/uploads\/2021\/07\/cropped-Design-sem-nome-300x193-1-e1627062664782.png","width":202,"height":155,"caption":"Full Solutions"},"image":{"@id":"https:\/\/fullsolutions.info\/#\/schema\/logo\/image\/"},"sameAs":["https:\/\/www.linkedin.com\/company\/full-solutions-equipment"]}]}},"_links":{"self":[{"href":"https:\/\/fullsolutions.info\/en\/wp-json\/wp\/v2\/product\/4244","targetHints":{"allow":["GET"]}}],"collection":[{"href":"https:\/\/fullsolutions.info\/en\/wp-json\/wp\/v2\/product"}],"about":[{"href":"https:\/\/fullsolutions.info\/en\/wp-json\/wp\/v2\/types\/product"}],"replies":[{"embeddable":true,"href":"https:\/\/fullsolutions.info\/en\/wp-json\/wp\/v2\/comments?post=4244"}],"wp:featuredmedia":[{"embeddable":true,"href":"https:\/\/fullsolutions.info\/en\/wp-json\/wp\/v2\/media\/4246"}],"wp:attachment":[{"href":"https:\/\/fullsolutions.info\/en\/wp-json\/wp\/v2\/media?parent=4244"}],"wp:term":[{"taxonomy":"product_brand","embeddable":true,"href":"https:\/\/fullsolutions.info\/en\/wp-json\/wp\/v2\/product_brand?post=4244"},{"taxonomy":"product_cat","embeddable":true,"href":"https:\/\/fullsolutions.info\/en\/wp-json\/wp\/v2\/product_cat?post=4244"},{"taxonomy":"product_tag","embeddable":true,"href":"https:\/\/fullsolutions.info\/en\/wp-json\/wp\/v2\/product_tag?post=4244"},{"taxonomy":"marca","embeddable":true,"href":"https:\/\/fullsolutions.info\/en\/wp-json\/wp\/v2\/marca?post=4244"}],"curies":[{"name":"wp","href":"https:\/\/api.w.org\/{rel}","templated":true}]}}