{"id":4242,"date":"2024-02-02T14:55:46","date_gmt":"2024-02-02T14:55:46","guid":{"rendered":"https:\/\/fullsolutionsequip.com\/?post_type=product&#038;p=4242"},"modified":"2024-02-19T16:13:25","modified_gmt":"2024-02-19T16:13:25","slug":"prosonic-m-fmu40-41-42-43-44","status":"publish","type":"product","link":"https:\/\/fullsolutions.info\/en\/product\/prosonic-m-fmu40-41-42-43-44\/","title":{"rendered":"Prosonic M FMU40\/41\/42\/43\/44"},"content":{"rendered":"<p>Endress+Hauser Medidor de N\u00edvel Ultrass\u00f4nico &#8211; Prosonic M FMU40 FMU41 FMU42 FMU43 FMU44<\/p>\n<p>Descri\u00e7\u00e3o do Produto<\/p>\n<p>Transmissor compacto para medi\u00e7\u00e3o de n\u00edvel sem contato de fluidos, pastas e materiais granulares grosseiros.<\/p>\n<p>Seus Benef\u00edcios<\/p>\n<p>Comissionamento r\u00e1pido e simples atrav\u00e9s de opera\u00e7\u00e3o no local com menu guiado por display de quatro linhas; 7 idiomas selecion\u00e1veis.<br \/>\nCurvas de envelope no display local para diagn\u00f3stico simples.<br \/>\nOpera\u00e7\u00e3o remota f\u00e1cil, diagn\u00f3stico e documenta\u00e7\u00e3o do ponto de medi\u00e7\u00e3o com o programa operacional FieldCare fornecido.<br \/>\nAdequado para \u00e1reas com risco de explos\u00e3o (Gas-Ex, Dust-Ex).<br \/>\nFun\u00e7\u00e3o de lineariza\u00e7\u00e3o (at\u00e9 32 pontos) para convers\u00e3o do valor medido em qualquer unidade de comprimento, volume ou taxa de fluxo.<br \/>\nM\u00e9todo de medi\u00e7\u00e3o sem contato minimiza os requisitos de manuten\u00e7\u00e3o.<br \/>\nDisplay e opera\u00e7\u00e3o remotos opcionais (at\u00e9 20 m (66 p\u00e9s) do transmissor).<br \/>\nSensor de temperatura integrado para corre\u00e7\u00e3o autom\u00e1tica da velocidade do som dependente da temperatura.<\/p>\n<p>Campo de Aplica\u00e7\u00e3o<\/p>\n<p>Medi\u00e7\u00e3o cont\u00ednua de n\u00edvel sem contato em fluidos, pastas, \u00e1guas residuais e materiais granulares grosseiros.<br \/>\nMedi\u00e7\u00e3o de fluxo em canais abertos e vertedores.<\/p>\n<p>Integra\u00e7\u00e3o no sistema via:<br \/>\nHART (padr\u00e3o), 4 &#8230; 20 mA<br \/>\nPROFIBUS PA<br \/>\nFOUNDATION Fieldbus<\/p>\n<p>Faixa M\u00e1xima de Medi\u00e7\u00e3o<\/p>\n<p>&#8211; 5 m em fluidos<br \/>\n&#8211; 2 m em materiais granulares<\/p>\n<p>Para outras faixas de medi\u00e7\u00e3o:<\/p>\n<p>&#8211; FMU41:<br \/>\n&#8211; 8 m em fluidos<br \/>\n&#8211; 3,5 m em materiais granulares<br \/>\n&#8211; FMU42:<br \/>\n&#8211; 10 m em fluidos<br \/>\n&#8211; 5 m em materiais granulares<br \/>\n&#8211; FMU43:<br \/>\n&#8211; 15 m em fluidos<br \/>\n&#8211; 7 m em materiais granulares<br \/>\n&#8211; FMU44:<br \/>\n&#8211; 20 m em fluidos<br \/>\n&#8211; 10 m em materiais granulares<\/p>","protected":false},"excerpt":{"rendered":"<p>Endress+Hauser Medidor de N\u00edvel Ultrass\u00f4nico &#8211; Prosonic M FMU40 FMU41 FMU42 FMU43 FMU44 Descri\u00e7\u00e3o do Produto Transmissor compacto para medi\u00e7\u00e3o de n\u00edvel sem contato de fluidos, pastas e materiais granulares grosseiros. Seus Benef\u00edcios Comissionamento r\u00e1pido e simples atrav\u00e9s de opera\u00e7\u00e3o no local com menu guiado por display de quatro linhas; 7 idiomas selecion\u00e1veis. Curvas de envelope no display local para diagn\u00f3stico simples. Opera\u00e7\u00e3o remota f\u00e1cil, diagn\u00f3stico e documenta\u00e7\u00e3o do ponto de medi\u00e7\u00e3o com o programa operacional FieldCare fornecido. Adequado para \u00e1reas com risco de explos\u00e3o (Gas-Ex, Dust-Ex). Fun\u00e7\u00e3o de lineariza\u00e7\u00e3o (at\u00e9 32 pontos) para convers\u00e3o do valor medido em qualquer unidade de comprimento, volume ou taxa de fluxo. M\u00e9todo de medi\u00e7\u00e3o sem contato minimiza os requisitos de manuten\u00e7\u00e3o. Display e opera\u00e7\u00e3o remotos opcionais (at\u00e9 20 m (66 p\u00e9s) do transmissor). Sensor de temperatura integrado para corre\u00e7\u00e3o autom\u00e1tica da velocidade do som dependente da temperatura. Campo de Aplica\u00e7\u00e3o Medi\u00e7\u00e3o cont\u00ednua de n\u00edvel sem contato em fluidos, pastas, \u00e1guas residuais e materiais granulares grosseiros. Medi\u00e7\u00e3o de fluxo em canais abertos e vertedores. Integra\u00e7\u00e3o no sistema via: HART (padr\u00e3o), 4 &#8230; 20 mA PROFIBUS PA FOUNDATION Fieldbus Faixa M\u00e1xima de Medi\u00e7\u00e3o &#8211; 5 m em fluidos &#8211; 2 m em materiais granulares Para outras faixas de medi\u00e7\u00e3o: &#8211; FMU41: &#8211; 8 m em fluidos &#8211; 3,5 m em materiais granulares &#8211; FMU42: &#8211; 10 m em fluidos &#8211; 5 m em materiais granulares &#8211; FMU43: &#8211; 15 m em fluidos &#8211; 7 m em materiais granulares &#8211; FMU44: &#8211; 20 m em fluidos &#8211; 10 m em materiais granulares<\/p>","protected":false},"featured_media":4243,"comment_status":"open","ping_status":"closed","template":"","meta":{"_joinchat":[]},"product_brand":[],"product_cat":[140],"product_tag":[],"marca":[147],"class_list":{"0":"post-4242","1":"product","2":"type-product","3":"status-publish","4":"has-post-thumbnail","6":"product_cat-transmissores","7":"marca-endresshauser","9":"first","10":"instock","11":"shipping-taxable","12":"purchasable","13":"product-type-simple"},"yoast_head":"<!-- This site is optimized with the Yoast SEO plugin v27.2 - https:\/\/yoast.com\/product\/yoast-seo-wordpress\/ -->\n<title>Prosonic M FMU40\/41\/42\/43\/44 - Full Solutions<\/title>\n<meta name=\"robots\" content=\"index, follow, max-snippet:-1, max-image-preview:large, max-video-preview:-1\" \/>\n<link rel=\"canonical\" href=\"https:\/\/fullsolutions.info\/en\/product\/prosonic-m-fmu40-41-42-43-44\/\" \/>\n<meta property=\"og:locale\" content=\"en_US\" \/>\n<meta property=\"og:type\" content=\"article\" \/>\n<meta property=\"og:title\" content=\"Prosonic M FMU40\/41\/42\/43\/44 - Full Solutions\" \/>\n<meta property=\"og:description\" content=\"Endress+Hauser Medidor de N\u00edvel Ultrass\u00f4nico &#8211; Prosonic M FMU40 FMU41 FMU42 FMU43 FMU44 Descri\u00e7\u00e3o do Produto Transmissor compacto para medi\u00e7\u00e3o de n\u00edvel sem contato de fluidos, pastas e materiais granulares grosseiros. Seus Benef\u00edcios Comissionamento r\u00e1pido e simples atrav\u00e9s de opera\u00e7\u00e3o no local com menu guiado por display de quatro linhas; 7 idiomas selecion\u00e1veis. Curvas de envelope no display local para diagn\u00f3stico simples. Opera\u00e7\u00e3o remota f\u00e1cil, diagn\u00f3stico e documenta\u00e7\u00e3o do ponto de medi\u00e7\u00e3o com o programa operacional FieldCare fornecido. Adequado para \u00e1reas com risco de explos\u00e3o (Gas-Ex, Dust-Ex). Fun\u00e7\u00e3o de lineariza\u00e7\u00e3o (at\u00e9 32 pontos) para convers\u00e3o do valor medido em qualquer unidade de comprimento, volume ou taxa de fluxo. M\u00e9todo de medi\u00e7\u00e3o sem contato minimiza os requisitos de manuten\u00e7\u00e3o. Display e opera\u00e7\u00e3o remotos opcionais (at\u00e9 20 m (66 p\u00e9s) do transmissor). Sensor de temperatura integrado para corre\u00e7\u00e3o autom\u00e1tica da velocidade do som dependente da temperatura. Campo de Aplica\u00e7\u00e3o Medi\u00e7\u00e3o cont\u00ednua de n\u00edvel sem contato em fluidos, pastas, \u00e1guas residuais e materiais granulares grosseiros. Medi\u00e7\u00e3o de fluxo em canais abertos e vertedores. Integra\u00e7\u00e3o no sistema via: HART (padr\u00e3o), 4 &#8230; 20 mA PROFIBUS PA FOUNDATION Fieldbus Faixa M\u00e1xima de Medi\u00e7\u00e3o &#8211; 5 m em fluidos &#8211; 2 m em materiais granulares Para outras faixas de medi\u00e7\u00e3o: &#8211; FMU41: &#8211; 8 m em fluidos &#8211; 3,5 m em materiais granulares &#8211; FMU42: &#8211; 10 m em fluidos &#8211; 5 m em materiais granulares &#8211; FMU43: &#8211; 15 m em fluidos &#8211; 7 m em materiais granulares &#8211; FMU44: &#8211; 20 m em fluidos &#8211; 10 m em materiais granulares\" \/>\n<meta property=\"og:url\" content=\"https:\/\/fullsolutions.info\/en\/product\/prosonic-m-fmu40-41-42-43-44\/\" \/>\n<meta property=\"og:site_name\" content=\"Full Solutions\" \/>\n<meta property=\"article:modified_time\" content=\"2024-02-19T16:13:25+00:00\" \/>\n<meta property=\"og:image\" content=\"https:\/\/mlhff0prgoxu.i.optimole.com\/cb:s0sM.767\/w:auto\/h:auto\/q:mauto\/f:best\/https:\/\/fullsolutions.info\/wp-content\/uploads\/2024\/02\/Prosonic-M-FMU40-41-42-43-44.jpeg\" \/>\n\t<meta property=\"og:image:width\" content=\"500\" \/>\n\t<meta property=\"og:image:height\" content=\"500\" \/>\n\t<meta property=\"og:image:type\" content=\"image\/jpeg\" \/>\n<meta name=\"twitter:card\" content=\"summary_large_image\" \/>\n<meta name=\"twitter:label1\" content=\"Est. reading time\" \/>\n\t<meta name=\"twitter:data1\" content=\"1 minute\" \/>\n<script type=\"application\/ld+json\" class=\"yoast-schema-graph\">{\"@context\":\"https:\/\/schema.org\",\"@graph\":[{\"@type\":\"WebPage\",\"@id\":\"https:\/\/fullsolutions.info\/produto\/prosonic-m-fmu40-41-42-43-44\/\",\"url\":\"https:\/\/fullsolutions.info\/produto\/prosonic-m-fmu40-41-42-43-44\/\",\"name\":\"Prosonic M FMU40\/41\/42\/43\/44 - Full Solutions\",\"isPartOf\":{\"@id\":\"https:\/\/fullsolutions.info\/#website\"},\"primaryImageOfPage\":{\"@id\":\"https:\/\/fullsolutions.info\/produto\/prosonic-m-fmu40-41-42-43-44\/#primaryimage\"},\"image\":{\"@id\":\"https:\/\/fullsolutions.info\/produto\/prosonic-m-fmu40-41-42-43-44\/#primaryimage\"},\"thumbnailUrl\":\"https:\/\/mlhff0prgoxu.i.optimole.com\/cb:s0sM.767\/w:auto\/h:auto\/q:mauto\/f:best\/https:\/\/fullsolutions.info\/wp-content\/uploads\/2024\/02\/Prosonic-M-FMU40-41-42-43-44.jpeg\",\"datePublished\":\"2024-02-02T14:55:46+00:00\",\"dateModified\":\"2024-02-19T16:13:25+00:00\",\"breadcrumb\":{\"@id\":\"https:\/\/fullsolutions.info\/produto\/prosonic-m-fmu40-41-42-43-44\/#breadcrumb\"},\"inLanguage\":\"en-US\",\"potentialAction\":[{\"@type\":\"ReadAction\",\"target\":[\"https:\/\/fullsolutions.info\/produto\/prosonic-m-fmu40-41-42-43-44\/\"]}]},{\"@type\":\"ImageObject\",\"inLanguage\":\"en-US\",\"@id\":\"https:\/\/fullsolutions.info\/produto\/prosonic-m-fmu40-41-42-43-44\/#primaryimage\",\"url\":\"https:\/\/mlhff0prgoxu.i.optimole.com\/cb:s0sM.767\/w:auto\/h:auto\/q:mauto\/f:best\/https:\/\/fullsolutions.info\/wp-content\/uploads\/2024\/02\/Prosonic-M-FMU40-41-42-43-44.jpeg\",\"contentUrl\":\"https:\/\/mlhff0prgoxu.i.optimole.com\/cb:s0sM.767\/w:auto\/h:auto\/q:mauto\/f:best\/https:\/\/fullsolutions.info\/wp-content\/uploads\/2024\/02\/Prosonic-M-FMU40-41-42-43-44.jpeg\",\"width\":500,\"height\":500},{\"@type\":\"BreadcrumbList\",\"@id\":\"https:\/\/fullsolutions.info\/produto\/prosonic-m-fmu40-41-42-43-44\/#breadcrumb\",\"itemListElement\":[{\"@type\":\"ListItem\",\"position\":1,\"name\":\"In\u00edcio\",\"item\":\"https:\/\/fullsolutions.info\/\"},{\"@type\":\"ListItem\",\"position\":2,\"name\":\"Produtos\",\"item\":\"https:\/\/fullsolutions.info\/shop\/\"},{\"@type\":\"ListItem\",\"position\":3,\"name\":\"Prosonic M FMU40\/41\/42\/43\/44\"}]},{\"@type\":\"WebSite\",\"@id\":\"https:\/\/fullsolutions.info\/#website\",\"url\":\"https:\/\/fullsolutions.info\/\",\"name\":\"Full Solutions\",\"description\":\"Empresa na \u00c1rea de Procurement\",\"publisher\":{\"@id\":\"https:\/\/fullsolutions.info\/#organization\"},\"potentialAction\":[{\"@type\":\"SearchAction\",\"target\":{\"@type\":\"EntryPoint\",\"urlTemplate\":\"https:\/\/fullsolutions.info\/?s={search_term_string}\"},\"query-input\":{\"@type\":\"PropertyValueSpecification\",\"valueRequired\":true,\"valueName\":\"search_term_string\"}}],\"inLanguage\":\"en-US\"},{\"@type\":\"Organization\",\"@id\":\"https:\/\/fullsolutions.info\/#organization\",\"name\":\"Full Solutions\",\"url\":\"https:\/\/fullsolutions.info\/\",\"logo\":{\"@type\":\"ImageObject\",\"inLanguage\":\"en-US\",\"@id\":\"https:\/\/fullsolutions.info\/#\/schema\/logo\/image\/\",\"url\":\"https:\/\/mlhff0prgoxu.i.optimole.com\/cb:s0sM.767\/w:auto\/h:auto\/q:mauto\/f:best\/https:\/\/fullsolutions.info\/wp-content\/uploads\/2021\/07\/cropped-Design-sem-nome-300x193-1-e1627062664782.png\",\"contentUrl\":\"https:\/\/mlhff0prgoxu.i.optimole.com\/cb:s0sM.767\/w:auto\/h:auto\/q:mauto\/f:best\/https:\/\/fullsolutions.info\/wp-content\/uploads\/2021\/07\/cropped-Design-sem-nome-300x193-1-e1627062664782.png\",\"width\":202,\"height\":155,\"caption\":\"Full Solutions\"},\"image\":{\"@id\":\"https:\/\/fullsolutions.info\/#\/schema\/logo\/image\/\"},\"sameAs\":[\"https:\/\/www.linkedin.com\/company\/full-solutions-equipment\"]}]}<\/script>\n<!-- \/ Yoast SEO plugin. -->","yoast_head_json":{"title":"Prosonic M FMU40\/41\/42\/43\/44 - Full Solutions","robots":{"index":"index","follow":"follow","max-snippet":"max-snippet:-1","max-image-preview":"max-image-preview:large","max-video-preview":"max-video-preview:-1"},"canonical":"https:\/\/fullsolutions.info\/en\/product\/prosonic-m-fmu40-41-42-43-44\/","og_locale":"en_US","og_type":"article","og_title":"Prosonic M FMU40\/41\/42\/43\/44 - Full Solutions","og_description":"Endress+Hauser Medidor de N\u00edvel Ultrass\u00f4nico &#8211; Prosonic M FMU40 FMU41 FMU42 FMU43 FMU44 Descri\u00e7\u00e3o do Produto Transmissor compacto para medi\u00e7\u00e3o de n\u00edvel sem contato de fluidos, pastas e materiais granulares grosseiros. Seus Benef\u00edcios Comissionamento r\u00e1pido e simples atrav\u00e9s de opera\u00e7\u00e3o no local com menu guiado por display de quatro linhas; 7 idiomas selecion\u00e1veis. Curvas de envelope no display local para diagn\u00f3stico simples. Opera\u00e7\u00e3o remota f\u00e1cil, diagn\u00f3stico e documenta\u00e7\u00e3o do ponto de medi\u00e7\u00e3o com o programa operacional FieldCare fornecido. Adequado para \u00e1reas com risco de explos\u00e3o (Gas-Ex, Dust-Ex). Fun\u00e7\u00e3o de lineariza\u00e7\u00e3o (at\u00e9 32 pontos) para convers\u00e3o do valor medido em qualquer unidade de comprimento, volume ou taxa de fluxo. M\u00e9todo de medi\u00e7\u00e3o sem contato minimiza os requisitos de manuten\u00e7\u00e3o. Display e opera\u00e7\u00e3o remotos opcionais (at\u00e9 20 m (66 p\u00e9s) do transmissor). Sensor de temperatura integrado para corre\u00e7\u00e3o autom\u00e1tica da velocidade do som dependente da temperatura. Campo de Aplica\u00e7\u00e3o Medi\u00e7\u00e3o cont\u00ednua de n\u00edvel sem contato em fluidos, pastas, \u00e1guas residuais e materiais granulares grosseiros. Medi\u00e7\u00e3o de fluxo em canais abertos e vertedores. Integra\u00e7\u00e3o no sistema via: HART (padr\u00e3o), 4 &#8230; 20 mA PROFIBUS PA FOUNDATION Fieldbus Faixa M\u00e1xima de Medi\u00e7\u00e3o &#8211; 5 m em fluidos &#8211; 2 m em materiais granulares Para outras faixas de medi\u00e7\u00e3o: &#8211; FMU41: &#8211; 8 m em fluidos &#8211; 3,5 m em materiais granulares &#8211; FMU42: &#8211; 10 m em fluidos &#8211; 5 m em materiais granulares &#8211; FMU43: &#8211; 15 m em fluidos &#8211; 7 m em materiais granulares &#8211; FMU44: &#8211; 20 m em fluidos &#8211; 10 m em materiais granulares","og_url":"https:\/\/fullsolutions.info\/en\/product\/prosonic-m-fmu40-41-42-43-44\/","og_site_name":"Full Solutions","article_modified_time":"2024-02-19T16:13:25+00:00","og_image":[{"width":500,"height":500,"url":"https:\/\/mlhff0prgoxu.i.optimole.com\/cb:s0sM.767\/w:auto\/h:auto\/q:mauto\/f:best\/https:\/\/fullsolutions.info\/wp-content\/uploads\/2024\/02\/Prosonic-M-FMU40-41-42-43-44.jpeg","type":"image\/jpeg"}],"twitter_card":"summary_large_image","twitter_misc":{"Est. reading time":"1 minute"},"schema":{"@context":"https:\/\/schema.org","@graph":[{"@type":"WebPage","@id":"https:\/\/fullsolutions.info\/produto\/prosonic-m-fmu40-41-42-43-44\/","url":"https:\/\/fullsolutions.info\/produto\/prosonic-m-fmu40-41-42-43-44\/","name":"Prosonic M FMU40\/41\/42\/43\/44 - Full Solutions","isPartOf":{"@id":"https:\/\/fullsolutions.info\/#website"},"primaryImageOfPage":{"@id":"https:\/\/fullsolutions.info\/produto\/prosonic-m-fmu40-41-42-43-44\/#primaryimage"},"image":{"@id":"https:\/\/fullsolutions.info\/produto\/prosonic-m-fmu40-41-42-43-44\/#primaryimage"},"thumbnailUrl":"https:\/\/mlhff0prgoxu.i.optimole.com\/cb:s0sM.767\/w:auto\/h:auto\/q:mauto\/f:best\/https:\/\/fullsolutions.info\/wp-content\/uploads\/2024\/02\/Prosonic-M-FMU40-41-42-43-44.jpeg","datePublished":"2024-02-02T14:55:46+00:00","dateModified":"2024-02-19T16:13:25+00:00","breadcrumb":{"@id":"https:\/\/fullsolutions.info\/produto\/prosonic-m-fmu40-41-42-43-44\/#breadcrumb"},"inLanguage":"en-US","potentialAction":[{"@type":"ReadAction","target":["https:\/\/fullsolutions.info\/produto\/prosonic-m-fmu40-41-42-43-44\/"]}]},{"@type":"ImageObject","inLanguage":"en-US","@id":"https:\/\/fullsolutions.info\/produto\/prosonic-m-fmu40-41-42-43-44\/#primaryimage","url":"https:\/\/mlhff0prgoxu.i.optimole.com\/cb:s0sM.767\/w:auto\/h:auto\/q:mauto\/f:best\/https:\/\/fullsolutions.info\/wp-content\/uploads\/2024\/02\/Prosonic-M-FMU40-41-42-43-44.jpeg","contentUrl":"https:\/\/mlhff0prgoxu.i.optimole.com\/cb:s0sM.767\/w:auto\/h:auto\/q:mauto\/f:best\/https:\/\/fullsolutions.info\/wp-content\/uploads\/2024\/02\/Prosonic-M-FMU40-41-42-43-44.jpeg","width":500,"height":500},{"@type":"BreadcrumbList","@id":"https:\/\/fullsolutions.info\/produto\/prosonic-m-fmu40-41-42-43-44\/#breadcrumb","itemListElement":[{"@type":"ListItem","position":1,"name":"In\u00edcio","item":"https:\/\/fullsolutions.info\/"},{"@type":"ListItem","position":2,"name":"Produtos","item":"https:\/\/fullsolutions.info\/shop\/"},{"@type":"ListItem","position":3,"name":"Prosonic M FMU40\/41\/42\/43\/44"}]},{"@type":"WebSite","@id":"https:\/\/fullsolutions.info\/#website","url":"https:\/\/fullsolutions.info\/","name":"Full Solutions","description":"Empresa na \u00c1rea de Procurement","publisher":{"@id":"https:\/\/fullsolutions.info\/#organization"},"potentialAction":[{"@type":"SearchAction","target":{"@type":"EntryPoint","urlTemplate":"https:\/\/fullsolutions.info\/?s={search_term_string}"},"query-input":{"@type":"PropertyValueSpecification","valueRequired":true,"valueName":"search_term_string"}}],"inLanguage":"en-US"},{"@type":"Organization","@id":"https:\/\/fullsolutions.info\/#organization","name":"Full Solutions","url":"https:\/\/fullsolutions.info\/","logo":{"@type":"ImageObject","inLanguage":"en-US","@id":"https:\/\/fullsolutions.info\/#\/schema\/logo\/image\/","url":"https:\/\/mlhff0prgoxu.i.optimole.com\/cb:s0sM.767\/w:auto\/h:auto\/q:mauto\/f:best\/https:\/\/fullsolutions.info\/wp-content\/uploads\/2021\/07\/cropped-Design-sem-nome-300x193-1-e1627062664782.png","contentUrl":"https:\/\/mlhff0prgoxu.i.optimole.com\/cb:s0sM.767\/w:auto\/h:auto\/q:mauto\/f:best\/https:\/\/fullsolutions.info\/wp-content\/uploads\/2021\/07\/cropped-Design-sem-nome-300x193-1-e1627062664782.png","width":202,"height":155,"caption":"Full Solutions"},"image":{"@id":"https:\/\/fullsolutions.info\/#\/schema\/logo\/image\/"},"sameAs":["https:\/\/www.linkedin.com\/company\/full-solutions-equipment"]}]}},"_links":{"self":[{"href":"https:\/\/fullsolutions.info\/en\/wp-json\/wp\/v2\/product\/4242","targetHints":{"allow":["GET"]}}],"collection":[{"href":"https:\/\/fullsolutions.info\/en\/wp-json\/wp\/v2\/product"}],"about":[{"href":"https:\/\/fullsolutions.info\/en\/wp-json\/wp\/v2\/types\/product"}],"replies":[{"embeddable":true,"href":"https:\/\/fullsolutions.info\/en\/wp-json\/wp\/v2\/comments?post=4242"}],"wp:featuredmedia":[{"embeddable":true,"href":"https:\/\/fullsolutions.info\/en\/wp-json\/wp\/v2\/media\/4243"}],"wp:attachment":[{"href":"https:\/\/fullsolutions.info\/en\/wp-json\/wp\/v2\/media?parent=4242"}],"wp:term":[{"taxonomy":"product_brand","embeddable":true,"href":"https:\/\/fullsolutions.info\/en\/wp-json\/wp\/v2\/product_brand?post=4242"},{"taxonomy":"product_cat","embeddable":true,"href":"https:\/\/fullsolutions.info\/en\/wp-json\/wp\/v2\/product_cat?post=4242"},{"taxonomy":"product_tag","embeddable":true,"href":"https:\/\/fullsolutions.info\/en\/wp-json\/wp\/v2\/product_tag?post=4242"},{"taxonomy":"marca","embeddable":true,"href":"https:\/\/fullsolutions.info\/en\/wp-json\/wp\/v2\/marca?post=4242"}],"curies":[{"name":"wp","href":"https:\/\/api.w.org\/{rel}","templated":true}]}}