{"id":4240,"date":"2024-02-02T14:53:42","date_gmt":"2024-02-02T14:53:42","guid":{"rendered":"https:\/\/fullsolutionsequip.com\/?post_type=product&#038;p=4240"},"modified":"2024-02-19T16:13:25","modified_gmt":"2024-02-19T16:13:25","slug":"cerabar-t-pmp135","status":"publish","type":"product","link":"https:\/\/fullsolutions.info\/en\/product\/cerabar-t-pmp135\/","title":{"rendered":"Cerabar T PMP135"},"content":{"rendered":"<p>Endress + Hauser Cerabar T PMP135<\/p>\n<p>Descri\u00e7\u00e3o do produto<\/p>\n<p>Transdutor de press\u00e3o com sensor met\u00e1lico.<\/p>\n<p>Medi\u00e7\u00e3o de press\u00e3o absoluta e press\u00e3o relativa para aplica\u00e7\u00f5es higi\u00eanicas; Extremamente est\u00e1vel, resistente a sobrecargas e confi\u00e1vel.<\/p>\n<p>&nbsp;<\/p>\n<p>Seus benef\u00edcios<\/p>\n<p>Este compacto transdutor de press\u00e3o impressiona com sua constru\u00e7\u00e3o bem projetada:<\/p>\n<p>&#8211; Muito boa reprodutibilidade e estabilidade de longo prazo.<br \/>\n&#8211; Utilizado para monitoramento de press\u00e3o at\u00e9 SIL 2 conforme IEC 61508\/IEC 61511-1.<br \/>\n&#8211; Opcional com certificado de inspe\u00e7\u00e3o 3.1.B.<br \/>\n&#8211; Sensor piezorresistivo com diafragma de isolamento de processo met\u00e1lico para aplica\u00e7\u00f5es higi\u00eanicas.<\/p>\n<p>Campo de aplica\u00e7\u00e3o<\/p>\n<p>O Cerabar T \u00e9 um transdutor de press\u00e3o para medir<\/p>\n<p>press\u00e3o absoluta e press\u00e3o relativa em gases, vapores, l\u00edquidos e poeiras.<\/p>","protected":false},"excerpt":{"rendered":"<p>Endress + Hauser Cerabar T PMP135 Descri\u00e7\u00e3o do produto Transdutor de press\u00e3o com sensor met\u00e1lico. Medi\u00e7\u00e3o de press\u00e3o absoluta e press\u00e3o relativa para aplica\u00e7\u00f5es higi\u00eanicas; Extremamente est\u00e1vel, resistente a sobrecargas e confi\u00e1vel. &nbsp; Seus benef\u00edcios Este compacto transdutor de press\u00e3o impressiona com sua constru\u00e7\u00e3o bem projetada: &#8211; Muito boa reprodutibilidade e estabilidade de longo prazo. &#8211; Utilizado para monitoramento de press\u00e3o at\u00e9 SIL 2 conforme IEC 61508\/IEC 61511-1. &#8211; Opcional com certificado de inspe\u00e7\u00e3o 3.1.B. &#8211; Sensor piezorresistivo com diafragma de isolamento de processo met\u00e1lico para aplica\u00e7\u00f5es higi\u00eanicas. Campo de aplica\u00e7\u00e3o O Cerabar T \u00e9 um transdutor de press\u00e3o para medir press\u00e3o absoluta e press\u00e3o relativa em gases, vapores, l\u00edquidos e poeiras.<\/p>","protected":false},"featured_media":4241,"comment_status":"open","ping_status":"closed","template":"","meta":{"_joinchat":[]},"product_brand":[],"product_cat":[140],"product_tag":[],"marca":[147],"class_list":{"0":"post-4240","1":"product","2":"type-product","3":"status-publish","4":"has-post-thumbnail","6":"product_cat-transmissores","7":"marca-endresshauser","9":"first","10":"instock","11":"shipping-taxable","12":"purchasable","13":"product-type-simple"},"yoast_head":"<!-- This site is optimized with the Yoast SEO plugin v27.2 - https:\/\/yoast.com\/product\/yoast-seo-wordpress\/ -->\n<title>Cerabar T PMP135 - Full Solutions<\/title>\n<meta name=\"robots\" content=\"index, follow, max-snippet:-1, max-image-preview:large, max-video-preview:-1\" \/>\n<link rel=\"canonical\" href=\"https:\/\/fullsolutions.info\/en\/product\/cerabar-t-pmp135\/\" \/>\n<meta property=\"og:locale\" content=\"en_US\" \/>\n<meta property=\"og:type\" content=\"article\" \/>\n<meta property=\"og:title\" content=\"Cerabar T PMP135 - Full Solutions\" \/>\n<meta property=\"og:description\" content=\"Endress + Hauser Cerabar T PMP135 Descri\u00e7\u00e3o do produto Transdutor de press\u00e3o com sensor met\u00e1lico. Medi\u00e7\u00e3o de press\u00e3o absoluta e press\u00e3o relativa para aplica\u00e7\u00f5es higi\u00eanicas; Extremamente est\u00e1vel, resistente a sobrecargas e confi\u00e1vel. &nbsp; Seus benef\u00edcios Este compacto transdutor de press\u00e3o impressiona com sua constru\u00e7\u00e3o bem projetada: &#8211; Muito boa reprodutibilidade e estabilidade de longo prazo. &#8211; Utilizado para monitoramento de press\u00e3o at\u00e9 SIL 2 conforme IEC 61508\/IEC 61511-1. &#8211; Opcional com certificado de inspe\u00e7\u00e3o 3.1.B. &#8211; Sensor piezorresistivo com diafragma de isolamento de processo met\u00e1lico para aplica\u00e7\u00f5es higi\u00eanicas. Campo de aplica\u00e7\u00e3o O Cerabar T \u00e9 um transdutor de press\u00e3o para medir press\u00e3o absoluta e press\u00e3o relativa em gases, vapores, l\u00edquidos e poeiras.\" \/>\n<meta property=\"og:url\" content=\"https:\/\/fullsolutions.info\/en\/product\/cerabar-t-pmp135\/\" \/>\n<meta property=\"og:site_name\" content=\"Full Solutions\" \/>\n<meta property=\"article:modified_time\" content=\"2024-02-19T16:13:25+00:00\" \/>\n<meta property=\"og:image\" content=\"https:\/\/mlhff0prgoxu.i.optimole.com\/cb:s0sM.767\/w:auto\/h:auto\/q:mauto\/f:best\/https:\/\/fullsolutions.info\/wp-content\/uploads\/2024\/02\/Cerabar-T-PMP135.jpeg\" \/>\n\t<meta property=\"og:image:width\" content=\"500\" \/>\n\t<meta property=\"og:image:height\" content=\"500\" \/>\n\t<meta property=\"og:image:type\" content=\"image\/jpeg\" \/>\n<meta name=\"twitter:card\" content=\"summary_large_image\" \/>\n<meta name=\"twitter:label1\" content=\"Est. reading time\" \/>\n\t<meta name=\"twitter:data1\" content=\"1 minute\" \/>\n<script type=\"application\/ld+json\" class=\"yoast-schema-graph\">{\"@context\":\"https:\/\/schema.org\",\"@graph\":[{\"@type\":\"WebPage\",\"@id\":\"https:\/\/fullsolutions.info\/produto\/cerabar-t-pmp135\/\",\"url\":\"https:\/\/fullsolutions.info\/produto\/cerabar-t-pmp135\/\",\"name\":\"Cerabar T PMP135 - Full Solutions\",\"isPartOf\":{\"@id\":\"https:\/\/fullsolutions.info\/#website\"},\"primaryImageOfPage\":{\"@id\":\"https:\/\/fullsolutions.info\/produto\/cerabar-t-pmp135\/#primaryimage\"},\"image\":{\"@id\":\"https:\/\/fullsolutions.info\/produto\/cerabar-t-pmp135\/#primaryimage\"},\"thumbnailUrl\":\"https:\/\/mlhff0prgoxu.i.optimole.com\/cb:s0sM.767\/w:auto\/h:auto\/q:mauto\/f:best\/https:\/\/fullsolutions.info\/wp-content\/uploads\/2024\/02\/Cerabar-T-PMP135.jpeg\",\"datePublished\":\"2024-02-02T14:53:42+00:00\",\"dateModified\":\"2024-02-19T16:13:25+00:00\",\"breadcrumb\":{\"@id\":\"https:\/\/fullsolutions.info\/produto\/cerabar-t-pmp135\/#breadcrumb\"},\"inLanguage\":\"en-US\",\"potentialAction\":[{\"@type\":\"ReadAction\",\"target\":[\"https:\/\/fullsolutions.info\/produto\/cerabar-t-pmp135\/\"]}]},{\"@type\":\"ImageObject\",\"inLanguage\":\"en-US\",\"@id\":\"https:\/\/fullsolutions.info\/produto\/cerabar-t-pmp135\/#primaryimage\",\"url\":\"https:\/\/mlhff0prgoxu.i.optimole.com\/cb:s0sM.767\/w:auto\/h:auto\/q:mauto\/f:best\/https:\/\/fullsolutions.info\/wp-content\/uploads\/2024\/02\/Cerabar-T-PMP135.jpeg\",\"contentUrl\":\"https:\/\/mlhff0prgoxu.i.optimole.com\/cb:s0sM.767\/w:auto\/h:auto\/q:mauto\/f:best\/https:\/\/fullsolutions.info\/wp-content\/uploads\/2024\/02\/Cerabar-T-PMP135.jpeg\",\"width\":500,\"height\":500},{\"@type\":\"BreadcrumbList\",\"@id\":\"https:\/\/fullsolutions.info\/produto\/cerabar-t-pmp135\/#breadcrumb\",\"itemListElement\":[{\"@type\":\"ListItem\",\"position\":1,\"name\":\"In\u00edcio\",\"item\":\"https:\/\/fullsolutions.info\/\"},{\"@type\":\"ListItem\",\"position\":2,\"name\":\"Produtos\",\"item\":\"https:\/\/fullsolutions.info\/shop\/\"},{\"@type\":\"ListItem\",\"position\":3,\"name\":\"Cerabar T PMP135\"}]},{\"@type\":\"WebSite\",\"@id\":\"https:\/\/fullsolutions.info\/#website\",\"url\":\"https:\/\/fullsolutions.info\/\",\"name\":\"Full Solutions\",\"description\":\"Empresa na \u00c1rea de Procurement\",\"publisher\":{\"@id\":\"https:\/\/fullsolutions.info\/#organization\"},\"potentialAction\":[{\"@type\":\"SearchAction\",\"target\":{\"@type\":\"EntryPoint\",\"urlTemplate\":\"https:\/\/fullsolutions.info\/?s={search_term_string}\"},\"query-input\":{\"@type\":\"PropertyValueSpecification\",\"valueRequired\":true,\"valueName\":\"search_term_string\"}}],\"inLanguage\":\"en-US\"},{\"@type\":\"Organization\",\"@id\":\"https:\/\/fullsolutions.info\/#organization\",\"name\":\"Full Solutions\",\"url\":\"https:\/\/fullsolutions.info\/\",\"logo\":{\"@type\":\"ImageObject\",\"inLanguage\":\"en-US\",\"@id\":\"https:\/\/fullsolutions.info\/#\/schema\/logo\/image\/\",\"url\":\"https:\/\/mlhff0prgoxu.i.optimole.com\/cb:s0sM.767\/w:auto\/h:auto\/q:mauto\/f:best\/https:\/\/fullsolutions.info\/wp-content\/uploads\/2021\/07\/cropped-Design-sem-nome-300x193-1-e1627062664782.png\",\"contentUrl\":\"https:\/\/mlhff0prgoxu.i.optimole.com\/cb:s0sM.767\/w:auto\/h:auto\/q:mauto\/f:best\/https:\/\/fullsolutions.info\/wp-content\/uploads\/2021\/07\/cropped-Design-sem-nome-300x193-1-e1627062664782.png\",\"width\":202,\"height\":155,\"caption\":\"Full Solutions\"},\"image\":{\"@id\":\"https:\/\/fullsolutions.info\/#\/schema\/logo\/image\/\"},\"sameAs\":[\"https:\/\/www.linkedin.com\/company\/full-solutions-equipment\"]}]}<\/script>\n<!-- \/ Yoast SEO plugin. -->","yoast_head_json":{"title":"Cerabar T PMP135 - Full Solutions","robots":{"index":"index","follow":"follow","max-snippet":"max-snippet:-1","max-image-preview":"max-image-preview:large","max-video-preview":"max-video-preview:-1"},"canonical":"https:\/\/fullsolutions.info\/en\/product\/cerabar-t-pmp135\/","og_locale":"en_US","og_type":"article","og_title":"Cerabar T PMP135 - Full Solutions","og_description":"Endress + Hauser Cerabar T PMP135 Descri\u00e7\u00e3o do produto Transdutor de press\u00e3o com sensor met\u00e1lico. Medi\u00e7\u00e3o de press\u00e3o absoluta e press\u00e3o relativa para aplica\u00e7\u00f5es higi\u00eanicas; Extremamente est\u00e1vel, resistente a sobrecargas e confi\u00e1vel. &nbsp; Seus benef\u00edcios Este compacto transdutor de press\u00e3o impressiona com sua constru\u00e7\u00e3o bem projetada: &#8211; Muito boa reprodutibilidade e estabilidade de longo prazo. &#8211; Utilizado para monitoramento de press\u00e3o at\u00e9 SIL 2 conforme IEC 61508\/IEC 61511-1. &#8211; Opcional com certificado de inspe\u00e7\u00e3o 3.1.B. &#8211; Sensor piezorresistivo com diafragma de isolamento de processo met\u00e1lico para aplica\u00e7\u00f5es higi\u00eanicas. Campo de aplica\u00e7\u00e3o O Cerabar T \u00e9 um transdutor de press\u00e3o para medir press\u00e3o absoluta e press\u00e3o relativa em gases, vapores, l\u00edquidos e poeiras.","og_url":"https:\/\/fullsolutions.info\/en\/product\/cerabar-t-pmp135\/","og_site_name":"Full Solutions","article_modified_time":"2024-02-19T16:13:25+00:00","og_image":[{"width":500,"height":500,"url":"https:\/\/mlhff0prgoxu.i.optimole.com\/cb:s0sM.767\/w:auto\/h:auto\/q:mauto\/f:best\/https:\/\/fullsolutions.info\/wp-content\/uploads\/2024\/02\/Cerabar-T-PMP135.jpeg","type":"image\/jpeg"}],"twitter_card":"summary_large_image","twitter_misc":{"Est. reading time":"1 minute"},"schema":{"@context":"https:\/\/schema.org","@graph":[{"@type":"WebPage","@id":"https:\/\/fullsolutions.info\/produto\/cerabar-t-pmp135\/","url":"https:\/\/fullsolutions.info\/produto\/cerabar-t-pmp135\/","name":"Cerabar T PMP135 - Full Solutions","isPartOf":{"@id":"https:\/\/fullsolutions.info\/#website"},"primaryImageOfPage":{"@id":"https:\/\/fullsolutions.info\/produto\/cerabar-t-pmp135\/#primaryimage"},"image":{"@id":"https:\/\/fullsolutions.info\/produto\/cerabar-t-pmp135\/#primaryimage"},"thumbnailUrl":"https:\/\/mlhff0prgoxu.i.optimole.com\/cb:s0sM.767\/w:auto\/h:auto\/q:mauto\/f:best\/https:\/\/fullsolutions.info\/wp-content\/uploads\/2024\/02\/Cerabar-T-PMP135.jpeg","datePublished":"2024-02-02T14:53:42+00:00","dateModified":"2024-02-19T16:13:25+00:00","breadcrumb":{"@id":"https:\/\/fullsolutions.info\/produto\/cerabar-t-pmp135\/#breadcrumb"},"inLanguage":"en-US","potentialAction":[{"@type":"ReadAction","target":["https:\/\/fullsolutions.info\/produto\/cerabar-t-pmp135\/"]}]},{"@type":"ImageObject","inLanguage":"en-US","@id":"https:\/\/fullsolutions.info\/produto\/cerabar-t-pmp135\/#primaryimage","url":"https:\/\/mlhff0prgoxu.i.optimole.com\/cb:s0sM.767\/w:auto\/h:auto\/q:mauto\/f:best\/https:\/\/fullsolutions.info\/wp-content\/uploads\/2024\/02\/Cerabar-T-PMP135.jpeg","contentUrl":"https:\/\/mlhff0prgoxu.i.optimole.com\/cb:s0sM.767\/w:auto\/h:auto\/q:mauto\/f:best\/https:\/\/fullsolutions.info\/wp-content\/uploads\/2024\/02\/Cerabar-T-PMP135.jpeg","width":500,"height":500},{"@type":"BreadcrumbList","@id":"https:\/\/fullsolutions.info\/produto\/cerabar-t-pmp135\/#breadcrumb","itemListElement":[{"@type":"ListItem","position":1,"name":"In\u00edcio","item":"https:\/\/fullsolutions.info\/"},{"@type":"ListItem","position":2,"name":"Produtos","item":"https:\/\/fullsolutions.info\/shop\/"},{"@type":"ListItem","position":3,"name":"Cerabar T PMP135"}]},{"@type":"WebSite","@id":"https:\/\/fullsolutions.info\/#website","url":"https:\/\/fullsolutions.info\/","name":"Full Solutions","description":"Empresa na \u00c1rea de Procurement","publisher":{"@id":"https:\/\/fullsolutions.info\/#organization"},"potentialAction":[{"@type":"SearchAction","target":{"@type":"EntryPoint","urlTemplate":"https:\/\/fullsolutions.info\/?s={search_term_string}"},"query-input":{"@type":"PropertyValueSpecification","valueRequired":true,"valueName":"search_term_string"}}],"inLanguage":"en-US"},{"@type":"Organization","@id":"https:\/\/fullsolutions.info\/#organization","name":"Full Solutions","url":"https:\/\/fullsolutions.info\/","logo":{"@type":"ImageObject","inLanguage":"en-US","@id":"https:\/\/fullsolutions.info\/#\/schema\/logo\/image\/","url":"https:\/\/mlhff0prgoxu.i.optimole.com\/cb:s0sM.767\/w:auto\/h:auto\/q:mauto\/f:best\/https:\/\/fullsolutions.info\/wp-content\/uploads\/2021\/07\/cropped-Design-sem-nome-300x193-1-e1627062664782.png","contentUrl":"https:\/\/mlhff0prgoxu.i.optimole.com\/cb:s0sM.767\/w:auto\/h:auto\/q:mauto\/f:best\/https:\/\/fullsolutions.info\/wp-content\/uploads\/2021\/07\/cropped-Design-sem-nome-300x193-1-e1627062664782.png","width":202,"height":155,"caption":"Full Solutions"},"image":{"@id":"https:\/\/fullsolutions.info\/#\/schema\/logo\/image\/"},"sameAs":["https:\/\/www.linkedin.com\/company\/full-solutions-equipment"]}]}},"_links":{"self":[{"href":"https:\/\/fullsolutions.info\/en\/wp-json\/wp\/v2\/product\/4240","targetHints":{"allow":["GET"]}}],"collection":[{"href":"https:\/\/fullsolutions.info\/en\/wp-json\/wp\/v2\/product"}],"about":[{"href":"https:\/\/fullsolutions.info\/en\/wp-json\/wp\/v2\/types\/product"}],"replies":[{"embeddable":true,"href":"https:\/\/fullsolutions.info\/en\/wp-json\/wp\/v2\/comments?post=4240"}],"wp:featuredmedia":[{"embeddable":true,"href":"https:\/\/fullsolutions.info\/en\/wp-json\/wp\/v2\/media\/4241"}],"wp:attachment":[{"href":"https:\/\/fullsolutions.info\/en\/wp-json\/wp\/v2\/media?parent=4240"}],"wp:term":[{"taxonomy":"product_brand","embeddable":true,"href":"https:\/\/fullsolutions.info\/en\/wp-json\/wp\/v2\/product_brand?post=4240"},{"taxonomy":"product_cat","embeddable":true,"href":"https:\/\/fullsolutions.info\/en\/wp-json\/wp\/v2\/product_cat?post=4240"},{"taxonomy":"product_tag","embeddable":true,"href":"https:\/\/fullsolutions.info\/en\/wp-json\/wp\/v2\/product_tag?post=4240"},{"taxonomy":"marca","embeddable":true,"href":"https:\/\/fullsolutions.info\/en\/wp-json\/wp\/v2\/marca?post=4240"}],"curies":[{"name":"wp","href":"https:\/\/api.w.org\/{rel}","templated":true}]}}